{"id":61399,"date":"2026-03-27T12:13:25","date_gmt":"2026-03-27T10:13:25","guid":{"rendered":"https:\/\/circutor.com\/?page_id=61399"},"modified":"2026-03-27T12:33:21","modified_gmt":"2026-03-27T10:33:21","slug":"eu-data-act","status":"publish","type":"page","link":"https:\/\/circutor.com\/pt-pt\/empresa\/compromisso\/eu-data-act\/","title":{"rendered":"EU Data Act"},"content":{"rendered":"<p>[vc_row full_width=&#8221;stretch_row&#8221; content_placement=&#8221;top&#8221; css=&#8221;.vc_custom_1774447300617{background-image: url(https:\/\/circutor.com\/wp-content\/uploads\/2026\/03\/eu-data-act-2.jpg?id=61112) !important;background-position: center !important;background-repeat: no-repeat !important;background-size: cover !important;}&#8221; el_class=&#8221;banner_pagina_texto&#8221;][vc_column][vc_row_inner el_class=&#8221;breadcrumb&#8221;][vc_column_inner]<div itemscope itemtype=\"https:\/\/schema.org\/BreadcrumbList\" id=\"breadcrumb\"><div itemprop=\"itemListElement\" itemscope itemtype=\"https:\/\/schema.org\/ListItem\"><a itemprop=\"item\" href=\"https:\/\/circutor.com\/pt-pt\/\"><span itemprop=\"name\">Home<\/span><\/a><meta itemprop=\"position\" content=\"1\" \/><\/div><div itemprop=\"itemListElement\" itemscope itemtype=\"https:\/\/schema.org\/ListItem\"><span><i class=\"ico-guil-singl-right\"><\/i><\/span><a itemprop=\"item\" href=\"https:\/\/circutor.com\/pt-pt\/empresa\/\"><span itemprop=\"name\">Empresa<\/span><\/a><meta itemprop=\"position\" content=\"3\"><\/div><div itemprop=\"itemListElement\" itemscope itemtype=\"https:\/\/schema.org\/ListItem\"><span><i class=\"ico-guil-singl-right\"><\/i><\/span><a itemprop=\"item\" href=\"https:\/\/circutor.com\/pt-pt\/empresa\/compromisso\/\"><span itemprop=\"name\">Compromisso<\/span><\/a><meta itemprop=\"position\" content=\"4\"><\/div><div itemprop=\"itemListElement\" itemscope itemtype=\"https:\/\/schema.org\/ListItem\"><span><i class=\"ico-guil-singl-right\"><\/i><\/span><span class=\"active_item_breadcrumb\" itemprop=\"name\">EU Data Act<\/span><meta itemprop=\"position\" content=\"5\"><\/div><\/div>[\/vc_column_inner][\/vc_row_inner][vc_row_inner][vc_column_inner][vc_column_text]<\/p>\n<h1>EU Data Act<\/h1>\n<p>[\/vc_column_text][\/vc_column_inner][\/vc_row_inner][\/vc_column][\/vc_row][vc_row][vc_column width=&#8221;1\/6&#8243;][\/vc_column][vc_column width=&#8221;2\/3&#8243;][vc_column_text css=&#8221;.vc_custom_1774606398651{margin-top: 40px !important;margin-bottom: 6rem !important;}&#8221;]Na CIRCUTOR estamos comprometidos com a transpar\u00eancia e o acesso justo aos dados gerados pelos nossos produtos eletr\u00f3nicos conectados e servi\u00e7os relacionados. Em conformidade com o Regulamento (UE) 2023\/2854 (Data Act), disponibilizamos aos nossos clientes toda a informa\u00e7\u00e3o relevante sobre os dados gerados pela utiliza\u00e7\u00e3o dos nossos produtos e servi\u00e7os.<\/p>\n<p>&nbsp;<\/p>\n<h3>Direitos dos utilizadores<\/h3>\n<p>Como utilizador dos nossos produtos e servi\u00e7os conectados tem direito a:<\/p>\n<ul style=\"color: #e40040;\">\n<li><span style=\"color: #53565a;\">Receber informa\u00e7\u00e3o clara e pr\u00e9via \u00e0 contrata\u00e7\u00e3o sobre que dados s\u00e3o gerados, como podem ser acedidos e como podem ser partilhados.<br \/>\n<\/span><\/li>\n<li><span style=\"color: #53565a;\">Aceder aos dados gerados pela utiliza\u00e7\u00e3o dos nossos produtos e servi\u00e7os (\u201cOs seus dados\u201d).<br \/>\n<\/span><\/li>\n<li><span style=\"color: #53565a;\">Receber os seus dados num formato estruturado, de uso corrente e leg\u00edvel por m\u00e1quina.<br \/>\n<\/span><\/li>\n<li><span style=\"color: #53565a;\">Autorizar terceiros a aceder aos seus dados ou solicitar que sejam partilhados com um destinat\u00e1rio designado.<br \/>\n<\/span><\/li>\n<li><span style=\"color: #53565a;\">Solicitar o acesso ou a transfer\u00eancia dos seus dados sem restri\u00e7\u00f5es injustificadas nem condi\u00e7\u00f5es contratuais abusivas.<br \/>\n<\/span><\/li>\n<\/ul>\n<p>&nbsp;<\/p>\n<h3>As nossas obriga\u00e7\u00f5es ao abrigo da Lei dos Dados<\/h3>\n<ul style=\"color: #e40040;\">\n<li><span style=\"color: #53565a;\">Disponibilizamos informa\u00e7\u00e3o pr\u00e9-contratual sobre todos os produtos e servi\u00e7os conectados abrangidos pelo Data Act.<br \/>\n<\/span><\/li>\n<li><span style=\"color: #53565a;\">Garantimos interfaces interoper\u00e1veis (API, fun\u00e7\u00f5es de exporta\u00e7\u00e3o de dados) para facilitar a portabilidade e o acesso aos dados.<br \/>\n<\/span><\/li>\n<li><span style=\"color: #53565a;\">Aplicamos medidas de seguran\u00e7a e confidencialidade para proteger os seus dados e os nossos segredos comerciais sem limitar, indevidamente, o seu direito de acesso ou transfer\u00eancia.<br \/>\n<\/span><\/li>\n<li><span style=\"color: #53565a;\">N\u00e3o utilizamos os seus dados para competir consigo nem para obter vantagens injustas.<br \/>\n<\/span><\/li>\n<\/ul>\n<p>&nbsp;<\/p>\n<h3>Que dados geram os nossos dispositivos?<\/h3>\n<p>Os nossos produtos eletr\u00f3nicos podem gerar, entre outros, os seguintes tipos de dados:<\/p>\n<ul style=\"color: #e40040;\">\n<li><span style=\"color: #53565a;\">Par\u00e2metros e valores de dispositivos de medi\u00e7\u00e3o e controlo<br \/>\n<\/span><\/li>\n<li><span style=\"color: #53565a;\">Par\u00e2metros el\u00e9tricos (energia, pot\u00eancia, tens\u00e3o, corrente, corrente de fuga\u2026)<br \/>\n<\/span><\/li>\n<li><span style=\"color: #53565a;\">Temperaturas<br \/>\n<\/span><\/li>\n<li><span style=\"color: #53565a;\">Estados<br \/>\n<\/span><\/li>\n<li><span style=\"color: #53565a;\">Eventos de sistema<br \/>\n<\/span><\/li>\n<li><span style=\"color: #53565a;\">Eventos el\u00e9tricos ou qualidade da rede<br \/>\n<\/span><\/li>\n<li><span style=\"color: #53565a;\">Registos (logs) de funcionamento do equipamento<br \/>\n<\/span><\/li>\n<li><span style=\"color: #53565a;\">Tempo de funcionamento<br \/>\n<\/span><\/li>\n<\/ul>\n<p>A descri\u00e7\u00e3o detalhada dos dados gerados por cada produto est\u00e1 dispon\u00edvel no respetivo manual.<\/p>\n<p>&nbsp;<\/p>\n<h3>Que dados geram as plataformas cloud?<\/h3>\n<p>As nossas plataformas de gest\u00e3o remota de dispositivos utilizadas para configurar, atualizar e monitorizar dispositivos, podem gerar ou processar os seguintes dados:<\/p>\n<ul style=\"color: #e40040;\">\n<li><span style=\"color: #53565a;\">Par\u00e2metros e valores de dispositivos de medi\u00e7\u00e3o e controlo<br \/>\n<\/span><\/li>\n<li><span style=\"color: #53565a;\">Par\u00e2metros el\u00e9tricos (energia, pot\u00eancia, tens\u00e3o, corrente\u2026)<br \/>\n<\/span><\/li>\n<li><span style=\"color: #53565a;\">Temperaturas<br \/>\n<\/span><\/li>\n<li><span style=\"color: #53565a;\">Estados<br \/>\n<\/span><\/li>\n<li><span style=\"color: #53565a;\">Eventos de sistema<br \/>\n<\/span><\/li>\n<li><span style=\"color: #53565a;\">Eventos el\u00e9tricos ou qualidade da rede<br \/>\n<\/span><\/li>\n<\/ul>\n<p>Todos os dados gerados pelos dispositivos telem\u00e1ticos conectados podem ser consultados nas plataformas correspondentes.<\/p>\n<p>&nbsp;<\/p>\n<h3>Como solicitar acesso aos seus dados?<\/h3>\n<p>Pode solicitar o acesso ou a transfer\u00eancia dos seus dados atrav\u00e9s do nosso e-mail:<\/p>\n<ul style=\"color: #e40040;\">\n<li><span style=\"color: #53565a;\"><strong>E-mail:<\/strong> <a style=\"color: #53565a; text-decoration: underline;\" href=\"mailto:data-act@circutor.com\">data-act@circutor.com<\/a><\/span><\/li>\n<li><span style=\"color: #53565a;\"><span style=\"color: #53565a;\"><strong>Inclua no seu pedido: <\/strong>nome e n\u00famero de s\u00e9rie do produto, prova de propriedade ou direito de utiliza\u00e7\u00e3o, tipo de dados solicitados, per\u00edodo pretendido, se se trata de um pedido pontual ou peri\u00f3dico e se existe um acordo de licen\u00e7a de utiliza\u00e7\u00e3o de dados.<\/span><\/span><\/li>\n<\/ul>\n<p>&nbsp;<\/p>\n<p><strong>Para qualquer quest\u00e3o adicional sobre os seus direitos ou o acesso aos dados, pode contactar-nos atrav\u00e9s do endere\u00e7o de e-mail acima indicado.<\/strong>[\/vc_column_text][\/vc_column][vc_column width=&#8221;1\/6&#8243;][\/vc_column][\/vc_row]<\/p>\n","protected":false},"excerpt":{"rendered":"<p>[vc_row full_width=&#8221;stretch_row&#8221; content_placement=&#8221;top&#8221; css=&#8221;.vc_custom_1774447300617{background-image: url(https:\/\/circutor.com\/wp-content\/uploads\/2026\/03\/eu-data-act-2.jpg?id=61112) !important;background-position: center !important;background-repeat: no-repeat !important;background-size: cover !important;}&#8221; el_class=&#8221;banner_pagina_texto&#8221;][vc_column][vc_row_inner el_class=&#8221;breadcrumb&#8221;][vc_column_inner][\/vc_column_inner][\/vc_row_inner][vc_row_inner][vc_column_inner][vc_column_text] EU Data Act [\/vc_column_text][\/vc_column_inner][\/vc_row_inner][\/vc_column][\/vc_row][vc_row][vc_column width=&#8221;1\/6&#8243;][\/vc_column][vc_column width=&#8221;2\/3&#8243;][vc_column_text css=&#8221;.vc_custom_1774606398651{margin-top: 40px !important;margin-bottom: 6rem !important;}&#8221;]Na CIRCUTOR estamos comprometidos com a transpar\u00eancia e o acesso justo aos dados gerados pelos nossos produtos eletr\u00f3nicos conectados e servi\u00e7os relacionados. Em conformidade com o Regulamento (UE) 2023\/2854 (Data Act), [&hellip;]<\/p>\n","protected":false},"author":7,"featured_media":0,"parent":8964,"menu_order":0,"comment_status":"closed","ping_status":"closed","template":"","meta":[],"acf":[],"yoast_head":"<!-- This site is optimized with the Yoast SEO plugin v19.4 - https:\/\/yoast.com\/wordpress\/plugins\/seo\/ -->\n<title>EU Data Act - CIRCUTOR<\/title>\n<meta name=\"robots\" content=\"index, follow, max-snippet:-1, max-image-preview:large, max-video-preview:-1\" \/>\n<link rel=\"canonical\" href=\"https:\/\/circutor.com\/pt-pt\/empresa\/compromisso\/eu-data-act\/\" \/>\n<meta property=\"og:locale\" content=\"pt_PT\" \/>\n<meta property=\"og:type\" content=\"article\" \/>\n<meta property=\"og:title\" content=\"EU Data Act - CIRCUTOR\" \/>\n<meta property=\"og:description\" content=\"[vc_row full_width=&#8221;stretch_row&#8221; content_placement=&#8221;top&#8221; css=&#8221;.vc_custom_1774447300617{background-image: url(https:\/\/circutor.com\/wp-content\/uploads\/2026\/03\/eu-data-act-2.jpg?id=61112) !important;background-position: center !important;background-repeat: no-repeat !important;background-size: cover !important;}&#8221; el_class=&#8221;banner_pagina_texto&#8221;][vc_column][vc_row_inner el_class=&#8221;breadcrumb&#8221;][vc_column_inner][\/vc_column_inner][\/vc_row_inner][vc_row_inner][vc_column_inner][vc_column_text] EU Data Act [\/vc_column_text][\/vc_column_inner][\/vc_row_inner][\/vc_column][\/vc_row][vc_row][vc_column width=&#8221;1\/6&#8243;][\/vc_column][vc_column width=&#8221;2\/3&#8243;][vc_column_text css=&#8221;.vc_custom_1774606398651{margin-top: 40px !important;margin-bottom: 6rem !important;}&#8221;]Na CIRCUTOR estamos comprometidos com a transpar\u00eancia e o acesso justo aos dados gerados pelos nossos produtos eletr\u00f3nicos conectados e servi\u00e7os relacionados. Em conformidade com o Regulamento (UE) 2023\/2854 (Data Act), [&hellip;]\" \/>\n<meta property=\"og:url\" content=\"https:\/\/circutor.com\/pt-pt\/empresa\/compromisso\/eu-data-act\/\" \/>\n<meta property=\"og:site_name\" content=\"CIRCUTOR\" \/>\n<meta property=\"article:publisher\" content=\"https:\/\/www.facebook.com\/CIRCUTOR.ES\" \/>\n<meta property=\"article:modified_time\" content=\"2026-03-27T10:33:21+00:00\" \/>\n<meta property=\"og:image\" content=\"https:\/\/circutor.com\/wp-content\/uploads\/2022\/07\/Circutor_Logo_Color.png\" \/>\n\t<meta property=\"og:image:width\" content=\"1299\" \/>\n\t<meta property=\"og:image:height\" content=\"354\" \/>\n\t<meta property=\"og:image:type\" content=\"image\/png\" \/>\n<meta name=\"twitter:card\" content=\"summary_large_image\" \/>\n<meta name=\"twitter:site\" content=\"@circutor\" \/>\n<meta name=\"twitter:label1\" content=\"Tempo estimado de leitura\" \/>\n\t<meta name=\"twitter:data1\" content=\"3 minutos\" \/>\n<script type=\"application\/ld+json\" class=\"yoast-schema-graph\">{\"@context\":\"https:\/\/schema.org\",\"@graph\":[{\"@type\":\"Organization\",\"@id\":\"https:\/\/circutor.com\/#organization\",\"name\":\"Circutor\",\"url\":\"https:\/\/circutor.com\/\",\"sameAs\":[\"https:\/\/www.instagram.com\/circutor_es\",\"https:\/\/www.linkedin.com\/company\/circutor\",\"https:\/\/www.youtube.com\/user\/CIRCUTORoficial\",\"https:\/\/www.facebook.com\/CIRCUTOR.ES\",\"https:\/\/twitter.com\/circutor\"],\"logo\":{\"@type\":\"ImageObject\",\"inLanguage\":\"pt-PT\",\"@id\":\"https:\/\/circutor.com\/#\/schema\/logo\/image\/\",\"url\":\"https:\/\/circutor.com\/wp-content\/uploads\/2020\/09\/CIR_LOGO_RED.png\",\"contentUrl\":\"https:\/\/circutor.com\/wp-content\/uploads\/2020\/09\/CIR_LOGO_RED.png\",\"width\":512,\"height\":128,\"caption\":\"Circutor\"},\"image\":{\"@id\":\"https:\/\/circutor.com\/#\/schema\/logo\/image\/\"}},{\"@type\":\"WebSite\",\"@id\":\"https:\/\/circutor.com\/#website\",\"url\":\"https:\/\/circutor.com\/\",\"name\":\"CIRCUTOR\",\"description\":\"Soluciones para la eficiencia energ\u00e9tica el\u00e9ctrica\",\"publisher\":{\"@id\":\"https:\/\/circutor.com\/#organization\"},\"potentialAction\":[{\"@type\":\"SearchAction\",\"target\":{\"@type\":\"EntryPoint\",\"urlTemplate\":\"https:\/\/circutor.com\/?s={search_term_string}\"},\"query-input\":\"required name=search_term_string\"}],\"inLanguage\":\"pt-PT\"},{\"@type\":\"WebPage\",\"@id\":\"https:\/\/circutor.com\/pt-pt\/empresa\/compromisso\/eu-data-act\/\",\"url\":\"https:\/\/circutor.com\/pt-pt\/empresa\/compromisso\/eu-data-act\/\",\"name\":\"EU Data Act - CIRCUTOR\",\"isPartOf\":{\"@id\":\"https:\/\/circutor.com\/#website\"},\"datePublished\":\"2026-03-27T10:13:25+00:00\",\"dateModified\":\"2026-03-27T10:33:21+00:00\",\"breadcrumb\":{\"@id\":\"https:\/\/circutor.com\/pt-pt\/empresa\/compromisso\/eu-data-act\/#breadcrumb\"},\"inLanguage\":\"pt-PT\",\"potentialAction\":[{\"@type\":\"ReadAction\",\"target\":[\"https:\/\/circutor.com\/pt-pt\/empresa\/compromisso\/eu-data-act\/\"]}]},{\"@type\":\"BreadcrumbList\",\"@id\":\"https:\/\/circutor.com\/pt-pt\/empresa\/compromisso\/eu-data-act\/#breadcrumb\",\"itemListElement\":[{\"@type\":\"ListItem\",\"position\":1,\"name\":\"Portada\",\"item\":\"https:\/\/circutor.com\/pt-pt\/\"},{\"@type\":\"ListItem\",\"position\":2,\"name\":\"Empresa\",\"item\":\"https:\/\/circutor.com\/pt-pt\/empresa\/\"},{\"@type\":\"ListItem\",\"position\":3,\"name\":\"Compromisso\",\"item\":\"https:\/\/circutor.com\/pt-pt\/empresa\/compromisso\/\"},{\"@type\":\"ListItem\",\"position\":4,\"name\":\"EU Data Act\"}]}]}<\/script>\n<!-- \/ Yoast SEO plugin. -->","yoast_head_json":{"title":"EU Data Act - CIRCUTOR","robots":{"index":"index","follow":"follow","max-snippet":"max-snippet:-1","max-image-preview":"max-image-preview:large","max-video-preview":"max-video-preview:-1"},"canonical":"https:\/\/circutor.com\/pt-pt\/empresa\/compromisso\/eu-data-act\/","og_locale":"pt_PT","og_type":"article","og_title":"EU Data Act - CIRCUTOR","og_description":"[vc_row full_width=&#8221;stretch_row&#8221; content_placement=&#8221;top&#8221; css=&#8221;.vc_custom_1774447300617{background-image: url(https:\/\/circutor.com\/wp-content\/uploads\/2026\/03\/eu-data-act-2.jpg?id=61112) !important;background-position: center !important;background-repeat: no-repeat !important;background-size: cover !important;}&#8221; el_class=&#8221;banner_pagina_texto&#8221;][vc_column][vc_row_inner el_class=&#8221;breadcrumb&#8221;][vc_column_inner][\/vc_column_inner][\/vc_row_inner][vc_row_inner][vc_column_inner][vc_column_text] EU Data Act [\/vc_column_text][\/vc_column_inner][\/vc_row_inner][\/vc_column][\/vc_row][vc_row][vc_column width=&#8221;1\/6&#8243;][\/vc_column][vc_column width=&#8221;2\/3&#8243;][vc_column_text css=&#8221;.vc_custom_1774606398651{margin-top: 40px !important;margin-bottom: 6rem !important;}&#8221;]Na CIRCUTOR estamos comprometidos com a transpar\u00eancia e o acesso justo aos dados gerados pelos nossos produtos eletr\u00f3nicos conectados e servi\u00e7os relacionados. Em conformidade com o Regulamento (UE) 2023\/2854 (Data Act), [&hellip;]","og_url":"https:\/\/circutor.com\/pt-pt\/empresa\/compromisso\/eu-data-act\/","og_site_name":"CIRCUTOR","article_publisher":"https:\/\/www.facebook.com\/CIRCUTOR.ES","article_modified_time":"2026-03-27T10:33:21+00:00","og_image":[{"width":1299,"height":354,"url":"https:\/\/circutor.com\/wp-content\/uploads\/2022\/07\/Circutor_Logo_Color.png","type":"image\/png"}],"twitter_card":"summary_large_image","twitter_site":"@circutor","twitter_misc":{"Tempo estimado de leitura":"3 minutos"},"schema":{"@context":"https:\/\/schema.org","@graph":[{"@type":"Organization","@id":"https:\/\/circutor.com\/#organization","name":"Circutor","url":"https:\/\/circutor.com\/","sameAs":["https:\/\/www.instagram.com\/circutor_es","https:\/\/www.linkedin.com\/company\/circutor","https:\/\/www.youtube.com\/user\/CIRCUTORoficial","https:\/\/www.facebook.com\/CIRCUTOR.ES","https:\/\/twitter.com\/circutor"],"logo":{"@type":"ImageObject","inLanguage":"pt-PT","@id":"https:\/\/circutor.com\/#\/schema\/logo\/image\/","url":"https:\/\/circutor.com\/wp-content\/uploads\/2020\/09\/CIR_LOGO_RED.png","contentUrl":"https:\/\/circutor.com\/wp-content\/uploads\/2020\/09\/CIR_LOGO_RED.png","width":512,"height":128,"caption":"Circutor"},"image":{"@id":"https:\/\/circutor.com\/#\/schema\/logo\/image\/"}},{"@type":"WebSite","@id":"https:\/\/circutor.com\/#website","url":"https:\/\/circutor.com\/","name":"CIRCUTOR","description":"Soluciones para la eficiencia energ\u00e9tica el\u00e9ctrica","publisher":{"@id":"https:\/\/circutor.com\/#organization"},"potentialAction":[{"@type":"SearchAction","target":{"@type":"EntryPoint","urlTemplate":"https:\/\/circutor.com\/?s={search_term_string}"},"query-input":"required name=search_term_string"}],"inLanguage":"pt-PT"},{"@type":"WebPage","@id":"https:\/\/circutor.com\/pt-pt\/empresa\/compromisso\/eu-data-act\/","url":"https:\/\/circutor.com\/pt-pt\/empresa\/compromisso\/eu-data-act\/","name":"EU Data Act - CIRCUTOR","isPartOf":{"@id":"https:\/\/circutor.com\/#website"},"datePublished":"2026-03-27T10:13:25+00:00","dateModified":"2026-03-27T10:33:21+00:00","breadcrumb":{"@id":"https:\/\/circutor.com\/pt-pt\/empresa\/compromisso\/eu-data-act\/#breadcrumb"},"inLanguage":"pt-PT","potentialAction":[{"@type":"ReadAction","target":["https:\/\/circutor.com\/pt-pt\/empresa\/compromisso\/eu-data-act\/"]}]},{"@type":"BreadcrumbList","@id":"https:\/\/circutor.com\/pt-pt\/empresa\/compromisso\/eu-data-act\/#breadcrumb","itemListElement":[{"@type":"ListItem","position":1,"name":"Portada","item":"https:\/\/circutor.com\/pt-pt\/"},{"@type":"ListItem","position":2,"name":"Empresa","item":"https:\/\/circutor.com\/pt-pt\/empresa\/"},{"@type":"ListItem","position":3,"name":"Compromisso","item":"https:\/\/circutor.com\/pt-pt\/empresa\/compromisso\/"},{"@type":"ListItem","position":4,"name":"EU Data Act"}]}]}},"_links":{"self":[{"href":"https:\/\/circutor.com\/pt-pt\/wp-json\/wp\/v2\/pages\/61399"}],"collection":[{"href":"https:\/\/circutor.com\/pt-pt\/wp-json\/wp\/v2\/pages"}],"about":[{"href":"https:\/\/circutor.com\/pt-pt\/wp-json\/wp\/v2\/types\/page"}],"author":[{"embeddable":true,"href":"https:\/\/circutor.com\/pt-pt\/wp-json\/wp\/v2\/users\/7"}],"replies":[{"embeddable":true,"href":"https:\/\/circutor.com\/pt-pt\/wp-json\/wp\/v2\/comments?post=61399"}],"version-history":[{"count":2,"href":"https:\/\/circutor.com\/pt-pt\/wp-json\/wp\/v2\/pages\/61399\/revisions"}],"predecessor-version":[{"id":61401,"href":"https:\/\/circutor.com\/pt-pt\/wp-json\/wp\/v2\/pages\/61399\/revisions\/61401"}],"up":[{"embeddable":true,"href":"https:\/\/circutor.com\/pt-pt\/wp-json\/wp\/v2\/pages\/8964"}],"wp:attachment":[{"href":"https:\/\/circutor.com\/pt-pt\/wp-json\/wp\/v2\/media?parent=61399"}],"curies":[{"name":"wp","href":"https:\/\/api.w.org\/{rel}","templated":true}]}}