{"id":56710,"date":"2025-05-30T12:57:21","date_gmt":"2025-05-30T10:57:21","guid":{"rendered":"https:\/\/circutor.com\/?page_id=56710"},"modified":"2025-05-30T13:09:42","modified_gmt":"2025-05-30T11:09:42","slug":"documentacao-tecnica","status":"publish","type":"page","link":"https:\/\/circutor.com\/pt-pt\/suporte\/documentacao-tecnica\/","title":{"rendered":"Documenta\u00e7\u00e3o T\u00e9cnica"},"content":{"rendered":"<p>[vc_row][vc_column]<div itemscope itemtype=\"https:\/\/schema.org\/BreadcrumbList\" id=\"breadcrumb\"><div itemprop=\"itemListElement\" itemscope itemtype=\"https:\/\/schema.org\/ListItem\"><a itemprop=\"item\" href=\"https:\/\/circutor.com\/pt-pt\/\"><span itemprop=\"name\">Home<\/span><\/a><meta itemprop=\"position\" content=\"1\" \/><\/div><div itemprop=\"itemListElement\" itemscope itemtype=\"https:\/\/schema.org\/ListItem\"><span><i class=\"ico-guil-singl-right\"><\/i><\/span><a itemprop=\"item\" href=\"https:\/\/circutor.com\/pt-pt\/suporte\/\"><span itemprop=\"name\">Suporte<\/span><\/a><meta itemprop=\"position\" content=\"3\"><\/div><div itemprop=\"itemListElement\" itemscope itemtype=\"https:\/\/schema.org\/ListItem\"><span><i class=\"ico-guil-singl-right\"><\/i><\/span><span class=\"active_item_breadcrumb\" itemprop=\"name\">Documenta\u00e7\u00e3o T\u00e9cnica<\/span><meta itemprop=\"position\" content=\"4\"><\/div><\/div>[\/vc_column][\/vc_row][vc_row el_class=&#8221;banner_page_sin_foto banner_formacion&#8221;][vc_column][vc_column_text]<\/p>\n<h1>Documenta\u00e7\u00e3o T\u00e9cnica<\/h1>\n<p>[\/vc_column_text][vc_row_inner][vc_column_inner width=&#8221;2\/3&#8243;][vc_column_text el_class=&#8221;new_download_subtitle&#8221;]<\/p>\n<h3 class=\"large\"><a href=\"https:\/\/pssdocs.circutor.com\/en\/\">PowerStudio SCADA<\/a><\/h3>\n<hr \/>\n<h3 class=\"large\"><\/h3>\n<h3 class=\"large\"><a href=\"https:\/\/scout.circutor.com\/docs\/en\/\">Plataforma Scout<\/a><\/h3>\n<hr \/>\n<h3 class=\"large\"><\/h3>\n<h3 class=\"large\"><a href=\"https:\/\/docs.pickdata.net\/latest\/\">Edge IoT eManager \/ eCore<\/a><\/h3>\n<p>[\/vc_column_text][\/vc_column_inner][vc_column_inner width=&#8221;1\/3&#8243;][\/vc_column_inner][\/vc_row_inner][\/vc_column][\/vc_row][vc_row el_class=&#8221;empresa-pasando acceso_contacto&#8221; css=&#8221;.vc_custom_1667827885594{padding-top: 20px !important;}&#8221;][vc_column][vc_raw_html]JTNDYSUyMGhyZWYlM0QlMjIlMkZwdC1vdCUyRmNvbnRhY3RvJTJGJTIyJTNFJTBBJTNDZGl2JTIwY2xhc3MlM0QlMjJpdGVtJTIwZ2VuZXJhbCUyMGFuaW1hY2lvbl9jYWphJTIyJTNFJTBBJTBBJTNDZGl2JTIwY2xhc3MlM0QlMjJkZXRhaWxzJTIyJTNFJTBBJTNDdGFibGUlMjBzdHlsZSUzRCUyMndpZHRoJTNBJTIwMTAwJTI1JTNCJTIyJTNFJTBBJTIwJTIwJTIwJTIwJTNDdGJvZHklM0UlMEElMjAlMjAlMjAlMjAlMjAlMjAlMjAlMjAlM0N0ciUzRSUwQSUyMCUyMCUyMCUyMCUyMCUyMCUyMCUyMCUyMCUyMCUyMCUyMCUzQ3RkJTNFJTBBJTIwJTIwJTIwJTIwJTIwJTIwJTIwJTIwJTIwJTIwJTIwJTIwJTIwJTIwJTIwJTIwJTNDaDQlMjBjbGFzcyUzRCUyMnRpdHVsb19wYWdlJTIwc21hbGwlMjBoNF9jb250YWN0b19kZXNjYXJnYXMlMjIlM0VTZSUyMGFpbmRhJTIwbiVDMyVBM28lMjBlbmNvbnRyb3UlMjBvJTIwcXVlJTIwcHJvY3VyYSUyQyUyMGNvbnRhY3RlLW5vcy4lM0MlMkZoNCUzRSUwQSUyMCUyMCUyMCUyMCUyMCUyMCUyMCUyMCUyMCUyMCUyMCUyMCUzQyUyRnRkJTNFJTBBJTIwJTIwJTIwJTIwJTIwJTIwJTIwJTIwJTIwJTIwJTIwJTIwJTNDdGQlMjByb3dzcGFuJTNEJTIyMyUyMiUyMGNsYXNzJTNEJTIybmV3X2Rlc2Nhcmdhc19jb250YWN0X2J1dHRvbiUyMiUzRSUwQSUyMCUyMCUyMCUyMCUyMCUyMCUyMCUyMCUyMCUyMCUyMCUyMCUyMCUyMCUyMCUyMCUzQ3AlMjBjbGFzcyUzRCUyMmVubGFjZS1jb250YWN0byUyMiUzRSUzQ2klMjBjbGFzcyUzRCUyMmljby10ZWxlcGhvbmUlMjIlM0UlM0MlMkZpJTNFJTIwQ29udGFjdGUlMjB1bSUyMGVzcGVjaWFsaXN0YSUyMCUzQyUyRnAlM0UlMEElMjAlMjAlMjAlMjAlMjAlMjAlMjAlMjAlMjAlMjAlMjAlMjAlM0MlMkZ0ZCUzRSUwQSUyMCUyMCUyMCUyMCUyMCUyMCUyMCUyMCUwQSUyMCUyMCUyMCUyMCUyMCUyMCUyMCUyMCUzQyUyRnRyJTNFJTBBJTIwJTIwJTIwJTIwJTIwJTIwJTIwJTIwJTNDdHIlM0UlMEElMjAlMjAlMjAlMjAlMjAlMjAlMjAlMjAlMjAlMjAlMjAlMjAlM0N0ZCUzRSUzQ3AlMjBjbGFzcyUzRCUyMnBfbmV3X2NvbnRhY3RvX2Rlc2NhcmdhcyUyMiUzRUNvbnRhY3RlLW5vcyUyMHNlJTIwbiVDMyVBM28lMjB0aXZlciUyMGNvbnNlZ3VpZG8lMjByZXNvbHZlciUyMGFzJTIwc3VhcyUyMGQlQzMlQkF2aWRhcy4lMjBPJTIwbm9zc28lMjBob3IlQzMlQTFyaW8lMjBkZSUyMGF0ZW5kaW1lbnRvJTIwJUMzJUE5JTNBJTNDJTJGcCUzRSUzQyUyRnRkJTNFJTBBJTIwJTIwJTIwJTIwJTIwJTIwJTIwJTIwJTNDJTJGdHIlM0UlMEElMjAlMjAlMjAlMjAlMjAlMjAlMjAlMjAlM0N0ciUzRSUwQSUyMCUyMCUyMCUyMCUyMCUyMCUyMCUyMCUyMCUyMCUyMCUyMCUzQ3RkJTNFJTNDcCUyMGNsYXNzJTNEJTIycF9uZXdfY29udGFjdG9fZGVzY2FyZ2FzJTIyJTNFJTNDc3Ryb25nJTNFRGUlMjBzZWd1bmRhJTIwYSUyMHF1aW50YS1mZWlyYSUyMGRhcyUyMDloJTIwJUMzJUEwcyUyMDE0aCUyMGUlMjBkYXMlMjAxNWglMjAlQzMlQTBzJTIwMTdoLiUyMFNleHRhLWZlaXJhJTJDJTIwZGFzJTIwOWglMjAlQzMlQTBzJTIwMTRoLiUzQyUyRnN0cm9uZyUzRSUzQyUyRnAlM0UlM0MlMkZ0ZCUzRSUwQSUyMCUyMCUyMCUyMCUyMCUyMCUyMCUyMCUzQyUyRnRyJTNFJTBBJTIwJTIwJTIwJTIwJTNDJTJGdGJvZHklM0UlMEElM0MlMkZ0YWJsZSUzRSUwQSUzQyUyRmRpdiUzRSUwQSUwQSUzQyUyRmRpdiUzRSUwQSUzQyUyRmElM0U=[\/vc_raw_html][\/vc_column][\/vc_row]<\/p>\n","protected":false},"excerpt":{"rendered":"<p>[vc_row][vc_column][\/vc_column][\/vc_row][vc_row el_class=&#8221;banner_page_sin_foto banner_formacion&#8221;][vc_column][vc_column_text] Documenta\u00e7\u00e3o T\u00e9cnica [\/vc_column_text][vc_row_inner][vc_column_inner width=&#8221;2\/3&#8243;][vc_column_text el_class=&#8221;new_download_subtitle&#8221;] PowerStudio SCADA Plataforma Scout Edge IoT eManager \/ eCore [\/vc_column_text][\/vc_column_inner][vc_column_inner width=&#8221;1\/3&#8243;][\/vc_column_inner][\/vc_row_inner][\/vc_column][\/vc_row][vc_row el_class=&#8221;empresa-pasando acceso_contacto&#8221; css=&#8221;.vc_custom_1667827885594{padding-top: 20px !important;}&#8221;][vc_column][vc_raw_html]JTNDYSUyMGhyZWYlM0QlMjIlMkZwdC1vdCUyRmNvbnRhY3RvJTJGJTIyJTNFJTBBJTNDZGl2JTIwY2xhc3MlM0QlMjJpdGVtJTIwZ2VuZXJhbCUyMGFuaW1hY2lvbl9jYWphJTIyJTNFJTBBJTBBJTNDZGl2JTIwY2xhc3MlM0QlMjJkZXRhaWxzJTIyJTNFJTBBJTNDdGFibGUlMjBzdHlsZSUzRCUyMndpZHRoJTNBJTIwMTAwJTI1JTNCJTIyJTNFJTBBJTIwJTIwJTIwJTIwJTNDdGJvZHklM0UlMEElMjAlMjAlMjAlMjAlMjAlMjAlMjAlMjAlM0N0ciUzRSUwQSUyMCUyMCUyMCUyMCUyMCUyMCUyMCUyMCUyMCUyMCUyMCUyMCUzQ3RkJTNFJTBBJTIwJTIwJTIwJTIwJTIwJTIwJTIwJTIwJTIwJTIwJTIwJTIwJTIwJTIwJTIwJTIwJTNDaDQlMjBjbGFzcyUzRCUyMnRpdHVsb19wYWdlJTIwc21hbGwlMjBoNF9jb250YWN0b19kZXNjYXJnYXMlMjIlM0VTZSUyMGFpbmRhJTIwbiVDMyVBM28lMjBlbmNvbnRyb3UlMjBvJTIwcXVlJTIwcHJvY3VyYSUyQyUyMGNvbnRhY3RlLW5vcy4lM0MlMkZoNCUzRSUwQSUyMCUyMCUyMCUyMCUyMCUyMCUyMCUyMCUyMCUyMCUyMCUyMCUzQyUyRnRkJTNFJTBBJTIwJTIwJTIwJTIwJTIwJTIwJTIwJTIwJTIwJTIwJTIwJTIwJTNDdGQlMjByb3dzcGFuJTNEJTIyMyUyMiUyMGNsYXNzJTNEJTIybmV3X2Rlc2Nhcmdhc19jb250YWN0X2J1dHRvbiUyMiUzRSUwQSUyMCUyMCUyMCUyMCUyMCUyMCUyMCUyMCUyMCUyMCUyMCUyMCUyMCUyMCUyMCUyMCUzQ3AlMjBjbGFzcyUzRCUyMmVubGFjZS1jb250YWN0byUyMiUzRSUzQ2klMjBjbGFzcyUzRCUyMmljby10ZWxlcGhvbmUlMjIlM0UlM0MlMkZpJTNFJTIwQ29udGFjdGUlMjB1bSUyMGVzcGVjaWFsaXN0YSUyMCUzQyUyRnAlM0UlMEElMjAlMjAlMjAlMjAlMjAlMjAlMjAlMjAlMjAlMjAlMjAlMjAlM0MlMkZ0ZCUzRSUwQSUyMCUyMCUyMCUyMCUyMCUyMCUyMCUyMCUwQSUyMCUyMCUyMCUyMCUyMCUyMCUyMCUyMCUzQyUyRnRyJTNFJTBBJTIwJTIwJTIwJTIwJTIwJTIwJTIwJTIwJTNDdHIlM0UlMEElMjAlMjAlMjAlMjAlMjAlMjAlMjAlMjAlMjAlMjAlMjAlMjAlM0N0ZCUzRSUzQ3AlMjBjbGFzcyUzRCUyMnBfbmV3X2NvbnRhY3RvX2Rlc2NhcmdhcyUyMiUzRUNvbnRhY3RlLW5vcyUyMHNlJTIwbiVDMyVBM28lMjB0aXZlciUyMGNvbnNlZ3VpZG8lMjByZXNvbHZlciUyMGFzJTIwc3VhcyUyMGQlQzMlQkF2aWRhcy4lMjBPJTIwbm9zc28lMjBob3IlQzMlQTFyaW8lMjBkZSUyMGF0ZW5kaW1lbnRvJTIwJUMzJUE5JTNBJTNDJTJGcCUzRSUzQyUyRnRkJTNFJTBBJTIwJTIwJTIwJTIwJTIwJTIwJTIwJTIwJTNDJTJGdHIlM0UlMEElMjAlMjAlMjAlMjAlMjAlMjAlMjAlMjAlM0N0ciUzRSUwQSUyMCUyMCUyMCUyMCUyMCUyMCUyMCUyMCUyMCUyMCUyMCUyMCUzQ3RkJTNFJTNDcCUyMGNsYXNzJTNEJTIycF9uZXdfY29udGFjdG9fZGVzY2FyZ2FzJTIyJTNFJTNDc3Ryb25nJTNFRGUlMjBzZWd1bmRhJTIwYSUyMHF1aW50YS1mZWlyYSUyMGRhcyUyMDloJTIwJUMzJUEwcyUyMDE0aCUyMGUlMjBkYXMlMjAxNWglMjAlQzMlQTBzJTIwMTdoLiUyMFNleHRhLWZlaXJhJTJDJTIwZGFzJTIwOWglMjAlQzMlQTBzJTIwMTRoLiUzQyUyRnN0cm9uZyUzRSUzQyUyRnAlM0UlM0MlMkZ0ZCUzRSUwQSUyMCUyMCUyMCUyMCUyMCUyMCUyMCUyMCUzQyUyRnRyJTNFJTBBJTIwJTIwJTIwJTIwJTNDJTJGdGJvZHklM0UlMEElM0MlMkZ0YWJsZSUzRSUwQSUzQyUyRmRpdiUzRSUwQSUwQSUzQyUyRmRpdiUzRSUwQSUzQyUyRmElM0U=[\/vc_raw_html][\/vc_column][\/vc_row]<\/p>\n","protected":false},"author":7,"featured_media":0,"parent":10055,"menu_order":0,"comment_status":"closed","ping_status":"closed","template":"","meta":[],"acf":[],"yoast_head":"<!-- This site is optimized with the Yoast SEO plugin v19.4 - https:\/\/yoast.com\/wordpress\/plugins\/seo\/ -->\n<title>Documenta\u00e7\u00e3o T\u00e9cnica - CIRCUTOR<\/title>\n<meta name=\"robots\" content=\"index, follow, max-snippet:-1, max-image-preview:large, max-video-preview:-1\" \/>\n<link rel=\"canonical\" href=\"https:\/\/circutor.com\/pt-pt\/suporte\/documentacao-tecnica\/\" \/>\n<meta property=\"og:locale\" content=\"pt_PT\" \/>\n<meta property=\"og:type\" content=\"article\" \/>\n<meta property=\"og:title\" content=\"Documenta\u00e7\u00e3o T\u00e9cnica - CIRCUTOR\" \/>\n<meta property=\"og:description\" content=\"[vc_row][vc_column][\/vc_column][\/vc_row][vc_row el_class=&#8221;banner_page_sin_foto banner_formacion&#8221;][vc_column][vc_column_text] Documenta\u00e7\u00e3o T\u00e9cnica [\/vc_column_text][vc_row_inner][vc_column_inner width=&#8221;2\/3&#8243;][vc_column_text el_class=&#8221;new_download_subtitle&#8221;] PowerStudio SCADA Plataforma Scout Edge IoT eManager \/ eCore [\/vc_column_text][\/vc_column_inner][vc_column_inner width=&#8221;1\/3&#8243;][\/vc_column_inner][\/vc_row_inner][\/vc_column][\/vc_row][vc_row el_class=&#8221;empresa-pasando acceso_contacto&#8221; css=&#8221;.vc_custom_1667827885594{padding-top: 20px !important;}&#8221;][vc_column][vc_raw_html]JTNDYSUyMGhyZWYlM0QlMjIlMkZwdC1vdCUyRmNvbnRhY3RvJTJGJTIyJTNFJTBBJTNDZGl2JTIwY2xhc3MlM0QlMjJpdGVtJTIwZ2VuZXJhbCUyMGFuaW1hY2lvbl9jYWphJTIyJTNFJTBBJTBBJTNDZGl2JTIwY2xhc3MlM0QlMjJkZXRhaWxzJTIyJTNFJTBBJTNDdGFibGUlMjBzdHlsZSUzRCUyMndpZHRoJTNBJTIwMTAwJTI1JTNCJTIyJTNFJTBBJTIwJTIwJTIwJTIwJTNDdGJvZHklM0UlMEElMjAlMjAlMjAlMjAlMjAlMjAlMjAlMjAlM0N0ciUzRSUwQSUyMCUyMCUyMCUyMCUyMCUyMCUyMCUyMCUyMCUyMCUyMCUyMCUzQ3RkJTNFJTBBJTIwJTIwJTIwJTIwJTIwJTIwJTIwJTIwJTIwJTIwJTIwJTIwJTIwJTIwJTIwJTIwJTNDaDQlMjBjbGFzcyUzRCUyMnRpdHVsb19wYWdlJTIwc21hbGwlMjBoNF9jb250YWN0b19kZXNjYXJnYXMlMjIlM0VTZSUyMGFpbmRhJTIwbiVDMyVBM28lMjBlbmNvbnRyb3UlMjBvJTIwcXVlJTIwcHJvY3VyYSUyQyUyMGNvbnRhY3RlLW5vcy4lM0MlMkZoNCUzRSUwQSUyMCUyMCUyMCUyMCUyMCUyMCUyMCUyMCUyMCUyMCUyMCUyMCUzQyUyRnRkJTNFJTBBJTIwJTIwJTIwJTIwJTIwJTIwJTIwJTIwJTIwJTIwJTIwJTIwJTNDdGQlMjByb3dzcGFuJTNEJTIyMyUyMiUyMGNsYXNzJTNEJTIybmV3X2Rlc2Nhcmdhc19jb250YWN0X2J1dHRvbiUyMiUzRSUwQSUyMCUyMCUyMCUyMCUyMCUyMCUyMCUyMCUyMCUyMCUyMCUyMCUyMCUyMCUyMCUyMCUzQ3AlMjBjbGFzcyUzRCUyMmVubGFjZS1jb250YWN0byUyMiUzRSUzQ2klMjBjbGFzcyUzRCUyMmljby10ZWxlcGhvbmUlMjIlM0UlM0MlMkZpJTNFJTIwQ29udGFjdGUlMjB1bSUyMGVzcGVjaWFsaXN0YSUyMCUzQyUyRnAlM0UlMEElMjAlMjAlMjAlMjAlMjAlMjAlMjAlMjAlMjAlMjAlMjAlMjAlM0MlMkZ0ZCUzRSUwQSUyMCUyMCUyMCUyMCUyMCUyMCUyMCUyMCUwQSUyMCUyMCUyMCUyMCUyMCUyMCUyMCUyMCUzQyUyRnRyJTNFJTBBJTIwJTIwJTIwJTIwJTIwJTIwJTIwJTIwJTNDdHIlM0UlMEElMjAlMjAlMjAlMjAlMjAlMjAlMjAlMjAlMjAlMjAlMjAlMjAlM0N0ZCUzRSUzQ3AlMjBjbGFzcyUzRCUyMnBfbmV3X2NvbnRhY3RvX2Rlc2NhcmdhcyUyMiUzRUNvbnRhY3RlLW5vcyUyMHNlJTIwbiVDMyVBM28lMjB0aXZlciUyMGNvbnNlZ3VpZG8lMjByZXNvbHZlciUyMGFzJTIwc3VhcyUyMGQlQzMlQkF2aWRhcy4lMjBPJTIwbm9zc28lMjBob3IlQzMlQTFyaW8lMjBkZSUyMGF0ZW5kaW1lbnRvJTIwJUMzJUE5JTNBJTNDJTJGcCUzRSUzQyUyRnRkJTNFJTBBJTIwJTIwJTIwJTIwJTIwJTIwJTIwJTIwJTNDJTJGdHIlM0UlMEElMjAlMjAlMjAlMjAlMjAlMjAlMjAlMjAlM0N0ciUzRSUwQSUyMCUyMCUyMCUyMCUyMCUyMCUyMCUyMCUyMCUyMCUyMCUyMCUzQ3RkJTNFJTNDcCUyMGNsYXNzJTNEJTIycF9uZXdfY29udGFjdG9fZGVzY2FyZ2FzJTIyJTNFJTNDc3Ryb25nJTNFRGUlMjBzZWd1bmRhJTIwYSUyMHF1aW50YS1mZWlyYSUyMGRhcyUyMDloJTIwJUMzJUEwcyUyMDE0aCUyMGUlMjBkYXMlMjAxNWglMjAlQzMlQTBzJTIwMTdoLiUyMFNleHRhLWZlaXJhJTJDJTIwZGFzJTIwOWglMjAlQzMlQTBzJTIwMTRoLiUzQyUyRnN0cm9uZyUzRSUzQyUyRnAlM0UlM0MlMkZ0ZCUzRSUwQSUyMCUyMCUyMCUyMCUyMCUyMCUyMCUyMCUzQyUyRnRyJTNFJTBBJTIwJTIwJTIwJTIwJTNDJTJGdGJvZHklM0UlMEElM0MlMkZ0YWJsZSUzRSUwQSUzQyUyRmRpdiUzRSUwQSUwQSUzQyUyRmRpdiUzRSUwQSUzQyUyRmElM0U=[\/vc_raw_html][\/vc_column][\/vc_row]\" \/>\n<meta property=\"og:url\" content=\"https:\/\/circutor.com\/pt-pt\/suporte\/documentacao-tecnica\/\" \/>\n<meta property=\"og:site_name\" content=\"CIRCUTOR\" \/>\n<meta property=\"article:publisher\" content=\"https:\/\/www.facebook.com\/CIRCUTOR.ES\" \/>\n<meta property=\"article:modified_time\" content=\"2025-05-30T11:09:42+00:00\" \/>\n<meta property=\"og:image\" content=\"https:\/\/circutor.com\/wp-content\/uploads\/2022\/07\/Circutor_Logo_Color.png\" \/>\n\t<meta property=\"og:image:width\" content=\"1299\" \/>\n\t<meta property=\"og:image:height\" content=\"354\" \/>\n\t<meta property=\"og:image:type\" content=\"image\/png\" \/>\n<meta name=\"twitter:card\" content=\"summary_large_image\" \/>\n<meta name=\"twitter:site\" content=\"@circutor\" \/>\n<meta name=\"twitter:label1\" content=\"Tempo estimado de leitura\" \/>\n\t<meta name=\"twitter:data1\" content=\"1 minuto\" \/>\n<script type=\"application\/ld+json\" class=\"yoast-schema-graph\">{\"@context\":\"https:\/\/schema.org\",\"@graph\":[{\"@type\":\"Organization\",\"@id\":\"https:\/\/circutor.com\/#organization\",\"name\":\"Circutor\",\"url\":\"https:\/\/circutor.com\/\",\"sameAs\":[\"https:\/\/www.instagram.com\/circutor_es\",\"https:\/\/www.linkedin.com\/company\/circutor\",\"https:\/\/www.youtube.com\/user\/CIRCUTORoficial\",\"https:\/\/www.facebook.com\/CIRCUTOR.ES\",\"https:\/\/twitter.com\/circutor\"],\"logo\":{\"@type\":\"ImageObject\",\"inLanguage\":\"pt-PT\",\"@id\":\"https:\/\/circutor.com\/#\/schema\/logo\/image\/\",\"url\":\"https:\/\/circutor.com\/wp-content\/uploads\/2020\/09\/CIR_LOGO_RED.png\",\"contentUrl\":\"https:\/\/circutor.com\/wp-content\/uploads\/2020\/09\/CIR_LOGO_RED.png\",\"width\":512,\"height\":128,\"caption\":\"Circutor\"},\"image\":{\"@id\":\"https:\/\/circutor.com\/#\/schema\/logo\/image\/\"}},{\"@type\":\"WebSite\",\"@id\":\"https:\/\/circutor.com\/#website\",\"url\":\"https:\/\/circutor.com\/\",\"name\":\"CIRCUTOR\",\"description\":\"Soluciones para la eficiencia energ\u00e9tica el\u00e9ctrica\",\"publisher\":{\"@id\":\"https:\/\/circutor.com\/#organization\"},\"potentialAction\":[{\"@type\":\"SearchAction\",\"target\":{\"@type\":\"EntryPoint\",\"urlTemplate\":\"https:\/\/circutor.com\/?s={search_term_string}\"},\"query-input\":\"required name=search_term_string\"}],\"inLanguage\":\"pt-PT\"},{\"@type\":\"WebPage\",\"@id\":\"https:\/\/circutor.com\/pt-pt\/suporte\/documentacao-tecnica\/\",\"url\":\"https:\/\/circutor.com\/pt-pt\/suporte\/documentacao-tecnica\/\",\"name\":\"Documenta\u00e7\u00e3o T\u00e9cnica - CIRCUTOR\",\"isPartOf\":{\"@id\":\"https:\/\/circutor.com\/#website\"},\"datePublished\":\"2025-05-30T10:57:21+00:00\",\"dateModified\":\"2025-05-30T11:09:42+00:00\",\"breadcrumb\":{\"@id\":\"https:\/\/circutor.com\/pt-pt\/suporte\/documentacao-tecnica\/#breadcrumb\"},\"inLanguage\":\"pt-PT\",\"potentialAction\":[{\"@type\":\"ReadAction\",\"target\":[\"https:\/\/circutor.com\/pt-pt\/suporte\/documentacao-tecnica\/\"]}]},{\"@type\":\"BreadcrumbList\",\"@id\":\"https:\/\/circutor.com\/pt-pt\/suporte\/documentacao-tecnica\/#breadcrumb\",\"itemListElement\":[{\"@type\":\"ListItem\",\"position\":1,\"name\":\"Portada\",\"item\":\"https:\/\/circutor.com\/pt-pt\/\"},{\"@type\":\"ListItem\",\"position\":2,\"name\":\"Suporte\",\"item\":\"https:\/\/circutor.com\/pt-pt\/suporte\/\"},{\"@type\":\"ListItem\",\"position\":3,\"name\":\"Documenta\u00e7\u00e3o T\u00e9cnica\"}]}]}<\/script>\n<!-- \/ Yoast SEO plugin. -->","yoast_head_json":{"title":"Documenta\u00e7\u00e3o T\u00e9cnica - CIRCUTOR","robots":{"index":"index","follow":"follow","max-snippet":"max-snippet:-1","max-image-preview":"max-image-preview:large","max-video-preview":"max-video-preview:-1"},"canonical":"https:\/\/circutor.com\/pt-pt\/suporte\/documentacao-tecnica\/","og_locale":"pt_PT","og_type":"article","og_title":"Documenta\u00e7\u00e3o T\u00e9cnica - CIRCUTOR","og_description":"[vc_row][vc_column][\/vc_column][\/vc_row][vc_row el_class=&#8221;banner_page_sin_foto banner_formacion&#8221;][vc_column][vc_column_text] Documenta\u00e7\u00e3o T\u00e9cnica [\/vc_column_text][vc_row_inner][vc_column_inner width=&#8221;2\/3&#8243;][vc_column_text el_class=&#8221;new_download_subtitle&#8221;] PowerStudio SCADA Plataforma Scout Edge IoT eManager \/ eCore [\/vc_column_text][\/vc_column_inner][vc_column_inner width=&#8221;1\/3&#8243;][\/vc_column_inner][\/vc_row_inner][\/vc_column][\/vc_row][vc_row el_class=&#8221;empresa-pasando acceso_contacto&#8221; css=&#8221;.vc_custom_1667827885594{padding-top: 20px !important;}&#8221;][vc_column][vc_raw_html]JTNDYSUyMGhyZWYlM0QlMjIlMkZwdC1vdCUyRmNvbnRhY3RvJTJGJTIyJTNFJTBBJTNDZGl2JTIwY2xhc3MlM0QlMjJpdGVtJTIwZ2VuZXJhbCUyMGFuaW1hY2lvbl9jYWphJTIyJTNFJTBBJTBBJTNDZGl2JTIwY2xhc3MlM0QlMjJkZXRhaWxzJTIyJTNFJTBBJTNDdGFibGUlMjBzdHlsZSUzRCUyMndpZHRoJTNBJTIwMTAwJTI1JTNCJTIyJTNFJTBBJTIwJTIwJTIwJTIwJTNDdGJvZHklM0UlMEElMjAlMjAlMjAlMjAlMjAlMjAlMjAlMjAlM0N0ciUzRSUwQSUyMCUyMCUyMCUyMCUyMCUyMCUyMCUyMCUyMCUyMCUyMCUyMCUzQ3RkJTNFJTBBJTIwJTIwJTIwJTIwJTIwJTIwJTIwJTIwJTIwJTIwJTIwJTIwJTIwJTIwJTIwJTIwJTNDaDQlMjBjbGFzcyUzRCUyMnRpdHVsb19wYWdlJTIwc21hbGwlMjBoNF9jb250YWN0b19kZXNjYXJnYXMlMjIlM0VTZSUyMGFpbmRhJTIwbiVDMyVBM28lMjBlbmNvbnRyb3UlMjBvJTIwcXVlJTIwcHJvY3VyYSUyQyUyMGNvbnRhY3RlLW5vcy4lM0MlMkZoNCUzRSUwQSUyMCUyMCUyMCUyMCUyMCUyMCUyMCUyMCUyMCUyMCUyMCUyMCUzQyUyRnRkJTNFJTBBJTIwJTIwJTIwJTIwJTIwJTIwJTIwJTIwJTIwJTIwJTIwJTIwJTNDdGQlMjByb3dzcGFuJTNEJTIyMyUyMiUyMGNsYXNzJTNEJTIybmV3X2Rlc2Nhcmdhc19jb250YWN0X2J1dHRvbiUyMiUzRSUwQSUyMCUyMCUyMCUyMCUyMCUyMCUyMCUyMCUyMCUyMCUyMCUyMCUyMCUyMCUyMCUyMCUzQ3AlMjBjbGFzcyUzRCUyMmVubGFjZS1jb250YWN0byUyMiUzRSUzQ2klMjBjbGFzcyUzRCUyMmljby10ZWxlcGhvbmUlMjIlM0UlM0MlMkZpJTNFJTIwQ29udGFjdGUlMjB1bSUyMGVzcGVjaWFsaXN0YSUyMCUzQyUyRnAlM0UlMEElMjAlMjAlMjAlMjAlMjAlMjAlMjAlMjAlMjAlMjAlMjAlMjAlM0MlMkZ0ZCUzRSUwQSUyMCUyMCUyMCUyMCUyMCUyMCUyMCUyMCUwQSUyMCUyMCUyMCUyMCUyMCUyMCUyMCUyMCUzQyUyRnRyJTNFJTBBJTIwJTIwJTIwJTIwJTIwJTIwJTIwJTIwJTNDdHIlM0UlMEElMjAlMjAlMjAlMjAlMjAlMjAlMjAlMjAlMjAlMjAlMjAlMjAlM0N0ZCUzRSUzQ3AlMjBjbGFzcyUzRCUyMnBfbmV3X2NvbnRhY3RvX2Rlc2NhcmdhcyUyMiUzRUNvbnRhY3RlLW5vcyUyMHNlJTIwbiVDMyVBM28lMjB0aXZlciUyMGNvbnNlZ3VpZG8lMjByZXNvbHZlciUyMGFzJTIwc3VhcyUyMGQlQzMlQkF2aWRhcy4lMjBPJTIwbm9zc28lMjBob3IlQzMlQTFyaW8lMjBkZSUyMGF0ZW5kaW1lbnRvJTIwJUMzJUE5JTNBJTNDJTJGcCUzRSUzQyUyRnRkJTNFJTBBJTIwJTIwJTIwJTIwJTIwJTIwJTIwJTIwJTNDJTJGdHIlM0UlMEElMjAlMjAlMjAlMjAlMjAlMjAlMjAlMjAlM0N0ciUzRSUwQSUyMCUyMCUyMCUyMCUyMCUyMCUyMCUyMCUyMCUyMCUyMCUyMCUzQ3RkJTNFJTNDcCUyMGNsYXNzJTNEJTIycF9uZXdfY29udGFjdG9fZGVzY2FyZ2FzJTIyJTNFJTNDc3Ryb25nJTNFRGUlMjBzZWd1bmRhJTIwYSUyMHF1aW50YS1mZWlyYSUyMGRhcyUyMDloJTIwJUMzJUEwcyUyMDE0aCUyMGUlMjBkYXMlMjAxNWglMjAlQzMlQTBzJTIwMTdoLiUyMFNleHRhLWZlaXJhJTJDJTIwZGFzJTIwOWglMjAlQzMlQTBzJTIwMTRoLiUzQyUyRnN0cm9uZyUzRSUzQyUyRnAlM0UlM0MlMkZ0ZCUzRSUwQSUyMCUyMCUyMCUyMCUyMCUyMCUyMCUyMCUzQyUyRnRyJTNFJTBBJTIwJTIwJTIwJTIwJTNDJTJGdGJvZHklM0UlMEElM0MlMkZ0YWJsZSUzRSUwQSUzQyUyRmRpdiUzRSUwQSUwQSUzQyUyRmRpdiUzRSUwQSUzQyUyRmElM0U=[\/vc_raw_html][\/vc_column][\/vc_row]","og_url":"https:\/\/circutor.com\/pt-pt\/suporte\/documentacao-tecnica\/","og_site_name":"CIRCUTOR","article_publisher":"https:\/\/www.facebook.com\/CIRCUTOR.ES","article_modified_time":"2025-05-30T11:09:42+00:00","og_image":[{"width":1299,"height":354,"url":"https:\/\/circutor.com\/wp-content\/uploads\/2022\/07\/Circutor_Logo_Color.png","type":"image\/png"}],"twitter_card":"summary_large_image","twitter_site":"@circutor","twitter_misc":{"Tempo estimado de leitura":"1 minuto"},"schema":{"@context":"https:\/\/schema.org","@graph":[{"@type":"Organization","@id":"https:\/\/circutor.com\/#organization","name":"Circutor","url":"https:\/\/circutor.com\/","sameAs":["https:\/\/www.instagram.com\/circutor_es","https:\/\/www.linkedin.com\/company\/circutor","https:\/\/www.youtube.com\/user\/CIRCUTORoficial","https:\/\/www.facebook.com\/CIRCUTOR.ES","https:\/\/twitter.com\/circutor"],"logo":{"@type":"ImageObject","inLanguage":"pt-PT","@id":"https:\/\/circutor.com\/#\/schema\/logo\/image\/","url":"https:\/\/circutor.com\/wp-content\/uploads\/2020\/09\/CIR_LOGO_RED.png","contentUrl":"https:\/\/circutor.com\/wp-content\/uploads\/2020\/09\/CIR_LOGO_RED.png","width":512,"height":128,"caption":"Circutor"},"image":{"@id":"https:\/\/circutor.com\/#\/schema\/logo\/image\/"}},{"@type":"WebSite","@id":"https:\/\/circutor.com\/#website","url":"https:\/\/circutor.com\/","name":"CIRCUTOR","description":"Soluciones para la eficiencia energ\u00e9tica el\u00e9ctrica","publisher":{"@id":"https:\/\/circutor.com\/#organization"},"potentialAction":[{"@type":"SearchAction","target":{"@type":"EntryPoint","urlTemplate":"https:\/\/circutor.com\/?s={search_term_string}"},"query-input":"required name=search_term_string"}],"inLanguage":"pt-PT"},{"@type":"WebPage","@id":"https:\/\/circutor.com\/pt-pt\/suporte\/documentacao-tecnica\/","url":"https:\/\/circutor.com\/pt-pt\/suporte\/documentacao-tecnica\/","name":"Documenta\u00e7\u00e3o T\u00e9cnica - CIRCUTOR","isPartOf":{"@id":"https:\/\/circutor.com\/#website"},"datePublished":"2025-05-30T10:57:21+00:00","dateModified":"2025-05-30T11:09:42+00:00","breadcrumb":{"@id":"https:\/\/circutor.com\/pt-pt\/suporte\/documentacao-tecnica\/#breadcrumb"},"inLanguage":"pt-PT","potentialAction":[{"@type":"ReadAction","target":["https:\/\/circutor.com\/pt-pt\/suporte\/documentacao-tecnica\/"]}]},{"@type":"BreadcrumbList","@id":"https:\/\/circutor.com\/pt-pt\/suporte\/documentacao-tecnica\/#breadcrumb","itemListElement":[{"@type":"ListItem","position":1,"name":"Portada","item":"https:\/\/circutor.com\/pt-pt\/"},{"@type":"ListItem","position":2,"name":"Suporte","item":"https:\/\/circutor.com\/pt-pt\/suporte\/"},{"@type":"ListItem","position":3,"name":"Documenta\u00e7\u00e3o T\u00e9cnica"}]}]}},"_links":{"self":[{"href":"https:\/\/circutor.com\/pt-pt\/wp-json\/wp\/v2\/pages\/56710"}],"collection":[{"href":"https:\/\/circutor.com\/pt-pt\/wp-json\/wp\/v2\/pages"}],"about":[{"href":"https:\/\/circutor.com\/pt-pt\/wp-json\/wp\/v2\/types\/page"}],"author":[{"embeddable":true,"href":"https:\/\/circutor.com\/pt-pt\/wp-json\/wp\/v2\/users\/7"}],"replies":[{"embeddable":true,"href":"https:\/\/circutor.com\/pt-pt\/wp-json\/wp\/v2\/comments?post=56710"}],"version-history":[{"count":2,"href":"https:\/\/circutor.com\/pt-pt\/wp-json\/wp\/v2\/pages\/56710\/revisions"}],"predecessor-version":[{"id":56721,"href":"https:\/\/circutor.com\/pt-pt\/wp-json\/wp\/v2\/pages\/56710\/revisions\/56721"}],"up":[{"embeddable":true,"href":"https:\/\/circutor.com\/pt-pt\/wp-json\/wp\/v2\/pages\/10055"}],"wp:attachment":[{"href":"https:\/\/circutor.com\/pt-pt\/wp-json\/wp\/v2\/media?parent=56710"}],"curies":[{"name":"wp","href":"https:\/\/api.w.org\/{rel}","templated":true}]}}