{"id":53059,"date":"2024-11-28T12:17:44","date_gmt":"2024-11-28T10:17:44","guid":{"rendered":"https:\/\/circutor.com\/?page_id=53059"},"modified":"2024-11-28T12:48:47","modified_gmt":"2024-11-28T10:48:47","slug":"ficheiros-2d-e-3d-dos-nossos-produtos","status":"publish","type":"page","link":"https:\/\/circutor.com\/pt-pt\/ficheiros-2d-e-3d-dos-nossos-produtos\/","title":{"rendered":"Ficheiros 2D e 3D dos nossos produtos"},"content":{"rendered":"<p>[vc_row][vc_column][vc_column_text css=&#8221;.vc_custom_1732788796296{margin-top: 20px !important;}&#8221;]<\/p>\n<h2>Descarregue os ficheiros 2D e 3D dos nossos produtos para lhe facilitar o design dos seus quadros el\u00e9tricos.<\/h2>\n<p>[\/vc_column_text][vc_row_inner gap=&#8221;10&#8243;][vc_column_inner width=&#8221;1\/2&#8243;][vc_column_text css=&#8221;.vc_custom_1732788838009{margin-top: 20px !important;margin-bottom: 20px !important;padding-top: 20px !important;padding-right: 20px !important;padding-bottom: 20px !important;padding-left: 20px !important;}&#8221;]<\/p>\n<h3>Otimize o tempo e melhore a precis\u00e3o dos seus projetos utilizando os ficheiros de produtos Circutor nos seus designs.<\/h3>\n<p>Na Circutor, sabemos o qu\u00e3o importante \u00e9 para si contar com as ferramentas adequadas para desenhar os seus quadros el\u00e9tricos de forma eficiente e precisa. Por isso, oferecemos-lhe a possibilidade de descarregar os ficheiros 2D e 3D de todos os nossos produtos, facilitando a integra\u00e7\u00e3o das nossas solu\u00e7\u00f5es nos seus projetos.[\/vc_column_text][vc_column_text css=&#8221;.vc_custom_1732788902891{margin-top: 20px !important;margin-bottom: 20px !important;padding-top: 20px !important;padding-right: 20px !important;padding-bottom: 20px !important;padding-left: 20px !important;}&#8221;]Os nossos produtos incluem equipamentos para:<\/p>\n<ul>\n<li><strong>Medi\u00e7\u00e3o e an\u00e1lise de vari\u00e1veis el\u00e9tricas<\/strong>, qualidade de consumo e consumos.<\/li>\n<li><strong>Transformadores de corrente<\/strong>: N\u00facleo aberto, fechado e transformadores eficientes.<\/li>\n<li><strong>Fatura\u00e7\u00e3o de energia<\/strong>: Contadores para medi\u00e7\u00e3o de companhia el\u00e9trica e solu\u00e7\u00f5es para a subcontagem de energia com certifica\u00e7\u00e3o MID para fatura\u00e7\u00e3o energ\u00e9tica.<\/li>\n<li><strong>Prote\u00e7\u00e3o de pessoas e instala\u00e7\u00f5es<\/strong> mediante prote\u00e7\u00e3o diferencial tipo A e B.<\/li>\n<li><strong>Prote\u00e7\u00e3o especializada para quadros el\u00e9tricos<\/strong> de carregamento de ve\u00edculos el\u00e9tricos e ilumina\u00e7\u00e3o p\u00fablica.<\/li>\n<li><strong>Sistemas de prote\u00e7\u00e3o<\/strong> com religa\u00e7\u00e3o autom\u00e1tica ou telecomando remoto.<\/li>\n<\/ul>\n<p>[\/vc_column_text][\/vc_column_inner][vc_column_inner width=&#8221;1\/2&#8243;][vc_column_text css=&#8221;.vc_custom_1732790871228{margin-top: 20px !important;margin-bottom: 20px !important;padding-top: 40px !important;padding-right: 40px !important;padding-bottom: 40px !important;padding-left: 40px !important;background-color: #f3f4f5 !important;}&#8221;]<strong>Descarregue agora os ficheiros 2D e 3D<\/strong><\/p>\n<p>Preencha o seguinte formul\u00e1rio para aceder \u00e0 descarga dos ficheiros:<\/p>\n<p><script src=\"\/\/info.circutor.com\/js\/forms2\/js\/forms2.min.js\"><\/script><\/p>\n<form id=\"mktoForm_1741\"><\/form>\n<p><script>MktoForms2.loadForm(\"\/\/info.circutor.com\", \"940-CSD-667\", 1741);<\/script>[\/vc_column_text][\/vc_column_inner][\/vc_row_inner][vc_column_text css=&#8221;.vc_custom_1732789014715{margin-top: 20px !important;margin-bottom: 20px !important;padding-top: 20px !important;padding-right: 20px !important;padding-bottom: 20px !important;padding-left: 20px !important;background-color: #ffeded !important;}&#8221;]<strong>Contacte-nos<\/strong> em <a href=\"mailto:comunicacion@circutor.com\">comunicacion@circutor.com<\/a> se necessitar de um ficheiro que n\u00e3o esteja inclu\u00eddo na transfer\u00eancia.[\/vc_column_text][\/vc_column][\/vc_row]<\/p>\n","protected":false},"excerpt":{"rendered":"<p>[vc_row][vc_column][vc_column_text css=&#8221;.vc_custom_1732788796296{margin-top: 20px !important;}&#8221;] Descarregue os ficheiros 2D e 3D dos nossos produtos para lhe facilitar o design dos seus quadros el\u00e9tricos. [\/vc_column_text][vc_row_inner gap=&#8221;10&#8243;][vc_column_inner width=&#8221;1\/2&#8243;][vc_column_text css=&#8221;.vc_custom_1732788838009{margin-top: 20px !important;margin-bottom: 20px !important;padding-top: 20px !important;padding-right: 20px !important;padding-bottom: 20px !important;padding-left: 20px !important;}&#8221;] Otimize o tempo e melhore a precis\u00e3o dos seus projetos utilizando os ficheiros de produtos Circutor nos [&hellip;]<\/p>\n","protected":false},"author":7,"featured_media":0,"parent":0,"menu_order":0,"comment_status":"closed","ping_status":"closed","template":"","meta":[],"acf":[],"yoast_head":"<!-- This site is optimized with the Yoast SEO plugin v19.4 - https:\/\/yoast.com\/wordpress\/plugins\/seo\/ -->\n<title>Ficheiros 2D e 3D dos nossos produtos - CIRCUTOR<\/title>\n<meta name=\"description\" content=\"Ficheiros 2D e 3D dos nossos produtos\" \/>\n<meta name=\"robots\" content=\"index, follow, max-snippet:-1, max-image-preview:large, max-video-preview:-1\" \/>\n<link rel=\"canonical\" href=\"https:\/\/circutor.com\/pt-pt\/ficheiros-2d-e-3d-dos-nossos-produtos\/\" \/>\n<meta property=\"og:locale\" content=\"pt_PT\" \/>\n<meta property=\"og:type\" content=\"article\" \/>\n<meta property=\"og:title\" content=\"Ficheiros 2D e 3D dos nossos produtos - CIRCUTOR\" \/>\n<meta property=\"og:description\" content=\"Ficheiros 2D e 3D dos nossos produtos\" \/>\n<meta property=\"og:url\" content=\"https:\/\/circutor.com\/pt-pt\/ficheiros-2d-e-3d-dos-nossos-produtos\/\" \/>\n<meta property=\"og:site_name\" content=\"CIRCUTOR\" \/>\n<meta property=\"article:publisher\" content=\"https:\/\/www.facebook.com\/CIRCUTOR.ES\" \/>\n<meta property=\"article:modified_time\" content=\"2024-11-28T10:48:47+00:00\" \/>\n<meta property=\"og:image\" content=\"https:\/\/circutor.com\/wp-content\/uploads\/2022\/07\/Circutor_Logo_Color.png\" \/>\n\t<meta property=\"og:image:width\" content=\"1299\" \/>\n\t<meta property=\"og:image:height\" content=\"354\" \/>\n\t<meta property=\"og:image:type\" content=\"image\/png\" \/>\n<meta name=\"twitter:card\" content=\"summary_large_image\" \/>\n<meta name=\"twitter:site\" content=\"@circutor\" \/>\n<meta name=\"twitter:label1\" content=\"Tempo estimado de leitura\" \/>\n\t<meta name=\"twitter:data1\" content=\"2 minutos\" \/>\n<script type=\"application\/ld+json\" class=\"yoast-schema-graph\">{\"@context\":\"https:\/\/schema.org\",\"@graph\":[{\"@type\":\"Organization\",\"@id\":\"https:\/\/circutor.com\/#organization\",\"name\":\"Circutor\",\"url\":\"https:\/\/circutor.com\/\",\"sameAs\":[\"https:\/\/www.instagram.com\/circutor_es\",\"https:\/\/www.linkedin.com\/company\/circutor\",\"https:\/\/www.youtube.com\/user\/CIRCUTORoficial\",\"https:\/\/www.facebook.com\/CIRCUTOR.ES\",\"https:\/\/twitter.com\/circutor\"],\"logo\":{\"@type\":\"ImageObject\",\"inLanguage\":\"pt-PT\",\"@id\":\"https:\/\/circutor.com\/#\/schema\/logo\/image\/\",\"url\":\"https:\/\/circutor.com\/wp-content\/uploads\/2020\/09\/CIR_LOGO_RED.png\",\"contentUrl\":\"https:\/\/circutor.com\/wp-content\/uploads\/2020\/09\/CIR_LOGO_RED.png\",\"width\":512,\"height\":128,\"caption\":\"Circutor\"},\"image\":{\"@id\":\"https:\/\/circutor.com\/#\/schema\/logo\/image\/\"}},{\"@type\":\"WebSite\",\"@id\":\"https:\/\/circutor.com\/#website\",\"url\":\"https:\/\/circutor.com\/\",\"name\":\"CIRCUTOR\",\"description\":\"Soluciones para la eficiencia energ\u00e9tica el\u00e9ctrica\",\"publisher\":{\"@id\":\"https:\/\/circutor.com\/#organization\"},\"potentialAction\":[{\"@type\":\"SearchAction\",\"target\":{\"@type\":\"EntryPoint\",\"urlTemplate\":\"https:\/\/circutor.com\/?s={search_term_string}\"},\"query-input\":\"required name=search_term_string\"}],\"inLanguage\":\"pt-PT\"},{\"@type\":\"WebPage\",\"@id\":\"https:\/\/circutor.com\/pt-pt\/ficheiros-2d-e-3d-dos-nossos-produtos\/\",\"url\":\"https:\/\/circutor.com\/pt-pt\/ficheiros-2d-e-3d-dos-nossos-produtos\/\",\"name\":\"Ficheiros 2D e 3D dos nossos produtos - CIRCUTOR\",\"isPartOf\":{\"@id\":\"https:\/\/circutor.com\/#website\"},\"datePublished\":\"2024-11-28T10:17:44+00:00\",\"dateModified\":\"2024-11-28T10:48:47+00:00\",\"description\":\"Ficheiros 2D e 3D dos nossos produtos\",\"breadcrumb\":{\"@id\":\"https:\/\/circutor.com\/pt-pt\/ficheiros-2d-e-3d-dos-nossos-produtos\/#breadcrumb\"},\"inLanguage\":\"pt-PT\",\"potentialAction\":[{\"@type\":\"ReadAction\",\"target\":[\"https:\/\/circutor.com\/pt-pt\/ficheiros-2d-e-3d-dos-nossos-produtos\/\"]}]},{\"@type\":\"BreadcrumbList\",\"@id\":\"https:\/\/circutor.com\/pt-pt\/ficheiros-2d-e-3d-dos-nossos-produtos\/#breadcrumb\",\"itemListElement\":[{\"@type\":\"ListItem\",\"position\":1,\"name\":\"Portada\",\"item\":\"https:\/\/circutor.com\/pt-pt\/\"},{\"@type\":\"ListItem\",\"position\":2,\"name\":\"Ficheiros 2D e 3D dos nossos produtos\"}]}]}<\/script>\n<!-- \/ Yoast SEO plugin. -->","yoast_head_json":{"title":"Ficheiros 2D e 3D dos nossos produtos - CIRCUTOR","description":"Ficheiros 2D e 3D dos nossos produtos","robots":{"index":"index","follow":"follow","max-snippet":"max-snippet:-1","max-image-preview":"max-image-preview:large","max-video-preview":"max-video-preview:-1"},"canonical":"https:\/\/circutor.com\/pt-pt\/ficheiros-2d-e-3d-dos-nossos-produtos\/","og_locale":"pt_PT","og_type":"article","og_title":"Ficheiros 2D e 3D dos nossos produtos - CIRCUTOR","og_description":"Ficheiros 2D e 3D dos nossos produtos","og_url":"https:\/\/circutor.com\/pt-pt\/ficheiros-2d-e-3d-dos-nossos-produtos\/","og_site_name":"CIRCUTOR","article_publisher":"https:\/\/www.facebook.com\/CIRCUTOR.ES","article_modified_time":"2024-11-28T10:48:47+00:00","og_image":[{"width":1299,"height":354,"url":"https:\/\/circutor.com\/wp-content\/uploads\/2022\/07\/Circutor_Logo_Color.png","type":"image\/png"}],"twitter_card":"summary_large_image","twitter_site":"@circutor","twitter_misc":{"Tempo estimado de leitura":"2 minutos"},"schema":{"@context":"https:\/\/schema.org","@graph":[{"@type":"Organization","@id":"https:\/\/circutor.com\/#organization","name":"Circutor","url":"https:\/\/circutor.com\/","sameAs":["https:\/\/www.instagram.com\/circutor_es","https:\/\/www.linkedin.com\/company\/circutor","https:\/\/www.youtube.com\/user\/CIRCUTORoficial","https:\/\/www.facebook.com\/CIRCUTOR.ES","https:\/\/twitter.com\/circutor"],"logo":{"@type":"ImageObject","inLanguage":"pt-PT","@id":"https:\/\/circutor.com\/#\/schema\/logo\/image\/","url":"https:\/\/circutor.com\/wp-content\/uploads\/2020\/09\/CIR_LOGO_RED.png","contentUrl":"https:\/\/circutor.com\/wp-content\/uploads\/2020\/09\/CIR_LOGO_RED.png","width":512,"height":128,"caption":"Circutor"},"image":{"@id":"https:\/\/circutor.com\/#\/schema\/logo\/image\/"}},{"@type":"WebSite","@id":"https:\/\/circutor.com\/#website","url":"https:\/\/circutor.com\/","name":"CIRCUTOR","description":"Soluciones para la eficiencia energ\u00e9tica el\u00e9ctrica","publisher":{"@id":"https:\/\/circutor.com\/#organization"},"potentialAction":[{"@type":"SearchAction","target":{"@type":"EntryPoint","urlTemplate":"https:\/\/circutor.com\/?s={search_term_string}"},"query-input":"required name=search_term_string"}],"inLanguage":"pt-PT"},{"@type":"WebPage","@id":"https:\/\/circutor.com\/pt-pt\/ficheiros-2d-e-3d-dos-nossos-produtos\/","url":"https:\/\/circutor.com\/pt-pt\/ficheiros-2d-e-3d-dos-nossos-produtos\/","name":"Ficheiros 2D e 3D dos nossos produtos - CIRCUTOR","isPartOf":{"@id":"https:\/\/circutor.com\/#website"},"datePublished":"2024-11-28T10:17:44+00:00","dateModified":"2024-11-28T10:48:47+00:00","description":"Ficheiros 2D e 3D dos nossos produtos","breadcrumb":{"@id":"https:\/\/circutor.com\/pt-pt\/ficheiros-2d-e-3d-dos-nossos-produtos\/#breadcrumb"},"inLanguage":"pt-PT","potentialAction":[{"@type":"ReadAction","target":["https:\/\/circutor.com\/pt-pt\/ficheiros-2d-e-3d-dos-nossos-produtos\/"]}]},{"@type":"BreadcrumbList","@id":"https:\/\/circutor.com\/pt-pt\/ficheiros-2d-e-3d-dos-nossos-produtos\/#breadcrumb","itemListElement":[{"@type":"ListItem","position":1,"name":"Portada","item":"https:\/\/circutor.com\/pt-pt\/"},{"@type":"ListItem","position":2,"name":"Ficheiros 2D e 3D dos nossos produtos"}]}]}},"_links":{"self":[{"href":"https:\/\/circutor.com\/pt-pt\/wp-json\/wp\/v2\/pages\/53059"}],"collection":[{"href":"https:\/\/circutor.com\/pt-pt\/wp-json\/wp\/v2\/pages"}],"about":[{"href":"https:\/\/circutor.com\/pt-pt\/wp-json\/wp\/v2\/types\/page"}],"author":[{"embeddable":true,"href":"https:\/\/circutor.com\/pt-pt\/wp-json\/wp\/v2\/users\/7"}],"replies":[{"embeddable":true,"href":"https:\/\/circutor.com\/pt-pt\/wp-json\/wp\/v2\/comments?post=53059"}],"version-history":[{"count":2,"href":"https:\/\/circutor.com\/pt-pt\/wp-json\/wp\/v2\/pages\/53059\/revisions"}],"predecessor-version":[{"id":53061,"href":"https:\/\/circutor.com\/pt-pt\/wp-json\/wp\/v2\/pages\/53059\/revisions\/53061"}],"wp:attachment":[{"href":"https:\/\/circutor.com\/pt-pt\/wp-json\/wp\/v2\/media?parent=53059"}],"curies":[{"name":"wp","href":"https:\/\/api.w.org\/{rel}","templated":true}]}}