{"id":48491,"date":"2024-03-25T15:32:35","date_gmt":"2024-03-25T13:32:35","guid":{"rendered":"https:\/\/circutor.com\/?page_id=48491"},"modified":"2024-03-26T12:38:38","modified_gmt":"2024-03-26T10:38:38","slug":"powerstudio-scada-universe","status":"publish","type":"page","link":"https:\/\/circutor.com\/pt-pt\/plataforma-powerstudio-scada\/powerstudio-scada-universe\/","title":{"rendered":"PowerStudio SCADA Universe"},"content":{"rendered":"<p>[vc_row full_width=&#8221;stretch_row&#8221; el_class=&#8221;banner_pagina_texto&#8221; css=&#8221;.vc_custom_1707752243795{background-image: url(https:\/\/circutor.com\/wp-content\/uploads\/2024\/02\/FO_PS_Universe_header.jpg?id=47735) !important;background-position: center !important;background-repeat: no-repeat !important;background-size: cover !important;}&#8221;][vc_column][vc_row_inner el_class=&#8221;breadcrumb&#8221;][vc_column_inner]<div itemscope itemtype=\"https:\/\/schema.org\/BreadcrumbList\" id=\"breadcrumb\"><div itemprop=\"itemListElement\" itemscope itemtype=\"https:\/\/schema.org\/ListItem\"><a itemprop=\"item\" href=\"https:\/\/circutor.com\/pt-pt\/\"><span itemprop=\"name\">Home<\/span><\/a><meta itemprop=\"position\" content=\"1\" \/><\/div><div itemprop=\"itemListElement\" itemscope itemtype=\"https:\/\/schema.org\/ListItem\"><span><i class=\"ico-guil-singl-right\"><\/i><\/span><a itemprop=\"item\" href=\"https:\/\/circutor.com\/pt-pt\/plataforma-powerstudio-scada\/\"><span itemprop=\"name\">Plataforma PowerStudio SCADA<\/span><\/a><meta itemprop=\"position\" content=\"3\"><\/div><div itemprop=\"itemListElement\" itemscope itemtype=\"https:\/\/schema.org\/ListItem\"><span><i class=\"ico-guil-singl-right\"><\/i><\/span><span class=\"active_item_breadcrumb\" itemprop=\"name\">PowerStudio SCADA Universe<\/span><meta itemprop=\"position\" content=\"4\"><\/div><\/div>[\/vc_column_inner][\/vc_row_inner][vc_row_inner][vc_column_inner width=&#8221;6\/12&#8243;][vc_column_text]<\/p>\n<h1>PowerStudio SCADA Universe: OPC-UA, SQL, API REST & Cloud<\/h1>\n<p>[\/vc_column_text][\/vc_column_inner][vc_column_inner width=&#8221;6\/12&#8243;][\/vc_column_inner][\/vc_row_inner][\/vc_column][\/vc_row][vc_row el_class=&#8221;empresa-que-hacemos bloque page_empresa&#8221; css=&#8221;.vc_custom_1707812915922{padding-top: 6rem !important;padding-bottom: 6rem !important;}&#8221;][vc_column][vc_row_inner css=&#8221;.vc_custom_1707812971082{padding-bottom: 6rem !important;}&#8221;][vc_column_inner width=&#8221;3\/4&#8243;][vc_column_text el_class=&#8221;animacion_left&#8221;]<\/p>\n<h6 class=\"wrap-title\">PowerStudio SCADA<\/h6>\n<h2><strong>A interoperabilidade industrial de que o seu SCADA necessita<\/strong><\/h2>\n<p>No mundo da <strong><a href=\"https:\/\/es.wikipedia.org\/wiki\/Automatizaci%C3%B3n_industrial\">automatiza\u00e7\u00e3o industrial<\/a><\/strong>, a comunica\u00e7\u00e3o entre diferentes sistemas \u00e9 fundamental para garantir a efici\u00eancia e o rendimento otimizado das instala\u00e7\u00f5es. O <strong>PowerStudio<\/strong> oferece op\u00e7\u00f5es de conetividade e plataformas na nuvem para garantir a interoperabilidade entre sistemas do ambiente industrial. Estas op\u00e7\u00f5es permitem integrar e partilhar dados de forma \u00e1gil e segura. Conecte o seu software PowerStudio SCADA com qualquer ferramenta de an\u00e1lise e gest\u00e3o para <span style=\"text-decoration: underline;\">tirar o m\u00e1ximo rendimento dos seus dados<\/span>.[\/vc_column_text][\/vc_column_inner][vc_column_inner width=&#8221;1\/4&#8243;][\/vc_column_inner][\/vc_row_inner][vc_separator css=&#8221;.vc_custom_1707814019747{margin-bottom: 20px !important;}&#8221;][vc_row_inner gap=&#8221;10&#8243;][vc_column_inner width=&#8221;1\/2&#8243;][vc_raw_html]JTNDaSUyMGNsYXNzJTNEJTIyaWNvLXNoYXJlJTIyJTIwc3R5bGUlM0QlMjJmb250LXNpemUlM0ExLjJyZW0lM0IlMjBtYXJnaW4tbGVmdCUzQS0wLjA1ZW0lM0IlMjBjb2xvciUzQSUyM0U0MDA0MCUzQiUyMiUzRSUzQyUyRmklM0UlMEElM0NoMyUyMGNsYXNzJTNEJTIyZm9udHNpemVfMV8ycmVtJTIyJTNFUGFydGlsaGUlMjBvcyUyMHNldXMlMjBkYWRvcyUyMG1lZGlhbnRlJTIwT1BDLVVBJTIwZW0lMjB0ZW1wbyUyMHJlYWwlM0MlMkZoMyUzRSUwQSUzQ3AlMjBzdHlsZSUzRCUyMmZvbnQtd2VpZ2h0JTNBJTIwNDAwJTNCJTIyJTNFTyUyMHByb3RvY29sbyUyME9QQy1VQSUyMCVDMyVBOSUyMHVtJTIwcGFkciVDMyVBM28lMjBhbXBsYW1lbnRlJTIwdXRpbGl6YWRvJTIwcGFyYSUyMGElMjBjb211bmljYSVDMyVBNyVDMyVBM28lMjBlbnRyZSUyMHNpc3RlbWFzJTIwZGUlMjBhdXRvbWF0aXphJUMzJUE3JUMzJUEzbyUyMG5hJTIwaW5kJUMzJUJBc3RyaWEuJTIwTyUyMCUzQ3N0cm9uZyUzRVBvd2VyU3R1ZGlvJTIwU0NBREElM0MlMkZzdHJvbmclM0UlMjAlQzMlQTklMjBjb21wYXQlQzMlQUR2ZWwlMjBjb20lMjBPUEMtVUElMjBtZWRpYW50ZSUyMGElMjBmZXJyYW1lbnRhJTIwT1BDLVVBJTIwU2VydmVyJTJDJTIwbyUyMHF1ZSUyMG8lMjBjb252ZXJ0ZSUyMG5vJTIwc2V1JTIwc29mdHdhcmUlMjBudW0lMjBzZXJ2aWRvciUyME9QQy1VQSUyMHBhcmElMjBxdWFscXVlciUyMHZhcmklQzMlQTF2ZWwlMjBvdSUyMGRhZG8lMjBjYXB0dXJhZG8uJTNDJTJGcCUzRQ==[\/vc_raw_html][vc_column_text css=&#8221;.vc_custom_1711372984765{margin-top: 40px !important;}&#8221;]<a class=\"boton_enlace\" href=\"https:\/\/circutor.com\/pt-pt\/produtos\/software-local\/software-de-gestao-energetica\/opc-ua-server-para-powerstudio\/product\/W20200.\/\" target=\"_blank\" rel=\"noopener\">Quero mais informa\u00e7\u00f5es sobre o <strong>m\u00f3dulo OPC UA<\/strong> <i class=\"ico-arrow-right\"><\/i><\/a>[\/vc_column_text][\/vc_column_inner][vc_column_inner width=&#8221;1\/2&#8243;][vc_single_image image=&#8221;47887&#8243; img_size=&#8221;medium&#8221; alignment=&#8221;center&#8221; style=&#8221;vc_box_rounded&#8221; css=&#8221;.vc_custom_1707834791898{margin-top: 20px !important;padding-top: 10px !important;padding-right: 10px !important;padding-bottom: 10px !important;padding-left: 10px !important;background-color: #f8f8f8 !important;border-radius: 4px !important;}&#8221;][\/vc_column_inner][\/vc_row_inner][vc_separator css=&#8221;.vc_custom_1707750737909{margin-top: 40px !important;margin-bottom: 20px !important;}&#8221;][vc_row_inner gap=&#8221;10&#8243; css=&#8221;.vc_custom_1707738039369{margin-top: 20px !important;}&#8221;][vc_column_inner width=&#8221;1\/2&#8243;][vc_raw_html]JTNDaSUyMGNsYXNzJTNEJTIyaWNvLWRhdGFsb2dnZXIlMjIlMjBzdHlsZSUzRCUyMmZvbnQtc2l6ZSUzQTEuMnJlbSUzQiUyMG1hcmdpbi1sZWZ0JTNBLTAuMDVlbSUzQiUyMGNvbG9yJTNBJTIzRTQwMDQwJTNCJTIyJTNFJTNDJTJGaSUzRSUwQSUzQ2gzJTIwY2xhc3MlM0QlMjJmb250c2l6ZV8xXzJyZW0lMjIlM0VFbnZpYSUyMG9zJTIwc2V1cyUyMHJlZ2lzdG9zJTIwcGFyYSUyMHF1YWxxdWVyJTIwYmFzZSUyMGRlJTIwZGFkb3MlMjBTUUwlM0MlMkZoMyUzRSUwQSUzQ3AlMjBzdHlsZSUzRCUyMmZvbnQtd2VpZ2h0JTNBJTIwNDAwJTNCJTIyJTNFTyUyMCUzQ3N0cm9uZyUzRVBvd2VyU3R1ZGlvJTIwU0NBREElM0MlMkZzdHJvbmclM0UlMjBwZXJtaXRlJTIwYSUyMGludGVncmElQzMlQTclQzMlQTNvJTIwZGUlMjBxdWFscXVlciUyMHZhcmklQzMlQTF2ZWwlMjBudW1hJTIwYmFzZSUyMGRlJTIwZGFkb3MlMjBTUUwlMkMlMjB1bWElMjBmdW5jaW9uYWxpZGFkZSUyMGltcHJlc2NpbmQlQzMlQUR2ZWwlMjBwYXJhJTIwZ2VyYXIlMjBjJUMzJUIzcGlhcyUyMGRlJTIwc2VndXJhbiVDMyVBN2ElMjBlJTIwdW0lMjAlQzMlQTFnaWwlMjBhY2Vzc28lMjAlQzMlQTBzJTIwaW5mb3JtYSVDMyVBNyVDMyVCNWVzJTIwcmVjb2xoaWRhcyUyMHBlbG9zJTIwc2V1cyUyMGRpc3Bvc2l0aXZvcy4lMjBBbCVDMyVBOW0lMjBkaXNzbyUyQyUyMGZhY2lsaXRhJTIwYSUyMHV0aWxpemElQzMlQTclQzMlQTNvJTIwZGUlMjB1bWElMjBhbXBsYSUyMHZhcmllZGFkZSUyMGRlJTIwZmVycmFtZW50YXMlMjBkZSUyMGFuJUMzJUExbGlzZSUyMGRlJTIwZGFkb3MlMkMlMjBtZWxob3JhbmRvJTIwYSUyMGVmaWNpJUMzJUFBbmNpYSUyMG9wZXJhdGl2YSUyMGRhJTIwc3VhJTIwZW1wcmVzYS4lM0MlMkZwJTNF[\/vc_raw_html][\/vc_column_inner][vc_column_inner width=&#8221;1\/2&#8243;][vc_single_image image=&#8221;47698&#8243; img_size=&#8221;medium&#8221; alignment=&#8221;center&#8221; style=&#8221;vc_box_rounded&#8221; css=&#8221;.vc_custom_1707751391417{margin-top: 20px !important;padding-top: 10px !important;padding-right: 10px !important;padding-bottom: 10px !important;padding-left: 10px !important;background-color: #f8f8f8 !important;border-radius: 4px !important;}&#8221;][\/vc_column_inner][\/vc_row_inner][vc_separator css=&#8221;.vc_custom_1707750737909{margin-top: 40px !important;margin-bottom: 20px !important;}&#8221;][vc_row_inner gap=&#8221;10&#8243; css=&#8221;.vc_custom_1707738039369{margin-top: 20px !important;}&#8221;][vc_column_inner width=&#8221;1\/2&#8243;][vc_raw_html]JTNDaSUyMGNsYXNzJTNEJTIyaWNvLXJlcG9ydC1jaGVjayUyMiUyMHN0eWxlJTNEJTIyZm9udC1zaXplJTNBMS4ycmVtJTNCJTIwbWFyZ2luLWxlZnQlM0EtMC4wNWVtJTNCJTIwY29sb3IlM0ElMjNFNDAwNDAlM0IlMjIlM0UlM0MlMkZpJTNFJTBBJTNDaDMlMjBjbGFzcyUzRCUyMmZvbnRzaXplXzFfMnJlbSUyMiUzRUV4dHJhaXIlMjBkYWRvcyUyMGF0cmF2JUMzJUE5cyUyMGRhJTIwQVBJJTIwUkVTVCUyMFhNTCUzQyUyRmgzJTNFJTBBJTNDcCUyMHN0eWxlJTNEJTIyZm9udC13ZWlnaHQlM0ElMjA0MDAlM0IlMjIlM0VBJTIwQVBJJTIwUkVTVCUyMGRvJTIwUG93ZXJTdHVkaW8lMjBTQ0FEQSUyMHBlcm1pdGUlMjByZWFsaXphciUyMHBlZGlkb3MlMjBYTUwlMjBhbyUyMG1vdG9yJTIwZGUlMjBnZXN0JUMzJUEzbyUyMGUlMjBhcm1hemVuYW1lbnRvJTIwZGUlMjBkYWRvcyUyQyUyMGRlbm9taW5hZG8lMjBFTkdJTkUuJTIwQSUyMEFQSSUyMGluY2x1aSUyMHBlZGlkb3MlMjBkZSUyMHZhbG9yZXMlMjBoaXN0JUMzJUIzcmljb3MlMkMlMjB2YWxvcmVzJTIwaW5zdGFudCVDMyVBMm5lb3MlMjBlJTIwcGVkaWRvcyUyMGRlJTIwZXNjcml0YSUyMHBhcmElMjBhJTIwZ2VzdCVDMyVBM28lMjByZW1vdGElMjBkYSUyMGluc3RhbGElQzMlQTclQzMlQTNvLiUyMEFsJUMzJUE5bSUyMGRpc3NvJTJDJTIwb3MlMjBwZWRpZG9zJTIwcGVybWl0ZW0lMjBhZGljaW9uYXIlMjBhZ3J1cGFtZW50b3MlMjB0ZW1wb3JhaXMlMjAlMjhhZ3JlZ2Fkb3MlMjBkaSVDMyVBMXJpb3MlMkMlMjBzZW1hbmFpcyUyMGUlMjBtZW5zYWlzJTI5JTJDJTIwYXNzaW0lMjBjb21vJTIwcGVkaWRvcyUyMGElMjBtJUMzJUJBbHRpcGxvcyUyMGRpc3Bvc2l0aXZvcyUyMGUlMjB2YXJpJUMzJUExdmVpcyUyMHNpbXVsdGFuZWFtZW50ZS4lM0MlMkZwJTNF[\/vc_raw_html][\/vc_column_inner][vc_column_inner width=&#8221;1\/2&#8243;][vc_single_image image=&#8221;47847&#8243; img_size=&#8221;medium&#8221; alignment=&#8221;center&#8221; style=&#8221;vc_box_rounded&#8221; css=&#8221;.vc_custom_1707831075657{margin-top: 20px !important;padding-top: 10px !important;padding-right: 10px !important;padding-bottom: 10px !important;padding-left: 10px !important;background-color: #f8f8f8 !important;border-radius: 4px !important;}&#8221;][\/vc_column_inner][\/vc_row_inner][vc_separator css=&#8221;.vc_custom_1707750737909{margin-top: 40px !important;margin-bottom: 20px !important;}&#8221;][vc_row_inner gap=&#8221;10&#8243; css=&#8221;.vc_custom_1707738039369{margin-top: 20px !important;}&#8221;][vc_column_inner width=&#8221;1\/2&#8243;][vc_raw_html]JTNDaSUyMGNsYXNzJTNEJTIyaWNvLWNsb3VkLTElMjIlMjBzdHlsZSUzRCUyMmZvbnQtc2l6ZSUzQTEuMnJlbSUzQiUyMG1hcmdpbi1sZWZ0JTNBLTAuMDVlbSUzQiUyMGNvbG9yJTNBJTIzRTQwMDQwJTNCJTIyJTNFJTNDJTJGaSUzRSUwQSUzQ2gzJTIwY2xhc3MlM0QlMjJmb250c2l6ZV8xXzJyZW0lMjIlM0VFbnZpYSUyMG9zJTIwc2V1cyUyMGRhZG9zJTIwcGFyYSUyMHBsYXRhZm9ybWFzJTIwQ2xvdWQlM0MlMkZoMyUzRSUwQSUzQ3AlMjBzdHlsZSUzRCUyMmZvbnQtd2VpZ2h0JTNBJTIwNDAwJTNCJTIyJTNFTyUyMFBvd2VyU3R1ZGlvJTIwU0NBREElMjBkaXNwJUMzJUI1ZSUyMGRlJTIwY29uZWN0b3JlcyUyMGElMjBwbGF0YWZvcm1hcyUyMENsb3VkJTIwcXVlJTIwcGVybWl0ZW0lMjBlc2NhbGFyJTIwbyUyMHNldSUyMHByb2pldG8lMjBtdWx0aXBvbnRvJTIwZSUyMHBhcnRpbGhhciUyMGRhZG9zJTIwZW50cmUlMjBkaWZlcmVudGVzJTIwaW5zdGFsYSVDMyVBNyVDMyVCNWVzJTIwZGUlMjBmb3JtYSUyMHJlbW90YSUyQyUyMG8lMjBxdWUlMjBhc3NlZ3VyYSUyMHVtYSUyMGFuJUMzJUExbGlzZSUyMG11aXRvJTIwbWFpcyUyMGRldGFsaGFkYS4lMjBDb20lMjBvJTIwbSVDMyVCM2R1bG8lMjBQUy1EYXRhYm94JTIwcG9kZSUyMGNvbmVjdGFyJTIwbyUyMFBvd2VyU3R1ZGlvJTIwZSUyMGElMjBwbGF0YWZvcm1hJTIwY2xvdWQlMjBEYXRhYm94JTIwcGFyYSUyMGNhcnJlZ2FyJTJDJTIwZGUlMjBmb3JtYSUyMHBlcmklQzMlQjNkaWNhJTJDJTIwZGFkb3MlMjBwcm9jZWRlbnRlcyUyMGRlJTIwZGlzcG9zaXRpdm9zJTIwb3UlMjB2YXJpJUMzJUExdmVpcyUyMGNhbGN1bGFkYXMlMkMlMjBvJTIwcXVlJTIwbWVsaG9yYSUyMGElMjBkaXNwb25pYmlsaWRhZGUlMjBvbmxpbmUlMjBlJTIwYSUyMHN1YSUyMGFuJUMzJUExbGlzZS4lMjAlM0MlMkZwJTNF[\/vc_raw_html][vc_column_text css=&#8221;.vc_custom_1711373248561{margin-top: 40px !important;}&#8221;]<a class=\"boton_enlace\" href=\"https:\/\/alfresco.circutor.com\/alfresco\/download\/attach\/workspace\/SpacesStore\/57eb9b58-2013-4fa8-ba74-62ab4081d3ea\/CT_DataBox_PT.pdf?guest=true\" target=\"_blank\" rel=\"noopener\">Quero saber mais sobre <strong>solu\u00e7\u00f5es Cloud<\/strong> <i class=\"ico-arrow-right\"><\/i><\/a>[\/vc_column_text][\/vc_column_inner][vc_column_inner width=&#8221;1\/2&#8243;][vc_single_image image=&#8221;47707&#8243; img_size=&#8221;medium&#8221; alignment=&#8221;center&#8221; style=&#8221;vc_box_rounded&#8221; css=&#8221;.vc_custom_1707751375779{margin-top: 20px !important;padding-top: 10px !important;padding-right: 10px !important;padding-bottom: 10px !important;padding-left: 10px !important;background-color: #f8f8f8 !important;border-radius: 4px !important;}&#8221;][\/vc_column_inner][\/vc_row_inner][\/vc_column][\/vc_row][vc_row full_width=&#8221;stretch_row&#8221; css=&#8221;.vc_custom_1707813856176{padding-top: 6rem !important;padding-bottom: 6rem !important;background-image: url(https:\/\/circutor.com\/wp-content\/uploads\/2024\/02\/FO_woman_laptop.jpg?id=47760) !important;background-position: center !important;background-repeat: no-repeat !important;background-size: cover !important;}&#8221;][vc_column][vc_column_text css=&#8221;.vc_custom_1711373428134{padding-top: 1rem !important;padding-bottom: 1rem !important;background-color: #ffffff !important;border-radius: 30px !important;}&#8221;]<\/p>\n<p style=\"text-align: center;\"><span class=\"fontsize_1_4rem\" style=\"line-height: 1.3em; color: #53565a;\">Conecte facilmente a sua aplica\u00e7\u00e3o PowerStudio Scada ao nosso <a class=\"boton_enlace\" style=\"fontsize: 1.4rem; color: #53565a;\" href=\"https:\/\/circutor.com\/pt-pt\/produtos\/software\/software-local\/product\/W20300.\/\" target=\"_blank\" rel=\"noopener\"><strong>software na nuvem Databox<\/strong> <i class=\"ico-arrow-right\"><\/i><\/a><\/span><\/p>\n<p>[\/vc_column_text][\/vc_column][\/vc_row][vc_row css=&#8221;.vc_custom_1707745720443{padding-top: 6rem !important;padding-bottom: 6rem !important;}&#8221;][vc_column width=&#8221;1\/6&#8243;][\/vc_column][vc_column width=&#8221;2\/3&#8243;][vc_column_text]<\/p>\n<h4 style=\"font-weight: 400;\"><strong>Necessita da nossa ajuda?<\/strong><\/h4>\n<p style=\"font-weight: 400;\">Contacte diretamente com os nossos especialistas para que o ajudem nos seus projetos e clarifiquem qualquer d\u00favida que possa ter sobre o nosso software <strong>PowerStudio SCADA<\/strong>.<\/p>\n<p>[\/vc_column_text][vc_column_text]<script src=\"\/\/info.circutor.com\/js\/forms2\/js\/forms2.min.js\"><\/script><\/p>\n<form id=\"mktoForm_1538\"><\/form>\n<p><script>MktoForms2.loadForm(\"\/\/info.circutor.com\", \"940-CSD-667\", 1538);<\/script>[\/vc_column_text][\/vc_column][vc_column width=&#8221;1\/6&#8243;][\/vc_column][\/vc_row]<\/p>\n","protected":false},"excerpt":{"rendered":"<p>[vc_row full_width=&#8221;stretch_row&#8221; el_class=&#8221;banner_pagina_texto&#8221; css=&#8221;.vc_custom_1707752243795{background-image: url(https:\/\/circutor.com\/wp-content\/uploads\/2024\/02\/FO_PS_Universe_header.jpg?id=47735) !important;background-position: center !important;background-repeat: no-repeat !important;background-size: cover !important;}&#8221;][vc_column][vc_row_inner el_class=&#8221;breadcrumb&#8221;][vc_column_inner][\/vc_column_inner][\/vc_row_inner][vc_row_inner][vc_column_inner width=&#8221;6\/12&#8243;][vc_column_text] PowerStudio SCADA Universe: OPC-UA, SQL, API REST &#038; Cloud [\/vc_column_text][\/vc_column_inner][vc_column_inner width=&#8221;6\/12&#8243;][\/vc_column_inner][\/vc_row_inner][\/vc_column][\/vc_row][vc_row el_class=&#8221;empresa-que-hacemos bloque page_empresa&#8221; css=&#8221;.vc_custom_1707812915922{padding-top: 6rem !important;padding-bottom: 6rem !important;}&#8221;][vc_column][vc_row_inner css=&#8221;.vc_custom_1707812971082{padding-bottom: 6rem !important;}&#8221;][vc_column_inner width=&#8221;3\/4&#8243;][vc_column_text el_class=&#8221;animacion_left&#8221;] PowerStudio SCADA A interoperabilidade industrial de que o seu SCADA necessita No mundo da automatiza\u00e7\u00e3o industrial, a [&hellip;]<\/p>\n","protected":false},"author":7,"featured_media":0,"parent":47176,"menu_order":0,"comment_status":"closed","ping_status":"closed","template":"","meta":[],"acf":[],"yoast_head":"<!-- This site is optimized with the Yoast SEO plugin v19.4 - https:\/\/yoast.com\/wordpress\/plugins\/seo\/ -->\n<title>PowerStudio SCADA Universe - CIRCUTOR<\/title>\n<meta name=\"description\" content=\"PowerStudio SCADA Universe\" \/>\n<meta name=\"robots\" content=\"index, follow, max-snippet:-1, max-image-preview:large, max-video-preview:-1\" \/>\n<link rel=\"canonical\" href=\"https:\/\/circutor.com\/pt-pt\/plataforma-powerstudio-scada\/powerstudio-scada-universe\/\" \/>\n<meta property=\"og:locale\" content=\"pt_PT\" \/>\n<meta property=\"og:type\" content=\"article\" \/>\n<meta property=\"og:title\" content=\"PowerStudio SCADA Universe - CIRCUTOR\" \/>\n<meta property=\"og:description\" content=\"PowerStudio SCADA Universe\" \/>\n<meta property=\"og:url\" content=\"https:\/\/circutor.com\/pt-pt\/plataforma-powerstudio-scada\/powerstudio-scada-universe\/\" \/>\n<meta property=\"og:site_name\" content=\"CIRCUTOR\" \/>\n<meta property=\"article:publisher\" content=\"https:\/\/www.facebook.com\/CIRCUTOR.ES\" \/>\n<meta property=\"article:modified_time\" content=\"2024-03-26T10:38:38+00:00\" \/>\n<meta property=\"og:image\" content=\"https:\/\/circutor.com\/wp-content\/uploads\/2022\/07\/Circutor_Logo_Color.png\" \/>\n\t<meta property=\"og:image:width\" content=\"1299\" \/>\n\t<meta property=\"og:image:height\" content=\"354\" \/>\n\t<meta property=\"og:image:type\" content=\"image\/png\" \/>\n<meta name=\"twitter:card\" content=\"summary_large_image\" \/>\n<meta name=\"twitter:site\" content=\"@circutor\" \/>\n<meta name=\"twitter:label1\" content=\"Tempo estimado de leitura\" \/>\n\t<meta name=\"twitter:data1\" content=\"5 minutos\" \/>\n<script type=\"application\/ld+json\" class=\"yoast-schema-graph\">{\"@context\":\"https:\/\/schema.org\",\"@graph\":[{\"@type\":\"Organization\",\"@id\":\"https:\/\/circutor.com\/#organization\",\"name\":\"Circutor\",\"url\":\"https:\/\/circutor.com\/\",\"sameAs\":[\"https:\/\/www.instagram.com\/circutor_es\",\"https:\/\/www.linkedin.com\/company\/circutor\",\"https:\/\/www.youtube.com\/user\/CIRCUTORoficial\",\"https:\/\/www.facebook.com\/CIRCUTOR.ES\",\"https:\/\/twitter.com\/circutor\"],\"logo\":{\"@type\":\"ImageObject\",\"inLanguage\":\"pt-PT\",\"@id\":\"https:\/\/circutor.com\/#\/schema\/logo\/image\/\",\"url\":\"https:\/\/circutor.com\/wp-content\/uploads\/2020\/09\/CIR_LOGO_RED.png\",\"contentUrl\":\"https:\/\/circutor.com\/wp-content\/uploads\/2020\/09\/CIR_LOGO_RED.png\",\"width\":512,\"height\":128,\"caption\":\"Circutor\"},\"image\":{\"@id\":\"https:\/\/circutor.com\/#\/schema\/logo\/image\/\"}},{\"@type\":\"WebSite\",\"@id\":\"https:\/\/circutor.com\/#website\",\"url\":\"https:\/\/circutor.com\/\",\"name\":\"CIRCUTOR\",\"description\":\"Soluciones para la eficiencia energ\u00e9tica el\u00e9ctrica\",\"publisher\":{\"@id\":\"https:\/\/circutor.com\/#organization\"},\"potentialAction\":[{\"@type\":\"SearchAction\",\"target\":{\"@type\":\"EntryPoint\",\"urlTemplate\":\"https:\/\/circutor.com\/?s={search_term_string}\"},\"query-input\":\"required name=search_term_string\"}],\"inLanguage\":\"pt-PT\"},{\"@type\":\"WebPage\",\"@id\":\"https:\/\/circutor.com\/pt-pt\/plataforma-powerstudio-scada\/powerstudio-scada-universe\/\",\"url\":\"https:\/\/circutor.com\/pt-pt\/plataforma-powerstudio-scada\/powerstudio-scada-universe\/\",\"name\":\"PowerStudio SCADA Universe - CIRCUTOR\",\"isPartOf\":{\"@id\":\"https:\/\/circutor.com\/#website\"},\"datePublished\":\"2024-03-25T13:32:35+00:00\",\"dateModified\":\"2024-03-26T10:38:38+00:00\",\"description\":\"PowerStudio SCADA Universe\",\"breadcrumb\":{\"@id\":\"https:\/\/circutor.com\/pt-pt\/plataforma-powerstudio-scada\/powerstudio-scada-universe\/#breadcrumb\"},\"inLanguage\":\"pt-PT\",\"potentialAction\":[{\"@type\":\"ReadAction\",\"target\":[\"https:\/\/circutor.com\/pt-pt\/plataforma-powerstudio-scada\/powerstudio-scada-universe\/\"]}]},{\"@type\":\"BreadcrumbList\",\"@id\":\"https:\/\/circutor.com\/pt-pt\/plataforma-powerstudio-scada\/powerstudio-scada-universe\/#breadcrumb\",\"itemListElement\":[{\"@type\":\"ListItem\",\"position\":1,\"name\":\"Portada\",\"item\":\"https:\/\/circutor.com\/pt-pt\/\"},{\"@type\":\"ListItem\",\"position\":2,\"name\":\"Plataforma PowerStudio SCADA\",\"item\":\"https:\/\/circutor.com\/pt-pt\/plataforma-powerstudio-scada\/\"},{\"@type\":\"ListItem\",\"position\":3,\"name\":\"PowerStudio SCADA Universe\"}]}]}<\/script>\n<!-- \/ Yoast SEO plugin. -->","yoast_head_json":{"title":"PowerStudio SCADA Universe - CIRCUTOR","description":"PowerStudio SCADA Universe","robots":{"index":"index","follow":"follow","max-snippet":"max-snippet:-1","max-image-preview":"max-image-preview:large","max-video-preview":"max-video-preview:-1"},"canonical":"https:\/\/circutor.com\/pt-pt\/plataforma-powerstudio-scada\/powerstudio-scada-universe\/","og_locale":"pt_PT","og_type":"article","og_title":"PowerStudio SCADA Universe - CIRCUTOR","og_description":"PowerStudio SCADA Universe","og_url":"https:\/\/circutor.com\/pt-pt\/plataforma-powerstudio-scada\/powerstudio-scada-universe\/","og_site_name":"CIRCUTOR","article_publisher":"https:\/\/www.facebook.com\/CIRCUTOR.ES","article_modified_time":"2024-03-26T10:38:38+00:00","og_image":[{"width":1299,"height":354,"url":"https:\/\/circutor.com\/wp-content\/uploads\/2022\/07\/Circutor_Logo_Color.png","type":"image\/png"}],"twitter_card":"summary_large_image","twitter_site":"@circutor","twitter_misc":{"Tempo estimado de leitura":"5 minutos"},"schema":{"@context":"https:\/\/schema.org","@graph":[{"@type":"Organization","@id":"https:\/\/circutor.com\/#organization","name":"Circutor","url":"https:\/\/circutor.com\/","sameAs":["https:\/\/www.instagram.com\/circutor_es","https:\/\/www.linkedin.com\/company\/circutor","https:\/\/www.youtube.com\/user\/CIRCUTORoficial","https:\/\/www.facebook.com\/CIRCUTOR.ES","https:\/\/twitter.com\/circutor"],"logo":{"@type":"ImageObject","inLanguage":"pt-PT","@id":"https:\/\/circutor.com\/#\/schema\/logo\/image\/","url":"https:\/\/circutor.com\/wp-content\/uploads\/2020\/09\/CIR_LOGO_RED.png","contentUrl":"https:\/\/circutor.com\/wp-content\/uploads\/2020\/09\/CIR_LOGO_RED.png","width":512,"height":128,"caption":"Circutor"},"image":{"@id":"https:\/\/circutor.com\/#\/schema\/logo\/image\/"}},{"@type":"WebSite","@id":"https:\/\/circutor.com\/#website","url":"https:\/\/circutor.com\/","name":"CIRCUTOR","description":"Soluciones para la eficiencia energ\u00e9tica el\u00e9ctrica","publisher":{"@id":"https:\/\/circutor.com\/#organization"},"potentialAction":[{"@type":"SearchAction","target":{"@type":"EntryPoint","urlTemplate":"https:\/\/circutor.com\/?s={search_term_string}"},"query-input":"required name=search_term_string"}],"inLanguage":"pt-PT"},{"@type":"WebPage","@id":"https:\/\/circutor.com\/pt-pt\/plataforma-powerstudio-scada\/powerstudio-scada-universe\/","url":"https:\/\/circutor.com\/pt-pt\/plataforma-powerstudio-scada\/powerstudio-scada-universe\/","name":"PowerStudio SCADA Universe - CIRCUTOR","isPartOf":{"@id":"https:\/\/circutor.com\/#website"},"datePublished":"2024-03-25T13:32:35+00:00","dateModified":"2024-03-26T10:38:38+00:00","description":"PowerStudio SCADA Universe","breadcrumb":{"@id":"https:\/\/circutor.com\/pt-pt\/plataforma-powerstudio-scada\/powerstudio-scada-universe\/#breadcrumb"},"inLanguage":"pt-PT","potentialAction":[{"@type":"ReadAction","target":["https:\/\/circutor.com\/pt-pt\/plataforma-powerstudio-scada\/powerstudio-scada-universe\/"]}]},{"@type":"BreadcrumbList","@id":"https:\/\/circutor.com\/pt-pt\/plataforma-powerstudio-scada\/powerstudio-scada-universe\/#breadcrumb","itemListElement":[{"@type":"ListItem","position":1,"name":"Portada","item":"https:\/\/circutor.com\/pt-pt\/"},{"@type":"ListItem","position":2,"name":"Plataforma PowerStudio SCADA","item":"https:\/\/circutor.com\/pt-pt\/plataforma-powerstudio-scada\/"},{"@type":"ListItem","position":3,"name":"PowerStudio SCADA Universe"}]}]}},"_links":{"self":[{"href":"https:\/\/circutor.com\/pt-pt\/wp-json\/wp\/v2\/pages\/48491"}],"collection":[{"href":"https:\/\/circutor.com\/pt-pt\/wp-json\/wp\/v2\/pages"}],"about":[{"href":"https:\/\/circutor.com\/pt-pt\/wp-json\/wp\/v2\/types\/page"}],"author":[{"embeddable":true,"href":"https:\/\/circutor.com\/pt-pt\/wp-json\/wp\/v2\/users\/7"}],"replies":[{"embeddable":true,"href":"https:\/\/circutor.com\/pt-pt\/wp-json\/wp\/v2\/comments?post=48491"}],"version-history":[{"count":0,"href":"https:\/\/circutor.com\/pt-pt\/wp-json\/wp\/v2\/pages\/48491\/revisions"}],"up":[{"embeddable":true,"href":"https:\/\/circutor.com\/pt-pt\/wp-json\/wp\/v2\/pages\/47176"}],"wp:attachment":[{"href":"https:\/\/circutor.com\/pt-pt\/wp-json\/wp\/v2\/media?parent=48491"}],"curies":[{"name":"wp","href":"https:\/\/api.w.org\/{rel}","templated":true}]}}