{"id":34561,"date":"2023-03-07T17:17:31","date_gmt":"2023-03-07T15:17:31","guid":{"rendered":"https:\/\/circutor.com\/?page_id=34561"},"modified":"2023-03-08T12:45:04","modified_gmt":"2023-03-08T10:45:04","slug":"50-aniversario","status":"publish","type":"page","link":"https:\/\/circutor.com\/pt-pt\/50-aniversario\/","title":{"rendered":"50 Aniversario"},"content":{"rendered":"<p>[vc_row full_width=&#8221;stretch_row&#8221; content_placement=&#8221;middle&#8221; el_class=&#8221;banner_pagina_texto&#8221; css=&#8221;.vc_custom_1677670995759{background-image: url(https:\/\/circutor.com\/wp-content\/uploads\/2023\/03\/Header_50aniv-scaled.jpg?id=34278) !important;background-position: center !important;background-repeat: no-repeat !important;background-size: cover !important;}&#8221;][vc_column css=&#8221;.vc_custom_1605620904006{padding-top: 0px !important;}&#8221;][vc_row_inner el_class=&#8221;breadcrumb&#8221;][vc_column_inner width=&#8221;1\/2&#8243;]<div itemscope itemtype=\"https:\/\/schema.org\/BreadcrumbList\" id=\"breadcrumb\"><div itemprop=\"itemListElement\" itemscope itemtype=\"https:\/\/schema.org\/ListItem\"><a itemprop=\"item\" href=\"https:\/\/circutor.com\/pt-pt\/\"><span itemprop=\"name\">Home<\/span><\/a><meta itemprop=\"position\" content=\"1\" \/><\/div><div itemprop=\"itemListElement\" itemscope itemtype=\"https:\/\/schema.org\/ListItem\"><span><i class=\"ico-guil-singl-right\"><\/i><\/span><span class=\"active_item_breadcrumb\" itemprop=\"name\">50 Aniversario<\/span><meta itemprop=\"position\" content=\"3\"><\/div><\/div>[\/vc_column_inner][vc_column_inner width=&#8221;1\/2&#8243;][\/vc_column_inner][\/vc_row_inner][vc_row_inner equal_height=&#8221;yes&#8221; content_placement=&#8221;middle&#8221;][vc_column_inner width=&#8221;6\/12&#8243;][vc_column_text css_animation=&#8221;fadeIn&#8221;]<\/p>\n<h1>Meio s\u00e9culo de<br \/>\nefici\u00eancia e inova\u00e7\u00e3o<\/h1>\n<p>[\/vc_column_text][\/vc_column_inner][vc_column_inner width=&#8221;1\/12&#8243;][\/vc_column_inner][vc_column_inner width=&#8221;5\/12&#8243;][vc_single_image image=&#8221;33796&#8243; img_size=&#8221;full&#8221; alignment=&#8221;right&#8221; css_animation=&#8221;fadeInRight&#8221; css=&#8221;.vc_custom_1678201109112{padding-top: 50px !important;}&#8221;][\/vc_column_inner][\/vc_row_inner][\/vc_column][\/vc_row][vc_row el_class=&#8221;empresa-que-hacemos bloque page_empresa&#8221;][vc_column width=&#8221;8\/12&#8243;][vc_column_text el_class=&#8221;animacion_left&#8221; css=&#8221;.vc_custom_1678201069065{margin-bottom: 50px !important;}&#8221;]<\/p>\n<h6 class=\"wrap-title\">UM LEGADO DE COLABORA\u00c7\u00c3O<\/h6>\n<h2>Meio s\u00e9culo de efici\u00eancia e inova\u00e7\u00e3o<\/h2>\n<p>[\/vc_column_text][vc_column_text]Este ano celebramos os nossos 50 anos, 50 anos onde a paix\u00e3o pela efici\u00eancia energ\u00e9tica e pela inova\u00e7\u00e3o foram a nossa raz\u00e3o de ser. Sentimo-nos orgulhosos de ter chegado t\u00e3o longe e queremos partilhar esta celebra\u00e7\u00e3o consigo.<\/p>\n<p>Em 1973, ano da <em>\u201cPrimeira grande crise do petr\u00f3leo\u201d<\/em>, os nossos s\u00f3cios fundadores viram a necessidade de dar ao mercado solu\u00e7\u00f5es que ajudar\u00e3o a conseguir uma utiliza\u00e7\u00e3o mais racional e eficiente da energia el\u00e9trica e, desde ent\u00e3o, este foi o grande ideal que nos moveu.<\/p>\n<p>Durante estes 50 anos, trabalh\u00e1mos com paix\u00e3o e dedica\u00e7\u00e3o. Com uma equipa multidisciplinar de mais de 900 colaboradores e a inova\u00e7\u00e3o como bandeira, conseguimos desenvolver, fabricar e fornecer produtos que ajudam os nossos clientes a ser cada vez mais eficientes no consumo da energia.<\/p>\n<p>As pessoas sempre estiveram no centro da nossa organiza\u00e7\u00e3o. Abertos, respeitadores, curiosos e comprometidos com o desenvolvimento de solu\u00e7\u00f5es que melhorem o que nos rodeia e a nossa qualidade de vida.<\/p>\n<p>Acreditamos que a utiliza\u00e7\u00e3o eficiente da energia \u00e9 a chave para um futuro mais sustent\u00e1vel. Apostamos numa energia mais limpa, tanto em gera\u00e7\u00e3o, como em consumo, e estamos decididos a ser refer\u00eancias em efici\u00eancia energ\u00e9tica el\u00e9trica durante mais 50 anos.<\/p>\n<p>Queremos agradecer a todos os nossos clientes e colaboradores que nos acompanharam durante estes 50 anos de sucesso, sem eles isto n\u00e3o teria sido poss\u00edvel. Sentimo-nos orgulhosos de ter chegado at\u00e9 aqui, mas sabemos que ainda falta muito por fazer.<\/p>\n<p>Queremos convid\u00e1-lo(a) a juntar-se \u00e0 celebra\u00e7\u00e3o do nosso 50\u00ba anivers\u00e1rio e a continuarmos a trabalhar juntos por um futuro mais eficiente e sustent\u00e1vel.<\/p>\n<p><strong><em>E que cumpramos muitos mais.<\/em><\/strong>[\/vc_column_text][vc_column_text css=&#8221;.vc_custom_1678201244667{margin-top: 40px !important;}&#8221;]<a class=\"boton_enlace\" href=\"https:\/\/circutor.com\/pt-pt\/setores\/\">Descubra as nossas solu\u00e7\u00f5es mais inovadoras <i class=\"ico-arrow-right\"><\/i><\/a>[\/vc_column_text][\/vc_column][vc_column width=&#8221;4\/12&#8243;][vc_single_image image=&#8221;34537&#8243; img_size=&#8221;medium&#8221; alignment=&#8221;right&#8221; style=&#8221;vc_box_rounded&#8221; css_animation=&#8221;fadeIn&#8221; css=&#8221;.vc_custom_1678201075775{margin-left: 50px !important;}&#8221;][vc_single_image image=&#8221;34358&#8243; img_size=&#8221;medium&#8221; alignment=&#8221;right&#8221; style=&#8221;vc_box_rounded&#8221; css_animation=&#8221;fadeIn&#8221; css=&#8221;.vc_custom_1678201080680{margin-top: 80px !important;margin-left: 50px !important;}&#8221;][vc_single_image image=&#8221;34401&#8243; img_size=&#8221;medium&#8221; alignment=&#8221;right&#8221; style=&#8221;vc_box_rounded&#8221; css_animation=&#8221;fadeIn&#8221; css=&#8221;.vc_custom_1678201085714{margin-top: 80px !important;margin-left: 50px !important;}&#8221;][\/vc_column][\/vc_row][vc_row el_class=&#8221;bloque empresa-como-lo-hacemos&#8221;][vc_column][vc_column_text el_class=&#8221;animacion_left&#8221;]<\/p>\n<h6 class=\"wrap-title\">COMO O FAZEMOS<\/h6>\n<p>[\/vc_column_text][vc_row_inner][vc_column_inner width=&#8221;1\/3&#8243;][vc_raw_html]JTNDYSUyMGhyZWYlM0QlMjIlMkZwdC1wdCUyRmVtcHJlc2ElMkZjdWx0dXJhLWUtdmFsb3JlcyUyRiUyMiUzRSUwQSUzQ2RpdiUyMGNsYXNzJTNEJTIyaXRlbSUyMGdlbmVyYWwlMjBhbmltYWNpb25fY2FqYSUyMiUzRSUwQSUwQSUzQ2RpdiUyMGNsYXNzJTNEJTIyaW1hZ2VuLWJvcmRlJTIyJTNFJTBBJTNDaW1nJTIwc3JjJTNEJTIyJTJGd3AtY29udGVudCUyRnVwbG9hZHMlMkYyMDIyJTJGMDQlMkZGQ19DaXJjdXRvcl8yMjAzXzE3MjAtMS5qcGclMjIlM0UlMEElM0MlMkZkaXYlM0UlMEElMEElM0NkaXYlMjBjbGFzcyUzRCUyMmRldGFpbHMlMjIlM0UlMEElM0NoMyUyMGNsYXNzJTNEJTIydGl0dWxvX3BhZ2UlMjBzbWFsbCUyMiUzRUN1bHR1cmElMjBlJTIwVmFsb3JlcyUzQyUyRmgzJTNFJTBBJTNDcCUyMGNsYXNzJTNEJTIyZW5sYWNlJTIyJTNFRGVzY3VicmElMjBjb21vJTIwZW50ZW5kZW1vcyUyMG5vc3NvJTIwbXVuZG8lMjAlM0NpJTIwY2xhc3MlM0QlMjJpY28tYXJyb3ctcmlnaHQlMjIlM0UlM0MlMkZpJTNFJTNDJTJGcCUzRSUwQSUzQyUyRmRpdiUzRSUwQSUwQSUzQyUyRmRpdiUzRSUwQSUzQyUyRmElM0U=[\/vc_raw_html][\/vc_column_inner][vc_column_inner width=&#8221;1\/3&#8243;][vc_raw_html]JTNDYSUyMGhyZWYlM0QlMjIlMkZwdC1wdCUyRmVtcHJlc2ElMkZtYXJjYS1jaXJjdXRvciUyRiUyMiUzRSUwQSUzQ2RpdiUyMGNsYXNzJTNEJTIyaXRlbSUyMGdlbmVyYWwlMjBhbmltYWNpb25fY2FqYSUyMiUzRSUwQSUwQSUzQ2RpdiUyMGNsYXNzJTNEJTIyaW1hZ2VuLWJvcmRlJTIyJTNFJTBBJTNDaW1nJTIwc3JjJTNEJTIyJTJGd3AtY29udGVudCUyRnVwbG9hZHMlMkYyMDIyJTJGMDQlMkZGQ19DaXJjdXRvcl8yMjAzXzEzNjItMS5qcGclMjIlM0UlMEElM0MlMkZkaXYlM0UlMEElMEElM0NkaXYlMjBjbGFzcyUzRCUyMmRldGFpbHMlMjIlM0UlMEElM0NoMyUyMGNsYXNzJTNEJTIydGl0dWxvX3BhZ2UlMjBzbWFsbCUyMiUzRU1hcmNhJTIwQ0lSQ1VUT1IlM0MlMkZoMyUzRSUwQSUzQ3AlMjBjbGFzcyUzRCUyMmVubGFjZSUyMiUzRU1vc3RyYW1vcyUyMHBvcnF1ZSUyMG5vc3NhJTIwbWFyY2ElMjAlQzMlQTklMjByZWNvbmhlY2lkYSUyMG5vJTIwbWVyY2FkbyUyMElub3ZhJUMzJUE3YW8lMjAlM0NpJTIwY2xhc3MlM0QlMjJpY28tYXJyb3ctcmlnaHQlMjIlM0UlM0MlMkZpJTNFJTNDJTJGcCUzRSUwQSUzQyUyRmRpdiUzRSUwQSUwQSUzQyUyRmRpdiUzRSUwQSUzQyUyRmElM0U=[\/vc_raw_html][\/vc_column_inner][vc_column_inner width=&#8221;1\/3&#8243;][vc_raw_html]JTNDYSUyMGhyZWYlM0QlMjIlMkZwdC1wdCUyRmVtcHJlc2ElMkZpbm92YWNhbyUyRiUyMiUzRSUwQSUzQ2RpdiUyMGNsYXNzJTNEJTIyaXRlbSUyMGdlbmVyYWwlMjBhbmltYWNpb25fY2FqYSUyMiUzRSUwQSUwQSUzQ2RpdiUyMGNsYXNzJTNEJTIyaW1hZ2VuLWJvcmRlJTIyJTNFJTBBJTNDaW1nJTIwc3JjJTNEJTIyJTJGd3AtY29udGVudCUyRnVwbG9hZHMlMkYyMDIyJTJGMDQlMkZGQ19DaXJjdXRvcl8yMjAzXzE1ODEtMS5qcGclMjIlM0UlMEElM0MlMkZkaXYlM0UlMEElMEElM0NkaXYlMjBjbGFzcyUzRCUyMmRldGFpbHMlMjIlM0UlMEElM0NoMyUyMGNsYXNzJTNEJTIydGl0dWxvX3BhZ2UlMjBzbWFsbCUyMiUzRUlub3ZhY2FvJTNDJTJGaDMlM0UlMEElM0NwJTIwY2xhc3MlM0QlMjJlbmxhY2UlMjIlM0VQcm9qZXRvcyUyMGUlMjBub3ZpZGFkZXMlMjAlM0NpJTIwY2xhc3MlM0QlMjJpY28tYXJyb3ctcmlnaHQlMjIlM0UlM0MlMkZpJTNFJTNDJTJGcCUzRSUwQSUzQyUyRmRpdiUzRSUwQSUwQSUzQyUyRmRpdiUzRSUwQSUzQyUyRmElM0U=[\/vc_raw_html][\/vc_column_inner][\/vc_row_inner][\/vc_column][\/vc_row][vc_row el_class=&#8221;empresa-como-lo-hacemos-bottom&#8221;][vc_column width=&#8221;2\/3&#8243;][vc_raw_html el_class=&#8221;hacemos_equipo&#8221;]JTNDYSUyMGhyZWYlM0QlMjIlMkZwdC1wdCUyRmVtcHJlc2ElMkZ0cmFiYWxobyUyRiUyMiUzRSUwQSUzQ2RpdiUyMGNsYXNzJTNEJTIyaXRlbSUyMGRlc3RhY2FkYSUyMGFuaW1hY2lvbl9jYWphJTIyJTIwc3R5bGUlM0QlMjJiYWNrZ3JvdW5kLWltYWdlJTNBJTIwbGluZWFyLWdyYWRpZW50JTI4dG8lMjByaWdodCUyQyUyMHJnYiUyODMyJTJDJTIwMzglMkMlMjA0NCUyQyUyMDAuODUlMjklMkMlMjByZ2IlMjgzMiUyQyUyMDM4JTJDJTIwNDQlMkMlMjAwJTI5JTIwNjYlMjUlMjAxMDAlMjUlMjklMkMlMEElMDl1cmwlMjglMjclMkZ3cC1jb250ZW50JTJGdXBsb2FkcyUyRjIwMjIlMkYwNCUyRkZDX0NpcmN1dG9yXzIyMDNfMTc1NC0xLmpwZyUyNyUyOSUzQiUyMGJhY2tncm91bmQtcmVwZWF0JTNBbm8tcmVwZWF0JTNCJTIwYmFja2dyb3VuZC1zaXplJTNBY292ZXIlM0IlMjIlM0UlMEElM0NwJTIwY2xhc3MlM0QlMjJ0aXR1bG8lMjIlM0VKdW50ZS1zZSUyMGElMjBub3NzYSUyMGVxdWlwZSUzQyUyRnAlM0UlMEElM0NwJTIwY2xhc3MlM0QlMjJlbmxhY2UlMjIlM0VGYSVDMyVBN2ElMjBwYXJ0ZSUyMGRvJTIwZnV0dXJvJTIwJTNDYnIlM0VkYSUyMGVmaWNpJUMzJUFBbmNpYSUyMGVuZXJnJUMzJUE5dGljYSUyMCUzQ2klMjBjbGFzcyUzRCUyMmljby1hcnJvdy1yaWdodCUyMiUzRSUzQyUyRmklM0UlM0MlMkZwJTNFJTBBJTNDJTJGZGl2JTNFJTBBJTNDJTJGYSUzRQ==[\/vc_raw_html][\/vc_column][vc_column width=&#8221;1\/3&#8243;][vc_row_inner][vc_column_inner][vc_raw_html]JTNDYSUyMGhyZWYlM0QlMjIlMkZwdC1wdCUyRmVtcHJlc2ElMkZjb21wcm9taXNzbyUyRiUyMiUzRSUwQSUwQSUzQ2RpdiUyMGNsYXNzJTNEJTIyYW5pbWFjaW9uX2NhamElMjBpdGVtX2NvbXByb21pc28lMjIlM0UlMEElM0NpJTIwY2xhc3MlM0QlMjJpY28tZ2xvYmUtbWVyaWRpYW5zJTIyJTNFJTNDJTJGaSUzRSUwQSUzQ3AlMjBjbGFzcyUzRCUyMnRpdHVsbyUyMiUzRURlY2xhcmElQzMlQTclQzMlQTNvJTIwZGUlMjBDb21wcm9taXNzb3MlMjBlJTIwJUMzJTg5dGljYSUyMEVtcHJlc2FyaWFsJTNDJTJGcCUzRSUwQSUzQyUyRmRpdiUzRSUwQSUwQSUzQyUyRmElM0U=[\/vc_raw_html][\/vc_column_inner][\/vc_row_inner][vc_row_inner][vc_column_inner el_class=&#8221;redes_sociales&#8221;][vc_raw_html]JTNDZGl2JTIwY2xhc3MlM0QlMjJpdGVtX2NvbmVjdGElMjIlM0UlMEElMEElM0NwJTIwY2xhc3MlM0QlMjJ0aXR1bG8lMjIlM0VDb25lY3RlLXNlJTIwY29ub3NjbyUzQyUyRnAlM0UlMEElM0NwJTNFJTBBJTNDYSUyMGhyZWYlM0QlMjJodHRwcyUzQSUyRiUyRnd3dy5mYWNlYm9vay5jb20lMkZDSVJDVVRPUi5FUyUyMiUyMHRhcmdldCUzRCUyMl9ibGFuayUyMiUzRSUzQ2ltZyUyMHNyYyUzRCUyMiUyRndwLWNvbnRlbnQlMkZ1cGxvYWRzJTJGMjAyMCUyRjA5JTJGSWNvbnNfUlJTU19XZWJfRmFjZWJvb2tfQ29sb3Iuc3ZnJTIyJTNFJTNDJTJGYSUzRSUwQSUzQ2ElMjBocmVmJTNEJTIyaHR0cHMlM0ElMkYlMkZ3d3cubGlua2VkaW4uY29tJTJGY29tcGFueSUyRmNpcmN1dG9yJTIyJTIwdGFyZ2V0JTNEJTIyX2JsYW5rJTIyJTNFJTNDaW1nJTIwc3JjJTNEJTIyJTJGd3AtY29udGVudCUyRnVwbG9hZHMlMkYyMDIwJTJGMDklMkZJY29uc19SUlNTX1dlYl9MaW5rZWRJbl9Db2xvci5zdmclMjIlM0UlM0MlMkZhJTNFJTBBJTNDYSUyMGhyZWYlM0QlMjJodHRwcyUzQSUyRiUyRnR3aXR0ZXIuY29tJTJGY2lyY3V0b3IlMjIlMjB0YXJnZXQlM0QlMjJfYmxhbmslMjIlM0UlM0NpbWclMjBzcmMlM0QlMjJodHRwJTNBJTJGJTJGY2lyY3V0b3Itd3AuYXRpYy5ibHVlJTJGd3AtY29udGVudCUyRnVwbG9hZHMlMkYyMDIwJTJGMDklMkZJY29uc19SUlNTX1dlYl9Ud2l0dGVyX0NvbG9yLnN2ZyUyMiUzRSUzQyUyRmElM0UlMEElM0NhJTIwaHJlZiUzRCUyMmh0dHBzJTNBJTJGJTJGd3d3LnlvdXR1YmUuY29tJTJGY2hhbm5lbCUyRlVDYmMwbzV4TVRFa2M1bmlOaUlVMXF2QSUyMiUyMHRhcmdldCUzRCUyMl9ibGFuayUyMiUzRSUzQ2ltZyUyMHNyYyUzRCUyMiUyRndwLWNvbnRlbnQlMkZ1cGxvYWRzJTJGMjAyMCUyRjA5JTJGSWNvbnNfUlJTU19XZWJfWW91VHViZV9Db2xvci5zdmclMjIlM0UlM0MlMkZhJTNFJTBBJTNDJTJGcCUzRSUwQSUwQSUzQyUyRmRpdiUzRQ==[\/vc_raw_html][\/vc_column_inner][\/vc_row_inner][\/vc_column][\/vc_row][vc_row full_width=&#8221;stretch_row&#8221; css=&#8221;.vc_custom_1615879299866{background-color: #f3f4f5 !important;}&#8221; el_class=&#8221;destacado_sede_empresa&#8221;][vc_column width=&#8221;1\/3&#8243;][vc_column_text]<\/p>\n<h6 class=\"wrap-title\">SEDE CENTRAL<\/h6>\n<p>[\/vc_column_text][vc_raw_html el_class=&#8221;logo&#8221;]JTNDaSUyMGNsYXNzJTNEJTIyaWNvLWNpcmN1dG9yJTIyJTNFJTNDJTJGaSUzRQ==[\/vc_raw_html][vc_column_text el_id=&#8221;info_contacto&#8221; el_class=&#8221;info_contacto&#8221;]Vial Sant Jordi s\/n<br \/>\n08232 Viladecavalls<br \/>\n(Barcelona) Espanha[\/vc_column_text][vc_raw_html el_class=&#8221;iconos_contacto&#8221;]JTNDcCUzRSUzQ2klMjBjbGFzcyUzRCUyMmljby10ZWxlcGhvbmUlMjIlM0UlM0MlMkZpJTNFJTIwJTI4JTJCMzQlMjklMjA5MzclMjA0NTIlMjA5MDAlMjAlM0MlMkZwJTNFJTBBJTNDcCUzRSUzQ2klMjBjbGFzcyUzRCUyMmljby1wcmludGVyJTIyJTNFJTNDJTJGaSUzRSUyMCUyOCUyQjM0JTI5JTIwOTM3JTIwNDUyJTIwOTE0JTIwJTNDJTJGcCUzRSUwQSUzQ3AlM0UlM0NpJTIwY2xhc3MlM0QlMjJpY28tZW52ZWxvcGUlMjIlM0UlM0MlMkZpJTNFJTIwY2VudHJhbCU0MGNpcmN1dG9yLmNvbSUyMCUzQyUyRnAlM0U=[\/vc_raw_html][vc_gmaps link=&#8221;#E-8_JTNDaWZyYW1lJTIwc3JjJTNEJTIyaHR0cHMlM0ElMkYlMkZ3d3cuZ29vZ2xlLmNvbSUyRm1hcHMlMkZlbWJlZCUzRnBiJTNEJTIxMW0xOCUyMTFtMTIlMjExbTMlMjExZDI5ODUuMzgwNjg4MjgwNDM3NCUyMTJkMS45NTkwNDUwMTU3MzA3Mzg2JTIxM2Q0MS41NjEwMDQ3OTMxNzYzMyUyMTJtMyUyMTFmMCUyMTJmMCUyMTNmMCUyMTNtMiUyMTFpMTAyNCUyMTJpNzY4JTIxNGYxMy4xJTIxM20zJTIxMW0yJTIxMXMweDEyYTQ4ZDFhNTZhZmUwZjUlMjUzQTB4Y2FjN2Y4MGI3YjA2ODM3OCUyMTJzQ2lyY3V0b3IlMjE1ZTAlMjEzbTIlMjExc2VzJTIxMnNlcyUyMTR2MTYxNTg3OTAxNjYzOCUyMTVtMiUyMTFzZXMlMjEyc2VzJTIyJTIwd2lkdGglM0QlMjIyNDAlMjIlMjBoZWlnaHQlM0QlMjIxMzUlMjIlMjBzdHlsZSUzRCUyMmJvcmRlciUzQTAlM0IlMjIlMjBhbGxvd2Z1bGxzY3JlZW4lM0QlMjIlMjIlMjBsb2FkaW5nJTNEJTIybGF6eSUyMiUzRSUzQyUyRmlmcmFtZSUzRQ==&#8221; el_class=&#8221;mapa&#8221;][\/vc_column][vc_column width=&#8221;2\/3&#8243;][vc_single_image image=&#8221;15625&#8243; img_size=&#8221;full&#8221;][\/vc_column][\/vc_row][vc_row el_class=&#8221;bloque empresa-pasando empresa_abajo&#8221;][vc_column][vc_column_text el_class=&#8221;animacion_left&#8221;]<\/p>\n<h6 class=\"wrap-title\">QU\u00c9 EST\u00c1 PASANDO<\/h6>\n<p>[\/vc_column_text][vc_row_inner][vc_column_inner width=&#8221;1\/3&#8243;][vc_raw_html]JTNDYSUyMGhyZWYlM0QlMjIlMkZwdC1wdCUyRmVtcHJlc2ElMkZhdHVhbGlkYWRlLWRvLWNpcmN1dG9yJTJGJTIyJTNFJTBBJTNDZGl2JTIwY2xhc3MlM0QlMjJpdGVtJTIwZ2VuZXJhbCUyMGFuaW1hY2lvbl9jYWphJTIyJTNFJTBBJTBBJTNDZGl2JTIwY2xhc3MlM0QlMjJkZXRhaWxzJTIyJTNFJTBBJTNDaSUyMGNsYXNzJTNEJTIyaWNvLW5ld3NwYXBlciUyMiUzRSUzQyUyRmklM0UlMEElM0NoMyUyMGNsYXNzJTNEJTIydGl0dWxvX3BhZ2UlMjBzbWFsbCUyMiUzRUFjdHVhbGlkYWRlJTNDJTJGaDMlM0UlMEElM0NwJTIwY2xhc3MlM0QlMjJlbmxhY2UlMjIlM0VBdHVhbGlkYWRlJTIwZGElMjBpbmQlQzMlQkFzdHJpYSUyMCUzQ2klMjBjbGFzcyUzRCUyMmljby1hcnJvdy1yaWdodCUyMiUzRSUzQyUyRmklM0UlM0MlMkZwJTNFJTBBJTNDJTJGZGl2JTNFJTBBJTBBJTNDJTJGZGl2JTNFJTBBJTNDJTJGYSUzRQ==[\/vc_raw_html][\/vc_column_inner][vc_column_inner width=&#8221;1\/3&#8243;][vc_raw_html]JTNDYSUyMGhyZWYlM0QlMjIlMkZwdC1wdCUyRmVtcHJlc2ElMkZhdHVhbGlkYWRlLWRvLWNpcmN1dG9yJTJGJTIyJTNFJTBBJTNDZGl2JTIwY2xhc3MlM0QlMjJpdGVtJTIwZ2VuZXJhbCUyMGFuaW1hY2lvbl9jYWphJTIyJTNFJTBBJTBBJTNDZGl2JTIwY2xhc3MlM0QlMjJkZXRhaWxzJTIyJTNFJTBBJTNDaSUyMGNsYXNzJTNEJTIyaWNvLWFmdGVyLXNhbGVzJTIyJTNFJTNDJTJGaSUzRSUwQSUzQ2gzJTIwY2xhc3MlM0QlMjJ0aXR1bG9fcGFnZSUyMHNtYWxsJTIyJTNFTm92aWRhZGVzJTNDJTJGaDMlM0UlMEElM0NwJTIwY2xhc3MlM0QlMjJlbmxhY2UlMjIlM0VOb3Nzb3MlMjAlQzMlQkFsdGltb3MlMjBsYW4lQzMlQTdhbWVudG9zJTIwJTNDaSUyMGNsYXNzJTNEJTIyaWNvLWFycm93LXJpZ2h0JTIyJTNFJTNDJTJGaSUzRSUzQyUyRnAlM0UlMEElM0MlMkZkaXYlM0UlMEElMEElM0MlMkZkaXYlM0UlMEElM0MlMkZhJTNF[\/vc_raw_html][\/vc_column_inner][vc_column_inner width=&#8221;1\/3&#8243;][vc_raw_html]JTNDYSUyMGhyZWYlM0QlMjIlMkZwdC1wdCUyRnN1cG9ydGUlMkZmb3JtYWNhbyUyRiUyMiUzRSUwQSUzQ2RpdiUyMGNsYXNzJTNEJTIyaXRlbSUyMGdlbmVyYWwlMjBhbmltYWNpb25fY2FqYSUyMiUzRSUwQSUwQSUzQ2RpdiUyMGNsYXNzJTNEJTIyZGV0YWlscyUyMiUzRSUwQSUzQ2klMjBjbGFzcyUzRCUyMmljby1ncmFkdWF0aW9uLWNhcCUyMiUzRSUzQyUyRmklM0UlMEElM0NoMyUyMGNsYXNzJTNEJTIydGl0dWxvX3BhZ2UlMjBzbWFsbCUyMiUzRUZvcm1hJUMzJUE3JUMzJUEzbyUzQyUyRmgzJTNFJTBBJTNDcCUyMGNsYXNzJTNEJTIyZW5sYWNlJTIyJTNFRmElQzMlQTdhJTIwcGFydGUlMjBkb3MlMjBwciVDMyVCM3hpbW9zJTIwZXZlbnRvcyUyMCUzQ2klMjBjbGFzcyUzRCUyMmljby1hcnJvdy1yaWdodCUyMiUzRSUzQyUyRmklM0UlM0MlMkZwJTNFJTBBJTNDJTJGZGl2JTNFJTBBJTBBJTNDJTJGZGl2JTNFJTBBJTNDJTJGYSUzRQ==[\/vc_raw_html][\/vc_column_inner][\/vc_row_inner][\/vc_column][\/vc_row]<\/p>\n","protected":false},"excerpt":{"rendered":"<p>[vc_row full_width=&#8221;stretch_row&#8221; content_placement=&#8221;middle&#8221; el_class=&#8221;banner_pagina_texto&#8221; css=&#8221;.vc_custom_1677670995759{background-image: url(https:\/\/circutor.com\/wp-content\/uploads\/2023\/03\/Header_50aniv-scaled.jpg?id=34278) !important;background-position: center !important;background-repeat: no-repeat !important;background-size: cover !important;}&#8221;][vc_column css=&#8221;.vc_custom_1605620904006{padding-top: 0px !important;}&#8221;][vc_row_inner el_class=&#8221;breadcrumb&#8221;][vc_column_inner width=&#8221;1\/2&#8243;][\/vc_column_inner][vc_column_inner width=&#8221;1\/2&#8243;][\/vc_column_inner][\/vc_row_inner][vc_row_inner equal_height=&#8221;yes&#8221; content_placement=&#8221;middle&#8221;][vc_column_inner width=&#8221;6\/12&#8243;][vc_column_text css_animation=&#8221;fadeIn&#8221;] Meio s\u00e9culo de efici\u00eancia e inova\u00e7\u00e3o [\/vc_column_text][\/vc_column_inner][vc_column_inner width=&#8221;1\/12&#8243;][\/vc_column_inner][vc_column_inner width=&#8221;5\/12&#8243;][vc_single_image image=&#8221;33796&#8243; img_size=&#8221;full&#8221; alignment=&#8221;right&#8221; css_animation=&#8221;fadeInRight&#8221; css=&#8221;.vc_custom_1678201109112{padding-top: 50px !important;}&#8221;][\/vc_column_inner][\/vc_row_inner][\/vc_column][\/vc_row][vc_row el_class=&#8221;empresa-que-hacemos bloque page_empresa&#8221;][vc_column width=&#8221;8\/12&#8243;][vc_column_text el_class=&#8221;animacion_left&#8221; css=&#8221;.vc_custom_1678201069065{margin-bottom: 50px !important;}&#8221;] UM LEGADO DE COLABORA\u00c7\u00c3O Meio s\u00e9culo de efici\u00eancia [&hellip;]<\/p>\n","protected":false},"author":5,"featured_media":0,"parent":0,"menu_order":0,"comment_status":"closed","ping_status":"closed","template":"","meta":[],"acf":[],"yoast_head":"<!-- This site is optimized with the Yoast SEO plugin v19.4 - https:\/\/yoast.com\/wordpress\/plugins\/seo\/ -->\n<title>50 Aniversario - CIRCUTOR<\/title>\n<meta name=\"description\" content=\"Este ano celebramos os nossos 50 anos, 50 anos onde a paix\u00e3o pela efici\u00eancia energ\u00e9tica e pela inova\u00e7\u00e3o.\" \/>\n<meta name=\"robots\" content=\"index, follow, max-snippet:-1, max-image-preview:large, max-video-preview:-1\" \/>\n<link rel=\"canonical\" href=\"https:\/\/circutor.com\/pt-pt\/50-aniversario\/\" \/>\n<meta property=\"og:locale\" content=\"pt_PT\" \/>\n<meta property=\"og:type\" content=\"article\" \/>\n<meta property=\"og:title\" content=\"50 Aniversario - CIRCUTOR\" \/>\n<meta property=\"og:description\" content=\"Este ano celebramos os nossos 50 anos, 50 anos onde a paix\u00e3o pela efici\u00eancia energ\u00e9tica e pela inova\u00e7\u00e3o.\" \/>\n<meta property=\"og:url\" content=\"https:\/\/circutor.com\/pt-pt\/50-aniversario\/\" \/>\n<meta property=\"og:site_name\" content=\"CIRCUTOR\" \/>\n<meta property=\"article:publisher\" content=\"https:\/\/www.facebook.com\/CIRCUTOR.ES\" \/>\n<meta property=\"article:modified_time\" content=\"2023-03-08T10:45:04+00:00\" \/>\n<meta property=\"og:image\" content=\"https:\/\/circutor.com\/wp-content\/uploads\/2022\/07\/Circutor_Logo_Color.png\" \/>\n\t<meta property=\"og:image:width\" content=\"1299\" \/>\n\t<meta property=\"og:image:height\" content=\"354\" \/>\n\t<meta property=\"og:image:type\" content=\"image\/png\" \/>\n<meta name=\"twitter:card\" content=\"summary_large_image\" \/>\n<meta name=\"twitter:site\" content=\"@circutor\" \/>\n<meta name=\"twitter:label1\" content=\"Tempo estimado de leitura\" \/>\n\t<meta name=\"twitter:data1\" content=\"7 minutos\" \/>\n<script type=\"application\/ld+json\" class=\"yoast-schema-graph\">{\"@context\":\"https:\/\/schema.org\",\"@graph\":[{\"@type\":\"Organization\",\"@id\":\"https:\/\/circutor.com\/#organization\",\"name\":\"Circutor\",\"url\":\"https:\/\/circutor.com\/\",\"sameAs\":[\"https:\/\/www.instagram.com\/circutor_es\",\"https:\/\/www.linkedin.com\/company\/circutor\",\"https:\/\/www.youtube.com\/user\/CIRCUTORoficial\",\"https:\/\/www.facebook.com\/CIRCUTOR.ES\",\"https:\/\/twitter.com\/circutor\"],\"logo\":{\"@type\":\"ImageObject\",\"inLanguage\":\"pt-PT\",\"@id\":\"https:\/\/circutor.com\/#\/schema\/logo\/image\/\",\"url\":\"https:\/\/circutor.com\/wp-content\/uploads\/2020\/09\/CIR_LOGO_RED.png\",\"contentUrl\":\"https:\/\/circutor.com\/wp-content\/uploads\/2020\/09\/CIR_LOGO_RED.png\",\"width\":512,\"height\":128,\"caption\":\"Circutor\"},\"image\":{\"@id\":\"https:\/\/circutor.com\/#\/schema\/logo\/image\/\"}},{\"@type\":\"WebSite\",\"@id\":\"https:\/\/circutor.com\/#website\",\"url\":\"https:\/\/circutor.com\/\",\"name\":\"CIRCUTOR\",\"description\":\"Soluciones para la eficiencia energ\u00e9tica el\u00e9ctrica\",\"publisher\":{\"@id\":\"https:\/\/circutor.com\/#organization\"},\"potentialAction\":[{\"@type\":\"SearchAction\",\"target\":{\"@type\":\"EntryPoint\",\"urlTemplate\":\"https:\/\/circutor.com\/?s={search_term_string}\"},\"query-input\":\"required name=search_term_string\"}],\"inLanguage\":\"pt-PT\"},{\"@type\":\"WebPage\",\"@id\":\"https:\/\/circutor.com\/pt-pt\/50-aniversario\/\",\"url\":\"https:\/\/circutor.com\/pt-pt\/50-aniversario\/\",\"name\":\"50 Aniversario - CIRCUTOR\",\"isPartOf\":{\"@id\":\"https:\/\/circutor.com\/#website\"},\"datePublished\":\"2023-03-07T15:17:31+00:00\",\"dateModified\":\"2023-03-08T10:45:04+00:00\",\"description\":\"Este ano celebramos os nossos 50 anos, 50 anos onde a paix\u00e3o pela efici\u00eancia energ\u00e9tica e pela inova\u00e7\u00e3o.\",\"breadcrumb\":{\"@id\":\"https:\/\/circutor.com\/pt-pt\/50-aniversario\/#breadcrumb\"},\"inLanguage\":\"pt-PT\",\"potentialAction\":[{\"@type\":\"ReadAction\",\"target\":[\"https:\/\/circutor.com\/pt-pt\/50-aniversario\/\"]}]},{\"@type\":\"BreadcrumbList\",\"@id\":\"https:\/\/circutor.com\/pt-pt\/50-aniversario\/#breadcrumb\",\"itemListElement\":[{\"@type\":\"ListItem\",\"position\":1,\"name\":\"Portada\",\"item\":\"https:\/\/circutor.com\/pt-pt\/\"},{\"@type\":\"ListItem\",\"position\":2,\"name\":\"50 Aniversario\"}]}]}<\/script>\n<!-- \/ Yoast SEO plugin. -->","yoast_head_json":{"title":"50 Aniversario - CIRCUTOR","description":"Este ano celebramos os nossos 50 anos, 50 anos onde a paix\u00e3o pela efici\u00eancia energ\u00e9tica e pela inova\u00e7\u00e3o.","robots":{"index":"index","follow":"follow","max-snippet":"max-snippet:-1","max-image-preview":"max-image-preview:large","max-video-preview":"max-video-preview:-1"},"canonical":"https:\/\/circutor.com\/pt-pt\/50-aniversario\/","og_locale":"pt_PT","og_type":"article","og_title":"50 Aniversario - CIRCUTOR","og_description":"Este ano celebramos os nossos 50 anos, 50 anos onde a paix\u00e3o pela efici\u00eancia energ\u00e9tica e pela inova\u00e7\u00e3o.","og_url":"https:\/\/circutor.com\/pt-pt\/50-aniversario\/","og_site_name":"CIRCUTOR","article_publisher":"https:\/\/www.facebook.com\/CIRCUTOR.ES","article_modified_time":"2023-03-08T10:45:04+00:00","og_image":[{"width":1299,"height":354,"url":"https:\/\/circutor.com\/wp-content\/uploads\/2022\/07\/Circutor_Logo_Color.png","type":"image\/png"}],"twitter_card":"summary_large_image","twitter_site":"@circutor","twitter_misc":{"Tempo estimado de leitura":"7 minutos"},"schema":{"@context":"https:\/\/schema.org","@graph":[{"@type":"Organization","@id":"https:\/\/circutor.com\/#organization","name":"Circutor","url":"https:\/\/circutor.com\/","sameAs":["https:\/\/www.instagram.com\/circutor_es","https:\/\/www.linkedin.com\/company\/circutor","https:\/\/www.youtube.com\/user\/CIRCUTORoficial","https:\/\/www.facebook.com\/CIRCUTOR.ES","https:\/\/twitter.com\/circutor"],"logo":{"@type":"ImageObject","inLanguage":"pt-PT","@id":"https:\/\/circutor.com\/#\/schema\/logo\/image\/","url":"https:\/\/circutor.com\/wp-content\/uploads\/2020\/09\/CIR_LOGO_RED.png","contentUrl":"https:\/\/circutor.com\/wp-content\/uploads\/2020\/09\/CIR_LOGO_RED.png","width":512,"height":128,"caption":"Circutor"},"image":{"@id":"https:\/\/circutor.com\/#\/schema\/logo\/image\/"}},{"@type":"WebSite","@id":"https:\/\/circutor.com\/#website","url":"https:\/\/circutor.com\/","name":"CIRCUTOR","description":"Soluciones para la eficiencia energ\u00e9tica el\u00e9ctrica","publisher":{"@id":"https:\/\/circutor.com\/#organization"},"potentialAction":[{"@type":"SearchAction","target":{"@type":"EntryPoint","urlTemplate":"https:\/\/circutor.com\/?s={search_term_string}"},"query-input":"required name=search_term_string"}],"inLanguage":"pt-PT"},{"@type":"WebPage","@id":"https:\/\/circutor.com\/pt-pt\/50-aniversario\/","url":"https:\/\/circutor.com\/pt-pt\/50-aniversario\/","name":"50 Aniversario - CIRCUTOR","isPartOf":{"@id":"https:\/\/circutor.com\/#website"},"datePublished":"2023-03-07T15:17:31+00:00","dateModified":"2023-03-08T10:45:04+00:00","description":"Este ano celebramos os nossos 50 anos, 50 anos onde a paix\u00e3o pela efici\u00eancia energ\u00e9tica e pela inova\u00e7\u00e3o.","breadcrumb":{"@id":"https:\/\/circutor.com\/pt-pt\/50-aniversario\/#breadcrumb"},"inLanguage":"pt-PT","potentialAction":[{"@type":"ReadAction","target":["https:\/\/circutor.com\/pt-pt\/50-aniversario\/"]}]},{"@type":"BreadcrumbList","@id":"https:\/\/circutor.com\/pt-pt\/50-aniversario\/#breadcrumb","itemListElement":[{"@type":"ListItem","position":1,"name":"Portada","item":"https:\/\/circutor.com\/pt-pt\/"},{"@type":"ListItem","position":2,"name":"50 Aniversario"}]}]}},"_links":{"self":[{"href":"https:\/\/circutor.com\/pt-pt\/wp-json\/wp\/v2\/pages\/34561"}],"collection":[{"href":"https:\/\/circutor.com\/pt-pt\/wp-json\/wp\/v2\/pages"}],"about":[{"href":"https:\/\/circutor.com\/pt-pt\/wp-json\/wp\/v2\/types\/page"}],"author":[{"embeddable":true,"href":"https:\/\/circutor.com\/pt-pt\/wp-json\/wp\/v2\/users\/5"}],"replies":[{"embeddable":true,"href":"https:\/\/circutor.com\/pt-pt\/wp-json\/wp\/v2\/comments?post=34561"}],"version-history":[{"count":0,"href":"https:\/\/circutor.com\/pt-pt\/wp-json\/wp\/v2\/pages\/34561\/revisions"}],"wp:attachment":[{"href":"https:\/\/circutor.com\/pt-pt\/wp-json\/wp\/v2\/media?parent=34561"}],"curies":[{"name":"wp","href":"https:\/\/api.w.org\/{rel}","templated":true}]}}