{"id":29838,"date":"2022-09-28T11:48:53","date_gmt":"2022-09-28T09:48:53","guid":{"rendered":"https:\/\/circutor.com\/?page_id=29838"},"modified":"2022-09-28T11:48:53","modified_gmt":"2022-09-28T09:48:53","slug":"arquivo-de-formacoes","status":"publish","type":"page","link":"https:\/\/circutor.com\/pt-pt\/suporte\/formacao\/formacao-online-e-presencial\/arquivo-de-formacoes\/","title":{"rendered":"Arquivo de Forma\u00e7\u00f5es"},"content":{"rendered":"<p>[vc_row full_width=&#8221;stretch_row&#8221; el_class=&#8221;banner_pagina_texto&#8221; css=&#8221;.vc_custom_1663055062217{background-image: url(https:\/\/circutor.com\/wp-content\/uploads\/2022\/09\/FSB_Formaciones-2.jpg?id=28668) !important;background-position: center !important;background-repeat: no-repeat !important;background-size: cover !important;}&#8221;][vc_column css=&#8221;.vc_custom_1605620904006{padding-top: 0px !important;}&#8221;][vc_row_inner el_class=&#8221;breadcrumb&#8221;][vc_column_inner]<div itemscope itemtype=\"https:\/\/schema.org\/BreadcrumbList\" id=\"breadcrumb\"><div itemprop=\"itemListElement\" itemscope itemtype=\"https:\/\/schema.org\/ListItem\"><a itemprop=\"item\" href=\"https:\/\/circutor.com\/pt-pt\/\"><span itemprop=\"name\">Home<\/span><\/a><meta itemprop=\"position\" content=\"1\" \/><\/div><div itemprop=\"itemListElement\" itemscope itemtype=\"https:\/\/schema.org\/ListItem\"><span><i class=\"ico-guil-singl-right\"><\/i><\/span><a itemprop=\"item\" href=\"https:\/\/circutor.com\/pt-pt\/suporte\/\"><span itemprop=\"name\">Suporte<\/span><\/a><meta itemprop=\"position\" content=\"3\"><\/div><div itemprop=\"itemListElement\" itemscope itemtype=\"https:\/\/schema.org\/ListItem\"><span><i class=\"ico-guil-singl-right\"><\/i><\/span><a itemprop=\"item\" href=\"https:\/\/circutor.com\/pt-pt\/suporte\/formacao\/\"><span itemprop=\"name\">Forma\u00e7\u00e3o<\/span><\/a><meta itemprop=\"position\" content=\"4\"><\/div><div itemprop=\"itemListElement\" itemscope itemtype=\"https:\/\/schema.org\/ListItem\"><span><i class=\"ico-guil-singl-right\"><\/i><\/span><a itemprop=\"item\" href=\"https:\/\/circutor.com\/pt-pt\/suporte\/formacao\/formacao-online-e-presencial\/\"><span itemprop=\"name\">Forma\u00e7\u00e3o online e presencial<\/span><\/a><meta itemprop=\"position\" content=\"5\"><\/div><div itemprop=\"itemListElement\" itemscope itemtype=\"https:\/\/schema.org\/ListItem\"><span><i class=\"ico-guil-singl-right\"><\/i><\/span><span class=\"active_item_breadcrumb\" itemprop=\"name\">Arquivo de Forma\u00e7\u00f5es<\/span><meta itemprop=\"position\" content=\"6\"><\/div><\/div>[\/vc_column_inner][\/vc_row_inner][vc_row_inner][vc_column_inner width=&#8221;1\/2&#8243;][vc_column_text]<\/p>\n<h1>Arquivo de Forma\u00e7\u00f5es<\/h1>\n<p>Aceda aos \u00faltimos v\u00eddeos realizados dos diferentes webinars da CIRCUTOR. N\u00e3o conseguiu assistir a um webinar no qual estava interessado? Quer voltar a ver um Webinar para voltar a consultar os conte\u00fados? Agora pode aceder \u00e0s grava\u00e7\u00f5es dos Webinars sempre que necessitar.[\/vc_column_text][\/vc_column_inner][vc_column_inner width=&#8221;1\/2&#8243;][\/vc_column_inner][\/vc_row_inner][\/vc_column][\/vc_row][vc_row el_class=&#8221;bloque&#8221;][vc_column width=&#8221;1\/6&#8243;][\/vc_column][vc_column width=&#8221;2\/3&#8243;][vc_column_text el_class=&#8221;animacion_left&#8221;]<\/p>\n<h6 class=\"wrap-title\">REGISTO DE ACESSO<\/h6>\n<p>[\/vc_column_text][vc_row_inner el_class=&#8221;formulario_contacto_lab&#8221;][vc_column_inner][vc_raw_html css=&#8221;.vc_custom_1664358485290{margin-bottom: 25px !important;}&#8221;]JTNDaDUlM0VQcmVlbmNoYSUyMG8lMjBzZWd1aW50ZSUyMGZvcm11bCVDMyVBMXJpbyUyMGUlMjBwb2RlciVDMyVBMSUyMGFjZWRlciUyMGFvcyUyMGNvbnRlJUMzJUJBZG9zJTIwZGUlMjB0b2RvcyUyMG9zJTIwV2ViaW5hcnMlMjBDSVJDVVRPUiUyMHJlYWxpemFkb3MlMjBhdCVDMyVBOSUyMCVDMyVBMCUyMGRhdGElM0ElM0MlMkZoNSUzRSUyMA==[\/vc_raw_html][vc_column_text]<script src=\"\/\/info.circutor.com\/js\/forms2\/js\/forms2.min.js\"><\/script><\/p>\n<form id=\"mktoForm_1218\"><\/form>\n<p><script>MktoForms2.loadForm(\"\/\/info.circutor.com\", \"940-CSD-667\", 1218);<\/script>[\/vc_column_text][\/vc_column_inner][\/vc_row_inner][\/vc_column][vc_column width=&#8221;1\/6&#8243;][\/vc_column][\/vc_row][vc_row el_class=&#8221;bloque bottom_cat_sector&#8221;][vc_column][vc_column_text el_class=&#8221;animacion_left&#8221;]<\/p>\n<h6 class=\"wrap-title\">ASSIST\u00caNCIA<\/h6>\n<p>[\/vc_column_text][vc_raw_html el_class=&#8221;asistencia_cat_sector&#8221;]JTNDYSUyMGhyZWYlM0QlMjIlMkZwdC1wdCUyRmNvbnRhY3RvJTJGJTIyJTNFJTBBJTNDZGl2JTIwY2xhc3MlM0QlMjJpdGVtJTIwZ2VuZXJhbCUyMGFuaW1hY2lvbl9jYWphJTIyJTNFJTBBJTNDZGl2JTIwY2xhc3MlM0QlMjJpbWFnZW4tYm9yZGUlMjIlM0UlMEElM0NpbWclMjBzcmMlM0QlMjIlMkZ3cC1jb250ZW50JTJGdXBsb2FkcyUyRjIwMjIlMkYwOCUyRkZTQl9Bc2lzdGVuY2lhLmpwZyUyMiUzRSUwQSUzQyUyRmRpdiUzRSUwQSUzQ2RpdiUyMGNsYXNzJTNEJTIyZGV0YWlscyUyMiUzRSUwQSUzQ3AlMjBjbGFzcyUzRCUyMnRpdHVsb19wYWdlJTIyJTNFJTNDc3Ryb25nJTNFTmElMjBDSVJDVVRPUiUyMGVzdGFtb3MlMjBhcXVpJTIwcGFyYSUyMG8lMjBhanVkYXIuJTNDJTJGc3Ryb25nJTNFJTNDYnIlM0UlMEFTZSUyMHRpdmVyJTIwYWxndW1hJTIwZCVDMyVCQXZpZGElMkMlMjBmYWxlbW9zLiUzQyUyRnAlM0UlMEElM0NwJTIwY2xhc3MlM0QlMjJlbmxhY2UlMjIlM0VGYWxlJTIwY29tJTIwdW0lMjBlc3BlY2lhbGlzdGElMjAlM0NpJTIwY2xhc3MlM0QlMjJpY28tYXJyb3ctcmlnaHQlMjIlM0UlM0MlMkZpJTNFJTNDJTJGcCUzRSUwQSUzQyUyRmRpdiUzRSUwQSUwQSUzQyUyRmRpdiUzRSUwQSUzQyUyRmElM0U=[\/vc_raw_html][\/vc_column][\/vc_row]<\/p>\n","protected":false},"excerpt":{"rendered":"<p>[vc_row full_width=&#8221;stretch_row&#8221; el_class=&#8221;banner_pagina_texto&#8221; css=&#8221;.vc_custom_1663055062217{background-image: url(https:\/\/circutor.com\/wp-content\/uploads\/2022\/09\/FSB_Formaciones-2.jpg?id=28668) !important;background-position: center !important;background-repeat: no-repeat !important;background-size: cover !important;}&#8221;][vc_column css=&#8221;.vc_custom_1605620904006{padding-top: 0px !important;}&#8221;][vc_row_inner el_class=&#8221;breadcrumb&#8221;][vc_column_inner][\/vc_column_inner][\/vc_row_inner][vc_row_inner][vc_column_inner width=&#8221;1\/2&#8243;][vc_column_text] Arquivo de Forma\u00e7\u00f5es Aceda aos \u00faltimos v\u00eddeos realizados dos diferentes webinars da CIRCUTOR. N\u00e3o conseguiu assistir a um webinar no qual estava interessado? Quer voltar a ver um Webinar para voltar a consultar os conte\u00fados? Agora pode aceder [&hellip;]<\/p>\n","protected":false},"author":6,"featured_media":0,"parent":10080,"menu_order":0,"comment_status":"closed","ping_status":"closed","template":"","meta":[],"acf":[],"yoast_head":"<!-- This site is optimized with the Yoast SEO plugin v19.4 - https:\/\/yoast.com\/wordpress\/plugins\/seo\/ -->\n<title>Arquivo de Forma\u00e7\u00f5es - CIRCUTOR<\/title>\n<meta name=\"robots\" content=\"index, follow, max-snippet:-1, max-image-preview:large, max-video-preview:-1\" \/>\n<link rel=\"canonical\" href=\"https:\/\/circutor.com\/pt-pt\/suporte\/formacao\/formacao-online-e-presencial\/arquivo-de-formacoes\/\" \/>\n<meta property=\"og:locale\" content=\"pt_PT\" \/>\n<meta property=\"og:type\" content=\"article\" \/>\n<meta property=\"og:title\" content=\"Arquivo de Forma\u00e7\u00f5es - CIRCUTOR\" \/>\n<meta property=\"og:description\" content=\"[vc_row full_width=&#8221;stretch_row&#8221; el_class=&#8221;banner_pagina_texto&#8221; css=&#8221;.vc_custom_1663055062217{background-image: url(https:\/\/circutor.com\/wp-content\/uploads\/2022\/09\/FSB_Formaciones-2.jpg?id=28668) !important;background-position: center !important;background-repeat: no-repeat !important;background-size: cover !important;}&#8221;][vc_column css=&#8221;.vc_custom_1605620904006{padding-top: 0px !important;}&#8221;][vc_row_inner el_class=&#8221;breadcrumb&#8221;][vc_column_inner][\/vc_column_inner][\/vc_row_inner][vc_row_inner][vc_column_inner width=&#8221;1\/2&#8243;][vc_column_text] Arquivo de Forma\u00e7\u00f5es Aceda aos \u00faltimos v\u00eddeos realizados dos diferentes webinars da CIRCUTOR. N\u00e3o conseguiu assistir a um webinar no qual estava interessado? Quer voltar a ver um Webinar para voltar a consultar os conte\u00fados? Agora pode aceder [&hellip;]\" \/>\n<meta property=\"og:url\" content=\"https:\/\/circutor.com\/pt-pt\/suporte\/formacao\/formacao-online-e-presencial\/arquivo-de-formacoes\/\" \/>\n<meta property=\"og:site_name\" content=\"CIRCUTOR\" \/>\n<meta property=\"article:publisher\" content=\"https:\/\/www.facebook.com\/CIRCUTOR.ES\" \/>\n<meta property=\"og:image\" content=\"https:\/\/circutor.com\/wp-content\/uploads\/2022\/07\/Circutor_Logo_Color.png\" \/>\n\t<meta property=\"og:image:width\" content=\"1299\" \/>\n\t<meta property=\"og:image:height\" content=\"354\" \/>\n\t<meta property=\"og:image:type\" content=\"image\/png\" \/>\n<meta name=\"twitter:card\" content=\"summary_large_image\" \/>\n<meta name=\"twitter:site\" content=\"@circutor\" \/>\n<meta name=\"twitter:label1\" content=\"Tempo estimado de leitura\" \/>\n\t<meta name=\"twitter:data1\" content=\"2 minutos\" \/>\n<script type=\"application\/ld+json\" class=\"yoast-schema-graph\">{\"@context\":\"https:\/\/schema.org\",\"@graph\":[{\"@type\":\"Organization\",\"@id\":\"https:\/\/circutor.com\/#organization\",\"name\":\"Circutor\",\"url\":\"https:\/\/circutor.com\/\",\"sameAs\":[\"https:\/\/www.instagram.com\/circutor_es\",\"https:\/\/www.linkedin.com\/company\/circutor\",\"https:\/\/www.youtube.com\/user\/CIRCUTORoficial\",\"https:\/\/www.facebook.com\/CIRCUTOR.ES\",\"https:\/\/twitter.com\/circutor\"],\"logo\":{\"@type\":\"ImageObject\",\"inLanguage\":\"pt-PT\",\"@id\":\"https:\/\/circutor.com\/#\/schema\/logo\/image\/\",\"url\":\"https:\/\/circutor.com\/wp-content\/uploads\/2020\/09\/CIR_LOGO_RED.png\",\"contentUrl\":\"https:\/\/circutor.com\/wp-content\/uploads\/2020\/09\/CIR_LOGO_RED.png\",\"width\":512,\"height\":128,\"caption\":\"Circutor\"},\"image\":{\"@id\":\"https:\/\/circutor.com\/#\/schema\/logo\/image\/\"}},{\"@type\":\"WebSite\",\"@id\":\"https:\/\/circutor.com\/#website\",\"url\":\"https:\/\/circutor.com\/\",\"name\":\"CIRCUTOR\",\"description\":\"Soluciones para la eficiencia energ\u00e9tica el\u00e9ctrica\",\"publisher\":{\"@id\":\"https:\/\/circutor.com\/#organization\"},\"potentialAction\":[{\"@type\":\"SearchAction\",\"target\":{\"@type\":\"EntryPoint\",\"urlTemplate\":\"https:\/\/circutor.com\/?s={search_term_string}\"},\"query-input\":\"required name=search_term_string\"}],\"inLanguage\":\"pt-PT\"},{\"@type\":\"WebPage\",\"@id\":\"https:\/\/circutor.com\/pt-pt\/suporte\/formacao\/formacao-online-e-presencial\/arquivo-de-formacoes\/\",\"url\":\"https:\/\/circutor.com\/pt-pt\/suporte\/formacao\/formacao-online-e-presencial\/arquivo-de-formacoes\/\",\"name\":\"Arquivo de Forma\u00e7\u00f5es - CIRCUTOR\",\"isPartOf\":{\"@id\":\"https:\/\/circutor.com\/#website\"},\"datePublished\":\"2022-09-28T09:48:53+00:00\",\"dateModified\":\"2022-09-28T09:48:53+00:00\",\"breadcrumb\":{\"@id\":\"https:\/\/circutor.com\/pt-pt\/suporte\/formacao\/formacao-online-e-presencial\/arquivo-de-formacoes\/#breadcrumb\"},\"inLanguage\":\"pt-PT\",\"potentialAction\":[{\"@type\":\"ReadAction\",\"target\":[\"https:\/\/circutor.com\/pt-pt\/suporte\/formacao\/formacao-online-e-presencial\/arquivo-de-formacoes\/\"]}]},{\"@type\":\"BreadcrumbList\",\"@id\":\"https:\/\/circutor.com\/pt-pt\/suporte\/formacao\/formacao-online-e-presencial\/arquivo-de-formacoes\/#breadcrumb\",\"itemListElement\":[{\"@type\":\"ListItem\",\"position\":1,\"name\":\"Portada\",\"item\":\"https:\/\/circutor.com\/pt-pt\/\"},{\"@type\":\"ListItem\",\"position\":2,\"name\":\"Suporte\",\"item\":\"https:\/\/circutor.com\/pt-pt\/suporte\/\"},{\"@type\":\"ListItem\",\"position\":3,\"name\":\"Forma\u00e7\u00e3o\",\"item\":\"https:\/\/circutor.com\/pt-pt\/suporte\/formacao\/\"},{\"@type\":\"ListItem\",\"position\":4,\"name\":\"Forma\u00e7\u00e3o online e presencial\",\"item\":\"https:\/\/circutor.com\/pt-pt\/suporte\/formacao\/formacao-online-e-presencial\/\"},{\"@type\":\"ListItem\",\"position\":5,\"name\":\"Arquivo de Forma\u00e7\u00f5es\"}]}]}<\/script>\n<!-- \/ Yoast SEO plugin. -->","yoast_head_json":{"title":"Arquivo de Forma\u00e7\u00f5es - CIRCUTOR","robots":{"index":"index","follow":"follow","max-snippet":"max-snippet:-1","max-image-preview":"max-image-preview:large","max-video-preview":"max-video-preview:-1"},"canonical":"https:\/\/circutor.com\/pt-pt\/suporte\/formacao\/formacao-online-e-presencial\/arquivo-de-formacoes\/","og_locale":"pt_PT","og_type":"article","og_title":"Arquivo de Forma\u00e7\u00f5es - CIRCUTOR","og_description":"[vc_row full_width=&#8221;stretch_row&#8221; el_class=&#8221;banner_pagina_texto&#8221; css=&#8221;.vc_custom_1663055062217{background-image: url(https:\/\/circutor.com\/wp-content\/uploads\/2022\/09\/FSB_Formaciones-2.jpg?id=28668) !important;background-position: center !important;background-repeat: no-repeat !important;background-size: cover !important;}&#8221;][vc_column css=&#8221;.vc_custom_1605620904006{padding-top: 0px !important;}&#8221;][vc_row_inner el_class=&#8221;breadcrumb&#8221;][vc_column_inner][\/vc_column_inner][\/vc_row_inner][vc_row_inner][vc_column_inner width=&#8221;1\/2&#8243;][vc_column_text] Arquivo de Forma\u00e7\u00f5es Aceda aos \u00faltimos v\u00eddeos realizados dos diferentes webinars da CIRCUTOR. N\u00e3o conseguiu assistir a um webinar no qual estava interessado? Quer voltar a ver um Webinar para voltar a consultar os conte\u00fados? Agora pode aceder [&hellip;]","og_url":"https:\/\/circutor.com\/pt-pt\/suporte\/formacao\/formacao-online-e-presencial\/arquivo-de-formacoes\/","og_site_name":"CIRCUTOR","article_publisher":"https:\/\/www.facebook.com\/CIRCUTOR.ES","og_image":[{"width":1299,"height":354,"url":"https:\/\/circutor.com\/wp-content\/uploads\/2022\/07\/Circutor_Logo_Color.png","type":"image\/png"}],"twitter_card":"summary_large_image","twitter_site":"@circutor","twitter_misc":{"Tempo estimado de leitura":"2 minutos"},"schema":{"@context":"https:\/\/schema.org","@graph":[{"@type":"Organization","@id":"https:\/\/circutor.com\/#organization","name":"Circutor","url":"https:\/\/circutor.com\/","sameAs":["https:\/\/www.instagram.com\/circutor_es","https:\/\/www.linkedin.com\/company\/circutor","https:\/\/www.youtube.com\/user\/CIRCUTORoficial","https:\/\/www.facebook.com\/CIRCUTOR.ES","https:\/\/twitter.com\/circutor"],"logo":{"@type":"ImageObject","inLanguage":"pt-PT","@id":"https:\/\/circutor.com\/#\/schema\/logo\/image\/","url":"https:\/\/circutor.com\/wp-content\/uploads\/2020\/09\/CIR_LOGO_RED.png","contentUrl":"https:\/\/circutor.com\/wp-content\/uploads\/2020\/09\/CIR_LOGO_RED.png","width":512,"height":128,"caption":"Circutor"},"image":{"@id":"https:\/\/circutor.com\/#\/schema\/logo\/image\/"}},{"@type":"WebSite","@id":"https:\/\/circutor.com\/#website","url":"https:\/\/circutor.com\/","name":"CIRCUTOR","description":"Soluciones para la eficiencia energ\u00e9tica el\u00e9ctrica","publisher":{"@id":"https:\/\/circutor.com\/#organization"},"potentialAction":[{"@type":"SearchAction","target":{"@type":"EntryPoint","urlTemplate":"https:\/\/circutor.com\/?s={search_term_string}"},"query-input":"required name=search_term_string"}],"inLanguage":"pt-PT"},{"@type":"WebPage","@id":"https:\/\/circutor.com\/pt-pt\/suporte\/formacao\/formacao-online-e-presencial\/arquivo-de-formacoes\/","url":"https:\/\/circutor.com\/pt-pt\/suporte\/formacao\/formacao-online-e-presencial\/arquivo-de-formacoes\/","name":"Arquivo de Forma\u00e7\u00f5es - CIRCUTOR","isPartOf":{"@id":"https:\/\/circutor.com\/#website"},"datePublished":"2022-09-28T09:48:53+00:00","dateModified":"2022-09-28T09:48:53+00:00","breadcrumb":{"@id":"https:\/\/circutor.com\/pt-pt\/suporte\/formacao\/formacao-online-e-presencial\/arquivo-de-formacoes\/#breadcrumb"},"inLanguage":"pt-PT","potentialAction":[{"@type":"ReadAction","target":["https:\/\/circutor.com\/pt-pt\/suporte\/formacao\/formacao-online-e-presencial\/arquivo-de-formacoes\/"]}]},{"@type":"BreadcrumbList","@id":"https:\/\/circutor.com\/pt-pt\/suporte\/formacao\/formacao-online-e-presencial\/arquivo-de-formacoes\/#breadcrumb","itemListElement":[{"@type":"ListItem","position":1,"name":"Portada","item":"https:\/\/circutor.com\/pt-pt\/"},{"@type":"ListItem","position":2,"name":"Suporte","item":"https:\/\/circutor.com\/pt-pt\/suporte\/"},{"@type":"ListItem","position":3,"name":"Forma\u00e7\u00e3o","item":"https:\/\/circutor.com\/pt-pt\/suporte\/formacao\/"},{"@type":"ListItem","position":4,"name":"Forma\u00e7\u00e3o online e presencial","item":"https:\/\/circutor.com\/pt-pt\/suporte\/formacao\/formacao-online-e-presencial\/"},{"@type":"ListItem","position":5,"name":"Arquivo de Forma\u00e7\u00f5es"}]}]}},"_links":{"self":[{"href":"https:\/\/circutor.com\/pt-pt\/wp-json\/wp\/v2\/pages\/29838"}],"collection":[{"href":"https:\/\/circutor.com\/pt-pt\/wp-json\/wp\/v2\/pages"}],"about":[{"href":"https:\/\/circutor.com\/pt-pt\/wp-json\/wp\/v2\/types\/page"}],"author":[{"embeddable":true,"href":"https:\/\/circutor.com\/pt-pt\/wp-json\/wp\/v2\/users\/6"}],"replies":[{"embeddable":true,"href":"https:\/\/circutor.com\/pt-pt\/wp-json\/wp\/v2\/comments?post=29838"}],"version-history":[{"count":0,"href":"https:\/\/circutor.com\/pt-pt\/wp-json\/wp\/v2\/pages\/29838\/revisions"}],"up":[{"embeddable":true,"href":"https:\/\/circutor.com\/pt-pt\/wp-json\/wp\/v2\/pages\/10080"}],"wp:attachment":[{"href":"https:\/\/circutor.com\/pt-pt\/wp-json\/wp\/v2\/media?parent=29838"}],"curies":[{"name":"wp","href":"https:\/\/api.w.org\/{rel}","templated":true}]}}