{"id":28975,"date":"2022-09-15T10:51:01","date_gmt":"2022-09-15T08:51:01","guid":{"rendered":"https:\/\/circutor.com\/?page_id=28975"},"modified":"2022-09-26T15:32:43","modified_gmt":"2022-09-26T13:32:43","slug":"obrigado-por-subscrever-a-nossa-newsletter","status":"publish","type":"page","link":"https:\/\/circutor.com\/pt-pt\/obrigado-por-subscrever-a-nossa-newsletter\/","title":{"rendered":"Obrigado por subscrever a nossa Newsletter"},"content":{"rendered":"<p>[vc_row][vc_column][vc_column_text]<\/p>\n<table style=\"border-collapse: collapse; width: 100%; height: 50px;\">\n<tbody>\n<tr style=\"height: 24px;\">\n<td style=\"width: 33.3333%; height: 24px;\"><\/td>\n<td style=\"width: 33.3333%; height: 24px;\"><\/td>\n<td style=\"width: 33.3333%; height: 24px;\"><\/td>\n<\/tr>\n<\/tbody>\n<\/table>\n<p>[\/vc_column_text][vc_column_text]<\/p>\n<h1>\u00a1Obrigado por subscrever!<\/h1>\n<p>&nbsp;<\/p>\n<h2>Em breve come\u00e7ar\u00e1 a receber as nossas newsletters regulares.<\/h2>\n<p>[\/vc_column_text][vc_column_text]Obrigado pelo seu interesse nos nossos produtos e solu\u00e7\u00f5es. Entretanto, convidamo-lo a conhecer-nos melhor.<br \/>\nNos links seguintes pode encontrar informa\u00e7\u00f5es sobre os nossos produtos, artigos t\u00e9cnicos e not\u00edcias sobre o sector, v\u00eddeos de forma\u00e7\u00e3o ou acesso a webinars gratuitos:[\/vc_column_text][\/vc_column][\/vc_row][vc_row][vc_column width=&#8221;1\/2&#8243;][vc_raw_html]JTNDYSUyMGhyZWYlM0QlMjIlMkZwdC1wdCUyRnByb2R1dG9zLWUtc29sdWNvZXMtY2lyY3V0b3IlMkYlMjIlM0UlMEElM0NkaXYlMjBjbGFzcyUzRCUyMml0ZW0lMjBnZW5lcmFsJTIwYW5pbWFjaW9uX2NhamElMjIlM0UlMEElMEElM0NkaXYlMjBjbGFzcyUzRCUyMmRldGFpbHMlMjIlM0UlMEElM0NiciUzRSUwQSUzQ2g0JTIwY2xhc3MlM0QlMjJ0aXR1bG9fcGFnZSUyMHNtYWxsJTIyJTNFUHJvZHV0b3MlM0MlMkZoNCUzRSUwQSUzQ3AlMjBjbGFzcyUzRCUyMmVubGFjZSUyMiUzRUElMjBnYW1hJTIwY29tcGxldGElMjBkZSUyMHByb2R1dG9zJTIwZSUyMHNvbHUlQzMlQTclQzMlQjVlcyUyMENpcmN1dG9yJTIwJTNDaSUyMGNsYXNzJTNEJTIyaWNvLWFycm93LXJpZ2h0JTIyJTNFJTNDJTJGaSUzRSUzQyUyRnAlM0UlMEElM0MlMkZkaXYlM0UlMEElMEElM0MlMkZkaXYlM0UlMEElM0MlMkZhJTNF[\/vc_raw_html][\/vc_column][vc_column width=&#8221;1\/2&#8243;][vc_raw_html]JTNDYSUyMGhyZWYlM0QlMjIlMkZwdC1wdCUyRmVtcHJlc2ElMkZhdHVhbGlkYWRlLWRvLWNpcmN1dG9yJTJGJTIyJTNFJTBBJTNDZGl2JTIwY2xhc3MlM0QlMjJpdGVtJTIwZ2VuZXJhbCUyMGFuaW1hY2lvbl9jYWphJTIyJTNFJTBBJTBBJTNDZGl2JTIwY2xhc3MlM0QlMjJkZXRhaWxzJTIyJTNFJTBBJTNDYnIlM0UlMEElM0NoNCUyMGNsYXNzJTNEJTIydGl0dWxvX3BhZ2UlMjBzbWFsbCUyMiUzRU5vdCVDMyVBRGNpYXMlM0MlMkZoNCUzRSUwQSUzQ3AlMjBjbGFzcyUzRCUyMmVubGFjZSUyMiUzRU5vdCVDMyVBRGNpYXMlMjBlJTIwJUMzJUJBbHRpbWFzJTIwbm90JUMzJUFEY2lhcyUyMGRvJTIwQ2lyY3V0b3IlMjBlJTIwZG8lMjBzZWN0b3IlMjBkYSUyMGVsZWN0cmljaWRhZGUlMjAlM0NpJTIwY2xhc3MlM0QlMjJpY28tYXJyb3ctcmlnaHQlMjIlM0UlM0MlMkZpJTNFJTNDJTJGcCUzRSUwQSUzQyUyRmRpdiUzRSUwQSUwQSUzQyUyRmRpdiUzRSUwQSUzQyUyRmElM0U=[\/vc_raw_html][\/vc_column][\/vc_row]<\/p>\n","protected":false},"excerpt":{"rendered":"<p>[vc_row][vc_column][vc_column_text] [\/vc_column_text][vc_column_text] \u00a1Obrigado por subscrever! &nbsp; Em breve come\u00e7ar\u00e1 a receber as nossas newsletters regulares. [\/vc_column_text][vc_column_text]Obrigado pelo seu interesse nos nossos produtos e solu\u00e7\u00f5es. Entretanto, convidamo-lo a conhecer-nos melhor. Nos links seguintes pode encontrar informa\u00e7\u00f5es sobre os nossos produtos, artigos t\u00e9cnicos e not\u00edcias sobre o sector, v\u00eddeos de forma\u00e7\u00e3o ou acesso a webinars gratuitos:[\/vc_column_text][\/vc_column][\/vc_row][vc_row][vc_column width=&#8221;1\/2&#8243;][vc_raw_html]JTNDYSUyMGhyZWYlM0QlMjIlMkZwdC1wdCUyRnByb2R1dG9zLWUtc29sdWNvZXMtY2lyY3V0b3IlMkYlMjIlM0UlMEElM0NkaXYlMjBjbGFzcyUzRCUyMml0ZW0lMjBnZW5lcmFsJTIwYW5pbWFjaW9uX2NhamElMjIlM0UlMEElMEElM0NkaXYlMjBjbGFzcyUzRCUyMmRldGFpbHMlMjIlM0UlMEElM0NiciUzRSUwQSUzQ2g0JTIwY2xhc3MlM0QlMjJ0aXR1bG9fcGFnZSUyMHNtYWxsJTIyJTNFUHJvZHV0b3MlM0MlMkZoNCUzRSUwQSUzQ3AlMjBjbGFzcyUzRCUyMmVubGFjZSUyMiUzRUElMjBnYW1hJTIwY29tcGxldGElMjBkZSUyMHByb2R1dG9zJTIwZSUyMHNvbHUlQzMlQTclQzMlQjVlcyUyMENpcmN1dG9yJTIwJTNDaSUyMGNsYXNzJTNEJTIyaWNvLWFycm93LXJpZ2h0JTIyJTNFJTNDJTJGaSUzRSUzQyUyRnAlM0UlMEElM0MlMkZkaXYlM0UlMEElMEElM0MlMkZkaXYlM0UlMEElM0MlMkZhJTNF[\/vc_raw_html][\/vc_column][vc_column [&hellip;]<\/p>\n","protected":false},"author":7,"featured_media":0,"parent":0,"menu_order":0,"comment_status":"closed","ping_status":"closed","template":"","meta":[],"acf":[],"yoast_head":"<!-- This site is optimized with the Yoast SEO plugin v19.4 - https:\/\/yoast.com\/wordpress\/plugins\/seo\/ -->\n<title>Obrigado por subscrever a nossa Newsletter - CIRCUTOR<\/title>\n<meta name=\"robots\" content=\"noindex, follow\" \/>\n<meta property=\"og:locale\" content=\"pt_PT\" \/>\n<meta property=\"og:type\" content=\"article\" \/>\n<meta property=\"og:title\" content=\"Obrigado por subscrever a nossa Newsletter - CIRCUTOR\" \/>\n<meta property=\"og:description\" content=\"[vc_row][vc_column][vc_column_text] [\/vc_column_text][vc_column_text] \u00a1Obrigado por subscrever! &nbsp; Em breve come\u00e7ar\u00e1 a receber as nossas newsletters regulares. [\/vc_column_text][vc_column_text]Obrigado pelo seu interesse nos nossos produtos e solu\u00e7\u00f5es. Entretanto, convidamo-lo a conhecer-nos melhor. Nos links seguintes pode encontrar informa\u00e7\u00f5es sobre os nossos produtos, artigos t\u00e9cnicos e not\u00edcias sobre o sector, v\u00eddeos de forma\u00e7\u00e3o ou acesso a webinars gratuitos:[\/vc_column_text][\/vc_column][\/vc_row][vc_row][vc_column width=&#8221;1\/2&#8243;][vc_raw_html]JTNDYSUyMGhyZWYlM0QlMjIlMkZwdC1wdCUyRnByb2R1dG9zLWUtc29sdWNvZXMtY2lyY3V0b3IlMkYlMjIlM0UlMEElM0NkaXYlMjBjbGFzcyUzRCUyMml0ZW0lMjBnZW5lcmFsJTIwYW5pbWFjaW9uX2NhamElMjIlM0UlMEElMEElM0NkaXYlMjBjbGFzcyUzRCUyMmRldGFpbHMlMjIlM0UlMEElM0NiciUzRSUwQSUzQ2g0JTIwY2xhc3MlM0QlMjJ0aXR1bG9fcGFnZSUyMHNtYWxsJTIyJTNFUHJvZHV0b3MlM0MlMkZoNCUzRSUwQSUzQ3AlMjBjbGFzcyUzRCUyMmVubGFjZSUyMiUzRUElMjBnYW1hJTIwY29tcGxldGElMjBkZSUyMHByb2R1dG9zJTIwZSUyMHNvbHUlQzMlQTclQzMlQjVlcyUyMENpcmN1dG9yJTIwJTNDaSUyMGNsYXNzJTNEJTIyaWNvLWFycm93LXJpZ2h0JTIyJTNFJTNDJTJGaSUzRSUzQyUyRnAlM0UlMEElM0MlMkZkaXYlM0UlMEElMEElM0MlMkZkaXYlM0UlMEElM0MlMkZhJTNF[\/vc_raw_html][\/vc_column][vc_column [&hellip;]\" \/>\n<meta property=\"og:url\" content=\"https:\/\/circutor.com\/pt-pt\/obrigado-por-subscrever-a-nossa-newsletter\/\" \/>\n<meta property=\"og:site_name\" content=\"CIRCUTOR\" \/>\n<meta property=\"article:publisher\" content=\"https:\/\/www.facebook.com\/CIRCUTOR.ES\" \/>\n<meta property=\"article:modified_time\" content=\"2022-09-26T13:32:43+00:00\" \/>\n<meta property=\"og:image\" content=\"https:\/\/circutor.com\/wp-content\/uploads\/2022\/07\/Circutor_Logo_Color.png\" \/>\n\t<meta property=\"og:image:width\" content=\"1299\" \/>\n\t<meta property=\"og:image:height\" content=\"354\" \/>\n\t<meta property=\"og:image:type\" content=\"image\/png\" \/>\n<meta name=\"twitter:card\" content=\"summary_large_image\" \/>\n<meta name=\"twitter:site\" content=\"@circutor\" \/>\n<meta name=\"twitter:label1\" content=\"Tempo estimado de leitura\" \/>\n\t<meta name=\"twitter:data1\" content=\"1 minuto\" \/>\n<script type=\"application\/ld+json\" class=\"yoast-schema-graph\">{\"@context\":\"https:\/\/schema.org\",\"@graph\":[{\"@type\":\"Organization\",\"@id\":\"https:\/\/circutor.com\/#organization\",\"name\":\"Circutor\",\"url\":\"https:\/\/circutor.com\/\",\"sameAs\":[\"https:\/\/www.instagram.com\/circutor_es\",\"https:\/\/www.linkedin.com\/company\/circutor\",\"https:\/\/www.youtube.com\/user\/CIRCUTORoficial\",\"https:\/\/www.facebook.com\/CIRCUTOR.ES\",\"https:\/\/twitter.com\/circutor\"],\"logo\":{\"@type\":\"ImageObject\",\"inLanguage\":\"pt-PT\",\"@id\":\"https:\/\/circutor.com\/#\/schema\/logo\/image\/\",\"url\":\"https:\/\/circutor.com\/wp-content\/uploads\/2020\/09\/CIR_LOGO_RED.png\",\"contentUrl\":\"https:\/\/circutor.com\/wp-content\/uploads\/2020\/09\/CIR_LOGO_RED.png\",\"width\":512,\"height\":128,\"caption\":\"Circutor\"},\"image\":{\"@id\":\"https:\/\/circutor.com\/#\/schema\/logo\/image\/\"}},{\"@type\":\"WebSite\",\"@id\":\"https:\/\/circutor.com\/#website\",\"url\":\"https:\/\/circutor.com\/\",\"name\":\"CIRCUTOR\",\"description\":\"Soluciones para la eficiencia energ\u00e9tica el\u00e9ctrica\",\"publisher\":{\"@id\":\"https:\/\/circutor.com\/#organization\"},\"potentialAction\":[{\"@type\":\"SearchAction\",\"target\":{\"@type\":\"EntryPoint\",\"urlTemplate\":\"https:\/\/circutor.com\/?s={search_term_string}\"},\"query-input\":\"required name=search_term_string\"}],\"inLanguage\":\"pt-PT\"},{\"@type\":\"WebPage\",\"@id\":\"https:\/\/circutor.com\/pt-pt\/obrigado-por-subscrever-a-nossa-newsletter\/\",\"url\":\"https:\/\/circutor.com\/pt-pt\/obrigado-por-subscrever-a-nossa-newsletter\/\",\"name\":\"Obrigado por subscrever a nossa Newsletter - CIRCUTOR\",\"isPartOf\":{\"@id\":\"https:\/\/circutor.com\/#website\"},\"datePublished\":\"2022-09-15T08:51:01+00:00\",\"dateModified\":\"2022-09-26T13:32:43+00:00\",\"breadcrumb\":{\"@id\":\"https:\/\/circutor.com\/pt-pt\/obrigado-por-subscrever-a-nossa-newsletter\/#breadcrumb\"},\"inLanguage\":\"pt-PT\",\"potentialAction\":[{\"@type\":\"ReadAction\",\"target\":[\"https:\/\/circutor.com\/pt-pt\/obrigado-por-subscrever-a-nossa-newsletter\/\"]}]},{\"@type\":\"BreadcrumbList\",\"@id\":\"https:\/\/circutor.com\/pt-pt\/obrigado-por-subscrever-a-nossa-newsletter\/#breadcrumb\",\"itemListElement\":[{\"@type\":\"ListItem\",\"position\":1,\"name\":\"Portada\",\"item\":\"https:\/\/circutor.com\/pt-pt\/\"},{\"@type\":\"ListItem\",\"position\":2,\"name\":\"Obrigado por subscrever a nossa Newsletter\"}]}]}<\/script>\n<!-- \/ Yoast SEO plugin. -->","yoast_head_json":{"title":"Obrigado por subscrever a nossa Newsletter - CIRCUTOR","robots":{"index":"noindex","follow":"follow"},"og_locale":"pt_PT","og_type":"article","og_title":"Obrigado por subscrever a nossa Newsletter - CIRCUTOR","og_description":"[vc_row][vc_column][vc_column_text] [\/vc_column_text][vc_column_text] \u00a1Obrigado por subscrever! &nbsp; Em breve come\u00e7ar\u00e1 a receber as nossas newsletters regulares. [\/vc_column_text][vc_column_text]Obrigado pelo seu interesse nos nossos produtos e solu\u00e7\u00f5es. Entretanto, convidamo-lo a conhecer-nos melhor. Nos links seguintes pode encontrar informa\u00e7\u00f5es sobre os nossos produtos, artigos t\u00e9cnicos e not\u00edcias sobre o sector, v\u00eddeos de forma\u00e7\u00e3o ou acesso a webinars gratuitos:[\/vc_column_text][\/vc_column][\/vc_row][vc_row][vc_column width=&#8221;1\/2&#8243;][vc_raw_html]JTNDYSUyMGhyZWYlM0QlMjIlMkZwdC1wdCUyRnByb2R1dG9zLWUtc29sdWNvZXMtY2lyY3V0b3IlMkYlMjIlM0UlMEElM0NkaXYlMjBjbGFzcyUzRCUyMml0ZW0lMjBnZW5lcmFsJTIwYW5pbWFjaW9uX2NhamElMjIlM0UlMEElMEElM0NkaXYlMjBjbGFzcyUzRCUyMmRldGFpbHMlMjIlM0UlMEElM0NiciUzRSUwQSUzQ2g0JTIwY2xhc3MlM0QlMjJ0aXR1bG9fcGFnZSUyMHNtYWxsJTIyJTNFUHJvZHV0b3MlM0MlMkZoNCUzRSUwQSUzQ3AlMjBjbGFzcyUzRCUyMmVubGFjZSUyMiUzRUElMjBnYW1hJTIwY29tcGxldGElMjBkZSUyMHByb2R1dG9zJTIwZSUyMHNvbHUlQzMlQTclQzMlQjVlcyUyMENpcmN1dG9yJTIwJTNDaSUyMGNsYXNzJTNEJTIyaWNvLWFycm93LXJpZ2h0JTIyJTNFJTNDJTJGaSUzRSUzQyUyRnAlM0UlMEElM0MlMkZkaXYlM0UlMEElMEElM0MlMkZkaXYlM0UlMEElM0MlMkZhJTNF[\/vc_raw_html][\/vc_column][vc_column [&hellip;]","og_url":"https:\/\/circutor.com\/pt-pt\/obrigado-por-subscrever-a-nossa-newsletter\/","og_site_name":"CIRCUTOR","article_publisher":"https:\/\/www.facebook.com\/CIRCUTOR.ES","article_modified_time":"2022-09-26T13:32:43+00:00","og_image":[{"width":1299,"height":354,"url":"https:\/\/circutor.com\/wp-content\/uploads\/2022\/07\/Circutor_Logo_Color.png","type":"image\/png"}],"twitter_card":"summary_large_image","twitter_site":"@circutor","twitter_misc":{"Tempo estimado de leitura":"1 minuto"},"schema":{"@context":"https:\/\/schema.org","@graph":[{"@type":"Organization","@id":"https:\/\/circutor.com\/#organization","name":"Circutor","url":"https:\/\/circutor.com\/","sameAs":["https:\/\/www.instagram.com\/circutor_es","https:\/\/www.linkedin.com\/company\/circutor","https:\/\/www.youtube.com\/user\/CIRCUTORoficial","https:\/\/www.facebook.com\/CIRCUTOR.ES","https:\/\/twitter.com\/circutor"],"logo":{"@type":"ImageObject","inLanguage":"pt-PT","@id":"https:\/\/circutor.com\/#\/schema\/logo\/image\/","url":"https:\/\/circutor.com\/wp-content\/uploads\/2020\/09\/CIR_LOGO_RED.png","contentUrl":"https:\/\/circutor.com\/wp-content\/uploads\/2020\/09\/CIR_LOGO_RED.png","width":512,"height":128,"caption":"Circutor"},"image":{"@id":"https:\/\/circutor.com\/#\/schema\/logo\/image\/"}},{"@type":"WebSite","@id":"https:\/\/circutor.com\/#website","url":"https:\/\/circutor.com\/","name":"CIRCUTOR","description":"Soluciones para la eficiencia energ\u00e9tica el\u00e9ctrica","publisher":{"@id":"https:\/\/circutor.com\/#organization"},"potentialAction":[{"@type":"SearchAction","target":{"@type":"EntryPoint","urlTemplate":"https:\/\/circutor.com\/?s={search_term_string}"},"query-input":"required name=search_term_string"}],"inLanguage":"pt-PT"},{"@type":"WebPage","@id":"https:\/\/circutor.com\/pt-pt\/obrigado-por-subscrever-a-nossa-newsletter\/","url":"https:\/\/circutor.com\/pt-pt\/obrigado-por-subscrever-a-nossa-newsletter\/","name":"Obrigado por subscrever a nossa Newsletter - CIRCUTOR","isPartOf":{"@id":"https:\/\/circutor.com\/#website"},"datePublished":"2022-09-15T08:51:01+00:00","dateModified":"2022-09-26T13:32:43+00:00","breadcrumb":{"@id":"https:\/\/circutor.com\/pt-pt\/obrigado-por-subscrever-a-nossa-newsletter\/#breadcrumb"},"inLanguage":"pt-PT","potentialAction":[{"@type":"ReadAction","target":["https:\/\/circutor.com\/pt-pt\/obrigado-por-subscrever-a-nossa-newsletter\/"]}]},{"@type":"BreadcrumbList","@id":"https:\/\/circutor.com\/pt-pt\/obrigado-por-subscrever-a-nossa-newsletter\/#breadcrumb","itemListElement":[{"@type":"ListItem","position":1,"name":"Portada","item":"https:\/\/circutor.com\/pt-pt\/"},{"@type":"ListItem","position":2,"name":"Obrigado por subscrever a nossa Newsletter"}]}]}},"_links":{"self":[{"href":"https:\/\/circutor.com\/pt-pt\/wp-json\/wp\/v2\/pages\/28975"}],"collection":[{"href":"https:\/\/circutor.com\/pt-pt\/wp-json\/wp\/v2\/pages"}],"about":[{"href":"https:\/\/circutor.com\/pt-pt\/wp-json\/wp\/v2\/types\/page"}],"author":[{"embeddable":true,"href":"https:\/\/circutor.com\/pt-pt\/wp-json\/wp\/v2\/users\/7"}],"replies":[{"embeddable":true,"href":"https:\/\/circutor.com\/pt-pt\/wp-json\/wp\/v2\/comments?post=28975"}],"version-history":[{"count":0,"href":"https:\/\/circutor.com\/pt-pt\/wp-json\/wp\/v2\/pages\/28975\/revisions"}],"wp:attachment":[{"href":"https:\/\/circutor.com\/pt-pt\/wp-json\/wp\/v2\/media?parent=28975"}],"curies":[{"name":"wp","href":"https:\/\/api.w.org\/{rel}","templated":true}]}}