{"id":16508,"date":"2022-04-01T11:14:50","date_gmt":"2022-04-01T11:14:50","guid":{"rendered":"https:\/\/circutor.com\/?page_id=16508"},"modified":"2022-10-10T11:05:12","modified_gmt":"2022-10-10T09:05:12","slug":"notebooks","status":"publish","type":"page","link":"https:\/\/circutor.com\/pt-pt\/suporte\/formacao\/notebooks\/","title":{"rendered":"Notebooks"},"content":{"rendered":"<p>[vc_row][vc_column]<div itemscope itemtype=\"https:\/\/schema.org\/BreadcrumbList\" id=\"breadcrumb\"><div itemprop=\"itemListElement\" itemscope itemtype=\"https:\/\/schema.org\/ListItem\"><a itemprop=\"item\" href=\"https:\/\/circutor.com\/pt-pt\/\"><span itemprop=\"name\">Home<\/span><\/a><meta itemprop=\"position\" content=\"1\" \/><\/div><div itemprop=\"itemListElement\" itemscope itemtype=\"https:\/\/schema.org\/ListItem\"><span><i class=\"ico-guil-singl-right\"><\/i><\/span><a itemprop=\"item\" href=\"https:\/\/circutor.com\/pt-pt\/suporte\/\"><span itemprop=\"name\">Suporte<\/span><\/a><meta itemprop=\"position\" content=\"3\"><\/div><div itemprop=\"itemListElement\" itemscope itemtype=\"https:\/\/schema.org\/ListItem\"><span><i class=\"ico-guil-singl-right\"><\/i><\/span><a itemprop=\"item\" href=\"https:\/\/circutor.com\/pt-pt\/suporte\/formacao\/\"><span itemprop=\"name\">Forma\u00e7\u00e3o<\/span><\/a><meta itemprop=\"position\" content=\"4\"><\/div><div itemprop=\"itemListElement\" itemscope itemtype=\"https:\/\/schema.org\/ListItem\"><span><i class=\"ico-guil-singl-right\"><\/i><\/span><span class=\"active_item_breadcrumb\" itemprop=\"name\">Notebooks<\/span><meta itemprop=\"position\" content=\"5\"><\/div><\/div>[\/vc_column][\/vc_row][vc_row el_class=&#8221;banner_page_sin_foto banner_formacion&#8221;][vc_column][vc_column_text]<\/p>\n<h1>Notebooks<\/h1>\n<p>[\/vc_column_text][vc_column_text]Aqui pode encontrar informa\u00e7\u00f5es t\u00e9cnicas sobre temas do setor.[\/vc_column_text][\/vc_column][\/vc_row][vc_row el_class=&#8221;listado_notebooks&#8221;][vc_column][vc_raw_html]JTNDYSUyMGhyZWYlM0QlMjIlMkZwdC1wdCUyRnN1cG9ydGUlMkZmb3JtYWNhbyUyRm5vdGVib29rcyUyRmVmaWNpZW5jaWEtZW5lcmdldGljYS1lbGVjdHJpY2ElMkYlMjIlM0UlMEElM0NkaXYlMjBjbGFzcyUzRCUyMml0ZW1fbGlzdGFfbm90ZWJvb2tzJTIwYW5pbWFjaW9uX2NhamElMjIlM0UlMEElMjAlMjAlMjAlM0NoNCUzRUVmaWNpJUMzJUFBbmNpYSUyMEVuZXJnJUMzJUE5dGljYSUyMEVsJUMzJUE5dHJpY2ElM0MlMkZoNCUzRSUwQSUyMCUyMCUyMCUzQ3AlM0VBdHVhbG1lbnRlJTJDJTIwbyUyMGdyYW5kZSUyMGF1bWVudG8lMjBkYSUyMHByb2N1cmElMjBkZSUyMGVuZXJnaWElMkMlMjBiZW0lMjBjb21vJTIwYXMlMjBwcmV2aXMlQzMlQjVlcyUyMGV4aXN0ZW50ZXMlMjBhJTIwY3VydG8lMjBwcmF6byUyQyUyMG1vc3RyYW0lMjB1bWElMjBzJUMzJUE5cmllJTIwZGUlMjBncmFuZGVzJTIwcHJvYmxlbWFzJTIwJUMzJUEwJTIwZXNjYWxhJTIwbXVuZGlhbCUzQSUyMEFmZXRhJUMzJUE3JUMzJUEzbyUyMGdyYXZlJTIwYW8lMjBtZWlvJTIwYW1iaWVudGUlMkMlMjBlbmNhcmVjaW1lbnRvJTIwcHJvZ3Jlc3Npdm8uLi4lM0MlMkZwJTNFJTBBJTIwJTIwJTIwJTIwJTNDYSUyMGNsYXNzJTNEJTIyYm90b25fZW5sYWNlJTIyJTIwaHJlZiUzRCUyMiUyRnNvcG9ydGUlMkZmb3JtYWNpb24lMkZub3RlYm9va3MlMkZlZmljaWVuY2lhLWVuZXJnZXRpY2EtZWxlY3RyaWNhJTJGJTIyJTNFU2FiZXIlMjBtYWlzJTIwJTNDaSUyMGNsYXNzJTNEJTIyaWNvLWFycm93LXJpZ2h0JTIyJTNFJTNDJTJGaSUzRSUzQyUyRmElM0UlMEElM0MlMkZkaXYlM0UlMEElM0MlMkZhJTNF[\/vc_raw_html][\/vc_column][\/vc_row][vc_row el_class=&#8221;bloque bottom_cat_sector&#8221;][vc_column width=&#8221;1\/2&#8243;][vc_column_text el_class=&#8221;animacion_left&#8221;]<\/p>\n<h6 class=\"wrap-title\">NEWSLETTER<\/h6>\n<p>[\/vc_column_text][vc_row_inner el_class=&#8221;newsletter_cat_sector&#8221;][vc_column_inner][vc_column_text el_class=&#8221;titulo&#8221;]<strong>Mantenha-se informado.<\/strong><br \/>\nSubscreva a nossa Newsletter.[\/vc_column_text][vc_column_text el_class=&#8221;subtitulo&#8221;]Gostaria de receber not\u00edcias e informa\u00e7\u00f5es comerciais da CIRCUTOR por correio electr\u00f3nico.<br \/>\n<script src=\"\/\/info.circutor.es\/js\/forms2\/js\/forms2.min.js\"><\/script><\/p>\n<form id=\"mktoForm_1132\"><\/form>\n<p><script>MktoForms2.loadForm(\"\/\/info.circutor.es\", \"940-CSD-667\", 1132);<\/script>[\/vc_column_text][\/vc_column_inner][\/vc_row_inner][\/vc_column][vc_column width=&#8221;1\/2&#8243;][vc_column_text el_class=&#8221;animacion_left&#8221;]<\/p>\n<h6 class=\"wrap-title\">ASSIST\u00caNCIA<\/h6>\n<p>[\/vc_column_text][vc_raw_html el_class=&#8221;asistencia_cat_sector&#8221;]JTNDYSUyMGhyZWYlM0QlMjIlMkZwdC1wdCUyRmNvbnRhY3RvJTJGJTIyJTNFJTBBJTNDZGl2JTIwY2xhc3MlM0QlMjJpdGVtJTIwZ2VuZXJhbCUyMGFuaW1hY2lvbl9jYWphJTIyJTNFJTBBJTNDZGl2JTIwY2xhc3MlM0QlMjJpbWFnZW4tYm9yZGUlMjIlM0UlMEElM0NpbWclMjBzcmMlM0QlMjIlMkZ3cC1jb250ZW50JTJGdXBsb2FkcyUyRjIwMjIlMkYwOCUyRkZTQl9Bc2lzdGVuY2lhLmpwZyUyMiUzRSUwQSUzQyUyRmRpdiUzRSUwQSUzQ2RpdiUyMGNsYXNzJTNEJTIyZGV0YWlscyUyMiUzRSUwQSUzQ3AlMjBjbGFzcyUzRCUyMnRpdHVsb19wYWdlJTIyJTNFJTNDc3Ryb25nJTNFTmElMjBDSVJDVVRPUiUyMGVzdGFtb3MlMjBhcXVpJTIwcGFyYSUyMG8lMjBhanVkYXIuJTNDJTJGc3Ryb25nJTNFJTNDYnIlM0UlMEFTZSUyMHRpdmVyJTIwYWxndW1hJTIwZCVDMyVCQXZpZGElMkMlMjBmYWxlbW9zLiUzQyUyRnAlM0UlMEElM0NwJTIwY2xhc3MlM0QlMjJlbmxhY2UlMjIlM0VGYWxlJTIwY29tJTIwdW0lMjBlc3BlY2lhbGlzdGElMjAlM0NpJTIwY2xhc3MlM0QlMjJpY28tYXJyb3ctcmlnaHQlMjIlM0UlM0MlMkZpJTNFJTNDJTJGcCUzRSUwQSUzQyUyRmRpdiUzRSUwQSUwQSUzQyUyRmRpdiUzRSUwQSUzQyUyRmElM0U=[\/vc_raw_html][\/vc_column][\/vc_row]<\/p>\n","protected":false},"excerpt":{"rendered":"<p>[vc_row][vc_column][\/vc_column][\/vc_row][vc_row el_class=&#8221;banner_page_sin_foto banner_formacion&#8221;][vc_column][vc_column_text] Notebooks [\/vc_column_text][vc_column_text]Aqui pode encontrar informa\u00e7\u00f5es t\u00e9cnicas sobre temas do setor.[\/vc_column_text][\/vc_column][\/vc_row][vc_row el_class=&#8221;listado_notebooks&#8221;][vc_column][vc_raw_html]JTNDYSUyMGhyZWYlM0QlMjIlMkZwdC1wdCUyRnN1cG9ydGUlMkZmb3JtYWNhbyUyRm5vdGVib29rcyUyRmVmaWNpZW5jaWEtZW5lcmdldGljYS1lbGVjdHJpY2ElMkYlMjIlM0UlMEElM0NkaXYlMjBjbGFzcyUzRCUyMml0ZW1fbGlzdGFfbm90ZWJvb2tzJTIwYW5pbWFjaW9uX2NhamElMjIlM0UlMEElMjAlMjAlMjAlM0NoNCUzRUVmaWNpJUMzJUFBbmNpYSUyMEVuZXJnJUMzJUE5dGljYSUyMEVsJUMzJUE5dHJpY2ElM0MlMkZoNCUzRSUwQSUyMCUyMCUyMCUzQ3AlM0VBdHVhbG1lbnRlJTJDJTIwbyUyMGdyYW5kZSUyMGF1bWVudG8lMjBkYSUyMHByb2N1cmElMjBkZSUyMGVuZXJnaWElMkMlMjBiZW0lMjBjb21vJTIwYXMlMjBwcmV2aXMlQzMlQjVlcyUyMGV4aXN0ZW50ZXMlMjBhJTIwY3VydG8lMjBwcmF6byUyQyUyMG1vc3RyYW0lMjB1bWElMjBzJUMzJUE5cmllJTIwZGUlMjBncmFuZGVzJTIwcHJvYmxlbWFzJTIwJUMzJUEwJTIwZXNjYWxhJTIwbXVuZGlhbCUzQSUyMEFmZXRhJUMzJUE3JUMzJUEzbyUyMGdyYXZlJTIwYW8lMjBtZWlvJTIwYW1iaWVudGUlMkMlMjBlbmNhcmVjaW1lbnRvJTIwcHJvZ3Jlc3Npdm8uLi4lM0MlMkZwJTNFJTBBJTIwJTIwJTIwJTIwJTNDYSUyMGNsYXNzJTNEJTIyYm90b25fZW5sYWNlJTIyJTIwaHJlZiUzRCUyMiUyRnNvcG9ydGUlMkZmb3JtYWNpb24lMkZub3RlYm9va3MlMkZlZmljaWVuY2lhLWVuZXJnZXRpY2EtZWxlY3RyaWNhJTJGJTIyJTNFU2FiZXIlMjBtYWlzJTIwJTNDaSUyMGNsYXNzJTNEJTIyaWNvLWFycm93LXJpZ2h0JTIyJTNFJTNDJTJGaSUzRSUzQyUyRmElM0UlMEElM0MlMkZkaXYlM0UlMEElM0MlMkZhJTNF[\/vc_raw_html][\/vc_column][\/vc_row][vc_row el_class=&#8221;bloque bottom_cat_sector&#8221;][vc_column width=&#8221;1\/2&#8243;][vc_column_text el_class=&#8221;animacion_left&#8221;] NEWSLETTER [\/vc_column_text][vc_row_inner el_class=&#8221;newsletter_cat_sector&#8221;][vc_column_inner][vc_column_text el_class=&#8221;titulo&#8221;]Mantenha-se informado. Subscreva a nossa Newsletter.[\/vc_column_text][vc_column_text el_class=&#8221;subtitulo&#8221;]Gostaria de receber not\u00edcias e informa\u00e7\u00f5es comerciais da CIRCUTOR por correio electr\u00f3nico. [\/vc_column_text][\/vc_column_inner][\/vc_row_inner][\/vc_column][vc_column width=&#8221;1\/2&#8243;][vc_column_text el_class=&#8221;animacion_left&#8221;] ASSIST\u00caNCIA [\/vc_column_text][vc_raw_html el_class=&#8221;asistencia_cat_sector&#8221;]JTNDYSUyMGhyZWYlM0QlMjIlMkZwdC1wdCUyRmNvbnRhY3RvJTJGJTIyJTNFJTBBJTNDZGl2JTIwY2xhc3MlM0QlMjJpdGVtJTIwZ2VuZXJhbCUyMGFuaW1hY2lvbl9jYWphJTIyJTNFJTBBJTNDZGl2JTIwY2xhc3MlM0QlMjJpbWFnZW4tYm9yZGUlMjIlM0UlMEElM0NpbWclMjBzcmMlM0QlMjIlMkZ3cC1jb250ZW50JTJGdXBsb2FkcyUyRjIwMjIlMkYwOCUyRkZTQl9Bc2lzdGVuY2lhLmpwZyUyMiUzRSUwQSUzQyUyRmRpdiUzRSUwQSUzQ2RpdiUyMGNsYXNzJTNEJTIyZGV0YWlscyUyMiUzRSUwQSUzQ3AlMjBjbGFzcyUzRCUyMnRpdHVsb19wYWdlJTIyJTNFJTNDc3Ryb25nJTNFTmElMjBDSVJDVVRPUiUyMGVzdGFtb3MlMjBhcXVpJTIwcGFyYSUyMG8lMjBhanVkYXIuJTNDJTJGc3Ryb25nJTNFJTNDYnIlM0UlMEFTZSUyMHRpdmVyJTIwYWxndW1hJTIwZCVDMyVCQXZpZGElMkMlMjBmYWxlbW9zLiUzQyUyRnAlM0UlMEElM0NwJTIwY2xhc3MlM0QlMjJlbmxhY2UlMjIlM0VGYWxlJTIwY29tJTIwdW0lMjBlc3BlY2lhbGlzdGElMjAlM0NpJTIwY2xhc3MlM0QlMjJpY28tYXJyb3ctcmlnaHQlMjIlM0UlM0MlMkZpJTNFJTNDJTJGcCUzRSUwQSUzQyUyRmRpdiUzRSUwQSUwQSUzQyUyRmRpdiUzRSUwQSUzQyUyRmElM0U=[\/vc_raw_html][\/vc_column][\/vc_row]<\/p>\n","protected":false},"author":7,"featured_media":0,"parent":10065,"menu_order":0,"comment_status":"closed","ping_status":"closed","template":"","meta":[],"acf":[],"yoast_head":"<!-- This site is optimized with the Yoast SEO plugin v19.4 - https:\/\/yoast.com\/wordpress\/plugins\/seo\/ -->\n<title>Notebooks - CIRCUTOR<\/title>\n<meta name=\"description\" content=\"Aqu\u00ed puedes encontrar informaci\u00f3n t\u00e9cnica sobre temas del sector.\" \/>\n<meta name=\"robots\" content=\"index, follow, max-snippet:-1, max-image-preview:large, max-video-preview:-1\" \/>\n<link rel=\"canonical\" href=\"https:\/\/circutor.com\/pt-pt\/suporte\/formacao\/notebooks\/\" \/>\n<meta property=\"og:locale\" content=\"pt_PT\" \/>\n<meta property=\"og:type\" content=\"article\" \/>\n<meta property=\"og:title\" content=\"Notebooks - CIRCUTOR\" \/>\n<meta property=\"og:description\" content=\"Aqu\u00ed puedes encontrar informaci\u00f3n t\u00e9cnica sobre temas del sector.\" \/>\n<meta property=\"og:url\" content=\"https:\/\/circutor.com\/pt-pt\/suporte\/formacao\/notebooks\/\" \/>\n<meta property=\"og:site_name\" content=\"CIRCUTOR\" \/>\n<meta property=\"article:publisher\" content=\"https:\/\/www.facebook.com\/CIRCUTOR.ES\" \/>\n<meta property=\"article:modified_time\" content=\"2022-10-10T09:05:12+00:00\" \/>\n<meta property=\"og:image\" content=\"https:\/\/circutor.com\/wp-content\/uploads\/2022\/07\/Circutor_Logo_Color.png\" \/>\n\t<meta property=\"og:image:width\" content=\"1299\" \/>\n\t<meta property=\"og:image:height\" content=\"354\" \/>\n\t<meta property=\"og:image:type\" content=\"image\/png\" \/>\n<meta name=\"twitter:card\" content=\"summary_large_image\" \/>\n<meta name=\"twitter:site\" content=\"@circutor\" \/>\n<meta name=\"twitter:label1\" content=\"Tempo estimado de leitura\" \/>\n\t<meta name=\"twitter:data1\" content=\"1 minuto\" \/>\n<script type=\"application\/ld+json\" class=\"yoast-schema-graph\">{\"@context\":\"https:\/\/schema.org\",\"@graph\":[{\"@type\":\"Organization\",\"@id\":\"https:\/\/circutor.com\/#organization\",\"name\":\"Circutor\",\"url\":\"https:\/\/circutor.com\/\",\"sameAs\":[\"https:\/\/www.instagram.com\/circutor_es\",\"https:\/\/www.linkedin.com\/company\/circutor\",\"https:\/\/www.youtube.com\/user\/CIRCUTORoficial\",\"https:\/\/www.facebook.com\/CIRCUTOR.ES\",\"https:\/\/twitter.com\/circutor\"],\"logo\":{\"@type\":\"ImageObject\",\"inLanguage\":\"pt-PT\",\"@id\":\"https:\/\/circutor.com\/#\/schema\/logo\/image\/\",\"url\":\"https:\/\/circutor.com\/wp-content\/uploads\/2020\/09\/CIR_LOGO_RED.png\",\"contentUrl\":\"https:\/\/circutor.com\/wp-content\/uploads\/2020\/09\/CIR_LOGO_RED.png\",\"width\":512,\"height\":128,\"caption\":\"Circutor\"},\"image\":{\"@id\":\"https:\/\/circutor.com\/#\/schema\/logo\/image\/\"}},{\"@type\":\"WebSite\",\"@id\":\"https:\/\/circutor.com\/#website\",\"url\":\"https:\/\/circutor.com\/\",\"name\":\"CIRCUTOR\",\"description\":\"Soluciones para la eficiencia energ\u00e9tica el\u00e9ctrica\",\"publisher\":{\"@id\":\"https:\/\/circutor.com\/#organization\"},\"potentialAction\":[{\"@type\":\"SearchAction\",\"target\":{\"@type\":\"EntryPoint\",\"urlTemplate\":\"https:\/\/circutor.com\/?s={search_term_string}\"},\"query-input\":\"required name=search_term_string\"}],\"inLanguage\":\"pt-PT\"},{\"@type\":\"WebPage\",\"@id\":\"https:\/\/circutor.com\/pt-pt\/suporte\/formacao\/notebooks\/\",\"url\":\"https:\/\/circutor.com\/pt-pt\/suporte\/formacao\/notebooks\/\",\"name\":\"Notebooks - CIRCUTOR\",\"isPartOf\":{\"@id\":\"https:\/\/circutor.com\/#website\"},\"datePublished\":\"2022-04-01T11:14:50+00:00\",\"dateModified\":\"2022-10-10T09:05:12+00:00\",\"description\":\"Aqu\u00ed puedes encontrar informaci\u00f3n t\u00e9cnica sobre temas del sector.\",\"breadcrumb\":{\"@id\":\"https:\/\/circutor.com\/pt-pt\/suporte\/formacao\/notebooks\/#breadcrumb\"},\"inLanguage\":\"pt-PT\",\"potentialAction\":[{\"@type\":\"ReadAction\",\"target\":[\"https:\/\/circutor.com\/pt-pt\/suporte\/formacao\/notebooks\/\"]}]},{\"@type\":\"BreadcrumbList\",\"@id\":\"https:\/\/circutor.com\/pt-pt\/suporte\/formacao\/notebooks\/#breadcrumb\",\"itemListElement\":[{\"@type\":\"ListItem\",\"position\":1,\"name\":\"Portada\",\"item\":\"https:\/\/circutor.com\/pt-pt\/\"},{\"@type\":\"ListItem\",\"position\":2,\"name\":\"Suporte\",\"item\":\"https:\/\/circutor.com\/pt-pt\/suporte\/\"},{\"@type\":\"ListItem\",\"position\":3,\"name\":\"Forma\u00e7\u00e3o\",\"item\":\"https:\/\/circutor.com\/pt-pt\/suporte\/formacao\/\"},{\"@type\":\"ListItem\",\"position\":4,\"name\":\"Notebooks\"}]}]}<\/script>\n<!-- \/ Yoast SEO plugin. -->","yoast_head_json":{"title":"Notebooks - CIRCUTOR","description":"Aqu\u00ed puedes encontrar informaci\u00f3n t\u00e9cnica sobre temas del sector.","robots":{"index":"index","follow":"follow","max-snippet":"max-snippet:-1","max-image-preview":"max-image-preview:large","max-video-preview":"max-video-preview:-1"},"canonical":"https:\/\/circutor.com\/pt-pt\/suporte\/formacao\/notebooks\/","og_locale":"pt_PT","og_type":"article","og_title":"Notebooks - CIRCUTOR","og_description":"Aqu\u00ed puedes encontrar informaci\u00f3n t\u00e9cnica sobre temas del sector.","og_url":"https:\/\/circutor.com\/pt-pt\/suporte\/formacao\/notebooks\/","og_site_name":"CIRCUTOR","article_publisher":"https:\/\/www.facebook.com\/CIRCUTOR.ES","article_modified_time":"2022-10-10T09:05:12+00:00","og_image":[{"width":1299,"height":354,"url":"https:\/\/circutor.com\/wp-content\/uploads\/2022\/07\/Circutor_Logo_Color.png","type":"image\/png"}],"twitter_card":"summary_large_image","twitter_site":"@circutor","twitter_misc":{"Tempo estimado de leitura":"1 minuto"},"schema":{"@context":"https:\/\/schema.org","@graph":[{"@type":"Organization","@id":"https:\/\/circutor.com\/#organization","name":"Circutor","url":"https:\/\/circutor.com\/","sameAs":["https:\/\/www.instagram.com\/circutor_es","https:\/\/www.linkedin.com\/company\/circutor","https:\/\/www.youtube.com\/user\/CIRCUTORoficial","https:\/\/www.facebook.com\/CIRCUTOR.ES","https:\/\/twitter.com\/circutor"],"logo":{"@type":"ImageObject","inLanguage":"pt-PT","@id":"https:\/\/circutor.com\/#\/schema\/logo\/image\/","url":"https:\/\/circutor.com\/wp-content\/uploads\/2020\/09\/CIR_LOGO_RED.png","contentUrl":"https:\/\/circutor.com\/wp-content\/uploads\/2020\/09\/CIR_LOGO_RED.png","width":512,"height":128,"caption":"Circutor"},"image":{"@id":"https:\/\/circutor.com\/#\/schema\/logo\/image\/"}},{"@type":"WebSite","@id":"https:\/\/circutor.com\/#website","url":"https:\/\/circutor.com\/","name":"CIRCUTOR","description":"Soluciones para la eficiencia energ\u00e9tica el\u00e9ctrica","publisher":{"@id":"https:\/\/circutor.com\/#organization"},"potentialAction":[{"@type":"SearchAction","target":{"@type":"EntryPoint","urlTemplate":"https:\/\/circutor.com\/?s={search_term_string}"},"query-input":"required name=search_term_string"}],"inLanguage":"pt-PT"},{"@type":"WebPage","@id":"https:\/\/circutor.com\/pt-pt\/suporte\/formacao\/notebooks\/","url":"https:\/\/circutor.com\/pt-pt\/suporte\/formacao\/notebooks\/","name":"Notebooks - CIRCUTOR","isPartOf":{"@id":"https:\/\/circutor.com\/#website"},"datePublished":"2022-04-01T11:14:50+00:00","dateModified":"2022-10-10T09:05:12+00:00","description":"Aqu\u00ed puedes encontrar informaci\u00f3n t\u00e9cnica sobre temas del sector.","breadcrumb":{"@id":"https:\/\/circutor.com\/pt-pt\/suporte\/formacao\/notebooks\/#breadcrumb"},"inLanguage":"pt-PT","potentialAction":[{"@type":"ReadAction","target":["https:\/\/circutor.com\/pt-pt\/suporte\/formacao\/notebooks\/"]}]},{"@type":"BreadcrumbList","@id":"https:\/\/circutor.com\/pt-pt\/suporte\/formacao\/notebooks\/#breadcrumb","itemListElement":[{"@type":"ListItem","position":1,"name":"Portada","item":"https:\/\/circutor.com\/pt-pt\/"},{"@type":"ListItem","position":2,"name":"Suporte","item":"https:\/\/circutor.com\/pt-pt\/suporte\/"},{"@type":"ListItem","position":3,"name":"Forma\u00e7\u00e3o","item":"https:\/\/circutor.com\/pt-pt\/suporte\/formacao\/"},{"@type":"ListItem","position":4,"name":"Notebooks"}]}]}},"_links":{"self":[{"href":"https:\/\/circutor.com\/pt-pt\/wp-json\/wp\/v2\/pages\/16508"}],"collection":[{"href":"https:\/\/circutor.com\/pt-pt\/wp-json\/wp\/v2\/pages"}],"about":[{"href":"https:\/\/circutor.com\/pt-pt\/wp-json\/wp\/v2\/types\/page"}],"author":[{"embeddable":true,"href":"https:\/\/circutor.com\/pt-pt\/wp-json\/wp\/v2\/users\/7"}],"replies":[{"embeddable":true,"href":"https:\/\/circutor.com\/pt-pt\/wp-json\/wp\/v2\/comments?post=16508"}],"version-history":[{"count":0,"href":"https:\/\/circutor.com\/pt-pt\/wp-json\/wp\/v2\/pages\/16508\/revisions"}],"up":[{"embeddable":true,"href":"https:\/\/circutor.com\/pt-pt\/wp-json\/wp\/v2\/pages\/10065"}],"wp:attachment":[{"href":"https:\/\/circutor.com\/pt-pt\/wp-json\/wp\/v2\/media?parent=16508"}],"curies":[{"name":"wp","href":"https:\/\/api.w.org\/{rel}","templated":true}]}}