{"id":12763,"date":"2022-01-04T14:01:47","date_gmt":"2022-01-04T14:01:47","guid":{"rendered":"http:\/\/circutor-wp.atic.blue\/?page_id=12763"},"modified":"2022-06-22T10:25:20","modified_gmt":"2022-06-22T08:25:20","slug":"utilizacao-de-redes-sociais","status":"publish","type":"page","link":"https:\/\/circutor.com\/pt-pt\/utilizacao-de-redes-sociais\/","title":{"rendered":"Utiliza\u00e7\u00e3o de redes sociais"},"content":{"rendered":"<p>[vc_row][vc_column][vc_column_text]<\/p>\n<h3>Utiliza\u00e7\u00e3o de redes sociais<\/h3>\n<p>Todos os perfis oficiais da CIRCUTOR, SAU em redes sociais informam o utilizador sobre os seus termos e condi\u00e7\u00f5es de utiliza\u00e7\u00e3o. Estes termos s\u00e3o indicados no documento seguinte:<\/p>\n<p>A CIRCUTOR criou esta p\u00e1gina nas redes sociais para o escutar, para o informar e para que conhe\u00e7a melhor a nossa entidade. O seu principal objectivo \u00e9 fomentar o di\u00e1logo transparente e construtivo, sempre com respeito entre todos os utilizadores.<\/p>\n<p>Para que este canal seja \u00fatil para todos, \u00e9 necess\u00e1rio respeitar as regras b\u00e1sicas. Deve ler com aten\u00e7\u00e3o as seguintes normas de utiliza\u00e7\u00e3o antes de come\u00e7ar a participar:<\/p>\n<ol>\n<li>Lembre-se que este f\u00f3rum \u00e9 p\u00fablico. Sendo que ao adicionar qualquer dado, coment\u00e1rio ou informa\u00e7\u00e3o, assume que este pode ser visto por todos os restantes utilizadores desta rede social e pela CIRCUTOR.<\/li>\n<li>Pedimos-lhe que fale na primeira pessoa e que trate de trazer valor para os seus coment\u00e1rios, facilitando informa\u00e7\u00f5es e respectivas pondera\u00e7\u00f5es. Lembre-se que \u00e9 respons\u00e1vel pelo que escreve e pelas eventuais consequ\u00eancias na sua imagem e reputa\u00e7\u00e3o. Se tiver qualquer d\u00favida, n\u00e3o fa\u00e7a qualquer contribui\u00e7\u00e3o.<\/li>\n<li>Este espa\u00e7o constitui um f\u00f3rum de interc\u00e2mbio de opini\u00f5es ou para debate construtivo mas n\u00e3o \u00e9 o local adequado para criar pol\u00e9micas, ofender outros utilizadores ou terceiros, nem para apresentar queixas e reclama\u00e7\u00f5es que se devem realizar atrav\u00e9s das vias espec\u00edficas que a CIRCUTOR tem estabelecidas para tal fim.<\/li>\n<li>Trate com respeito os outros utilizadores; utilize uma linguagem adequada e correta e atua como se estivesse na presen\u00e7a de outra pessoa.<\/li>\n<li>N\u00e3o publique material publicit\u00e1rio nem fa\u00e7a uso deste perfil para lucrar ou fazer neg\u00f3cio, nem compare os valores, produtos ou servi\u00e7os de outras empresas. Este f\u00f3rum tamb\u00e9m n\u00e3o serve para promover ou procurar emprego; a CIRCUTOR disp\u00f5e de uma via espec\u00edfica para esta finalidade.<\/li>\n<li>A sua contribui\u00e7\u00e3o deve apresentar dados reais, concretos e argumenta\u00e7\u00e3o consistente. Permitem-se cita\u00e7\u00f5es ou a reprodu\u00e7\u00e3o de pequenos fragmentos de textos, livros ou obras em geral de terceiros, sempre que se indique a fonte e o nome do autor. Se realizar uma contribui\u00e7\u00e3o pr\u00f3pria (texto, fotografias, gr\u00e1ficos, v\u00eddeos ou \u00e1udio) informamo-lo que deve autoriza\u00e7\u00e3o \u00e0 CIRCUTOR para a reproduzir em qualquer meio f\u00edsico ou virtual onde indicaremos o seu nome como autor, tudo isto sem preju\u00edzo de que outros utilizadores tamb\u00e9m os poder\u00e3o guardar ou reproduzir.<\/li>\n<li>O s\u00edmbolo da &#8220;C&#8221;, &#8220;CIRCUTOR&#8221; e\/ou qualquer outro log\u00f3tipo que utilizamos neste perfil s\u00e3o marcas registadas. Tamb\u00e9m s\u00e3o titularidade da empresa os conte\u00fados divulgados pela CIRCUTOR neste perfil e, portanto, a CIRCUTOR reserva-se todos os direitos de propriedade intelectual e industrial associados aos mesmos. Dever-se-\u00e1 comprometer a respeit\u00e1-los e a n\u00e3o utiliz\u00e1-los sem a devida autoriza\u00e7\u00e3o, qualquer que seja o meio.<\/li>\n<li>S\u00f3 deve descarregar os conte\u00fados, copiar ou imprimir qualquer contribui\u00e7\u00e3o, para sua utiliza\u00e7\u00e3o pessoal ou privada.<\/li>\n<li>Informamo-lo que a partir deste perfil nesta rede social, a CIRCUTOR n\u00e3o lhe pedir\u00e1, de forma p\u00fablica, quaisquer dados pessoais.<\/li>\n<li>As informa\u00e7\u00f5es contidas neste perfil n\u00e3o dever\u00e3o ser consideradas como assessoria, recomenda\u00e7\u00e3o de compra, venda ou qualquer outro tipo de negocia\u00e7\u00e3o sobre os produtos ou solu\u00e7\u00f5es da CIRCUTOR.<\/li>\n<li>Temos de preservar a boa utiliza\u00e7\u00e3o deste perfil e, para tal, a CIRCUTOR, como administrador, reserva-se o direito de eliminar, sem direito e resposta, qualquer coment\u00e1rio que:<\/li>\n<\/ol>\n<ul>\n<li style=\"list-style-type: none;\">\n<ul>\n<li>Considere ilegal, mal-educada, amea\u00e7adora, infundada, caluniosa, inadequada, \u00e9tica ou socialmente discriminat\u00f3ria ou laboralmente censur\u00e1vel ou que, de alguma forma, possa criar danos e preju\u00edzos materiais ou morais \u00e0 CIRCUTOR, aos seus funcion\u00e1rios, colaboradores ou terceiros.<\/li>\n<li>Envolva dados de terceiros sem a sua autoriza\u00e7\u00e3o.<\/li>\n<li>Contenha qualquer tipo de recomenda\u00e7\u00e3o relativa a material publicit\u00e1rio ou de propaganda, pessoal ou em benef\u00edcio de terceiros, sejam pessoas f\u00edsicas ou jur\u00eddicas.<\/li>\n<li>Seja redundante.<\/li>\n<li>N\u00e3o esteja relacionada com a finalidade da p\u00e1gina.<\/li>\n<\/ul>\n<\/li>\n<\/ul>\n<p><strong>Responsabilidade e garantia da CIRCUTOR<\/strong><\/p>\n<p>A CIRCUTOR n\u00e3o se responsabiliza pelas opini\u00f5es indicadas neste perfil e n\u00e3o assume garantia alguma sobre a veracidade, exactid\u00e3o ou actualiza\u00e7\u00e3o das informa\u00e7\u00f5es nele contidas.<\/p>\n<p>Em caso algum, a CIRCUTOR, os seus administradores, funcion\u00e1rios ou pessoal autorizado ser\u00e3o respons\u00e1veis por qualquer tipo de preju\u00edzo, perdas, reclama\u00e7\u00f5es ou gastos de nenhum tipo, advenham ou n\u00e3o da utiliza\u00e7\u00e3o desta rede social, das informa\u00e7\u00f5es adquiridas ou acedidas por ou atrav\u00e9s desta, de v\u00edrus inform\u00e1ticos, de falhas operativas ou de interrup\u00e7\u00f5es no servi\u00e7o ou transmiss\u00e3o ou falhas na linha; a utiliza\u00e7\u00e3o desta rede social, tanto em liga\u00e7\u00e3o directa como em v\u00ednculo ou outro meio, constitui um aviso a qualquer utilizador de que estas possibilidades possam ocorrer.<\/p>\n<p>A CIRCUTOR n\u00e3o se responsabiliza pelas p\u00e1ginas web inadequadas \u00e0s quais se possam aceder atrav\u00e9s de v\u00ednculos (&#8220;links&#8221;) a partir deste perfil ou de qualquer conte\u00fado colocado \u00e0 sua disposi\u00e7\u00e3o por terceiros.<\/p>\n<p>A CIRCUTOR reserva-se o direito a modificar, suspender, cancelar ou restringir o conte\u00fado deste perfil, os v\u00ednculos ou as informa\u00e7\u00f5es obtidas atrav\u00e9s dele, sem necessidade de aviso pr\u00e9vio.<\/p>\n<p>No caso de surgirem d\u00favidas relacionadas com a navega\u00e7\u00e3o, conte\u00fado e acesso, por favor, contacte o administrador do perfil.<\/p>\n<p>&nbsp;<\/p>\n<p><strong>CIRCUTOR, SAU<\/strong>[\/vc_column_text][\/vc_column][\/vc_row]<\/p>\n","protected":false},"excerpt":{"rendered":"<p>[vc_row][vc_column][vc_column_text] Utiliza\u00e7\u00e3o de redes sociais Todos os perfis oficiais da CIRCUTOR, SAU em redes sociais informam o utilizador sobre os seus termos e condi\u00e7\u00f5es de utiliza\u00e7\u00e3o. Estes termos s\u00e3o indicados no documento seguinte: A CIRCUTOR criou esta p\u00e1gina nas redes sociais para o escutar, para o informar e para que conhe\u00e7a melhor a nossa entidade. [&hellip;]<\/p>\n","protected":false},"author":7,"featured_media":0,"parent":0,"menu_order":0,"comment_status":"closed","ping_status":"closed","template":"","meta":[],"acf":[],"yoast_head":"<!-- This site is optimized with the Yoast SEO plugin v19.4 - https:\/\/yoast.com\/wordpress\/plugins\/seo\/ -->\n<title>Utiliza\u00e7\u00e3o de redes sociais - CIRCUTOR<\/title>\n<meta name=\"description\" content=\"A CIRCUTOR criou esta p\u00e1gina nas redes sociais para o escutar, para o informar e para que conhe\u00e7a melhor a nossa entidade. O seu principal objectivo \u00e9 fomentar o di\u00e1logo transparente e construtivo, sempre com respeito entre todos os utilizadores.\" \/>\n<meta name=\"robots\" content=\"index, follow, max-snippet:-1, max-image-preview:large, max-video-preview:-1\" \/>\n<link rel=\"canonical\" href=\"https:\/\/circutor.com\/pt-pt\/utilizacao-de-redes-sociais\/\" \/>\n<meta property=\"og:locale\" content=\"pt_PT\" \/>\n<meta property=\"og:type\" content=\"article\" \/>\n<meta property=\"og:title\" content=\"Utiliza\u00e7\u00e3o de redes sociais - CIRCUTOR\" \/>\n<meta property=\"og:description\" content=\"A CIRCUTOR criou esta p\u00e1gina nas redes sociais para o escutar, para o informar e para que conhe\u00e7a melhor a nossa entidade. O seu principal objectivo \u00e9 fomentar o di\u00e1logo transparente e construtivo, sempre com respeito entre todos os utilizadores.\" \/>\n<meta property=\"og:url\" content=\"https:\/\/circutor.com\/pt-pt\/utilizacao-de-redes-sociais\/\" \/>\n<meta property=\"og:site_name\" content=\"CIRCUTOR\" \/>\n<meta property=\"article:publisher\" content=\"https:\/\/www.facebook.com\/CIRCUTOR.ES\" \/>\n<meta property=\"article:modified_time\" content=\"2022-06-22T08:25:20+00:00\" \/>\n<meta property=\"og:image\" content=\"https:\/\/circutor.com\/wp-content\/uploads\/2022\/07\/Circutor_Logo_Color.png\" \/>\n\t<meta property=\"og:image:width\" content=\"1299\" \/>\n\t<meta property=\"og:image:height\" content=\"354\" \/>\n\t<meta property=\"og:image:type\" content=\"image\/png\" \/>\n<meta name=\"twitter:card\" content=\"summary_large_image\" \/>\n<meta name=\"twitter:site\" content=\"@circutor\" \/>\n<meta name=\"twitter:label1\" content=\"Tempo estimado de leitura\" \/>\n\t<meta name=\"twitter:data1\" content=\"4 minutos\" \/>\n<script type=\"application\/ld+json\" class=\"yoast-schema-graph\">{\"@context\":\"https:\/\/schema.org\",\"@graph\":[{\"@type\":\"Organization\",\"@id\":\"https:\/\/circutor.com\/#organization\",\"name\":\"Circutor\",\"url\":\"https:\/\/circutor.com\/\",\"sameAs\":[\"https:\/\/www.instagram.com\/circutor_es\",\"https:\/\/www.linkedin.com\/company\/circutor\",\"https:\/\/www.youtube.com\/user\/CIRCUTORoficial\",\"https:\/\/www.facebook.com\/CIRCUTOR.ES\",\"https:\/\/twitter.com\/circutor\"],\"logo\":{\"@type\":\"ImageObject\",\"inLanguage\":\"pt-PT\",\"@id\":\"https:\/\/circutor.com\/#\/schema\/logo\/image\/\",\"url\":\"https:\/\/circutor.com\/wp-content\/uploads\/2020\/09\/CIR_LOGO_RED.png\",\"contentUrl\":\"https:\/\/circutor.com\/wp-content\/uploads\/2020\/09\/CIR_LOGO_RED.png\",\"width\":512,\"height\":128,\"caption\":\"Circutor\"},\"image\":{\"@id\":\"https:\/\/circutor.com\/#\/schema\/logo\/image\/\"}},{\"@type\":\"WebSite\",\"@id\":\"https:\/\/circutor.com\/#website\",\"url\":\"https:\/\/circutor.com\/\",\"name\":\"CIRCUTOR\",\"description\":\"Soluciones para la eficiencia energ\u00e9tica el\u00e9ctrica\",\"publisher\":{\"@id\":\"https:\/\/circutor.com\/#organization\"},\"potentialAction\":[{\"@type\":\"SearchAction\",\"target\":{\"@type\":\"EntryPoint\",\"urlTemplate\":\"https:\/\/circutor.com\/?s={search_term_string}\"},\"query-input\":\"required name=search_term_string\"}],\"inLanguage\":\"pt-PT\"},{\"@type\":\"WebPage\",\"@id\":\"https:\/\/circutor.com\/pt-pt\/utilizacao-de-redes-sociais\/\",\"url\":\"https:\/\/circutor.com\/pt-pt\/utilizacao-de-redes-sociais\/\",\"name\":\"Utiliza\u00e7\u00e3o de redes sociais - CIRCUTOR\",\"isPartOf\":{\"@id\":\"https:\/\/circutor.com\/#website\"},\"datePublished\":\"2022-01-04T14:01:47+00:00\",\"dateModified\":\"2022-06-22T08:25:20+00:00\",\"description\":\"A CIRCUTOR criou esta p\u00e1gina nas redes sociais para o escutar, para o informar e para que conhe\u00e7a melhor a nossa entidade. O seu principal objectivo \u00e9 fomentar o di\u00e1logo transparente e construtivo, sempre com respeito entre todos os utilizadores.\",\"breadcrumb\":{\"@id\":\"https:\/\/circutor.com\/pt-pt\/utilizacao-de-redes-sociais\/#breadcrumb\"},\"inLanguage\":\"pt-PT\",\"potentialAction\":[{\"@type\":\"ReadAction\",\"target\":[\"https:\/\/circutor.com\/pt-pt\/utilizacao-de-redes-sociais\/\"]}]},{\"@type\":\"BreadcrumbList\",\"@id\":\"https:\/\/circutor.com\/pt-pt\/utilizacao-de-redes-sociais\/#breadcrumb\",\"itemListElement\":[{\"@type\":\"ListItem\",\"position\":1,\"name\":\"Portada\",\"item\":\"https:\/\/circutor.com\/pt-pt\/\"},{\"@type\":\"ListItem\",\"position\":2,\"name\":\"Utiliza\u00e7\u00e3o de redes sociais\"}]}]}<\/script>\n<!-- \/ Yoast SEO plugin. -->","yoast_head_json":{"title":"Utiliza\u00e7\u00e3o de redes sociais - CIRCUTOR","description":"A CIRCUTOR criou esta p\u00e1gina nas redes sociais para o escutar, para o informar e para que conhe\u00e7a melhor a nossa entidade. O seu principal objectivo \u00e9 fomentar o di\u00e1logo transparente e construtivo, sempre com respeito entre todos os utilizadores.","robots":{"index":"index","follow":"follow","max-snippet":"max-snippet:-1","max-image-preview":"max-image-preview:large","max-video-preview":"max-video-preview:-1"},"canonical":"https:\/\/circutor.com\/pt-pt\/utilizacao-de-redes-sociais\/","og_locale":"pt_PT","og_type":"article","og_title":"Utiliza\u00e7\u00e3o de redes sociais - CIRCUTOR","og_description":"A CIRCUTOR criou esta p\u00e1gina nas redes sociais para o escutar, para o informar e para que conhe\u00e7a melhor a nossa entidade. O seu principal objectivo \u00e9 fomentar o di\u00e1logo transparente e construtivo, sempre com respeito entre todos os utilizadores.","og_url":"https:\/\/circutor.com\/pt-pt\/utilizacao-de-redes-sociais\/","og_site_name":"CIRCUTOR","article_publisher":"https:\/\/www.facebook.com\/CIRCUTOR.ES","article_modified_time":"2022-06-22T08:25:20+00:00","og_image":[{"width":1299,"height":354,"url":"https:\/\/circutor.com\/wp-content\/uploads\/2022\/07\/Circutor_Logo_Color.png","type":"image\/png"}],"twitter_card":"summary_large_image","twitter_site":"@circutor","twitter_misc":{"Tempo estimado de leitura":"4 minutos"},"schema":{"@context":"https:\/\/schema.org","@graph":[{"@type":"Organization","@id":"https:\/\/circutor.com\/#organization","name":"Circutor","url":"https:\/\/circutor.com\/","sameAs":["https:\/\/www.instagram.com\/circutor_es","https:\/\/www.linkedin.com\/company\/circutor","https:\/\/www.youtube.com\/user\/CIRCUTORoficial","https:\/\/www.facebook.com\/CIRCUTOR.ES","https:\/\/twitter.com\/circutor"],"logo":{"@type":"ImageObject","inLanguage":"pt-PT","@id":"https:\/\/circutor.com\/#\/schema\/logo\/image\/","url":"https:\/\/circutor.com\/wp-content\/uploads\/2020\/09\/CIR_LOGO_RED.png","contentUrl":"https:\/\/circutor.com\/wp-content\/uploads\/2020\/09\/CIR_LOGO_RED.png","width":512,"height":128,"caption":"Circutor"},"image":{"@id":"https:\/\/circutor.com\/#\/schema\/logo\/image\/"}},{"@type":"WebSite","@id":"https:\/\/circutor.com\/#website","url":"https:\/\/circutor.com\/","name":"CIRCUTOR","description":"Soluciones para la eficiencia energ\u00e9tica el\u00e9ctrica","publisher":{"@id":"https:\/\/circutor.com\/#organization"},"potentialAction":[{"@type":"SearchAction","target":{"@type":"EntryPoint","urlTemplate":"https:\/\/circutor.com\/?s={search_term_string}"},"query-input":"required name=search_term_string"}],"inLanguage":"pt-PT"},{"@type":"WebPage","@id":"https:\/\/circutor.com\/pt-pt\/utilizacao-de-redes-sociais\/","url":"https:\/\/circutor.com\/pt-pt\/utilizacao-de-redes-sociais\/","name":"Utiliza\u00e7\u00e3o de redes sociais - CIRCUTOR","isPartOf":{"@id":"https:\/\/circutor.com\/#website"},"datePublished":"2022-01-04T14:01:47+00:00","dateModified":"2022-06-22T08:25:20+00:00","description":"A CIRCUTOR criou esta p\u00e1gina nas redes sociais para o escutar, para o informar e para que conhe\u00e7a melhor a nossa entidade. O seu principal objectivo \u00e9 fomentar o di\u00e1logo transparente e construtivo, sempre com respeito entre todos os utilizadores.","breadcrumb":{"@id":"https:\/\/circutor.com\/pt-pt\/utilizacao-de-redes-sociais\/#breadcrumb"},"inLanguage":"pt-PT","potentialAction":[{"@type":"ReadAction","target":["https:\/\/circutor.com\/pt-pt\/utilizacao-de-redes-sociais\/"]}]},{"@type":"BreadcrumbList","@id":"https:\/\/circutor.com\/pt-pt\/utilizacao-de-redes-sociais\/#breadcrumb","itemListElement":[{"@type":"ListItem","position":1,"name":"Portada","item":"https:\/\/circutor.com\/pt-pt\/"},{"@type":"ListItem","position":2,"name":"Utiliza\u00e7\u00e3o de redes sociais"}]}]}},"_links":{"self":[{"href":"https:\/\/circutor.com\/pt-pt\/wp-json\/wp\/v2\/pages\/12763"}],"collection":[{"href":"https:\/\/circutor.com\/pt-pt\/wp-json\/wp\/v2\/pages"}],"about":[{"href":"https:\/\/circutor.com\/pt-pt\/wp-json\/wp\/v2\/types\/page"}],"author":[{"embeddable":true,"href":"https:\/\/circutor.com\/pt-pt\/wp-json\/wp\/v2\/users\/7"}],"replies":[{"embeddable":true,"href":"https:\/\/circutor.com\/pt-pt\/wp-json\/wp\/v2\/comments?post=12763"}],"version-history":[{"count":0,"href":"https:\/\/circutor.com\/pt-pt\/wp-json\/wp\/v2\/pages\/12763\/revisions"}],"wp:attachment":[{"href":"https:\/\/circutor.com\/pt-pt\/wp-json\/wp\/v2\/media?parent=12763"}],"curies":[{"name":"wp","href":"https:\/\/api.w.org\/{rel}","templated":true}]}}