{"id":12654,"date":"2021-12-22T08:08:17","date_gmt":"2021-12-22T08:08:17","guid":{"rendered":"http:\/\/circutor-wp.atic.blue\/?page_id=12654"},"modified":"2025-03-18T13:34:02","modified_gmt":"2025-03-18T11:34:02","slug":"footer","status":"publish","type":"page","link":"https:\/\/circutor.com\/pt-pt\/footer\/","title":{"rendered":"Footer"},"content":{"rendered":"<p>[vc_row el_class=&#8221;footer_top&#8221;][vc_column width=&#8221;1\/4&#8243;][vc_column_text el_class=&#8221;bloque_contacto&#8221;]<\/p>\n<h6 class=\"wrap-title\">CONTACTO<\/h6>\n<p>Pra\u00e7a Jose Queiros 1, 1800-237 Lisboa, Portugal<br \/>\nTel.do escritorio: (+351) 211 257 180<br \/>\n<a href=\"\/pt-pt\/contacto\/\">Contactar <i class=\"ico-arrow-right\"><\/i><\/a>[\/vc_column_text][vc_column_text el_class=&#8221;bloque_contacto sat&#8221;]<\/p>\n<h6 class=\"wrap-title\">SAT<\/h6>\n<p>Servi\u00e7o de Assist\u00eancia T\u00e9cnica<br \/>\n<a href=\"tel:0034937452919\">+351 966 882 007<\/a><br \/>\n<a href=\"\/pt-pt\/contacto\/pos-vendas-e-assistencia-tecnica\/\">Enviar inqu\u00e9rito <i class=\"ico-arrow-right\"><\/i><\/a>[\/vc_column_text][\/vc_column][vc_column width=&#8221;1\/4&#8243;][vc_column_text el_class=&#8221;bloque_contacto&#8221;]<\/p>\n<h6 class=\"wrap-title\">MAPA DO PORTAL<\/h6>\n<ul>\n<li><a href=\"\/pt-pt\/setores\/\">Setores <i class=\"ico-guil-singl-right\"><\/i><\/a><\/li>\n<li><a href=\"\/pt-pt\/produtos\/\">Produtos <i class=\"ico-guil-singl-right\"><\/i><\/a><\/li>\n<li><a href=\"\/soporte\/\">Soporte <i class=\"ico-guil-singl-right\"><\/i><\/a><\/li>\n<li><a href=\"\/pt-pt\/empresa\/\">Empresa <i class=\"ico-guil-singl-right\"><\/i><\/a><\/li>\n<li><a href=\"\/pt-pt\/contacto\/\">Contacto <i class=\"ico-guil-singl-right\"><\/i><\/a><\/li>\n<\/ul>\n<p>[\/vc_column_text][\/vc_column][vc_column width=&#8221;1\/4&#8243;][vc_column_text el_class=&#8221;bloque_contacto&#8221;]<\/p>\n<h6 class=\"wrap-title\">PRODUTOS<\/h6>\n<ul>\n<li><a href=\"\/pt-pt\/produtos\/medicao-e-controlo\/\">Medi\u00e7\u00e3o e Controlo <i class=\"ico-guil-singl-right\"><\/i><\/a><\/li>\n<li><a href=\"\/pt-pt\/produtos\/medicao\/\">Medi\u00e7\u00e3o<i class=\"ico-guil-singl-right\"><\/i><\/a><\/li>\n<li><a href=\"\/pt-pt\/produtos\/protecao-e-controlo\/\">Prote\u00e7\u00e3o e controlo <i class=\"ico-guil-singl-right\"><\/i><\/a><\/li>\n<li><a href=\"\/pt-pt\/produtos\/compensacao-de-energia-reactiva-e-filtragem-de-harmonicas\/\">Compensa\u00e7\u00e3o de energia reactiva e filtragem de harm\u00f3nicas <i class=\"ico-guil-singl-right\"><\/i><\/a><\/li>\n<li><a href=\"\/pt-pt\/produtos\/carregamento-inteligente-para-veiculos-eletricos\/\">Carregamento Inteligente para ve\u00edculos el\u00e9tricos <i class=\"ico-guil-singl-right\"><\/i><\/a><\/li>\n<li><a href=\"\/pt-pt\/produtos\/energia-renovaveis\/\">Energia renov\u00e1veis <i class=\"ico-guil-singl-right\"><\/i><\/a><\/li>\n<li><a href=\"\/pt-pt\/produtos\/software\/\">Software <i class=\"ico-guil-singl-right\"><\/i><\/a><\/li>\n<li><a href=\"\/pt-pt\/produtos\/iot-industrial-e-automacao\/\">IoT Industrial e Automa\u00e7\u00e3o <i class=\"ico-guil-singl-right\"><\/i><\/a><\/li>\n<\/ul>\n<p>[\/vc_column_text][\/vc_column][vc_column width=&#8221;1\/4&#8243;][vc_column_text el_class=&#8221;bloque_contacto rrss&#8221;]<\/p>\n<h6 class=\"wrap-title\">CONECTAR<\/h6>\n<p><a href=\"https:\/\/twitter.com\/circutor\" target=\"_blank\" rel=\"noopener\"><img src=\"\/wp-content\/uploads\/2024\/01\/Icons_RRSS_Web_X_Color-2.svg\" \/><\/a><a href=\"https:\/\/www.youtube.com\/channel\/UCbc0o5xMTEkc5niNiIU1qvA\" target=\"_blank\" rel=\"noopener\"><img src=\"\/wp-content\/uploads\/2020\/09\/Icons_RRSS_Web_YouTube_Color.svg\" \/><\/a>[\/vc_column_text][vc_column_text el_class=&#8221;bloque_contacto&#8221;]<\/p>\n<h6 class=\"wrap-title\">INFORMA\u00c7\u00c3O<\/h6>\n<ul>\n<li><a href=\"\/pt-pt\/politica-de-privacidade\/\">Pol\u00edtica de privacidade <i class=\"ico-guil-singl-right\"><\/i><\/a><\/li>\n<li><a href=\"\/pt-pt\/politica-de-cookies\/\">Pol\u00edtica de cookies <i class=\"ico-guil-singl-right\"><\/i><\/a><\/li>\n<li><a href=\"\/pt-pt\/utilizacao-de-redes-sociais\/\">Utiliza\u00e7\u00e3o de redes sociais <i class=\"ico-guil-singl-right\"><\/i><\/a><\/li>\n<li><a href=\"\/pt-pt\/condicoes-gerais-de-venda\/\">Condi\u00e7\u00f5es gerais de venda <i class=\"ico-guil-singl-right\"><\/i><\/a><\/li>\n<li><a href=\"\/pt-pt\/aviso-legal\/\">Aviso legal <i class=\"ico-guil-singl-right\"><\/i><\/a><\/li>\n<li><a href=\"\/pt-pt\/codigo-de-etica\/\">C\u00f3digo de \u00e9tica <i class=\"ico-guil-singl-right\"><\/i><\/a><\/li>\n<\/ul>\n<p>[\/vc_column_text][\/vc_column][\/vc_row][vc_row el_class=&#8221;footer_bottom&#8221;][vc_column][vc_single_image image=&#8221;106&#8243; img_size=&#8221;full&#8221; alignment=&#8221;center&#8221;][vc_column_text]<\/p>\n<p style=\"text-align: center;\">\u00a9 2024 CIRCUTOR.COM | Todos os direitos reservados<\/p>\n<p>[\/vc_column_text][\/vc_column][\/vc_row]<\/p>\n","protected":false},"excerpt":{"rendered":"<p>[vc_row el_class=&#8221;footer_top&#8221;][vc_column width=&#8221;1\/4&#8243;][vc_column_text el_class=&#8221;bloque_contacto&#8221;] CONTACTO Pra\u00e7a Jose Queiros 1, 1800-237 Lisboa, Portugal Tel.do escritorio: (+351) 211 257 180 Contactar [\/vc_column_text][vc_column_text el_class=&#8221;bloque_contacto sat&#8221;] SAT Servi\u00e7o de Assist\u00eancia T\u00e9cnica +351 966 882 007 Enviar inqu\u00e9rito [\/vc_column_text][\/vc_column][vc_column width=&#8221;1\/4&#8243;][vc_column_text el_class=&#8221;bloque_contacto&#8221;] MAPA DO PORTAL Setores Produtos Soporte Empresa Contacto [\/vc_column_text][\/vc_column][vc_column width=&#8221;1\/4&#8243;][vc_column_text el_class=&#8221;bloque_contacto&#8221;] PRODUTOS Medi\u00e7\u00e3o e Controlo Medi\u00e7\u00e3o Prote\u00e7\u00e3o e controlo [&hellip;]<\/p>\n","protected":false},"author":1,"featured_media":0,"parent":0,"menu_order":0,"comment_status":"closed","ping_status":"closed","template":"","meta":[],"acf":[],"yoast_head":"<!-- This site is optimized with the Yoast SEO plugin v19.4 - https:\/\/yoast.com\/wordpress\/plugins\/seo\/ -->\n<title>Footer - CIRCUTOR<\/title>\n<meta name=\"robots\" content=\"noindex, nofollow\" \/>\n<meta property=\"og:locale\" content=\"pt_PT\" \/>\n<meta property=\"og:type\" content=\"article\" \/>\n<meta property=\"og:title\" content=\"Footer - CIRCUTOR\" \/>\n<meta property=\"og:description\" content=\"[vc_row el_class=&#8221;footer_top&#8221;][vc_column width=&#8221;1\/4&#8243;][vc_column_text el_class=&#8221;bloque_contacto&#8221;] CONTACTO Pra\u00e7a Jose Queiros 1, 1800-237 Lisboa, Portugal Tel.do escritorio: (+351) 211 257 180 Contactar [\/vc_column_text][vc_column_text el_class=&#8221;bloque_contacto sat&#8221;] SAT Servi\u00e7o de Assist\u00eancia T\u00e9cnica +351 966 882 007 Enviar inqu\u00e9rito [\/vc_column_text][\/vc_column][vc_column width=&#8221;1\/4&#8243;][vc_column_text el_class=&#8221;bloque_contacto&#8221;] MAPA DO PORTAL Setores Produtos Soporte Empresa Contacto [\/vc_column_text][\/vc_column][vc_column width=&#8221;1\/4&#8243;][vc_column_text el_class=&#8221;bloque_contacto&#8221;] PRODUTOS Medi\u00e7\u00e3o e Controlo Medi\u00e7\u00e3o Prote\u00e7\u00e3o e controlo [&hellip;]\" \/>\n<meta property=\"og:url\" content=\"https:\/\/circutor.com\/pt-pt\/footer\/\" \/>\n<meta property=\"og:site_name\" content=\"CIRCUTOR\" \/>\n<meta property=\"article:publisher\" content=\"https:\/\/www.facebook.com\/CIRCUTOR.ES\" \/>\n<meta property=\"article:modified_time\" content=\"2025-03-18T11:34:02+00:00\" \/>\n<meta property=\"og:image\" content=\"https:\/\/circutor.com\/wp-content\/uploads\/2022\/07\/Circutor_Logo_Color.png\" \/>\n\t<meta property=\"og:image:width\" content=\"1299\" \/>\n\t<meta property=\"og:image:height\" content=\"354\" \/>\n\t<meta property=\"og:image:type\" content=\"image\/png\" \/>\n<meta name=\"twitter:card\" content=\"summary_large_image\" \/>\n<meta name=\"twitter:site\" content=\"@circutor\" \/>\n<meta name=\"twitter:label1\" content=\"Tempo estimado de leitura\" \/>\n\t<meta name=\"twitter:data1\" content=\"1 minuto\" \/>\n<script type=\"application\/ld+json\" class=\"yoast-schema-graph\">{\"@context\":\"https:\/\/schema.org\",\"@graph\":[{\"@type\":\"Organization\",\"@id\":\"https:\/\/circutor.com\/#organization\",\"name\":\"Circutor\",\"url\":\"https:\/\/circutor.com\/\",\"sameAs\":[\"https:\/\/www.instagram.com\/circutor_es\",\"https:\/\/www.linkedin.com\/company\/circutor\",\"https:\/\/www.youtube.com\/user\/CIRCUTORoficial\",\"https:\/\/www.facebook.com\/CIRCUTOR.ES\",\"https:\/\/twitter.com\/circutor\"],\"logo\":{\"@type\":\"ImageObject\",\"inLanguage\":\"pt-PT\",\"@id\":\"https:\/\/circutor.com\/#\/schema\/logo\/image\/\",\"url\":\"https:\/\/circutor.com\/wp-content\/uploads\/2020\/09\/CIR_LOGO_RED.png\",\"contentUrl\":\"https:\/\/circutor.com\/wp-content\/uploads\/2020\/09\/CIR_LOGO_RED.png\",\"width\":512,\"height\":128,\"caption\":\"Circutor\"},\"image\":{\"@id\":\"https:\/\/circutor.com\/#\/schema\/logo\/image\/\"}},{\"@type\":\"WebSite\",\"@id\":\"https:\/\/circutor.com\/#website\",\"url\":\"https:\/\/circutor.com\/\",\"name\":\"CIRCUTOR\",\"description\":\"Soluciones para la eficiencia energ\u00e9tica el\u00e9ctrica\",\"publisher\":{\"@id\":\"https:\/\/circutor.com\/#organization\"},\"potentialAction\":[{\"@type\":\"SearchAction\",\"target\":{\"@type\":\"EntryPoint\",\"urlTemplate\":\"https:\/\/circutor.com\/?s={search_term_string}\"},\"query-input\":\"required name=search_term_string\"}],\"inLanguage\":\"pt-PT\"},{\"@type\":\"WebPage\",\"@id\":\"https:\/\/circutor.com\/pt-pt\/footer\/\",\"url\":\"https:\/\/circutor.com\/pt-pt\/footer\/\",\"name\":\"Footer - CIRCUTOR\",\"isPartOf\":{\"@id\":\"https:\/\/circutor.com\/#website\"},\"datePublished\":\"2021-12-22T08:08:17+00:00\",\"dateModified\":\"2025-03-18T11:34:02+00:00\",\"breadcrumb\":{\"@id\":\"https:\/\/circutor.com\/pt-pt\/footer\/#breadcrumb\"},\"inLanguage\":\"pt-PT\",\"potentialAction\":[{\"@type\":\"ReadAction\",\"target\":[\"https:\/\/circutor.com\/pt-pt\/footer\/\"]}]},{\"@type\":\"BreadcrumbList\",\"@id\":\"https:\/\/circutor.com\/pt-pt\/footer\/#breadcrumb\",\"itemListElement\":[{\"@type\":\"ListItem\",\"position\":1,\"name\":\"Portada\",\"item\":\"https:\/\/circutor.com\/pt-pt\/\"},{\"@type\":\"ListItem\",\"position\":2,\"name\":\"Footer\"}]}]}<\/script>\n<!-- \/ Yoast SEO plugin. -->","yoast_head_json":{"title":"Footer - CIRCUTOR","robots":{"index":"noindex","follow":"nofollow"},"og_locale":"pt_PT","og_type":"article","og_title":"Footer - CIRCUTOR","og_description":"[vc_row el_class=&#8221;footer_top&#8221;][vc_column width=&#8221;1\/4&#8243;][vc_column_text el_class=&#8221;bloque_contacto&#8221;] CONTACTO Pra\u00e7a Jose Queiros 1, 1800-237 Lisboa, Portugal Tel.do escritorio: (+351) 211 257 180 Contactar [\/vc_column_text][vc_column_text el_class=&#8221;bloque_contacto sat&#8221;] SAT Servi\u00e7o de Assist\u00eancia T\u00e9cnica +351 966 882 007 Enviar inqu\u00e9rito [\/vc_column_text][\/vc_column][vc_column width=&#8221;1\/4&#8243;][vc_column_text el_class=&#8221;bloque_contacto&#8221;] MAPA DO PORTAL Setores Produtos Soporte Empresa Contacto [\/vc_column_text][\/vc_column][vc_column width=&#8221;1\/4&#8243;][vc_column_text el_class=&#8221;bloque_contacto&#8221;] PRODUTOS Medi\u00e7\u00e3o e Controlo Medi\u00e7\u00e3o Prote\u00e7\u00e3o e controlo [&hellip;]","og_url":"https:\/\/circutor.com\/pt-pt\/footer\/","og_site_name":"CIRCUTOR","article_publisher":"https:\/\/www.facebook.com\/CIRCUTOR.ES","article_modified_time":"2025-03-18T11:34:02+00:00","og_image":[{"width":1299,"height":354,"url":"https:\/\/circutor.com\/wp-content\/uploads\/2022\/07\/Circutor_Logo_Color.png","type":"image\/png"}],"twitter_card":"summary_large_image","twitter_site":"@circutor","twitter_misc":{"Tempo estimado de leitura":"1 minuto"},"schema":{"@context":"https:\/\/schema.org","@graph":[{"@type":"Organization","@id":"https:\/\/circutor.com\/#organization","name":"Circutor","url":"https:\/\/circutor.com\/","sameAs":["https:\/\/www.instagram.com\/circutor_es","https:\/\/www.linkedin.com\/company\/circutor","https:\/\/www.youtube.com\/user\/CIRCUTORoficial","https:\/\/www.facebook.com\/CIRCUTOR.ES","https:\/\/twitter.com\/circutor"],"logo":{"@type":"ImageObject","inLanguage":"pt-PT","@id":"https:\/\/circutor.com\/#\/schema\/logo\/image\/","url":"https:\/\/circutor.com\/wp-content\/uploads\/2020\/09\/CIR_LOGO_RED.png","contentUrl":"https:\/\/circutor.com\/wp-content\/uploads\/2020\/09\/CIR_LOGO_RED.png","width":512,"height":128,"caption":"Circutor"},"image":{"@id":"https:\/\/circutor.com\/#\/schema\/logo\/image\/"}},{"@type":"WebSite","@id":"https:\/\/circutor.com\/#website","url":"https:\/\/circutor.com\/","name":"CIRCUTOR","description":"Soluciones para la eficiencia energ\u00e9tica el\u00e9ctrica","publisher":{"@id":"https:\/\/circutor.com\/#organization"},"potentialAction":[{"@type":"SearchAction","target":{"@type":"EntryPoint","urlTemplate":"https:\/\/circutor.com\/?s={search_term_string}"},"query-input":"required name=search_term_string"}],"inLanguage":"pt-PT"},{"@type":"WebPage","@id":"https:\/\/circutor.com\/pt-pt\/footer\/","url":"https:\/\/circutor.com\/pt-pt\/footer\/","name":"Footer - CIRCUTOR","isPartOf":{"@id":"https:\/\/circutor.com\/#website"},"datePublished":"2021-12-22T08:08:17+00:00","dateModified":"2025-03-18T11:34:02+00:00","breadcrumb":{"@id":"https:\/\/circutor.com\/pt-pt\/footer\/#breadcrumb"},"inLanguage":"pt-PT","potentialAction":[{"@type":"ReadAction","target":["https:\/\/circutor.com\/pt-pt\/footer\/"]}]},{"@type":"BreadcrumbList","@id":"https:\/\/circutor.com\/pt-pt\/footer\/#breadcrumb","itemListElement":[{"@type":"ListItem","position":1,"name":"Portada","item":"https:\/\/circutor.com\/pt-pt\/"},{"@type":"ListItem","position":2,"name":"Footer"}]}]}},"_links":{"self":[{"href":"https:\/\/circutor.com\/pt-pt\/wp-json\/wp\/v2\/pages\/12654"}],"collection":[{"href":"https:\/\/circutor.com\/pt-pt\/wp-json\/wp\/v2\/pages"}],"about":[{"href":"https:\/\/circutor.com\/pt-pt\/wp-json\/wp\/v2\/types\/page"}],"author":[{"embeddable":true,"href":"https:\/\/circutor.com\/pt-pt\/wp-json\/wp\/v2\/users\/1"}],"replies":[{"embeddable":true,"href":"https:\/\/circutor.com\/pt-pt\/wp-json\/wp\/v2\/comments?post=12654"}],"version-history":[{"count":4,"href":"https:\/\/circutor.com\/pt-pt\/wp-json\/wp\/v2\/pages\/12654\/revisions"}],"predecessor-version":[{"id":55110,"href":"https:\/\/circutor.com\/pt-pt\/wp-json\/wp\/v2\/pages\/12654\/revisions\/55110"}],"wp:attachment":[{"href":"https:\/\/circutor.com\/pt-pt\/wp-json\/wp\/v2\/media?parent=12654"}],"curies":[{"name":"wp","href":"https:\/\/api.w.org\/{rel}","templated":true}]}}