{"id":10065,"date":"2021-08-16T12:16:55","date_gmt":"2021-08-16T12:16:55","guid":{"rendered":"http:\/\/circutor-wp.atic.blue\/?page_id=10065"},"modified":"2022-11-07T13:13:22","modified_gmt":"2022-11-07T11:13:22","slug":"formacao","status":"publish","type":"page","link":"https:\/\/circutor.com\/pt-pt\/suporte\/formacao\/","title":{"rendered":"Forma\u00e7\u00e3o"},"content":{"rendered":"<p>[vc_row full_width=&#8221;stretch_row&#8221; el_class=&#8221;banner_pagina_texto&#8221; css=&#8221;.vc_custom_1649257045512{background-image: url(https:\/\/circutor.com\/wp-content\/uploads\/2022\/04\/FC_Circutor_2203_1874-1.jpg?id=17713) !important;background-position: center !important;background-repeat: no-repeat !important;background-size: cover !important;}&#8221;][vc_column css=&#8221;.vc_custom_1605620904006{padding-top: 0px !important;}&#8221;][vc_row_inner el_class=&#8221;breadcrumb&#8221;][vc_column_inner]<div itemscope itemtype=\"https:\/\/schema.org\/BreadcrumbList\" id=\"breadcrumb\"><div itemprop=\"itemListElement\" itemscope itemtype=\"https:\/\/schema.org\/ListItem\"><a itemprop=\"item\" href=\"https:\/\/circutor.com\/pt-pt\/\"><span itemprop=\"name\">Home<\/span><\/a><meta itemprop=\"position\" content=\"1\" \/><\/div><div itemprop=\"itemListElement\" itemscope itemtype=\"https:\/\/schema.org\/ListItem\"><span><i class=\"ico-guil-singl-right\"><\/i><\/span><a itemprop=\"item\" href=\"https:\/\/circutor.com\/pt-pt\/suporte\/\"><span itemprop=\"name\">Suporte<\/span><\/a><meta itemprop=\"position\" content=\"3\"><\/div><div itemprop=\"itemListElement\" itemscope itemtype=\"https:\/\/schema.org\/ListItem\"><span><i class=\"ico-guil-singl-right\"><\/i><\/span><span class=\"active_item_breadcrumb\" itemprop=\"name\">Forma\u00e7\u00e3o<\/span><meta itemprop=\"position\" content=\"4\"><\/div><\/div>[\/vc_column_inner][\/vc_row_inner][vc_row_inner][vc_column_inner width=&#8221;1\/2&#8243;][vc_column_text]<\/p>\n<h1>Forma\u00e7\u00e3o cont\u00ednua<\/h1>\n<p>Vivemos tempos em que a tecnologia, a inova\u00e7\u00e3o e a informa\u00e7\u00e3o mudam e circulam cada vez com mais agilidade. Na Circutor adaptamo-nos para oferecer constantes forma\u00e7\u00f5es online e eventos centrados na prepara\u00e7\u00e3o dos criadores do setor el\u00e9trico do futuro.[\/vc_column_text][\/vc_column_inner][vc_column_inner width=&#8221;1\/2&#8243;][\/vc_column_inner][\/vc_row_inner][\/vc_column][\/vc_row][vc_row el_class=&#8221;bloque formacion_home page_formacion&#8221;][vc_column][vc_row_inner][vc_column_inner width=&#8221;1\/2&#8243;][vc_column_text]<\/p>\n<h6 class=\"wrap-title\">FORMA\u00c7\u00c3O ONLINE E PRESENCIAL<\/h6>\n<p>[\/vc_column_text][\/vc_column_inner][vc_column_inner width=&#8221;1\/2&#8243;][vc_column_text el_class=&#8221;enlace_page&#8221;]<\/p>\n<h6 class=\"wrap-title\"><a href=\"\/en\/support\/training\/online-and-in-person-training\/\">Ver todos <i class=\"ico-arrow-right\"><\/i><\/a><\/h6>\n<p>[\/vc_column_text][\/vc_column_inner][\/vc_row_inner][\/vc_column][\/vc_row][vc_row el_class=&#8221;row_eventos_home row_formacion_home&#8221;][vc_column]\n          <script>\n            jQuery(document).ready(function(){\n              jQuery(\".bloque.formacion_home\").remove();\n            });\n          <\/script>\n        [\/vc_column][\/vc_row][vc_row disable_element=&#8221;yes&#8221; el_class=&#8221;row_eventos_home row_formacion_home&#8221;][vc_column width=&#8221;1\/2&#8243;][vc_row_inner][vc_column_inner width=&#8221;1\/2&#8243;][vc_raw_html el_class=&#8221;item_actualidad_noticias&#8221;]JTNDYSUyMGhyZWYlM0QlMjIlMjMlMjIlM0UlMEElM0NkaXYlMjBjbGFzcyUzRCUyMml0ZW0lMjBnZW5lcmFsJTIyJTNFJTBBJTIwJTIwJTNDZGl2JTIwY2xhc3MlM0QlMjJpbWFnZW4lMjIlM0UlMEElMjAlMjAlMjAlMjAlMjAlM0NpbWclMjBzcmMlM0QlMjIlMkZ3cC1jb250ZW50JTJGdXBsb2FkcyUyRjIwMjAlMkYwOSUyRm5vdGljaWEyLmpwZyUyMiUzRSUwQSUyMCUyMCUzQyUyRmRpdiUzRSUwQSUyMCUyMCUzQ2RpdiUyMGNsYXNzJTNEJTIyZGV0YWlscyUyMiUzRSUwQSUyMCUyMCUyMCUyMCUzQ3AlMjBjbGFzcyUzRCUyMmZlY2hhJTIwc21hbGwlMjIlM0UxOCUyRjA3JTNDJTJGcCUzRSUwQSUyMCUyMCUyMCUyMCUzQ3AlMjBjbGFzcyUzRCUyMmhvcmElMjIlM0UxNyUzQTAwaCUyMCUyOFVUQyUyMCUyQjAxJTNBMDAlMjklM0MlMkZwJTNFJTBBJTIwJTIwJTIwJTIwJTNDaDUlMjBjbGFzcyUzRCUyMnRpdHVsbyUyMiUzRUhhY2VyJTIwY3JlY2VyJTIwdHUlMjBuZWdvY2lvJTIwYXByb3ZlY2hhbmRvJTIwbG9zJTIwNCUyMHJldG9zJTIwZGVsJTIwc2VjdG9yJTIwZWwlQzMlQTljdHJpY28lM0MlMkZoNSUzRSUwQSUyMCUyMCUyMCUyMCUzQ3AlMjBjbGFzcyUzRCUyMmNhdGVnb3JpYSUyMHNtYWxsJTIyJTNFT25saW5lJTNDJTJGcCUzRSUwQSUyMCUyMCUzQyUyRmRpdiUzRSUwQSUzQyUyRmRpdiUzRSUwQSUzQyUyRmElM0U=[\/vc_raw_html][\/vc_column_inner][vc_column_inner width=&#8221;1\/2&#8243;][vc_raw_html el_class=&#8221;item_actualidad_noticias&#8221;]JTNDYSUyMGhyZWYlM0QlMjIlMjMlMjIlM0UlMEElM0NkaXYlMjBjbGFzcyUzRCUyMml0ZW0lMjBnZW5lcmFsJTIyJTNFJTBBJTIwJTIwJTNDZGl2JTIwY2xhc3MlM0QlMjJpbWFnZW4lMjIlM0UlMEElMjAlMjAlMjAlMjAlMjAlM0NpbWclMjBzcmMlM0QlMjIlMkZ3cC1jb250ZW50JTJGdXBsb2FkcyUyRjIwMjAlMkYwOSUyRm5vdGljaWEyLmpwZyUyMiUzRSUyMCUwQSUyMCUyMCUzQyUyRmRpdiUzRSUwQSUyMCUyMCUzQ2RpdiUyMGNsYXNzJTNEJTIyZGV0YWlscyUyMiUzRSUwQSUyMCUyMCUyMCUyMCUzQ3AlMjBjbGFzcyUzRCUyMmZlY2hhJTIwc21hbGwlMjIlM0UxOCUyRjA3JTNDJTJGcCUzRSUwQSUyMCUyMCUyMCUyMCUzQ3AlMjBjbGFzcyUzRCUyMmhvcmElMjIlM0UxNyUzQTAwaCUyMCUyOFVUQyUyMCUyQjAxJTNBMDAlMjklM0MlMkZwJTNFJTBBJTIwJTIwJTIwJTIwJTNDaDUlMjBjbGFzcyUzRCUyMnRpdHVsbyUyMiUzRUhhY2VyJTIwY3JlY2VyJTIwdHUlMjBuZWdvY2lvJTIwYXByb3ZlY2hhbmRvJTIwbG9zJTIwNCUyMHJldG9zJTIwZGVsJTIwc2VjdG9yJTIwZWwlQzMlQTljdHJpY28lM0MlMkZoNSUzRSUwQSUyMCUyMCUyMCUyMCUzQ3AlMjBjbGFzcyUzRCUyMmNhdGVnb3JpYSUyMHNtYWxsJTIyJTNFT25saW5lJTNDJTJGcCUzRSUwQSUyMCUyMCUzQyUyRmRpdiUzRSUwQSUzQyUyRmRpdiUzRSUwQSUzQyUyRmElM0U=[\/vc_raw_html][\/vc_column_inner][\/vc_row_inner][\/vc_column][vc_column width=&#8221;1\/2&#8243;][vc_row_inner el_class=&#8221;item_calendario&#8221;][vc_column_inner el_class=&#8221;lista_calendar&#8221; width=&#8221;1\/3&#8243;][vc_raw_html]JTNDdWwlM0UlMEElM0NsaSUzRSUzQ3AlMjBjbGFzcyUzRCUyMnNtYWxsJTIyJTNFJTNDYSUyMGhyZWYlM0QlMjIlMjMlMjIlM0UlM0NzcGFuJTNFMTglMkYwNyUzQyUyRnNwYW4lM0VOdWV2YSUyMG5vcm1hdGl2YSUyMHNvYnJlJTIwZWwlMjBpbXB1ZXN0byUyMGRlbCUyMHNvbCUzQyUyRmElM0UlM0MlMkZwJTNFJTNDJTJGbGklM0UlMEElM0NsaSUzRSUzQ3AlMjBjbGFzcyUzRCUyMnNtYWxsJTIyJTNFJTNDYSUyMGhyZWYlM0QlMjIlMjMlMjIlM0UlM0NzcGFuJTNFMTglMkYwNyUzQyUyRnNwYW4lM0VOdWV2YSUyMG5vcm1hdGl2YSUyMHNvYnJlJTIwZWwlMjBpbXB1ZXN0byUyMGRlbCUyMHNvbCUzQyUyRmElM0UlM0MlMkZwJTNFJTNDJTJGbGklM0UlMEElM0NsaSUzRSUzQ3AlMjBjbGFzcyUzRCUyMnNtYWxsJTIyJTNFJTNDYSUyMGhyZWYlM0QlMjIlMjMlMjIlM0UlM0NzcGFuJTNFMTglMkYwNyUzQyUyRnNwYW4lM0VOdWV2YSUyMG5vcm1hdGl2YSUyMHNvYnJlJTIwZWwlMjBpbXB1ZXN0byUyMGRlbCUyMHNvbCUzQyUyRmElM0UlM0MlMkZwJTNFJTNDJTJGbGklM0UlMEElM0MlMkZ1bCUzRQ==[\/vc_raw_html][\/vc_column_inner][vc_column_inner el_class=&#8221;calendar&#8221; width=&#8221;2\/3&#8243;]<div id=\"datepicker\"><\/div>\n    <div id=\"popup_selected\">\n\n    <\/div>\n      <script>\n        jQuery(document).ready(function(){\n          var defaultDate = new Date();\n          var hoy = new Date(defaultDate.getFullYear(), + defaultDate.getMonth(), defaultDate.getDate());\n          let datesEvents = [];jQuery(\"#popup_selected\").hide();\n          jQuery.fn.datepicker.dates[\"es\"] = {\n      \t\t\t\t\tdays: [\"Domingo\", \"Segunda-feira\", \"Ter\u00e7a-feira\", \"Quarta-feira\", \"Quinta-feira\", \"Sexta-feira\", \"S\u00e1bado\"],\n      \t\t\t\t\tdaysShort: [\"Dom\", \"Seg\", \"Ter\", \"Qua\", \"Qui\", \"Sex\", \"S\u00e1b\"],\n      \t\t\t\t\tdaysMin: [\"Dom\", \"Seg\", \"Ter\", \"Qua\", \"Qui\", \"Sex\", \"S\u00e1b\"],\n      \t\t\t\t\tmonths: [\"Janeiro\", \"Fevereiro\", \"Mar\u00e7o\", \"Abril\", \"Maio\", \"Junho\", \"Julho\", \"Agosto\", \"Setembro\", \"Outubro\", \"Novembro\", \"Dezembro\"],\n      \t\t\t\t\tmonthsShort: [\"Jan\", \"Fev\", \"Mar\", \"Abr\", \"Mai\", \"Jun\", \"Jul\", \"Ago\", \"Set\", \"Out\", \"Nov\", \"Dez\"],\n      \t\t\t\t\tformat: \"dd\/mm\/yyyy\",\n      \t\t\t\t\tweekStart: 0 }\n          jQuery(\"#datepicker\").datepicker({\n            beforeShowDay: function(date) {\n              dateFormat = date.getFullYear() + \"-\" + date.getMonth() + \"-0\" + date.getDate();\n\n              dateFormat = date.getFullYear() + \"-\";\n              dateFormat += (date.getMonth()+1).toString().length == 1 ? \"0\"+(date.getMonth()+1)+\"-\" : (date.getMonth()+1)+\"-\";\n              dateFormat += date.getDate().toString().length == 1 ? \"0\"+date.getDate() : date.getDate();\n\n              for(var i = 0; i < datesEvents.length ; i++){\n                if (dateFormat == datesEvents[i]) {\n                  inRange = true;\n                  return {classes: \"active\", tooltip: datesEvents[i] };\n                }\n              }\n\n            },\n  \t\t\t\t  language: \"es\",\n  \t\t\t\t  todayHighlight: true,\n            icons: {\n              previous: \"fa fa-caret-left\",\n              next: \"ico-arrow-right\",\n            }\n  \t\t\t\t});\n\n\n\n          \/*jQuery(\"#datepicker\").datepicker(\"update\", hoy);*\/\n          jQuery(\"th.prev\").html(\"<i class=\\\"ico-arrow-left\\\"><\/i>\");\n          jQuery(\"th.next\").html(\"<i class=\\\"ico-arrow-right\\\"><\/i>\");\n        });\n\n        jQuery(document).on(\"changeDate\", \"#datepicker\", function(){\n          var fecha_seleccionada = jQuery(this).data().datepicker.getFormattedDate(\"yyyy-mm-dd\");\n          var fecha_seleccionada_object = \"\";\n          var hay_eventos = 0;\n\n          jQuery(\"#popup_selected\").hide();\n\n          jQuery(\"td.active.day\").each(function(){\n            var fecha_resaltada = jQuery(this).attr(\"title\");\n            if(fecha_resaltada == fecha_seleccionada){\n              fecha_seleccionada_object = jQuery(this);\n              hay_eventos = 1;\n            }\n          });\n\n          jQuery.ajax({\n           url: MyAjax.url,\n           type: \"post\",\n           dataType: \"json\",\n           data: {\n             action: \"carga_eventos_home_by_fecha\",\n             fecha_evento: fecha_seleccionada,\n             lang: \"pt-pt\"\n           }\n          }).always(function(data){\n            if(hay_eventos){\n              jQuery(\"#popup_selected\").show().offset({ top: fecha_seleccionada_object.offset().top + 50, left: fecha_seleccionada_object.offset().left -85 }).html(data.responseText);\n            }\n          });\n\n        });\n      <\/script><script src=\"https:\/\/cdnjs.cloudflare.com\/ajax\/libs\/bootstrap-datepicker\/1.6.4\/js\/bootstrap-datepicker.min.js\"><\/script><script src=\"https:\/\/cdnjs.cloudflare.com\/ajax\/libs\/bootstrap-datepicker\/1.6.4\/locales\/bootstrap-datepicker.nl.min.js\"><\/script><link href=\"https:\/\/cdnjs.cloudflare.com\/ajax\/libs\/bootstrap-datepicker\/1.6.4\/css\/bootstrap-datepicker.standalone.min.css\" rel=\"stylesheet\"\/>[\/vc_column_inner][\/vc_row_inner][\/vc_column][\/vc_row][vc_row el_class=&#8221;empresa-pasando mas_formacion&#8221;][vc_column][vc_column_text el_class=&#8221;animacion_left&#8221;]<\/p>\n<h6 class=\"wrap-title\">M\u00c1S FORMACI\u00d3N<\/h6>\n<p>[\/vc_column_text][vc_row_inner el_class=&#8221;cultura_bottom cultura_nosotros&#8221;][vc_column_inner el_class=&#8221;etica&#8221; width=&#8221;1\/3&#8243;][vc_raw_html]JTNDYSUyMGhyZWYlM0QlMjJodHRwcyUzQSUyRiUyRmNpcmN1dG9yLmNvbSUyRnB0LXB0JTJGc3Vwb3J0ZSUyRmZvcm1hY2FvJTJGbm90ZWJvb2tzJTJGJTIyJTNFJTBBJTNDZGl2JTIwY2xhc3MlM0QlMjJpdGVtJTIwZ2VuZXJhbCUyMGFuaW1hY2lvbl9jYWphJTIyJTNFJTBBJTBBJTNDZGl2JTIwY2xhc3MlM0QlMjJkZXRhaWxzJTIyJTNFJTBBJTNDaSUyMHN0eWxlJTNEJTIyY29sb3IlM0F3aGl0ZSUzQiUyMiUyMGNsYXNzJTNEJTIyaWNvLXBhcGVyY2xpcCUyMiUzRSUzQyUyRmklM0UlMEElM0NoNCUyMGNsYXNzJTNEJTIydGl0dWxvX3BhZ2UlMjBzbWFsbCUyMiUzRU5vdGVib29rcyUzQyUyRmg0JTNFJTBBJTNDcCUyMGNsYXNzJTNEJTIyZW5sYWNlJTIyJTNFUmVjdXJzb3MlMjBlJTIwY29uY2VpdG9zJTIwY2hhdmUlMjBzb2JyZSUyMG8lMjBub3NzbyUyMHNldG9yJTNDaSUyMGNsYXNzJTNEJTIyaWNvLWFycm93LXJpZ2h0JTIyJTNFJTNDJTJGaSUzRSUzQyUyRnAlM0UlMEElM0MlMkZkaXYlM0UlMEElMEElM0MlMkZkaXYlM0UlMEElM0MlMkZhJTNF[\/vc_raw_html][\/vc_column_inner][vc_column_inner width=&#8221;1\/3&#8243;][vc_raw_html]JTNDYSUyMGhyZWYlM0QlMjIlMkZzb3BvcnRlJTJGZm9ybWFjaW9uJTJGZm9ybWFjaW9uLW9ubGluZS15LXByZXNlbmNpYWwlMkZhcmNoaXZvLWRlLWZvcm1hY2lvbmVzJTJGJTIyJTNFJTBBJTNDZGl2JTIwY2xhc3MlM0QlMjJpdGVtJTIwZ2VuZXJhbCUyMGFuaW1hY2lvbl9jYWphJTIyJTNFJTBBJTBBJTNDZGl2JTIwY2xhc3MlM0QlMjJkZXRhaWxzJTIyJTNFJTBBJTNDaSUyMGNsYXNzJTNEJTIyaWNvLXBsYXklMjIlM0UlM0MlMkZpJTNFJTBBJTNDaDQlMjBjbGFzcyUzRCUyMnRpdHVsb19wYWdlJTIwc21hbGwlMjIlM0VBcnF1aXZvJTIwZGUlMjBmb3JtYSVDMyVBNyVDMyVCNWVzJTNDJTJGaDQlM0UlMEElM0NwJTIwY2xhc3MlM0QlMjJlbmxhY2UlMjIlM0VBbmFsaXNlJTIwYWxndW5zJTIwZG9zJTIwd2ViaW5hcnMlMjBqJUMzJUExJTIwcmVhbGl6YWRvcyUyMCUzQ2klMjBjbGFzcyUzRCUyMmljby1hcnJvdy1yaWdodCUyMiUzRSUzQyUyRmklM0UlM0MlMkZwJTNFJTBBJTNDJTJGZGl2JTNFJTBBJTBBJTNDJTJGZGl2JTNFJTBBJTNDJTJGYSUzRQ==[\/vc_raw_html][\/vc_column_inner][vc_column_inner width=&#8221;1\/3&#8243;][vc_raw_html]JTNDYSUyMGhyZWYlM0QlMjIlMkZwdC1wdCUyRnN1cG9ydGUlMkZ0dXRvcmlhaXMtZW0tdmlkZW8lMkYlMjIlM0UlMEElM0NkaXYlMjBjbGFzcyUzRCUyMml0ZW0lMjBnZW5lcmFsJTIwYW5pbWFjaW9uX2NhamElMjIlM0UlMEElMEElM0NkaXYlMjBjbGFzcyUzRCUyMmRldGFpbHMlMjIlM0UlMEElM0NpJTIwY2xhc3MlM0QlMjJpY28tcGxheSUyMiUzRSUzQyUyRmklM0UlMEElM0NoNCUyMGNsYXNzJTNEJTIydGl0dWxvX3BhZ2UlMjBzbWFsbCUyMiUzRVR1dG9yaWFpcyUyMGVtJTIwdiVDMyVBRGRlbyUzQyUyRmg0JTNFJTBBJTNDcCUyMGNsYXNzJTNEJTIyZW5sYWNlJTIyJTNFSW5zdGFsZSUyMGNvbSUyMHYlQzMlQURkZW9zJTIwc2ltcGxlcyUyMCUzQ2klMjBjbGFzcyUzRCUyMmljby1hcnJvdy1yaWdodCUyMiUzRSUzQyUyRmklM0UlM0MlMkZwJTNFJTBBJTNDJTJGZGl2JTNFJTBBJTBBJTNDJTJGZGl2JTNFJTBBJTNDJTJGYSUzRQ==[\/vc_raw_html][\/vc_column_inner][\/vc_row_inner][\/vc_column][\/vc_row][vc_row el_class=&#8221;bottom_cat_sector&#8221;][vc_column width=&#8221;1\/2&#8243;][vc_column_text el_class=&#8221;animacion_left&#8221;]<\/p>\n<h6 class=\"wrap-title\">NEWSLETTER<\/h6>\n<p>[\/vc_column_text][vc_row_inner el_class=&#8221;newsletter_cat_sector&#8221;][vc_column_inner][vc_column_text el_class=&#8221;titulo&#8221;]<strong>Mantenha-se informado.<\/strong><br \/>\nSubscreva a nossa Newsletter.[\/vc_column_text][vc_column_text el_class=&#8221;subtitulo&#8221;]Gostaria de receber not\u00edcias e informa\u00e7\u00f5es comerciais da CIRCUTOR por correio electr\u00f3nico.<\/p>\n<p><script src=\"\/\/info.circutor.com\/js\/forms2\/js\/forms2.min.js\"><\/script><\/p>\n<form id=\"mktoForm_1258\"><\/form>\n<p><script>MktoForms2.loadForm(\"\/\/info.circutor.com\", \"940-CSD-667\", 1258);<\/script>[\/vc_column_text][\/vc_column_inner][\/vc_row_inner][\/vc_column][vc_column width=&#8221;1\/2&#8243;][vc_column_text el_class=&#8221;animacion_left&#8221;]<\/p>\n<h6 class=\"wrap-title\">ASSIST\u00caNCIA<\/h6>\n<p>[\/vc_column_text][vc_raw_html el_class=&#8221;asistencia_cat_sector&#8221;]JTNDYSUyMGhyZWYlM0QlMjIlMkZwdC1wdCUyRmNvbnRhY3RvJTJGJTIyJTNFJTBBJTNDZGl2JTIwY2xhc3MlM0QlMjJpdGVtJTIwZ2VuZXJhbCUyMGFuaW1hY2lvbl9jYWphJTIyJTNFJTBBJTNDZGl2JTIwY2xhc3MlM0QlMjJpbWFnZW4tYm9yZGUlMjIlM0UlMEElM0NpbWclMjBzcmMlM0QlMjIlMkZ3cC1jb250ZW50JTJGdXBsb2FkcyUyRjIwMjIlMkYwOCUyRkZTQl9Bc2lzdGVuY2lhLmpwZyUyMiUzRSUwQSUzQyUyRmRpdiUzRSUwQSUzQ2RpdiUyMGNsYXNzJTNEJTIyZGV0YWlscyUyMiUzRSUwQSUzQ3AlMjBjbGFzcyUzRCUyMnRpdHVsb19wYWdlJTIyJTNFJTNDc3Ryb25nJTNFTmElMjBDSVJDVVRPUiUyMGVzdGFtb3MlMjBhcXVpJTIwcGFyYSUyMG8lMjBhanVkYXIuJTNDJTJGc3Ryb25nJTNFJTNDYnIlM0UlMEFTZSUyMHRpdmVyJTIwYWxndW1hJTIwZCVDMyVCQXZpZGElMkMlMjBmYWxlbW9zLiUzQyUyRnAlM0UlMEElM0NwJTIwY2xhc3MlM0QlMjJlbmxhY2UlMjIlM0VGYWxlJTIwY29tJTIwdW0lMjBlc3BlY2lhbGlzdGElMjAlM0NpJTIwY2xhc3MlM0QlMjJpY28tYXJyb3ctcmlnaHQlMjIlM0UlM0MlMkZpJTNFJTNDJTJGcCUzRSUwQSUzQyUyRmRpdiUzRSUwQSUwQSUzQyUyRmRpdiUzRSUwQSUzQyUyRmElM0U=[\/vc_raw_html][\/vc_column][\/vc_row]<\/p>\n","protected":false},"excerpt":{"rendered":"<p>[vc_row full_width=&#8221;stretch_row&#8221; el_class=&#8221;banner_pagina_texto&#8221; css=&#8221;.vc_custom_1649257045512{background-image: url(https:\/\/circutor.com\/wp-content\/uploads\/2022\/04\/FC_Circutor_2203_1874-1.jpg?id=17713) !important;background-position: center !important;background-repeat: no-repeat !important;background-size: cover !important;}&#8221;][vc_column css=&#8221;.vc_custom_1605620904006{padding-top: 0px !important;}&#8221;][vc_row_inner el_class=&#8221;breadcrumb&#8221;][vc_column_inner][\/vc_column_inner][\/vc_row_inner][vc_row_inner][vc_column_inner width=&#8221;1\/2&#8243;][vc_column_text] Forma\u00e7\u00e3o cont\u00ednua Vivemos tempos em que a tecnologia, a inova\u00e7\u00e3o e a informa\u00e7\u00e3o mudam e circulam cada vez com mais agilidade. Na Circutor adaptamo-nos para oferecer constantes forma\u00e7\u00f5es online e eventos centrados na prepara\u00e7\u00e3o dos criadores do setor [&hellip;]<\/p>\n","protected":false},"author":1,"featured_media":0,"parent":10055,"menu_order":0,"comment_status":"closed","ping_status":"closed","template":"","meta":[],"acf":[],"yoast_head":"<!-- This site is optimized with the Yoast SEO plugin v19.4 - https:\/\/yoast.com\/wordpress\/plugins\/seo\/ -->\n<title>Forma\u00e7\u00e3o - CIRCUTOR<\/title>\n<meta name=\"description\" content=\"Vivimos tiempos en que la tecnolog\u00eda, la innovaci\u00f3n y la informaci\u00f3n cambian y circulan cada vez con m\u00e1s agilidad. En Circutor nos adaptamos para ofrecer constantes formaciones online y eventos centrados en preparar a los creadores del sector el\u00e9ctrico del futuro.\" \/>\n<meta name=\"robots\" content=\"index, follow, max-snippet:-1, max-image-preview:large, max-video-preview:-1\" \/>\n<link rel=\"canonical\" href=\"https:\/\/circutor.com\/pt-pt\/suporte\/formacao\/\" \/>\n<meta property=\"og:locale\" content=\"pt_PT\" \/>\n<meta property=\"og:type\" content=\"article\" \/>\n<meta property=\"og:title\" content=\"Forma\u00e7\u00e3o - CIRCUTOR\" \/>\n<meta property=\"og:description\" content=\"Vivimos tiempos en que la tecnolog\u00eda, la innovaci\u00f3n y la informaci\u00f3n cambian y circulan cada vez con m\u00e1s agilidad. En Circutor nos adaptamos para ofrecer constantes formaciones online y eventos centrados en preparar a los creadores del sector el\u00e9ctrico del futuro.\" \/>\n<meta property=\"og:url\" content=\"https:\/\/circutor.com\/pt-pt\/suporte\/formacao\/\" \/>\n<meta property=\"og:site_name\" content=\"CIRCUTOR\" \/>\n<meta property=\"article:publisher\" content=\"https:\/\/www.facebook.com\/CIRCUTOR.ES\" \/>\n<meta property=\"article:modified_time\" content=\"2022-11-07T11:13:22+00:00\" \/>\n<meta property=\"og:image\" content=\"https:\/\/circutor.com\/wp-content\/uploads\/2022\/07\/Circutor_Logo_Color.png\" \/>\n\t<meta property=\"og:image:width\" content=\"1299\" \/>\n\t<meta property=\"og:image:height\" content=\"354\" \/>\n\t<meta property=\"og:image:type\" content=\"image\/png\" \/>\n<meta name=\"twitter:card\" content=\"summary_large_image\" \/>\n<meta name=\"twitter:site\" content=\"@circutor\" \/>\n<meta name=\"twitter:label1\" content=\"Tempo estimado de leitura\" \/>\n\t<meta name=\"twitter:data1\" content=\"1 minuto\" \/>\n<script type=\"application\/ld+json\" class=\"yoast-schema-graph\">{\"@context\":\"https:\/\/schema.org\",\"@graph\":[{\"@type\":\"Organization\",\"@id\":\"https:\/\/circutor.com\/#organization\",\"name\":\"Circutor\",\"url\":\"https:\/\/circutor.com\/\",\"sameAs\":[\"https:\/\/www.instagram.com\/circutor_es\",\"https:\/\/www.linkedin.com\/company\/circutor\",\"https:\/\/www.youtube.com\/user\/CIRCUTORoficial\",\"https:\/\/www.facebook.com\/CIRCUTOR.ES\",\"https:\/\/twitter.com\/circutor\"],\"logo\":{\"@type\":\"ImageObject\",\"inLanguage\":\"pt-PT\",\"@id\":\"https:\/\/circutor.com\/#\/schema\/logo\/image\/\",\"url\":\"https:\/\/circutor.com\/wp-content\/uploads\/2020\/09\/CIR_LOGO_RED.png\",\"contentUrl\":\"https:\/\/circutor.com\/wp-content\/uploads\/2020\/09\/CIR_LOGO_RED.png\",\"width\":512,\"height\":128,\"caption\":\"Circutor\"},\"image\":{\"@id\":\"https:\/\/circutor.com\/#\/schema\/logo\/image\/\"}},{\"@type\":\"WebSite\",\"@id\":\"https:\/\/circutor.com\/#website\",\"url\":\"https:\/\/circutor.com\/\",\"name\":\"CIRCUTOR\",\"description\":\"Soluciones para la eficiencia energ\u00e9tica el\u00e9ctrica\",\"publisher\":{\"@id\":\"https:\/\/circutor.com\/#organization\"},\"potentialAction\":[{\"@type\":\"SearchAction\",\"target\":{\"@type\":\"EntryPoint\",\"urlTemplate\":\"https:\/\/circutor.com\/?s={search_term_string}\"},\"query-input\":\"required name=search_term_string\"}],\"inLanguage\":\"pt-PT\"},{\"@type\":\"WebPage\",\"@id\":\"https:\/\/circutor.com\/pt-pt\/suporte\/formacao\/\",\"url\":\"https:\/\/circutor.com\/pt-pt\/suporte\/formacao\/\",\"name\":\"Forma\u00e7\u00e3o - CIRCUTOR\",\"isPartOf\":{\"@id\":\"https:\/\/circutor.com\/#website\"},\"datePublished\":\"2021-08-16T12:16:55+00:00\",\"dateModified\":\"2022-11-07T11:13:22+00:00\",\"description\":\"Vivimos tiempos en que la tecnolog\u00eda, la innovaci\u00f3n y la informaci\u00f3n cambian y circulan cada vez con m\u00e1s agilidad. En Circutor nos adaptamos para ofrecer constantes formaciones online y eventos centrados en preparar a los creadores del sector el\u00e9ctrico del futuro.\",\"breadcrumb\":{\"@id\":\"https:\/\/circutor.com\/pt-pt\/suporte\/formacao\/#breadcrumb\"},\"inLanguage\":\"pt-PT\",\"potentialAction\":[{\"@type\":\"ReadAction\",\"target\":[\"https:\/\/circutor.com\/pt-pt\/suporte\/formacao\/\"]}]},{\"@type\":\"BreadcrumbList\",\"@id\":\"https:\/\/circutor.com\/pt-pt\/suporte\/formacao\/#breadcrumb\",\"itemListElement\":[{\"@type\":\"ListItem\",\"position\":1,\"name\":\"Portada\",\"item\":\"https:\/\/circutor.com\/pt-pt\/\"},{\"@type\":\"ListItem\",\"position\":2,\"name\":\"Suporte\",\"item\":\"https:\/\/circutor.com\/pt-pt\/suporte\/\"},{\"@type\":\"ListItem\",\"position\":3,\"name\":\"Forma\u00e7\u00e3o\"}]}]}<\/script>\n<!-- \/ Yoast SEO plugin. -->","yoast_head_json":{"title":"Forma\u00e7\u00e3o - CIRCUTOR","description":"Vivimos tiempos en que la tecnolog\u00eda, la innovaci\u00f3n y la informaci\u00f3n cambian y circulan cada vez con m\u00e1s agilidad. En Circutor nos adaptamos para ofrecer constantes formaciones online y eventos centrados en preparar a los creadores del sector el\u00e9ctrico del futuro.","robots":{"index":"index","follow":"follow","max-snippet":"max-snippet:-1","max-image-preview":"max-image-preview:large","max-video-preview":"max-video-preview:-1"},"canonical":"https:\/\/circutor.com\/pt-pt\/suporte\/formacao\/","og_locale":"pt_PT","og_type":"article","og_title":"Forma\u00e7\u00e3o - CIRCUTOR","og_description":"Vivimos tiempos en que la tecnolog\u00eda, la innovaci\u00f3n y la informaci\u00f3n cambian y circulan cada vez con m\u00e1s agilidad. En Circutor nos adaptamos para ofrecer constantes formaciones online y eventos centrados en preparar a los creadores del sector el\u00e9ctrico del futuro.","og_url":"https:\/\/circutor.com\/pt-pt\/suporte\/formacao\/","og_site_name":"CIRCUTOR","article_publisher":"https:\/\/www.facebook.com\/CIRCUTOR.ES","article_modified_time":"2022-11-07T11:13:22+00:00","og_image":[{"width":1299,"height":354,"url":"https:\/\/circutor.com\/wp-content\/uploads\/2022\/07\/Circutor_Logo_Color.png","type":"image\/png"}],"twitter_card":"summary_large_image","twitter_site":"@circutor","twitter_misc":{"Tempo estimado de leitura":"1 minuto"},"schema":{"@context":"https:\/\/schema.org","@graph":[{"@type":"Organization","@id":"https:\/\/circutor.com\/#organization","name":"Circutor","url":"https:\/\/circutor.com\/","sameAs":["https:\/\/www.instagram.com\/circutor_es","https:\/\/www.linkedin.com\/company\/circutor","https:\/\/www.youtube.com\/user\/CIRCUTORoficial","https:\/\/www.facebook.com\/CIRCUTOR.ES","https:\/\/twitter.com\/circutor"],"logo":{"@type":"ImageObject","inLanguage":"pt-PT","@id":"https:\/\/circutor.com\/#\/schema\/logo\/image\/","url":"https:\/\/circutor.com\/wp-content\/uploads\/2020\/09\/CIR_LOGO_RED.png","contentUrl":"https:\/\/circutor.com\/wp-content\/uploads\/2020\/09\/CIR_LOGO_RED.png","width":512,"height":128,"caption":"Circutor"},"image":{"@id":"https:\/\/circutor.com\/#\/schema\/logo\/image\/"}},{"@type":"WebSite","@id":"https:\/\/circutor.com\/#website","url":"https:\/\/circutor.com\/","name":"CIRCUTOR","description":"Soluciones para la eficiencia energ\u00e9tica el\u00e9ctrica","publisher":{"@id":"https:\/\/circutor.com\/#organization"},"potentialAction":[{"@type":"SearchAction","target":{"@type":"EntryPoint","urlTemplate":"https:\/\/circutor.com\/?s={search_term_string}"},"query-input":"required name=search_term_string"}],"inLanguage":"pt-PT"},{"@type":"WebPage","@id":"https:\/\/circutor.com\/pt-pt\/suporte\/formacao\/","url":"https:\/\/circutor.com\/pt-pt\/suporte\/formacao\/","name":"Forma\u00e7\u00e3o - CIRCUTOR","isPartOf":{"@id":"https:\/\/circutor.com\/#website"},"datePublished":"2021-08-16T12:16:55+00:00","dateModified":"2022-11-07T11:13:22+00:00","description":"Vivimos tiempos en que la tecnolog\u00eda, la innovaci\u00f3n y la informaci\u00f3n cambian y circulan cada vez con m\u00e1s agilidad. En Circutor nos adaptamos para ofrecer constantes formaciones online y eventos centrados en preparar a los creadores del sector el\u00e9ctrico del futuro.","breadcrumb":{"@id":"https:\/\/circutor.com\/pt-pt\/suporte\/formacao\/#breadcrumb"},"inLanguage":"pt-PT","potentialAction":[{"@type":"ReadAction","target":["https:\/\/circutor.com\/pt-pt\/suporte\/formacao\/"]}]},{"@type":"BreadcrumbList","@id":"https:\/\/circutor.com\/pt-pt\/suporte\/formacao\/#breadcrumb","itemListElement":[{"@type":"ListItem","position":1,"name":"Portada","item":"https:\/\/circutor.com\/pt-pt\/"},{"@type":"ListItem","position":2,"name":"Suporte","item":"https:\/\/circutor.com\/pt-pt\/suporte\/"},{"@type":"ListItem","position":3,"name":"Forma\u00e7\u00e3o"}]}]}},"_links":{"self":[{"href":"https:\/\/circutor.com\/pt-pt\/wp-json\/wp\/v2\/pages\/10065"}],"collection":[{"href":"https:\/\/circutor.com\/pt-pt\/wp-json\/wp\/v2\/pages"}],"about":[{"href":"https:\/\/circutor.com\/pt-pt\/wp-json\/wp\/v2\/types\/page"}],"author":[{"embeddable":true,"href":"https:\/\/circutor.com\/pt-pt\/wp-json\/wp\/v2\/users\/1"}],"replies":[{"embeddable":true,"href":"https:\/\/circutor.com\/pt-pt\/wp-json\/wp\/v2\/comments?post=10065"}],"version-history":[{"count":0,"href":"https:\/\/circutor.com\/pt-pt\/wp-json\/wp\/v2\/pages\/10065\/revisions"}],"up":[{"embeddable":true,"href":"https:\/\/circutor.com\/pt-pt\/wp-json\/wp\/v2\/pages\/10055"}],"wp:attachment":[{"href":"https:\/\/circutor.com\/pt-pt\/wp-json\/wp\/v2\/media?parent=10065"}],"curies":[{"name":"wp","href":"https:\/\/api.w.org\/{rel}","templated":true}]}}