{"id":54649,"date":"2025-02-24T12:07:29","date_gmt":"2025-02-24T10:07:29","guid":{"rendered":"https:\/\/circutor.com\/?page_id=54649"},"modified":"2025-02-24T12:24:14","modified_gmt":"2025-02-24T10:24:14","slug":"powerstudio-scada-universe","status":"publish","type":"page","link":"https:\/\/circutor.com\/mx\/plataforma-powerstudio-scada\/powerstudio-scada-universe\/","title":{"rendered":"PowerStudio SCADA Universe"},"content":{"rendered":"<p>[vc_row full_width=&#8221;stretch_row&#8221; el_class=&#8221;banner_pagina_texto&#8221; css=&#8221;.vc_custom_1707752243795{background-image: url(https:\/\/circutor.com\/wp-content\/uploads\/2024\/02\/FO_PS_Universe_header.jpg?id=47735) !important;background-position: center !important;background-repeat: no-repeat !important;background-size: cover !important;}&#8221;][vc_column][vc_row_inner el_class=&#8221;breadcrumb&#8221;][vc_column_inner]<div itemscope itemtype=\"https:\/\/schema.org\/BreadcrumbList\" id=\"breadcrumb\"><div itemprop=\"itemListElement\" itemscope itemtype=\"https:\/\/schema.org\/ListItem\"><a itemprop=\"item\" href=\"https:\/\/circutor.com\/mx\/\"><span itemprop=\"name\">Home<\/span><\/a><meta itemprop=\"position\" content=\"1\" \/><\/div><div itemprop=\"itemListElement\" itemscope itemtype=\"https:\/\/schema.org\/ListItem\"><span><i class=\"ico-guil-singl-right\"><\/i><\/span><a itemprop=\"item\" href=\"https:\/\/circutor.com\/mx\/plataforma-powerstudio-scada\/\"><span itemprop=\"name\">Plataforma PowerStudio SCADA<\/span><\/a><meta itemprop=\"position\" content=\"3\"><\/div><div itemprop=\"itemListElement\" itemscope itemtype=\"https:\/\/schema.org\/ListItem\"><span><i class=\"ico-guil-singl-right\"><\/i><\/span><span class=\"active_item_breadcrumb\" itemprop=\"name\">PowerStudio SCADA Universe<\/span><meta itemprop=\"position\" content=\"4\"><\/div><\/div>[\/vc_column_inner][\/vc_row_inner][vc_row_inner][vc_column_inner width=&#8221;6\/12&#8243;][vc_column_text]<\/p>\n<h1>PowerStudio SCADA Universe: OPC-UA, SQL, API REST & Cloud<\/h1>\n<p>[\/vc_column_text][\/vc_column_inner][vc_column_inner width=&#8221;6\/12&#8243;][\/vc_column_inner][\/vc_row_inner][\/vc_column][\/vc_row][vc_row el_class=&#8221;empresa-que-hacemos bloque page_empresa&#8221; css=&#8221;.vc_custom_1707812915922{padding-top: 6rem !important;padding-bottom: 6rem !important;}&#8221;][vc_column][vc_row_inner css=&#8221;.vc_custom_1707812971082{padding-bottom: 6rem !important;}&#8221;][vc_column_inner width=&#8221;3\/4&#8243;][vc_column_text el_class=&#8221;animacion_left&#8221;]<\/p>\n<h6 class=\"wrap-title\">PowerStudio SCADA<\/h6>\n<h2><strong>La interoperabilidad industrial que tu SCADA necesita<\/strong><\/h2>\n<p>En el mundo de la <strong><a href=\"https:\/\/es.wikipedia.org\/wiki\/Automatizaci%C3%B3n_industrial\" target=\"_blank\" rel=\"noopener\">automatizaci\u00f3n industrial<\/a><\/strong>, la comunicaci\u00f3n entre diferentes sistemas es fundamental para garantizar la eficiencia y el rendimiento \u00f3ptimo de las instalaciones. <strong>PowerStudio<\/strong> ofrece opciones de conectividad y plataformas en la nube para garantizar la interoperabilidad entre sistemas del entorno industrial. Estas opciones permiten integrar y compartir datos de manera \u00e1gil y segura. Conecta tu software PowerStudio SCADA con cualquier herramienta de an\u00e1lisis y gesti\u00f3n para <u>sacarle el m\u00e1ximo rendimiento a tus datos<\/u>.[\/vc_column_text][\/vc_column_inner][vc_column_inner width=&#8221;1\/4&#8243;][\/vc_column_inner][\/vc_row_inner][vc_separator css=&#8221;.vc_custom_1707814019747{margin-bottom: 20px !important;}&#8221;][vc_row_inner gap=&#8221;10&#8243;][vc_column_inner width=&#8221;1\/2&#8243;][vc_raw_html]JTNDaSUyMGNsYXNzJTNEJTIyaWNvLXNoYXJlJTIyJTIwc3R5bGUlM0QlMjJmb250LXNpemUlM0ExLjJyZW0lM0IlMjBtYXJnaW4tbGVmdCUzQS0wLjA1ZW0lM0IlMjBjb2xvciUzQSUyM0U0MDA0MCUzQiUyMiUzRSUzQyUyRmklM0UlMEElM0NoMyUyMGNsYXNzJTNEJTIyZm9udHNpemVfMV8ycmVtJTIyJTNFQ29tcGFydGUlMjB0dXMlMjBkYXRvcyUyMG1lZGlhbnRlJTIwT1BDLVVBJTIwZW4lMjB0aWVtcG8lMjByZWFsJTNDJTJGaDMlM0UlMEElM0NwJTIwc3R5bGUlM0QlMjJmb250LXdlaWdodCUzQSUyMDQwMCUzQiUyMiUzRUVsJTIwcHJvdG9jb2xvJTIwT1BDLVVBJTIwZXMlMjB1biUyMGVzdCVDMyVBMW5kYXIlMjBhbXBsaWFtZW50ZSUyMHV0aWxpemFkbyUyMHBhcmElMjBsYSUyMGNvbXVuaWNhY2klQzMlQjNuJTIwZW50cmUlMjBzaXN0ZW1hcyUyMGRlJTIwYXV0b21hdGl6YWNpJUMzJUIzbiUyMGVuJTIwbGElMjBpbmR1c3RyaWEuJTIwJTNDc3Ryb25nJTNFUG93ZXJTdHVkaW8lMjBTQ0FEQSUzQyUyRnN0cm9uZyUzRSUyMGVzJTIwY29tcGF0aWJsZSUyMGNvbiUyME9QQy1VQSUyMG1lZGlhbnRlJTIwbGElMjBoZXJyYW1pZW50YSUyME9QQy1VQSUyMFNlcnZlciUyQyUyMGxvJTIwcXVlJTIwbG8lMjBjb252aWVydGUlMjB0dSUyMHNvZnR3YXJlJTIwZW4lMjB1biUyMHNlcnZpZG9yJTIwT1BDLVVBJTIwcGFyYSUyMGN1YWxxdWllciUyMHZhcmlhYmxlJTIwbyUyMGRhdG8lMjBjYXB0dXJhZG8uJTNDJTJGcCUzRQ==[\/vc_raw_html][vc_column_text css=&#8221;.vc_custom_1740392579642{margin-top: 40px !important;}&#8221;]<a class=\"boton_enlace\" href=\"\/mx\/productos-mx\/medida-y-control\/software-de-gestion\/product\/W20200.\/\" target=\"_blank\" rel=\"noopener\">Quiero m\u00e1s informaci\u00f3n sobre el <strong>m\u00f3dulo OPC UA<\/strong> <i class=\"ico-arrow-right\"><\/i><\/a>[\/vc_column_text][\/vc_column_inner][vc_column_inner width=&#8221;1\/2&#8243;][vc_single_image image=&#8221;47887&#8243; img_size=&#8221;medium&#8221; alignment=&#8221;center&#8221; style=&#8221;vc_box_rounded&#8221; css=&#8221;.vc_custom_1707834791898{margin-top: 20px !important;padding-top: 10px !important;padding-right: 10px !important;padding-bottom: 10px !important;padding-left: 10px !important;background-color: #f8f8f8 !important;border-radius: 4px !important;}&#8221;][\/vc_column_inner][\/vc_row_inner][vc_separator css=&#8221;.vc_custom_1707750737909{margin-top: 40px !important;margin-bottom: 20px !important;}&#8221;][vc_row_inner gap=&#8221;10&#8243; css=&#8221;.vc_custom_1707738039369{margin-top: 20px !important;}&#8221;][vc_column_inner width=&#8221;1\/2&#8243;][vc_raw_html]JTNDaSUyMGNsYXNzJTNEJTIyaWNvLWRhdGFsb2dnZXIlMjIlMjBzdHlsZSUzRCUyMmZvbnQtc2l6ZSUzQTEuMnJlbSUzQiUyMG1hcmdpbi1sZWZ0JTNBLTAuMDVlbSUzQiUyMGNvbG9yJTNBJTIzRTQwMDQwJTNCJTIyJTNFJTNDJTJGaSUzRSUwQSUzQ2gzJTIwY2xhc3MlM0QlMjJmb250c2l6ZV8xXzJyZW0lMjIlM0VFbnYlQzMlQURhJTIwdHVzJTIwcmVnaXN0cm9zJTIwYSUyMGN1YWxxdWllciUyMGJhc2UlMjBkZSUyMGRhdG9zJTIwU1FMJTNDJTJGaDMlM0UlMEElM0NwJTIwc3R5bGUlM0QlMjJmb250LXdlaWdodCUzQSUyMDQwMCUzQiUyMiUzRSUzQ3N0cm9uZyUzRVBvd2VyU3R1ZGlvJTIwU0NBREElM0MlMkZzdHJvbmclM0UlMjBwZXJtaXRlJTIwbGElMjBpbnRlZ3JhY2klQzMlQjNuJTIwZGUlMjBjdWFscXVpZXIlMjB2YXJpYWJsZSUyMGVuJTIwdW5hJTIwYmFzZSUyMGRlJTIwZGF0b3MlMjBTUUwlMkMlMjB1bmElMjBmdW5jaW9uYWxpZGFkJTIwaW1wcmVzY2luZGlibGUlMjBwYXJhJTIwZ2VuZXJhciUyMGNvcGlhcyUyMGRlJTIwc2VndXJpZGFkJTIweSUyMHVuJTIwJUMzJUExZ2lsJTIwYWNjZXNvJTIwYSUyMGxhJTIwaW5mb3JtYWNpJUMzJUIzbiUyMHJlY29waWxhZGElMjBwb3IlMjB0dXMlMjBkaXNwb3NpdGl2b3MuJTIwQWRlbSVDMyVBMXMlMkMlMjBmYWNpbGl0YSUyMGxhJTIwdXRpbGl6YWNpJUMzJUIzbiUyMGRlJTIwdW5hJTIwYW1wbGlhJTIwdmFyaWVkYWQlMjBkZSUyMGhlcnJhbWllbnRhcyUyMGRlJTIwYW4lQzMlQTFsaXNpcyUyMGRlJTIwZGF0b3MlMkMlMjBtZWpvcmFuZG8lMjBsYSUyMGVmaWNpZW5jaWElMjBvcGVyYXRpdmElMjBkZSUyMHR1JTIwZW1wcmVzYS4lM0MlMkZwJTNF[\/vc_raw_html][\/vc_column_inner][vc_column_inner width=&#8221;1\/2&#8243;][vc_single_image image=&#8221;47698&#8243; img_size=&#8221;medium&#8221; alignment=&#8221;center&#8221; style=&#8221;vc_box_rounded&#8221; css=&#8221;.vc_custom_1707751391417{margin-top: 20px !important;padding-top: 10px !important;padding-right: 10px !important;padding-bottom: 10px !important;padding-left: 10px !important;background-color: #f8f8f8 !important;border-radius: 4px !important;}&#8221;][\/vc_column_inner][\/vc_row_inner][vc_separator css=&#8221;.vc_custom_1707750737909{margin-top: 40px !important;margin-bottom: 20px !important;}&#8221;][vc_row_inner gap=&#8221;10&#8243; css=&#8221;.vc_custom_1707738039369{margin-top: 20px !important;}&#8221;][vc_column_inner width=&#8221;1\/2&#8243;][vc_raw_html]JTNDaSUyMGNsYXNzJTNEJTIyaWNvLXJlcG9ydC1jaGVjayUyMiUyMHN0eWxlJTNEJTIyZm9udC1zaXplJTNBMS4ycmVtJTNCJTIwbWFyZ2luLWxlZnQlM0EtMC4wNWVtJTNCJTIwY29sb3IlM0ElMjNFNDAwNDAlM0IlMjIlM0UlM0MlMkZpJTNFJTBBJTNDaDMlMjBjbGFzcyUzRCUyMmZvbnRzaXplXzFfMnJlbSUyMiUzRUV4dHJhZSUyMGxvcyUyMGRhdG9zJTIwbWVkaWFudGUlMjBsYSUyMEFQSSUyMFJFU1QlMjBYTUwlM0MlMkZoMyUzRSUwQSUzQ3AlMjBzdHlsZSUzRCUyMmZvbnQtd2VpZ2h0JTNBJTIwNDAwJTNCJTIyJTNFTGElMjBBUEklMjBSRVNUJTIwZGUlMjBQb3dlclN0dWRpbyUyMFNDQURBJTIwcGVybWl0ZSUyMHJlYWxpemFyJTIwcGV0aWNpb25lcyUyMFhNTCUyMGFsJTIwbW90b3IlMjBkZSUyMGdlc3RpJUMzJUIzbiUyMHklMjBhbG1hY2VuYW1pZW50byUyMGRlJTIwZGF0b3MlMkMlMjBsbGFtYWRvJTIwRU5HSU5FLiUyMExhJTIwQVBJJTIwaW5jbHV5ZSUyMHBldGljaW9uZXMlMjBwYXJhJTIwdmFsb3JlcyUyMGhpc3QlQzMlQjNyaWNvcyUyQyUyMHZhbG9yZXMlMjBpbnN0YW50JUMzJUExbmVvcyUyMHklMjBwZXRpY2lvbmVzJTIwZGUlMjBlc2NyaXR1cmElMjBwYXJhJTIwbGElMjB0ZWxlZ2VzdGklQzMlQjNuJTIwZGUlMjBsYSUyMGluc3RhbGFjaSVDMyVCM24uJTIwQWRlbSVDMyVBMXMlMkMlMjBsYXMlMjBwZXRpY2lvbmVzJTIwcGVybWl0ZW4lMjBhJUMzJUIxYWRpciUyMGFncnVwYWNpb25lcyUyMHRlbXBvcmFsZXMlMjAlMjhhZ3JlZ2Fkb3MlMjBkaWFyaW9zJTJDJTIwc2VtYW5hbGVzJTIweSUyMG1lbnN1YWxlcyUyOSUyQyUyMGFzJUMzJUFEJTIwY29tbyUyMHBldGljaW9uZXMlMjBhJTIwbSVDMyVCQWx0aXBsZXMlMjBkaXNwb3NpdGl2b3MlMjB5JTIwdmFyaWFibGVzJTIwZGUlMjBmb3JtYSUyMHNpbXVsdCVDMyVBMW5lYS4lM0MlMkZwJTNF[\/vc_raw_html][\/vc_column_inner][vc_column_inner width=&#8221;1\/2&#8243;][vc_single_image image=&#8221;47847&#8243; img_size=&#8221;medium&#8221; alignment=&#8221;center&#8221; style=&#8221;vc_box_rounded&#8221; css=&#8221;.vc_custom_1707831075657{margin-top: 20px !important;padding-top: 10px !important;padding-right: 10px !important;padding-bottom: 10px !important;padding-left: 10px !important;background-color: #f8f8f8 !important;border-radius: 4px !important;}&#8221;][\/vc_column_inner][\/vc_row_inner][vc_separator css=&#8221;.vc_custom_1707750737909{margin-top: 40px !important;margin-bottom: 20px !important;}&#8221;][vc_row_inner gap=&#8221;10&#8243; css=&#8221;.vc_custom_1707738039369{margin-top: 20px !important;}&#8221;][vc_column_inner width=&#8221;1\/2&#8243;][vc_raw_html]JTNDaSUyMGNsYXNzJTNEJTIyaWNvLWNsb3VkLTElMjIlMjBzdHlsZSUzRCUyMmZvbnQtc2l6ZSUzQTEuMnJlbSUzQiUyMG1hcmdpbi1sZWZ0JTNBLTAuMDVlbSUzQiUyMGNvbG9yJTNBJTIzRTQwMDQwJTNCJTIyJTNFJTNDJTJGaSUzRSUwQSUzQ2gzJTIwY2xhc3MlM0QlMjJmb250c2l6ZV8xXzJyZW0lMjIlM0VFbnYlQzMlQURhJTIwdHVzJTIwZGF0b3MlMjBhJTIwcGxhdGFmb3JtYXMlMjBDbG91ZCUzQyUyRmgzJTNFJTBBJTNDcCUyMHN0eWxlJTNEJTIyZm9udC13ZWlnaHQlM0ElMjA0MDAlM0IlMjIlM0VQb3dlclN0dWRpbyUyMFNDQURBJTIwZGlzcG9uZSUyMGRlJTIwY29uZWN0b3JlcyUyMGElMjBwbGF0YWZvcm1hcyUyMENsb3VkJTIwcXVlJTIwcGVybWl0ZW4lMjBlc2NhbGFyJTIwdHUlMjBwcm95ZWN0byUyMG11bHRpcHVudG8lMjB5JTIwY29tcGFydGlyJTIwZGF0b3MlMjBlbnRyZSUyMGRpZmVyZW50ZXMlMjBpbnN0YWxhY2lvbmVzJTIwZGUlMjBtYW5lcmElMjByZW1vdGElMkMlMjBsbyUyMHF1ZSUyMGFzZWd1cmElMjB1biUyMGFuJUMzJUExbGlzaXMlMjBtdWNobyUyMG0lQzMlQTFzJTIwZGV0YWxsYWRvLiUyMENvbiUyMGVsJTIwbSVDMyVCM2R1bG8lMjBQUy1EYXRhYm94JTIwcHVlZGVzJTIwY29uZWN0YXIlMjBQb3dlclN0dWRpbyUyMHklMjBsYSUyMHBsYXRhZm9ybWElMjBjbG91ZCUyMERhdGFib3glMjBwYXJhJTIwY2FyZ2FyJTIwZGUlMjBmb3JtYSUyMHBlcmklQzMlQjNkaWNhJTIwZGF0b3MlMjBwcm9jZWRlbnRlcyUyMGRlJTIwZGlzcG9zaXRpdm9zJTIwbyUyMHZhcmlhYmxlcyUyMGNhbGN1bGFkYXMlMkMlMjBsbyUyMHF1ZSUyMG1lam9yYSUyMGxhJTIwZGlzcG9uaWJpbGlkYWQlMjBlbiUyMGwlQzMlQURuZWElMjB5JTIwc3UlMjBhbiVDMyVBMWxpc2lzLiUzQyUyRnAlM0U=[\/vc_raw_html][vc_column_text css=&#8221;.vc_custom_1740392649474{margin-top: 40px !important;}&#8221;]<a class=\"boton_enlace\" href=\"https:\/\/alfresco.circutor.com\/alfresco\/download\/attach\/workspace\/SpacesStore\/15f2e4a5-65e4-47e9-93f3-c49a56385024\/CT_DataBox_ES.pdf?guest=true\" target=\"_blank\" rel=\"noopener\">Quiero saber m\u00e1s sobre <strong>soluciones Cloud<\/strong> <i class=\"ico-arrow-right\"><\/i><\/a>[\/vc_column_text][\/vc_column_inner][vc_column_inner width=&#8221;1\/2&#8243;][vc_single_image image=&#8221;47707&#8243; img_size=&#8221;medium&#8221; alignment=&#8221;center&#8221; style=&#8221;vc_box_rounded&#8221; css=&#8221;.vc_custom_1707751375779{margin-top: 20px !important;padding-top: 10px !important;padding-right: 10px !important;padding-bottom: 10px !important;padding-left: 10px !important;background-color: #f8f8f8 !important;border-radius: 4px !important;}&#8221;][\/vc_column_inner][\/vc_row_inner][\/vc_column][\/vc_row][vc_row full_width=&#8221;stretch_row&#8221; css=&#8221;.vc_custom_1707813856176{padding-top: 6rem !important;padding-bottom: 6rem !important;background-image: url(https:\/\/circutor.com\/wp-content\/uploads\/2024\/02\/FO_woman_laptop.jpg?id=47760) !important;background-position: center !important;background-repeat: no-repeat !important;background-size: cover !important;}&#8221;][vc_column][vc_column_text css=&#8221;.vc_custom_1740392640883{padding-top: 1rem !important;padding-bottom: 1rem !important;background-color: #ffffff !important;border-radius: 30px !important;}&#8221;]<\/p>\n<p style=\"text-align: center;\"><span class=\"fontsize_1_4rem\" style=\"line-height: 1.3em; color: #53565a;\">Conecta f\u00e1cilmente tu aplicaci\u00f3n PowerStudio SCADA con nuestro <a class=\"boton_enlace\" style=\"fontsize: 1.4rem; color: #53565a;\" href=\"\/mx\/productos-mx\/software-y-servicios\/software-local\/product\/W20300.\/\" target=\"_blank\" rel=\"noopener\"><strong>software en la nube Databox<\/strong> <i class=\"ico-arrow-right\"><\/i><\/a><\/span><\/p>\n<p>[\/vc_column_text][\/vc_column][\/vc_row][vc_row css=&#8221;.vc_custom_1707745720443{padding-top: 6rem !important;padding-bottom: 6rem !important;}&#8221;][vc_column width=&#8221;1\/6&#8243;][\/vc_column][vc_column width=&#8221;2\/3&#8243;][vc_column_text]<\/p>\n<h4 style=\"font-weight: 400;\"><strong>\u00bfNecesitas nuestra ayuda?<\/strong><\/h4>\n<p style=\"font-weight: 400;\">Contacta directamente con nuestros especialistas para que te asesoren en tus proyectos y clarifiquen cualquier duda que puedas tener sobre nuestro software <strong>PowerStudio SCADA<\/strong>.<\/p>\n<p>[\/vc_column_text][vc_column_text]<script src=\"\/\/info.circutor.com\/js\/forms2\/js\/forms2.min.js\"><\/script><\/p>\n<form id=\"mktoForm_1538\"><\/form>\n<p><script>MktoForms2.loadForm(\"\/\/info.circutor.com\", \"940-CSD-667\", 1538);<\/script>[\/vc_column_text][\/vc_column][vc_column width=&#8221;1\/6&#8243;][\/vc_column][\/vc_row]<\/p>\n","protected":false},"excerpt":{"rendered":"<p>[vc_row full_width=&#8221;stretch_row&#8221; el_class=&#8221;banner_pagina_texto&#8221; css=&#8221;.vc_custom_1707752243795{background-image: url(https:\/\/circutor.com\/wp-content\/uploads\/2024\/02\/FO_PS_Universe_header.jpg?id=47735) !important;background-position: center !important;background-repeat: no-repeat !important;background-size: cover !important;}&#8221;][vc_column][vc_row_inner el_class=&#8221;breadcrumb&#8221;][vc_column_inner][\/vc_column_inner][\/vc_row_inner][vc_row_inner][vc_column_inner width=&#8221;6\/12&#8243;][vc_column_text] PowerStudio SCADA Universe: OPC-UA, SQL, API REST &#038; Cloud [\/vc_column_text][\/vc_column_inner][vc_column_inner width=&#8221;6\/12&#8243;][\/vc_column_inner][\/vc_row_inner][\/vc_column][\/vc_row][vc_row el_class=&#8221;empresa-que-hacemos bloque page_empresa&#8221; css=&#8221;.vc_custom_1707812915922{padding-top: 6rem !important;padding-bottom: 6rem !important;}&#8221;][vc_column][vc_row_inner css=&#8221;.vc_custom_1707812971082{padding-bottom: 6rem !important;}&#8221;][vc_column_inner width=&#8221;3\/4&#8243;][vc_column_text el_class=&#8221;animacion_left&#8221;] PowerStudio SCADA La interoperabilidad industrial que tu SCADA necesita En el mundo de la automatizaci\u00f3n industrial, la [&hellip;]<\/p>\n","protected":false},"author":7,"featured_media":0,"parent":54418,"menu_order":0,"comment_status":"closed","ping_status":"closed","template":"","meta":[],"acf":[],"yoast_head":"<!-- This site is optimized with the Yoast SEO plugin v19.4 - https:\/\/yoast.com\/wordpress\/plugins\/seo\/ -->\n<title>PowerStudio SCADA Universe - CIRCUTOR<\/title>\n<meta name=\"robots\" content=\"index, follow, max-snippet:-1, max-image-preview:large, max-video-preview:-1\" \/>\n<link rel=\"canonical\" href=\"https:\/\/circutor.com\/mx\/plataforma-powerstudio-scada\/powerstudio-scada-universe\/\" \/>\n<meta property=\"og:locale\" content=\"es_MX\" \/>\n<meta property=\"og:type\" content=\"article\" \/>\n<meta property=\"og:title\" content=\"PowerStudio SCADA Universe - CIRCUTOR\" \/>\n<meta property=\"og:description\" content=\"[vc_row full_width=&#8221;stretch_row&#8221; el_class=&#8221;banner_pagina_texto&#8221; css=&#8221;.vc_custom_1707752243795{background-image: url(https:\/\/circutor.com\/wp-content\/uploads\/2024\/02\/FO_PS_Universe_header.jpg?id=47735) !important;background-position: center !important;background-repeat: no-repeat !important;background-size: cover !important;}&#8221;][vc_column][vc_row_inner el_class=&#8221;breadcrumb&#8221;][vc_column_inner][\/vc_column_inner][\/vc_row_inner][vc_row_inner][vc_column_inner width=&#8221;6\/12&#8243;][vc_column_text] PowerStudio SCADA Universe: OPC-UA, SQL, API REST &amp; Cloud [\/vc_column_text][\/vc_column_inner][vc_column_inner width=&#8221;6\/12&#8243;][\/vc_column_inner][\/vc_row_inner][\/vc_column][\/vc_row][vc_row el_class=&#8221;empresa-que-hacemos bloque page_empresa&#8221; css=&#8221;.vc_custom_1707812915922{padding-top: 6rem !important;padding-bottom: 6rem !important;}&#8221;][vc_column][vc_row_inner css=&#8221;.vc_custom_1707812971082{padding-bottom: 6rem !important;}&#8221;][vc_column_inner width=&#8221;3\/4&#8243;][vc_column_text el_class=&#8221;animacion_left&#8221;] PowerStudio SCADA La interoperabilidad industrial que tu SCADA necesita En el mundo de la automatizaci\u00f3n industrial, la [&hellip;]\" \/>\n<meta property=\"og:url\" content=\"https:\/\/circutor.com\/mx\/plataforma-powerstudio-scada\/powerstudio-scada-universe\/\" \/>\n<meta property=\"og:site_name\" content=\"CIRCUTOR\" \/>\n<meta property=\"article:publisher\" content=\"https:\/\/www.facebook.com\/CIRCUTOR.ES\" \/>\n<meta property=\"article:modified_time\" content=\"2025-02-24T10:24:14+00:00\" \/>\n<meta property=\"og:image\" content=\"https:\/\/circutor.com\/wp-content\/uploads\/2022\/07\/Circutor_Logo_Color.png\" \/>\n\t<meta property=\"og:image:width\" content=\"1299\" \/>\n\t<meta property=\"og:image:height\" content=\"354\" \/>\n\t<meta property=\"og:image:type\" content=\"image\/png\" \/>\n<meta name=\"twitter:card\" content=\"summary_large_image\" \/>\n<meta name=\"twitter:site\" content=\"@circutor\" \/>\n<meta name=\"twitter:label1\" content=\"Tiempo de lectura\" \/>\n\t<meta name=\"twitter:data1\" content=\"5 minutos\" \/>\n<script type=\"application\/ld+json\" class=\"yoast-schema-graph\">{\"@context\":\"https:\/\/schema.org\",\"@graph\":[{\"@type\":\"Organization\",\"@id\":\"https:\/\/circutor.com\/#organization\",\"name\":\"Circutor\",\"url\":\"https:\/\/circutor.com\/\",\"sameAs\":[\"https:\/\/www.instagram.com\/circutor_es\",\"https:\/\/www.linkedin.com\/company\/circutor\",\"https:\/\/www.youtube.com\/user\/CIRCUTORoficial\",\"https:\/\/www.facebook.com\/CIRCUTOR.ES\",\"https:\/\/twitter.com\/circutor\"],\"logo\":{\"@type\":\"ImageObject\",\"inLanguage\":\"es-MX\",\"@id\":\"https:\/\/circutor.com\/#\/schema\/logo\/image\/\",\"url\":\"https:\/\/circutor.com\/wp-content\/uploads\/2020\/09\/CIR_LOGO_RED.png\",\"contentUrl\":\"https:\/\/circutor.com\/wp-content\/uploads\/2020\/09\/CIR_LOGO_RED.png\",\"width\":512,\"height\":128,\"caption\":\"Circutor\"},\"image\":{\"@id\":\"https:\/\/circutor.com\/#\/schema\/logo\/image\/\"}},{\"@type\":\"WebSite\",\"@id\":\"https:\/\/circutor.com\/#website\",\"url\":\"https:\/\/circutor.com\/\",\"name\":\"CIRCUTOR\",\"description\":\"Soluciones para la eficiencia energ\u00e9tica el\u00e9ctrica\",\"publisher\":{\"@id\":\"https:\/\/circutor.com\/#organization\"},\"potentialAction\":[{\"@type\":\"SearchAction\",\"target\":{\"@type\":\"EntryPoint\",\"urlTemplate\":\"https:\/\/circutor.com\/?s={search_term_string}\"},\"query-input\":\"required name=search_term_string\"}],\"inLanguage\":\"es-MX\"},{\"@type\":\"WebPage\",\"@id\":\"https:\/\/circutor.com\/mx\/plataforma-powerstudio-scada\/powerstudio-scada-universe\/\",\"url\":\"https:\/\/circutor.com\/mx\/plataforma-powerstudio-scada\/powerstudio-scada-universe\/\",\"name\":\"PowerStudio SCADA Universe - CIRCUTOR\",\"isPartOf\":{\"@id\":\"https:\/\/circutor.com\/#website\"},\"datePublished\":\"2025-02-24T10:07:29+00:00\",\"dateModified\":\"2025-02-24T10:24:14+00:00\",\"breadcrumb\":{\"@id\":\"https:\/\/circutor.com\/mx\/plataforma-powerstudio-scada\/powerstudio-scada-universe\/#breadcrumb\"},\"inLanguage\":\"es-MX\",\"potentialAction\":[{\"@type\":\"ReadAction\",\"target\":[\"https:\/\/circutor.com\/mx\/plataforma-powerstudio-scada\/powerstudio-scada-universe\/\"]}]},{\"@type\":\"BreadcrumbList\",\"@id\":\"https:\/\/circutor.com\/mx\/plataforma-powerstudio-scada\/powerstudio-scada-universe\/#breadcrumb\",\"itemListElement\":[{\"@type\":\"ListItem\",\"position\":1,\"name\":\"Portada\",\"item\":\"https:\/\/circutor.com\/mx\/\"},{\"@type\":\"ListItem\",\"position\":2,\"name\":\"Plataforma PowerStudio SCADA\",\"item\":\"https:\/\/circutor.com\/mx\/plataforma-powerstudio-scada\/\"},{\"@type\":\"ListItem\",\"position\":3,\"name\":\"PowerStudio SCADA Universe\"}]}]}<\/script>\n<!-- \/ Yoast SEO plugin. -->","yoast_head_json":{"title":"PowerStudio SCADA Universe - CIRCUTOR","robots":{"index":"index","follow":"follow","max-snippet":"max-snippet:-1","max-image-preview":"max-image-preview:large","max-video-preview":"max-video-preview:-1"},"canonical":"https:\/\/circutor.com\/mx\/plataforma-powerstudio-scada\/powerstudio-scada-universe\/","og_locale":"es_MX","og_type":"article","og_title":"PowerStudio SCADA Universe - CIRCUTOR","og_description":"[vc_row full_width=&#8221;stretch_row&#8221; el_class=&#8221;banner_pagina_texto&#8221; css=&#8221;.vc_custom_1707752243795{background-image: url(https:\/\/circutor.com\/wp-content\/uploads\/2024\/02\/FO_PS_Universe_header.jpg?id=47735) !important;background-position: center !important;background-repeat: no-repeat !important;background-size: cover !important;}&#8221;][vc_column][vc_row_inner el_class=&#8221;breadcrumb&#8221;][vc_column_inner][\/vc_column_inner][\/vc_row_inner][vc_row_inner][vc_column_inner width=&#8221;6\/12&#8243;][vc_column_text] PowerStudio SCADA Universe: OPC-UA, SQL, API REST & Cloud [\/vc_column_text][\/vc_column_inner][vc_column_inner width=&#8221;6\/12&#8243;][\/vc_column_inner][\/vc_row_inner][\/vc_column][\/vc_row][vc_row el_class=&#8221;empresa-que-hacemos bloque page_empresa&#8221; css=&#8221;.vc_custom_1707812915922{padding-top: 6rem !important;padding-bottom: 6rem !important;}&#8221;][vc_column][vc_row_inner css=&#8221;.vc_custom_1707812971082{padding-bottom: 6rem !important;}&#8221;][vc_column_inner width=&#8221;3\/4&#8243;][vc_column_text el_class=&#8221;animacion_left&#8221;] PowerStudio SCADA La interoperabilidad industrial que tu SCADA necesita En el mundo de la automatizaci\u00f3n industrial, la [&hellip;]","og_url":"https:\/\/circutor.com\/mx\/plataforma-powerstudio-scada\/powerstudio-scada-universe\/","og_site_name":"CIRCUTOR","article_publisher":"https:\/\/www.facebook.com\/CIRCUTOR.ES","article_modified_time":"2025-02-24T10:24:14+00:00","og_image":[{"width":1299,"height":354,"url":"https:\/\/circutor.com\/wp-content\/uploads\/2022\/07\/Circutor_Logo_Color.png","type":"image\/png"}],"twitter_card":"summary_large_image","twitter_site":"@circutor","twitter_misc":{"Tiempo de lectura":"5 minutos"},"schema":{"@context":"https:\/\/schema.org","@graph":[{"@type":"Organization","@id":"https:\/\/circutor.com\/#organization","name":"Circutor","url":"https:\/\/circutor.com\/","sameAs":["https:\/\/www.instagram.com\/circutor_es","https:\/\/www.linkedin.com\/company\/circutor","https:\/\/www.youtube.com\/user\/CIRCUTORoficial","https:\/\/www.facebook.com\/CIRCUTOR.ES","https:\/\/twitter.com\/circutor"],"logo":{"@type":"ImageObject","inLanguage":"es-MX","@id":"https:\/\/circutor.com\/#\/schema\/logo\/image\/","url":"https:\/\/circutor.com\/wp-content\/uploads\/2020\/09\/CIR_LOGO_RED.png","contentUrl":"https:\/\/circutor.com\/wp-content\/uploads\/2020\/09\/CIR_LOGO_RED.png","width":512,"height":128,"caption":"Circutor"},"image":{"@id":"https:\/\/circutor.com\/#\/schema\/logo\/image\/"}},{"@type":"WebSite","@id":"https:\/\/circutor.com\/#website","url":"https:\/\/circutor.com\/","name":"CIRCUTOR","description":"Soluciones para la eficiencia energ\u00e9tica el\u00e9ctrica","publisher":{"@id":"https:\/\/circutor.com\/#organization"},"potentialAction":[{"@type":"SearchAction","target":{"@type":"EntryPoint","urlTemplate":"https:\/\/circutor.com\/?s={search_term_string}"},"query-input":"required name=search_term_string"}],"inLanguage":"es-MX"},{"@type":"WebPage","@id":"https:\/\/circutor.com\/mx\/plataforma-powerstudio-scada\/powerstudio-scada-universe\/","url":"https:\/\/circutor.com\/mx\/plataforma-powerstudio-scada\/powerstudio-scada-universe\/","name":"PowerStudio SCADA Universe - CIRCUTOR","isPartOf":{"@id":"https:\/\/circutor.com\/#website"},"datePublished":"2025-02-24T10:07:29+00:00","dateModified":"2025-02-24T10:24:14+00:00","breadcrumb":{"@id":"https:\/\/circutor.com\/mx\/plataforma-powerstudio-scada\/powerstudio-scada-universe\/#breadcrumb"},"inLanguage":"es-MX","potentialAction":[{"@type":"ReadAction","target":["https:\/\/circutor.com\/mx\/plataforma-powerstudio-scada\/powerstudio-scada-universe\/"]}]},{"@type":"BreadcrumbList","@id":"https:\/\/circutor.com\/mx\/plataforma-powerstudio-scada\/powerstudio-scada-universe\/#breadcrumb","itemListElement":[{"@type":"ListItem","position":1,"name":"Portada","item":"https:\/\/circutor.com\/mx\/"},{"@type":"ListItem","position":2,"name":"Plataforma PowerStudio SCADA","item":"https:\/\/circutor.com\/mx\/plataforma-powerstudio-scada\/"},{"@type":"ListItem","position":3,"name":"PowerStudio SCADA Universe"}]}]}},"_links":{"self":[{"href":"https:\/\/circutor.com\/mx\/wp-json\/wp\/v2\/pages\/54649"}],"collection":[{"href":"https:\/\/circutor.com\/mx\/wp-json\/wp\/v2\/pages"}],"about":[{"href":"https:\/\/circutor.com\/mx\/wp-json\/wp\/v2\/types\/page"}],"author":[{"embeddable":true,"href":"https:\/\/circutor.com\/mx\/wp-json\/wp\/v2\/users\/7"}],"replies":[{"embeddable":true,"href":"https:\/\/circutor.com\/mx\/wp-json\/wp\/v2\/comments?post=54649"}],"version-history":[{"count":3,"href":"https:\/\/circutor.com\/mx\/wp-json\/wp\/v2\/pages\/54649\/revisions"}],"predecessor-version":[{"id":54663,"href":"https:\/\/circutor.com\/mx\/wp-json\/wp\/v2\/pages\/54649\/revisions\/54663"}],"up":[{"embeddable":true,"href":"https:\/\/circutor.com\/mx\/wp-json\/wp\/v2\/pages\/54418"}],"wp:attachment":[{"href":"https:\/\/circutor.com\/mx\/wp-json\/wp\/v2\/media?parent=54649"}],"curies":[{"name":"wp","href":"https:\/\/api.w.org\/{rel}","templated":true}]}}