{"id":54313,"date":"2025-02-10T12:10:17","date_gmt":"2025-02-10T10:10:17","guid":{"rendered":"https:\/\/circutor.com\/?page_id=54313"},"modified":"2025-02-10T12:12:21","modified_gmt":"2025-02-10T10:12:21","slug":"aviso-legal","status":"publish","type":"page","link":"https:\/\/circutor.com\/mx\/aviso-legal\/","title":{"rendered":"Aviso legal"},"content":{"rendered":"<p>[vc_row][vc_column][vc_column_text]<\/p>\n<h3><strong>AVISO LEGAL<\/strong><\/h3>\n<p>&nbsp;<\/p>\n<h3><strong>Qui\u00e9nes somos<\/strong><\/h3>\n<p>Usted est\u00e1 accediendo al sitio web de <strong>CIRCUTOR, SAU<\/strong>\u00a0<strong> \u00a0(<\/strong>en adelante<strong> \u201cCIRCUTOR\u201d<\/strong>) disponible a trav\u00e9s del dominio web \u00a0<a href=\"https:\/\/circutor.com\/\">https:\/\/circutor.com\/mx\/<\/a> (en adelante, el &#8220;<strong>Sitio Web<\/strong>&#8220;). <strong>CIRCUTOR<\/strong> es una sociedad comercial de nacionalidad espa\u00f1ola con domicilio social en Vial Sant Jordi, s\/n, C\u00f3digo Postal 08232 de Viladecavalls (Barcelona) y est\u00e1 inscrita en el Registro Mercantil de Barcelona, Tomo 3814, Libro 3160, Folio 39, Hoja 40.189, Inscripci\u00f3n 2\u00aa, con C.I.F. A-08513178.<\/p>\n<h3><strong>Puede ponerse en contacto con CIRCUTOR<\/strong><strong> en: <\/strong><\/h3>\n<ul>\n<li>Correo electr\u00f3nico: <a href=\"mailto:comunicacion@circutor.com\">comunicacion@circutor.com<\/a><\/li>\n<li>Tel\u00e9fono: +34 93 745 29 00<\/li>\n<\/ul>\n<h3><strong>Uso del sitio web<\/strong><\/h3>\n<p>Al acceder y utilizar el Portal se adquiere la condici\u00f3n de \u201c<strong>Usuario<\/strong>\u201d, lo cual implica la plena aceptaci\u00f3n de todas las disposiciones del presente Aviso Legal y del resto de los &#8220;Textos Legales&#8221; incluyendo el presente Aviso Legal, las <a href=\"https:\/\/circutor.com\/mx\/condiciones-generales-de-venta\/\">Condiciones generales de venta<\/a>, la <a href=\"https:\/\/circutor.com\/politica-de-privacidad\/\">Pol\u00edtica de Privacidad<\/a> y la <a href=\"https:\/\/circutor.com\/mx\/politica-de-cookies\/\">Pol\u00edtica de Cookies<\/a>).<\/p>\n<h3><strong>Compras y precios<\/strong><\/h3>\n<p>Para informaci\u00f3n sobre la compra de los productos publicados a trav\u00e9s del Sitio Web, as\u00ed como la consulta de las condiciones y costes aplicables a los mismos, el Usuario deber\u00e1 consultar las <a href=\"https:\/\/circutor.com\/mx\/condiciones-generales-de-venta\/\">Condiciones generales de compra<\/a> sin defecto de la necesidad de hacer contacto con la <a href=\"https:\/\/circutor.com\/contacto\/red-comercial\/\">red comercial<\/a> a partir de la cual acceder\u00e1 a las eventuales condiciones particulares que se estipulen al efecto.<\/p>\n<h3><strong>Privacidad<\/strong><\/h3>\n<p>Se informa a los Usuarios de que todos los datos suministrados a <strong>CIRCUTOR<\/strong> ser\u00e1n tratados por <strong>CIRCUTOR<\/strong> como responsable de tratamiento, respetando la confidencialidad, integridad y disponibilidad de los datos personales, de acuerdo con la <a href=\"https:\/\/circutor.com\/mx\/politica-de-privacidad\/\"> Pol\u00edtica de Privacidad<\/a>.<\/p>\n<h3><strong>Cookies<\/strong><\/h3>\n<p>El uso de cookies en el Portal se regular\u00e1 en la <a href=\"https:\/\/circutor.com\/mx\/politica-de-cookies\/\"> Pol\u00edtica de Cookies<\/a>.<\/p>\n<h3><strong>Propiedad Industrial e Intelectual<\/strong><\/h3>\n<p>Los derechos de propiedad intelectual e industrial incorporados en el Sitio Web, el dise\u00f1o gr\u00e1fico y los c\u00f3digos inform\u00e1ticos, as\u00ed como los signos y marcas distintivos, el texto, im\u00e1genes, v\u00eddeos (en adelante el \u201cContenido\u201d) mostrados son propiedad de <strong>CIRCUTOR <\/strong>o de sus licenciantes. El Usuario utilizar\u00e1 los servicios del Sitio Web respetando dichas titularidades y la utilizaci\u00f3n de los servicios no le otorgar\u00e1 ning\u00fan derecho en relaci\u00f3n con el Contenido del Sitio Web.<\/p>\n<p>Cualquier uso del Contenido para el que<strong> CIRCUTOR <\/strong>no haya autorizado expresamente, sea directa o indirecta con \u00e1nimo de lucro o no, incluyendo la descarga, almacenamiento, transmisi\u00f3n, divulgaci\u00f3n p\u00fablica, distribuci\u00f3n, reproducci\u00f3n o transformaci\u00f3n, total o parcial, de dichos contenidos estar\u00e1 expresamente prohibida, por lo que <strong>CIRCUTOR <\/strong>podr\u00e1 ejercer todas las acciones judiciales y extrajudiciales que considere pertinentes ante cualquier incumplimiento de sus derechos.<\/p>\n<h3><strong>Responsabilidad<\/strong><\/h3>\n<p><strong>CIRCUTOR<\/strong> ha puesto todo su empe\u00f1o en que la informaci\u00f3n del Sitio Web sea precisa y est\u00e9 actualizada. Sin embargo, <strong>CIRCUTOR<\/strong> no garantiza ni se hace responsable de la exactitud y actualizaci\u00f3n de los contenidos del Sitio Web. <strong>CIRCUTOR<\/strong> no se responsabiliza de ning\u00fan error u omisi\u00f3n en los contenidos del Sitio Web y se reserva el derecho a modificar dichos contenidos en cualquier momento y sin previo aviso.<\/p>\n<p>En el Sitio Web no se realiza ning\u00fan tipo de transacci\u00f3n comercial, y ninguno de sus contenidos tiene la consideraci\u00f3n de oferta contractual al usuario. Las relaciones comerciales entre <strong>CIRCUTOR<\/strong> y sus clientes se rigen por las <a href=\"https:\/\/circutor.com\/mx\/condiciones-generales-de-venta\/\">Condiciones generales de venta<\/a> de<strong> CIRCUTOR<\/strong> y\/o por otras condiciones generales o pactos espec\u00edficos. Los contenidos del Sitio Web no prevalecen sobre los t\u00e9rminos de las relaciones comerciales entre <strong>CIRCUTOR<\/strong> y sus clientes ni pueden condicionar la pol\u00edtica comercial que <strong>CIRCUTOR<\/strong> decida adoptar en cada momento.<\/p>\n<p>El Sitio Web puede contener declaraciones de car\u00e1cter subjetivo que expresen opiniones de <strong>CIRCUTOR<\/strong> o de terceros respecto a eventos futuros y sujetas, por tanto, a incertidumbre. <strong>CIRCUTOR<\/strong> no se hace responsable de la influencia que puedan ejercer estas declaraciones en el usuario ni de las consecuencias de las mismas en las acciones u omisiones del usuario.<\/p>\n<p><strong>CIRCUTOR<\/strong> no se hace responsable de los errores o fallos en el funcionamiento del Sitio Web, sean intr\u00ednsecos o sean debidos a las caracter\u00edsticas y limitaciones de Internet. El usuario asume cualquier riesgo derivado de la utilizaci\u00f3n de Internet, incluida la posible transmisi\u00f3n de virus inform\u00e1ticos. <strong>CIRCUTOR<\/strong> no garantiza el funcionamiento ininterrumpido de los servicios del Sitio Web y no ser\u00e1 responsable de los da\u00f1os y perjuicios que puedan derivar de la interrupci\u00f3n de los servicios. En particular, <strong>CIRCUTOR<\/strong> no ser\u00e1 responsable en circunstancias de fuerza mayor tales como incendios, huelgas y cortes en el suministro el\u00e9ctrico o cualesquiera otros sucesos imprevisibles o inevitables.<\/p>\n<p>En todo caso, <strong>CIRCUTOR<\/strong> s\u00f3lo ser\u00e1 responsable de los da\u00f1os y perjuicios que se hubieran previsto o que se hubieran podido prever en el momento de la utilizaci\u00f3n del Sitio Web por el usuario, y que sean consecuencia directa y necesaria de la infracci\u00f3n por negligencia grave de obligaciones contractuales sustanciales.<\/p>\n<p>El hecho de que el Sitio Web describa o presente determinados productos no implica un compromiso de <strong>CIRCUTOR<\/strong> de que los mismos estar\u00e1n disponibles para el usuario.<\/p>\n<p>La exclusi\u00f3n de responsabilidades y garant\u00edas descritas en este apartado se aplicar\u00e1 tanto a <strong>CIRCUTOR<\/strong> como a sus administradores, directivos, empleados y representantes.<\/p>\n<h3><strong>Enlaces<\/strong><\/h3>\n<p>El Sitio Web puede contener enlaces con otras p\u00e1ginas web con la finalidad de complementar los servicios ofrecidos al usuario. <strong>CIRCUTOR<\/strong> no es la titular de dichas p\u00e1ginas web, por lo que no se responsabiliza de sus contenidos ni de los da\u00f1os y perjuicios que el uso de las mismas pueda ocasionar al usuario.<\/p>\n<p>Si el usuario del Sitio Web accede a dichas p\u00e1ginas web y a los servicios que \u00e9stas ofrecen, <strong>CIRCUTOR<\/strong> permanecer\u00e1 ajena a cualquier clase de relaci\u00f3n que se pudiese establecer entre el usuario y los titulares de dichas p\u00e1ginas web o cualesquiera terceros relacionados con las mismas.<\/p>\n<p>Asimismo, el titular de una p\u00e1gina web en la que se pretenda insertar un enlace al Sitio Web deber\u00e1 obtener, con car\u00e1cter previo, una autorizaci\u00f3n de <strong>CIRCUTOR<\/strong>.<\/p>\n<p><strong>CIRCUTOR<\/strong> no ser\u00e1 responsable de los contenidos de aquellas p\u00e1ginas web en las que exista un enlace al Sitio Web y permanecer\u00e1 ajena a las relaciones que se pudieran establecer entre los titulares de las mismas y los usuarios del Sitio Web.<\/p>\n<h3><strong>Modificaciones<\/strong><\/h3>\n<p><strong>CIRCUTOR<\/strong> se reserva el derecho a modificar este Aviso Legal en cualquier momento. Los cambios o actualizaciones del Aviso Legal ser\u00e1n notificados de forma expl\u00edcita al Usuario a trav\u00e9s de un aviso en el Sitio Web, junto con la versi\u00f3n actualizada de la Pol\u00edtica de Privacidad.[\/vc_column_text][\/vc_column][\/vc_row]<\/p>\n","protected":false},"excerpt":{"rendered":"<p>[vc_row][vc_column][vc_column_text] AVISO LEGAL &nbsp; Qui\u00e9nes somos Usted est\u00e1 accediendo al sitio web de CIRCUTOR, SAU\u00a0 \u00a0(en adelante \u201cCIRCUTOR\u201d) disponible a trav\u00e9s del dominio web \u00a0https:\/\/circutor.com\/mx\/ (en adelante, el &#8220;Sitio Web&#8220;). CIRCUTOR es una sociedad comercial de nacionalidad espa\u00f1ola con domicilio social en Vial Sant Jordi, s\/n, C\u00f3digo Postal 08232 de Viladecavalls (Barcelona) y est\u00e1 inscrita [&hellip;]<\/p>\n","protected":false},"author":7,"featured_media":0,"parent":0,"menu_order":0,"comment_status":"closed","ping_status":"closed","template":"","meta":[],"acf":[],"yoast_head":"<!-- This site is optimized with the Yoast SEO plugin v19.4 - https:\/\/yoast.com\/wordpress\/plugins\/seo\/ -->\n<title>Aviso legal - CIRCUTOR<\/title>\n<meta name=\"robots\" content=\"index, follow, max-snippet:-1, max-image-preview:large, max-video-preview:-1\" \/>\n<link rel=\"canonical\" href=\"https:\/\/circutor.com\/mx\/aviso-legal\/\" \/>\n<meta property=\"og:locale\" content=\"es_MX\" \/>\n<meta property=\"og:type\" content=\"article\" \/>\n<meta property=\"og:title\" content=\"Aviso legal - CIRCUTOR\" \/>\n<meta property=\"og:description\" content=\"[vc_row][vc_column][vc_column_text] AVISO LEGAL &nbsp; Qui\u00e9nes somos Usted est\u00e1 accediendo al sitio web de CIRCUTOR, SAU\u00a0 \u00a0(en adelante \u201cCIRCUTOR\u201d) disponible a trav\u00e9s del dominio web \u00a0https:\/\/circutor.com\/mx\/ (en adelante, el &#8220;Sitio Web&#8220;). CIRCUTOR es una sociedad comercial de nacionalidad espa\u00f1ola con domicilio social en Vial Sant Jordi, s\/n, C\u00f3digo Postal 08232 de Viladecavalls (Barcelona) y est\u00e1 inscrita [&hellip;]\" \/>\n<meta property=\"og:url\" content=\"https:\/\/circutor.com\/mx\/aviso-legal\/\" \/>\n<meta property=\"og:site_name\" content=\"CIRCUTOR\" \/>\n<meta property=\"article:publisher\" content=\"https:\/\/www.facebook.com\/CIRCUTOR.ES\" \/>\n<meta property=\"article:modified_time\" content=\"2025-02-10T10:12:21+00:00\" \/>\n<meta property=\"og:image\" content=\"https:\/\/circutor.com\/wp-content\/uploads\/2022\/07\/Circutor_Logo_Color.png\" \/>\n\t<meta property=\"og:image:width\" content=\"1299\" \/>\n\t<meta property=\"og:image:height\" content=\"354\" \/>\n\t<meta property=\"og:image:type\" content=\"image\/png\" \/>\n<meta name=\"twitter:card\" content=\"summary_large_image\" \/>\n<meta name=\"twitter:site\" content=\"@circutor\" \/>\n<meta name=\"twitter:label1\" content=\"Tiempo de lectura\" \/>\n\t<meta name=\"twitter:data1\" content=\"6 minutos\" \/>\n<script type=\"application\/ld+json\" class=\"yoast-schema-graph\">{\"@context\":\"https:\/\/schema.org\",\"@graph\":[{\"@type\":\"Organization\",\"@id\":\"https:\/\/circutor.com\/#organization\",\"name\":\"Circutor\",\"url\":\"https:\/\/circutor.com\/\",\"sameAs\":[\"https:\/\/www.instagram.com\/circutor_es\",\"https:\/\/www.linkedin.com\/company\/circutor\",\"https:\/\/www.youtube.com\/user\/CIRCUTORoficial\",\"https:\/\/www.facebook.com\/CIRCUTOR.ES\",\"https:\/\/twitter.com\/circutor\"],\"logo\":{\"@type\":\"ImageObject\",\"inLanguage\":\"es-MX\",\"@id\":\"https:\/\/circutor.com\/#\/schema\/logo\/image\/\",\"url\":\"https:\/\/circutor.com\/wp-content\/uploads\/2020\/09\/CIR_LOGO_RED.png\",\"contentUrl\":\"https:\/\/circutor.com\/wp-content\/uploads\/2020\/09\/CIR_LOGO_RED.png\",\"width\":512,\"height\":128,\"caption\":\"Circutor\"},\"image\":{\"@id\":\"https:\/\/circutor.com\/#\/schema\/logo\/image\/\"}},{\"@type\":\"WebSite\",\"@id\":\"https:\/\/circutor.com\/#website\",\"url\":\"https:\/\/circutor.com\/\",\"name\":\"CIRCUTOR\",\"description\":\"Soluciones para la eficiencia energ\u00e9tica el\u00e9ctrica\",\"publisher\":{\"@id\":\"https:\/\/circutor.com\/#organization\"},\"potentialAction\":[{\"@type\":\"SearchAction\",\"target\":{\"@type\":\"EntryPoint\",\"urlTemplate\":\"https:\/\/circutor.com\/?s={search_term_string}\"},\"query-input\":\"required name=search_term_string\"}],\"inLanguage\":\"es-MX\"},{\"@type\":\"WebPage\",\"@id\":\"https:\/\/circutor.com\/mx\/aviso-legal\/\",\"url\":\"https:\/\/circutor.com\/mx\/aviso-legal\/\",\"name\":\"Aviso legal - CIRCUTOR\",\"isPartOf\":{\"@id\":\"https:\/\/circutor.com\/#website\"},\"datePublished\":\"2025-02-10T10:10:17+00:00\",\"dateModified\":\"2025-02-10T10:12:21+00:00\",\"breadcrumb\":{\"@id\":\"https:\/\/circutor.com\/mx\/aviso-legal\/#breadcrumb\"},\"inLanguage\":\"es-MX\",\"potentialAction\":[{\"@type\":\"ReadAction\",\"target\":[\"https:\/\/circutor.com\/mx\/aviso-legal\/\"]}]},{\"@type\":\"BreadcrumbList\",\"@id\":\"https:\/\/circutor.com\/mx\/aviso-legal\/#breadcrumb\",\"itemListElement\":[{\"@type\":\"ListItem\",\"position\":1,\"name\":\"Portada\",\"item\":\"https:\/\/circutor.com\/mx\/\"},{\"@type\":\"ListItem\",\"position\":2,\"name\":\"Aviso legal\"}]}]}<\/script>\n<!-- \/ Yoast SEO plugin. -->","yoast_head_json":{"title":"Aviso legal - CIRCUTOR","robots":{"index":"index","follow":"follow","max-snippet":"max-snippet:-1","max-image-preview":"max-image-preview:large","max-video-preview":"max-video-preview:-1"},"canonical":"https:\/\/circutor.com\/mx\/aviso-legal\/","og_locale":"es_MX","og_type":"article","og_title":"Aviso legal - CIRCUTOR","og_description":"[vc_row][vc_column][vc_column_text] AVISO LEGAL &nbsp; Qui\u00e9nes somos Usted est\u00e1 accediendo al sitio web de CIRCUTOR, SAU\u00a0 \u00a0(en adelante \u201cCIRCUTOR\u201d) disponible a trav\u00e9s del dominio web \u00a0https:\/\/circutor.com\/mx\/ (en adelante, el &#8220;Sitio Web&#8220;). CIRCUTOR es una sociedad comercial de nacionalidad espa\u00f1ola con domicilio social en Vial Sant Jordi, s\/n, C\u00f3digo Postal 08232 de Viladecavalls (Barcelona) y est\u00e1 inscrita [&hellip;]","og_url":"https:\/\/circutor.com\/mx\/aviso-legal\/","og_site_name":"CIRCUTOR","article_publisher":"https:\/\/www.facebook.com\/CIRCUTOR.ES","article_modified_time":"2025-02-10T10:12:21+00:00","og_image":[{"width":1299,"height":354,"url":"https:\/\/circutor.com\/wp-content\/uploads\/2022\/07\/Circutor_Logo_Color.png","type":"image\/png"}],"twitter_card":"summary_large_image","twitter_site":"@circutor","twitter_misc":{"Tiempo de lectura":"6 minutos"},"schema":{"@context":"https:\/\/schema.org","@graph":[{"@type":"Organization","@id":"https:\/\/circutor.com\/#organization","name":"Circutor","url":"https:\/\/circutor.com\/","sameAs":["https:\/\/www.instagram.com\/circutor_es","https:\/\/www.linkedin.com\/company\/circutor","https:\/\/www.youtube.com\/user\/CIRCUTORoficial","https:\/\/www.facebook.com\/CIRCUTOR.ES","https:\/\/twitter.com\/circutor"],"logo":{"@type":"ImageObject","inLanguage":"es-MX","@id":"https:\/\/circutor.com\/#\/schema\/logo\/image\/","url":"https:\/\/circutor.com\/wp-content\/uploads\/2020\/09\/CIR_LOGO_RED.png","contentUrl":"https:\/\/circutor.com\/wp-content\/uploads\/2020\/09\/CIR_LOGO_RED.png","width":512,"height":128,"caption":"Circutor"},"image":{"@id":"https:\/\/circutor.com\/#\/schema\/logo\/image\/"}},{"@type":"WebSite","@id":"https:\/\/circutor.com\/#website","url":"https:\/\/circutor.com\/","name":"CIRCUTOR","description":"Soluciones para la eficiencia energ\u00e9tica el\u00e9ctrica","publisher":{"@id":"https:\/\/circutor.com\/#organization"},"potentialAction":[{"@type":"SearchAction","target":{"@type":"EntryPoint","urlTemplate":"https:\/\/circutor.com\/?s={search_term_string}"},"query-input":"required name=search_term_string"}],"inLanguage":"es-MX"},{"@type":"WebPage","@id":"https:\/\/circutor.com\/mx\/aviso-legal\/","url":"https:\/\/circutor.com\/mx\/aviso-legal\/","name":"Aviso legal - CIRCUTOR","isPartOf":{"@id":"https:\/\/circutor.com\/#website"},"datePublished":"2025-02-10T10:10:17+00:00","dateModified":"2025-02-10T10:12:21+00:00","breadcrumb":{"@id":"https:\/\/circutor.com\/mx\/aviso-legal\/#breadcrumb"},"inLanguage":"es-MX","potentialAction":[{"@type":"ReadAction","target":["https:\/\/circutor.com\/mx\/aviso-legal\/"]}]},{"@type":"BreadcrumbList","@id":"https:\/\/circutor.com\/mx\/aviso-legal\/#breadcrumb","itemListElement":[{"@type":"ListItem","position":1,"name":"Portada","item":"https:\/\/circutor.com\/mx\/"},{"@type":"ListItem","position":2,"name":"Aviso legal"}]}]}},"_links":{"self":[{"href":"https:\/\/circutor.com\/mx\/wp-json\/wp\/v2\/pages\/54313"}],"collection":[{"href":"https:\/\/circutor.com\/mx\/wp-json\/wp\/v2\/pages"}],"about":[{"href":"https:\/\/circutor.com\/mx\/wp-json\/wp\/v2\/types\/page"}],"author":[{"embeddable":true,"href":"https:\/\/circutor.com\/mx\/wp-json\/wp\/v2\/users\/7"}],"replies":[{"embeddable":true,"href":"https:\/\/circutor.com\/mx\/wp-json\/wp\/v2\/comments?post=54313"}],"version-history":[{"count":2,"href":"https:\/\/circutor.com\/mx\/wp-json\/wp\/v2\/pages\/54313\/revisions"}],"predecessor-version":[{"id":54315,"href":"https:\/\/circutor.com\/mx\/wp-json\/wp\/v2\/pages\/54313\/revisions\/54315"}],"wp:attachment":[{"href":"https:\/\/circutor.com\/mx\/wp-json\/wp\/v2\/media?parent=54313"}],"curies":[{"name":"wp","href":"https:\/\/api.w.org\/{rel}","templated":true}]}}