{"id":54307,"date":"2025-02-10T12:00:51","date_gmt":"2025-02-10T10:00:51","guid":{"rendered":"https:\/\/circutor.com\/?page_id=54307"},"modified":"2025-02-20T14:35:52","modified_gmt":"2025-02-20T12:35:52","slug":"footer","status":"publish","type":"page","link":"https:\/\/circutor.com\/mx\/footer\/","title":{"rendered":"Footer"},"content":{"rendered":"<p>[vc_row el_class=&#8221;footer_top&#8221;][vc_column width=&#8221;1\/4&#8243;][vc_column_text el_class=&#8221;bloque_contacto&#8221;]<\/p>\n<h6 class=\"wrap-title\">CONTACTO<\/h6>\n<p>Circutor M\u00e9xico<br \/>\nC\/Insurgentes 619, Piso 7 Oficina 702<br \/>\nCol. N\u00e1poles, 03810 Ciudad de M\u00e9xico (MX)<br \/>\n<a href=\"tel:00525550869123\">(55) 5086-9123<\/a><br \/>\n<a href=\"\/mx\/contacto\/\">Contactar <i class=\"ico-arrow-right\"><\/i><\/a>[\/vc_column_text][vc_column_text el_class=&#8221;bloque_contacto sat&#8221;]<\/p>\n<h6 class=\"wrap-title\">SAT<\/h6>\n<p>Servicio de Asistencia T\u00e9cnica<br \/>\n<a href=\"tel:0034937452919\">+34 93 745 29 19<\/a><br \/>\n<a href=\"\/mx\/contacto\/posventa-y-asistencia-tecnica\/\">Enviar consulta <i class=\"ico-arrow-right\"><\/i><\/a>[\/vc_column_text][\/vc_column][vc_column width=&#8221;1\/4&#8243;][vc_column_text el_class=&#8221;bloque_contacto&#8221;]<\/p>\n<h6 class=\"wrap-title\">EXPERTOS EN<\/h6>\n<ul>\n<li><a href=\"\/mx\/soporte\/formacion\/notebooks\/eficiencia-energetica-electrica\/\">Eficiencia energ\u00e9tica el\u00e9ctrica<i class=\"ico-guil-singl-right\"><\/i><\/a><\/li>\n<li><a href=\"\/mx\/soporte\/formacion\/notebooks\/energia-reactiva\/\">Compensaci\u00f3n energ\u00eda reactiva<i class=\"ico-guil-singl-right\"><\/i><\/a><\/li>\n<li><a href=\"\/mx\/articulos\/armonicos-electricos-definicion-problematica-soluciones\/\">Filtrado de arm\u00f3nicos<i class=\"ico-guil-singl-right\"><\/i><\/a><\/li>\n<li><a href=\"\/mx\/sectores\/terciario-edificios-e-infraestructuras\/continuidad-de-servicio\/\">Protecci\u00f3n el\u00e9ctrica<i class=\"ico-guil-singl-right\"><\/i><\/a><\/li>\n<li><a href=\"\/mx\/sectores\/industria\/analisis-de-instalaciones-electricas\/\">Medida de energ\u00eda<i class=\"ico-guil-singl-right\"><\/i><\/a><\/li>\n<li><a href=\"\/mx\/sectores\/autoconsumo-de-energia\/\">Autoconsumo<i class=\"ico-guil-singl-right\"><\/i><\/a><\/li>\n<li><a href=\"\/mx\/soporte\/formacion\/notebooks\/eficiencia-energetica-electrica\/\">Auditor\u00eda energ\u00e9tica<i class=\"ico-guil-singl-right\"><\/i><\/a><\/li>\n<li><a href=\"\/mx\/sectores\/internet-of-things-iot\/\">Internet of Things<i class=\"ico-guil-singl-right\"><\/i><\/a><\/li>\n<\/ul>\n<p>[\/vc_column_text][\/vc_column][vc_column width=&#8221;1\/4&#8243;][vc_column_text el_class=&#8221;bloque_contacto&#8221;]<\/p>\n<h6 class=\"wrap-title\">PRODUCTOS<\/h6>\n<ul>\n<li><a href=\"\/mx\/productos-mx\/medida-y-control\/\">Medida y control <i class=\"ico-guil-singl-right\"><\/i><\/a><\/li>\n<li><a href=\"\/mx\/productos-mx\/metering\/\">Metering <i class=\"ico-guil-singl-right\"><\/i><\/a><\/li>\n<li><a href=\"\/mx\/productos-mx\/proteccion-y-control\/\">Protecci\u00f3n y control <i class=\"ico-guil-singl-right\"><\/i><\/a><\/li>\n<li><a href=\"\/mx\/productos-mx\/compensacion-de-energia-reactiva-y-filtrado-de-armonicos\/\">Reactiva y filtrado <i class=\"ico-guil-singl-right\"><\/i><\/a><\/li>\n<li><a href=\"\/mx\/productos-mx\/energias-renovables\/\">Energ\u00edas renovables <i class=\"ico-guil-singl-right\"><\/i><\/a><\/li>\n<li><a href=\"\/mx\/productos-mx\/software\/\">Software <i class=\"ico-guil-singl-right\"><\/i><\/a><\/li>\n<li><a href=\"\/mx\/productos-mx\/iot-industrial-y-automatizacion\/\">IoT Industrial y Automatizaci\u00f3n <i class=\"ico-guil-singl-right\"><\/i><\/a><\/li>\n<\/ul>\n<p>[\/vc_column_text][\/vc_column][vc_column width=&#8221;1\/4&#8243;][vc_column_text el_class=&#8221;bloque_contacto rrss&#8221;]<\/p>\n<h6 class=\"wrap-title\">CONECTAR<\/h6>\n<p><a href=\"https:\/\/www.facebook.com\/CIRCUTOR.ES\" target=\"_blank\" rel=\"noopener\"><img src=\"\/wp-content\/uploads\/2020\/09\/Icons_RRSS_Web_Facebook_Color.svg\" \/><\/a><a href=\"https:\/\/www.linkedin.com\/company\/circutor\" target=\"_blank\" rel=\"noopener\"><img src=\"\/wp-content\/uploads\/2020\/09\/Icons_RRSS_Web_LinkedIn_Color.svg\" \/><\/a><a href=\"https:\/\/twitter.com\/circutor\" target=\"_blank\" rel=\"noopener\"><img src=\"\/wp-content\/uploads\/2024\/01\/Icons_RRSS_Web_X_Color-2.svg\" \/><\/a><a href=\"https:\/\/www.youtube.com\/channel\/UCvPq1rHYKgmQ1WrqM6bcZfA\" target=\"_blank\" rel=\"noopener\"><img src=\"\/wp-content\/uploads\/2020\/09\/Icons_RRSS_Web_YouTube_Color.svg\" \/><\/a><a href=\"https:\/\/www.instagram.com\/circutor_es\/\" target=\"_blank\" rel=\"noopener\"><img src=\"\/wp-content\/uploads\/2024\/01\/Icons_RRSS_Web_instagram_Color.svg\" \/><\/a>[\/vc_column_text][vc_column_text el_class=&#8221;bloque_contacto&#8221;]<\/p>\n<h6 class=\"wrap-title\">INFORMACI\u00d3N<\/h6>\n<ul>\n<li style=\"list-style-type: none;\">\n<ul>\n<li><a href=\"\/mx\/politica-de-privacidad\/\">Pol\u00edtica de privacidad <i class=\"ico-guil-singl-right\"><\/i><\/a><\/li>\n<li><a href=\"\/mx\/politica-de-cookies\/\">Pol\u00edtica de cookies <i class=\"ico-guil-singl-right\"><\/i><\/a><\/li>\n<li><a href=\"\/mx\/uso-de-redes-sociales\/\">Uso de redes sociales <i class=\"ico-guil-singl-right\"><\/i><\/a><\/li>\n<li><a href=\"\/mx\/condiciones-generales-de-venta\/\">Condiciones generales de venta <i class=\"ico-guil-singl-right\"><\/i><\/a><\/li>\n<li><a href=\"\/mx\/aviso-legal\/\">Aviso legal <i class=\"ico-guil-singl-right\"><\/i><\/a><\/li>\n<li><a href=\"\/mx\/codigo-etico\/\">C\u00f3digo \u00e9tico <i class=\"ico-guil-singl-right\"><\/i><\/a><\/li>\n<\/ul>\n<\/li>\n<\/ul>\n<p>[\/vc_column_text][\/vc_column][\/vc_row][vc_row el_class=&#8221;footer_bottom&#8221;][vc_column][vc_single_image image=&#8221;106&#8243; img_size=&#8221;full&#8221; alignment=&#8221;center&#8221;][vc_column_text]<\/p>\n<p style=\"text-align: center;\">\u00a9 2024 CIRCUTOR.COM | Todos los derechos reservados<\/p>\n<p>[\/vc_column_text][\/vc_column][\/vc_row]<\/p>\n","protected":false},"excerpt":{"rendered":"<p>[vc_row el_class=&#8221;footer_top&#8221;][vc_column width=&#8221;1\/4&#8243;][vc_column_text el_class=&#8221;bloque_contacto&#8221;] CONTACTO Circutor M\u00e9xico C\/Insurgentes 619, Piso 7 Oficina 702 Col. N\u00e1poles, 03810 Ciudad de M\u00e9xico (MX) (55) 5086-9123 Contactar [\/vc_column_text][vc_column_text el_class=&#8221;bloque_contacto sat&#8221;] SAT Servicio de Asistencia T\u00e9cnica +34 93 745 29 19 Enviar consulta [\/vc_column_text][\/vc_column][vc_column width=&#8221;1\/4&#8243;][vc_column_text el_class=&#8221;bloque_contacto&#8221;] EXPERTOS EN Eficiencia energ\u00e9tica el\u00e9ctrica Compensaci\u00f3n energ\u00eda reactiva Filtrado de arm\u00f3nicos Protecci\u00f3n el\u00e9ctrica Medida [&hellip;]<\/p>\n","protected":false},"author":7,"featured_media":0,"parent":0,"menu_order":0,"comment_status":"closed","ping_status":"closed","template":"","meta":[],"acf":[],"yoast_head":"<!-- This site is optimized with the Yoast SEO plugin v19.4 - https:\/\/yoast.com\/wordpress\/plugins\/seo\/ -->\n<title>Footer - CIRCUTOR<\/title>\n<meta name=\"robots\" content=\"index, follow, max-snippet:-1, max-image-preview:large, max-video-preview:-1\" \/>\n<link rel=\"canonical\" href=\"https:\/\/circutor.com\/mx\/footer\/\" \/>\n<meta property=\"og:locale\" content=\"es_MX\" \/>\n<meta property=\"og:type\" content=\"article\" \/>\n<meta property=\"og:title\" content=\"Footer - CIRCUTOR\" \/>\n<meta property=\"og:description\" content=\"[vc_row el_class=&#8221;footer_top&#8221;][vc_column width=&#8221;1\/4&#8243;][vc_column_text el_class=&#8221;bloque_contacto&#8221;] CONTACTO Circutor M\u00e9xico C\/Insurgentes 619, Piso 7 Oficina 702 Col. N\u00e1poles, 03810 Ciudad de M\u00e9xico (MX) (55) 5086-9123 Contactar [\/vc_column_text][vc_column_text el_class=&#8221;bloque_contacto sat&#8221;] SAT Servicio de Asistencia T\u00e9cnica +34 93 745 29 19 Enviar consulta [\/vc_column_text][\/vc_column][vc_column width=&#8221;1\/4&#8243;][vc_column_text el_class=&#8221;bloque_contacto&#8221;] EXPERTOS EN Eficiencia energ\u00e9tica el\u00e9ctrica Compensaci\u00f3n energ\u00eda reactiva Filtrado de arm\u00f3nicos Protecci\u00f3n el\u00e9ctrica Medida [&hellip;]\" \/>\n<meta property=\"og:url\" content=\"https:\/\/circutor.com\/mx\/footer\/\" \/>\n<meta property=\"og:site_name\" content=\"CIRCUTOR\" \/>\n<meta property=\"article:publisher\" content=\"https:\/\/www.facebook.com\/CIRCUTOR.ES\" \/>\n<meta property=\"article:modified_time\" content=\"2025-02-20T12:35:52+00:00\" \/>\n<meta property=\"og:image\" content=\"https:\/\/circutor.com\/wp-content\/uploads\/2022\/07\/Circutor_Logo_Color.png\" \/>\n\t<meta property=\"og:image:width\" content=\"1299\" \/>\n\t<meta property=\"og:image:height\" content=\"354\" \/>\n\t<meta property=\"og:image:type\" content=\"image\/png\" \/>\n<meta name=\"twitter:card\" content=\"summary_large_image\" \/>\n<meta name=\"twitter:site\" content=\"@circutor\" \/>\n<meta name=\"twitter:label1\" content=\"Tiempo de lectura\" \/>\n\t<meta name=\"twitter:data1\" content=\"1 minuto\" \/>\n<script type=\"application\/ld+json\" class=\"yoast-schema-graph\">{\"@context\":\"https:\/\/schema.org\",\"@graph\":[{\"@type\":\"Organization\",\"@id\":\"https:\/\/circutor.com\/#organization\",\"name\":\"Circutor\",\"url\":\"https:\/\/circutor.com\/\",\"sameAs\":[\"https:\/\/www.instagram.com\/circutor_es\",\"https:\/\/www.linkedin.com\/company\/circutor\",\"https:\/\/www.youtube.com\/user\/CIRCUTORoficial\",\"https:\/\/www.facebook.com\/CIRCUTOR.ES\",\"https:\/\/twitter.com\/circutor\"],\"logo\":{\"@type\":\"ImageObject\",\"inLanguage\":\"es-MX\",\"@id\":\"https:\/\/circutor.com\/#\/schema\/logo\/image\/\",\"url\":\"https:\/\/circutor.com\/wp-content\/uploads\/2020\/09\/CIR_LOGO_RED.png\",\"contentUrl\":\"https:\/\/circutor.com\/wp-content\/uploads\/2020\/09\/CIR_LOGO_RED.png\",\"width\":512,\"height\":128,\"caption\":\"Circutor\"},\"image\":{\"@id\":\"https:\/\/circutor.com\/#\/schema\/logo\/image\/\"}},{\"@type\":\"WebSite\",\"@id\":\"https:\/\/circutor.com\/#website\",\"url\":\"https:\/\/circutor.com\/\",\"name\":\"CIRCUTOR\",\"description\":\"Soluciones para la eficiencia energ\u00e9tica el\u00e9ctrica\",\"publisher\":{\"@id\":\"https:\/\/circutor.com\/#organization\"},\"potentialAction\":[{\"@type\":\"SearchAction\",\"target\":{\"@type\":\"EntryPoint\",\"urlTemplate\":\"https:\/\/circutor.com\/?s={search_term_string}\"},\"query-input\":\"required name=search_term_string\"}],\"inLanguage\":\"es-MX\"},{\"@type\":\"WebPage\",\"@id\":\"https:\/\/circutor.com\/mx\/footer\/\",\"url\":\"https:\/\/circutor.com\/mx\/footer\/\",\"name\":\"Footer - CIRCUTOR\",\"isPartOf\":{\"@id\":\"https:\/\/circutor.com\/#website\"},\"datePublished\":\"2025-02-10T10:00:51+00:00\",\"dateModified\":\"2025-02-20T12:35:52+00:00\",\"breadcrumb\":{\"@id\":\"https:\/\/circutor.com\/mx\/footer\/#breadcrumb\"},\"inLanguage\":\"es-MX\",\"potentialAction\":[{\"@type\":\"ReadAction\",\"target\":[\"https:\/\/circutor.com\/mx\/footer\/\"]}]},{\"@type\":\"BreadcrumbList\",\"@id\":\"https:\/\/circutor.com\/mx\/footer\/#breadcrumb\",\"itemListElement\":[{\"@type\":\"ListItem\",\"position\":1,\"name\":\"Portada\",\"item\":\"https:\/\/circutor.com\/mx\/\"},{\"@type\":\"ListItem\",\"position\":2,\"name\":\"Footer\"}]}]}<\/script>\n<!-- \/ Yoast SEO plugin. -->","yoast_head_json":{"title":"Footer - CIRCUTOR","robots":{"index":"index","follow":"follow","max-snippet":"max-snippet:-1","max-image-preview":"max-image-preview:large","max-video-preview":"max-video-preview:-1"},"canonical":"https:\/\/circutor.com\/mx\/footer\/","og_locale":"es_MX","og_type":"article","og_title":"Footer - CIRCUTOR","og_description":"[vc_row el_class=&#8221;footer_top&#8221;][vc_column width=&#8221;1\/4&#8243;][vc_column_text el_class=&#8221;bloque_contacto&#8221;] CONTACTO Circutor M\u00e9xico C\/Insurgentes 619, Piso 7 Oficina 702 Col. N\u00e1poles, 03810 Ciudad de M\u00e9xico (MX) (55) 5086-9123 Contactar [\/vc_column_text][vc_column_text el_class=&#8221;bloque_contacto sat&#8221;] SAT Servicio de Asistencia T\u00e9cnica +34 93 745 29 19 Enviar consulta [\/vc_column_text][\/vc_column][vc_column width=&#8221;1\/4&#8243;][vc_column_text el_class=&#8221;bloque_contacto&#8221;] EXPERTOS EN Eficiencia energ\u00e9tica el\u00e9ctrica Compensaci\u00f3n energ\u00eda reactiva Filtrado de arm\u00f3nicos Protecci\u00f3n el\u00e9ctrica Medida [&hellip;]","og_url":"https:\/\/circutor.com\/mx\/footer\/","og_site_name":"CIRCUTOR","article_publisher":"https:\/\/www.facebook.com\/CIRCUTOR.ES","article_modified_time":"2025-02-20T12:35:52+00:00","og_image":[{"width":1299,"height":354,"url":"https:\/\/circutor.com\/wp-content\/uploads\/2022\/07\/Circutor_Logo_Color.png","type":"image\/png"}],"twitter_card":"summary_large_image","twitter_site":"@circutor","twitter_misc":{"Tiempo de lectura":"1 minuto"},"schema":{"@context":"https:\/\/schema.org","@graph":[{"@type":"Organization","@id":"https:\/\/circutor.com\/#organization","name":"Circutor","url":"https:\/\/circutor.com\/","sameAs":["https:\/\/www.instagram.com\/circutor_es","https:\/\/www.linkedin.com\/company\/circutor","https:\/\/www.youtube.com\/user\/CIRCUTORoficial","https:\/\/www.facebook.com\/CIRCUTOR.ES","https:\/\/twitter.com\/circutor"],"logo":{"@type":"ImageObject","inLanguage":"es-MX","@id":"https:\/\/circutor.com\/#\/schema\/logo\/image\/","url":"https:\/\/circutor.com\/wp-content\/uploads\/2020\/09\/CIR_LOGO_RED.png","contentUrl":"https:\/\/circutor.com\/wp-content\/uploads\/2020\/09\/CIR_LOGO_RED.png","width":512,"height":128,"caption":"Circutor"},"image":{"@id":"https:\/\/circutor.com\/#\/schema\/logo\/image\/"}},{"@type":"WebSite","@id":"https:\/\/circutor.com\/#website","url":"https:\/\/circutor.com\/","name":"CIRCUTOR","description":"Soluciones para la eficiencia energ\u00e9tica el\u00e9ctrica","publisher":{"@id":"https:\/\/circutor.com\/#organization"},"potentialAction":[{"@type":"SearchAction","target":{"@type":"EntryPoint","urlTemplate":"https:\/\/circutor.com\/?s={search_term_string}"},"query-input":"required name=search_term_string"}],"inLanguage":"es-MX"},{"@type":"WebPage","@id":"https:\/\/circutor.com\/mx\/footer\/","url":"https:\/\/circutor.com\/mx\/footer\/","name":"Footer - CIRCUTOR","isPartOf":{"@id":"https:\/\/circutor.com\/#website"},"datePublished":"2025-02-10T10:00:51+00:00","dateModified":"2025-02-20T12:35:52+00:00","breadcrumb":{"@id":"https:\/\/circutor.com\/mx\/footer\/#breadcrumb"},"inLanguage":"es-MX","potentialAction":[{"@type":"ReadAction","target":["https:\/\/circutor.com\/mx\/footer\/"]}]},{"@type":"BreadcrumbList","@id":"https:\/\/circutor.com\/mx\/footer\/#breadcrumb","itemListElement":[{"@type":"ListItem","position":1,"name":"Portada","item":"https:\/\/circutor.com\/mx\/"},{"@type":"ListItem","position":2,"name":"Footer"}]}]}},"_links":{"self":[{"href":"https:\/\/circutor.com\/mx\/wp-json\/wp\/v2\/pages\/54307"}],"collection":[{"href":"https:\/\/circutor.com\/mx\/wp-json\/wp\/v2\/pages"}],"about":[{"href":"https:\/\/circutor.com\/mx\/wp-json\/wp\/v2\/types\/page"}],"author":[{"embeddable":true,"href":"https:\/\/circutor.com\/mx\/wp-json\/wp\/v2\/users\/7"}],"replies":[{"embeddable":true,"href":"https:\/\/circutor.com\/mx\/wp-json\/wp\/v2\/comments?post=54307"}],"version-history":[{"count":10,"href":"https:\/\/circutor.com\/mx\/wp-json\/wp\/v2\/pages\/54307\/revisions"}],"predecessor-version":[{"id":54546,"href":"https:\/\/circutor.com\/mx\/wp-json\/wp\/v2\/pages\/54307\/revisions\/54546"}],"wp:attachment":[{"href":"https:\/\/circutor.com\/mx\/wp-json\/wp\/v2\/media?parent=54307"}],"curies":[{"name":"wp","href":"https:\/\/api.w.org\/{rel}","templated":true}]}}