{"id":54305,"date":"2025-02-10T11:59:13","date_gmt":"2025-02-10T09:59:13","guid":{"rendered":"https:\/\/circutor.com\/?page_id=54305"},"modified":"2025-02-10T11:59:13","modified_gmt":"2025-02-10T09:59:13","slug":"uso-de-redes-sociales","status":"publish","type":"page","link":"https:\/\/circutor.com\/mx\/uso-de-redes-sociales\/","title":{"rendered":"Uso de redes sociales"},"content":{"rendered":"<p>[vc_row][vc_column][vc_column_text]<\/p>\n<h3>Uso de redes sociales<\/h3>\n<p>Todos los perfiles oficiales de CIRCUTOR, SAU en redes sociales informan al usuario sobre sus t\u00e9rminos y condiciones de uso. Estos t\u00e9rminos se concretan en el siguiente documento:<\/p>\n<p>CIRCUTOR ha creado esta p\u00e1gina en redes sociales para escucharte, informarte y para que conozcas mejor nuestra entidad. Su principal objetivo es fomentar el di\u00e1logo transparente y constructivo, siempre desde el respeto entre todos los usuarios.<\/p>\n<p>Para que este canal sea \u00fatil para todos, es necesario respetar unas reglas b\u00e1sicas. Debes leer con atenci\u00f3n las siguientes normas de uso antes de empezar a participar:<\/p>\n<ol>\n<li>Recuerda que este es un foro p\u00fablico. Por el hecho de agregar cualquier dato, comentario o informaci\u00f3n, asumes que \u00e9ste puede ser visto por los restantes usuarios de esta red social y por CIRCUTOR.<\/li>\n<li>Te pedimos que hables en primera persona y que trates de aportar valor en tus comentarios, facilitando informaciones y perspectivas contrastadas. Recuerda que eres responsable de tus aportaciones y de las eventuales consecuencias en tu imagen y reputaci\u00f3n. Si tienes dudas, mejor no hagas una contribuci\u00f3n.<\/li>\n<li>Este espacio constituye un foro de intercambio de opiniones o para el debate constructivo, pero no es el \u00e1mbito apropiado para crear pol\u00e9mica, descalificar a otros usuarios o a terceros, ni para presentar quejas y reclamaciones que deben canalizarse a trav\u00e9s de las v\u00edas espec\u00edficas que CIRCUTOR tiene establecidas para esa finalidad.<\/li>\n<li>Trata con respeto a los otros usuarios; usa un lenguaje apropiado y correcto y act\u00faa como si estuvieras en presencia de la otra persona.<\/li>\n<li>No publiques material publicitario ni hagas uso de este perfil para lucrarte o hacer negocio, ni compares o valores, productos o servicios de otras empresas. Tampoco es este el foro para promocionarte o buscar empleo; CIRCUTOR dispone de una v\u00eda especifica para esta finalidad.<\/li>\n<li>Tu contribuci\u00f3n debe presentar datos reales, concretos y argumentaci\u00f3n consistente. Se permiten citas o la reproducci\u00f3n de peque\u00f1os fragmentos de textos, libros u obras en general de terceros, siempre y cuando se indique la fuente y el nombre del autor. Si realizas una contribuci\u00f3n propia (texto, fotograf\u00edas, gr\u00e1ficos, v\u00eddeos o audios) te informamos que otorgas a CIRCUTOR autorizaci\u00f3n para reproducirla en cualquier medio f\u00edsico o virtual donde indicaremos tu nombre como autor, todo ello sin perjuicio de que otros usuarios tambi\u00e9n podr\u00edan guardarlos o reproducirlos.<\/li>\n<li>El s\u00edmbolo de la \u201cC\u201d, \u201cCIRCUTOR\u201d y\/o cualquier otro logotipo que utilizamos en este perfil son marcas registradas. Tambi\u00e9n son titularidad de la empresa los contenidos colgados por CIRCUTOR en este perfil y, por tanto, CIRCUTOR se reserva todos los derechos de propiedad intelectual e industrial asociados a los mismos. Debes comprometerte a respetarlos y a no utilizarlos sin la debida autorizaci\u00f3n cualquiera que sea el medio.<\/li>\n<li>S\u00f3lo debes descargar los contenidos, copiar o imprimir cualquier contribuci\u00f3n, para tu uso personal y privado.<\/li>\n<li>Te informamos que desde este perfil en esta red social, CIRCUTOR no te solicitar\u00e1 nunca de manera p\u00fablica tus datos personales.<\/li>\n<li>La informaci\u00f3n contenida en este perfil no deber\u00e1 considerarse como asesoramiento, recomendaci\u00f3n de compra, venta o cualquier otro tipo de negociaci\u00f3n sobre los productos o soluciones de CIRCUTOR.<\/li>\n<li>Tenemos que preservar el buen uso de este perfil y, por ello, CIRCUTOR, como administrador, se reserva el derecho a eliminar, sin derecho a r\u00e9plica, cualquier aportaci\u00f3n que:<\/li>\n<\/ol>\n<ul>\n<li style=\"list-style-type: none;\">\n<ul>\n<li>Considere ilegal, irrespetuosa, amenazante, infundada, calumniosa, inapropiada, \u00e9tica o socialmente discriminatoria o laboralmente reprochable o que, de alguna forma, pueda ocasionar da\u00f1os y perjuicios materiales o morales a CIRCUTOR, sus empleados, colaboradores o terceros.<\/li>\n<li>Incorpore datos de terceros sin su autorizaci\u00f3n.<\/li>\n<li>Contenga cualquier tipo de recomendaci\u00f3n relativa a material publicitario o de propaganda, personal o en beneficio de terceros, sean personas f\u00edsicas o jur\u00eddicas.<\/li>\n<li>Sea redundante.<\/li>\n<li>No est\u00e9 relacionada con la finalidad de la p\u00e1gina.<\/li>\n<\/ul>\n<\/li>\n<\/ul>\n<p><strong>Responsabilidad y garant\u00eda de CIRCUTOR<\/strong><\/p>\n<p>CIRCUTOR no se hace responsable de las opiniones vertidas en este perfil y no asume garant\u00eda alguna sobre la veracidad, exactitud o actualizaci\u00f3n de las informaciones en \u00e9l contenidas.<\/p>\n<p>En ning\u00fan caso, CIRCUTOR, sus administradores, empleados y personal autorizado ser\u00e1n responsables de cualquier tipo de perjuicio, p\u00e9rdidas, reclamaciones o gastos de ning\u00fan tipo, tanto si proceden como si no del uso de esta red social, de la informaci\u00f3n adquirida o accedida por o a trav\u00e9s de \u00e9sta, de virus inform\u00e1ticos, de fallos operativos o de interrupciones en el servicio o transmisi\u00f3n o fallos en la l\u00ednea; el uso de esta red social, tanto por conexi\u00f3n directa como por v\u00ednculo u otro medio, constituye un aviso a cualquier usuario de que estas posibilidades pueden ocurrir.<\/p>\n<p>CIRCUTOR no se hace responsable de los sitios webs no propios a los que se puede acceder mediante v\u00ednculos (\u201clinks\u201d) desde este perfil o de cualquier contenido puesto a su disposici\u00f3n por terceros.<\/p>\n<p>CIRCUTOR se reserva el derecho a modificar, suspender, cancelar o restringir el contenido de este perfil, los v\u00ednculos o la informaci\u00f3n obtenida a trav\u00e9s de ella, sin necesidad de previo aviso.<\/p>\n<p>En caso de que te surjan dudas relacionadas con navegaci\u00f3n, contenido y acceso, por favor, contacta con el administrador del perfil.<\/p>\n<p>&nbsp;<\/p>\n<p><strong>CIRCUTOR, SAU<\/strong>[\/vc_column_text][\/vc_column][\/vc_row]<\/p>\n","protected":false},"excerpt":{"rendered":"<p>[vc_row][vc_column][vc_column_text] Uso de redes sociales Todos los perfiles oficiales de CIRCUTOR, SAU en redes sociales informan al usuario sobre sus t\u00e9rminos y condiciones de uso. Estos t\u00e9rminos se concretan en el siguiente documento: CIRCUTOR ha creado esta p\u00e1gina en redes sociales para escucharte, informarte y para que conozcas mejor nuestra entidad. Su principal objetivo es [&hellip;]<\/p>\n","protected":false},"author":7,"featured_media":0,"parent":0,"menu_order":0,"comment_status":"closed","ping_status":"closed","template":"","meta":[],"acf":[],"yoast_head":"<!-- This site is optimized with the Yoast SEO plugin v19.4 - https:\/\/yoast.com\/wordpress\/plugins\/seo\/ -->\n<title>Uso de redes sociales - CIRCUTOR<\/title>\n<meta name=\"robots\" content=\"index, follow, max-snippet:-1, max-image-preview:large, max-video-preview:-1\" \/>\n<link rel=\"canonical\" href=\"https:\/\/circutor.com\/mx\/uso-de-redes-sociales\/\" \/>\n<meta property=\"og:locale\" content=\"es_MX\" \/>\n<meta property=\"og:type\" content=\"article\" \/>\n<meta property=\"og:title\" content=\"Uso de redes sociales - CIRCUTOR\" \/>\n<meta property=\"og:description\" content=\"[vc_row][vc_column][vc_column_text] Uso de redes sociales Todos los perfiles oficiales de CIRCUTOR, SAU en redes sociales informan al usuario sobre sus t\u00e9rminos y condiciones de uso. Estos t\u00e9rminos se concretan en el siguiente documento: CIRCUTOR ha creado esta p\u00e1gina en redes sociales para escucharte, informarte y para que conozcas mejor nuestra entidad. Su principal objetivo es [&hellip;]\" \/>\n<meta property=\"og:url\" content=\"https:\/\/circutor.com\/mx\/uso-de-redes-sociales\/\" \/>\n<meta property=\"og:site_name\" content=\"CIRCUTOR\" \/>\n<meta property=\"article:publisher\" content=\"https:\/\/www.facebook.com\/CIRCUTOR.ES\" \/>\n<meta property=\"og:image\" content=\"https:\/\/circutor.com\/wp-content\/uploads\/2022\/07\/Circutor_Logo_Color.png\" \/>\n\t<meta property=\"og:image:width\" content=\"1299\" \/>\n\t<meta property=\"og:image:height\" content=\"354\" \/>\n\t<meta property=\"og:image:type\" content=\"image\/png\" \/>\n<meta name=\"twitter:card\" content=\"summary_large_image\" \/>\n<meta name=\"twitter:site\" content=\"@circutor\" \/>\n<meta name=\"twitter:label1\" content=\"Tiempo de lectura\" \/>\n\t<meta name=\"twitter:data1\" content=\"5 minutos\" \/>\n<script type=\"application\/ld+json\" class=\"yoast-schema-graph\">{\"@context\":\"https:\/\/schema.org\",\"@graph\":[{\"@type\":\"Organization\",\"@id\":\"https:\/\/circutor.com\/#organization\",\"name\":\"Circutor\",\"url\":\"https:\/\/circutor.com\/\",\"sameAs\":[\"https:\/\/www.instagram.com\/circutor_es\",\"https:\/\/www.linkedin.com\/company\/circutor\",\"https:\/\/www.youtube.com\/user\/CIRCUTORoficial\",\"https:\/\/www.facebook.com\/CIRCUTOR.ES\",\"https:\/\/twitter.com\/circutor\"],\"logo\":{\"@type\":\"ImageObject\",\"inLanguage\":\"es-MX\",\"@id\":\"https:\/\/circutor.com\/#\/schema\/logo\/image\/\",\"url\":\"https:\/\/circutor.com\/wp-content\/uploads\/2020\/09\/CIR_LOGO_RED.png\",\"contentUrl\":\"https:\/\/circutor.com\/wp-content\/uploads\/2020\/09\/CIR_LOGO_RED.png\",\"width\":512,\"height\":128,\"caption\":\"Circutor\"},\"image\":{\"@id\":\"https:\/\/circutor.com\/#\/schema\/logo\/image\/\"}},{\"@type\":\"WebSite\",\"@id\":\"https:\/\/circutor.com\/#website\",\"url\":\"https:\/\/circutor.com\/\",\"name\":\"CIRCUTOR\",\"description\":\"Soluciones para la eficiencia energ\u00e9tica el\u00e9ctrica\",\"publisher\":{\"@id\":\"https:\/\/circutor.com\/#organization\"},\"potentialAction\":[{\"@type\":\"SearchAction\",\"target\":{\"@type\":\"EntryPoint\",\"urlTemplate\":\"https:\/\/circutor.com\/?s={search_term_string}\"},\"query-input\":\"required name=search_term_string\"}],\"inLanguage\":\"es-MX\"},{\"@type\":\"WebPage\",\"@id\":\"https:\/\/circutor.com\/mx\/uso-de-redes-sociales\/\",\"url\":\"https:\/\/circutor.com\/mx\/uso-de-redes-sociales\/\",\"name\":\"Uso de redes sociales - CIRCUTOR\",\"isPartOf\":{\"@id\":\"https:\/\/circutor.com\/#website\"},\"datePublished\":\"2025-02-10T09:59:13+00:00\",\"dateModified\":\"2025-02-10T09:59:13+00:00\",\"breadcrumb\":{\"@id\":\"https:\/\/circutor.com\/mx\/uso-de-redes-sociales\/#breadcrumb\"},\"inLanguage\":\"es-MX\",\"potentialAction\":[{\"@type\":\"ReadAction\",\"target\":[\"https:\/\/circutor.com\/mx\/uso-de-redes-sociales\/\"]}]},{\"@type\":\"BreadcrumbList\",\"@id\":\"https:\/\/circutor.com\/mx\/uso-de-redes-sociales\/#breadcrumb\",\"itemListElement\":[{\"@type\":\"ListItem\",\"position\":1,\"name\":\"Portada\",\"item\":\"https:\/\/circutor.com\/mx\/\"},{\"@type\":\"ListItem\",\"position\":2,\"name\":\"Uso de redes sociales\"}]}]}<\/script>\n<!-- \/ Yoast SEO plugin. -->","yoast_head_json":{"title":"Uso de redes sociales - CIRCUTOR","robots":{"index":"index","follow":"follow","max-snippet":"max-snippet:-1","max-image-preview":"max-image-preview:large","max-video-preview":"max-video-preview:-1"},"canonical":"https:\/\/circutor.com\/mx\/uso-de-redes-sociales\/","og_locale":"es_MX","og_type":"article","og_title":"Uso de redes sociales - CIRCUTOR","og_description":"[vc_row][vc_column][vc_column_text] Uso de redes sociales Todos los perfiles oficiales de CIRCUTOR, SAU en redes sociales informan al usuario sobre sus t\u00e9rminos y condiciones de uso. Estos t\u00e9rminos se concretan en el siguiente documento: CIRCUTOR ha creado esta p\u00e1gina en redes sociales para escucharte, informarte y para que conozcas mejor nuestra entidad. Su principal objetivo es [&hellip;]","og_url":"https:\/\/circutor.com\/mx\/uso-de-redes-sociales\/","og_site_name":"CIRCUTOR","article_publisher":"https:\/\/www.facebook.com\/CIRCUTOR.ES","og_image":[{"width":1299,"height":354,"url":"https:\/\/circutor.com\/wp-content\/uploads\/2022\/07\/Circutor_Logo_Color.png","type":"image\/png"}],"twitter_card":"summary_large_image","twitter_site":"@circutor","twitter_misc":{"Tiempo de lectura":"5 minutos"},"schema":{"@context":"https:\/\/schema.org","@graph":[{"@type":"Organization","@id":"https:\/\/circutor.com\/#organization","name":"Circutor","url":"https:\/\/circutor.com\/","sameAs":["https:\/\/www.instagram.com\/circutor_es","https:\/\/www.linkedin.com\/company\/circutor","https:\/\/www.youtube.com\/user\/CIRCUTORoficial","https:\/\/www.facebook.com\/CIRCUTOR.ES","https:\/\/twitter.com\/circutor"],"logo":{"@type":"ImageObject","inLanguage":"es-MX","@id":"https:\/\/circutor.com\/#\/schema\/logo\/image\/","url":"https:\/\/circutor.com\/wp-content\/uploads\/2020\/09\/CIR_LOGO_RED.png","contentUrl":"https:\/\/circutor.com\/wp-content\/uploads\/2020\/09\/CIR_LOGO_RED.png","width":512,"height":128,"caption":"Circutor"},"image":{"@id":"https:\/\/circutor.com\/#\/schema\/logo\/image\/"}},{"@type":"WebSite","@id":"https:\/\/circutor.com\/#website","url":"https:\/\/circutor.com\/","name":"CIRCUTOR","description":"Soluciones para la eficiencia energ\u00e9tica el\u00e9ctrica","publisher":{"@id":"https:\/\/circutor.com\/#organization"},"potentialAction":[{"@type":"SearchAction","target":{"@type":"EntryPoint","urlTemplate":"https:\/\/circutor.com\/?s={search_term_string}"},"query-input":"required name=search_term_string"}],"inLanguage":"es-MX"},{"@type":"WebPage","@id":"https:\/\/circutor.com\/mx\/uso-de-redes-sociales\/","url":"https:\/\/circutor.com\/mx\/uso-de-redes-sociales\/","name":"Uso de redes sociales - CIRCUTOR","isPartOf":{"@id":"https:\/\/circutor.com\/#website"},"datePublished":"2025-02-10T09:59:13+00:00","dateModified":"2025-02-10T09:59:13+00:00","breadcrumb":{"@id":"https:\/\/circutor.com\/mx\/uso-de-redes-sociales\/#breadcrumb"},"inLanguage":"es-MX","potentialAction":[{"@type":"ReadAction","target":["https:\/\/circutor.com\/mx\/uso-de-redes-sociales\/"]}]},{"@type":"BreadcrumbList","@id":"https:\/\/circutor.com\/mx\/uso-de-redes-sociales\/#breadcrumb","itemListElement":[{"@type":"ListItem","position":1,"name":"Portada","item":"https:\/\/circutor.com\/mx\/"},{"@type":"ListItem","position":2,"name":"Uso de redes sociales"}]}]}},"_links":{"self":[{"href":"https:\/\/circutor.com\/mx\/wp-json\/wp\/v2\/pages\/54305"}],"collection":[{"href":"https:\/\/circutor.com\/mx\/wp-json\/wp\/v2\/pages"}],"about":[{"href":"https:\/\/circutor.com\/mx\/wp-json\/wp\/v2\/types\/page"}],"author":[{"embeddable":true,"href":"https:\/\/circutor.com\/mx\/wp-json\/wp\/v2\/users\/7"}],"replies":[{"embeddable":true,"href":"https:\/\/circutor.com\/mx\/wp-json\/wp\/v2\/comments?post=54305"}],"version-history":[{"count":1,"href":"https:\/\/circutor.com\/mx\/wp-json\/wp\/v2\/pages\/54305\/revisions"}],"predecessor-version":[{"id":54306,"href":"https:\/\/circutor.com\/mx\/wp-json\/wp\/v2\/pages\/54305\/revisions\/54306"}],"wp:attachment":[{"href":"https:\/\/circutor.com\/mx\/wp-json\/wp\/v2\/media?parent=54305"}],"curies":[{"name":"wp","href":"https:\/\/api.w.org\/{rel}","templated":true}]}}