{"id":54299,"date":"2025-02-10T11:53:22","date_gmt":"2025-02-10T09:53:22","guid":{"rendered":"https:\/\/circutor.com\/?page_id=54299"},"modified":"2025-02-10T11:54:47","modified_gmt":"2025-02-10T09:54:47","slug":"politica-de-cookies","status":"publish","type":"page","link":"https:\/\/circutor.com\/mx\/politica-de-cookies\/","title":{"rendered":"Pol\u00edtica de cookies"},"content":{"rendered":"<p>[vc_row][vc_column][vc_column_text]<\/p>\n<h3>Pol\u00edtica de cookies<\/h3>\n<p>Conforme al Reglamento Europeo 2016\/679 de Protecci\u00f3n de Datos de Car\u00e1cter Personal le comunicamos que el responsable de tratamiento de los datos personales que introduzca en esta p\u00e1gina web es CIRCUTOR, SAU aceptando usted la pol\u00edtica de privacidad y aviso legal de la misma.<\/p>\n<p>Utilizamos cookies propias y de terceros para mejorar nuestros servicios y mostrarles informaci\u00f3n relacionada con sus preferencias mediante el an\u00e1lisis de sus h\u00e1bitos de navegaci\u00f3n. Si contin\u00faa navegando, consideramos que acepta su uso. Para cambiar la configuraci\u00f3n u obtener m\u00e1s informaci\u00f3n siga leyendo este apartado.<\/p>\n<p><strong>Qu\u00e9 son las cookies y para qu\u00e9 se utilizan<\/strong><\/p>\n<p>Una cookie es un fichero que contiene una peque\u00f1a informaci\u00f3n que es enviada por un sitio web y almacenada en el navegador del usuario. De esta manera, el sitio web puede recoger ciertos datos e informaciones sobre la navegaci\u00f3n del usuario para as\u00ed poder optimizar la navegaci\u00f3n y ofrecerle servicios complementarios.<\/p>\n<p>CIRCUTOR utiliza cookies cuando un usuario navega por su p\u00e1gina web. Dichas cookies se asocian a un usuario an\u00f3nimo y su ordenador. Las cookies permiten as\u00ed a CIRCUTOR, reconocer a los usuarios que accedan a su p\u00e1gina web, con el \u00fanico fin de facilitar a \u00e9stos su navegaci\u00f3n. En cualquier caso, el usuario puede configurar su navegador para ser avisado de la recepci\u00f3n de cookies e impedir as\u00ed, su instalaci\u00f3n en su disco duro (sigue leyendo para saber como).<br \/>\nEntre la informaci\u00f3n que almacenan estas cookies se encuentran los datos referentes a la navegaci\u00f3n intr\u00ednseca en un sitio web (p\u00e1ginas visitadas, opciones seleccionadas. etc)<\/p>\n<p><strong>\u00bfQu\u00e9 tipos de cookies utiliza esta p\u00e1gina web?<\/strong><\/p>\n<ul>\n<li>Cookies propias: Son aqu\u00e9llas que se env\u00edan al equipo terminal del usuario desde un equipo o dominio gestionado por el propio editor y desde el que se presta el servicio solicitado por el usuario.<\/li>\n<li>Cookies de tercero: Son aqu\u00e9llas que se env\u00edan al equipo terminal del usuario desde un equipo o dominio que no es gestionado por el editor, sino por otra entidad que trata los datos obtenidos trav\u00e9s de las cookies.<\/li>\n<li>Cookies de sesi\u00f3n: Son un tipo de cookies dise\u00f1adas para recabar y almacenar datos mientras el usuario accede a una p\u00e1gina web.<\/li>\n<li>Cookies persistentes: Son un tipo de cookies en el que los datos siguen almacenados en el terminal y pueden ser accedidos y tratados durante un periodo definido por el responsable de la cookie, y que puede ir de unos minutos a varios a\u00f1os.<\/li>\n<li>Cookies de an\u00e1lisis: Son aqu\u00e9llas que bien tratadas por nosotros o por terceros, nos permiten cuantificar el n\u00famero de usuarios y as\u00ed realizar la medici\u00f3n y an\u00e1lisis estad\u00edstico de la utilizaci\u00f3n que hacen los usuarios del servicio ofertado.<\/li>\n<\/ul>\n<p>Para ello se analiza su navegaci\u00f3n en nuestra p\u00e1gina web con el fin de mejorar la oferta de productos o servicios que le ofrecemos.<\/p>\n<p><strong>Qu\u00e9 ocurre si aceptas las cookies<\/strong><\/p>\n<p>Si tienes las cookies activadas en tu navegador, utilizaremos esa informaci\u00f3n para mejorar tu experiencia de navegaci\u00f3n a trav\u00e9s de nuestro sitio.<\/p>\n<p><strong>Qu\u00e9 ocurre si desinstalas o borras las cookies<\/strong><\/p>\n<p>Algunas funcionalidades de los servicios quedar\u00e1n deshabilitadas. Tampoco se te mostrar\u00e1n, una vez que abandones nuestra p\u00e1gina, anuncios relacionados con los productos que visitaste.<\/p>\n<p><strong>C\u00f3mo desinstalar las cookies o rechazarlas en tu navegaci\u00f3n<\/strong><\/p>\n<p>Todos los navegadores actuales permiten cambiar la configuraci\u00f3n de Cookies. Estos ajustes normalmente se encuentran en las \u2018opciones\u2019 o \u2018Preferencias\u2019 del men\u00fa de tu navegador. Lo que sigue a continuaci\u00f3n es una peque\u00f1a ayuda sobre c\u00f3mo actuar en cada navegador (\u00fanicamente se incluyen navegadores mayormente reconocidos)<\/p>\n<ul>\n<li><strong>Internet Explorer<\/strong>: Herramientas -&gt; Opciones de Internet -&gt; Privacidad -&gt; Configuraci\u00f3n. Para m\u00e1s informaci\u00f3n, puedes consultar el soporte de Microsoft o la Ayuda del navegador.<\/li>\n<li><strong>Firefox<\/strong>: Herramientas -&gt; Opciones -&gt; Privacidad -&gt; Historial -&gt; Configuraci\u00f3n Personalizada. Para m\u00e1s informaci\u00f3n, puedes consultar el soporte de Mozilla o la Ayuda del navegador.<\/li>\n<li><strong>Chrome<\/strong>: Configuraci\u00f3n -&gt; Mostrar opciones avanzadas -&gt; Privacidad -&gt; Configuraci\u00f3n de contenido. Para m\u00e1s informaci\u00f3n, puedes consultar el soporte de Google o la Ayuda del navegador.<\/li>\n<li><strong>Safari<\/strong>: Preferencias -&gt; Seguridad. Para m\u00e1s informaci\u00f3n, puedes consultar el soporte de Apple o la Ayuda del navegador.<\/li>\n<\/ul>\n<p>[\/vc_column_text][vc_column_text css=&#8221;.vc_custom_1739181273581{margin-top: 30px !important;}&#8221;]<\/p>\n<h3><strong>ANEXO I<\/strong><\/h3>\n<p><strong>LISTADO DE COOKIES<\/strong><\/p>\n<p><strong>Cookies Sitio Web <\/strong><a href=\"https:\/\/circutor.com\/mx\/\"><strong>https:\/\/circutor.com\/mx\/<\/strong><\/a><strong>\u00a0 <\/strong><\/p>\n<table style=\"width: 100%; border-color: #f3f4f5;\" border=\"1\" cellpadding=\"10\">\n<tbody>\n<tr>\n<td style=\"vertical-align: top; background-color: #dedede;\" width=\"88\"><span style=\"font-size: 10pt;\"><strong>Cookie<\/strong><\/span><\/td>\n<td style=\"vertical-align: top; background-color: #dedede;\" width=\"104\"><span style=\"font-size: 10pt;\"><strong>Entidad que gestiona <\/strong><\/span><\/td>\n<td style=\"vertical-align: top; background-color: #dedede;\" width=\"262\"><span style=\"font-size: 10pt;\"><strong>Descripci\u00f3n<\/strong><\/span><\/td>\n<td style=\"vertical-align: top; background-color: #dedede;\" width=\"69\"><span style=\"font-size: 10pt;\"><strong>Duraci\u00f3n<\/strong><\/span><\/td>\n<td style=\"vertical-align: top; background-color: #dedede;\" width=\"73\"><span style=\"font-size: 10pt;\"><strong>Tipo<\/strong><\/span><\/td>\n<td style=\"vertical-align: top; background-color: #dedede;\" width=\"66\"><span style=\"font-size: 10pt;\"><strong>Esencial\u00a0\u00a0 <\/strong><\/span><\/td>\n<\/tr>\n<tr>\n<td style=\"vertical-align: top;\" width=\"88\"><span style=\"font-size: 10pt;\"><strong>__cf_bm<\/strong><\/span><\/td>\n<td style=\"vertical-align: top;\" width=\"104\"><span style=\"font-size: 10pt;\">Info.circutor.es<\/span><\/td>\n<td style=\"vertical-align: top;\" width=\"262\"><span style=\"font-size: 10pt;\">Esta cookie se utiliza para distinguir entre humanos y bots. Esto es beneficios para el Sitio Web con el objeto de elaborar informes v\u00e1lidos sobre el uso del Sitio Web.<\/span><\/td>\n<td style=\"vertical-align: top;\" width=\"69\"><span style=\"font-size: 10pt;\">1 d\u00eda<\/span><\/td>\n<td style=\"vertical-align: top;\" width=\"73\"><span style=\"font-size: 10pt;\">T\u00e9cnica<\/span><\/td>\n<td style=\"vertical-align: top;\" width=\"66\"><span style=\"font-size: 10pt;\">Necesario<\/span><\/td>\n<\/tr>\n<tr>\n<td style=\"vertical-align: top; background-color: #f3f4f5;\" width=\"88\"><span style=\"font-size: 10pt;\"><strong>__cf_bm<\/strong><\/span><\/td>\n<td style=\"vertical-align: top; background-color: #f3f4f5;\" width=\"104\"><span style=\"font-size: 10pt;\">Myfonts.net<\/span><\/td>\n<td style=\"vertical-align: top; background-color: #f3f4f5;\" width=\"262\"><span style=\"font-size: 10pt;\">Esta cookie se utiliza para distinguir entre humanos y bots. Esto es beneficios para el Sitio Web con el objeto de elaborar informes v\u00e1lidos sobre el uso del Sitio Web.<\/span><\/td>\n<td style=\"vertical-align: top; background-color: #f3f4f5;\" width=\"69\"><span style=\"font-size: 10pt;\">1 d\u00eda<\/span><\/td>\n<td style=\"vertical-align: top; background-color: #f3f4f5;\" width=\"73\"><span style=\"font-size: 10pt;\">T\u00e9cnica<\/span><\/td>\n<td style=\"vertical-align: top; background-color: #f3f4f5;\" width=\"66\"><span style=\"font-size: 10pt;\">Necesario<\/span><\/td>\n<\/tr>\n<tr>\n<td style=\"vertical-align: top;\" width=\"88\"><span style=\"font-size: 10pt;\"><strong>BIGipServer#<\/strong><\/span><\/td>\n<td style=\"vertical-align: top;\" width=\"104\"><span style=\"font-size: 10pt;\">Info.circutor.es<\/span><\/td>\n<td style=\"vertical-align: top;\" width=\"262\"><span style=\"font-size: 10pt;\">Esta cookie es utilizada para distribuir el tr\u00e1fico al Sitio Web en varios servidores para optimizar los tiempos de respuesta.<\/span><\/td>\n<td style=\"vertical-align: top;\" width=\"69\"><span style=\"font-size: 10pt;\">Sesi\u00f3n<\/span><\/td>\n<td style=\"vertical-align: top;\" width=\"73\"><span style=\"font-size: 10pt;\">T\u00e9cnica<\/span><\/td>\n<td style=\"vertical-align: top;\" width=\"66\"><span style=\"font-size: 10pt;\">Necesario<\/span><\/td>\n<\/tr>\n<tr>\n<td style=\"vertical-align: top; background-color: #f3f4f5;\" width=\"88\"><span style=\"font-size: 10pt;\"><strong>CONSENT<\/strong><\/span><\/td>\n<td style=\"vertical-align: top; background-color: #f3f4f5;\" width=\"104\"><span style=\"font-size: 10pt;\">youtube.com<\/span><\/td>\n<td style=\"vertical-align: top; background-color: #f3f4f5;\" width=\"262\"><span style=\"font-size: 10pt;\">Esta cookie es utilizada para detectar si el visitante ha aceptado la categor\u00eda marketing en la cookie banner. Esta cookie es necesaria para el cumplimiento de RGPD del Sitio Web.<\/span><\/td>\n<td style=\"vertical-align: top; background-color: #f3f4f5;\" width=\"69\"><span style=\"font-size: 10pt;\">2 a\u00f1os<\/span><\/td>\n<td style=\"vertical-align: top; background-color: #f3f4f5;\" width=\"73\"><span style=\"font-size: 10pt;\">T\u00e9cnica<\/span><\/td>\n<td style=\"vertical-align: top; background-color: #f3f4f5;\" width=\"66\"><span style=\"font-size: 10pt;\">Necesario<\/span><\/td>\n<\/tr>\n<tr>\n<td style=\"vertical-align: top;\" width=\"88\"><span style=\"font-size: 10pt;\"><strong>PHPSESSID<\/strong><\/span><\/td>\n<td style=\"vertical-align: top;\" width=\"104\"><span style=\"font-size: 10pt;\">Circutor.com<\/span><\/td>\n<td style=\"vertical-align: top;\" width=\"262\"><span style=\"font-size: 10pt;\">Esta cookie conserva los estados de los usuarios en todas las peticiones de la p\u00e1gina.<\/span><\/td>\n<td style=\"vertical-align: top;\" width=\"69\"><span style=\"font-size: 10pt;\">Sesi\u00f3n<\/span><\/td>\n<td style=\"vertical-align: top;\" width=\"73\"><span style=\"font-size: 10pt;\">T\u00e9cnica<\/span><\/td>\n<td style=\"vertical-align: top;\" width=\"66\"><span style=\"font-size: 10pt;\">Necesario<\/span><\/td>\n<\/tr>\n<tr>\n<td style=\"vertical-align: top; background-color: #f3f4f5;\" width=\"88\"><span style=\"font-size: 10pt;\"><strong>wp-wpml_cirrent_language<\/strong><\/span><\/td>\n<td style=\"vertical-align: top; background-color: #f3f4f5;\" width=\"104\"><span style=\"font-size: 10pt;\">Circutor.com<\/span><\/td>\n<td style=\"vertical-align: top; background-color: #f3f4f5;\" width=\"262\"><span style=\"font-size: 10pt;\">Esta cookie designa el c\u00f3digo del pa\u00eds que se calcula seg\u00fan la direcci\u00f3n de IP del usuario. Utilizada para determinar qu\u00e9 idioma deber\u00eda usarse para usuarios.<\/span><\/td>\n<td style=\"vertical-align: top; background-color: #f3f4f5;\" width=\"69\"><span style=\"font-size: 10pt;\">1 d\u00eda<\/span><\/td>\n<td style=\"vertical-align: top; background-color: #f3f4f5;\" width=\"73\"><span style=\"font-size: 10pt;\">Preferencia<\/span><\/td>\n<td style=\"vertical-align: top; background-color: #f3f4f5;\" width=\"66\"><span style=\"font-size: 10pt;\">No Necesario<\/span><\/td>\n<\/tr>\n<tr>\n<td style=\"vertical-align: top;\" width=\"88\"><span style=\"font-size: 10pt;\"><strong>_ga<\/strong><\/span><\/td>\n<td style=\"vertical-align: top;\" width=\"104\"><span style=\"font-size: 10pt;\">Circutor.com<\/span><\/td>\n<td style=\"vertical-align: top;\" width=\"262\"><span style=\"font-size: 10pt;\">Esta cookie registra una identificaci\u00f3n \u00fanica para generar estad\u00edsticas sobre el uso del sitio web por parte de los usuarios<\/span><\/td>\n<td style=\"vertical-align: top;\" width=\"69\"><span style=\"font-size: 10pt;\">2 a\u00f1os<\/span><\/td>\n<td style=\"vertical-align: top;\" width=\"73\"><span style=\"font-size: 10pt;\">Anal\u00edtica<\/span><\/td>\n<td style=\"vertical-align: top;\" width=\"66\"><span style=\"font-size: 10pt;\">No Necesario<\/span><\/td>\n<\/tr>\n<tr>\n<td style=\"vertical-align: top; background-color: #f3f4f5;\" width=\"88\"><span style=\"font-size: 10pt;\"><strong>_gat<\/strong><\/span><\/td>\n<td style=\"vertical-align: top; background-color: #f3f4f5;\" width=\"104\"><span style=\"font-size: 10pt;\">Circutor.com<\/span><\/td>\n<td style=\"vertical-align: top; background-color: #f3f4f5;\" width=\"262\"><span style=\"font-size: 10pt;\">Esta cookie es utilizada por Google Analytics para controlar la tasa de peticiones.<\/span><\/td>\n<td style=\"vertical-align: top; background-color: #f3f4f5;\" width=\"69\"><span style=\"font-size: 10pt;\">1 d\u00eda<\/span><\/td>\n<td style=\"vertical-align: top; background-color: #f3f4f5;\" width=\"73\"><span style=\"font-size: 10pt;\">Anal\u00edtica<\/span><\/td>\n<td style=\"vertical-align: top; background-color: #f3f4f5;\" width=\"66\"><span style=\"font-size: 10pt;\">No Necesario<\/span><\/td>\n<\/tr>\n<tr>\n<td style=\"vertical-align: top;\" width=\"88\"><span style=\"font-size: 10pt;\"><strong>_gid<\/strong><\/span><\/td>\n<td style=\"vertical-align: top;\" width=\"104\"><span style=\"font-size: 10pt;\">Circutor.com<\/span><\/td>\n<td style=\"vertical-align: top;\" width=\"262\"><span style=\"font-size: 10pt;\">Esta cookie registra un identificador \u00fanico que se utiliza para generar datos estad\u00edsticos sobre el uso que el visitante hace del sitio web.<\/span><\/td>\n<td style=\"vertical-align: top;\" width=\"69\"><span style=\"font-size: 10pt;\">1 d\u00eda<\/span><\/td>\n<td style=\"vertical-align: top;\" width=\"73\"><span style=\"font-size: 10pt;\">Anal\u00edtica<\/span><\/td>\n<td style=\"vertical-align: top;\" width=\"66\"><span style=\"font-size: 10pt;\">No Necesario<\/span><\/td>\n<\/tr>\n<tr>\n<td style=\"vertical-align: top; background-color: #f3f4f5;\" width=\"88\"><span style=\"font-size: 10pt;\"><strong>_mkto_trk<\/strong><\/span><\/td>\n<td style=\"vertical-align: top; background-color: #f3f4f5;\" width=\"104\"><span style=\"font-size: 10pt;\">Circutor.com<\/span><\/td>\n<td style=\"vertical-align: top; background-color: #f3f4f5;\" width=\"262\"><span style=\"font-size: 10pt;\">Esta cookie contiene datos del comportamiento del visitante y su interacci\u00f3n con la web. Esto de utiliza en contexto con el servicio de email marketing Marketo.com, que permite a la web dirigirse a los visitantes v\u00eda email.<\/span><\/td>\n<td style=\"vertical-align: top; background-color: #f3f4f5;\" width=\"69\"><span style=\"font-size: 10pt;\">2 a\u00f1os<\/span><\/td>\n<td style=\"vertical-align: top; background-color: #f3f4f5;\" width=\"73\"><span style=\"font-size: 10pt;\">Publicitaria<\/span><\/td>\n<td style=\"vertical-align: top; background-color: #f3f4f5;\" width=\"66\"><span style=\"font-size: 10pt;\">No Necesario<\/span><\/td>\n<\/tr>\n<tr>\n<td style=\"vertical-align: top;\" width=\"88\"><span style=\"font-size: 10pt;\"><strong>i\/jot<\/strong><\/span><\/td>\n<td style=\"vertical-align: top;\" width=\"104\"><span style=\"font-size: 10pt;\">Twitter<\/span><\/td>\n<td style=\"vertical-align: top;\" width=\"262\"><span style=\"font-size: 10pt;\">Esta cookie establece un identificador \u00fanico para el visitante que permite a anunciantes externos (terceras partes) dirigirse al visitante con publicidad relevante. Este servicio combinado provisto por centro de publicidad, que facilitan ofertas en tiempo real a los anunciantes.<\/span><\/td>\n<td style=\"vertical-align: top;\" width=\"69\"><span style=\"font-size: 10pt;\">Sesi\u00f3n<\/span><\/td>\n<td style=\"vertical-align: top;\" width=\"73\"><span style=\"font-size: 10pt;\">Publicitaria<\/span><\/td>\n<td style=\"vertical-align: top;\" width=\"66\"><span style=\"font-size: 10pt;\">No Necesario<\/span><\/td>\n<\/tr>\n<tr>\n<td style=\"vertical-align: top; background-color: #f3f4f5;\" width=\"88\"><span style=\"font-size: 10pt;\"><strong>VISITOR_INFO1_LIVE<\/strong><\/span><\/td>\n<td style=\"vertical-align: top; background-color: #f3f4f5;\" width=\"104\"><span style=\"font-size: 10pt;\">youtube.com<\/span><\/td>\n<td style=\"vertical-align: top; background-color: #f3f4f5;\" width=\"262\"><span style=\"font-size: 10pt;\">Esta cookie intenta estimar el ancho de banda del usuario en sitios en los que se han integrado videos de YouTube.<\/span><\/td>\n<td style=\"vertical-align: top; background-color: #f3f4f5;\" width=\"69\"><span style=\"font-size: 10pt;\">179 d\u00edas<\/span><\/td>\n<td style=\"vertical-align: top; background-color: #f3f4f5;\" width=\"73\"><span style=\"font-size: 10pt;\">Publicitaria<\/span><\/td>\n<td style=\"vertical-align: top; background-color: #f3f4f5;\" width=\"66\"><span style=\"font-size: 10pt;\">No Necesario<\/span><\/td>\n<\/tr>\n<tr>\n<td style=\"vertical-align: top;\" width=\"88\"><span style=\"font-size: 10pt;\"><strong>YSC<\/strong><\/span><\/td>\n<td style=\"vertical-align: top;\" width=\"104\"><span style=\"font-size: 10pt;\">youtube.com<\/span><\/td>\n<td style=\"vertical-align: top;\" width=\"262\"><span style=\"font-size: 10pt;\">Esta cookie registra un identificador \u00fanico (ID) para generar estad\u00edsticas de cuales videos de YouTube han sido vistos por el usuario.<\/span><\/td>\n<td style=\"vertical-align: top;\" width=\"69\"><span style=\"font-size: 10pt;\">Sesi\u00f3n<\/span><\/td>\n<td style=\"vertical-align: top;\" width=\"73\"><span style=\"font-size: 10pt;\">Publicitaria<\/span><\/td>\n<td style=\"vertical-align: top;\" width=\"66\"><span style=\"font-size: 10pt;\">No Necesario<\/span><\/td>\n<\/tr>\n<\/tbody>\n<\/table>\n<p>[\/vc_column_text][\/vc_column][\/vc_row]<\/p>\n","protected":false},"excerpt":{"rendered":"<p>[vc_row][vc_column][vc_column_text] Pol\u00edtica de cookies Conforme al Reglamento Europeo 2016\/679 de Protecci\u00f3n de Datos de Car\u00e1cter Personal le comunicamos que el responsable de tratamiento de los datos personales que introduzca en esta p\u00e1gina web es CIRCUTOR, SAU aceptando usted la pol\u00edtica de privacidad y aviso legal de la misma. Utilizamos cookies propias y de terceros para [&hellip;]<\/p>\n","protected":false},"author":7,"featured_media":0,"parent":0,"menu_order":0,"comment_status":"closed","ping_status":"closed","template":"","meta":[],"acf":[],"yoast_head":"<!-- This site is optimized with the Yoast SEO plugin v19.4 - https:\/\/yoast.com\/wordpress\/plugins\/seo\/ -->\n<title>Pol\u00edtica de cookies - CIRCUTOR<\/title>\n<meta name=\"robots\" content=\"index, follow, max-snippet:-1, max-image-preview:large, max-video-preview:-1\" \/>\n<link rel=\"canonical\" href=\"https:\/\/circutor.com\/mx\/politica-de-cookies\/\" \/>\n<meta property=\"og:locale\" content=\"es_MX\" \/>\n<meta property=\"og:type\" content=\"article\" \/>\n<meta property=\"og:title\" content=\"Pol\u00edtica de cookies - CIRCUTOR\" \/>\n<meta property=\"og:description\" content=\"[vc_row][vc_column][vc_column_text] Pol\u00edtica de cookies Conforme al Reglamento Europeo 2016\/679 de Protecci\u00f3n de Datos de Car\u00e1cter Personal le comunicamos que el responsable de tratamiento de los datos personales que introduzca en esta p\u00e1gina web es CIRCUTOR, SAU aceptando usted la pol\u00edtica de privacidad y aviso legal de la misma. Utilizamos cookies propias y de terceros para [&hellip;]\" \/>\n<meta property=\"og:url\" content=\"https:\/\/circutor.com\/mx\/politica-de-cookies\/\" \/>\n<meta property=\"og:site_name\" content=\"CIRCUTOR\" \/>\n<meta property=\"article:publisher\" content=\"https:\/\/www.facebook.com\/CIRCUTOR.ES\" \/>\n<meta property=\"article:modified_time\" content=\"2025-02-10T09:54:47+00:00\" \/>\n<meta property=\"og:image\" content=\"https:\/\/circutor.com\/wp-content\/uploads\/2022\/07\/Circutor_Logo_Color.png\" \/>\n\t<meta property=\"og:image:width\" content=\"1299\" \/>\n\t<meta property=\"og:image:height\" content=\"354\" \/>\n\t<meta property=\"og:image:type\" content=\"image\/png\" \/>\n<meta name=\"twitter:card\" content=\"summary_large_image\" \/>\n<meta name=\"twitter:site\" content=\"@circutor\" \/>\n<meta name=\"twitter:label1\" content=\"Tiempo de lectura\" \/>\n\t<meta name=\"twitter:data1\" content=\"6 minutos\" \/>\n<script type=\"application\/ld+json\" class=\"yoast-schema-graph\">{\"@context\":\"https:\/\/schema.org\",\"@graph\":[{\"@type\":\"Organization\",\"@id\":\"https:\/\/circutor.com\/#organization\",\"name\":\"Circutor\",\"url\":\"https:\/\/circutor.com\/\",\"sameAs\":[\"https:\/\/www.instagram.com\/circutor_es\",\"https:\/\/www.linkedin.com\/company\/circutor\",\"https:\/\/www.youtube.com\/user\/CIRCUTORoficial\",\"https:\/\/www.facebook.com\/CIRCUTOR.ES\",\"https:\/\/twitter.com\/circutor\"],\"logo\":{\"@type\":\"ImageObject\",\"inLanguage\":\"es-MX\",\"@id\":\"https:\/\/circutor.com\/#\/schema\/logo\/image\/\",\"url\":\"https:\/\/circutor.com\/wp-content\/uploads\/2020\/09\/CIR_LOGO_RED.png\",\"contentUrl\":\"https:\/\/circutor.com\/wp-content\/uploads\/2020\/09\/CIR_LOGO_RED.png\",\"width\":512,\"height\":128,\"caption\":\"Circutor\"},\"image\":{\"@id\":\"https:\/\/circutor.com\/#\/schema\/logo\/image\/\"}},{\"@type\":\"WebSite\",\"@id\":\"https:\/\/circutor.com\/#website\",\"url\":\"https:\/\/circutor.com\/\",\"name\":\"CIRCUTOR\",\"description\":\"Soluciones para la eficiencia energ\u00e9tica el\u00e9ctrica\",\"publisher\":{\"@id\":\"https:\/\/circutor.com\/#organization\"},\"potentialAction\":[{\"@type\":\"SearchAction\",\"target\":{\"@type\":\"EntryPoint\",\"urlTemplate\":\"https:\/\/circutor.com\/?s={search_term_string}\"},\"query-input\":\"required name=search_term_string\"}],\"inLanguage\":\"es-MX\"},{\"@type\":\"WebPage\",\"@id\":\"https:\/\/circutor.com\/mx\/politica-de-cookies\/\",\"url\":\"https:\/\/circutor.com\/mx\/politica-de-cookies\/\",\"name\":\"Pol\u00edtica de cookies - CIRCUTOR\",\"isPartOf\":{\"@id\":\"https:\/\/circutor.com\/#website\"},\"datePublished\":\"2025-02-10T09:53:22+00:00\",\"dateModified\":\"2025-02-10T09:54:47+00:00\",\"breadcrumb\":{\"@id\":\"https:\/\/circutor.com\/mx\/politica-de-cookies\/#breadcrumb\"},\"inLanguage\":\"es-MX\",\"potentialAction\":[{\"@type\":\"ReadAction\",\"target\":[\"https:\/\/circutor.com\/mx\/politica-de-cookies\/\"]}]},{\"@type\":\"BreadcrumbList\",\"@id\":\"https:\/\/circutor.com\/mx\/politica-de-cookies\/#breadcrumb\",\"itemListElement\":[{\"@type\":\"ListItem\",\"position\":1,\"name\":\"Portada\",\"item\":\"https:\/\/circutor.com\/mx\/\"},{\"@type\":\"ListItem\",\"position\":2,\"name\":\"Pol\u00edtica de cookies\"}]}]}<\/script>\n<!-- \/ Yoast SEO plugin. -->","yoast_head_json":{"title":"Pol\u00edtica de cookies - CIRCUTOR","robots":{"index":"index","follow":"follow","max-snippet":"max-snippet:-1","max-image-preview":"max-image-preview:large","max-video-preview":"max-video-preview:-1"},"canonical":"https:\/\/circutor.com\/mx\/politica-de-cookies\/","og_locale":"es_MX","og_type":"article","og_title":"Pol\u00edtica de cookies - CIRCUTOR","og_description":"[vc_row][vc_column][vc_column_text] Pol\u00edtica de cookies Conforme al Reglamento Europeo 2016\/679 de Protecci\u00f3n de Datos de Car\u00e1cter Personal le comunicamos que el responsable de tratamiento de los datos personales que introduzca en esta p\u00e1gina web es CIRCUTOR, SAU aceptando usted la pol\u00edtica de privacidad y aviso legal de la misma. Utilizamos cookies propias y de terceros para [&hellip;]","og_url":"https:\/\/circutor.com\/mx\/politica-de-cookies\/","og_site_name":"CIRCUTOR","article_publisher":"https:\/\/www.facebook.com\/CIRCUTOR.ES","article_modified_time":"2025-02-10T09:54:47+00:00","og_image":[{"width":1299,"height":354,"url":"https:\/\/circutor.com\/wp-content\/uploads\/2022\/07\/Circutor_Logo_Color.png","type":"image\/png"}],"twitter_card":"summary_large_image","twitter_site":"@circutor","twitter_misc":{"Tiempo de lectura":"6 minutos"},"schema":{"@context":"https:\/\/schema.org","@graph":[{"@type":"Organization","@id":"https:\/\/circutor.com\/#organization","name":"Circutor","url":"https:\/\/circutor.com\/","sameAs":["https:\/\/www.instagram.com\/circutor_es","https:\/\/www.linkedin.com\/company\/circutor","https:\/\/www.youtube.com\/user\/CIRCUTORoficial","https:\/\/www.facebook.com\/CIRCUTOR.ES","https:\/\/twitter.com\/circutor"],"logo":{"@type":"ImageObject","inLanguage":"es-MX","@id":"https:\/\/circutor.com\/#\/schema\/logo\/image\/","url":"https:\/\/circutor.com\/wp-content\/uploads\/2020\/09\/CIR_LOGO_RED.png","contentUrl":"https:\/\/circutor.com\/wp-content\/uploads\/2020\/09\/CIR_LOGO_RED.png","width":512,"height":128,"caption":"Circutor"},"image":{"@id":"https:\/\/circutor.com\/#\/schema\/logo\/image\/"}},{"@type":"WebSite","@id":"https:\/\/circutor.com\/#website","url":"https:\/\/circutor.com\/","name":"CIRCUTOR","description":"Soluciones para la eficiencia energ\u00e9tica el\u00e9ctrica","publisher":{"@id":"https:\/\/circutor.com\/#organization"},"potentialAction":[{"@type":"SearchAction","target":{"@type":"EntryPoint","urlTemplate":"https:\/\/circutor.com\/?s={search_term_string}"},"query-input":"required name=search_term_string"}],"inLanguage":"es-MX"},{"@type":"WebPage","@id":"https:\/\/circutor.com\/mx\/politica-de-cookies\/","url":"https:\/\/circutor.com\/mx\/politica-de-cookies\/","name":"Pol\u00edtica de cookies - CIRCUTOR","isPartOf":{"@id":"https:\/\/circutor.com\/#website"},"datePublished":"2025-02-10T09:53:22+00:00","dateModified":"2025-02-10T09:54:47+00:00","breadcrumb":{"@id":"https:\/\/circutor.com\/mx\/politica-de-cookies\/#breadcrumb"},"inLanguage":"es-MX","potentialAction":[{"@type":"ReadAction","target":["https:\/\/circutor.com\/mx\/politica-de-cookies\/"]}]},{"@type":"BreadcrumbList","@id":"https:\/\/circutor.com\/mx\/politica-de-cookies\/#breadcrumb","itemListElement":[{"@type":"ListItem","position":1,"name":"Portada","item":"https:\/\/circutor.com\/mx\/"},{"@type":"ListItem","position":2,"name":"Pol\u00edtica de cookies"}]}]}},"_links":{"self":[{"href":"https:\/\/circutor.com\/mx\/wp-json\/wp\/v2\/pages\/54299"}],"collection":[{"href":"https:\/\/circutor.com\/mx\/wp-json\/wp\/v2\/pages"}],"about":[{"href":"https:\/\/circutor.com\/mx\/wp-json\/wp\/v2\/types\/page"}],"author":[{"embeddable":true,"href":"https:\/\/circutor.com\/mx\/wp-json\/wp\/v2\/users\/7"}],"replies":[{"embeddable":true,"href":"https:\/\/circutor.com\/mx\/wp-json\/wp\/v2\/comments?post=54299"}],"version-history":[{"count":3,"href":"https:\/\/circutor.com\/mx\/wp-json\/wp\/v2\/pages\/54299\/revisions"}],"predecessor-version":[{"id":54302,"href":"https:\/\/circutor.com\/mx\/wp-json\/wp\/v2\/pages\/54299\/revisions\/54302"}],"wp:attachment":[{"href":"https:\/\/circutor.com\/mx\/wp-json\/wp\/v2\/media?parent=54299"}],"curies":[{"name":"wp","href":"https:\/\/api.w.org\/{rel}","templated":true}]}}