{"id":54132,"date":"2025-02-04T14:07:57","date_gmt":"2025-02-04T12:07:57","guid":{"rendered":"https:\/\/circutor.com\/?page_id=54132"},"modified":"2025-02-04T14:11:55","modified_gmt":"2025-02-04T12:11:55","slug":"gracias-por-suscribirte-a-nuestro-newsletter","status":"publish","type":"page","link":"https:\/\/circutor.com\/mx\/gracias-por-suscribirte-a-nuestro-newsletter\/","title":{"rendered":"Gracias por suscribirte a nuestro Newsletter"},"content":{"rendered":"<p>[vc_row][vc_column][vc_column_text]<\/p>\n<table style=\"border-collapse: collapse; width: 100%; height: 50px;\">\n<tbody>\n<tr style=\"height: 24px;\">\n<td style=\"width: 33.3333%; height: 24px;\"><\/td>\n<td style=\"width: 33.3333%; height: 24px;\"><\/td>\n<td style=\"width: 33.3333%; height: 24px;\"><\/td>\n<\/tr>\n<\/tbody>\n<\/table>\n<p>[\/vc_column_text][vc_column_text]<\/p>\n<h1>\u00a1Gracias por suscribirte!<\/h1>\n<p>&nbsp;<\/p>\n<h2>Pronto empezar\u00e1s a recibir nuestros Newsletters peri\u00f3dicamente.<\/h2>\n<p>[\/vc_column_text][vc_column_text]Te agradecemos el inter\u00e9s mostrado en nuestros productos y soluciones. Mientras tanto, te invitamos a seguir conoci\u00e9ndonos.<br \/>\nEn los siguientes enlaces puedes encontrar informaci\u00f3n de nuestros productos, art\u00edculos t\u00e9cnicos y de actualidad sobre el sector, v\u00eddeos formativos o acceso a webinarios gratuitos:[\/vc_column_text][\/vc_column][\/vc_row][vc_row][vc_column width=&#8221;1\/2&#8243;][vc_raw_html]JTNDYSUyMGhyZWYlM0QlMjIlMkZteCUyRnByb2R1Y3Rvcy15LXNvbHVjaW9uZXMtY2lyY3V0b3IlMkYlMjIlM0UlMEElM0NkaXYlMjBjbGFzcyUzRCUyMml0ZW0lMjBnZW5lcmFsJTIwYW5pbWFjaW9uX2NhamElMjIlM0UlMEElMEElM0NkaXYlMjBjbGFzcyUzRCUyMmRldGFpbHMlMjIlM0UlMEElM0NiciUzRSUwQSUzQ2g0JTIwY2xhc3MlM0QlMjJ0aXR1bG9fcGFnZSUyMHNtYWxsJTIyJTNFUHJvZHVjdG9zJTNDJTJGaDQlM0UlMEElM0NwJTIwY2xhc3MlM0QlMjJlbmxhY2UlMjIlM0VHYW1hJTIwY29tcGxldGElMjBkZSUyMHByb2R1Y3RvcyUyMHklMjBzb2x1Y2lvbmVzJTIwQ2lyY3V0b3IlMjAlM0NpJTIwY2xhc3MlM0QlMjJpY28tYXJyb3ctcmlnaHQlMjIlM0UlM0MlMkZpJTNFJTNDJTJGcCUzRSUwQSUzQyUyRmRpdiUzRSUwQSUwQSUzQyUyRmRpdiUzRSUwQSUzQyUyRmElM0U=[\/vc_raw_html][\/vc_column][vc_column width=&#8221;1\/2&#8243;][vc_raw_html]JTNDYSUyMGhyZWYlM0QlMjIlMkZteCUyRmVtcHJlc2ElMkZhY3R1YWxpZGFkLXktbm90aWNpYXMtY2lyY3V0b3IlMkYlMjIlM0UlMEElM0NkaXYlMjBjbGFzcyUzRCUyMml0ZW0lMjBnZW5lcmFsJTIwYW5pbWFjaW9uX2NhamElMjIlM0UlMEElMEElM0NkaXYlMjBjbGFzcyUzRCUyMmRldGFpbHMlMjIlM0UlMEElM0NiciUzRSUwQSUzQ2g0JTIwY2xhc3MlM0QlMjJ0aXR1bG9fcGFnZSUyMHNtYWxsJTIyJTNFTm90aWNpYXMlM0MlMkZoNCUzRSUwQSUzQ3AlMjBjbGFzcyUzRCUyMmVubGFjZSUyMiUzRUFjdHVhbGlkYWQlMjB5JTIwJUMzJUJBbHRpbWFzJTIwbm90aWNpYXMlMjBkZSUyMENpcmN1dG9yJTIweSUyMGRlbCUyMHNlY3RvciUyMGVsJUMzJUE5Y3RyaWNvJTIwJTNDaSUyMGNsYXNzJTNEJTIyaWNvLWFycm93LXJpZ2h0JTIyJTNFJTNDJTJGaSUzRSUzQyUyRnAlM0UlMEElM0MlMkZkaXYlM0UlMEElMEElM0MlMkZkaXYlM0UlMEElM0MlMkZhJTNF[\/vc_raw_html][\/vc_column][\/vc_row]<\/p>\n","protected":false},"excerpt":{"rendered":"<p>[vc_row][vc_column][vc_column_text] [\/vc_column_text][vc_column_text] \u00a1Gracias por suscribirte! &nbsp; Pronto empezar\u00e1s a recibir nuestros Newsletters peri\u00f3dicamente. [\/vc_column_text][vc_column_text]Te agradecemos el inter\u00e9s mostrado en nuestros productos y soluciones. Mientras tanto, te invitamos a seguir conoci\u00e9ndonos. En los siguientes enlaces puedes encontrar informaci\u00f3n de nuestros productos, art\u00edculos t\u00e9cnicos y de actualidad sobre el sector, v\u00eddeos formativos o acceso a webinarios gratuitos:[\/vc_column_text][\/vc_column][\/vc_row][vc_row][vc_column [&hellip;]<\/p>\n","protected":false},"author":7,"featured_media":0,"parent":0,"menu_order":0,"comment_status":"closed","ping_status":"closed","template":"","meta":[],"acf":[],"yoast_head":"<!-- This site is optimized with the Yoast SEO plugin v19.4 - https:\/\/yoast.com\/wordpress\/plugins\/seo\/ -->\n<title>Gracias por suscribirte a nuestro Newsletter - CIRCUTOR<\/title>\n<meta name=\"robots\" content=\"index, follow, max-snippet:-1, max-image-preview:large, max-video-preview:-1\" \/>\n<link rel=\"canonical\" href=\"https:\/\/circutor.com\/mx\/gracias-por-suscribirte-a-nuestro-newsletter\/\" \/>\n<meta property=\"og:locale\" content=\"es_MX\" \/>\n<meta property=\"og:type\" content=\"article\" \/>\n<meta property=\"og:title\" content=\"Gracias por suscribirte a nuestro Newsletter - CIRCUTOR\" \/>\n<meta property=\"og:description\" content=\"[vc_row][vc_column][vc_column_text] [\/vc_column_text][vc_column_text] \u00a1Gracias por suscribirte! &nbsp; Pronto empezar\u00e1s a recibir nuestros Newsletters peri\u00f3dicamente. [\/vc_column_text][vc_column_text]Te agradecemos el inter\u00e9s mostrado en nuestros productos y soluciones. Mientras tanto, te invitamos a seguir conoci\u00e9ndonos. En los siguientes enlaces puedes encontrar informaci\u00f3n de nuestros productos, art\u00edculos t\u00e9cnicos y de actualidad sobre el sector, v\u00eddeos formativos o acceso a webinarios gratuitos:[\/vc_column_text][\/vc_column][\/vc_row][vc_row][vc_column [&hellip;]\" \/>\n<meta property=\"og:url\" content=\"https:\/\/circutor.com\/mx\/gracias-por-suscribirte-a-nuestro-newsletter\/\" \/>\n<meta property=\"og:site_name\" content=\"CIRCUTOR\" \/>\n<meta property=\"article:publisher\" content=\"https:\/\/www.facebook.com\/CIRCUTOR.ES\" \/>\n<meta property=\"article:modified_time\" content=\"2025-02-04T12:11:55+00:00\" \/>\n<meta property=\"og:image\" content=\"https:\/\/circutor.com\/wp-content\/uploads\/2022\/07\/Circutor_Logo_Color.png\" \/>\n\t<meta property=\"og:image:width\" content=\"1299\" \/>\n\t<meta property=\"og:image:height\" content=\"354\" \/>\n\t<meta property=\"og:image:type\" content=\"image\/png\" \/>\n<meta name=\"twitter:card\" content=\"summary_large_image\" \/>\n<meta name=\"twitter:site\" content=\"@circutor\" \/>\n<meta name=\"twitter:label1\" content=\"Tiempo de lectura\" \/>\n\t<meta name=\"twitter:data1\" content=\"1 minuto\" \/>\n<script type=\"application\/ld+json\" class=\"yoast-schema-graph\">{\"@context\":\"https:\/\/schema.org\",\"@graph\":[{\"@type\":\"Organization\",\"@id\":\"https:\/\/circutor.com\/#organization\",\"name\":\"Circutor\",\"url\":\"https:\/\/circutor.com\/\",\"sameAs\":[\"https:\/\/www.instagram.com\/circutor_es\",\"https:\/\/www.linkedin.com\/company\/circutor\",\"https:\/\/www.youtube.com\/user\/CIRCUTORoficial\",\"https:\/\/www.facebook.com\/CIRCUTOR.ES\",\"https:\/\/twitter.com\/circutor\"],\"logo\":{\"@type\":\"ImageObject\",\"inLanguage\":\"es-MX\",\"@id\":\"https:\/\/circutor.com\/#\/schema\/logo\/image\/\",\"url\":\"https:\/\/circutor.com\/wp-content\/uploads\/2020\/09\/CIR_LOGO_RED.png\",\"contentUrl\":\"https:\/\/circutor.com\/wp-content\/uploads\/2020\/09\/CIR_LOGO_RED.png\",\"width\":512,\"height\":128,\"caption\":\"Circutor\"},\"image\":{\"@id\":\"https:\/\/circutor.com\/#\/schema\/logo\/image\/\"}},{\"@type\":\"WebSite\",\"@id\":\"https:\/\/circutor.com\/#website\",\"url\":\"https:\/\/circutor.com\/\",\"name\":\"CIRCUTOR\",\"description\":\"Soluciones para la eficiencia energ\u00e9tica el\u00e9ctrica\",\"publisher\":{\"@id\":\"https:\/\/circutor.com\/#organization\"},\"potentialAction\":[{\"@type\":\"SearchAction\",\"target\":{\"@type\":\"EntryPoint\",\"urlTemplate\":\"https:\/\/circutor.com\/?s={search_term_string}\"},\"query-input\":\"required name=search_term_string\"}],\"inLanguage\":\"es-MX\"},{\"@type\":\"WebPage\",\"@id\":\"https:\/\/circutor.com\/mx\/gracias-por-suscribirte-a-nuestro-newsletter\/\",\"url\":\"https:\/\/circutor.com\/mx\/gracias-por-suscribirte-a-nuestro-newsletter\/\",\"name\":\"Gracias por suscribirte a nuestro Newsletter - CIRCUTOR\",\"isPartOf\":{\"@id\":\"https:\/\/circutor.com\/#website\"},\"datePublished\":\"2025-02-04T12:07:57+00:00\",\"dateModified\":\"2025-02-04T12:11:55+00:00\",\"breadcrumb\":{\"@id\":\"https:\/\/circutor.com\/mx\/gracias-por-suscribirte-a-nuestro-newsletter\/#breadcrumb\"},\"inLanguage\":\"es-MX\",\"potentialAction\":[{\"@type\":\"ReadAction\",\"target\":[\"https:\/\/circutor.com\/mx\/gracias-por-suscribirte-a-nuestro-newsletter\/\"]}]},{\"@type\":\"BreadcrumbList\",\"@id\":\"https:\/\/circutor.com\/mx\/gracias-por-suscribirte-a-nuestro-newsletter\/#breadcrumb\",\"itemListElement\":[{\"@type\":\"ListItem\",\"position\":1,\"name\":\"Portada\",\"item\":\"https:\/\/circutor.com\/mx\/\"},{\"@type\":\"ListItem\",\"position\":2,\"name\":\"Gracias por suscribirte a nuestro Newsletter\"}]}]}<\/script>\n<!-- \/ Yoast SEO plugin. -->","yoast_head_json":{"title":"Gracias por suscribirte a nuestro Newsletter - CIRCUTOR","robots":{"index":"index","follow":"follow","max-snippet":"max-snippet:-1","max-image-preview":"max-image-preview:large","max-video-preview":"max-video-preview:-1"},"canonical":"https:\/\/circutor.com\/mx\/gracias-por-suscribirte-a-nuestro-newsletter\/","og_locale":"es_MX","og_type":"article","og_title":"Gracias por suscribirte a nuestro Newsletter - CIRCUTOR","og_description":"[vc_row][vc_column][vc_column_text] [\/vc_column_text][vc_column_text] \u00a1Gracias por suscribirte! &nbsp; Pronto empezar\u00e1s a recibir nuestros Newsletters peri\u00f3dicamente. [\/vc_column_text][vc_column_text]Te agradecemos el inter\u00e9s mostrado en nuestros productos y soluciones. Mientras tanto, te invitamos a seguir conoci\u00e9ndonos. En los siguientes enlaces puedes encontrar informaci\u00f3n de nuestros productos, art\u00edculos t\u00e9cnicos y de actualidad sobre el sector, v\u00eddeos formativos o acceso a webinarios gratuitos:[\/vc_column_text][\/vc_column][\/vc_row][vc_row][vc_column [&hellip;]","og_url":"https:\/\/circutor.com\/mx\/gracias-por-suscribirte-a-nuestro-newsletter\/","og_site_name":"CIRCUTOR","article_publisher":"https:\/\/www.facebook.com\/CIRCUTOR.ES","article_modified_time":"2025-02-04T12:11:55+00:00","og_image":[{"width":1299,"height":354,"url":"https:\/\/circutor.com\/wp-content\/uploads\/2022\/07\/Circutor_Logo_Color.png","type":"image\/png"}],"twitter_card":"summary_large_image","twitter_site":"@circutor","twitter_misc":{"Tiempo de lectura":"1 minuto"},"schema":{"@context":"https:\/\/schema.org","@graph":[{"@type":"Organization","@id":"https:\/\/circutor.com\/#organization","name":"Circutor","url":"https:\/\/circutor.com\/","sameAs":["https:\/\/www.instagram.com\/circutor_es","https:\/\/www.linkedin.com\/company\/circutor","https:\/\/www.youtube.com\/user\/CIRCUTORoficial","https:\/\/www.facebook.com\/CIRCUTOR.ES","https:\/\/twitter.com\/circutor"],"logo":{"@type":"ImageObject","inLanguage":"es-MX","@id":"https:\/\/circutor.com\/#\/schema\/logo\/image\/","url":"https:\/\/circutor.com\/wp-content\/uploads\/2020\/09\/CIR_LOGO_RED.png","contentUrl":"https:\/\/circutor.com\/wp-content\/uploads\/2020\/09\/CIR_LOGO_RED.png","width":512,"height":128,"caption":"Circutor"},"image":{"@id":"https:\/\/circutor.com\/#\/schema\/logo\/image\/"}},{"@type":"WebSite","@id":"https:\/\/circutor.com\/#website","url":"https:\/\/circutor.com\/","name":"CIRCUTOR","description":"Soluciones para la eficiencia energ\u00e9tica el\u00e9ctrica","publisher":{"@id":"https:\/\/circutor.com\/#organization"},"potentialAction":[{"@type":"SearchAction","target":{"@type":"EntryPoint","urlTemplate":"https:\/\/circutor.com\/?s={search_term_string}"},"query-input":"required name=search_term_string"}],"inLanguage":"es-MX"},{"@type":"WebPage","@id":"https:\/\/circutor.com\/mx\/gracias-por-suscribirte-a-nuestro-newsletter\/","url":"https:\/\/circutor.com\/mx\/gracias-por-suscribirte-a-nuestro-newsletter\/","name":"Gracias por suscribirte a nuestro Newsletter - CIRCUTOR","isPartOf":{"@id":"https:\/\/circutor.com\/#website"},"datePublished":"2025-02-04T12:07:57+00:00","dateModified":"2025-02-04T12:11:55+00:00","breadcrumb":{"@id":"https:\/\/circutor.com\/mx\/gracias-por-suscribirte-a-nuestro-newsletter\/#breadcrumb"},"inLanguage":"es-MX","potentialAction":[{"@type":"ReadAction","target":["https:\/\/circutor.com\/mx\/gracias-por-suscribirte-a-nuestro-newsletter\/"]}]},{"@type":"BreadcrumbList","@id":"https:\/\/circutor.com\/mx\/gracias-por-suscribirte-a-nuestro-newsletter\/#breadcrumb","itemListElement":[{"@type":"ListItem","position":1,"name":"Portada","item":"https:\/\/circutor.com\/mx\/"},{"@type":"ListItem","position":2,"name":"Gracias por suscribirte a nuestro Newsletter"}]}]}},"_links":{"self":[{"href":"https:\/\/circutor.com\/mx\/wp-json\/wp\/v2\/pages\/54132"}],"collection":[{"href":"https:\/\/circutor.com\/mx\/wp-json\/wp\/v2\/pages"}],"about":[{"href":"https:\/\/circutor.com\/mx\/wp-json\/wp\/v2\/types\/page"}],"author":[{"embeddable":true,"href":"https:\/\/circutor.com\/mx\/wp-json\/wp\/v2\/users\/7"}],"replies":[{"embeddable":true,"href":"https:\/\/circutor.com\/mx\/wp-json\/wp\/v2\/comments?post=54132"}],"version-history":[{"count":3,"href":"https:\/\/circutor.com\/mx\/wp-json\/wp\/v2\/pages\/54132\/revisions"}],"predecessor-version":[{"id":54146,"href":"https:\/\/circutor.com\/mx\/wp-json\/wp\/v2\/pages\/54132\/revisions\/54146"}],"wp:attachment":[{"href":"https:\/\/circutor.com\/mx\/wp-json\/wp\/v2\/media?parent=54132"}],"curies":[{"name":"wp","href":"https:\/\/api.w.org\/{rel}","templated":true}]}}