{"id":53608,"date":"2023-03-06T12:22:18","date_gmt":"2023-03-06T10:22:18","guid":{"rendered":"https:\/\/circutor.com\/50-aniversario\/"},"modified":"2025-02-06T12:58:21","modified_gmt":"2025-02-06T10:58:21","slug":"50-aniversario","status":"publish","type":"page","link":"https:\/\/circutor.com\/mx\/50-aniversario\/","title":{"rendered":"50 Aniversario"},"content":{"rendered":"<p>[vc_row full_width=&#8221;stretch_row&#8221; content_placement=&#8221;middle&#8221; el_class=&#8221;banner_pagina_texto&#8221; css=&#8221;.vc_custom_1677670995759{background-image: url(https:\/\/circutor.com\/wp-content\/uploads\/2023\/03\/Header_50aniv-scaled.jpg?id=34278) !important;background-position: center !important;background-repeat: no-repeat !important;background-size: cover !important;}&#8221;][vc_column css=&#8221;.vc_custom_1605620904006{padding-top: 0px !important;}&#8221;][vc_row_inner el_class=&#8221;breadcrumb&#8221;][vc_column_inner width=&#8221;1\/2&#8243;]<div itemscope itemtype=\"https:\/\/schema.org\/BreadcrumbList\" id=\"breadcrumb\"><div itemprop=\"itemListElement\" itemscope itemtype=\"https:\/\/schema.org\/ListItem\"><a itemprop=\"item\" href=\"https:\/\/circutor.com\/mx\/\"><span itemprop=\"name\">Home<\/span><\/a><meta itemprop=\"position\" content=\"1\" \/><\/div><div itemprop=\"itemListElement\" itemscope itemtype=\"https:\/\/schema.org\/ListItem\"><span><i class=\"ico-guil-singl-right\"><\/i><\/span><span class=\"active_item_breadcrumb\" itemprop=\"name\">50 Aniversario<\/span><meta itemprop=\"position\" content=\"3\"><\/div><\/div>[\/vc_column_inner][vc_column_inner width=&#8221;1\/2&#8243;][\/vc_column_inner][\/vc_row_inner][vc_row_inner equal_height=&#8221;yes&#8221; content_placement=&#8221;middle&#8221;][vc_column_inner width=&#8221;6\/12&#8243;][vc_column_text css_animation=&#8221;fadeIn&#8221;]<\/p>\n<h1>Medio siglo de<br \/>\neficiencia e innovaci\u00f3n<\/h1>\n<p>[\/vc_column_text][\/vc_column_inner][vc_column_inner width=&#8221;1\/12&#8243;][\/vc_column_inner][vc_column_inner width=&#8221;5\/12&#8243;][vc_single_image image=&#8221;33623&#8243; img_size=&#8221;full&#8221; alignment=&#8221;right&#8221; css_animation=&#8221;fadeInRight&#8221; css=&#8221;.vc_custom_1677671204032{padding-top: 50px !important;}&#8221;][\/vc_column_inner][\/vc_row_inner][\/vc_column][\/vc_row][vc_row el_class=&#8221;empresa-que-hacemos bloque page_empresa&#8221;][vc_column width=&#8221;8\/12&#8243;][vc_column_text el_class=&#8221;animacion_left&#8221; css=&#8221;.vc_custom_1678090481037{margin-bottom: 50px !important;}&#8221;]<\/p>\n<h6 class=\"wrap-title\">Un legado de colaboraci\u00f3n<\/h6>\n<h2>Medio siglo de eficiencia e innovaci\u00f3n<\/h2>\n<p>[\/vc_column_text][vc_column_text]Este a\u00f1o celebramos nuestro 50 cumplea\u00f1os, 50 a\u00f1os donde la pasi\u00f3n por la eficiencia energ\u00e9tica y la innovaci\u00f3n han sido nuestra raz\u00f3n de ser. Nos sentimos orgullosos de haber llegado tan lejos, y queremos compartir esta celebraci\u00f3n contigo.<\/p>\n<p>En 1973, a\u00f1o de <em>\u201cLa primera gran crisis del petr\u00f3leo\u201d<\/em>, nuestros socios fundadores vieron la necesidad de aportar al mercado soluciones que ayudar\u00e1n a conseguir un uso m\u00e1s racional y eficiente de la energ\u00eda el\u00e9ctrica, y desde entonces este ha sido el gran ideal que nos ha movido.<\/p>\n<p>Durante estos 50 a\u00f1os, hemos trabajado con pasi\u00f3n y dedicaci\u00f3n. Con un equipo multidisciplinar de m\u00e1s de 900 colaboradores, y la innovaci\u00f3n como bandera, hemos logrado desarrollar, fabricar y servir productos que ayudan a nuestros clientes a ser cada d\u00eda m\u00e1s eficientes en el consumo de la energ\u00eda.<\/p>\n<p>Las personas siempre han estado en el centro de nuestra organizaci\u00f3n. Abiertos, respetuosos, curiosos y comprometidos con el desarrollo de soluciones que mejoren nuestro entorno y nuestra calidad de vida.<\/p>\n<p>Creemos que el uso eficiente de la energ\u00eda es la clave para un futuro m\u00e1s sostenible. Apostamos por una energ\u00eda m\u00e1s limpia, tanto en generaci\u00f3n como en su consumo, y estamos decididos a ser referentes en eficiencia energ\u00e9tica el\u00e9ctrica por otros 50 a\u00f1os m\u00e1s.<\/p>\n<p>Queremos agradecer a todos nuestros clientes y colaboradores, que nos han acompa\u00f1ado durante estos 50 a\u00f1os de \u00e9xito, sin ellos esto no hubiera sido posible. Nos sentimos muy orgullosos de haber llegado hasta aqu\u00ed, pero sabemos que a\u00fan queda mucho por hacer.<\/p>\n<p>Queremos invitarte a unirte a la celebraci\u00f3n de nuestro 50 aniversario, y a seguir trabajando juntos por un futuro m\u00e1s eficiente y sostenible.<\/p>\n<p><strong><em>Y que cumplamos muchos m\u00e1s.<\/em><\/strong>[\/vc_column_text][vc_column_text css=&#8221;.vc_custom_1738839150134{margin-top: 40px !important;}&#8221;]<a class=\"boton_enlace\" href=\"\/mx\/noticias-mx\/circutor-celebra-sus-50-anos-en-familia\/\">\u00a1Circutor celebra sus 50 a\u00f1os en Familia! <i class=\"ico-arrow-right\"><\/i><\/a>[\/vc_column_text][vc_column_text css=&#8221;.vc_custom_1677743183149{margin-top: 40px !important;}&#8221;]<a class=\"boton_enlace\" href=\"https:\/\/circutor.com\/mx\/sectores\/\">Descubre nuestras soluciones m\u00e1s innovadoras <i class=\"ico-arrow-right\"><\/i><\/a>[\/vc_column_text][\/vc_column][vc_column width=&#8221;4\/12&#8243;][vc_single_image image=&#8221;34537&#8243; img_size=&#8221;medium&#8221; add_caption=&#8221;yes&#8221; alignment=&#8221;right&#8221; style=&#8221;vc_box_rounded&#8221; css_animation=&#8221;fadeIn&#8221; css=&#8221;.vc_custom_1678090439316{margin-left: 50px !important;}&#8221;][vc_single_image image=&#8221;34358&#8243; img_size=&#8221;medium&#8221; add_caption=&#8221;yes&#8221; alignment=&#8221;right&#8221; style=&#8221;vc_box_rounded&#8221; css_animation=&#8221;fadeIn&#8221; css=&#8221;.vc_custom_1677742921499{margin-top: 80px !important;margin-left: 50px !important;}&#8221;][vc_single_image image=&#8221;34401&#8243; img_size=&#8221;medium&#8221; add_caption=&#8221;yes&#8221; alignment=&#8221;right&#8221; style=&#8221;vc_box_rounded&#8221; css_animation=&#8221;fadeIn&#8221; css=&#8221;.vc_custom_1677758235061{margin-top: 80px !important;margin-left: 50px !important;}&#8221;][\/vc_column][\/vc_row][vc_row el_class=&#8221;bloque empresa-como-lo-hacemos&#8221;][vc_column][vc_column_text el_class=&#8221;animacion_left&#8221;]<\/p>\n<h6 class=\"wrap-title\">C\u00d3MO LO HACEMOS<\/h6>\n<p>[\/vc_column_text][vc_row_inner][vc_column_inner width=&#8221;1\/3&#8243;][vc_raw_html]JTNDYSUyMGhyZWYlM0QlMjIlMkZteCUyRmVtcHJlc2ElMkZjdWx0dXJhLXktdmFsb3JlcyUyRiUyMiUzRSUwQSUzQ2RpdiUyMGNsYXNzJTNEJTIyaXRlbSUyMGdlbmVyYWwlMjBhbmltYWNpb25fY2FqYSUyMiUzRSUwQSUwQSUzQ2RpdiUyMGNsYXNzJTNEJTIyaW1hZ2VuLWJvcmRlJTIyJTNFJTBBJTNDaW1nJTIwc3JjJTNEJTIyJTJGd3AtY29udGVudCUyRnVwbG9hZHMlMkYyMDIyJTJGMDQlMkZGQ19DaXJjdXRvcl8yMjAzXzE3MjAtMS5qcGclMjIlM0UlMEElM0MlMkZkaXYlM0UlMEElMEElM0NkaXYlMjBjbGFzcyUzRCUyMmRldGFpbHMlMjIlM0UlMEElM0NoMyUyMGNsYXNzJTNEJTIydGl0dWxvX3BhZ2UlMjBzbWFsbCUyMiUzRUN1bHR1cmElMjB5JTIwVmFsb3JlcyUzQyUyRmgzJTNFJTBBJTNDcCUyMGNsYXNzJTNEJTIyZW5sYWNlJTIyJTNFRGVzY3VicmUlMjBkZSUyMHF1JUMzJUE5JTIwZm9ybWElMjBlbnRlbmRlbW9zJTIwbnVlc3RybyUyMG11bmRvJTIwJTNDaSUyMGNsYXNzJTNEJTIyaWNvLWFycm93LXJpZ2h0JTIyJTNFJTNDJTJGaSUzRSUzQyUyRnAlM0UlMEElM0MlMkZkaXYlM0UlMEElMEElM0MlMkZkaXYlM0UlMEElM0MlMkZhJTNF[\/vc_raw_html][\/vc_column_inner][vc_column_inner width=&#8221;1\/3&#8243;][vc_raw_html]JTNDYSUyMGhyZWYlM0QlMjIlMkZteCUyRmVtcHJlc2ElMkZtYXJjYS1jaXJjdXRvciUyRiUyMiUzRSUwQSUzQ2RpdiUyMGNsYXNzJTNEJTIyaXRlbSUyMGdlbmVyYWwlMjBhbmltYWNpb25fY2FqYSUyMiUzRSUwQSUwQSUzQ2RpdiUyMGNsYXNzJTNEJTIyaW1hZ2VuLWJvcmRlJTIyJTNFJTBBJTNDaW1nJTIwc3JjJTNEJTIyJTJGd3AtY29udGVudCUyRnVwbG9hZHMlMkYyMDIyJTJGMDQlMkZGQ19DaXJjdXRvcl8yMjAzXzEzNjItMS5qcGclMjIlM0UlMEElM0MlMkZkaXYlM0UlMEElMEElM0NkaXYlMjBjbGFzcyUzRCUyMmRldGFpbHMlMjIlM0UlMEElM0NoMyUyMGNsYXNzJTNEJTIydGl0dWxvX3BhZ2UlMjBzbWFsbCUyMiUzRU1hcmNhJTIwQ0lSQ1VUT1IlM0MlMkZoMyUzRSUwQSUzQ3AlMjBjbGFzcyUzRCUyMmVubGFjZSUyMiUzRVRlJTIwbW9zdHJhbW9zJTIwcG9yJTIwcXUlQzMlQTklMjBudWVzdHJhJTIwbWFyY2ElMjBlcyUyMHJlY29ub2NpZGElMjBlbiUyMGVsJTIwbWVyY2FkbyUyMCUzQ2klMjBjbGFzcyUzRCUyMmljby1hcnJvdy1yaWdodCUyMiUzRSUzQyUyRmklM0UlM0MlMkZwJTNFJTBBJTNDJTJGZGl2JTNFJTBBJTBBJTNDJTJGZGl2JTNFJTBBJTNDJTJGYSUzRQ==[\/vc_raw_html][\/vc_column_inner][vc_column_inner width=&#8221;1\/3&#8243;][vc_raw_html]JTNDYSUyMGhyZWYlM0QlMjIlMkZteCUyRmVtcHJlc2ElMkZpbm5vdmFjaW9uJTJGJTIyJTNFJTBBJTNDZGl2JTIwY2xhc3MlM0QlMjJpdGVtJTIwZ2VuZXJhbCUyMGFuaW1hY2lvbl9jYWphJTIyJTNFJTBBJTBBJTNDZGl2JTIwY2xhc3MlM0QlMjJpbWFnZW4tYm9yZGUlMjIlM0UlMEElM0NpbWclMjBzcmMlM0QlMjIlMkZ3cC1jb250ZW50JTJGdXBsb2FkcyUyRjIwMjIlMkYwNCUyRkZDX0NpcmN1dG9yXzIyMDNfMTU4MS0xLmpwZyUyMiUzRSUwQSUzQyUyRmRpdiUzRSUwQSUwQSUzQ2RpdiUyMGNsYXNzJTNEJTIyZGV0YWlscyUyMiUzRSUwQSUzQ2gzJTIwY2xhc3MlM0QlMjJ0aXR1bG9fcGFnZSUyMHNtYWxsJTIyJTNFSW5ub3ZhY2klQzMlQjNuJTNDJTJGaDMlM0UlMEElM0NwJTIwY2xhc3MlM0QlMjJlbmxhY2UlMjIlM0VQcm95ZWN0b3MlMjB5JTIwbm90aWNpYXMlMjAlM0NpJTIwY2xhc3MlM0QlMjJpY28tYXJyb3ctcmlnaHQlMjIlM0UlM0MlMkZpJTNFJTNDJTJGcCUzRSUwQSUzQyUyRmRpdiUzRSUwQSUwQSUzQyUyRmRpdiUzRSUwQSUzQyUyRmElM0U=[\/vc_raw_html][\/vc_column_inner][\/vc_row_inner][\/vc_column][\/vc_row][vc_row el_class=&#8221;empresa-como-lo-hacemos-bottom&#8221;][vc_column width=&#8221;2\/3&#8243;][vc_raw_html el_class=&#8221;hacemos_equipo&#8221;]JTNDYSUyMGhyZWYlM0QlMjIlMkZteCUyRmVtcHJlc2ElMkZlbXBsZW8lMkYlMjIlM0UlMEElM0NkaXYlMjBjbGFzcyUzRCUyMml0ZW0lMjBkZXN0YWNhZGElMjBhbmltYWNpb25fY2FqYSUyMiUyMHN0eWxlJTNEJTIyYmFja2dyb3VuZC1pbWFnZSUzQSUyMGxpbmVhci1ncmFkaWVudCUyOHRvJTIwcmlnaHQlMkMlMjByZ2IlMjgzMiUyQyUyMDM4JTJDJTIwNDQlMkMlMjAwLjg1JTI5JTJDJTIwcmdiJTI4MzIlMkMlMjAzOCUyQyUyMDQ0JTJDJTIwMCUyOSUyMDY2JTI1JTIwMTAwJTI1JTI5JTJDJTBBJTA5dXJsJTI4JTI3JTJGd3AtY29udGVudCUyRnVwbG9hZHMlMkYyMDIyJTJGMDQlMkZGQ19DaXJjdXRvcl8yMjAzXzE3NTQtMS5qcGclMjclMjklM0IlMjBiYWNrZ3JvdW5kLXJlcGVhdCUzQW5vLXJlcGVhdCUzQiUyMGJhY2tncm91bmQtc2l6ZSUzQWNvdmVyJTNCJTIyJTNFJTBBJTNDcCUyMGNsYXNzJTNEJTIydGl0dWxvJTIyJTNFJUMzJTlBbmV0ZSUyMGElMjBudWVzdHJvJTIwZXF1aXBvJTNDJTJGcCUzRSUwQSUzQ3AlMjBjbGFzcyUzRCUyMmVubGFjZSUyMiUzRUZvcm1hJTIwcGFydGUlMjBkZWwlMjBmdXR1cm8lMjAlM0NiciUzRWRlJTIwbGElMjBlZmljaWVuY2lhJTIwZW5lcmclQzMlQTl0aWNhJTIwJTNDaSUyMGNsYXNzJTNEJTIyaWNvLWFycm93LXJpZ2h0JTIyJTNFJTNDJTJGaSUzRSUzQyUyRnAlM0UlMEElM0MlMkZkaXYlM0UlMEElM0MlMkZhJTNF[\/vc_raw_html][\/vc_column][vc_column width=&#8221;1\/3&#8243;][vc_row_inner][vc_column_inner][vc_raw_html]JTNDYSUyMGhyZWYlM0QlMjIlMkZteCUyRmVtcHJlc2ElMkZjb21wcm9taXNvJTJGJTIyJTNFJTBBJTBBJTNDZGl2JTIwY2xhc3MlM0QlMjJhbmltYWNpb25fY2FqYSUyMGl0ZW1fY29tcHJvbWlzbyUyMiUzRSUwQSUzQ2klMjBjbGFzcyUzRCUyMmljby1nbG9iZS1tZXJpZGlhbnMlMjIlM0UlM0MlMkZpJTNFJTBBJTNDcCUyMGNsYXNzJTNEJTIydGl0dWxvJTIyJTNFRGVjbGFyYWNpJUMzJUIzbiUyMGRlJTIwQ29tcHJvbWlzb3MlMjB5JTIwJUMzJTg5dGljYSUyMEVtcHJlc2FyaWFsJTNDJTJGcCUzRSUwQSUzQyUyRmRpdiUzRSUwQSUwQSUzQyUyRmElM0U=[\/vc_raw_html][\/vc_column_inner][\/vc_row_inner][vc_row_inner][vc_column_inner el_class=&#8221;redes_sociales&#8221;][vc_raw_html]JTNDZGl2JTIwY2xhc3MlM0QlMjJpdGVtX2NvbmVjdGElMjIlM0UlMEElMEElM0NwJTIwY2xhc3MlM0QlMjJ0aXR1bG8lMjIlM0VDb25lY3RhJTIwY29uJTIwbm9zb3Ryb3MlM0MlMkZwJTNFJTBBJTNDcCUzRSUwQSUzQ2ElMjBocmVmJTNEJTIyaHR0cHMlM0ElMkYlMkZ3d3cuZmFjZWJvb2suY29tJTJGQ0lSQ1VUT1IuRVMlMjIlMjB0YXJnZXQlM0QlMjJfYmxhbmslMjIlM0UlM0NpbWclMjBzcmMlM0QlMjIlMkZ3cC1jb250ZW50JTJGdXBsb2FkcyUyRjIwMjAlMkYwOSUyRkljb25zX1JSU1NfV2ViX0ZhY2Vib29rX0NvbG9yLnN2ZyUyMiUzRSUzQyUyRmElM0UlMEElM0NhJTIwaHJlZiUzRCUyMmh0dHBzJTNBJTJGJTJGd3d3LmxpbmtlZGluLmNvbSUyRmNvbXBhbnklMkZjaXJjdXRvciUyMiUyMHRhcmdldCUzRCUyMl9ibGFuayUyMiUzRSUzQ2ltZyUyMHNyYyUzRCUyMiUyRndwLWNvbnRlbnQlMkZ1cGxvYWRzJTJGMjAyMCUyRjA5JTJGSWNvbnNfUlJTU19XZWJfTGlua2VkSW5fQ29sb3Iuc3ZnJTIyJTNFJTNDJTJGYSUzRSUwQSUzQ2ElMjBocmVmJTNEJTIyaHR0cHMlM0ElMkYlMkZ0d2l0dGVyLmNvbSUyRmNpcmN1dG9yJTIyJTIwdGFyZ2V0JTNEJTIyX2JsYW5rJTIyJTNFJTNDaW1nJTIwc3JjJTNEJTIyJTJGd3AtY29udGVudCUyRnVwbG9hZHMlMkYyMDI0JTJGMDElMkZJY29uc19SUlNTX1dlYl9YX0NvbG9yLTIuc3ZnJTIyJTNFJTNDJTJGYSUzRSUwQSUzQ2ElMjBocmVmJTNEJTIyaHR0cHMlM0ElMkYlMkZ3d3cueW91dHViZS5jb20lMkZjaGFubmVsJTJGVUN2UHExckhZS2dtUTFXcnFNNmJjWmZBJTIyJTIwdGFyZ2V0JTNEJTIyX2JsYW5rJTIyJTNFJTNDaW1nJTIwc3JjJTNEJTIyJTJGd3AtY29udGVudCUyRnVwbG9hZHMlMkYyMDIwJTJGMDklMkZJY29uc19SUlNTX1dlYl9Zb3VUdWJlX0NvbG9yLnN2ZyUyMiUzRSUzQyUyRmElM0UlMEElM0MlMkZwJTNFJTBBJTBBJTNDJTJGZGl2JTNF[\/vc_raw_html][\/vc_column_inner][\/vc_row_inner][\/vc_column][\/vc_row][vc_row full_width=&#8221;stretch_row&#8221; css=&#8221;.vc_custom_1615879299866{background-color: #f3f4f5 !important;}&#8221; el_class=&#8221;destacado_sede_empresa&#8221;][vc_column width=&#8221;1\/3&#8243;][vc_column_text]<\/p>\n<h6 class=\"wrap-title\">SEDE CENTRAL<\/h6>\n<p>[\/vc_column_text][vc_raw_html el_class=&#8221;logo&#8221;]JTNDaSUyMGNsYXNzJTNEJTIyaWNvLWNpcmN1dG9yJTIyJTNFJTNDJTJGaSUzRQ==[\/vc_raw_html][vc_column_text el_id=&#8221;info_contacto&#8221; el_class=&#8221;info_contacto&#8221;]Vial Sant Jordi s\/n<br \/>\n08232 Viladecavalls<br \/>\n(Barcelona) Espa\u00f1a[\/vc_column_text][vc_raw_html el_class=&#8221;iconos_contacto&#8221;]JTNDcCUzRSUzQ2klMjBjbGFzcyUzRCUyMmljby10ZWxlcGhvbmUlMjIlM0UlM0MlMkZpJTNFJTIwJTI4JTJCMzQlMjklMjA5MzclMjA0NTIlMjA5MDAlMjAlM0MlMkZwJTNFJTBBJTNDcCUzRSUzQ2klMjBjbGFzcyUzRCUyMmljby1wcmludGVyJTIyJTNFJTNDJTJGaSUzRSUyMCUyOCUyQjM0JTI5JTIwOTM3JTIwNDUyJTIwOTE0JTIwJTNDJTJGcCUzRSUwQSUzQ3AlM0UlM0NpJTIwY2xhc3MlM0QlMjJpY28tZW52ZWxvcGUlMjIlM0UlM0MlMkZpJTNFJTIwY2VudHJhbCU0MGNpcmN1dG9yLmNvbSUyMCUzQyUyRnAlM0U=[\/vc_raw_html][vc_gmaps link=&#8221;#E-8_JTNDaWZyYW1lJTIwc3JjJTNEJTIyaHR0cHMlM0ElMkYlMkZ3d3cuZ29vZ2xlLmNvbSUyRm1hcHMlMkZlbWJlZCUzRnBiJTNEJTIxMW0xOCUyMTFtMTIlMjExbTMlMjExZDI5ODUuMzgwNjg4MjgwNDM3NCUyMTJkMS45NTkwNDUwMTU3MzA3Mzg2JTIxM2Q0MS41NjEwMDQ3OTMxNzYzMyUyMTJtMyUyMTFmMCUyMTJmMCUyMTNmMCUyMTNtMiUyMTFpMTAyNCUyMTJpNzY4JTIxNGYxMy4xJTIxM20zJTIxMW0yJTIxMXMweDEyYTQ4ZDFhNTZhZmUwZjUlMjUzQTB4Y2FjN2Y4MGI3YjA2ODM3OCUyMTJzQ2lyY3V0b3IlMjE1ZTAlMjEzbTIlMjExc2VzJTIxMnNlcyUyMTR2MTYxNTg3OTAxNjYzOCUyMTVtMiUyMTFzZXMlMjEyc2VzJTIyJTIwd2lkdGglM0QlMjIyNDAlMjIlMjBoZWlnaHQlM0QlMjIxMzUlMjIlMjBzdHlsZSUzRCUyMmJvcmRlciUzQTAlM0IlMjIlMjBhbGxvd2Z1bGxzY3JlZW4lM0QlMjIlMjIlMjBsb2FkaW5nJTNEJTIybGF6eSUyMiUzRSUzQyUyRmlmcmFtZSUzRQ==&#8221; el_class=&#8221;mapa&#8221;][\/vc_column][vc_column width=&#8221;2\/3&#8243;][vc_single_image image=&#8221;15625&#8243; img_size=&#8221;full&#8221;][\/vc_column][\/vc_row][vc_row el_class=&#8221;bloque empresa-pasando empresa_abajo&#8221;][vc_column][vc_column_text el_class=&#8221;animacion_left&#8221;]<\/p>\n<h6 class=\"wrap-title\">QU\u00c9 EST\u00c1 PASANDO<\/h6>\n<p>[\/vc_column_text][vc_row_inner][vc_column_inner width=&#8221;1\/3&#8243;][vc_raw_html]JTNDYSUyMGhyZWYlM0QlMjIlMkZteCUyRmVtcHJlc2ElMkZhY3R1YWxpZGFkLXktbm90aWNpYXMtY2lyY3V0b3IlMkYlMjIlM0UlMEElM0NkaXYlMjBjbGFzcyUzRCUyMml0ZW0lMjBnZW5lcmFsJTIwYW5pbWFjaW9uX2NhamElMjIlM0UlMEElMEElM0NkaXYlMjBjbGFzcyUzRCUyMmRldGFpbHMlMjIlM0UlMEElM0NpJTIwY2xhc3MlM0QlMjJpY28tbmV3c3BhcGVyJTIyJTNFJTNDJTJGaSUzRSUwQSUzQ2gzJTIwY2xhc3MlM0QlMjJ0aXR1bG9fcGFnZSUyMHNtYWxsJTIyJTNFTm90aWNpYXMlM0MlMkZoMyUzRSUwQSUzQ3AlMjBjbGFzcyUzRCUyMmVubGFjZSUyMiUzRUFjdHVhbGlkYWQlMjBkZWwlMjBzZWN0b3IlMjAlM0NpJTIwY2xhc3MlM0QlMjJpY28tYXJyb3ctcmlnaHQlMjIlM0UlM0MlMkZpJTNFJTNDJTJGcCUzRSUwQSUzQyUyRmRpdiUzRSUwQSUwQSUzQyUyRmRpdiUzRSUwQSUzQyUyRmElM0U=[\/vc_raw_html][\/vc_column_inner][vc_column_inner width=&#8221;1\/3&#8243;][vc_raw_html]JTNDYSUyMGhyZWYlM0QlMjIlMkZteCUyRmVtcHJlc2ElMkZhY3R1YWxpZGFkLXktbm90aWNpYXMtY2lyY3V0b3IlMkYlMjIlM0UlMEElM0NkaXYlMjBjbGFzcyUzRCUyMml0ZW0lMjBnZW5lcmFsJTIwYW5pbWFjaW9uX2NhamElMjIlM0UlMEElMEElM0NkaXYlMjBjbGFzcyUzRCUyMmRldGFpbHMlMjIlM0UlMEElM0NpJTIwY2xhc3MlM0QlMjJpY28tYWZ0ZXItc2FsZXMlMjIlM0UlM0MlMkZpJTNFJTBBJTNDaDMlMjBjbGFzcyUzRCUyMnRpdHVsb19wYWdlJTIwc21hbGwlMjIlM0VOb3ZlZGFkZXMlM0MlMkZoMyUzRSUwQSUzQ3AlMjBjbGFzcyUzRCUyMmVubGFjZSUyMiUzRU51ZXN0cm9zJTIwJUMzJUJBbHRpbW9zJTIwbGFuemFtaWVudG9zJTIwJTNDaSUyMGNsYXNzJTNEJTIyaWNvLWFycm93LXJpZ2h0JTIyJTNFJTNDJTJGaSUzRSUzQyUyRnAlM0UlMEElM0MlMkZkaXYlM0UlMEElMEElM0MlMkZkaXYlM0UlMEElM0MlMkZhJTNF[\/vc_raw_html][\/vc_column_inner][vc_column_inner width=&#8221;1\/3&#8243;][vc_raw_html]JTNDYSUyMGhyZWYlM0QlMjIlMkZteCUyRnNvcG9ydGUlMkZmb3JtYWNpb24lMkYlMjIlM0UlMEElM0NkaXYlMjBjbGFzcyUzRCUyMml0ZW0lMjBnZW5lcmFsJTIwYW5pbWFjaW9uX2NhamElMjIlM0UlMEElMEElM0NkaXYlMjBjbGFzcyUzRCUyMmRldGFpbHMlMjIlM0UlMEElM0NpJTIwY2xhc3MlM0QlMjJpY28tZ3JhZHVhdGlvbi1jYXAlMjIlM0UlM0MlMkZpJTNFJTBBJTNDaDMlMjBjbGFzcyUzRCUyMnRpdHVsb19wYWdlJTIwc21hbGwlMjIlM0VGb3JtYWNpJUMzJUIzbiUzQyUyRmgzJTNFJTBBJTNDcCUyMGNsYXNzJTNEJTIyZW5sYWNlJTIyJTNFRm9ybWElMjBwYXJ0ZSUyMGRlJTIwbG9zJTIwcHIlQzMlQjN4aW1vcyUyMCUzQ2klMjBjbGFzcyUzRCUyMmljby1hcnJvdy1yaWdodCUyMiUzRSUzQyUyRmklM0UlM0MlMkZwJTNFJTBBJTNDJTJGZGl2JTNFJTBBJTBBJTNDJTJGZGl2JTNFJTBBJTNDJTJGYSUzRQ==[\/vc_raw_html][\/vc_column_inner][\/vc_row_inner][\/vc_column][\/vc_row]<\/p>\n","protected":false},"excerpt":{"rendered":"<p>[vc_row full_width=&#8221;stretch_row&#8221; content_placement=&#8221;middle&#8221; el_class=&#8221;banner_pagina_texto&#8221; css=&#8221;.vc_custom_1677670995759{background-image: url(https:\/\/circutor.com\/wp-content\/uploads\/2023\/03\/Header_50aniv-scaled.jpg?id=34278) !important;background-position: center !important;background-repeat: no-repeat !important;background-size: cover !important;}&#8221;][vc_column css=&#8221;.vc_custom_1605620904006{padding-top: 0px !important;}&#8221;][vc_row_inner el_class=&#8221;breadcrumb&#8221;][vc_column_inner width=&#8221;1\/2&#8243;][\/vc_column_inner][vc_column_inner width=&#8221;1\/2&#8243;][\/vc_column_inner][\/vc_row_inner][vc_row_inner equal_height=&#8221;yes&#8221; content_placement=&#8221;middle&#8221;][vc_column_inner width=&#8221;6\/12&#8243;][vc_column_text css_animation=&#8221;fadeIn&#8221;] Medio siglo de eficiencia e innovaci\u00f3n [\/vc_column_text][\/vc_column_inner][vc_column_inner width=&#8221;1\/12&#8243;][\/vc_column_inner][vc_column_inner width=&#8221;5\/12&#8243;][vc_single_image image=&#8221;33623&#8243; img_size=&#8221;full&#8221; alignment=&#8221;right&#8221; css_animation=&#8221;fadeInRight&#8221; css=&#8221;.vc_custom_1677671204032{padding-top: 50px !important;}&#8221;][\/vc_column_inner][\/vc_row_inner][\/vc_column][\/vc_row][vc_row el_class=&#8221;empresa-que-hacemos bloque page_empresa&#8221;][vc_column width=&#8221;8\/12&#8243;][vc_column_text el_class=&#8221;animacion_left&#8221; css=&#8221;.vc_custom_1678090481037{margin-bottom: 50px !important;}&#8221;] Un legado de colaboraci\u00f3n Medio siglo de eficiencia [&hellip;]<\/p>\n","protected":false},"author":5,"featured_media":0,"parent":0,"menu_order":0,"comment_status":"closed","ping_status":"closed","template":"","meta":[],"acf":[],"yoast_head":"<!-- This site is optimized with the Yoast SEO plugin v19.4 - https:\/\/yoast.com\/wordpress\/plugins\/seo\/ -->\n<title>50 A\u00f1os de Soluciones de Eficiencia Energ\u00e9tica | Circutor<\/title>\n<meta name=\"description\" content=\"Circutor cumple 50 a\u00f1os ofreciendo soluciones integrales en eficiencia energ\u00e9tica el\u00e9ctrica. \u00danete a nuestra celebraci\u00f3n de innovaci\u00f3n y compromiso.\" \/>\n<meta name=\"robots\" content=\"index, follow, max-snippet:-1, max-image-preview:large, max-video-preview:-1\" \/>\n<link rel=\"canonical\" href=\"https:\/\/circutor.com\/mx\/50-aniversario\/\" \/>\n<meta property=\"og:locale\" content=\"es_MX\" \/>\n<meta property=\"og:type\" content=\"article\" \/>\n<meta property=\"og:title\" content=\"50 A\u00f1os de Soluciones de Eficiencia Energ\u00e9tica | Circutor\" \/>\n<meta property=\"og:description\" content=\"Circutor cumple 50 a\u00f1os ofreciendo soluciones integrales en eficiencia energ\u00e9tica el\u00e9ctrica. \u00danete a nuestra celebraci\u00f3n de innovaci\u00f3n y compromiso.\" \/>\n<meta property=\"og:url\" content=\"https:\/\/circutor.com\/mx\/50-aniversario\/\" \/>\n<meta property=\"og:site_name\" content=\"CIRCUTOR\" \/>\n<meta property=\"article:publisher\" content=\"https:\/\/www.facebook.com\/CIRCUTOR.ES\" \/>\n<meta property=\"article:modified_time\" content=\"2025-02-06T10:58:21+00:00\" \/>\n<meta property=\"og:image\" content=\"https:\/\/circutor.com\/wp-content\/uploads\/2022\/07\/Circutor_Logo_Color.png\" \/>\n\t<meta property=\"og:image:width\" content=\"1299\" \/>\n\t<meta property=\"og:image:height\" content=\"354\" \/>\n\t<meta property=\"og:image:type\" content=\"image\/png\" \/>\n<meta name=\"twitter:card\" content=\"summary_large_image\" \/>\n<meta name=\"twitter:site\" content=\"@circutor\" \/>\n<meta name=\"twitter:label1\" content=\"Tiempo de lectura\" \/>\n\t<meta name=\"twitter:data1\" content=\"8 minutos\" \/>\n<script type=\"application\/ld+json\" class=\"yoast-schema-graph\">{\"@context\":\"https:\/\/schema.org\",\"@graph\":[{\"@type\":\"Organization\",\"@id\":\"https:\/\/circutor.com\/#organization\",\"name\":\"Circutor\",\"url\":\"https:\/\/circutor.com\/\",\"sameAs\":[\"https:\/\/www.instagram.com\/circutor_es\",\"https:\/\/www.linkedin.com\/company\/circutor\",\"https:\/\/www.youtube.com\/user\/CIRCUTORoficial\",\"https:\/\/www.facebook.com\/CIRCUTOR.ES\",\"https:\/\/twitter.com\/circutor\"],\"logo\":{\"@type\":\"ImageObject\",\"inLanguage\":\"es-MX\",\"@id\":\"https:\/\/circutor.com\/#\/schema\/logo\/image\/\",\"url\":\"https:\/\/circutor.com\/wp-content\/uploads\/2020\/09\/CIR_LOGO_RED.png\",\"contentUrl\":\"https:\/\/circutor.com\/wp-content\/uploads\/2020\/09\/CIR_LOGO_RED.png\",\"width\":512,\"height\":128,\"caption\":\"Circutor\"},\"image\":{\"@id\":\"https:\/\/circutor.com\/#\/schema\/logo\/image\/\"}},{\"@type\":\"WebSite\",\"@id\":\"https:\/\/circutor.com\/#website\",\"url\":\"https:\/\/circutor.com\/\",\"name\":\"CIRCUTOR\",\"description\":\"Soluciones para la eficiencia energ\u00e9tica el\u00e9ctrica\",\"publisher\":{\"@id\":\"https:\/\/circutor.com\/#organization\"},\"potentialAction\":[{\"@type\":\"SearchAction\",\"target\":{\"@type\":\"EntryPoint\",\"urlTemplate\":\"https:\/\/circutor.com\/?s={search_term_string}\"},\"query-input\":\"required name=search_term_string\"}],\"inLanguage\":\"es-MX\"},{\"@type\":\"WebPage\",\"@id\":\"https:\/\/circutor.com\/mx\/50-aniversario\/\",\"url\":\"https:\/\/circutor.com\/mx\/50-aniversario\/\",\"name\":\"50 A\u00f1os de Soluciones de Eficiencia Energ\u00e9tica | Circutor\",\"isPartOf\":{\"@id\":\"https:\/\/circutor.com\/#website\"},\"datePublished\":\"2023-03-06T10:22:18+00:00\",\"dateModified\":\"2025-02-06T10:58:21+00:00\",\"description\":\"Circutor cumple 50 a\u00f1os ofreciendo soluciones integrales en eficiencia energ\u00e9tica el\u00e9ctrica. \u00danete a nuestra celebraci\u00f3n de innovaci\u00f3n y compromiso.\",\"breadcrumb\":{\"@id\":\"https:\/\/circutor.com\/mx\/50-aniversario\/#breadcrumb\"},\"inLanguage\":\"es-MX\",\"potentialAction\":[{\"@type\":\"ReadAction\",\"target\":[\"https:\/\/circutor.com\/mx\/50-aniversario\/\"]}]},{\"@type\":\"BreadcrumbList\",\"@id\":\"https:\/\/circutor.com\/mx\/50-aniversario\/#breadcrumb\",\"itemListElement\":[{\"@type\":\"ListItem\",\"position\":1,\"name\":\"Portada\",\"item\":\"https:\/\/circutor.com\/mx\/\"},{\"@type\":\"ListItem\",\"position\":2,\"name\":\"50 Aniversario\"}]}]}<\/script>\n<!-- \/ Yoast SEO plugin. -->","yoast_head_json":{"title":"50 A\u00f1os de Soluciones de Eficiencia Energ\u00e9tica | Circutor","description":"Circutor cumple 50 a\u00f1os ofreciendo soluciones integrales en eficiencia energ\u00e9tica el\u00e9ctrica. \u00danete a nuestra celebraci\u00f3n de innovaci\u00f3n y compromiso.","robots":{"index":"index","follow":"follow","max-snippet":"max-snippet:-1","max-image-preview":"max-image-preview:large","max-video-preview":"max-video-preview:-1"},"canonical":"https:\/\/circutor.com\/mx\/50-aniversario\/","og_locale":"es_MX","og_type":"article","og_title":"50 A\u00f1os de Soluciones de Eficiencia Energ\u00e9tica | Circutor","og_description":"Circutor cumple 50 a\u00f1os ofreciendo soluciones integrales en eficiencia energ\u00e9tica el\u00e9ctrica. \u00danete a nuestra celebraci\u00f3n de innovaci\u00f3n y compromiso.","og_url":"https:\/\/circutor.com\/mx\/50-aniversario\/","og_site_name":"CIRCUTOR","article_publisher":"https:\/\/www.facebook.com\/CIRCUTOR.ES","article_modified_time":"2025-02-06T10:58:21+00:00","og_image":[{"width":1299,"height":354,"url":"https:\/\/circutor.com\/wp-content\/uploads\/2022\/07\/Circutor_Logo_Color.png","type":"image\/png"}],"twitter_card":"summary_large_image","twitter_site":"@circutor","twitter_misc":{"Tiempo de lectura":"8 minutos"},"schema":{"@context":"https:\/\/schema.org","@graph":[{"@type":"Organization","@id":"https:\/\/circutor.com\/#organization","name":"Circutor","url":"https:\/\/circutor.com\/","sameAs":["https:\/\/www.instagram.com\/circutor_es","https:\/\/www.linkedin.com\/company\/circutor","https:\/\/www.youtube.com\/user\/CIRCUTORoficial","https:\/\/www.facebook.com\/CIRCUTOR.ES","https:\/\/twitter.com\/circutor"],"logo":{"@type":"ImageObject","inLanguage":"es-MX","@id":"https:\/\/circutor.com\/#\/schema\/logo\/image\/","url":"https:\/\/circutor.com\/wp-content\/uploads\/2020\/09\/CIR_LOGO_RED.png","contentUrl":"https:\/\/circutor.com\/wp-content\/uploads\/2020\/09\/CIR_LOGO_RED.png","width":512,"height":128,"caption":"Circutor"},"image":{"@id":"https:\/\/circutor.com\/#\/schema\/logo\/image\/"}},{"@type":"WebSite","@id":"https:\/\/circutor.com\/#website","url":"https:\/\/circutor.com\/","name":"CIRCUTOR","description":"Soluciones para la eficiencia energ\u00e9tica el\u00e9ctrica","publisher":{"@id":"https:\/\/circutor.com\/#organization"},"potentialAction":[{"@type":"SearchAction","target":{"@type":"EntryPoint","urlTemplate":"https:\/\/circutor.com\/?s={search_term_string}"},"query-input":"required name=search_term_string"}],"inLanguage":"es-MX"},{"@type":"WebPage","@id":"https:\/\/circutor.com\/mx\/50-aniversario\/","url":"https:\/\/circutor.com\/mx\/50-aniversario\/","name":"50 A\u00f1os de Soluciones de Eficiencia Energ\u00e9tica | Circutor","isPartOf":{"@id":"https:\/\/circutor.com\/#website"},"datePublished":"2023-03-06T10:22:18+00:00","dateModified":"2025-02-06T10:58:21+00:00","description":"Circutor cumple 50 a\u00f1os ofreciendo soluciones integrales en eficiencia energ\u00e9tica el\u00e9ctrica. \u00danete a nuestra celebraci\u00f3n de innovaci\u00f3n y compromiso.","breadcrumb":{"@id":"https:\/\/circutor.com\/mx\/50-aniversario\/#breadcrumb"},"inLanguage":"es-MX","potentialAction":[{"@type":"ReadAction","target":["https:\/\/circutor.com\/mx\/50-aniversario\/"]}]},{"@type":"BreadcrumbList","@id":"https:\/\/circutor.com\/mx\/50-aniversario\/#breadcrumb","itemListElement":[{"@type":"ListItem","position":1,"name":"Portada","item":"https:\/\/circutor.com\/mx\/"},{"@type":"ListItem","position":2,"name":"50 Aniversario"}]}]}},"_links":{"self":[{"href":"https:\/\/circutor.com\/mx\/wp-json\/wp\/v2\/pages\/53608"}],"collection":[{"href":"https:\/\/circutor.com\/mx\/wp-json\/wp\/v2\/pages"}],"about":[{"href":"https:\/\/circutor.com\/mx\/wp-json\/wp\/v2\/types\/page"}],"author":[{"embeddable":true,"href":"https:\/\/circutor.com\/mx\/wp-json\/wp\/v2\/users\/5"}],"replies":[{"embeddable":true,"href":"https:\/\/circutor.com\/mx\/wp-json\/wp\/v2\/comments?post=53608"}],"version-history":[{"count":4,"href":"https:\/\/circutor.com\/mx\/wp-json\/wp\/v2\/pages\/53608\/revisions"}],"predecessor-version":[{"id":54280,"href":"https:\/\/circutor.com\/mx\/wp-json\/wp\/v2\/pages\/53608\/revisions\/54280"}],"wp:attachment":[{"href":"https:\/\/circutor.com\/mx\/wp-json\/wp\/v2\/media?parent=53608"}],"curies":[{"name":"wp","href":"https:\/\/api.w.org\/{rel}","templated":true}]}}