{"id":53606,"date":"2021-03-17T17:25:15","date_gmt":"2021-03-17T17:25:15","guid":{"rendered":"https:\/\/circutor.com\/empresa\/"},"modified":"2021-03-17T17:25:15","modified_gmt":"2021-03-17T17:25:15","slug":"empresa","status":"publish","type":"page","link":"https:\/\/circutor.com\/mx\/empresa\/","title":{"rendered":"Empresa"},"content":{"rendered":"<p>[vc_row full_width=&#8221;stretch_row&#8221; el_class=&#8221;banner_pagina_texto&#8221; css=&#8221;.vc_custom_1649154052545{background-image: url(https:\/\/circutor.com\/wp-content\/uploads\/2022\/04\/FC_Circutor_2203_2150-1.jpg?id=17875) !important;background-position: center !important;background-repeat: no-repeat !important;background-size: cover !important;}&#8221;][vc_column css=&#8221;.vc_custom_1605620904006{padding-top: 0px !important;}&#8221;][vc_row_inner el_class=&#8221;breadcrumb&#8221;][vc_column_inner]<div itemscope itemtype=\"https:\/\/schema.org\/BreadcrumbList\" id=\"breadcrumb\"><div itemprop=\"itemListElement\" itemscope itemtype=\"https:\/\/schema.org\/ListItem\"><a itemprop=\"item\" href=\"https:\/\/circutor.com\/mx\/\"><span itemprop=\"name\">Home<\/span><\/a><meta itemprop=\"position\" content=\"1\" \/><\/div><div itemprop=\"itemListElement\" itemscope itemtype=\"https:\/\/schema.org\/ListItem\"><span><i class=\"ico-guil-singl-right\"><\/i><\/span><span class=\"active_item_breadcrumb\" itemprop=\"name\">Empresa<\/span><meta itemprop=\"position\" content=\"3\"><\/div><\/div>[\/vc_column_inner][\/vc_row_inner][vc_row_inner][vc_column_inner width=&#8221;5\/12&#8243;][vc_column_text]<\/p>\n<h1>Eficiencia, nuestro estilo de vida<\/h1>\n<p>En CIRCUTOR desarrollamos soluciones integrales para la eficiencia energ\u00e9tica aplicables en un gran n\u00famero de sectores: generaci\u00f3n, industria, sector terciario e incluso dom\u00e9stico. Estamos presentes de principio a fin.[\/vc_column_text][\/vc_column_inner][vc_column_inner width=&#8221;7\/12&#8243;][\/vc_column_inner][\/vc_row_inner][\/vc_column][\/vc_row][vc_row el_class=&#8221;empresa-que-hacemos bloque page_empresa&#8221;][vc_column width=&#8221;10\/12&#8243;][vc_column_text el_class=&#8221;animacion_left&#8221;]<\/p>\n<h6 class=\"wrap-title\">QU\u00c9 HACEMOS<\/h6>\n<h2>Desarrollo de la tecnolog\u00eda para ofrecer productos y soluciones integrales al mundo de la eficiencia energ\u00e9tica el\u00e9ctrica.<\/h2>\n<p><a class=\"boton_enlace\" href=\"https:\/\/circutor.com\/productos\/\">Explora nuestros productos <i class=\"ico-arrow-right\"><\/i><\/a>[\/vc_column_text][\/vc_column][vc_column width=&#8221;2\/12&#8243;][\/vc_column][\/vc_row][vc_row el_class=&#8221;bloque empresa-como-lo-hacemos&#8221;][vc_column][vc_column_text el_class=&#8221;animacion_left&#8221;]<\/p>\n<h6 class=\"wrap-title\">C\u00d3MO LO HACEMOS<\/h6>\n<p>[\/vc_column_text][vc_row_inner][vc_column_inner width=&#8221;1\/3&#8243;][vc_raw_html]JTNDYSUyMGhyZWYlM0QlMjIlMkZlbXByZXNhJTJGY3VsdHVyYS15LXZhbG9yZXMlMkYlMjIlM0UlMEElM0NkaXYlMjBjbGFzcyUzRCUyMml0ZW0lMjBnZW5lcmFsJTIwYW5pbWFjaW9uX2NhamElMjIlM0UlMEElMEElM0NkaXYlMjBjbGFzcyUzRCUyMmltYWdlbi1ib3JkZSUyMiUzRSUwQSUzQ2ltZyUyMHNyYyUzRCUyMiUyRndwLWNvbnRlbnQlMkZ1cGxvYWRzJTJGMjAyMiUyRjA0JTJGRkNfQ2lyY3V0b3JfMjIwM18xNzIwLTEuanBnJTIyJTNFJTBBJTNDJTJGZGl2JTNFJTBBJTBBJTNDZGl2JTIwY2xhc3MlM0QlMjJkZXRhaWxzJTIyJTNFJTBBJTNDaDMlMjBjbGFzcyUzRCUyMnRpdHVsb19wYWdlJTIwc21hbGwlMjIlM0VDdWx0dXJhJTIweSUyMFZhbG9yZXMlM0MlMkZoMyUzRSUwQSUzQ3AlMjBjbGFzcyUzRCUyMmVubGFjZSUyMiUzRURlc2N1YnJlJTIwZGUlMjBxdSVDMyVBOSUyMGZvcm1hJTIwZW50ZW5kZW1vcyUyMG51ZXN0cm8lMjBtdW5kbyUyMCUzQ2klMjBjbGFzcyUzRCUyMmljby1hcnJvdy1yaWdodCUyMiUzRSUzQyUyRmklM0UlM0MlMkZwJTNFJTBBJTNDJTJGZGl2JTNFJTBBJTBBJTNDJTJGZGl2JTNFJTBBJTNDJTJGYSUzRQ==[\/vc_raw_html][\/vc_column_inner][vc_column_inner width=&#8221;1\/3&#8243;][vc_raw_html]JTNDYSUyMGhyZWYlM0QlMjIlMkZlbXByZXNhJTJGbWFyY2EtY2lyY3V0b3IlMkYlMjIlM0UlMEElM0NkaXYlMjBjbGFzcyUzRCUyMml0ZW0lMjBnZW5lcmFsJTIwYW5pbWFjaW9uX2NhamElMjIlM0UlMEElMEElM0NkaXYlMjBjbGFzcyUzRCUyMmltYWdlbi1ib3JkZSUyMiUzRSUwQSUzQ2ltZyUyMHNyYyUzRCUyMiUyRndwLWNvbnRlbnQlMkZ1cGxvYWRzJTJGMjAyMiUyRjA0JTJGRkNfQ2lyY3V0b3JfMjIwM18xMzYyLTEuanBnJTIyJTNFJTBBJTNDJTJGZGl2JTNFJTBBJTBBJTNDZGl2JTIwY2xhc3MlM0QlMjJkZXRhaWxzJTIyJTNFJTBBJTNDaDMlMjBjbGFzcyUzRCUyMnRpdHVsb19wYWdlJTIwc21hbGwlMjIlM0VNYXJjYSUyMENJUkNVVE9SJTNDJTJGaDMlM0UlMEElM0NwJTIwY2xhc3MlM0QlMjJlbmxhY2UlMjIlM0VUZSUyMG1vc3RyYW1vcyUyMHBvciUyMHF1JUMzJUE5JTIwbnVlc3RyYSUyMG1hcmNhJTIwZXMlMjByZWNvbm9jaWRhJTIwZW4lMjBlbCUyMG1lcmNhZG8lMjAlM0NpJTIwY2xhc3MlM0QlMjJpY28tYXJyb3ctcmlnaHQlMjIlM0UlM0MlMkZpJTNFJTNDJTJGcCUzRSUwQSUzQyUyRmRpdiUzRSUwQSUwQSUzQyUyRmRpdiUzRSUwQSUzQyUyRmElM0U=[\/vc_raw_html][\/vc_column_inner][vc_column_inner width=&#8221;1\/3&#8243;][vc_raw_html]JTNDYSUyMGhyZWYlM0QlMjIlMkZlbXByZXNhJTJGaW5ub3ZhY2lvbiUyRiUyMiUzRSUwQSUzQ2RpdiUyMGNsYXNzJTNEJTIyaXRlbSUyMGdlbmVyYWwlMjBhbmltYWNpb25fY2FqYSUyMiUzRSUwQSUwQSUzQ2RpdiUyMGNsYXNzJTNEJTIyaW1hZ2VuLWJvcmRlJTIyJTNFJTBBJTNDaW1nJTIwc3JjJTNEJTIyJTJGd3AtY29udGVudCUyRnVwbG9hZHMlMkYyMDIyJTJGMDQlMkZGQ19DaXJjdXRvcl8yMjAzXzE1ODEtMS5qcGclMjIlM0UlMEElM0MlMkZkaXYlM0UlMEElMEElM0NkaXYlMjBjbGFzcyUzRCUyMmRldGFpbHMlMjIlM0UlMEElM0NoMyUyMGNsYXNzJTNEJTIydGl0dWxvX3BhZ2UlMjBzbWFsbCUyMiUzRUlubm92YWNpJUMzJUIzbiUzQyUyRmgzJTNFJTBBJTNDcCUyMGNsYXNzJTNEJTIyZW5sYWNlJTIyJTNFUHJveWVjdG9zJTIweSUyMG5vdGljaWFzJTIwJTNDaSUyMGNsYXNzJTNEJTIyaWNvLWFycm93LXJpZ2h0JTIyJTNFJTNDJTJGaSUzRSUzQyUyRnAlM0UlMEElM0MlMkZkaXYlM0UlMEElMEElM0MlMkZkaXYlM0UlMEElM0MlMkZhJTNF[\/vc_raw_html][\/vc_column_inner][\/vc_row_inner][\/vc_column][\/vc_row][vc_row el_class=&#8221;empresa-como-lo-hacemos-bottom&#8221;][vc_column width=&#8221;2\/3&#8243;][vc_raw_html el_class=&#8221;hacemos_equipo&#8221;]JTNDYSUyMGhyZWYlM0QlMjIlMkZlbXByZXNhJTJGZW1wbGVvJTJGJTIyJTNFJTBBJTNDZGl2JTIwY2xhc3MlM0QlMjJpdGVtJTIwZGVzdGFjYWRhJTIwYW5pbWFjaW9uX2NhamElMjIlMjBzdHlsZSUzRCUyMmJhY2tncm91bmQtaW1hZ2UlM0ElMjBsaW5lYXItZ3JhZGllbnQlMjh0byUyMHJpZ2h0JTJDJTIwcmdiJTI4MzIlMkMlMjAzOCUyQyUyMDQ0JTJDJTIwMC44NSUyOSUyQyUyMHJnYiUyODMyJTJDJTIwMzglMkMlMjA0NCUyQyUyMDAlMjklMjA2NiUyNSUyMDEwMCUyNSUyOSUyQyUwQSUwOXVybCUyOCUyNyUyRndwLWNvbnRlbnQlMkZ1cGxvYWRzJTJGMjAyMiUyRjA0JTJGRkNfQ2lyY3V0b3JfMjIwM18xODQ5LTEtZTE2NDkxNTEzNDc2NTMuanBnJTI3JTI5JTNCJTIwYmFja2dyb3VuZC1yZXBlYXQlM0Fuby1yZXBlYXQlM0IlMjBiYWNrZ3JvdW5kLXNpemUlM0Fjb3ZlciUzQiUyMiUzRSUwQSUzQ3AlMjBjbGFzcyUzRCUyMnRpdHVsbyUyMiUzRSVDMyU5QW5ldGUlMjBhJTIwbnVlc3RybyUyMGVxdWlwbyUzQyUyRnAlM0UlMEElM0NwJTIwY2xhc3MlM0QlMjJlbmxhY2UlMjIlM0VGb3JtYSUyMHBhcnRlJTIwZGVsJTIwZnV0dXJvJTIwJTNDYnIlM0VkZSUyMGxhJTIwZWZpY2llbmNpYSUyMGVuZXJnJUMzJUE5dGljYSUyMCUzQ2klMjBjbGFzcyUzRCUyMmljby1hcnJvdy1yaWdodCUyMiUzRSUzQyUyRmklM0UlM0MlMkZwJTNFJTBBJTNDJTJGZGl2JTNFJTBBJTNDJTJGYSUzRSUwQQ==[\/vc_raw_html][\/vc_column][vc_column width=&#8221;1\/3&#8243;][vc_row_inner][vc_column_inner][vc_raw_html]JTNDYSUyMGhyZWYlM0QlMjIlMkZlbXByZXNhJTJGY29tcHJvbWlzbyUyRiUyMiUzRSUwQSUwQSUzQ2RpdiUyMGNsYXNzJTNEJTIyYW5pbWFjaW9uX2NhamElMjBpdGVtX2NvbXByb21pc28lMjIlM0UlMEElM0NpJTIwY2xhc3MlM0QlMjJpY28tZ2xvYmUtbWVyaWRpYW5zJTIyJTNFJTNDJTJGaSUzRSUwQSUzQ3AlMjBjbGFzcyUzRCUyMnRpdHVsbyUyMiUzRURlY2xhcmFjaSVDMyVCM24lMjBkZSUyMENvbXByb21pc29zJTIweSUyMCVDMyU4OXRpY2ElMjBFbXByZXNhcmlhbCUzQyUyRnAlM0UlMEElM0MlMkZkaXYlM0UlMEElMEElM0MlMkZhJTNF[\/vc_raw_html][\/vc_column_inner][\/vc_row_inner][vc_row_inner][vc_column_inner el_class=&#8221;redes_sociales&#8221;][vc_raw_html]JTNDZGl2JTIwY2xhc3MlM0QlMjJpdGVtX2NvbmVjdGElMjIlM0UlMEElMEElM0NwJTIwY2xhc3MlM0QlMjJ0aXR1bG8lMjIlM0VDb25lY3RhJTIwY29uJTIwbm9zb3Ryb3MlM0MlMkZwJTNFJTBBJTNDcCUzRSUwQSUzQ2ElMjBocmVmJTNEJTIyaHR0cHMlM0ElMkYlMkZ3d3cuZmFjZWJvb2suY29tJTJGQ0lSQ1VUT1IuRVMlMjIlMjB0YXJnZXQlM0QlMjJfYmxhbmslMjIlM0UlM0NpbWclMjBzcmMlM0QlMjIlMkZ3cC1jb250ZW50JTJGdXBsb2FkcyUyRjIwMjAlMkYwOSUyRkljb25zX1JSU1NfV2ViX0ZhY2Vib29rX0NvbG9yLnN2ZyUyMiUzRSUzQyUyRmElM0UlMEElM0NhJTIwaHJlZiUzRCUyMmh0dHBzJTNBJTJGJTJGd3d3LmxpbmtlZGluLmNvbSUyRmNvbXBhbnklMkZjaXJjdXRvciUyMiUyMHRhcmdldCUzRCUyMl9ibGFuayUyMiUzRSUzQ2ltZyUyMHNyYyUzRCUyMiUyRndwLWNvbnRlbnQlMkZ1cGxvYWRzJTJGMjAyMCUyRjA5JTJGSWNvbnNfUlJTU19XZWJfTGlua2VkSW5fQ29sb3Iuc3ZnJTIyJTNFJTNDJTJGYSUzRSUwQSUzQ2ElMjBocmVmJTNEJTIyaHR0cHMlM0ElMkYlMkZ0d2l0dGVyLmNvbSUyRmNpcmN1dG9yJTIyJTIwdGFyZ2V0JTNEJTIyX2JsYW5rJTIyJTNFJTNDaW1nJTIwc3JjJTNEJTIyJTJGd3AtY29udGVudCUyRnVwbG9hZHMlMkYyMDI0JTJGMDElMkZJY29uc19SUlNTX1dlYl9YX0NvbG9yLTIuc3ZnJTIyJTNFJTNDJTJGYSUzRSUwQSUzQ2ElMjBocmVmJTNEJTIyaHR0cHMlM0ElMkYlMkZ3d3cueW91dHViZS5jb20lMkZjaGFubmVsJTJGVUN2UHExckhZS2dtUTFXcnFNNmJjWmZBJTIyJTIwdGFyZ2V0JTNEJTIyX2JsYW5rJTIyJTNFJTNDaW1nJTIwc3JjJTNEJTIyJTJGd3AtY29udGVudCUyRnVwbG9hZHMlMkYyMDIwJTJGMDklMkZJY29uc19SUlNTX1dlYl9Zb3VUdWJlX0NvbG9yLnN2ZyUyMiUzRSUzQyUyRmElM0UlMEElM0MlMkZwJTNFJTBBJTBBJTNDJTJGZGl2JTNF[\/vc_raw_html][\/vc_column_inner][\/vc_row_inner][\/vc_column][\/vc_row][vc_row full_width=&#8221;stretch_row&#8221; css=&#8221;.vc_custom_1615879299866{background-color: #f3f4f5 !important;}&#8221; el_class=&#8221;destacado_sede_empresa&#8221;][vc_column width=&#8221;1\/3&#8243;][vc_column_text]<\/p>\n<h6 class=\"wrap-title\">SEDE CENTRAL<\/h6>\n<p>[\/vc_column_text][vc_raw_html el_class=&#8221;logo&#8221;]JTNDaSUyMGNsYXNzJTNEJTIyaWNvLWNpcmN1dG9yJTIyJTNFJTNDJTJGaSUzRQ==[\/vc_raw_html][vc_column_text el_id=&#8221;info_contacto&#8221; el_class=&#8221;info_contacto&#8221;]Vial Sant Jordi s\/n<br \/>\n08232 Viladecavalls<br \/>\n(Barcelona) Espa\u00f1a[\/vc_column_text][vc_raw_html el_class=&#8221;iconos_contacto&#8221;]JTNDcCUzRSUzQ2klMjBjbGFzcyUzRCUyMmljby10ZWxlcGhvbmUlMjIlM0UlM0MlMkZpJTNFJTIwJTI4JTJCMzQlMjklMjA5MzclMjA0NTIlMjA5MDAlMjAlM0MlMkZwJTNFJTBBJTNDcCUzRSUzQ2klMjBjbGFzcyUzRCUyMmljby1wcmludGVyJTIyJTNFJTNDJTJGaSUzRSUyMCUyOCUyQjM0JTI5JTIwOTM3JTIwNDUyJTIwOTE0JTIwJTNDJTJGcCUzRSUwQSUzQ3AlM0UlM0NpJTIwY2xhc3MlM0QlMjJpY28tZW52ZWxvcGUlMjIlM0UlM0MlMkZpJTNFJTIwY2VudHJhbCU0MGNpcmN1dG9yLmNvbSUyMCUzQyUyRnAlM0U=[\/vc_raw_html][vc_gmaps link=&#8221;#E-8_JTNDaWZyYW1lJTIwc3JjJTNEJTIyaHR0cHMlM0ElMkYlMkZ3d3cuZ29vZ2xlLmNvbSUyRm1hcHMlMkZlbWJlZCUzRnBiJTNEJTIxMW0xOCUyMTFtMTIlMjExbTMlMjExZDI5ODUuMzgwNjg4MjgwNDM3NCUyMTJkMS45NTkwNDUwMTU3MzA3Mzg2JTIxM2Q0MS41NjEwMDQ3OTMxNzYzMyUyMTJtMyUyMTFmMCUyMTJmMCUyMTNmMCUyMTNtMiUyMTFpMTAyNCUyMTJpNzY4JTIxNGYxMy4xJTIxM20zJTIxMW0yJTIxMXMweDEyYTQ4ZDFhNTZhZmUwZjUlMjUzQTB4Y2FjN2Y4MGI3YjA2ODM3OCUyMTJzQ2lyY3V0b3IlMjE1ZTAlMjEzbTIlMjExc2VzJTIxMnNlcyUyMTR2MTYxNTg3OTAxNjYzOCUyMTVtMiUyMTFzZXMlMjEyc2VzJTIyJTIwd2lkdGglM0QlMjIyNDAlMjIlMjBoZWlnaHQlM0QlMjIxMzUlMjIlMjBzdHlsZSUzRCUyMmJvcmRlciUzQTAlM0IlMjIlMjBhbGxvd2Z1bGxzY3JlZW4lM0QlMjIlMjIlMjBsb2FkaW5nJTNEJTIybGF6eSUyMiUzRSUzQyUyRmlmcmFtZSUzRQ==&#8221; el_class=&#8221;mapa&#8221;][\/vc_column][vc_column width=&#8221;2\/3&#8243;][vc_single_image image=&#8221;15625&#8243; img_size=&#8221;full&#8221;][\/vc_column][\/vc_row][vc_row el_class=&#8221;bloque empresa-pasando empresa_abajo&#8221;][vc_column][vc_column_text el_class=&#8221;animacion_left&#8221;]<\/p>\n<h6 class=\"wrap-title\">QU\u00c9 EST\u00c1 PASANDO<\/h6>\n<p>[\/vc_column_text][vc_row_inner][vc_column_inner width=&#8221;1\/3&#8243;][vc_raw_html]JTNDYSUyMGhyZWYlM0QlMjIlMkZlbXByZXNhJTJGYWN0dWFsaWRhZC15LW5vdGljaWFzLWNpcmN1dG9yJTJGJTIyJTNFJTBBJTNDZGl2JTIwY2xhc3MlM0QlMjJpdGVtJTIwZ2VuZXJhbCUyMGFuaW1hY2lvbl9jYWphJTIyJTNFJTBBJTBBJTNDZGl2JTIwY2xhc3MlM0QlMjJkZXRhaWxzJTIyJTNFJTBBJTNDaSUyMGNsYXNzJTNEJTIyaWNvLW5ld3NwYXBlciUyMiUzRSUzQyUyRmklM0UlMEElM0NoMyUyMGNsYXNzJTNEJTIydGl0dWxvX3BhZ2UlMjBzbWFsbCUyMiUzRU5vdGljaWFzJTNDJTJGaDMlM0UlMEElM0NwJTIwY2xhc3MlM0QlMjJlbmxhY2UlMjIlM0VBY3R1YWxpZGFkJTIwZGVsJTIwc2VjdG9yJTIwJTNDaSUyMGNsYXNzJTNEJTIyaWNvLWFycm93LXJpZ2h0JTIyJTNFJTNDJTJGaSUzRSUzQyUyRnAlM0UlMEElM0MlMkZkaXYlM0UlMEElMEElM0MlMkZkaXYlM0UlMEElM0MlMkZhJTNF[\/vc_raw_html][\/vc_column_inner][vc_column_inner width=&#8221;1\/3&#8243;][vc_raw_html]JTNDYSUyMGhyZWYlM0QlMjIlMkZlbXByZXNhJTJGYWN0dWFsaWRhZC15LW5vdGljaWFzLWNpcmN1dG9yJTJGJTIyJTNFJTBBJTNDZGl2JTIwY2xhc3MlM0QlMjJpdGVtJTIwZ2VuZXJhbCUyMGFuaW1hY2lvbl9jYWphJTIyJTNFJTBBJTBBJTNDZGl2JTIwY2xhc3MlM0QlMjJkZXRhaWxzJTIyJTNFJTBBJTNDaSUyMGNsYXNzJTNEJTIyaWNvLWFmdGVyLXNhbGVzJTIyJTNFJTNDJTJGaSUzRSUwQSUzQ2gzJTIwY2xhc3MlM0QlMjJ0aXR1bG9fcGFnZSUyMHNtYWxsJTIyJTNFTm92ZWRhZGVzJTNDJTJGaDMlM0UlMEElM0NwJTIwY2xhc3MlM0QlMjJlbmxhY2UlMjIlM0VOdWVzdHJvcyUyMCVDMyVCQWx0aW1vcyUyMGxhbnphbWllbnRvcyUyMCUzQ2klMjBjbGFzcyUzRCUyMmljby1hcnJvdy1yaWdodCUyMiUzRSUzQyUyRmklM0UlM0MlMkZwJTNFJTBBJTNDJTJGZGl2JTNFJTBBJTBBJTNDJTJGZGl2JTNFJTBBJTNDJTJGYSUzRQ==[\/vc_raw_html][\/vc_column_inner][vc_column_inner width=&#8221;1\/3&#8243;][vc_raw_html]JTNDYSUyMGhyZWYlM0QlMjIlMkZzb3BvcnRlJTJGZm9ybWFjaW9uJTJGJTIyJTNFJTBBJTNDZGl2JTIwY2xhc3MlM0QlMjJpdGVtJTIwZ2VuZXJhbCUyMGFuaW1hY2lvbl9jYWphJTIyJTNFJTBBJTBBJTNDZGl2JTIwY2xhc3MlM0QlMjJkZXRhaWxzJTIyJTNFJTBBJTNDaSUyMGNsYXNzJTNEJTIyaWNvLWdyYWR1YXRpb24tY2FwJTIyJTNFJTNDJTJGaSUzRSUwQSUzQ2gzJTIwY2xhc3MlM0QlMjJ0aXR1bG9fcGFnZSUyMHNtYWxsJTIyJTNFRm9ybWFjaSVDMyVCM24lM0MlMkZoMyUzRSUwQSUzQ3AlMjBjbGFzcyUzRCUyMmVubGFjZSUyMiUzRUZvcm1hJTIwcGFydGUlMjBkZSUyMGxvcyUyMHByJUMzJUIzeGltb3MlMjAlM0NpJTIwY2xhc3MlM0QlMjJpY28tYXJyb3ctcmlnaHQlMjIlM0UlM0MlMkZpJTNFJTNDJTJGcCUzRSUwQSUzQyUyRmRpdiUzRSUwQSUwQSUzQyUyRmRpdiUzRSUwQSUzQyUyRmElM0U=[\/vc_raw_html][\/vc_column_inner][\/vc_row_inner][\/vc_column][\/vc_row]<\/p>\n","protected":false},"excerpt":{"rendered":"<p>[vc_row full_width=&#8221;stretch_row&#8221; el_class=&#8221;banner_pagina_texto&#8221; css=&#8221;.vc_custom_1649154052545{background-image: url(https:\/\/circutor.com\/wp-content\/uploads\/2022\/04\/FC_Circutor_2203_2150-1.jpg?id=17875) !important;background-position: center !important;background-repeat: no-repeat !important;background-size: cover !important;}&#8221;][vc_column css=&#8221;.vc_custom_1605620904006{padding-top: 0px !important;}&#8221;][vc_row_inner el_class=&#8221;breadcrumb&#8221;][vc_column_inner][\/vc_column_inner][\/vc_row_inner][vc_row_inner][vc_column_inner width=&#8221;5\/12&#8243;][vc_column_text] Eficiencia, nuestro estilo de vida En CIRCUTOR desarrollamos soluciones integrales para la eficiencia energ\u00e9tica aplicables en un gran n\u00famero de sectores: generaci\u00f3n, industria, sector terciario e incluso dom\u00e9stico. Estamos presentes de principio a fin.[\/vc_column_text][\/vc_column_inner][vc_column_inner width=&#8221;7\/12&#8243;][\/vc_column_inner][\/vc_row_inner][\/vc_column][\/vc_row][vc_row el_class=&#8221;empresa-que-hacemos bloque page_empresa&#8221;][vc_column [&hellip;]<\/p>\n","protected":false},"author":1,"featured_media":0,"parent":0,"menu_order":0,"comment_status":"closed","ping_status":"closed","template":"","meta":[],"acf":[],"yoast_head":"<!-- This site is optimized with the Yoast SEO plugin v19.4 - https:\/\/yoast.com\/wordpress\/plugins\/seo\/ -->\n<title>Empresa - CIRCUTOR<\/title>\n<meta name=\"robots\" content=\"index, follow, max-snippet:-1, max-image-preview:large, max-video-preview:-1\" \/>\n<link rel=\"canonical\" href=\"https:\/\/circutor.com\/mx\/empresa\/\" \/>\n<meta property=\"og:locale\" content=\"es_MX\" \/>\n<meta property=\"og:type\" content=\"article\" \/>\n<meta property=\"og:title\" content=\"Empresa - CIRCUTOR\" \/>\n<meta property=\"og:description\" content=\"[vc_row full_width=&#8221;stretch_row&#8221; el_class=&#8221;banner_pagina_texto&#8221; css=&#8221;.vc_custom_1649154052545{background-image: url(https:\/\/circutor.com\/wp-content\/uploads\/2022\/04\/FC_Circutor_2203_2150-1.jpg?id=17875) !important;background-position: center !important;background-repeat: no-repeat !important;background-size: cover !important;}&#8221;][vc_column css=&#8221;.vc_custom_1605620904006{padding-top: 0px !important;}&#8221;][vc_row_inner el_class=&#8221;breadcrumb&#8221;][vc_column_inner][\/vc_column_inner][\/vc_row_inner][vc_row_inner][vc_column_inner width=&#8221;5\/12&#8243;][vc_column_text] Eficiencia, nuestro estilo de vida En CIRCUTOR desarrollamos soluciones integrales para la eficiencia energ\u00e9tica aplicables en un gran n\u00famero de sectores: generaci\u00f3n, industria, sector terciario e incluso dom\u00e9stico. Estamos presentes de principio a fin.[\/vc_column_text][\/vc_column_inner][vc_column_inner width=&#8221;7\/12&#8243;][\/vc_column_inner][\/vc_row_inner][\/vc_column][\/vc_row][vc_row el_class=&#8221;empresa-que-hacemos bloque page_empresa&#8221;][vc_column [&hellip;]\" \/>\n<meta property=\"og:url\" content=\"https:\/\/circutor.com\/mx\/empresa\/\" \/>\n<meta property=\"og:site_name\" content=\"CIRCUTOR\" \/>\n<meta property=\"article:publisher\" content=\"https:\/\/www.facebook.com\/CIRCUTOR.ES\" \/>\n<meta property=\"og:image\" content=\"https:\/\/circutor.com\/wp-content\/uploads\/2022\/07\/Circutor_Logo_Color.png\" \/>\n\t<meta property=\"og:image:width\" content=\"1299\" \/>\n\t<meta property=\"og:image:height\" content=\"354\" \/>\n\t<meta property=\"og:image:type\" content=\"image\/png\" \/>\n<meta name=\"twitter:card\" content=\"summary_large_image\" \/>\n<meta name=\"twitter:site\" content=\"@circutor\" \/>\n<meta name=\"twitter:label1\" content=\"Tiempo de lectura\" \/>\n\t<meta name=\"twitter:data1\" content=\"5 minutos\" \/>\n<script type=\"application\/ld+json\" class=\"yoast-schema-graph\">{\"@context\":\"https:\/\/schema.org\",\"@graph\":[{\"@type\":\"Organization\",\"@id\":\"https:\/\/circutor.com\/#organization\",\"name\":\"Circutor\",\"url\":\"https:\/\/circutor.com\/\",\"sameAs\":[\"https:\/\/www.instagram.com\/circutor_es\",\"https:\/\/www.linkedin.com\/company\/circutor\",\"https:\/\/www.youtube.com\/user\/CIRCUTORoficial\",\"https:\/\/www.facebook.com\/CIRCUTOR.ES\",\"https:\/\/twitter.com\/circutor\"],\"logo\":{\"@type\":\"ImageObject\",\"inLanguage\":\"es-MX\",\"@id\":\"https:\/\/circutor.com\/#\/schema\/logo\/image\/\",\"url\":\"https:\/\/circutor.com\/wp-content\/uploads\/2020\/09\/CIR_LOGO_RED.png\",\"contentUrl\":\"https:\/\/circutor.com\/wp-content\/uploads\/2020\/09\/CIR_LOGO_RED.png\",\"width\":512,\"height\":128,\"caption\":\"Circutor\"},\"image\":{\"@id\":\"https:\/\/circutor.com\/#\/schema\/logo\/image\/\"}},{\"@type\":\"WebSite\",\"@id\":\"https:\/\/circutor.com\/#website\",\"url\":\"https:\/\/circutor.com\/\",\"name\":\"CIRCUTOR\",\"description\":\"Soluciones para la eficiencia energ\u00e9tica el\u00e9ctrica\",\"publisher\":{\"@id\":\"https:\/\/circutor.com\/#organization\"},\"potentialAction\":[{\"@type\":\"SearchAction\",\"target\":{\"@type\":\"EntryPoint\",\"urlTemplate\":\"https:\/\/circutor.com\/?s={search_term_string}\"},\"query-input\":\"required name=search_term_string\"}],\"inLanguage\":\"es-MX\"},{\"@type\":\"WebPage\",\"@id\":\"https:\/\/circutor.com\/mx\/empresa\/\",\"url\":\"https:\/\/circutor.com\/mx\/empresa\/\",\"name\":\"Empresa - CIRCUTOR\",\"isPartOf\":{\"@id\":\"https:\/\/circutor.com\/#website\"},\"datePublished\":\"2021-03-17T17:25:15+00:00\",\"dateModified\":\"2021-03-17T17:25:15+00:00\",\"breadcrumb\":{\"@id\":\"https:\/\/circutor.com\/mx\/empresa\/#breadcrumb\"},\"inLanguage\":\"es-MX\",\"potentialAction\":[{\"@type\":\"ReadAction\",\"target\":[\"https:\/\/circutor.com\/mx\/empresa\/\"]}]},{\"@type\":\"BreadcrumbList\",\"@id\":\"https:\/\/circutor.com\/mx\/empresa\/#breadcrumb\",\"itemListElement\":[{\"@type\":\"ListItem\",\"position\":1,\"name\":\"Portada\",\"item\":\"https:\/\/circutor.com\/mx\/\"},{\"@type\":\"ListItem\",\"position\":2,\"name\":\"Empresa\"}]}]}<\/script>\n<!-- \/ Yoast SEO plugin. -->","yoast_head_json":{"title":"Empresa - CIRCUTOR","robots":{"index":"index","follow":"follow","max-snippet":"max-snippet:-1","max-image-preview":"max-image-preview:large","max-video-preview":"max-video-preview:-1"},"canonical":"https:\/\/circutor.com\/mx\/empresa\/","og_locale":"es_MX","og_type":"article","og_title":"Empresa - CIRCUTOR","og_description":"[vc_row full_width=&#8221;stretch_row&#8221; el_class=&#8221;banner_pagina_texto&#8221; css=&#8221;.vc_custom_1649154052545{background-image: url(https:\/\/circutor.com\/wp-content\/uploads\/2022\/04\/FC_Circutor_2203_2150-1.jpg?id=17875) !important;background-position: center !important;background-repeat: no-repeat !important;background-size: cover !important;}&#8221;][vc_column css=&#8221;.vc_custom_1605620904006{padding-top: 0px !important;}&#8221;][vc_row_inner el_class=&#8221;breadcrumb&#8221;][vc_column_inner][\/vc_column_inner][\/vc_row_inner][vc_row_inner][vc_column_inner width=&#8221;5\/12&#8243;][vc_column_text] Eficiencia, nuestro estilo de vida En CIRCUTOR desarrollamos soluciones integrales para la eficiencia energ\u00e9tica aplicables en un gran n\u00famero de sectores: generaci\u00f3n, industria, sector terciario e incluso dom\u00e9stico. Estamos presentes de principio a fin.[\/vc_column_text][\/vc_column_inner][vc_column_inner width=&#8221;7\/12&#8243;][\/vc_column_inner][\/vc_row_inner][\/vc_column][\/vc_row][vc_row el_class=&#8221;empresa-que-hacemos bloque page_empresa&#8221;][vc_column [&hellip;]","og_url":"https:\/\/circutor.com\/mx\/empresa\/","og_site_name":"CIRCUTOR","article_publisher":"https:\/\/www.facebook.com\/CIRCUTOR.ES","og_image":[{"width":1299,"height":354,"url":"https:\/\/circutor.com\/wp-content\/uploads\/2022\/07\/Circutor_Logo_Color.png","type":"image\/png"}],"twitter_card":"summary_large_image","twitter_site":"@circutor","twitter_misc":{"Tiempo de lectura":"5 minutos"},"schema":{"@context":"https:\/\/schema.org","@graph":[{"@type":"Organization","@id":"https:\/\/circutor.com\/#organization","name":"Circutor","url":"https:\/\/circutor.com\/","sameAs":["https:\/\/www.instagram.com\/circutor_es","https:\/\/www.linkedin.com\/company\/circutor","https:\/\/www.youtube.com\/user\/CIRCUTORoficial","https:\/\/www.facebook.com\/CIRCUTOR.ES","https:\/\/twitter.com\/circutor"],"logo":{"@type":"ImageObject","inLanguage":"es-MX","@id":"https:\/\/circutor.com\/#\/schema\/logo\/image\/","url":"https:\/\/circutor.com\/wp-content\/uploads\/2020\/09\/CIR_LOGO_RED.png","contentUrl":"https:\/\/circutor.com\/wp-content\/uploads\/2020\/09\/CIR_LOGO_RED.png","width":512,"height":128,"caption":"Circutor"},"image":{"@id":"https:\/\/circutor.com\/#\/schema\/logo\/image\/"}},{"@type":"WebSite","@id":"https:\/\/circutor.com\/#website","url":"https:\/\/circutor.com\/","name":"CIRCUTOR","description":"Soluciones para la eficiencia energ\u00e9tica el\u00e9ctrica","publisher":{"@id":"https:\/\/circutor.com\/#organization"},"potentialAction":[{"@type":"SearchAction","target":{"@type":"EntryPoint","urlTemplate":"https:\/\/circutor.com\/?s={search_term_string}"},"query-input":"required name=search_term_string"}],"inLanguage":"es-MX"},{"@type":"WebPage","@id":"https:\/\/circutor.com\/mx\/empresa\/","url":"https:\/\/circutor.com\/mx\/empresa\/","name":"Empresa - CIRCUTOR","isPartOf":{"@id":"https:\/\/circutor.com\/#website"},"datePublished":"2021-03-17T17:25:15+00:00","dateModified":"2021-03-17T17:25:15+00:00","breadcrumb":{"@id":"https:\/\/circutor.com\/mx\/empresa\/#breadcrumb"},"inLanguage":"es-MX","potentialAction":[{"@type":"ReadAction","target":["https:\/\/circutor.com\/mx\/empresa\/"]}]},{"@type":"BreadcrumbList","@id":"https:\/\/circutor.com\/mx\/empresa\/#breadcrumb","itemListElement":[{"@type":"ListItem","position":1,"name":"Portada","item":"https:\/\/circutor.com\/mx\/"},{"@type":"ListItem","position":2,"name":"Empresa"}]}]}},"_links":{"self":[{"href":"https:\/\/circutor.com\/mx\/wp-json\/wp\/v2\/pages\/53606"}],"collection":[{"href":"https:\/\/circutor.com\/mx\/wp-json\/wp\/v2\/pages"}],"about":[{"href":"https:\/\/circutor.com\/mx\/wp-json\/wp\/v2\/types\/page"}],"author":[{"embeddable":true,"href":"https:\/\/circutor.com\/mx\/wp-json\/wp\/v2\/users\/1"}],"replies":[{"embeddable":true,"href":"https:\/\/circutor.com\/mx\/wp-json\/wp\/v2\/comments?post=53606"}],"version-history":[{"count":0,"href":"https:\/\/circutor.com\/mx\/wp-json\/wp\/v2\/pages\/53606\/revisions"}],"wp:attachment":[{"href":"https:\/\/circutor.com\/mx\/wp-json\/wp\/v2\/media?parent=53606"}],"curies":[{"name":"wp","href":"https:\/\/api.w.org\/{rel}","templated":true}]}}