{"id":53578,"date":"2024-10-01T12:37:52","date_gmt":"2024-10-01T10:37:52","guid":{"rendered":"https:\/\/circutor.com\/archivos-2d-y-3d-de-nuestros-productos\/"},"modified":"2024-10-01T12:37:52","modified_gmt":"2024-10-01T10:37:52","slug":"archivos-2d-y-3d-de-nuestros-productos","status":"publish","type":"page","link":"https:\/\/circutor.com\/mx\/archivos-2d-y-3d-de-nuestros-productos\/","title":{"rendered":"Archivos 2D y 3D de nuestros productos"},"content":{"rendered":"<p>[vc_row][vc_column][vc_column_text css=&#8221;.vc_custom_1728902508194{margin-top: 20px !important;}&#8221;]<\/p>\n<h2>Descarga los archivos 2D y 3D de nuestros productos para facilitarte el dise\u00f1o de tus cuadros el\u00e9ctricos.<\/h2>\n<p>[\/vc_column_text][vc_row_inner gap=&#8221;10&#8243;][vc_column_inner width=&#8221;1\/2&#8243;][vc_column_text css=&#8221;.vc_custom_1728902801548{margin-top: 20px !important;margin-bottom: 20px !important;padding-top: 20px !important;padding-right: 20px !important;padding-bottom: 20px !important;padding-left: 20px !important;}&#8221;]<\/p>\n<h3>Optimiza el tiempo y mejora la precisi\u00f3n de tus proyectos utilizando los archivos de productos Circutor en tus dise\u00f1os.<\/h3>\n<p>En Circutor, sabemos lo importante que es para ti contar con las herramientas adecuadas para dise\u00f1ar tus cuadros el\u00e9ctricos de manera eficiente y precisa. Por eso, te ofrecemos la posibilidad de descargar los archivos 2D y 3D de todos nuestros productos, facilitando la integraci\u00f3n de nuestras soluciones en tus proyectos.[\/vc_column_text][vc_column_text css=&#8221;.vc_custom_1728902811719{margin-top: 20px !important;margin-bottom: 20px !important;padding-top: 20px !important;padding-right: 20px !important;padding-bottom: 20px !important;padding-left: 20px !important;}&#8221;]Nuestros productos incluyen equipos para:<\/p>\n<ul>\n<li><strong>Medici\u00f3n y an\u00e1lisis<\/strong> de variables el\u00e9ctricas, calidad de consumo y consumos.<\/li>\n<li><strong>Transformadores de corriente<\/strong>: N\u00facleo abierto, cerrado y transformadores eficientes.<\/li>\n<li><strong>Facturaci\u00f3n de energ\u00eda<\/strong>: Contadores para medida de compa\u00f1\u00eda el\u00e9ctrica y soluciones para el subcontaje de energ\u00eda con certificaci\u00f3n MID para facturaci\u00f3n energ\u00e9tica.<\/li>\n<li><strong>Protecci\u00f3n de personas e instalaciones<\/strong> mediante protecci\u00f3n diferencial tipo A y B.<\/li>\n<li><strong>Protecci\u00f3n especializada<\/strong> para cuadros el\u00e9ctricos de recarga de veh\u00edculos el\u00e9ctricos y alumbrado p\u00fablico.<\/li>\n<li><strong>Sistemas de protecci\u00f3n<\/strong> con reconexi\u00f3n autom\u00e1tica o telemando remoto.<\/li>\n<\/ul>\n<p>[\/vc_column_text][\/vc_column_inner][vc_column_inner width=&#8221;1\/2&#8243;][vc_column_text css=&#8221;.vc_custom_1727948711058{margin-top: 20px !important;margin-bottom: 20px !important;padding-top: 40px !important;padding-right: 40px !important;padding-bottom: 40px !important;padding-left: 40px !important;background-color: #f3f4f5 !important;}&#8221;]<strong>Descarga ahora los archivos 2D y 3D<\/strong><\/p>\n<p>Por favor, completa el siguiente formulario para acceder a la descarga de los archivos:<\/p>\n<p><script src=\"\/\/info.circutor.com\/js\/forms2\/js\/forms2.min.js\"><\/script><\/p>\n<form id=\"mktoForm_1644\"><\/form>\n<p><script>MktoForms2.loadForm(\"\/\/info.circutor.com\", \"940-CSD-667\", 1644);<\/script>[\/vc_column_text][\/vc_column_inner][\/vc_row_inner][vc_column_text css=&#8221;.vc_custom_1728635810419{margin-top: 20px !important;margin-bottom: 20px !important;padding-top: 20px !important;padding-right: 20px !important;padding-bottom: 20px !important;padding-left: 20px !important;background-color: #ffeded !important;}&#8221;]<strong>Contacta con nosotros <\/strong>a trav\u00e9s del correo <a href=\"mailto:comunicacion@circutor.com\">comunicacion@circutor.com<\/a> si necesitas alg\u00fan archivo que no est\u00e9 incluido en la descarga.[\/vc_column_text][\/vc_column][\/vc_row]<\/p>\n","protected":false},"excerpt":{"rendered":"<p>[vc_row][vc_column][vc_column_text css=&#8221;.vc_custom_1728902508194{margin-top: 20px !important;}&#8221;] Descarga los archivos 2D y 3D de nuestros productos para facilitarte el dise\u00f1o de tus cuadros el\u00e9ctricos. [\/vc_column_text][vc_row_inner gap=&#8221;10&#8243;][vc_column_inner width=&#8221;1\/2&#8243;][vc_column_text css=&#8221;.vc_custom_1728902801548{margin-top: 20px !important;margin-bottom: 20px !important;padding-top: 20px !important;padding-right: 20px !important;padding-bottom: 20px !important;padding-left: 20px !important;}&#8221;] Optimiza el tiempo y mejora la precisi\u00f3n de tus proyectos utilizando los archivos de productos Circutor en tus [&hellip;]<\/p>\n","protected":false},"author":7,"featured_media":0,"parent":0,"menu_order":0,"comment_status":"closed","ping_status":"closed","template":"","meta":[],"acf":[],"yoast_head":"<!-- This site is optimized with the Yoast SEO plugin v19.4 - https:\/\/yoast.com\/wordpress\/plugins\/seo\/ -->\n<title>Archivos 2D y 3D de nuestros productos - CIRCUTOR<\/title>\n<meta name=\"robots\" content=\"index, follow, max-snippet:-1, max-image-preview:large, max-video-preview:-1\" \/>\n<link rel=\"canonical\" href=\"https:\/\/circutor.com\/mx\/archivos-2d-y-3d-de-nuestros-productos\/\" \/>\n<meta property=\"og:locale\" content=\"es_MX\" \/>\n<meta property=\"og:type\" content=\"article\" \/>\n<meta property=\"og:title\" content=\"Archivos 2D y 3D de nuestros productos - CIRCUTOR\" \/>\n<meta property=\"og:description\" content=\"[vc_row][vc_column][vc_column_text css=&#8221;.vc_custom_1728902508194{margin-top: 20px !important;}&#8221;] Descarga los archivos 2D y 3D de nuestros productos para facilitarte el dise\u00f1o de tus cuadros el\u00e9ctricos. [\/vc_column_text][vc_row_inner gap=&#8221;10&#8243;][vc_column_inner width=&#8221;1\/2&#8243;][vc_column_text css=&#8221;.vc_custom_1728902801548{margin-top: 20px !important;margin-bottom: 20px !important;padding-top: 20px !important;padding-right: 20px !important;padding-bottom: 20px !important;padding-left: 20px !important;}&#8221;] Optimiza el tiempo y mejora la precisi\u00f3n de tus proyectos utilizando los archivos de productos Circutor en tus [&hellip;]\" \/>\n<meta property=\"og:url\" content=\"https:\/\/circutor.com\/mx\/archivos-2d-y-3d-de-nuestros-productos\/\" \/>\n<meta property=\"og:site_name\" content=\"CIRCUTOR\" \/>\n<meta property=\"article:publisher\" content=\"https:\/\/www.facebook.com\/CIRCUTOR.ES\" \/>\n<meta property=\"og:image\" content=\"https:\/\/circutor.com\/wp-content\/uploads\/2022\/07\/Circutor_Logo_Color.png\" \/>\n\t<meta property=\"og:image:width\" content=\"1299\" \/>\n\t<meta property=\"og:image:height\" content=\"354\" \/>\n\t<meta property=\"og:image:type\" content=\"image\/png\" \/>\n<meta name=\"twitter:card\" content=\"summary_large_image\" \/>\n<meta name=\"twitter:site\" content=\"@circutor\" \/>\n<meta name=\"twitter:label1\" content=\"Tiempo de lectura\" \/>\n\t<meta name=\"twitter:data1\" content=\"2 minutos\" \/>\n<script type=\"application\/ld+json\" class=\"yoast-schema-graph\">{\"@context\":\"https:\/\/schema.org\",\"@graph\":[{\"@type\":\"Organization\",\"@id\":\"https:\/\/circutor.com\/#organization\",\"name\":\"Circutor\",\"url\":\"https:\/\/circutor.com\/\",\"sameAs\":[\"https:\/\/www.instagram.com\/circutor_es\",\"https:\/\/www.linkedin.com\/company\/circutor\",\"https:\/\/www.youtube.com\/user\/CIRCUTORoficial\",\"https:\/\/www.facebook.com\/CIRCUTOR.ES\",\"https:\/\/twitter.com\/circutor\"],\"logo\":{\"@type\":\"ImageObject\",\"inLanguage\":\"es-MX\",\"@id\":\"https:\/\/circutor.com\/#\/schema\/logo\/image\/\",\"url\":\"https:\/\/circutor.com\/wp-content\/uploads\/2020\/09\/CIR_LOGO_RED.png\",\"contentUrl\":\"https:\/\/circutor.com\/wp-content\/uploads\/2020\/09\/CIR_LOGO_RED.png\",\"width\":512,\"height\":128,\"caption\":\"Circutor\"},\"image\":{\"@id\":\"https:\/\/circutor.com\/#\/schema\/logo\/image\/\"}},{\"@type\":\"WebSite\",\"@id\":\"https:\/\/circutor.com\/#website\",\"url\":\"https:\/\/circutor.com\/\",\"name\":\"CIRCUTOR\",\"description\":\"Soluciones para la eficiencia energ\u00e9tica el\u00e9ctrica\",\"publisher\":{\"@id\":\"https:\/\/circutor.com\/#organization\"},\"potentialAction\":[{\"@type\":\"SearchAction\",\"target\":{\"@type\":\"EntryPoint\",\"urlTemplate\":\"https:\/\/circutor.com\/?s={search_term_string}\"},\"query-input\":\"required name=search_term_string\"}],\"inLanguage\":\"es-MX\"},{\"@type\":\"WebPage\",\"@id\":\"https:\/\/circutor.com\/mx\/archivos-2d-y-3d-de-nuestros-productos\/\",\"url\":\"https:\/\/circutor.com\/mx\/archivos-2d-y-3d-de-nuestros-productos\/\",\"name\":\"Archivos 2D y 3D de nuestros productos - CIRCUTOR\",\"isPartOf\":{\"@id\":\"https:\/\/circutor.com\/#website\"},\"datePublished\":\"2024-10-01T10:37:52+00:00\",\"dateModified\":\"2024-10-01T10:37:52+00:00\",\"breadcrumb\":{\"@id\":\"https:\/\/circutor.com\/mx\/archivos-2d-y-3d-de-nuestros-productos\/#breadcrumb\"},\"inLanguage\":\"es-MX\",\"potentialAction\":[{\"@type\":\"ReadAction\",\"target\":[\"https:\/\/circutor.com\/mx\/archivos-2d-y-3d-de-nuestros-productos\/\"]}]},{\"@type\":\"BreadcrumbList\",\"@id\":\"https:\/\/circutor.com\/mx\/archivos-2d-y-3d-de-nuestros-productos\/#breadcrumb\",\"itemListElement\":[{\"@type\":\"ListItem\",\"position\":1,\"name\":\"Portada\",\"item\":\"https:\/\/circutor.com\/mx\/\"},{\"@type\":\"ListItem\",\"position\":2,\"name\":\"Archivos 2D y 3D de nuestros productos\"}]}]}<\/script>\n<!-- \/ Yoast SEO plugin. -->","yoast_head_json":{"title":"Archivos 2D y 3D de nuestros productos - CIRCUTOR","robots":{"index":"index","follow":"follow","max-snippet":"max-snippet:-1","max-image-preview":"max-image-preview:large","max-video-preview":"max-video-preview:-1"},"canonical":"https:\/\/circutor.com\/mx\/archivos-2d-y-3d-de-nuestros-productos\/","og_locale":"es_MX","og_type":"article","og_title":"Archivos 2D y 3D de nuestros productos - CIRCUTOR","og_description":"[vc_row][vc_column][vc_column_text css=&#8221;.vc_custom_1728902508194{margin-top: 20px !important;}&#8221;] Descarga los archivos 2D y 3D de nuestros productos para facilitarte el dise\u00f1o de tus cuadros el\u00e9ctricos. [\/vc_column_text][vc_row_inner gap=&#8221;10&#8243;][vc_column_inner width=&#8221;1\/2&#8243;][vc_column_text css=&#8221;.vc_custom_1728902801548{margin-top: 20px !important;margin-bottom: 20px !important;padding-top: 20px !important;padding-right: 20px !important;padding-bottom: 20px !important;padding-left: 20px !important;}&#8221;] Optimiza el tiempo y mejora la precisi\u00f3n de tus proyectos utilizando los archivos de productos Circutor en tus [&hellip;]","og_url":"https:\/\/circutor.com\/mx\/archivos-2d-y-3d-de-nuestros-productos\/","og_site_name":"CIRCUTOR","article_publisher":"https:\/\/www.facebook.com\/CIRCUTOR.ES","og_image":[{"width":1299,"height":354,"url":"https:\/\/circutor.com\/wp-content\/uploads\/2022\/07\/Circutor_Logo_Color.png","type":"image\/png"}],"twitter_card":"summary_large_image","twitter_site":"@circutor","twitter_misc":{"Tiempo de lectura":"2 minutos"},"schema":{"@context":"https:\/\/schema.org","@graph":[{"@type":"Organization","@id":"https:\/\/circutor.com\/#organization","name":"Circutor","url":"https:\/\/circutor.com\/","sameAs":["https:\/\/www.instagram.com\/circutor_es","https:\/\/www.linkedin.com\/company\/circutor","https:\/\/www.youtube.com\/user\/CIRCUTORoficial","https:\/\/www.facebook.com\/CIRCUTOR.ES","https:\/\/twitter.com\/circutor"],"logo":{"@type":"ImageObject","inLanguage":"es-MX","@id":"https:\/\/circutor.com\/#\/schema\/logo\/image\/","url":"https:\/\/circutor.com\/wp-content\/uploads\/2020\/09\/CIR_LOGO_RED.png","contentUrl":"https:\/\/circutor.com\/wp-content\/uploads\/2020\/09\/CIR_LOGO_RED.png","width":512,"height":128,"caption":"Circutor"},"image":{"@id":"https:\/\/circutor.com\/#\/schema\/logo\/image\/"}},{"@type":"WebSite","@id":"https:\/\/circutor.com\/#website","url":"https:\/\/circutor.com\/","name":"CIRCUTOR","description":"Soluciones para la eficiencia energ\u00e9tica el\u00e9ctrica","publisher":{"@id":"https:\/\/circutor.com\/#organization"},"potentialAction":[{"@type":"SearchAction","target":{"@type":"EntryPoint","urlTemplate":"https:\/\/circutor.com\/?s={search_term_string}"},"query-input":"required name=search_term_string"}],"inLanguage":"es-MX"},{"@type":"WebPage","@id":"https:\/\/circutor.com\/mx\/archivos-2d-y-3d-de-nuestros-productos\/","url":"https:\/\/circutor.com\/mx\/archivos-2d-y-3d-de-nuestros-productos\/","name":"Archivos 2D y 3D de nuestros productos - CIRCUTOR","isPartOf":{"@id":"https:\/\/circutor.com\/#website"},"datePublished":"2024-10-01T10:37:52+00:00","dateModified":"2024-10-01T10:37:52+00:00","breadcrumb":{"@id":"https:\/\/circutor.com\/mx\/archivos-2d-y-3d-de-nuestros-productos\/#breadcrumb"},"inLanguage":"es-MX","potentialAction":[{"@type":"ReadAction","target":["https:\/\/circutor.com\/mx\/archivos-2d-y-3d-de-nuestros-productos\/"]}]},{"@type":"BreadcrumbList","@id":"https:\/\/circutor.com\/mx\/archivos-2d-y-3d-de-nuestros-productos\/#breadcrumb","itemListElement":[{"@type":"ListItem","position":1,"name":"Portada","item":"https:\/\/circutor.com\/mx\/"},{"@type":"ListItem","position":2,"name":"Archivos 2D y 3D de nuestros productos"}]}]}},"_links":{"self":[{"href":"https:\/\/circutor.com\/mx\/wp-json\/wp\/v2\/pages\/53578"}],"collection":[{"href":"https:\/\/circutor.com\/mx\/wp-json\/wp\/v2\/pages"}],"about":[{"href":"https:\/\/circutor.com\/mx\/wp-json\/wp\/v2\/types\/page"}],"author":[{"embeddable":true,"href":"https:\/\/circutor.com\/mx\/wp-json\/wp\/v2\/users\/7"}],"replies":[{"embeddable":true,"href":"https:\/\/circutor.com\/mx\/wp-json\/wp\/v2\/comments?post=53578"}],"version-history":[{"count":0,"href":"https:\/\/circutor.com\/mx\/wp-json\/wp\/v2\/pages\/53578\/revisions"}],"wp:attachment":[{"href":"https:\/\/circutor.com\/mx\/wp-json\/wp\/v2\/media?parent=53578"}],"curies":[{"name":"wp","href":"https:\/\/api.w.org\/{rel}","templated":true}]}}