{"id":53568,"date":"2021-04-01T07:53:19","date_gmt":"2021-04-01T07:53:19","guid":{"rendered":"https:\/\/circutor.com\/soporte\/formacion\/notebooks\/"},"modified":"2025-02-10T14:52:40","modified_gmt":"2025-02-10T12:52:40","slug":"notebooks","status":"publish","type":"page","link":"https:\/\/circutor.com\/mx\/soporte\/formacion\/notebooks\/","title":{"rendered":"Notebooks"},"content":{"rendered":"<p>[vc_row][vc_column]<div itemscope itemtype=\"https:\/\/schema.org\/BreadcrumbList\" id=\"breadcrumb\"><div itemprop=\"itemListElement\" itemscope itemtype=\"https:\/\/schema.org\/ListItem\"><a itemprop=\"item\" href=\"https:\/\/circutor.com\/mx\/\"><span itemprop=\"name\">Home<\/span><\/a><meta itemprop=\"position\" content=\"1\" \/><\/div><div itemprop=\"itemListElement\" itemscope itemtype=\"https:\/\/schema.org\/ListItem\"><span><i class=\"ico-guil-singl-right\"><\/i><\/span><a itemprop=\"item\" href=\"https:\/\/circutor.com\/mx\/soporte\/\"><span itemprop=\"name\">Soporte<\/span><\/a><meta itemprop=\"position\" content=\"3\"><\/div><div itemprop=\"itemListElement\" itemscope itemtype=\"https:\/\/schema.org\/ListItem\"><span><i class=\"ico-guil-singl-right\"><\/i><\/span><a itemprop=\"item\" href=\"https:\/\/circutor.com\/mx\/soporte\/formacion\/\"><span itemprop=\"name\">Formaci\u00f3n<\/span><\/a><meta itemprop=\"position\" content=\"4\"><\/div><div itemprop=\"itemListElement\" itemscope itemtype=\"https:\/\/schema.org\/ListItem\"><span><i class=\"ico-guil-singl-right\"><\/i><\/span><span class=\"active_item_breadcrumb\" itemprop=\"name\">Notebooks<\/span><meta itemprop=\"position\" content=\"5\"><\/div><\/div>[\/vc_column][\/vc_row][vc_row el_class=&#8221;banner_page_sin_foto banner_formacion&#8221;][vc_column][vc_column_text]<\/p>\n<h1>Notebooks<\/h1>\n<p>[\/vc_column_text][vc_column_text]Aqu\u00ed puedes encontrar informaci\u00f3n t\u00e9cnica sobre temas del sector.[\/vc_column_text][\/vc_column][\/vc_row][vc_row el_class=&#8221;listado_notebooks&#8221;][vc_column][vc_raw_html]JTNDYSUyMGhyZWYlM0QlMjIlMkZteCUyRnNvcG9ydGUlMkZmb3JtYWNpb24lMkZub3RlYm9va3MlMkZlZmljaWVuY2lhLWVuZXJnZXRpY2EtZWxlY3RyaWNhJTJGJTIyJTNFJTBBJTNDZGl2JTIwY2xhc3MlM0QlMjJpdGVtX2xpc3RhX25vdGVib29rcyUyMGFuaW1hY2lvbl9jYWphJTIyJTNFJTBBJTIwJTIwJTIwJTNDaDQlM0VFZmljaWVuY2lhJTIwRW5lcmclQzMlQTl0aWNhJTIwRWwlQzMlQTljdHJpY2ElM0MlMkZoNCUzRSUwQSUyMCUyMCUyMCUzQ3AlM0VBY3R1YWxtZW50ZSUyMGVsJTIwZ3JhbiUyMGF1bWVudG8lMjBkZSUyMGRlbWFuZGElMjBkZSUyMGVuZXJnJUMzJUFEYSUyQyUyMGFzJUMzJUFEJTIwY29tbyUyMGxhcyUyMHByZXZpc2lvbmVzJTIwZXhpc3RlbnRlcyUyMGElMjBjb3J0byUyMHBsYXpvJTJDJTIwbXVlc3RyYW4lMjB1bmElMjBzZXJpZSUyMGRlJTIwZ3JhbmRlcyUyMHByb2JsZW1hcyUyMGElMjBlc2NhbGElMjBtdW5kaWFsJTNBJTIwQWZlY3RhY2klQzMlQjNuJTIwZ3JhdmUlMjBhbCUyMG1lZGlvJTIwYW1iaWVudGUlMkMlMjBlbmNhcmVjaW1pZW50byUyMHByb2dyZXNpdm8lRTIlODAlQTYlM0MlMkZwJTNFJTBBJTIwJTIwJTIwJTIwJTNDYSUyMGNsYXNzJTNEJTIyYm90b25fZW5sYWNlJTIyJTIwaHJlZiUzRCUyMiUyRnNvcG9ydGUlMkZmb3JtYWNpb24lMkZub3RlYm9va3MlMkZlZmljaWVuY2lhLWVuZXJnZXRpY2EtZWxlY3RyaWNhJTJGJTIyJTNFU2FiZXIlMjBtJUMzJUExcyUzQ2klMjBjbGFzcyUzRCUyMmljby1hcnJvdy1yaWdodCUyMiUzRSUzQyUyRmklM0UlM0MlMkZhJTNFJTBBJTNDJTJGZGl2JTNFJTBBJTNDJTJGYSUzRQ==[\/vc_raw_html][vc_raw_html]JTNDYSUyMGhyZWYlM0QlMjIlMkZteCUyRnNvcG9ydGUlMkZmb3JtYWNpb24lMkZub3RlYm9va3MlMkZhcm1vbmljb3MtZWxlY3RyaWNvcyUyRiUyMiUzRSUwQSUzQ2RpdiUyMGNsYXNzJTNEJTIyaXRlbV9saXN0YV9ub3RlYm9va3MlMjBhbmltYWNpb25fY2FqYSUyMiUzRSUwQSUyMCUyMCUyMCUzQ2g0JTNFQXJtJUMzJUIzbmljb3MlMjBFbCVDMyVBOWN0cmljb3MlM0MlMkZoNCUzRSUwQSUyMCUyMCUyMCUzQ3AlM0VMYXMlMjBjYXJnYXMlMjBubyUyMGxpbmVhbGVzJTIwdGFsZXMlMjBjb21vJTNBJTIwcmVjdGklRUYlQUMlODFjYWRvcmVzJTJDJTIwaW52ZXJzb3JlcyUyQyUyMHZhcmlhZG9yZXMlMjBkZSUyMHZlbG9jaWRhZCUyQyUyMGhvcm5vcyUyQyUyMGV0YyUzQiUyMGFic29yYmVuJTIwZGUlMjBsYSUyMHJlZCUyMGNvcnJpZW50ZXMlMjBwZXJpJUMzJUIzZGljYXMlMjBubyUyMHNlbm9pZGFsZXMuJTIwJTNDJTJGcCUzRSUwQSUyMCUyMCUyMCUyMCUzQ2ElMjBjbGFzcyUzRCUyMmJvdG9uX2VubGFjZSUyMiUyMGhyZWYlM0QlMjIlMkZzb3BvcnRlJTJGZm9ybWFjaW9uJTJGbm90ZWJvb2tzJTJGYXJtb25pY29zLWVsZWN0cmljb3MlMkYlMjIlM0VTYWJlciUyMG0lQzMlQTFzJTIwJTNDaSUyMGNsYXNzJTNEJTIyaWNvLWFycm93LXJpZ2h0JTIyJTNFJTNDJTJGaSUzRSUzQyUyRmElM0UlMEElM0MlMkZkaXYlM0UlMEElM0MlMkZhJTNF[\/vc_raw_html][vc_raw_html]JTNDYSUyMGhyZWYlM0QlMjIlMkZteCUyRnNvcG9ydGUlMkZmb3JtYWNpb24lMkZub3RlYm9va3MlMkZlbmVyZ2lhLXJlYWN0aXZhJTJGJTIyJTNFJTBBJTNDZGl2JTIwY2xhc3MlM0QlMjJpdGVtX2xpc3RhX25vdGVib29rcyUyMGFuaW1hY2lvbl9jYWphJTIyJTNFJTBBJTIwJTIwJTIwJTNDaDQlM0VFbmVyZyVDMyVBRGElMjBSZWFjdGl2YSUzQyUyRmg0JTNFJTBBJTIwJTIwJTIwJTNDcCUzRUxhJTIwZW5lcmclQzMlQURhJTIwcmVhY3RpdmElMjBlcyUyMHVuJTIwdGlwbyUyMGRlJTIwZW5lcmclQzMlQURhJTIwZWwlQzMlQTljdHJpY2ElMkMlMjBxdWUlMjBhYnNvcmJlbiUyMGRlJTIwbGElMjByZWQlMjBhbGd1bm9zJTIwZXF1aXBvcyUyMGVsJUMzJUE5Y3RyaWNvcyUyMHBlcm8lMjBxdWUlMjBsdWVnbyUyMGxhJTIwZGV2dWVsdmVuJTJDJTIwcG9yJTIwbG8lMjBxdWUlMjBubyUyMHN1cG9uZSUyMHVuJTIwY29uc3VtbyUyQyUyMGF1bnF1ZSUyMHMlQzMlQUQlMjBoYXklMjBxdWUlMjBnZW5lcmFybGElMjB5JTIwdHJhbnNwb3J0YXJsYSUyMGhhc3RhJTIwbG9zJTIwZXF1aXBvcy4lM0MlMkZwJTNFJTBBJTIwJTIwJTIwJTIwJTNDYSUyMGNsYXNzJTNEJTIyYm90b25fZW5sYWNlJTIyJTIwaHJlZiUzRCUyMiUyRnNvcG9ydGUlMkZmb3JtYWNpb24lMkZub3RlYm9va3MlMkZlbmVyZ2lhLXJlYWN0aXZhJTJGJTIyJTNFU2FiZXIlMjBtJUMzJUExcyUyMCUzQ2klMjBjbGFzcyUzRCUyMmljby1hcnJvdy1yaWdodCUyMiUzRSUzQyUyRmklM0UlM0MlMkZhJTNFJTBBJTNDJTJGZGl2JTNFJTBBJTNDJTJGYSUzRQ==[\/vc_raw_html][vc_raw_html]JTNDYSUyMGhyZWYlM0QlMjIlMkZteCUyRnNvcG9ydGUlMkZmb3JtYWNpb24lMkZub3RlYm9va3MlMkZlbmVyZ2lhcy1yZW5vdmFibGVzLWF1dG9jb25zdW1vJTJGJTIyJTNFJTBBJTNDZGl2JTIwY2xhc3MlM0QlMjJpdGVtX2xpc3RhX25vdGVib29rcyUyMGFuaW1hY2lvbl9jYWphJTIyJTNFJTBBJTIwJTIwJTIwJTNDaDQlM0VFbmVyZyVDMyVBRGFzJTIwUmVub3ZhYmxlcyUyMC0lMjBBdXRvY29uc3VtbyUzQyUyRmg0JTNFJTBBJTIwJTIwJTIwJTNDcCUzRUxhJTIwYmFqYWRhJTIwZW4lMjBlbCUyMGNvc3RlJTIwZGUlMjBsYXMlMjBpbnN0YWxhY2lvbmVzJTIwc29sYXJlcyUyMGZvdG92b2x0YWljYXMlMkMlMjBqdW50byUyMGFsJTIwaW5jcmVtZW50byUyMGRlbCUyMGNvc3RlJTIwZGUlMjBsYSUyMGVuZXJnJUMzJUFEYSUyMGVsJUMzJUE5Y3RyaWNhJTIwc29wb3J0YWRvJTIwcG9yJTIwbG9zJTIwY29uc3VtaWRvcmVzJTIwZmluYWxlcyUyMGVuJTIwbG9zJTIwJUMzJUJBbHRpbW9zJTIwYSVDMyVCMW9zJTJDJTIwaGElMjBhY2VsZXJhZG8lMjBsYSUyMGxsZWdhZGElMjBkZSUyMGxhJTIwcGFyaWRhZCUyMGNvbiUyMGxhJTIwcmVkJTIwZW4lMjBtdWNoYXMlMjByZWdpb25lcyUyMGRlbCUyMG11bmRvLiUzQyUyRnAlM0UlMEElMjAlMjAlMjAlMjAlM0NhJTIwY2xhc3MlM0QlMjJib3Rvbl9lbmxhY2UlMjIlMjBocmVmJTNEJTIyJTJGc29wb3J0ZSUyRmZvcm1hY2lvbiUyRm5vdGVib29rcyUyRmVuZXJnaWFzLXJlbm92YWJsZXMtYXV0b2NvbnN1bW8lMkYlMjIlM0VTYWJlciUyMG0lQzMlQTFzJTIwJTNDaSUyMGNsYXNzJTNEJTIyaWNvLWFycm93LXJpZ2h0JTIyJTNFJTNDJTJGaSUzRSUzQyUyRmElM0UlMEElM0MlMkZkaXYlM0UlMEElM0MlMkZhJTNF[\/vc_raw_html][\/vc_column][\/vc_row][vc_row el_class=&#8221;bloque bottom_cat_sector&#8221;][vc_column width=&#8221;1\/2&#8243;][vc_column_text el_class=&#8221;animacion_left&#8221;]<\/p>\n<h6 class=\"wrap-title\">NEWSLETTER<\/h6>\n<p>[\/vc_column_text][vc_row_inner el_class=&#8221;newsletter_cat_sector&#8221;][vc_column_inner][vc_column_text el_class=&#8221;titulo&#8221;]<strong>Mantente al d\u00eda.<\/strong><br \/>\nSuscr\u00edbete a nuestra Newsletter.[\/vc_column_text][vc_column_text el_class=&#8221;subtitulo&#8221;]Quiero recibir noticias e informaci\u00f3n comercial de CIRCUTOR a trav\u00e9s de correo electr\u00f3nico.<\/p>\n<p><script src=\"\/\/info.circutor.com\/js\/forms2\/js\/forms2.min.js\"><\/script><\/p>\n<form id=\"mktoForm_1748\"><\/form>\n<p><script>MktoForms2.loadForm(\"\/\/info.circutor.com\", \"940-CSD-667\", 1748);<\/script>[\/vc_column_text][\/vc_column_inner][\/vc_row_inner][\/vc_column][vc_column width=&#8221;1\/2&#8243;][vc_column_text el_class=&#8221;animacion_left&#8221;]<\/p>\n<h6 class=\"wrap-title\">ASISTENCIA<\/h6>\n<p>[\/vc_column_text][vc_raw_html el_class=&#8221;asistencia_cat_sector&#8221;]JTNDYSUyMGhyZWYlM0QlMjIlMkZteCUyRmNvbnRhY3RvJTJGJTIyJTNFJTBBJTNDZGl2JTIwY2xhc3MlM0QlMjJpdGVtJTIwZ2VuZXJhbCUyMGFuaW1hY2lvbl9jYWphJTIyJTNFJTBBJTNDZGl2JTIwY2xhc3MlM0QlMjJpbWFnZW4tYm9yZGUlMjIlM0UlMEElM0NpbWclMjBzcmMlM0QlMjIlMkZ3cC1jb250ZW50JTJGdXBsb2FkcyUyRjIwMjIlMkYwOCUyRkZTQl9Bc2lzdGVuY2lhLmpwZyUyMiUzRSUwQSUzQyUyRmRpdiUzRSUwQSUzQ2RpdiUyMGNsYXNzJTNEJTIyZGV0YWlscyUyMiUzRSUwQSUzQ3AlMjBjbGFzcyUzRCUyMnRpdHVsb19wYWdlJTIyJTNFJTNDc3Ryb25nJTNFRW4lMjBDSVJDVVRPUiUyMGVzdGFtb3MlMjBwYXJhJTIwYXl1ZGFydGUuJTNDJTJGc3Ryb25nJTNFJTNDYnIlM0UlMEFTaSUyMHRpZW5lcyUyMGN1YWxxdWllciUyMGR1ZGElMkMlMjBoYWJsZW1vcy4lM0MlMkZwJTNFJTBBJTNDcCUyMGNsYXNzJTNEJTIyZW5sYWNlJTIyJTNFSGFibGElMjBjb24lMjB1biUyMGVzcGVjaWFsaXN0YSUyMCUzQ2klMjBjbGFzcyUzRCUyMmljby1hcnJvdy1yaWdodCUyMiUzRSUzQyUyRmklM0UlM0MlMkZwJTNFJTBBJTNDJTJGZGl2JTNFJTBBJTBBJTNDJTJGZGl2JTNFJTBBJTNDJTJGYSUzRQ==[\/vc_raw_html][\/vc_column][\/vc_row]<\/p>\n","protected":false},"excerpt":{"rendered":"<p>[vc_row][vc_column][\/vc_column][\/vc_row][vc_row el_class=&#8221;banner_page_sin_foto banner_formacion&#8221;][vc_column][vc_column_text] Notebooks [\/vc_column_text][vc_column_text]Aqu\u00ed puedes encontrar informaci\u00f3n t\u00e9cnica sobre temas del sector.[\/vc_column_text][\/vc_column][\/vc_row][vc_row el_class=&#8221;listado_notebooks&#8221;][vc_column][vc_raw_html]JTNDYSUyMGhyZWYlM0QlMjIlMkZteCUyRnNvcG9ydGUlMkZmb3JtYWNpb24lMkZub3RlYm9va3MlMkZlZmljaWVuY2lhLWVuZXJnZXRpY2EtZWxlY3RyaWNhJTJGJTIyJTNFJTBBJTNDZGl2JTIwY2xhc3MlM0QlMjJpdGVtX2xpc3RhX25vdGVib29rcyUyMGFuaW1hY2lvbl9jYWphJTIyJTNFJTBBJTIwJTIwJTIwJTNDaDQlM0VFZmljaWVuY2lhJTIwRW5lcmclQzMlQTl0aWNhJTIwRWwlQzMlQTljdHJpY2ElM0MlMkZoNCUzRSUwQSUyMCUyMCUyMCUzQ3AlM0VBY3R1YWxtZW50ZSUyMGVsJTIwZ3JhbiUyMGF1bWVudG8lMjBkZSUyMGRlbWFuZGElMjBkZSUyMGVuZXJnJUMzJUFEYSUyQyUyMGFzJUMzJUFEJTIwY29tbyUyMGxhcyUyMHByZXZpc2lvbmVzJTIwZXhpc3RlbnRlcyUyMGElMjBjb3J0byUyMHBsYXpvJTJDJTIwbXVlc3RyYW4lMjB1bmElMjBzZXJpZSUyMGRlJTIwZ3JhbmRlcyUyMHByb2JsZW1hcyUyMGElMjBlc2NhbGElMjBtdW5kaWFsJTNBJTIwQWZlY3RhY2klQzMlQjNuJTIwZ3JhdmUlMjBhbCUyMG1lZGlvJTIwYW1iaWVudGUlMkMlMjBlbmNhcmVjaW1pZW50byUyMHByb2dyZXNpdm8lRTIlODAlQTYlM0MlMkZwJTNFJTBBJTIwJTIwJTIwJTIwJTNDYSUyMGNsYXNzJTNEJTIyYm90b25fZW5sYWNlJTIyJTIwaHJlZiUzRCUyMiUyRnNvcG9ydGUlMkZmb3JtYWNpb24lMkZub3RlYm9va3MlMkZlZmljaWVuY2lhLWVuZXJnZXRpY2EtZWxlY3RyaWNhJTJGJTIyJTNFU2FiZXIlMjBtJUMzJUExcyUzQ2klMjBjbGFzcyUzRCUyMmljby1hcnJvdy1yaWdodCUyMiUzRSUzQyUyRmklM0UlM0MlMkZhJTNFJTBBJTNDJTJGZGl2JTNFJTBBJTNDJTJGYSUzRQ==[\/vc_raw_html][vc_raw_html]JTNDYSUyMGhyZWYlM0QlMjIlMkZteCUyRnNvcG9ydGUlMkZmb3JtYWNpb24lMkZub3RlYm9va3MlMkZhcm1vbmljb3MtZWxlY3RyaWNvcyUyRiUyMiUzRSUwQSUzQ2RpdiUyMGNsYXNzJTNEJTIyaXRlbV9saXN0YV9ub3RlYm9va3MlMjBhbmltYWNpb25fY2FqYSUyMiUzRSUwQSUyMCUyMCUyMCUzQ2g0JTNFQXJtJUMzJUIzbmljb3MlMjBFbCVDMyVBOWN0cmljb3MlM0MlMkZoNCUzRSUwQSUyMCUyMCUyMCUzQ3AlM0VMYXMlMjBjYXJnYXMlMjBubyUyMGxpbmVhbGVzJTIwdGFsZXMlMjBjb21vJTNBJTIwcmVjdGklRUYlQUMlODFjYWRvcmVzJTJDJTIwaW52ZXJzb3JlcyUyQyUyMHZhcmlhZG9yZXMlMjBkZSUyMHZlbG9jaWRhZCUyQyUyMGhvcm5vcyUyQyUyMGV0YyUzQiUyMGFic29yYmVuJTIwZGUlMjBsYSUyMHJlZCUyMGNvcnJpZW50ZXMlMjBwZXJpJUMzJUIzZGljYXMlMjBubyUyMHNlbm9pZGFsZXMuJTIwJTNDJTJGcCUzRSUwQSUyMCUyMCUyMCUyMCUzQ2ElMjBjbGFzcyUzRCUyMmJvdG9uX2VubGFjZSUyMiUyMGhyZWYlM0QlMjIlMkZzb3BvcnRlJTJGZm9ybWFjaW9uJTJGbm90ZWJvb2tzJTJGYXJtb25pY29zLWVsZWN0cmljb3MlMkYlMjIlM0VTYWJlciUyMG0lQzMlQTFzJTIwJTNDaSUyMGNsYXNzJTNEJTIyaWNvLWFycm93LXJpZ2h0JTIyJTNFJTNDJTJGaSUzRSUzQyUyRmElM0UlMEElM0MlMkZkaXYlM0UlMEElM0MlMkZhJTNF[\/vc_raw_html][vc_raw_html]JTNDYSUyMGhyZWYlM0QlMjIlMkZteCUyRnNvcG9ydGUlMkZmb3JtYWNpb24lMkZub3RlYm9va3MlMkZlbmVyZ2lhLXJlYWN0aXZhJTJGJTIyJTNFJTBBJTNDZGl2JTIwY2xhc3MlM0QlMjJpdGVtX2xpc3RhX25vdGVib29rcyUyMGFuaW1hY2lvbl9jYWphJTIyJTNFJTBBJTIwJTIwJTIwJTNDaDQlM0VFbmVyZyVDMyVBRGElMjBSZWFjdGl2YSUzQyUyRmg0JTNFJTBBJTIwJTIwJTIwJTNDcCUzRUxhJTIwZW5lcmclQzMlQURhJTIwcmVhY3RpdmElMjBlcyUyMHVuJTIwdGlwbyUyMGRlJTIwZW5lcmclQzMlQURhJTIwZWwlQzMlQTljdHJpY2ElMkMlMjBxdWUlMjBhYnNvcmJlbiUyMGRlJTIwbGElMjByZWQlMjBhbGd1bm9zJTIwZXF1aXBvcyUyMGVsJUMzJUE5Y3RyaWNvcyUyMHBlcm8lMjBxdWUlMjBsdWVnbyUyMGxhJTIwZGV2dWVsdmVuJTJDJTIwcG9yJTIwbG8lMjBxdWUlMjBubyUyMHN1cG9uZSUyMHVuJTIwY29uc3VtbyUyQyUyMGF1bnF1ZSUyMHMlQzMlQUQlMjBoYXklMjBxdWUlMjBnZW5lcmFybGElMjB5JTIwdHJhbnNwb3J0YXJsYSUyMGhhc3RhJTIwbG9zJTIwZXF1aXBvcy4lM0MlMkZwJTNFJTBBJTIwJTIwJTIwJTIwJTNDYSUyMGNsYXNzJTNEJTIyYm90b25fZW5sYWNlJTIyJTIwaHJlZiUzRCUyMiUyRnNvcG9ydGUlMkZmb3JtYWNpb24lMkZub3RlYm9va3MlMkZlbmVyZ2lhLXJlYWN0aXZhJTJGJTIyJTNFU2FiZXIlMjBtJUMzJUExcyUyMCUzQ2klMjBjbGFzcyUzRCUyMmljby1hcnJvdy1yaWdodCUyMiUzRSUzQyUyRmklM0UlM0MlMkZhJTNFJTBBJTNDJTJGZGl2JTNFJTBBJTNDJTJGYSUzRQ==[\/vc_raw_html][vc_raw_html]JTNDYSUyMGhyZWYlM0QlMjIlMkZteCUyRnNvcG9ydGUlMkZmb3JtYWNpb24lMkZub3RlYm9va3MlMkZlbmVyZ2lhcy1yZW5vdmFibGVzLWF1dG9jb25zdW1vJTJGJTIyJTNFJTBBJTNDZGl2JTIwY2xhc3MlM0QlMjJpdGVtX2xpc3RhX25vdGVib29rcyUyMGFuaW1hY2lvbl9jYWphJTIyJTNFJTBBJTIwJTIwJTIwJTNDaDQlM0VFbmVyZyVDMyVBRGFzJTIwUmVub3ZhYmxlcyUyMC0lMjBBdXRvY29uc3VtbyUzQyUyRmg0JTNFJTBBJTIwJTIwJTIwJTNDcCUzRUxhJTIwYmFqYWRhJTIwZW4lMjBlbCUyMGNvc3RlJTIwZGUlMjBsYXMlMjBpbnN0YWxhY2lvbmVzJTIwc29sYXJlcyUyMGZvdG92b2x0YWljYXMlMkMlMjBqdW50byUyMGFsJTIwaW5jcmVtZW50byUyMGRlbCUyMGNvc3RlJTIwZGUlMjBsYSUyMGVuZXJnJUMzJUFEYSUyMGVsJUMzJUE5Y3RyaWNhJTIwc29wb3J0YWRvJTIwcG9yJTIwbG9zJTIwY29uc3VtaWRvcmVzJTIwZmluYWxlcyUyMGVuJTIwbG9zJTIwJUMzJUJBbHRpbW9zJTIwYSVDMyVCMW9zJTJDJTIwaGElMjBhY2VsZXJhZG8lMjBsYSUyMGxsZWdhZGElMjBkZSUyMGxhJTIwcGFyaWRhZCUyMGNvbiUyMGxhJTIwcmVkJTIwZW4lMjBtdWNoYXMlMjByZWdpb25lcyUyMGRlbCUyMG11bmRvLiUzQyUyRnAlM0UlMEElMjAlMjAlMjAlMjAlM0NhJTIwY2xhc3MlM0QlMjJib3Rvbl9lbmxhY2UlMjIlMjBocmVmJTNEJTIyJTJGc29wb3J0ZSUyRmZvcm1hY2lvbiUyRm5vdGVib29rcyUyRmVuZXJnaWFzLXJlbm92YWJsZXMtYXV0b2NvbnN1bW8lMkYlMjIlM0VTYWJlciUyMG0lQzMlQTFzJTIwJTNDaSUyMGNsYXNzJTNEJTIyaWNvLWFycm93LXJpZ2h0JTIyJTNFJTNDJTJGaSUzRSUzQyUyRmElM0UlMEElM0MlMkZkaXYlM0UlMEElM0MlMkZhJTNF[\/vc_raw_html][\/vc_column][\/vc_row][vc_row el_class=&#8221;bloque bottom_cat_sector&#8221;][vc_column width=&#8221;1\/2&#8243;][vc_column_text el_class=&#8221;animacion_left&#8221;] NEWSLETTER [\/vc_column_text][vc_row_inner el_class=&#8221;newsletter_cat_sector&#8221;][vc_column_inner][vc_column_text el_class=&#8221;titulo&#8221;]Mantente al d\u00eda. Suscr\u00edbete a nuestra Newsletter.[\/vc_column_text][vc_column_text el_class=&#8221;subtitulo&#8221;]Quiero recibir noticias e informaci\u00f3n comercial de CIRCUTOR a trav\u00e9s de correo electr\u00f3nico. [\/vc_column_text][\/vc_column_inner][\/vc_row_inner][\/vc_column][vc_column width=&#8221;1\/2&#8243;][vc_column_text el_class=&#8221;animacion_left&#8221;] ASISTENCIA [\/vc_column_text][vc_raw_html el_class=&#8221;asistencia_cat_sector&#8221;]JTNDYSUyMGhyZWYlM0QlMjIlMkZteCUyRmNvbnRhY3RvJTJGJTIyJTNFJTBBJTNDZGl2JTIwY2xhc3MlM0QlMjJpdGVtJTIwZ2VuZXJhbCUyMGFuaW1hY2lvbl9jYWphJTIyJTNFJTBBJTNDZGl2JTIwY2xhc3MlM0QlMjJpbWFnZW4tYm9yZGUlMjIlM0UlMEElM0NpbWclMjBzcmMlM0QlMjIlMkZ3cC1jb250ZW50JTJGdXBsb2FkcyUyRjIwMjIlMkYwOCUyRkZTQl9Bc2lzdGVuY2lhLmpwZyUyMiUzRSUwQSUzQyUyRmRpdiUzRSUwQSUzQ2RpdiUyMGNsYXNzJTNEJTIyZGV0YWlscyUyMiUzRSUwQSUzQ3AlMjBjbGFzcyUzRCUyMnRpdHVsb19wYWdlJTIyJTNFJTNDc3Ryb25nJTNFRW4lMjBDSVJDVVRPUiUyMGVzdGFtb3MlMjBwYXJhJTIwYXl1ZGFydGUuJTNDJTJGc3Ryb25nJTNFJTNDYnIlM0UlMEFTaSUyMHRpZW5lcyUyMGN1YWxxdWllciUyMGR1ZGElMkMlMjBoYWJsZW1vcy4lM0MlMkZwJTNFJTBBJTNDcCUyMGNsYXNzJTNEJTIyZW5sYWNlJTIyJTNFSGFibGElMjBjb24lMjB1biUyMGVzcGVjaWFsaXN0YSUyMCUzQ2klMjBjbGFzcyUzRCUyMmljby1hcnJvdy1yaWdodCUyMiUzRSUzQyUyRmklM0UlM0MlMkZwJTNFJTBBJTNDJTJGZGl2JTNFJTBBJTBBJTNDJTJGZGl2JTNFJTBBJTNDJTJGYSUzRQ==[\/vc_raw_html][\/vc_column][\/vc_row]<\/p>\n","protected":false},"author":1,"featured_media":0,"parent":53564,"menu_order":0,"comment_status":"closed","ping_status":"closed","template":"","meta":[],"acf":[],"yoast_head":"<!-- This site is optimized with the Yoast SEO plugin v19.4 - https:\/\/yoast.com\/wordpress\/plugins\/seo\/ -->\n<title>Notebooks de Formaci\u00f3n en Eficiencia Energ\u00e9tica | Circutor<\/title>\n<meta name=\"description\" content=\"Descarga los notebooks de formaci\u00f3n de Circutor y aprende sobre eficiencia energ\u00e9tica. Recursos educativos para mejorar tus conocimientos y habilidades.\" \/>\n<meta name=\"robots\" content=\"index, follow, max-snippet:-1, max-image-preview:large, max-video-preview:-1\" \/>\n<link rel=\"canonical\" href=\"https:\/\/circutor.com\/mx\/soporte\/formacion\/notebooks\/\" \/>\n<meta property=\"og:locale\" content=\"es_MX\" \/>\n<meta property=\"og:type\" content=\"article\" \/>\n<meta property=\"og:title\" content=\"Notebooks de Formaci\u00f3n en Eficiencia Energ\u00e9tica | Circutor\" \/>\n<meta property=\"og:description\" content=\"Descarga los notebooks de formaci\u00f3n de Circutor y aprende sobre eficiencia energ\u00e9tica. Recursos educativos para mejorar tus conocimientos y habilidades.\" \/>\n<meta property=\"og:url\" content=\"https:\/\/circutor.com\/mx\/soporte\/formacion\/notebooks\/\" \/>\n<meta property=\"og:site_name\" content=\"CIRCUTOR\" \/>\n<meta property=\"article:publisher\" content=\"https:\/\/www.facebook.com\/CIRCUTOR.ES\" \/>\n<meta property=\"article:modified_time\" content=\"2025-02-10T12:52:40+00:00\" \/>\n<meta property=\"og:image\" content=\"https:\/\/circutor.com\/wp-content\/uploads\/2022\/07\/Circutor_Logo_Color.png\" \/>\n\t<meta property=\"og:image:width\" content=\"1299\" \/>\n\t<meta property=\"og:image:height\" content=\"354\" \/>\n\t<meta property=\"og:image:type\" content=\"image\/png\" \/>\n<meta name=\"twitter:card\" content=\"summary_large_image\" \/>\n<meta name=\"twitter:site\" content=\"@circutor\" \/>\n<meta name=\"twitter:label1\" content=\"Tiempo de lectura\" \/>\n\t<meta name=\"twitter:data1\" content=\"1 minuto\" \/>\n<script type=\"application\/ld+json\" class=\"yoast-schema-graph\">{\"@context\":\"https:\/\/schema.org\",\"@graph\":[{\"@type\":\"Organization\",\"@id\":\"https:\/\/circutor.com\/#organization\",\"name\":\"Circutor\",\"url\":\"https:\/\/circutor.com\/\",\"sameAs\":[\"https:\/\/www.instagram.com\/circutor_es\",\"https:\/\/www.linkedin.com\/company\/circutor\",\"https:\/\/www.youtube.com\/user\/CIRCUTORoficial\",\"https:\/\/www.facebook.com\/CIRCUTOR.ES\",\"https:\/\/twitter.com\/circutor\"],\"logo\":{\"@type\":\"ImageObject\",\"inLanguage\":\"es-MX\",\"@id\":\"https:\/\/circutor.com\/#\/schema\/logo\/image\/\",\"url\":\"https:\/\/circutor.com\/wp-content\/uploads\/2020\/09\/CIR_LOGO_RED.png\",\"contentUrl\":\"https:\/\/circutor.com\/wp-content\/uploads\/2020\/09\/CIR_LOGO_RED.png\",\"width\":512,\"height\":128,\"caption\":\"Circutor\"},\"image\":{\"@id\":\"https:\/\/circutor.com\/#\/schema\/logo\/image\/\"}},{\"@type\":\"WebSite\",\"@id\":\"https:\/\/circutor.com\/#website\",\"url\":\"https:\/\/circutor.com\/\",\"name\":\"CIRCUTOR\",\"description\":\"Soluciones para la eficiencia energ\u00e9tica el\u00e9ctrica\",\"publisher\":{\"@id\":\"https:\/\/circutor.com\/#organization\"},\"potentialAction\":[{\"@type\":\"SearchAction\",\"target\":{\"@type\":\"EntryPoint\",\"urlTemplate\":\"https:\/\/circutor.com\/?s={search_term_string}\"},\"query-input\":\"required name=search_term_string\"}],\"inLanguage\":\"es-MX\"},{\"@type\":\"WebPage\",\"@id\":\"https:\/\/circutor.com\/mx\/soporte\/formacion\/notebooks\/\",\"url\":\"https:\/\/circutor.com\/mx\/soporte\/formacion\/notebooks\/\",\"name\":\"Notebooks de Formaci\u00f3n en Eficiencia Energ\u00e9tica | Circutor\",\"isPartOf\":{\"@id\":\"https:\/\/circutor.com\/#website\"},\"datePublished\":\"2021-04-01T07:53:19+00:00\",\"dateModified\":\"2025-02-10T12:52:40+00:00\",\"description\":\"Descarga los notebooks de formaci\u00f3n de Circutor y aprende sobre eficiencia energ\u00e9tica. Recursos educativos para mejorar tus conocimientos y habilidades.\",\"breadcrumb\":{\"@id\":\"https:\/\/circutor.com\/mx\/soporte\/formacion\/notebooks\/#breadcrumb\"},\"inLanguage\":\"es-MX\",\"potentialAction\":[{\"@type\":\"ReadAction\",\"target\":[\"https:\/\/circutor.com\/mx\/soporte\/formacion\/notebooks\/\"]}]},{\"@type\":\"BreadcrumbList\",\"@id\":\"https:\/\/circutor.com\/mx\/soporte\/formacion\/notebooks\/#breadcrumb\",\"itemListElement\":[{\"@type\":\"ListItem\",\"position\":1,\"name\":\"Portada\",\"item\":\"https:\/\/circutor.com\/mx\/\"},{\"@type\":\"ListItem\",\"position\":2,\"name\":\"Soporte\",\"item\":\"https:\/\/circutor.com\/mx\/soporte\/\"},{\"@type\":\"ListItem\",\"position\":3,\"name\":\"Formaci\u00f3n\",\"item\":\"https:\/\/circutor.com\/mx\/soporte\/formacion\/\"},{\"@type\":\"ListItem\",\"position\":4,\"name\":\"Notebooks\"}]}]}<\/script>\n<!-- \/ Yoast SEO plugin. -->","yoast_head_json":{"title":"Notebooks de Formaci\u00f3n en Eficiencia Energ\u00e9tica | Circutor","description":"Descarga los notebooks de formaci\u00f3n de Circutor y aprende sobre eficiencia energ\u00e9tica. Recursos educativos para mejorar tus conocimientos y habilidades.","robots":{"index":"index","follow":"follow","max-snippet":"max-snippet:-1","max-image-preview":"max-image-preview:large","max-video-preview":"max-video-preview:-1"},"canonical":"https:\/\/circutor.com\/mx\/soporte\/formacion\/notebooks\/","og_locale":"es_MX","og_type":"article","og_title":"Notebooks de Formaci\u00f3n en Eficiencia Energ\u00e9tica | Circutor","og_description":"Descarga los notebooks de formaci\u00f3n de Circutor y aprende sobre eficiencia energ\u00e9tica. Recursos educativos para mejorar tus conocimientos y habilidades.","og_url":"https:\/\/circutor.com\/mx\/soporte\/formacion\/notebooks\/","og_site_name":"CIRCUTOR","article_publisher":"https:\/\/www.facebook.com\/CIRCUTOR.ES","article_modified_time":"2025-02-10T12:52:40+00:00","og_image":[{"width":1299,"height":354,"url":"https:\/\/circutor.com\/wp-content\/uploads\/2022\/07\/Circutor_Logo_Color.png","type":"image\/png"}],"twitter_card":"summary_large_image","twitter_site":"@circutor","twitter_misc":{"Tiempo de lectura":"1 minuto"},"schema":{"@context":"https:\/\/schema.org","@graph":[{"@type":"Organization","@id":"https:\/\/circutor.com\/#organization","name":"Circutor","url":"https:\/\/circutor.com\/","sameAs":["https:\/\/www.instagram.com\/circutor_es","https:\/\/www.linkedin.com\/company\/circutor","https:\/\/www.youtube.com\/user\/CIRCUTORoficial","https:\/\/www.facebook.com\/CIRCUTOR.ES","https:\/\/twitter.com\/circutor"],"logo":{"@type":"ImageObject","inLanguage":"es-MX","@id":"https:\/\/circutor.com\/#\/schema\/logo\/image\/","url":"https:\/\/circutor.com\/wp-content\/uploads\/2020\/09\/CIR_LOGO_RED.png","contentUrl":"https:\/\/circutor.com\/wp-content\/uploads\/2020\/09\/CIR_LOGO_RED.png","width":512,"height":128,"caption":"Circutor"},"image":{"@id":"https:\/\/circutor.com\/#\/schema\/logo\/image\/"}},{"@type":"WebSite","@id":"https:\/\/circutor.com\/#website","url":"https:\/\/circutor.com\/","name":"CIRCUTOR","description":"Soluciones para la eficiencia energ\u00e9tica el\u00e9ctrica","publisher":{"@id":"https:\/\/circutor.com\/#organization"},"potentialAction":[{"@type":"SearchAction","target":{"@type":"EntryPoint","urlTemplate":"https:\/\/circutor.com\/?s={search_term_string}"},"query-input":"required name=search_term_string"}],"inLanguage":"es-MX"},{"@type":"WebPage","@id":"https:\/\/circutor.com\/mx\/soporte\/formacion\/notebooks\/","url":"https:\/\/circutor.com\/mx\/soporte\/formacion\/notebooks\/","name":"Notebooks de Formaci\u00f3n en Eficiencia Energ\u00e9tica | Circutor","isPartOf":{"@id":"https:\/\/circutor.com\/#website"},"datePublished":"2021-04-01T07:53:19+00:00","dateModified":"2025-02-10T12:52:40+00:00","description":"Descarga los notebooks de formaci\u00f3n de Circutor y aprende sobre eficiencia energ\u00e9tica. Recursos educativos para mejorar tus conocimientos y habilidades.","breadcrumb":{"@id":"https:\/\/circutor.com\/mx\/soporte\/formacion\/notebooks\/#breadcrumb"},"inLanguage":"es-MX","potentialAction":[{"@type":"ReadAction","target":["https:\/\/circutor.com\/mx\/soporte\/formacion\/notebooks\/"]}]},{"@type":"BreadcrumbList","@id":"https:\/\/circutor.com\/mx\/soporte\/formacion\/notebooks\/#breadcrumb","itemListElement":[{"@type":"ListItem","position":1,"name":"Portada","item":"https:\/\/circutor.com\/mx\/"},{"@type":"ListItem","position":2,"name":"Soporte","item":"https:\/\/circutor.com\/mx\/soporte\/"},{"@type":"ListItem","position":3,"name":"Formaci\u00f3n","item":"https:\/\/circutor.com\/mx\/soporte\/formacion\/"},{"@type":"ListItem","position":4,"name":"Notebooks"}]}]}},"_links":{"self":[{"href":"https:\/\/circutor.com\/mx\/wp-json\/wp\/v2\/pages\/53568"}],"collection":[{"href":"https:\/\/circutor.com\/mx\/wp-json\/wp\/v2\/pages"}],"about":[{"href":"https:\/\/circutor.com\/mx\/wp-json\/wp\/v2\/types\/page"}],"author":[{"embeddable":true,"href":"https:\/\/circutor.com\/mx\/wp-json\/wp\/v2\/users\/1"}],"replies":[{"embeddable":true,"href":"https:\/\/circutor.com\/mx\/wp-json\/wp\/v2\/comments?post=53568"}],"version-history":[{"count":3,"href":"https:\/\/circutor.com\/mx\/wp-json\/wp\/v2\/pages\/53568\/revisions"}],"predecessor-version":[{"id":54406,"href":"https:\/\/circutor.com\/mx\/wp-json\/wp\/v2\/pages\/53568\/revisions\/54406"}],"up":[{"embeddable":true,"href":"https:\/\/circutor.com\/mx\/wp-json\/wp\/v2\/pages\/53564"}],"wp:attachment":[{"href":"https:\/\/circutor.com\/mx\/wp-json\/wp\/v2\/media?parent=53568"}],"curies":[{"name":"wp","href":"https:\/\/api.w.org\/{rel}","templated":true}]}}