{"id":53553,"date":"2020-10-23T11:34:25","date_gmt":"2020-10-23T11:34:25","guid":{"rendered":"https:\/\/circutor.com\/sectores\/"},"modified":"2020-10-23T11:34:25","modified_gmt":"2020-10-23T11:34:25","slug":"sectores","status":"publish","type":"page","link":"https:\/\/circutor.com\/mx\/sectores\/","title":{"rendered":"Sectores"},"content":{"rendered":"<p>[vc_row full_width=&#8221;stretch_row&#8221; el_class=&#8221;banner_pagina_texto&#8221; css=&#8221;.vc_custom_1642679178904{background-image: url(https:\/\/circutor.com\/wp-content\/uploads\/2021\/01\/FSB_Barcelona-Nit.jpg?id=12424) !important;background-position: center !important;background-repeat: no-repeat !important;background-size: cover !important;}&#8221;][vc_column css=&#8221;.vc_custom_1605620904006{padding-top: 0px !important;}&#8221;][vc_row_inner el_class=&#8221;breadcrumb&#8221;][vc_column_inner]<div itemscope itemtype=\"https:\/\/schema.org\/BreadcrumbList\" id=\"breadcrumb\"><div itemprop=\"itemListElement\" itemscope itemtype=\"https:\/\/schema.org\/ListItem\"><a itemprop=\"item\" href=\"https:\/\/circutor.com\/mx\/\"><span itemprop=\"name\">Home<\/span><\/a><meta itemprop=\"position\" content=\"1\" \/><\/div><div itemprop=\"itemListElement\" itemscope itemtype=\"https:\/\/schema.org\/ListItem\"><span><i class=\"ico-guil-singl-right\"><\/i><\/span><span class=\"active_item_breadcrumb\" itemprop=\"name\">Sectores<\/span><meta itemprop=\"position\" content=\"3\"><\/div><\/div>[\/vc_column_inner][\/vc_row_inner][vc_row_inner][vc_column_inner width=&#8221;1\/2&#8243;][vc_column_text]<\/p>\n<h1>Mejorar la eficiencia energ\u00e9tica en tu sector<\/h1>\n<p>Soluciones integrales para la eficiencia energ\u00e9tica aplicables en un gran n\u00famero de sectores: generaci\u00f3n, industria, sector terciario e incluso dom\u00e8stico. Estamos presentes de principio a fin.[\/vc_column_text][\/vc_column_inner][vc_column_inner width=&#8221;1\/2&#8243;][\/vc_column_inner][\/vc_row_inner][\/vc_column][\/vc_row][vc_row el_class=&#8221;bloque empresa-pasando sectores_page mostrar_sectores_cpt&#8221;][vc_column][vc_column_text el_class=&#8221;animacion_left&#8221;]<\/p>\n<h6 class=\"wrap-title\">PARA CADA UNO DE LOS SECTORES<\/h6>\n<p>[\/vc_column_text][vc_row_inner el_class=\"cultura_bottom\"][vc_column_inner width=\"1\/3\"]<a href=\"https:\/\/circutor.com\/mx\/sectores\/industria\/\"><div class=\"item general animacion_caja\"><div class=\"details\"><i class=\"\"><\/i><h4 class=\"titulo_page small\">Industria<\/h4><p class=\"enlace\">Podemos ayudarte a mejorar tus procesos productivos e indicadores de rendimiento, asegurar la continuidad de tu producci\u00f3n y ahorrar en tu factura energ\u00e9tica con soluciones eficientes y sostenibles. <i class=\"ico-arrow-right\"><\/i><\/p><\/div><\/div><\/a>[\/vc_column_inner][vc_column_inner width=\"1\/3\"]<a href=\"https:\/\/circutor.com\/mx\/sectores\/terciario-edificios-e-infraestructuras\/\"><div class=\"item general animacion_caja\"><div class=\"details\"><i class=\"\"><\/i><h4 class=\"titulo_page small\">Terciario, edificios e infraestructuras<\/h4><p class=\"enlace\">Disponemos de soluciones para ayudarte a mejorar la gesti\u00f3n y explotaci\u00f3n de tu instalaci\u00f3n; reducir tus consumos energ\u00e9ticos; ahorrar en tus facturas; asegurando el confort de tus usuarios y clientes. <i class=\"ico-arrow-right\"><\/i><\/p><\/div><\/div><\/a>[\/vc_column_inner][vc_column_inner width=\"1\/3\"]<a href=\"https:\/\/circutor.com\/mx\/sectores\/telecomunicaciones-e-instalaciones-criticas\/\"><div class=\"item general animacion_caja\"><div class=\"details\"><i class=\"\"><\/i><h4 class=\"titulo_page small\">Telecomunicaciones e instalaciones cr\u00edticas<\/h4><p class=\"enlace\">Sabemos que un corte de servicio puede suponerte una gran p\u00e9rdida econ\u00f3mica. Queremos mostrarte nuestras soluciones para garantizar la continuidad de servicio y para optimizar tu instalaci\u00f3n. <i class=\"ico-arrow-right\"><\/i><\/p><\/div><\/div><\/a>[\/vc_column_inner][\/vc_row_inner][vc_row_inner el_class=\"cultura_bottom\"][vc_column_inner width=\"1\/3\"]<a href=\"https:\/\/circutor.com\/mx\/sectores\/companias-electricas\/\"><div class=\"item general animacion_caja\"><div class=\"details\"><i class=\"\"><\/i><h4 class=\"titulo_page small\">Compa\u00f1\u00edas el\u00e9ctricas<\/h4><p class=\"enlace\">Te acompa\u00f1amos en el proceso de implantaci\u00f3n de tus sistemas para la gesti\u00f3n, distribuci\u00f3n y facturaci\u00f3n de energ\u00eda, aportando soluciones con tecnolog\u00eda puntera y ofreciendo nuevas oportunidades de negocio. <i class=\"ico-arrow-right\"><\/i><\/p><\/div><\/div><\/a>[\/vc_column_inner][vc_column_inner width=\"1\/3\"]<a href=\"https:\/\/circutor.com\/mx\/sectores\/autoconsumo-de-energia\/\"><div class=\"item general animacion_caja\"><div class=\"details\"><i class=\"\"><\/i><h4 class=\"titulo_page small\">Autoconsumo de energia<\/h4><p class=\"enlace\">El autoconsumo ha dejado de ser una opci\u00f3n para ser una realidad en nuestra sociedad. Queremos asesorarte sobre las diferentes soluciones disponibles para producir tu propia energ\u00eda renovable y ahorrar en la factura el\u00e9ctrica. <i class=\"ico-arrow-right\"><\/i><\/p><\/div><\/div><\/a>[\/vc_column_inner][vc_column_inner width=\"1\/3\"]<a href=\"https:\/\/circutor.com\/mx\/sectores\/soluciones-para-convertidores-de-frecuencia-e-inversores\/\"><div class=\"item general animacion_caja\"><div class=\"details\"><i class=\"\"><\/i><h4 class=\"titulo_page small\">Soluciones para Convertidores de frecuencia e inversores<\/h4><p class=\"enlace\">Dedicamos todos nuestros esfuerzos a trabajar con nuestros clientes para entender las necesidades de cada proyecto y producto, confiando en nuestro equipo de ingenieros para especificar, dise\u00f1ar y producir soluciones hechas a medida para cada tipo de instalaci\u00f3n. <i class=\"ico-arrow-right\"><\/i><\/p><\/div><\/div><\/a>[\/vc_column_inner][\/vc_row_inner][vc_row_inner el_class=\"cultura_bottom\"][vc_column_inner width=\"1\/3\"]<a href=\"https:\/\/circutor.com\/mx\/sectores\/internet-of-things-iot\/\"><div class=\"item general animacion_caja\"><div class=\"details\"><i class=\"\"><\/i><h4 class=\"titulo_page small\">Internet of Things (IoT)<\/h4><p class=\"enlace\">Nuestro conocimiento como fabricantes de dispositivos y comunicaciones industriales nos permite ofrecer soluciones dedicadas a datalogging, monitorizaci\u00f3n, control, captura de datos y an\u00e1lisis avanzado. <i class=\"ico-arrow-right\"><\/i><\/p><\/div><\/div><\/a>[\/vc_column_inner][\/vc_row_inner][\/vc_column][\/vc_row][vc_row disable_element=&#8221;yes&#8221; el_class=&#8221;bloque empresa-como-lo-hacemos&#8221;][vc_column][vc_column_text el_class=&#8221;animacion_left&#8221;]<\/p>\n<h6 class=\"wrap-title\">CASOS DESTACADOS<\/h6>\n<p>[\/vc_column_text][vc_row_inner][vc_column_inner width=\"1\/3\" el_class=\"item_actualidad_noticias\"]<div class=\"item general ofuscar_link\" data-url=\"https:\/\/circutor.com\/mx\/sectores\/internet-of-things-iot\/\"><div class=\"imagen\"><img src=\"\" style=\"height:213px;object-fit: cover;\"><\/div><div class=\"details\" style=\"min-height: unset\"><p class=\"categoria small\" style=\"\">Lanzamientos<\/p><h5 class=\"titulo\" style=\"display:-webkit-box;-webkit-line-clamp:3;-webkit-box-orient: vertical;overflow: hidden;text-overflow: ellipsis;\"><\/h5><\/div><\/div>[\/vc_column_inner][\/vc_row_inner][\/vc_column][\/vc_row][vc_row el_class=&#8221;bloque empresa-pasando&#8221;][vc_column][vc_column_text el_class=&#8221;animacion_left&#8221;]<\/p>\n<h6 class=\"wrap-title\">M\u00c1S SOBRE NOSOTROS<\/h6>\n<p>[\/vc_column_text][vc_row_inner el_class=&#8221;cultura_bottom sectores_bottom&#8221;][vc_column_inner width=&#8221;1\/2&#8243;][vc_raw_html]JTNDYSUyMGhyZWYlM0QlMjIlMkZwcm9kdWN0b3MteS1zb2x1Y2lvbmVzLWNpcmN1dG9yJTJGJTIyJTNFJTBBJTNDZGl2JTIwY2xhc3MlM0QlMjJpdGVtJTIwZ2VuZXJhbCUyMGFuaW1hY2lvbl9jYWphJTIyJTNFJTBBJTBBJTNDZGl2JTIwY2xhc3MlM0QlMjJkZXRhaWxzJTIyJTNFJTBBJTNDaDQlMjBjbGFzcyUzRCUyMnRpdHVsb19wYWdlJTIwc21hbGwlMjIlM0VQcm9kdWN0b3MlM0MlMkZoNCUzRSUwQSUzQ3AlMjBjbGFzcyUzRCUyMmVubGFjZSUyMiUzRURpc2UlQzMlQjFhZG9zJTIwcGFyYSUyMGxhJTIwZWZpY2llbmNpYSUyMCUzQ2klMjBjbGFzcyUzRCUyMmljby1hcnJvdy1yaWdodCUyMiUzRSUzQyUyRmklM0UlM0MlMkZwJTNFJTBBJTNDJTJGZGl2JTNFJTBBJTBBJTNDJTJGZGl2JTNFJTBBJTNDJTJGYSUzRQ==[\/vc_raw_html][\/vc_column_inner][vc_column_inner width=&#8221;1\/2&#8243;][vc_raw_html]JTNDZGl2JTIwaGlkZGVuJTNFJTNDYSUyMGhyZWYlM0QlMjIlMjMlMjIlM0UlMEElM0NkaXYlMjBjbGFzcyUzRCUyMml0ZW0lMjBnZW5lcmFsJTIwYW5pbWFjaW9uX2NhamElMjIlM0UlMEElMEElM0NkaXYlMjBjbGFzcyUzRCUyMmRldGFpbHMlMjIlM0UlMEElM0NoNCUyMGNsYXNzJTNEJTIydGl0dWxvX3BhZ2UlMjBzbWFsbCUyMiUzRVNlcnZpY2lvcyUzQyUyRmg0JTNFJTBBJTNDcCUyMGNsYXNzJTNEJTIyZW5sYWNlJTIyJTNFQXF1ZWxsbyUyMHF1ZSUyMG5vcyUyMGhhY2UlMjBkaWZlcmVudGVzJTIwJTNDaSUyMGNsYXNzJTNEJTIyaWNvLWFycm93LXJpZ2h0JTIyJTNFJTNDJTJGaSUzRSUzQyUyRnAlM0UlMEElM0MlMkZkaXYlM0UlMEElMEElM0MlMkZkaXYlM0UlMEElM0MlMkZhJTNFJTBBJTNDJTJGZGl2JTNF[\/vc_raw_html][\/vc_column_inner][\/vc_row_inner][\/vc_column][\/vc_row]<\/p>\n","protected":false},"excerpt":{"rendered":"<p>[vc_row full_width=&#8221;stretch_row&#8221; el_class=&#8221;banner_pagina_texto&#8221; css=&#8221;.vc_custom_1642679178904{background-image: url(https:\/\/circutor.com\/wp-content\/uploads\/2021\/01\/FSB_Barcelona-Nit.jpg?id=12424) !important;background-position: center !important;background-repeat: no-repeat !important;background-size: cover !important;}&#8221;][vc_column css=&#8221;.vc_custom_1605620904006{padding-top: 0px !important;}&#8221;][vc_row_inner el_class=&#8221;breadcrumb&#8221;][vc_column_inner][\/vc_column_inner][\/vc_row_inner][vc_row_inner][vc_column_inner width=&#8221;1\/2&#8243;][vc_column_text] Mejorar la eficiencia energ\u00e9tica en tu sector Soluciones integrales para la eficiencia energ\u00e9tica aplicables en un gran n\u00famero de sectores: generaci\u00f3n, industria, sector terciario e incluso dom\u00e8stico. Estamos presentes de principio a fin.[\/vc_column_text][\/vc_column_inner][vc_column_inner width=&#8221;1\/2&#8243;][\/vc_column_inner][\/vc_row_inner][\/vc_column][\/vc_row][vc_row el_class=&#8221;bloque empresa-pasando sectores_page mostrar_sectores_cpt&#8221;][vc_column][vc_column_text [&hellip;]<\/p>\n","protected":false},"author":1,"featured_media":0,"parent":0,"menu_order":0,"comment_status":"closed","ping_status":"closed","template":"","meta":[],"acf":[],"yoast_head":"<!-- This site is optimized with the Yoast SEO plugin v19.4 - https:\/\/yoast.com\/wordpress\/plugins\/seo\/ -->\n<title>Sectores - CIRCUTOR<\/title>\n<meta name=\"robots\" content=\"index, follow, max-snippet:-1, max-image-preview:large, max-video-preview:-1\" \/>\n<link rel=\"canonical\" href=\"https:\/\/circutor.com\/mx\/sectores\/\" \/>\n<meta property=\"og:locale\" content=\"es_MX\" \/>\n<meta property=\"og:type\" content=\"article\" \/>\n<meta property=\"og:title\" content=\"Sectores - CIRCUTOR\" \/>\n<meta property=\"og:description\" content=\"[vc_row full_width=&#8221;stretch_row&#8221; el_class=&#8221;banner_pagina_texto&#8221; css=&#8221;.vc_custom_1642679178904{background-image: url(https:\/\/circutor.com\/wp-content\/uploads\/2021\/01\/FSB_Barcelona-Nit.jpg?id=12424) !important;background-position: center !important;background-repeat: no-repeat !important;background-size: cover !important;}&#8221;][vc_column css=&#8221;.vc_custom_1605620904006{padding-top: 0px !important;}&#8221;][vc_row_inner el_class=&#8221;breadcrumb&#8221;][vc_column_inner][\/vc_column_inner][\/vc_row_inner][vc_row_inner][vc_column_inner width=&#8221;1\/2&#8243;][vc_column_text] Mejorar la eficiencia energ\u00e9tica en tu sector Soluciones integrales para la eficiencia energ\u00e9tica aplicables en un gran n\u00famero de sectores: generaci\u00f3n, industria, sector terciario e incluso dom\u00e8stico. Estamos presentes de principio a fin.[\/vc_column_text][\/vc_column_inner][vc_column_inner width=&#8221;1\/2&#8243;][\/vc_column_inner][\/vc_row_inner][\/vc_column][\/vc_row][vc_row el_class=&#8221;bloque empresa-pasando sectores_page mostrar_sectores_cpt&#8221;][vc_column][vc_column_text [&hellip;]\" \/>\n<meta property=\"og:url\" content=\"https:\/\/circutor.com\/mx\/sectores\/\" \/>\n<meta property=\"og:site_name\" content=\"CIRCUTOR\" \/>\n<meta property=\"article:publisher\" content=\"https:\/\/www.facebook.com\/CIRCUTOR.ES\" \/>\n<meta property=\"og:image\" content=\"https:\/\/circutor.com\/wp-content\/uploads\/2022\/07\/Circutor_Logo_Color.png\" \/>\n\t<meta property=\"og:image:width\" content=\"1299\" \/>\n\t<meta property=\"og:image:height\" content=\"354\" \/>\n\t<meta property=\"og:image:type\" content=\"image\/png\" \/>\n<meta name=\"twitter:card\" content=\"summary_large_image\" \/>\n<meta name=\"twitter:site\" content=\"@circutor\" \/>\n<meta name=\"twitter:label1\" content=\"Tiempo de lectura\" \/>\n\t<meta name=\"twitter:data1\" content=\"2 minutos\" \/>\n<script type=\"application\/ld+json\" class=\"yoast-schema-graph\">{\"@context\":\"https:\/\/schema.org\",\"@graph\":[{\"@type\":\"Organization\",\"@id\":\"https:\/\/circutor.com\/#organization\",\"name\":\"Circutor\",\"url\":\"https:\/\/circutor.com\/\",\"sameAs\":[\"https:\/\/www.instagram.com\/circutor_es\",\"https:\/\/www.linkedin.com\/company\/circutor\",\"https:\/\/www.youtube.com\/user\/CIRCUTORoficial\",\"https:\/\/www.facebook.com\/CIRCUTOR.ES\",\"https:\/\/twitter.com\/circutor\"],\"logo\":{\"@type\":\"ImageObject\",\"inLanguage\":\"es-MX\",\"@id\":\"https:\/\/circutor.com\/#\/schema\/logo\/image\/\",\"url\":\"https:\/\/circutor.com\/wp-content\/uploads\/2020\/09\/CIR_LOGO_RED.png\",\"contentUrl\":\"https:\/\/circutor.com\/wp-content\/uploads\/2020\/09\/CIR_LOGO_RED.png\",\"width\":512,\"height\":128,\"caption\":\"Circutor\"},\"image\":{\"@id\":\"https:\/\/circutor.com\/#\/schema\/logo\/image\/\"}},{\"@type\":\"WebSite\",\"@id\":\"https:\/\/circutor.com\/#website\",\"url\":\"https:\/\/circutor.com\/\",\"name\":\"CIRCUTOR\",\"description\":\"Soluciones para la eficiencia energ\u00e9tica el\u00e9ctrica\",\"publisher\":{\"@id\":\"https:\/\/circutor.com\/#organization\"},\"potentialAction\":[{\"@type\":\"SearchAction\",\"target\":{\"@type\":\"EntryPoint\",\"urlTemplate\":\"https:\/\/circutor.com\/?s={search_term_string}\"},\"query-input\":\"required name=search_term_string\"}],\"inLanguage\":\"es-MX\"},{\"@type\":\"WebPage\",\"@id\":\"https:\/\/circutor.com\/mx\/sectores\/\",\"url\":\"https:\/\/circutor.com\/mx\/sectores\/\",\"name\":\"Sectores - CIRCUTOR\",\"isPartOf\":{\"@id\":\"https:\/\/circutor.com\/#website\"},\"datePublished\":\"2020-10-23T11:34:25+00:00\",\"dateModified\":\"2020-10-23T11:34:25+00:00\",\"breadcrumb\":{\"@id\":\"https:\/\/circutor.com\/mx\/sectores\/#breadcrumb\"},\"inLanguage\":\"es-MX\",\"potentialAction\":[{\"@type\":\"ReadAction\",\"target\":[\"https:\/\/circutor.com\/mx\/sectores\/\"]}]},{\"@type\":\"BreadcrumbList\",\"@id\":\"https:\/\/circutor.com\/mx\/sectores\/#breadcrumb\",\"itemListElement\":[{\"@type\":\"ListItem\",\"position\":1,\"name\":\"Portada\",\"item\":\"https:\/\/circutor.com\/mx\/\"},{\"@type\":\"ListItem\",\"position\":2,\"name\":\"Sectores\"}]}]}<\/script>\n<!-- \/ Yoast SEO plugin. -->","yoast_head_json":{"title":"Sectores - CIRCUTOR","robots":{"index":"index","follow":"follow","max-snippet":"max-snippet:-1","max-image-preview":"max-image-preview:large","max-video-preview":"max-video-preview:-1"},"canonical":"https:\/\/circutor.com\/mx\/sectores\/","og_locale":"es_MX","og_type":"article","og_title":"Sectores - CIRCUTOR","og_description":"[vc_row full_width=&#8221;stretch_row&#8221; el_class=&#8221;banner_pagina_texto&#8221; css=&#8221;.vc_custom_1642679178904{background-image: url(https:\/\/circutor.com\/wp-content\/uploads\/2021\/01\/FSB_Barcelona-Nit.jpg?id=12424) !important;background-position: center !important;background-repeat: no-repeat !important;background-size: cover !important;}&#8221;][vc_column css=&#8221;.vc_custom_1605620904006{padding-top: 0px !important;}&#8221;][vc_row_inner el_class=&#8221;breadcrumb&#8221;][vc_column_inner][\/vc_column_inner][\/vc_row_inner][vc_row_inner][vc_column_inner width=&#8221;1\/2&#8243;][vc_column_text] Mejorar la eficiencia energ\u00e9tica en tu sector Soluciones integrales para la eficiencia energ\u00e9tica aplicables en un gran n\u00famero de sectores: generaci\u00f3n, industria, sector terciario e incluso dom\u00e8stico. Estamos presentes de principio a fin.[\/vc_column_text][\/vc_column_inner][vc_column_inner width=&#8221;1\/2&#8243;][\/vc_column_inner][\/vc_row_inner][\/vc_column][\/vc_row][vc_row el_class=&#8221;bloque empresa-pasando sectores_page mostrar_sectores_cpt&#8221;][vc_column][vc_column_text [&hellip;]","og_url":"https:\/\/circutor.com\/mx\/sectores\/","og_site_name":"CIRCUTOR","article_publisher":"https:\/\/www.facebook.com\/CIRCUTOR.ES","og_image":[{"width":1299,"height":354,"url":"https:\/\/circutor.com\/wp-content\/uploads\/2022\/07\/Circutor_Logo_Color.png","type":"image\/png"}],"twitter_card":"summary_large_image","twitter_site":"@circutor","twitter_misc":{"Tiempo de lectura":"2 minutos"},"schema":{"@context":"https:\/\/schema.org","@graph":[{"@type":"Organization","@id":"https:\/\/circutor.com\/#organization","name":"Circutor","url":"https:\/\/circutor.com\/","sameAs":["https:\/\/www.instagram.com\/circutor_es","https:\/\/www.linkedin.com\/company\/circutor","https:\/\/www.youtube.com\/user\/CIRCUTORoficial","https:\/\/www.facebook.com\/CIRCUTOR.ES","https:\/\/twitter.com\/circutor"],"logo":{"@type":"ImageObject","inLanguage":"es-MX","@id":"https:\/\/circutor.com\/#\/schema\/logo\/image\/","url":"https:\/\/circutor.com\/wp-content\/uploads\/2020\/09\/CIR_LOGO_RED.png","contentUrl":"https:\/\/circutor.com\/wp-content\/uploads\/2020\/09\/CIR_LOGO_RED.png","width":512,"height":128,"caption":"Circutor"},"image":{"@id":"https:\/\/circutor.com\/#\/schema\/logo\/image\/"}},{"@type":"WebSite","@id":"https:\/\/circutor.com\/#website","url":"https:\/\/circutor.com\/","name":"CIRCUTOR","description":"Soluciones para la eficiencia energ\u00e9tica el\u00e9ctrica","publisher":{"@id":"https:\/\/circutor.com\/#organization"},"potentialAction":[{"@type":"SearchAction","target":{"@type":"EntryPoint","urlTemplate":"https:\/\/circutor.com\/?s={search_term_string}"},"query-input":"required name=search_term_string"}],"inLanguage":"es-MX"},{"@type":"WebPage","@id":"https:\/\/circutor.com\/mx\/sectores\/","url":"https:\/\/circutor.com\/mx\/sectores\/","name":"Sectores - CIRCUTOR","isPartOf":{"@id":"https:\/\/circutor.com\/#website"},"datePublished":"2020-10-23T11:34:25+00:00","dateModified":"2020-10-23T11:34:25+00:00","breadcrumb":{"@id":"https:\/\/circutor.com\/mx\/sectores\/#breadcrumb"},"inLanguage":"es-MX","potentialAction":[{"@type":"ReadAction","target":["https:\/\/circutor.com\/mx\/sectores\/"]}]},{"@type":"BreadcrumbList","@id":"https:\/\/circutor.com\/mx\/sectores\/#breadcrumb","itemListElement":[{"@type":"ListItem","position":1,"name":"Portada","item":"https:\/\/circutor.com\/mx\/"},{"@type":"ListItem","position":2,"name":"Sectores"}]}]}},"_links":{"self":[{"href":"https:\/\/circutor.com\/mx\/wp-json\/wp\/v2\/pages\/53553"}],"collection":[{"href":"https:\/\/circutor.com\/mx\/wp-json\/wp\/v2\/pages"}],"about":[{"href":"https:\/\/circutor.com\/mx\/wp-json\/wp\/v2\/types\/page"}],"author":[{"embeddable":true,"href":"https:\/\/circutor.com\/mx\/wp-json\/wp\/v2\/users\/1"}],"replies":[{"embeddable":true,"href":"https:\/\/circutor.com\/mx\/wp-json\/wp\/v2\/comments?post=53553"}],"version-history":[{"count":0,"href":"https:\/\/circutor.com\/mx\/wp-json\/wp\/v2\/pages\/53553\/revisions"}],"wp:attachment":[{"href":"https:\/\/circutor.com\/mx\/wp-json\/wp\/v2\/media?parent=53553"}],"curies":[{"name":"wp","href":"https:\/\/api.w.org\/{rel}","templated":true}]}}