{"id":53153,"date":"2024-12-05T13:50:34","date_gmt":"2024-12-05T11:50:34","guid":{"rendered":"https:\/\/circutor.com\/?page_id=53153"},"modified":"2025-02-10T18:00:26","modified_gmt":"2025-02-10T16:00:26","slug":"mx_categoria","status":"publish","type":"page","link":"https:\/\/circutor.com\/mx\/mx_categoria\/","title":{"rendered":"Categor\u00eda"},"content":{"rendered":"<p>[vc_row][vc_column]<div itemscope itemtype=\"https:\/\/schema.org\/BreadcrumbList\" id=\"breadcrumb\"><div itemprop=\"itemListElement\" itemscope itemtype=\"https:\/\/schema.org\/ListItem\"><a itemprop=\"item\" href=\"https:\/\/circutor.com\/mx\/\"><span itemprop=\"name\">Home<\/span><\/a><meta itemprop=\"position\" content=\"1\" \/><\/div><div itemprop=\"itemListElement\" itemscope itemtype=\"https:\/\/schema.org\/ListItem\"><span><i class=\"ico-guil-singl-right\"><\/i><\/span><a itemprop=\"item\" href=\"https:\/\/circutor.com\/mx\/productos-mx\/\"><span itemprop=\"name\">Productos<\/span><\/a><meta itemprop=\"position\" content=\"2\" \/><\/div><h1 style=\"letter-spacing:-0.01em;\" class=\"titulo_categoria\"><\/h1>[\/vc_column][\/vc_row][vc_row css=&#8221;.vc_custom_1623399024376{padding-right: 7px !important;padding-left: 7px !important;}&#8221;][vc_column][vc_row_inner el_class=&#8221;listado_series_cat&#8221;][vc_column_inner el_class=&#8221;listado_categorias_series&#8221;][vc_column][vc_row_inner el_class=\"series_list_row\"][\/vc_row_inner][\/vc_column]\n      <script>\n        jQuery(document).ready(function(){\n          jQuery(\".filter_header\").each(function(){\n              if((jQuery(this).children(\"h4\").html() == \"Serie\") || (jQuery(this).children(\"h4\").html() == \"\u610f\u7532\") || (jQuery(this).children(\"h4\").html() == \"S\u00e9rie\") || (jQuery(this).children(\"h4\").html() == \"Seria\")){\n                 jQuery(this).parent().hide();\n              }\n          });\n        });\n      <\/script>\n    [\/vc_column_inner][\/vc_row_inner][\/vc_column][\/vc_row][vc_row disable_element=&#8221;yes&#8221;][vc_column][vc_row_inner el_class=\"listado_subcategorias_row\"][\/vc_row_inner][\/vc_column][\/vc_row][vc_row el_id=&#8221;filtro_producto&#8221; css=&#8221;.vc_custom_1613382650631{margin-left: 0px !important;}&#8221;][vc_column width=&#8221;1\/3&#8243;][vc_row_inner][vc_column_inner]<div id=\"filter_category_product\" data-categoria=\"\"><\/div>[\/vc_column_inner][\/vc_row_inner][\/vc_column][vc_column width=&#8221;2\/3&#8243;][\/vc_column][\/vc_row][vc_row disable_element=&#8221;yes&#8221; css=&#8221;.vc_custom_1649240973746{margin-left: 0px !important;padding-right: 7px !important;padding-left: 7px !important;}&#8221; el_class=&#8221;bloque&#8221;][vc_column width=&#8221;2\/3&#8243;][vc_column_text]<\/p>\n<h6>TAMBI\u00c9N TE PUEDE INTERESAR<\/h6>\n<p>[\/vc_column_text][\/vc_column][vc_column width=&#8221;1\/3&#8243; el_class=&#8221;productos_categoria asistencia&#8221;][vc_column_text]<\/p>\n<h6>\u00bfNECESITAS AYUDA?<\/h6>\n<p>[\/vc_column_text][vc_raw_html el_class=&#8221;productos_categoria asistencia&#8221;]PGEgaHJlZj0iaHR0cHM6Ly9jaXJjdXRvci5jb20vc29wb3J0ZS8iPgo8ZGl2IGNsYXNzPSJpdGVtIGdlbmVyYWwgYW5pbWFjaW9uX2NhamEiPgogIDxkaXYgY2xhc3M9ImltYWdlbiBpbWFnZW4tYm9yZGUiPgogICAgIDxpbWcgc3JjPSIvd3AtY29udGVudC91cGxvYWRzLzIwMjAvMTIvYXNpc3RlbmNpYS5qcGciPgogIDwvZGl2PgogIDxkaXYgY2xhc3M9ImRldGFpbHMiPgogICAgPHAgY2xhc3M9InRpdHVsbyI+Q29udGFjdGEgY29uIG5vc290cm9zLCBlc3RhbW9zIGFxdcOtIHBhcmEgbG8gcXVlIG5lY2VzaXRlcy48L3A+CiAgPC9kaXY+CjwvZGl2Pgo8L2E+[\/vc_raw_html][\/vc_column][\/vc_row][vc_row disable_element=&#8221;yes&#8221; css=&#8221;.vc_custom_1649240982562{margin-left: 0px !important;padding-top: 15px !important;padding-right: 7px !important;padding-left: 7px !important;}&#8221;][vc_column][vc_column_text]<\/p>\n<h6>ACTUALIDAD SOBRE: MEDIDA Y CONTROL<\/h6>\n<p>[\/vc_column_text][vc_row_inner][vc_column_inner width=&#8221;1\/3&#8243;][vc_raw_html el_class=&#8221;item_actualidad_noticias&#8221;]PGEgaHJlZj0iIyI+CjxkaXYgY2xhc3M9Iml0ZW0gZ2VuZXJhbCBhbmltYWNpb25fY2FqYSI+CiAgPGRpdiBjbGFzcz0iaW1hZ2VuLWJvcmRlIj4KICAgICA8aW1nIHNyYz0iL3dwLWNvbnRlbnQvdXBsb2Fkcy8yMDIwLzA5L25vdGljaWEyLmpwZyI+CiAgPC9kaXY+CiAgPGRpdiBjbGFzcz0iZGV0YWlscyI+CiAgICA8cCBjbGFzcz0iY2F0ZWdvcmlhIHNtYWxsIj5Ob3RpY2lhczwvcD4KICAgIDxwIGNsYXNzPSJ0aXR1bG8iPkxvcyB0cmVzIHBpbGFyZXMgZGUgbGEgdHJhbnNpY2nDs24gZW5lcmfDqXRpY2E8L3A+CiAgPC9kaXY+CjwvZGl2Pgo8L2E+[\/vc_raw_html][\/vc_column_inner][vc_column_inner width=&#8221;1\/3&#8243;][vc_raw_html el_class=&#8221;item_actualidad_noticias&#8221;]PGEgaHJlZj0iIyI+CjxkaXYgY2xhc3M9Iml0ZW0gZ2VuZXJhbCBhbmltYWNpb25fY2FqYSI+CiAgPGRpdiBjbGFzcz0iaW1hZ2VuLWJvcmRlIj4KICAgICA8aW1nIHNyYz0iL3dwLWNvbnRlbnQvdXBsb2Fkcy8yMDIwLzA5L25vdGljaWEzLmpwZyI+CiAgPC9kaXY+CiAgPGRpdiBjbGFzcz0iZGV0YWlscyI+CiAgICA8cCBjbGFzcz0iY2F0ZWdvcmlhIHNtYWxsIj5Ob3RpY2lhczwvcD4KICAgIDxwIGNsYXNzPSJ0aXR1bG8iPkVsIGdvYmllcm5vIGVzcGHDsW9sIG1vZGlmaWNhIGxhIG5vcm1hdGl2YSB5IGVsaW1pbmEgZWwgaW1wdWVzdG8gZGVsIHNvbDwvcD4KICA8L2Rpdj4KPC9kaXY+CjwvYT4=[\/vc_raw_html][\/vc_column_inner][vc_column_inner width=&#8221;1\/3&#8243;][vc_raw_html el_class=&#8221;item_actualidad_noticias&#8221;]PGEgaHJlZj0iIyI+CjxkaXYgY2xhc3M9Iml0ZW0gZ2VuZXJhbCBhbmltYWNpb25fY2FqYSI+CiAgPGRpdiBjbGFzcz0iaW1hZ2VuLWJvcmRlIj4KICAgICA8aW1nIHNyYz0iL3dwLWNvbnRlbnQvdXBsb2Fkcy8yMDIwLzA5L25vdGljaWEzLmpwZyI+CiAgPC9kaXY+CiAgPGRpdiBjbGFzcz0iZGV0YWlscyI+CiAgICA8cCBjbGFzcz0iY2F0ZWdvcmlhIHNtYWxsIj5Ob3RpY2lhczwvcD4KICAgIDxwIGNsYXNzPSJ0aXR1bG8iPkVsIGdvYmllcm5vIGVzcGHDsW9sIG1vZGlmaWNhIGxhIG5vcm1hdGl2YSB5IGVsaW1pbmEgZWwgaW1wdWVzdG8gZGVsIHNvbDwvcD4KICA8L2Rpdj4KPC9kaXY+CjwvYT4=[\/vc_raw_html][\/vc_column_inner][\/vc_row_inner][\/vc_column][\/vc_row]<\/p>\n","protected":false},"excerpt":{"rendered":"<p>[vc_row][vc_column][\/vc_column][\/vc_row][vc_row css=&#8221;.vc_custom_1623399024376{padding-right: 7px !important;padding-left: 7px !important;}&#8221;][vc_column][vc_row_inner el_class=&#8221;listado_series_cat&#8221;][vc_column_inner el_class=&#8221;listado_categorias_series&#8221;][\/vc_column_inner][\/vc_row_inner][\/vc_column][\/vc_row][vc_row disable_element=&#8221;yes&#8221;][vc_column][\/vc_column][\/vc_row][vc_row el_id=&#8221;filtro_producto&#8221; css=&#8221;.vc_custom_1613382650631{margin-left: 0px !important;}&#8221;][vc_column width=&#8221;1\/3&#8243;][vc_row_inner][vc_column_inner][\/vc_column_inner][\/vc_row_inner][\/vc_column][vc_column width=&#8221;2\/3&#8243;][\/vc_column][\/vc_row][vc_row disable_element=&#8221;yes&#8221; css=&#8221;.vc_custom_1649240973746{margin-left: 0px !important;padding-right: 7px !important;padding-left: 7px !important;}&#8221; el_class=&#8221;bloque&#8221;][vc_column width=&#8221;2\/3&#8243;][vc_column_text] TAMBI\u00c9N TE PUEDE INTERESAR [\/vc_column_text][\/vc_column][vc_column width=&#8221;1\/3&#8243; el_class=&#8221;productos_categoria asistencia&#8221;][vc_column_text] \u00bfNECESITAS AYUDA? [\/vc_column_text][vc_raw_html el_class=&#8221;productos_categoria asistencia&#8221;]PGEgaHJlZj0iaHR0cHM6Ly9jaXJjdXRvci5jb20vc29wb3J0ZS8iPgo8ZGl2IGNsYXNzPSJpdGVtIGdlbmVyYWwgYW5pbWFjaW9uX2NhamEiPgogIDxkaXYgY2xhc3M9ImltYWdlbiBpbWFnZW4tYm9yZGUiPgogICAgIDxpbWcgc3JjPSIvd3AtY29udGVudC91cGxvYWRzLzIwMjAvMTIvYXNpc3RlbmNpYS5qcGciPgogIDwvZGl2PgogIDxkaXYgY2xhc3M9ImRldGFpbHMiPgogICAgPHAgY2xhc3M9InRpdHVsbyI+Q29udGFjdGEgY29uIG5vc290cm9zLCBlc3RhbW9zIGFxdcOtIHBhcmEgbG8gcXVlIG5lY2VzaXRlcy48L3A+CiAgPC9kaXY+CjwvZGl2Pgo8L2E+[\/vc_raw_html][\/vc_column][\/vc_row][vc_row disable_element=&#8221;yes&#8221; css=&#8221;.vc_custom_1649240982562{margin-left: 0px !important;padding-top: 15px !important;padding-right: 7px !important;padding-left: 7px !important;}&#8221;][vc_column][vc_column_text] ACTUALIDAD SOBRE: MEDIDA Y CONTROL [\/vc_column_text][vc_row_inner][vc_column_inner width=&#8221;1\/3&#8243;][vc_raw_html [&hellip;]<\/p>\n","protected":false},"author":1,"featured_media":0,"parent":0,"menu_order":0,"comment_status":"closed","ping_status":"closed","template":"","meta":[],"acf":[],"yoast_head":"<!-- This site is optimized with the Yoast SEO plugin v19.4 - https:\/\/yoast.com\/wordpress\/plugins\/seo\/ -->\n<title>Accesorios para Contadores Complementos Eficientes de Circutor<\/title>\n<meta name=\"description\" content=\"Mejora tu sistema de medici\u00f3n con accesorios para contadores de Circutor. Eficiencia y precisi\u00f3n para un consumo el\u00e9ctrico controlado.\" \/>\n<meta name=\"robots\" content=\"index, follow, max-snippet:-1, max-image-preview:large, max-video-preview:-1\" \/>\n<link rel=\"canonical\" href=\"https:\/\/circutor.com\/mx\/mx_categoria\/\" \/>\n<meta property=\"og:locale\" content=\"es_MX\" \/>\n<meta property=\"og:type\" content=\"article\" \/>\n<meta property=\"og:title\" content=\"Accesorios para Contadores Complementos Eficientes de Circutor\" \/>\n<meta property=\"og:description\" content=\"Mejora tu sistema de medici\u00f3n con accesorios para contadores de Circutor. Eficiencia y precisi\u00f3n para un consumo el\u00e9ctrico controlado.\" \/>\n<meta property=\"og:url\" content=\"https:\/\/circutor.com\/mx\/mx_categoria\/\" \/>\n<meta property=\"og:site_name\" content=\"CIRCUTOR\" \/>\n<meta property=\"article:publisher\" content=\"https:\/\/www.facebook.com\/CIRCUTOR.ES\" \/>\n<meta property=\"article:modified_time\" content=\"2025-02-10T16:00:26+00:00\" \/>\n<meta property=\"og:image\" content=\"https:\/\/circutor.com\/wp-content\/uploads\/2022\/07\/Circutor_Logo_Color.png\" \/>\n\t<meta property=\"og:image:width\" content=\"1299\" \/>\n\t<meta property=\"og:image:height\" content=\"354\" \/>\n\t<meta property=\"og:image:type\" content=\"image\/png\" \/>\n<meta name=\"twitter:card\" content=\"summary_large_image\" \/>\n<meta name=\"twitter:site\" content=\"@circutor\" \/>\n<meta name=\"twitter:label1\" content=\"Tiempo de lectura\" \/>\n\t<meta name=\"twitter:data1\" content=\"3 minutos\" \/>\n<script type=\"application\/ld+json\" class=\"yoast-schema-graph\">{\"@context\":\"https:\/\/schema.org\",\"@graph\":[{\"@type\":\"Organization\",\"@id\":\"https:\/\/circutor.com\/#organization\",\"name\":\"Circutor\",\"url\":\"https:\/\/circutor.com\/\",\"sameAs\":[\"https:\/\/www.instagram.com\/circutor_es\",\"https:\/\/www.linkedin.com\/company\/circutor\",\"https:\/\/www.youtube.com\/user\/CIRCUTORoficial\",\"https:\/\/www.facebook.com\/CIRCUTOR.ES\",\"https:\/\/twitter.com\/circutor\"],\"logo\":{\"@type\":\"ImageObject\",\"inLanguage\":\"es-MX\",\"@id\":\"https:\/\/circutor.com\/#\/schema\/logo\/image\/\",\"url\":\"https:\/\/circutor.com\/wp-content\/uploads\/2020\/09\/CIR_LOGO_RED.png\",\"contentUrl\":\"https:\/\/circutor.com\/wp-content\/uploads\/2020\/09\/CIR_LOGO_RED.png\",\"width\":512,\"height\":128,\"caption\":\"Circutor\"},\"image\":{\"@id\":\"https:\/\/circutor.com\/#\/schema\/logo\/image\/\"}},{\"@type\":\"WebSite\",\"@id\":\"https:\/\/circutor.com\/#website\",\"url\":\"https:\/\/circutor.com\/\",\"name\":\"CIRCUTOR\",\"description\":\"Soluciones para la eficiencia energ\u00e9tica el\u00e9ctrica\",\"publisher\":{\"@id\":\"https:\/\/circutor.com\/#organization\"},\"potentialAction\":[{\"@type\":\"SearchAction\",\"target\":{\"@type\":\"EntryPoint\",\"urlTemplate\":\"https:\/\/circutor.com\/?s={search_term_string}\"},\"query-input\":\"required name=search_term_string\"}],\"inLanguage\":\"es-MX\"},{\"@type\":\"WebPage\",\"@id\":\"https:\/\/circutor.com\/mx\/mx_categoria\/\",\"url\":\"https:\/\/circutor.com\/mx\/mx_categoria\/\",\"name\":\"Accesorios para Contadores Complementos Eficientes de Circutor\",\"isPartOf\":{\"@id\":\"https:\/\/circutor.com\/#website\"},\"datePublished\":\"2024-12-05T11:50:34+00:00\",\"dateModified\":\"2025-02-10T16:00:26+00:00\",\"description\":\"Mejora tu sistema de medici\u00f3n con accesorios para contadores de Circutor. Eficiencia y precisi\u00f3n para un consumo el\u00e9ctrico controlado.\",\"breadcrumb\":{\"@id\":\"https:\/\/circutor.com\/mx\/mx_categoria\/#breadcrumb\"},\"inLanguage\":\"es-MX\",\"potentialAction\":[{\"@type\":\"ReadAction\",\"target\":[\"https:\/\/circutor.com\/mx\/mx_categoria\/\"]}]},{\"@type\":\"BreadcrumbList\",\"@id\":\"https:\/\/circutor.com\/mx\/mx_categoria\/#breadcrumb\",\"itemListElement\":[{\"@type\":\"ListItem\",\"position\":1,\"name\":\"Portada\",\"item\":\"https:\/\/circutor.com\/mx\/\"},{\"@type\":\"ListItem\",\"position\":2,\"name\":\"Categor\u00eda\"}]}]}<\/script>\n<!-- \/ Yoast SEO plugin. -->","yoast_head_json":{"title":"Accesorios para Contadores Complementos Eficientes de Circutor","description":"Mejora tu sistema de medici\u00f3n con accesorios para contadores de Circutor. Eficiencia y precisi\u00f3n para un consumo el\u00e9ctrico controlado.","robots":{"index":"index","follow":"follow","max-snippet":"max-snippet:-1","max-image-preview":"max-image-preview:large","max-video-preview":"max-video-preview:-1"},"canonical":"https:\/\/circutor.com\/mx\/mx_categoria\/","og_locale":"es_MX","og_type":"article","og_title":"Accesorios para Contadores Complementos Eficientes de Circutor","og_description":"Mejora tu sistema de medici\u00f3n con accesorios para contadores de Circutor. Eficiencia y precisi\u00f3n para un consumo el\u00e9ctrico controlado.","og_url":"https:\/\/circutor.com\/mx\/mx_categoria\/","og_site_name":"CIRCUTOR","article_publisher":"https:\/\/www.facebook.com\/CIRCUTOR.ES","article_modified_time":"2025-02-10T16:00:26+00:00","og_image":[{"width":1299,"height":354,"url":"https:\/\/circutor.com\/wp-content\/uploads\/2022\/07\/Circutor_Logo_Color.png","type":"image\/png"}],"twitter_card":"summary_large_image","twitter_site":"@circutor","twitter_misc":{"Tiempo de lectura":"3 minutos"},"schema":{"@context":"https:\/\/schema.org","@graph":[{"@type":"Organization","@id":"https:\/\/circutor.com\/#organization","name":"Circutor","url":"https:\/\/circutor.com\/","sameAs":["https:\/\/www.instagram.com\/circutor_es","https:\/\/www.linkedin.com\/company\/circutor","https:\/\/www.youtube.com\/user\/CIRCUTORoficial","https:\/\/www.facebook.com\/CIRCUTOR.ES","https:\/\/twitter.com\/circutor"],"logo":{"@type":"ImageObject","inLanguage":"es-MX","@id":"https:\/\/circutor.com\/#\/schema\/logo\/image\/","url":"https:\/\/circutor.com\/wp-content\/uploads\/2020\/09\/CIR_LOGO_RED.png","contentUrl":"https:\/\/circutor.com\/wp-content\/uploads\/2020\/09\/CIR_LOGO_RED.png","width":512,"height":128,"caption":"Circutor"},"image":{"@id":"https:\/\/circutor.com\/#\/schema\/logo\/image\/"}},{"@type":"WebSite","@id":"https:\/\/circutor.com\/#website","url":"https:\/\/circutor.com\/","name":"CIRCUTOR","description":"Soluciones para la eficiencia energ\u00e9tica el\u00e9ctrica","publisher":{"@id":"https:\/\/circutor.com\/#organization"},"potentialAction":[{"@type":"SearchAction","target":{"@type":"EntryPoint","urlTemplate":"https:\/\/circutor.com\/?s={search_term_string}"},"query-input":"required name=search_term_string"}],"inLanguage":"es-MX"},{"@type":"WebPage","@id":"https:\/\/circutor.com\/mx\/mx_categoria\/","url":"https:\/\/circutor.com\/mx\/mx_categoria\/","name":"Accesorios para Contadores Complementos Eficientes de Circutor","isPartOf":{"@id":"https:\/\/circutor.com\/#website"},"datePublished":"2024-12-05T11:50:34+00:00","dateModified":"2025-02-10T16:00:26+00:00","description":"Mejora tu sistema de medici\u00f3n con accesorios para contadores de Circutor. Eficiencia y precisi\u00f3n para un consumo el\u00e9ctrico controlado.","breadcrumb":{"@id":"https:\/\/circutor.com\/mx\/mx_categoria\/#breadcrumb"},"inLanguage":"es-MX","potentialAction":[{"@type":"ReadAction","target":["https:\/\/circutor.com\/mx\/mx_categoria\/"]}]},{"@type":"BreadcrumbList","@id":"https:\/\/circutor.com\/mx\/mx_categoria\/#breadcrumb","itemListElement":[{"@type":"ListItem","position":1,"name":"Portada","item":"https:\/\/circutor.com\/mx\/"},{"@type":"ListItem","position":2,"name":"Categor\u00eda"}]}]}},"_links":{"self":[{"href":"https:\/\/circutor.com\/mx\/wp-json\/wp\/v2\/pages\/53153"}],"collection":[{"href":"https:\/\/circutor.com\/mx\/wp-json\/wp\/v2\/pages"}],"about":[{"href":"https:\/\/circutor.com\/mx\/wp-json\/wp\/v2\/types\/page"}],"author":[{"embeddable":true,"href":"https:\/\/circutor.com\/mx\/wp-json\/wp\/v2\/users\/1"}],"replies":[{"embeddable":true,"href":"https:\/\/circutor.com\/mx\/wp-json\/wp\/v2\/comments?post=53153"}],"version-history":[{"count":2,"href":"https:\/\/circutor.com\/mx\/wp-json\/wp\/v2\/pages\/53153\/revisions"}],"predecessor-version":[{"id":53155,"href":"https:\/\/circutor.com\/mx\/wp-json\/wp\/v2\/pages\/53153\/revisions\/53155"}],"wp:attachment":[{"href":"https:\/\/circutor.com\/mx\/wp-json\/wp\/v2\/media?parent=53153"}],"curies":[{"name":"wp","href":"https:\/\/api.w.org\/{rel}","templated":true}]}}