{"id":61397,"date":"2026-03-27T11:37:38","date_gmt":"2026-03-27T09:37:38","guid":{"rendered":"https:\/\/circutor.com\/?page_id=61397"},"modified":"2026-03-27T11:38:38","modified_gmt":"2026-03-27T09:38:38","slug":"eu-data-act","status":"publish","type":"page","link":"https:\/\/circutor.com\/fr\/entreprise\/engagement\/eu-data-act\/","title":{"rendered":"EU Data Act"},"content":{"rendered":"<p>[vc_row full_width=\u00a0\u00bbstretch_row\u00a0\u00bb content_placement=\u00a0\u00bbtop\u00a0\u00bb css=\u00a0\u00bb.vc_custom_1774447300617{background-image: url(https:\/\/circutor.com\/wp-content\/uploads\/2026\/03\/eu-data-act-2.jpg?id=61112) !important;background-position: center !important;background-repeat: no-repeat !important;background-size: cover !important;}\u00a0\u00bb el_class=\u00a0\u00bbbanner_pagina_texto\u00a0\u00bb][vc_column][vc_row_inner el_class=\u00a0\u00bbbreadcrumb\u00a0\u00bb][vc_column_inner]<div itemscope itemtype=\"https:\/\/schema.org\/BreadcrumbList\" id=\"breadcrumb\"><div itemprop=\"itemListElement\" itemscope itemtype=\"https:\/\/schema.org\/ListItem\"><a itemprop=\"item\" href=\"https:\/\/circutor.com\/fr\/\"><span itemprop=\"name\">Home<\/span><\/a><meta itemprop=\"position\" content=\"1\" \/><\/div><div itemprop=\"itemListElement\" itemscope itemtype=\"https:\/\/schema.org\/ListItem\"><span><i class=\"ico-guil-singl-right\"><\/i><\/span><a itemprop=\"item\" href=\"https:\/\/circutor.com\/fr\/entreprise\/\"><span itemprop=\"name\">Entreprise<\/span><\/a><meta itemprop=\"position\" content=\"3\"><\/div><div itemprop=\"itemListElement\" itemscope itemtype=\"https:\/\/schema.org\/ListItem\"><span><i class=\"ico-guil-singl-right\"><\/i><\/span><a itemprop=\"item\" href=\"https:\/\/circutor.com\/fr\/entreprise\/engagement\/\"><span itemprop=\"name\">Engagement<\/span><\/a><meta itemprop=\"position\" content=\"4\"><\/div><div itemprop=\"itemListElement\" itemscope itemtype=\"https:\/\/schema.org\/ListItem\"><span><i class=\"ico-guil-singl-right\"><\/i><\/span><span class=\"active_item_breadcrumb\" itemprop=\"name\">EU Data Act<\/span><meta itemprop=\"position\" content=\"5\"><\/div><\/div>[\/vc_column_inner][\/vc_row_inner][vc_row_inner][vc_column_inner][vc_column_text]<\/p>\n<h1>EU Data Act<\/h1>\n<p>[\/vc_column_text][\/vc_column_inner][\/vc_row_inner][\/vc_column][\/vc_row][vc_row][vc_column width=\u00a0\u00bb1\/6&Prime;][\/vc_column][vc_column width=\u00a0\u00bb2\/3&Prime;][vc_column_text css=\u00a0\u00bb.vc_custom_1774604210677{margin-top: 40px !important;margin-bottom: 6rem !important;}\u00a0\u00bb]Chez CIRCUTOR, nous sommes attach\u00e9s \u00e0 la transparence et \u00e0 l&rsquo;acc\u00e8s \u00e9quitable aux donn\u00e9es g\u00e9n\u00e9r\u00e9es par nos produits \u00e9lectroniques connect\u00e9s et services associ\u00e9s. Conform\u00e9ment au r\u00e8glement (UE) 2023\/2854 (Data Act), nous mettons \u00e0 la disposition de nos clients toutes les informations pertinentes concernant les donn\u00e9es g\u00e9n\u00e9r\u00e9es par l&rsquo;utilisation de nos produits et services.<\/p>\n<p>&nbsp;<\/p>\n<h3>Droits des utilisateurs<\/h3>\n<p>En tant qu&rsquo;utilisateur de nos produits et services connect\u00e9s, vous avez le droit de :<\/p>\n<ul style=\"color: #e40040;\">\n<li><span style=\"color: #53565a;\">Recevoir, avant la conclusion du contrat, des informations claires sur les types de donn\u00e9es g\u00e9n\u00e9r\u00e9es, la fa\u00e7on d\u2019y acc\u00e9der et la mani\u00e8re dont elles peuvent \u00eatre partag\u00e9es.<br \/>\n<\/span><\/li>\n<li><span style=\"color: #53565a;\">Acc\u00e9der aux donn\u00e9es g\u00e9n\u00e9r\u00e9es par l\u2019utilisation de nos produits et services (\u00ab Vos Donn\u00e9es \u00bb).<br \/>\n<\/span><\/li>\n<li><span style=\"color: #53565a;\">Recevoir vos donn\u00e9es dans un format structur\u00e9, couramment utilis\u00e9 et lisible par machine.<br \/>\n<\/span><\/li>\n<li><span style=\"color: #53565a;\">Autoriser des tiers \u00e0 acc\u00e9der \u00e0 vos donn\u00e9es ou nous demander de les partager avec un destinataire d\u00e9sign\u00e9.<br \/>\n<\/span><\/li>\n<li><span style=\"color: #53565a;\">Demander l&rsquo;acc\u00e8s \u00e0 vos donn\u00e9es ou leur transfert sans restriction injustifi\u00e9e ni conditions contractuelles abusives.<br \/>\n<\/span><\/li>\n<\/ul>\n<p>&nbsp;<\/p>\n<h3>Nos obligations en vertu de la loi sur les donn\u00e9es<\/h3>\n<ul style=\"color: #e40040;\">\n<li><span style=\"color: #53565a;\">Nous fournissons aux utilisateurs des informations pr\u00e9contractuelles sur tous les produits et services connect\u00e9s soumis au Data Act.<br \/>\n<\/span><\/li>\n<li><span style=\"color: #53565a;\">Nous garantissons des interfaces interop\u00e9rables (API, fonctions d&rsquo;exportation de donn\u00e9es) afin de faciliter la portabilit\u00e9 et l&rsquo;acc\u00e8s aux donn\u00e9es.<br \/>\n<\/span><\/li>\n<li><span style=\"color: #53565a;\">Nous appliquons des mesures de s\u00e9curit\u00e9 et de confidentialit\u00e9 pour prot\u00e9ger vos donn\u00e9es et nos secrets commerciaux, sans que cela ne limite ind\u00fbment votre droit d&rsquo;acc\u00e8s ou de transfert.<br \/>\n<\/span><\/li>\n<li><span style=\"color: #53565a;\">Nous n&rsquo;utilisons pas vos donn\u00e9es pour vous concurrencer ni pour obtenir des avantages injustes.<br \/>\n<\/span><\/li>\n<\/ul>\n<p>&nbsp;<\/p>\n<h3>Quelles donn\u00e9es nos appareils produisent-ils ?<\/h3>\n<p>Nos produits \u00e9lectroniques peuvent produire, entre autres, les types de donn\u00e9es suivants :<\/p>\n<ul style=\"color: #e40040;\">\n<li><span style=\"color: #53565a;\">Param\u00e8tres et valeurs des appareils de mesure et de contr\u00f4le<br \/>\n<\/span><\/li>\n<li><span style=\"color: #53565a;\">Param\u00e8tres \u00e9lectriques (\u00e9nergie, puissance, tension, courant, courant de fuite, etc.)<br \/>\n<\/span><\/li>\n<li><span style=\"color: #53565a;\">Temp\u00e9ratures<br \/>\n<\/span><\/li>\n<li><span style=\"color: #53565a;\">\u00c9tats<br \/>\n<\/span><\/li>\n<li><span style=\"color: #53565a;\">\u00c9v\u00e9nements syst\u00e8me<br \/>\n<\/span><\/li>\n<li><span style=\"color: #53565a;\">\u00c9v\u00e9nements \u00e9lectriques ou de qualit\u00e9 du r\u00e9seau<br \/>\n<\/span><\/li>\n<li><span style=\"color: #53565a;\">Logs de fonctionnement de l&rsquo;appareil<br \/>\n<\/span><\/li>\n<li><span style=\"color: #53565a;\">Dur\u00e9e de fonctionnement<br \/>\n<\/span><\/li>\n<\/ul>\n<p>La description d\u00e9taill\u00e9e des donn\u00e9es g\u00e9n\u00e9r\u00e9es par chaque produit est disponible dans le manuel du produit correspondant.<\/p>\n<p>&nbsp;<\/p>\n<h3>Quelles donn\u00e9es les plateformes cloud produisent-elles ?<\/h3>\n<p>Nos plateformes de gestion \u00e0 distance des dispositifs, utilis\u00e9es pour les configurer, les mettre \u00e0 jour et les surveiller, peuvent produire ou traiter les donn\u00e9es suivantes:<\/p>\n<ul style=\"color: #e40040;\">\n<li><span style=\"color: #53565a;\">Param\u00e8tres et valeurs des appareils de mesure et de contr\u00f4le<br \/>\n<\/span><\/li>\n<li><span style=\"color: #53565a;\">Param\u00e8tres \u00e9lectriques (\u00e9nergie, puissance, tension, courant, etc.)<br \/>\n<\/span><\/li>\n<li><span style=\"color: #53565a;\">Temp\u00e9ratures<br \/>\n<\/span><\/li>\n<li><span style=\"color: #53565a;\">\u00c9tats<br \/>\n<\/span><\/li>\n<li><span style=\"color: #53565a;\">\u00c9v\u00e9nements syst\u00e8me<br \/>\n<\/span><\/li>\n<li><span style=\"color: #53565a;\">\u00c9v\u00e9nements \u00e9lectriques ou de qualit\u00e9 du r\u00e9seau<br \/>\n<\/span><\/li>\n<\/ul>\n<p>Toutes les donn\u00e9es produites par les dispositifs t\u00e9l\u00e9matiques connect\u00e9s peuvent \u00eatre consult\u00e9es sur les plateformes concern\u00e9es.<\/p>\n<p>&nbsp;<\/p>\n<h3>Comment demander l&rsquo;acc\u00e8s \u00e0 vos donn\u00e9es ?<\/h3>\n<p>Vous pouvez demander l&rsquo;acc\u00e8s \u00e0 vos donn\u00e9es ou leur transfert en nous envoyant un courriel :<\/p>\n<ul style=\"color: #e40040;\">\n<li><span style=\"color: #53565a;\"><strong>Courrier \u00e9lectronique :<\/strong> <a style=\"color: #53565a; text-decoration: underline;\" href=\"mailto:data-act@circutor.com\">data-act@circutor.com<\/a><\/span><\/li>\n<li><span style=\"color: #53565a;\"><span style=\"color: #53565a;\"><strong>Mentionnez dans votre demande : <\/strong>nom et num\u00e9ro de s\u00e9rie du produit, preuve de propri\u00e9t\u00e9 ou de droit d&rsquo;utilisation, type de donn\u00e9es requises, p\u00e9riode demand\u00e9e, s&rsquo;il s&rsquo;agit d&rsquo;une demande ponctuelle ou p\u00e9riodique, et s&rsquo;il existe un accord de licence d&rsquo;utilisation des donn\u00e9es.<\/span><\/span><\/li>\n<\/ul>\n<p>&nbsp;<\/p>\n<p><strong>Pour toute question suppl\u00e9mentaire concernant vos droits ou l&rsquo;acc\u00e8s \u00e0 vos donn\u00e9es, vous pouvez nous contacter \u00e0 l&rsquo;adresse \u00e9lectronique indiqu\u00e9e ci-dessus.<\/strong>[\/vc_column_text][\/vc_column][vc_column width=\u00a0\u00bb1\/6&Prime;][\/vc_column][\/vc_row]<\/p>\n","protected":false},"excerpt":{"rendered":"<p>[vc_row full_width=\u00a0\u00bbstretch_row\u00a0\u00bb content_placement=\u00a0\u00bbtop\u00a0\u00bb css=\u00a0\u00bb.vc_custom_1774447300617{background-image: url(https:\/\/circutor.com\/wp-content\/uploads\/2026\/03\/eu-data-act-2.jpg?id=61112) !important;background-position: center !important;background-repeat: no-repeat !important;background-size: cover !important;}\u00a0\u00bb el_class=\u00a0\u00bbbanner_pagina_texto\u00a0\u00bb][vc_column][vc_row_inner el_class=\u00a0\u00bbbreadcrumb\u00a0\u00bb][vc_column_inner][\/vc_column_inner][\/vc_row_inner][vc_row_inner][vc_column_inner][vc_column_text] EU Data Act [\/vc_column_text][\/vc_column_inner][\/vc_row_inner][\/vc_column][\/vc_row][vc_row][vc_column width=\u00a0\u00bb1\/6&Prime;][\/vc_column][vc_column width=\u00a0\u00bb2\/3&Prime;][vc_column_text css=\u00a0\u00bb.vc_custom_1774604210677{margin-top: 40px !important;margin-bottom: 6rem !important;}\u00a0\u00bb]Chez CIRCUTOR, nous sommes attach\u00e9s \u00e0 la transparence et \u00e0 l&rsquo;acc\u00e8s \u00e9quitable aux donn\u00e9es g\u00e9n\u00e9r\u00e9es par nos produits \u00e9lectroniques connect\u00e9s et services associ\u00e9s. Conform\u00e9ment au r\u00e8glement (UE) 2023\/2854 (Data Act), nous [&hellip;]<\/p>\n","protected":false},"author":7,"featured_media":0,"parent":8987,"menu_order":0,"comment_status":"closed","ping_status":"closed","template":"","meta":[],"acf":[],"yoast_head":"<!-- This site is optimized with the Yoast SEO plugin v19.4 - https:\/\/yoast.com\/wordpress\/plugins\/seo\/ -->\n<title>EU Data Act - CIRCUTOR<\/title>\n<meta name=\"robots\" content=\"index, follow, max-snippet:-1, max-image-preview:large, max-video-preview:-1\" \/>\n<link rel=\"canonical\" href=\"https:\/\/circutor.com\/fr\/entreprise\/engagement\/eu-data-act\/\" \/>\n<meta property=\"og:locale\" content=\"fr_FR\" \/>\n<meta property=\"og:type\" content=\"article\" \/>\n<meta property=\"og:title\" content=\"EU Data Act - CIRCUTOR\" \/>\n<meta property=\"og:description\" content=\"[vc_row full_width=\u00a0\u00bbstretch_row\u00a0\u00bb content_placement=\u00a0\u00bbtop\u00a0\u00bb css=\u00a0\u00bb.vc_custom_1774447300617{background-image: url(https:\/\/circutor.com\/wp-content\/uploads\/2026\/03\/eu-data-act-2.jpg?id=61112) !important;background-position: center !important;background-repeat: no-repeat !important;background-size: cover !important;}\u00a0\u00bb el_class=\u00a0\u00bbbanner_pagina_texto\u00a0\u00bb][vc_column][vc_row_inner el_class=\u00a0\u00bbbreadcrumb\u00a0\u00bb][vc_column_inner][\/vc_column_inner][\/vc_row_inner][vc_row_inner][vc_column_inner][vc_column_text] EU Data Act [\/vc_column_text][\/vc_column_inner][\/vc_row_inner][\/vc_column][\/vc_row][vc_row][vc_column width=\u00a0\u00bb1\/6&Prime;][\/vc_column][vc_column width=\u00a0\u00bb2\/3&Prime;][vc_column_text css=\u00a0\u00bb.vc_custom_1774604210677{margin-top: 40px !important;margin-bottom: 6rem !important;}\u00a0\u00bb]Chez CIRCUTOR, nous sommes attach\u00e9s \u00e0 la transparence et \u00e0 l&rsquo;acc\u00e8s \u00e9quitable aux donn\u00e9es g\u00e9n\u00e9r\u00e9es par nos produits \u00e9lectroniques connect\u00e9s et services associ\u00e9s. Conform\u00e9ment au r\u00e8glement (UE) 2023\/2854 (Data Act), nous [&hellip;]\" \/>\n<meta property=\"og:url\" content=\"https:\/\/circutor.com\/fr\/entreprise\/engagement\/eu-data-act\/\" \/>\n<meta property=\"og:site_name\" content=\"CIRCUTOR\" \/>\n<meta property=\"article:publisher\" content=\"https:\/\/www.facebook.com\/CIRCUTOR.ES\" \/>\n<meta property=\"article:modified_time\" content=\"2026-03-27T09:38:38+00:00\" \/>\n<meta property=\"og:image\" content=\"https:\/\/circutor.com\/wp-content\/uploads\/2022\/07\/Circutor_Logo_Color.png\" \/>\n\t<meta property=\"og:image:width\" content=\"1299\" \/>\n\t<meta property=\"og:image:height\" content=\"354\" \/>\n\t<meta property=\"og:image:type\" content=\"image\/png\" \/>\n<meta name=\"twitter:card\" content=\"summary_large_image\" \/>\n<meta name=\"twitter:site\" content=\"@circutor\" \/>\n<meta name=\"twitter:label1\" content=\"Dur\u00e9e de lecture estim\u00e9e\" \/>\n\t<meta name=\"twitter:data1\" content=\"3 minutes\" \/>\n<script type=\"application\/ld+json\" class=\"yoast-schema-graph\">{\"@context\":\"https:\/\/schema.org\",\"@graph\":[{\"@type\":\"Organization\",\"@id\":\"https:\/\/circutor.com\/#organization\",\"name\":\"Circutor\",\"url\":\"https:\/\/circutor.com\/\",\"sameAs\":[\"https:\/\/www.instagram.com\/circutor_es\",\"https:\/\/www.linkedin.com\/company\/circutor\",\"https:\/\/www.youtube.com\/user\/CIRCUTORoficial\",\"https:\/\/www.facebook.com\/CIRCUTOR.ES\",\"https:\/\/twitter.com\/circutor\"],\"logo\":{\"@type\":\"ImageObject\",\"inLanguage\":\"fr-FR\",\"@id\":\"https:\/\/circutor.com\/#\/schema\/logo\/image\/\",\"url\":\"https:\/\/circutor.com\/wp-content\/uploads\/2020\/09\/CIR_LOGO_RED.png\",\"contentUrl\":\"https:\/\/circutor.com\/wp-content\/uploads\/2020\/09\/CIR_LOGO_RED.png\",\"width\":512,\"height\":128,\"caption\":\"Circutor\"},\"image\":{\"@id\":\"https:\/\/circutor.com\/#\/schema\/logo\/image\/\"}},{\"@type\":\"WebSite\",\"@id\":\"https:\/\/circutor.com\/#website\",\"url\":\"https:\/\/circutor.com\/\",\"name\":\"CIRCUTOR\",\"description\":\"Soluciones para la eficiencia energ\u00e9tica el\u00e9ctrica\",\"publisher\":{\"@id\":\"https:\/\/circutor.com\/#organization\"},\"potentialAction\":[{\"@type\":\"SearchAction\",\"target\":{\"@type\":\"EntryPoint\",\"urlTemplate\":\"https:\/\/circutor.com\/?s={search_term_string}\"},\"query-input\":\"required name=search_term_string\"}],\"inLanguage\":\"fr-FR\"},{\"@type\":\"WebPage\",\"@id\":\"https:\/\/circutor.com\/fr\/entreprise\/engagement\/eu-data-act\/\",\"url\":\"https:\/\/circutor.com\/fr\/entreprise\/engagement\/eu-data-act\/\",\"name\":\"EU Data Act - CIRCUTOR\",\"isPartOf\":{\"@id\":\"https:\/\/circutor.com\/#website\"},\"datePublished\":\"2026-03-27T09:37:38+00:00\",\"dateModified\":\"2026-03-27T09:38:38+00:00\",\"breadcrumb\":{\"@id\":\"https:\/\/circutor.com\/fr\/entreprise\/engagement\/eu-data-act\/#breadcrumb\"},\"inLanguage\":\"fr-FR\",\"potentialAction\":[{\"@type\":\"ReadAction\",\"target\":[\"https:\/\/circutor.com\/fr\/entreprise\/engagement\/eu-data-act\/\"]}]},{\"@type\":\"BreadcrumbList\",\"@id\":\"https:\/\/circutor.com\/fr\/entreprise\/engagement\/eu-data-act\/#breadcrumb\",\"itemListElement\":[{\"@type\":\"ListItem\",\"position\":1,\"name\":\"Portada\",\"item\":\"https:\/\/circutor.com\/fr\/\"},{\"@type\":\"ListItem\",\"position\":2,\"name\":\"Entreprise\",\"item\":\"https:\/\/circutor.com\/fr\/entreprise\/\"},{\"@type\":\"ListItem\",\"position\":3,\"name\":\"Engagement\",\"item\":\"https:\/\/circutor.com\/fr\/entreprise\/engagement\/\"},{\"@type\":\"ListItem\",\"position\":4,\"name\":\"EU Data Act\"}]}]}<\/script>\n<!-- \/ Yoast SEO plugin. -->","yoast_head_json":{"title":"EU Data Act - CIRCUTOR","robots":{"index":"index","follow":"follow","max-snippet":"max-snippet:-1","max-image-preview":"max-image-preview:large","max-video-preview":"max-video-preview:-1"},"canonical":"https:\/\/circutor.com\/fr\/entreprise\/engagement\/eu-data-act\/","og_locale":"fr_FR","og_type":"article","og_title":"EU Data Act - CIRCUTOR","og_description":"[vc_row full_width=\u00a0\u00bbstretch_row\u00a0\u00bb content_placement=\u00a0\u00bbtop\u00a0\u00bb css=\u00a0\u00bb.vc_custom_1774447300617{background-image: url(https:\/\/circutor.com\/wp-content\/uploads\/2026\/03\/eu-data-act-2.jpg?id=61112) !important;background-position: center !important;background-repeat: no-repeat !important;background-size: cover !important;}\u00a0\u00bb el_class=\u00a0\u00bbbanner_pagina_texto\u00a0\u00bb][vc_column][vc_row_inner el_class=\u00a0\u00bbbreadcrumb\u00a0\u00bb][vc_column_inner][\/vc_column_inner][\/vc_row_inner][vc_row_inner][vc_column_inner][vc_column_text] EU Data Act [\/vc_column_text][\/vc_column_inner][\/vc_row_inner][\/vc_column][\/vc_row][vc_row][vc_column width=\u00a0\u00bb1\/6&Prime;][\/vc_column][vc_column width=\u00a0\u00bb2\/3&Prime;][vc_column_text css=\u00a0\u00bb.vc_custom_1774604210677{margin-top: 40px !important;margin-bottom: 6rem !important;}\u00a0\u00bb]Chez CIRCUTOR, nous sommes attach\u00e9s \u00e0 la transparence et \u00e0 l&rsquo;acc\u00e8s \u00e9quitable aux donn\u00e9es g\u00e9n\u00e9r\u00e9es par nos produits \u00e9lectroniques connect\u00e9s et services associ\u00e9s. Conform\u00e9ment au r\u00e8glement (UE) 2023\/2854 (Data Act), nous [&hellip;]","og_url":"https:\/\/circutor.com\/fr\/entreprise\/engagement\/eu-data-act\/","og_site_name":"CIRCUTOR","article_publisher":"https:\/\/www.facebook.com\/CIRCUTOR.ES","article_modified_time":"2026-03-27T09:38:38+00:00","og_image":[{"width":1299,"height":354,"url":"https:\/\/circutor.com\/wp-content\/uploads\/2022\/07\/Circutor_Logo_Color.png","type":"image\/png"}],"twitter_card":"summary_large_image","twitter_site":"@circutor","twitter_misc":{"Dur\u00e9e de lecture estim\u00e9e":"3 minutes"},"schema":{"@context":"https:\/\/schema.org","@graph":[{"@type":"Organization","@id":"https:\/\/circutor.com\/#organization","name":"Circutor","url":"https:\/\/circutor.com\/","sameAs":["https:\/\/www.instagram.com\/circutor_es","https:\/\/www.linkedin.com\/company\/circutor","https:\/\/www.youtube.com\/user\/CIRCUTORoficial","https:\/\/www.facebook.com\/CIRCUTOR.ES","https:\/\/twitter.com\/circutor"],"logo":{"@type":"ImageObject","inLanguage":"fr-FR","@id":"https:\/\/circutor.com\/#\/schema\/logo\/image\/","url":"https:\/\/circutor.com\/wp-content\/uploads\/2020\/09\/CIR_LOGO_RED.png","contentUrl":"https:\/\/circutor.com\/wp-content\/uploads\/2020\/09\/CIR_LOGO_RED.png","width":512,"height":128,"caption":"Circutor"},"image":{"@id":"https:\/\/circutor.com\/#\/schema\/logo\/image\/"}},{"@type":"WebSite","@id":"https:\/\/circutor.com\/#website","url":"https:\/\/circutor.com\/","name":"CIRCUTOR","description":"Soluciones para la eficiencia energ\u00e9tica el\u00e9ctrica","publisher":{"@id":"https:\/\/circutor.com\/#organization"},"potentialAction":[{"@type":"SearchAction","target":{"@type":"EntryPoint","urlTemplate":"https:\/\/circutor.com\/?s={search_term_string}"},"query-input":"required name=search_term_string"}],"inLanguage":"fr-FR"},{"@type":"WebPage","@id":"https:\/\/circutor.com\/fr\/entreprise\/engagement\/eu-data-act\/","url":"https:\/\/circutor.com\/fr\/entreprise\/engagement\/eu-data-act\/","name":"EU Data Act - CIRCUTOR","isPartOf":{"@id":"https:\/\/circutor.com\/#website"},"datePublished":"2026-03-27T09:37:38+00:00","dateModified":"2026-03-27T09:38:38+00:00","breadcrumb":{"@id":"https:\/\/circutor.com\/fr\/entreprise\/engagement\/eu-data-act\/#breadcrumb"},"inLanguage":"fr-FR","potentialAction":[{"@type":"ReadAction","target":["https:\/\/circutor.com\/fr\/entreprise\/engagement\/eu-data-act\/"]}]},{"@type":"BreadcrumbList","@id":"https:\/\/circutor.com\/fr\/entreprise\/engagement\/eu-data-act\/#breadcrumb","itemListElement":[{"@type":"ListItem","position":1,"name":"Portada","item":"https:\/\/circutor.com\/fr\/"},{"@type":"ListItem","position":2,"name":"Entreprise","item":"https:\/\/circutor.com\/fr\/entreprise\/"},{"@type":"ListItem","position":3,"name":"Engagement","item":"https:\/\/circutor.com\/fr\/entreprise\/engagement\/"},{"@type":"ListItem","position":4,"name":"EU Data Act"}]}]}},"_links":{"self":[{"href":"https:\/\/circutor.com\/fr\/wp-json\/wp\/v2\/pages\/61397"}],"collection":[{"href":"https:\/\/circutor.com\/fr\/wp-json\/wp\/v2\/pages"}],"about":[{"href":"https:\/\/circutor.com\/fr\/wp-json\/wp\/v2\/types\/page"}],"author":[{"embeddable":true,"href":"https:\/\/circutor.com\/fr\/wp-json\/wp\/v2\/users\/7"}],"replies":[{"embeddable":true,"href":"https:\/\/circutor.com\/fr\/wp-json\/wp\/v2\/comments?post=61397"}],"version-history":[{"count":1,"href":"https:\/\/circutor.com\/fr\/wp-json\/wp\/v2\/pages\/61397\/revisions"}],"predecessor-version":[{"id":61398,"href":"https:\/\/circutor.com\/fr\/wp-json\/wp\/v2\/pages\/61397\/revisions\/61398"}],"up":[{"embeddable":true,"href":"https:\/\/circutor.com\/fr\/wp-json\/wp\/v2\/pages\/8987"}],"wp:attachment":[{"href":"https:\/\/circutor.com\/fr\/wp-json\/wp\/v2\/media?parent=61397"}],"curies":[{"name":"wp","href":"https:\/\/api.w.org\/{rel}","templated":true}]}}