{"id":56783,"date":"2025-06-09T16:28:21","date_gmt":"2025-06-09T14:28:21","guid":{"rendered":"https:\/\/circutor.com\/?page_id=56783"},"modified":"2025-06-09T16:28:21","modified_gmt":"2025-06-09T14:28:21","slug":"merci-portes-ouvertes","status":"publish","type":"page","link":"https:\/\/circutor.com\/fr\/merci-portes-ouvertes\/","title":{"rendered":"Merci Portes Ouvertes"},"content":{"rendered":"<p>[vc_row][vc_column][vc_column_text]<\/p>\n<table style=\"border-collapse: collapse; width: 100%; height: 50px;\">\n<tbody>\n<tr style=\"height: 24px;\">\n<td style=\"width: 33.3333%; height: 24px;\"><\/td>\n<td style=\"width: 33.3333%; height: 24px;\"><\/td>\n<td style=\"width: 33.3333%; height: 24px;\"><\/td>\n<\/tr>\n<\/tbody>\n<\/table>\n<p>[\/vc_column_text][vc_column_text]<\/p>\n<h1>Merci pour votre inscription !<\/h1>\n<p>[\/vc_column_text][vc_column_text]Nous vous remercions de l&rsquo;int\u00e9r\u00eat que vous portez \u00e0 nos produits et solutions. Entre-temps, nous vous invitons \u00e0 mieux nous conna\u00eetre.<br \/>\nDans les liens suivants, vous trouverez des informations sur nos produits, des articles techniques et des nouvelles sur le secteur, des vid\u00e9os de formation ou l&rsquo;acc\u00e8s \u00e0 des webinaires gratuits :[\/vc_column_text][\/vc_column][\/vc_row][vc_row][vc_column width=\u00a0\u00bb1\/2&Prime;][vc_raw_html]JTNDYSUyMGhyZWYlM0QlMjIlMkZmciUyRnByb2R1aXRzLWV0LXNvbHV0aW9ucy1jaXJjdXRvciUyRiUyMiUzRSUwQSUzQ2RpdiUyMGNsYXNzJTNEJTIyaXRlbSUyMGdlbmVyYWwlMjBhbmltYWNpb25fY2FqYSUyMiUzRSUwQSUwQSUzQ2RpdiUyMGNsYXNzJTNEJTIyZGV0YWlscyUyMiUzRSUwQSUzQ2JyJTNFJTBBJTNDaDQlMjBjbGFzcyUzRCUyMnRpdHVsb19wYWdlJTIwc21hbGwlMjIlM0VQcm9kdWl0cyUzQyUyRmg0JTNFJTBBJTNDcCUyMGNsYXNzJTNEJTIyZW5sYWNlJTIyJTNFTGElMjBnYW1tZSUyMGNvbXBsJUMzJUE4dGUlMjBkZSUyMHByb2R1aXRzJTIwZXQlMjBkZSUyMHNvbHV0aW9ucyUyMENpcmN1dG9yJTIwJTNDaSUyMGNsYXNzJTNEJTIyaWNvLWFycm93LXJpZ2h0JTIyJTNFJTNDJTJGaSUzRSUzQyUyRnAlM0UlMEElM0MlMkZkaXYlM0UlMEElMEElM0MlMkZkaXYlM0UlMEElM0MlMkZhJTNF[\/vc_raw_html][\/vc_column][vc_column width=\u00a0\u00bb1\/2&Prime;][vc_raw_html]JTNDYSUyMGhyZWYlM0QlMjIlMkZmciUyRmVudHJlcHJpc2UlMkZjaXJjdXRvci1hY3R1YWxpdGUlMkYlMjIlM0UlMEElM0NkaXYlMjBjbGFzcyUzRCUyMml0ZW0lMjBnZW5lcmFsJTIwYW5pbWFjaW9uX2NhamElMjIlM0UlMEElMEElM0NkaXYlMjBjbGFzcyUzRCUyMmRldGFpbHMlMjIlM0UlMEElM0NiciUzRSUwQSUzQ2g0JTIwY2xhc3MlM0QlMjJ0aXR1bG9fcGFnZSUyMHNtYWxsJTIyJTNFQWN0dWFsaXQlQzMlQTlzJTNDJTJGaDQlM0UlMEElM0NwJTIwY2xhc3MlM0QlMjJlbmxhY2UlMjIlM0VBY3R1YWxpdCVDMyVBOXMlMjBldCUyMGRlcm5pJUMzJUE4cmVzJTIwbm91dmVsbGVzJTIwZGUlMjBDaXJjdXRvciUyMGV0JTIwZHUlMjBzZWN0ZXVyJTIwZGUlMjBsJTI3JUMzJUE5bGVjdHJpY2l0JUMzJUE5JTIwJTNDaSUyMGNsYXNzJTNEJTIyaWNvLWFycm93LXJpZ2h0JTIyJTNFJTNDJTJGaSUzRSUzQyUyRnAlM0UlMEElM0MlMkZkaXYlM0UlMEElMEElM0MlMkZkaXYlM0UlMEElM0MlMkZhJTNF[\/vc_raw_html][\/vc_column][\/vc_row]<\/p>\n","protected":false},"excerpt":{"rendered":"<p>[vc_row][vc_column][vc_column_text] [\/vc_column_text][vc_column_text] Merci pour votre inscription ! [\/vc_column_text][vc_column_text]Nous vous remercions de l&rsquo;int\u00e9r\u00eat que vous portez \u00e0 nos produits et solutions. Entre-temps, nous vous invitons \u00e0 mieux nous conna\u00eetre. Dans les liens suivants, vous trouverez des informations sur nos produits, des articles techniques et des nouvelles sur le secteur, des vid\u00e9os de formation ou l&rsquo;acc\u00e8s \u00e0 [&hellip;]<\/p>\n","protected":false},"author":7,"featured_media":0,"parent":0,"menu_order":0,"comment_status":"closed","ping_status":"closed","template":"","meta":[],"acf":[],"yoast_head":"<!-- This site is optimized with the Yoast SEO plugin v19.4 - https:\/\/yoast.com\/wordpress\/plugins\/seo\/ -->\n<title>Merci Portes Ouvertes - CIRCUTOR<\/title>\n<meta name=\"robots\" content=\"index, follow, max-snippet:-1, max-image-preview:large, max-video-preview:-1\" \/>\n<link rel=\"canonical\" href=\"https:\/\/circutor.com\/fr\/merci-portes-ouvertes\/\" \/>\n<meta property=\"og:locale\" content=\"fr_FR\" \/>\n<meta property=\"og:type\" content=\"article\" \/>\n<meta property=\"og:title\" content=\"Merci Portes Ouvertes - CIRCUTOR\" \/>\n<meta property=\"og:description\" content=\"[vc_row][vc_column][vc_column_text] [\/vc_column_text][vc_column_text] Merci pour votre inscription ! [\/vc_column_text][vc_column_text]Nous vous remercions de l&rsquo;int\u00e9r\u00eat que vous portez \u00e0 nos produits et solutions. Entre-temps, nous vous invitons \u00e0 mieux nous conna\u00eetre. Dans les liens suivants, vous trouverez des informations sur nos produits, des articles techniques et des nouvelles sur le secteur, des vid\u00e9os de formation ou l&rsquo;acc\u00e8s \u00e0 [&hellip;]\" \/>\n<meta property=\"og:url\" content=\"https:\/\/circutor.com\/fr\/merci-portes-ouvertes\/\" \/>\n<meta property=\"og:site_name\" content=\"CIRCUTOR\" \/>\n<meta property=\"article:publisher\" content=\"https:\/\/www.facebook.com\/CIRCUTOR.ES\" \/>\n<meta property=\"og:image\" content=\"https:\/\/circutor.com\/wp-content\/uploads\/2022\/07\/Circutor_Logo_Color.png\" \/>\n\t<meta property=\"og:image:width\" content=\"1299\" \/>\n\t<meta property=\"og:image:height\" content=\"354\" \/>\n\t<meta property=\"og:image:type\" content=\"image\/png\" \/>\n<meta name=\"twitter:card\" content=\"summary_large_image\" \/>\n<meta name=\"twitter:site\" content=\"@circutor\" \/>\n<meta name=\"twitter:label1\" content=\"Dur\u00e9e de lecture estim\u00e9e\" \/>\n\t<meta name=\"twitter:data1\" content=\"1 minute\" \/>\n<script type=\"application\/ld+json\" class=\"yoast-schema-graph\">{\"@context\":\"https:\/\/schema.org\",\"@graph\":[{\"@type\":\"Organization\",\"@id\":\"https:\/\/circutor.com\/#organization\",\"name\":\"Circutor\",\"url\":\"https:\/\/circutor.com\/\",\"sameAs\":[\"https:\/\/www.instagram.com\/circutor_es\",\"https:\/\/www.linkedin.com\/company\/circutor\",\"https:\/\/www.youtube.com\/user\/CIRCUTORoficial\",\"https:\/\/www.facebook.com\/CIRCUTOR.ES\",\"https:\/\/twitter.com\/circutor\"],\"logo\":{\"@type\":\"ImageObject\",\"inLanguage\":\"fr-FR\",\"@id\":\"https:\/\/circutor.com\/#\/schema\/logo\/image\/\",\"url\":\"https:\/\/circutor.com\/wp-content\/uploads\/2020\/09\/CIR_LOGO_RED.png\",\"contentUrl\":\"https:\/\/circutor.com\/wp-content\/uploads\/2020\/09\/CIR_LOGO_RED.png\",\"width\":512,\"height\":128,\"caption\":\"Circutor\"},\"image\":{\"@id\":\"https:\/\/circutor.com\/#\/schema\/logo\/image\/\"}},{\"@type\":\"WebSite\",\"@id\":\"https:\/\/circutor.com\/#website\",\"url\":\"https:\/\/circutor.com\/\",\"name\":\"CIRCUTOR\",\"description\":\"Soluciones para la eficiencia energ\u00e9tica el\u00e9ctrica\",\"publisher\":{\"@id\":\"https:\/\/circutor.com\/#organization\"},\"potentialAction\":[{\"@type\":\"SearchAction\",\"target\":{\"@type\":\"EntryPoint\",\"urlTemplate\":\"https:\/\/circutor.com\/?s={search_term_string}\"},\"query-input\":\"required name=search_term_string\"}],\"inLanguage\":\"fr-FR\"},{\"@type\":\"WebPage\",\"@id\":\"https:\/\/circutor.com\/fr\/merci-portes-ouvertes\/\",\"url\":\"https:\/\/circutor.com\/fr\/merci-portes-ouvertes\/\",\"name\":\"Merci Portes Ouvertes - CIRCUTOR\",\"isPartOf\":{\"@id\":\"https:\/\/circutor.com\/#website\"},\"datePublished\":\"2025-06-09T14:28:21+00:00\",\"dateModified\":\"2025-06-09T14:28:21+00:00\",\"breadcrumb\":{\"@id\":\"https:\/\/circutor.com\/fr\/merci-portes-ouvertes\/#breadcrumb\"},\"inLanguage\":\"fr-FR\",\"potentialAction\":[{\"@type\":\"ReadAction\",\"target\":[\"https:\/\/circutor.com\/fr\/merci-portes-ouvertes\/\"]}]},{\"@type\":\"BreadcrumbList\",\"@id\":\"https:\/\/circutor.com\/fr\/merci-portes-ouvertes\/#breadcrumb\",\"itemListElement\":[{\"@type\":\"ListItem\",\"position\":1,\"name\":\"Portada\",\"item\":\"https:\/\/circutor.com\/fr\/\"},{\"@type\":\"ListItem\",\"position\":2,\"name\":\"Merci Portes Ouvertes\"}]}]}<\/script>\n<!-- \/ Yoast SEO plugin. -->","yoast_head_json":{"title":"Merci Portes Ouvertes - CIRCUTOR","robots":{"index":"index","follow":"follow","max-snippet":"max-snippet:-1","max-image-preview":"max-image-preview:large","max-video-preview":"max-video-preview:-1"},"canonical":"https:\/\/circutor.com\/fr\/merci-portes-ouvertes\/","og_locale":"fr_FR","og_type":"article","og_title":"Merci Portes Ouvertes - CIRCUTOR","og_description":"[vc_row][vc_column][vc_column_text] [\/vc_column_text][vc_column_text] Merci pour votre inscription ! [\/vc_column_text][vc_column_text]Nous vous remercions de l&rsquo;int\u00e9r\u00eat que vous portez \u00e0 nos produits et solutions. Entre-temps, nous vous invitons \u00e0 mieux nous conna\u00eetre. Dans les liens suivants, vous trouverez des informations sur nos produits, des articles techniques et des nouvelles sur le secteur, des vid\u00e9os de formation ou l&rsquo;acc\u00e8s \u00e0 [&hellip;]","og_url":"https:\/\/circutor.com\/fr\/merci-portes-ouvertes\/","og_site_name":"CIRCUTOR","article_publisher":"https:\/\/www.facebook.com\/CIRCUTOR.ES","og_image":[{"width":1299,"height":354,"url":"https:\/\/circutor.com\/wp-content\/uploads\/2022\/07\/Circutor_Logo_Color.png","type":"image\/png"}],"twitter_card":"summary_large_image","twitter_site":"@circutor","twitter_misc":{"Dur\u00e9e de lecture estim\u00e9e":"1 minute"},"schema":{"@context":"https:\/\/schema.org","@graph":[{"@type":"Organization","@id":"https:\/\/circutor.com\/#organization","name":"Circutor","url":"https:\/\/circutor.com\/","sameAs":["https:\/\/www.instagram.com\/circutor_es","https:\/\/www.linkedin.com\/company\/circutor","https:\/\/www.youtube.com\/user\/CIRCUTORoficial","https:\/\/www.facebook.com\/CIRCUTOR.ES","https:\/\/twitter.com\/circutor"],"logo":{"@type":"ImageObject","inLanguage":"fr-FR","@id":"https:\/\/circutor.com\/#\/schema\/logo\/image\/","url":"https:\/\/circutor.com\/wp-content\/uploads\/2020\/09\/CIR_LOGO_RED.png","contentUrl":"https:\/\/circutor.com\/wp-content\/uploads\/2020\/09\/CIR_LOGO_RED.png","width":512,"height":128,"caption":"Circutor"},"image":{"@id":"https:\/\/circutor.com\/#\/schema\/logo\/image\/"}},{"@type":"WebSite","@id":"https:\/\/circutor.com\/#website","url":"https:\/\/circutor.com\/","name":"CIRCUTOR","description":"Soluciones para la eficiencia energ\u00e9tica el\u00e9ctrica","publisher":{"@id":"https:\/\/circutor.com\/#organization"},"potentialAction":[{"@type":"SearchAction","target":{"@type":"EntryPoint","urlTemplate":"https:\/\/circutor.com\/?s={search_term_string}"},"query-input":"required name=search_term_string"}],"inLanguage":"fr-FR"},{"@type":"WebPage","@id":"https:\/\/circutor.com\/fr\/merci-portes-ouvertes\/","url":"https:\/\/circutor.com\/fr\/merci-portes-ouvertes\/","name":"Merci Portes Ouvertes - CIRCUTOR","isPartOf":{"@id":"https:\/\/circutor.com\/#website"},"datePublished":"2025-06-09T14:28:21+00:00","dateModified":"2025-06-09T14:28:21+00:00","breadcrumb":{"@id":"https:\/\/circutor.com\/fr\/merci-portes-ouvertes\/#breadcrumb"},"inLanguage":"fr-FR","potentialAction":[{"@type":"ReadAction","target":["https:\/\/circutor.com\/fr\/merci-portes-ouvertes\/"]}]},{"@type":"BreadcrumbList","@id":"https:\/\/circutor.com\/fr\/merci-portes-ouvertes\/#breadcrumb","itemListElement":[{"@type":"ListItem","position":1,"name":"Portada","item":"https:\/\/circutor.com\/fr\/"},{"@type":"ListItem","position":2,"name":"Merci Portes Ouvertes"}]}]}},"_links":{"self":[{"href":"https:\/\/circutor.com\/fr\/wp-json\/wp\/v2\/pages\/56783"}],"collection":[{"href":"https:\/\/circutor.com\/fr\/wp-json\/wp\/v2\/pages"}],"about":[{"href":"https:\/\/circutor.com\/fr\/wp-json\/wp\/v2\/types\/page"}],"author":[{"embeddable":true,"href":"https:\/\/circutor.com\/fr\/wp-json\/wp\/v2\/users\/7"}],"replies":[{"embeddable":true,"href":"https:\/\/circutor.com\/fr\/wp-json\/wp\/v2\/comments?post=56783"}],"version-history":[{"count":1,"href":"https:\/\/circutor.com\/fr\/wp-json\/wp\/v2\/pages\/56783\/revisions"}],"predecessor-version":[{"id":56784,"href":"https:\/\/circutor.com\/fr\/wp-json\/wp\/v2\/pages\/56783\/revisions\/56784"}],"wp:attachment":[{"href":"https:\/\/circutor.com\/fr\/wp-json\/wp\/v2\/media?parent=56783"}],"curies":[{"name":"wp","href":"https:\/\/api.w.org\/{rel}","templated":true}]}}