{"id":48288,"date":"2024-02-29T14:33:49","date_gmt":"2024-02-29T12:33:49","guid":{"rendered":"https:\/\/circutor.com\/?page_id=48288"},"modified":"2024-02-29T14:33:49","modified_gmt":"2024-02-29T12:33:49","slug":"protection-des-donnees-cv","status":"publish","type":"page","link":"https:\/\/circutor.com\/fr\/protection-des-donnees-cv\/","title":{"rendered":"Protection des Donn\u00e9es CV"},"content":{"rendered":"<p>[vc_row][vc_column][vc_column_text css=\u00a0\u00bb.vc_custom_1709210009943{margin-top: 20px !important;margin-bottom: 20px !important;}\u00a0\u00bb]<strong>Protection des Donn\u00e9es CV<\/strong><\/p>\n<p>Conform\u00e9ment aux dispositions du r\u00e8glement UE 2016\/679 relatif \u00e0 la protection des donn\u00e9es \u00e0 caract\u00e8re personnel et de la loi 3\/2018 sur la protection des donn\u00e9es, nous vous communiquons que les donn\u00e9es que vous avez fournies dans votre CV de fa\u00e7on volontaire, en toute libert\u00e9 et en connaissance de cause, seront incorpor\u00e9es et trait\u00e9es dans les fichiers d\u00e9tenus par CIRCUTOR S.A.U, sis Calle Vial Sant Jordi s\/n &#8211; 08232 Viladecavalls (Barcelone).<\/p>\n<p>Au nom de l\u2019entreprise, nous traitons les informations que vous nous fournissez dans le but de vous tenir inform\u00e9 des diff\u00e9rents postes de travail vacants qui se pr\u00e9sentent dans notre organisation.<\/p>\n<p>Par la signature du pr\u00e9sent document, vous autorisez express\u00e9ment CIRCUTOR S.A.U. \u00e0 utiliser les donn\u00e9es que vous lui avez fournies. La soci\u00e9t\u00e9 s\u2019engage \u00e0 traiter de mani\u00e8re confidentielle les donn\u00e9es \u00e0 caract\u00e8re personnel transmises et \u00e0 ne pas communiquer ou c\u00e9der ces informations \u00e0 des tiers.<\/p>\n<p>Le titulaire autorise la cession de ses donn\u00e9es \u00e0 caract\u00e8re personnel \u00e0 des fins de candidature et pour les \u00e9ventuels besoins du service au sein des entreprises du groupe CIRCUTOR. Les donn\u00e9es fournies seront conserv\u00e9es pendant un d\u00e9lai ne d\u00e9passant pas un an ou jusqu\u2019\u00e0 ce que vous ayez exerc\u00e9 votre droit d\u2019annulation.<\/p>\n<p>De m\u00eame, nous vous rappelons qu\u2019\u00e0 tout moment, vous pouvez exercer vos droits d\u2019acc\u00e8s, de rectification, de suppression, de limitation, de portabilit\u00e9 et d\u2019opposition au traitement de vos donn\u00e9es \u00e0 ces fins en contactant les bureaux de CIRCUTOR S.A.U sis Vial Sant Jordi s\/n &#8211; 08232 Viladecavalls (Barcelone) ou par courrier \u00e9lectronique \u00e0 l\u2019adresse <a href=\"mailto:dpo@circutor.com\">dpo@circutor.com<\/a>.[\/vc_column_text][\/vc_column][\/vc_row]<\/p>\n","protected":false},"excerpt":{"rendered":"<p>[vc_row][vc_column][vc_column_text css=\u00a0\u00bb.vc_custom_1709210009943{margin-top: 20px !important;margin-bottom: 20px !important;}\u00a0\u00bb]Protection des Donn\u00e9es CV Conform\u00e9ment aux dispositions du r\u00e8glement UE 2016\/679 relatif \u00e0 la protection des donn\u00e9es \u00e0 caract\u00e8re personnel et de la loi 3\/2018 sur la protection des donn\u00e9es, nous vous communiquons que les donn\u00e9es que vous avez fournies dans votre CV de fa\u00e7on volontaire, en toute libert\u00e9 et [&hellip;]<\/p>\n","protected":false},"author":7,"featured_media":0,"parent":0,"menu_order":0,"comment_status":"closed","ping_status":"closed","template":"","meta":[],"acf":[],"yoast_head":"<!-- This site is optimized with the Yoast SEO plugin v19.4 - https:\/\/yoast.com\/wordpress\/plugins\/seo\/ -->\n<title>Protection des Donn\u00e9es CV - CIRCUTOR<\/title>\n<meta name=\"robots\" content=\"noindex, nofollow\" \/>\n<meta property=\"og:locale\" content=\"fr_FR\" \/>\n<meta property=\"og:type\" content=\"article\" \/>\n<meta property=\"og:title\" content=\"Protection des Donn\u00e9es CV - CIRCUTOR\" \/>\n<meta property=\"og:description\" content=\"[vc_row][vc_column][vc_column_text css=\u00a0\u00bb.vc_custom_1709210009943{margin-top: 20px !important;margin-bottom: 20px !important;}\u00a0\u00bb]Protection des Donn\u00e9es CV Conform\u00e9ment aux dispositions du r\u00e8glement UE 2016\/679 relatif \u00e0 la protection des donn\u00e9es \u00e0 caract\u00e8re personnel et de la loi 3\/2018 sur la protection des donn\u00e9es, nous vous communiquons que les donn\u00e9es que vous avez fournies dans votre CV de fa\u00e7on volontaire, en toute libert\u00e9 et [&hellip;]\" \/>\n<meta property=\"og:url\" content=\"https:\/\/circutor.com\/fr\/protection-des-donnees-cv\/\" \/>\n<meta property=\"og:site_name\" content=\"CIRCUTOR\" \/>\n<meta property=\"article:publisher\" content=\"https:\/\/www.facebook.com\/CIRCUTOR.ES\" \/>\n<meta property=\"og:image\" content=\"https:\/\/circutor.com\/wp-content\/uploads\/2022\/07\/Circutor_Logo_Color.png\" \/>\n\t<meta property=\"og:image:width\" content=\"1299\" \/>\n\t<meta property=\"og:image:height\" content=\"354\" \/>\n\t<meta property=\"og:image:type\" content=\"image\/png\" \/>\n<meta name=\"twitter:card\" content=\"summary_large_image\" \/>\n<meta name=\"twitter:site\" content=\"@circutor\" \/>\n<meta name=\"twitter:label1\" content=\"Dur\u00e9e de lecture estim\u00e9e\" \/>\n\t<meta name=\"twitter:data1\" content=\"2 minutes\" \/>\n<script type=\"application\/ld+json\" class=\"yoast-schema-graph\">{\"@context\":\"https:\/\/schema.org\",\"@graph\":[{\"@type\":\"Organization\",\"@id\":\"https:\/\/circutor.com\/#organization\",\"name\":\"Circutor\",\"url\":\"https:\/\/circutor.com\/\",\"sameAs\":[\"https:\/\/www.instagram.com\/circutor_es\",\"https:\/\/www.linkedin.com\/company\/circutor\",\"https:\/\/www.youtube.com\/user\/CIRCUTORoficial\",\"https:\/\/www.facebook.com\/CIRCUTOR.ES\",\"https:\/\/twitter.com\/circutor\"],\"logo\":{\"@type\":\"ImageObject\",\"inLanguage\":\"fr-FR\",\"@id\":\"https:\/\/circutor.com\/#\/schema\/logo\/image\/\",\"url\":\"https:\/\/circutor.com\/wp-content\/uploads\/2020\/09\/CIR_LOGO_RED.png\",\"contentUrl\":\"https:\/\/circutor.com\/wp-content\/uploads\/2020\/09\/CIR_LOGO_RED.png\",\"width\":512,\"height\":128,\"caption\":\"Circutor\"},\"image\":{\"@id\":\"https:\/\/circutor.com\/#\/schema\/logo\/image\/\"}},{\"@type\":\"WebSite\",\"@id\":\"https:\/\/circutor.com\/#website\",\"url\":\"https:\/\/circutor.com\/\",\"name\":\"CIRCUTOR\",\"description\":\"Soluciones para la eficiencia energ\u00e9tica el\u00e9ctrica\",\"publisher\":{\"@id\":\"https:\/\/circutor.com\/#organization\"},\"potentialAction\":[{\"@type\":\"SearchAction\",\"target\":{\"@type\":\"EntryPoint\",\"urlTemplate\":\"https:\/\/circutor.com\/?s={search_term_string}\"},\"query-input\":\"required name=search_term_string\"}],\"inLanguage\":\"fr-FR\"},{\"@type\":\"WebPage\",\"@id\":\"https:\/\/circutor.com\/fr\/protection-des-donnees-cv\/\",\"url\":\"https:\/\/circutor.com\/fr\/protection-des-donnees-cv\/\",\"name\":\"Protection des Donn\u00e9es CV - CIRCUTOR\",\"isPartOf\":{\"@id\":\"https:\/\/circutor.com\/#website\"},\"datePublished\":\"2024-02-29T12:33:49+00:00\",\"dateModified\":\"2024-02-29T12:33:49+00:00\",\"breadcrumb\":{\"@id\":\"https:\/\/circutor.com\/fr\/protection-des-donnees-cv\/#breadcrumb\"},\"inLanguage\":\"fr-FR\",\"potentialAction\":[{\"@type\":\"ReadAction\",\"target\":[\"https:\/\/circutor.com\/fr\/protection-des-donnees-cv\/\"]}]},{\"@type\":\"BreadcrumbList\",\"@id\":\"https:\/\/circutor.com\/fr\/protection-des-donnees-cv\/#breadcrumb\",\"itemListElement\":[{\"@type\":\"ListItem\",\"position\":1,\"name\":\"Portada\",\"item\":\"https:\/\/circutor.com\/fr\/\"},{\"@type\":\"ListItem\",\"position\":2,\"name\":\"Protection des Donn\u00e9es CV\"}]}]}<\/script>\n<!-- \/ Yoast SEO plugin. -->","yoast_head_json":{"title":"Protection des Donn\u00e9es CV - CIRCUTOR","robots":{"index":"noindex","follow":"nofollow"},"og_locale":"fr_FR","og_type":"article","og_title":"Protection des Donn\u00e9es CV - CIRCUTOR","og_description":"[vc_row][vc_column][vc_column_text css=\u00a0\u00bb.vc_custom_1709210009943{margin-top: 20px !important;margin-bottom: 20px !important;}\u00a0\u00bb]Protection des Donn\u00e9es CV Conform\u00e9ment aux dispositions du r\u00e8glement UE 2016\/679 relatif \u00e0 la protection des donn\u00e9es \u00e0 caract\u00e8re personnel et de la loi 3\/2018 sur la protection des donn\u00e9es, nous vous communiquons que les donn\u00e9es que vous avez fournies dans votre CV de fa\u00e7on volontaire, en toute libert\u00e9 et [&hellip;]","og_url":"https:\/\/circutor.com\/fr\/protection-des-donnees-cv\/","og_site_name":"CIRCUTOR","article_publisher":"https:\/\/www.facebook.com\/CIRCUTOR.ES","og_image":[{"width":1299,"height":354,"url":"https:\/\/circutor.com\/wp-content\/uploads\/2022\/07\/Circutor_Logo_Color.png","type":"image\/png"}],"twitter_card":"summary_large_image","twitter_site":"@circutor","twitter_misc":{"Dur\u00e9e de lecture estim\u00e9e":"2 minutes"},"schema":{"@context":"https:\/\/schema.org","@graph":[{"@type":"Organization","@id":"https:\/\/circutor.com\/#organization","name":"Circutor","url":"https:\/\/circutor.com\/","sameAs":["https:\/\/www.instagram.com\/circutor_es","https:\/\/www.linkedin.com\/company\/circutor","https:\/\/www.youtube.com\/user\/CIRCUTORoficial","https:\/\/www.facebook.com\/CIRCUTOR.ES","https:\/\/twitter.com\/circutor"],"logo":{"@type":"ImageObject","inLanguage":"fr-FR","@id":"https:\/\/circutor.com\/#\/schema\/logo\/image\/","url":"https:\/\/circutor.com\/wp-content\/uploads\/2020\/09\/CIR_LOGO_RED.png","contentUrl":"https:\/\/circutor.com\/wp-content\/uploads\/2020\/09\/CIR_LOGO_RED.png","width":512,"height":128,"caption":"Circutor"},"image":{"@id":"https:\/\/circutor.com\/#\/schema\/logo\/image\/"}},{"@type":"WebSite","@id":"https:\/\/circutor.com\/#website","url":"https:\/\/circutor.com\/","name":"CIRCUTOR","description":"Soluciones para la eficiencia energ\u00e9tica el\u00e9ctrica","publisher":{"@id":"https:\/\/circutor.com\/#organization"},"potentialAction":[{"@type":"SearchAction","target":{"@type":"EntryPoint","urlTemplate":"https:\/\/circutor.com\/?s={search_term_string}"},"query-input":"required name=search_term_string"}],"inLanguage":"fr-FR"},{"@type":"WebPage","@id":"https:\/\/circutor.com\/fr\/protection-des-donnees-cv\/","url":"https:\/\/circutor.com\/fr\/protection-des-donnees-cv\/","name":"Protection des Donn\u00e9es CV - CIRCUTOR","isPartOf":{"@id":"https:\/\/circutor.com\/#website"},"datePublished":"2024-02-29T12:33:49+00:00","dateModified":"2024-02-29T12:33:49+00:00","breadcrumb":{"@id":"https:\/\/circutor.com\/fr\/protection-des-donnees-cv\/#breadcrumb"},"inLanguage":"fr-FR","potentialAction":[{"@type":"ReadAction","target":["https:\/\/circutor.com\/fr\/protection-des-donnees-cv\/"]}]},{"@type":"BreadcrumbList","@id":"https:\/\/circutor.com\/fr\/protection-des-donnees-cv\/#breadcrumb","itemListElement":[{"@type":"ListItem","position":1,"name":"Portada","item":"https:\/\/circutor.com\/fr\/"},{"@type":"ListItem","position":2,"name":"Protection des Donn\u00e9es CV"}]}]}},"_links":{"self":[{"href":"https:\/\/circutor.com\/fr\/wp-json\/wp\/v2\/pages\/48288"}],"collection":[{"href":"https:\/\/circutor.com\/fr\/wp-json\/wp\/v2\/pages"}],"about":[{"href":"https:\/\/circutor.com\/fr\/wp-json\/wp\/v2\/types\/page"}],"author":[{"embeddable":true,"href":"https:\/\/circutor.com\/fr\/wp-json\/wp\/v2\/users\/7"}],"replies":[{"embeddable":true,"href":"https:\/\/circutor.com\/fr\/wp-json\/wp\/v2\/comments?post=48288"}],"version-history":[{"count":0,"href":"https:\/\/circutor.com\/fr\/wp-json\/wp\/v2\/pages\/48288\/revisions"}],"wp:attachment":[{"href":"https:\/\/circutor.com\/fr\/wp-json\/wp\/v2\/media?parent=48288"}],"curies":[{"name":"wp","href":"https:\/\/api.w.org\/{rel}","templated":true}]}}