{"id":48273,"date":"2024-02-28T12:38:42","date_gmt":"2024-02-28T10:38:42","guid":{"rendered":"https:\/\/circutor.com\/?page_id=48273"},"modified":"2024-02-28T15:34:36","modified_gmt":"2024-02-28T13:34:36","slug":"powerstudio-scada-universe","status":"publish","type":"page","link":"https:\/\/circutor.com\/fr\/plateforme-powerstudio-scada\/powerstudio-scada-universe\/","title":{"rendered":"PowerStudio SCADA Universe"},"content":{"rendered":"<p>[vc_row full_width=\u00a0\u00bbstretch_row\u00a0\u00bb el_class=\u00a0\u00bbbanner_pagina_texto\u00a0\u00bb css=\u00a0\u00bb.vc_custom_1707752243795{background-image: url(https:\/\/circutor.com\/wp-content\/uploads\/2024\/02\/FO_PS_Universe_header.jpg?id=47735) !important;background-position: center !important;background-repeat: no-repeat !important;background-size: cover !important;}\u00a0\u00bb][vc_column][vc_row_inner el_class=\u00a0\u00bbbreadcrumb\u00a0\u00bb][vc_column_inner]<div itemscope itemtype=\"https:\/\/schema.org\/BreadcrumbList\" id=\"breadcrumb\"><div itemprop=\"itemListElement\" itemscope itemtype=\"https:\/\/schema.org\/ListItem\"><a itemprop=\"item\" href=\"https:\/\/circutor.com\/fr\/\"><span itemprop=\"name\">Home<\/span><\/a><meta itemprop=\"position\" content=\"1\" \/><\/div><div itemprop=\"itemListElement\" itemscope itemtype=\"https:\/\/schema.org\/ListItem\"><span><i class=\"ico-guil-singl-right\"><\/i><\/span><a itemprop=\"item\" href=\"https:\/\/circutor.com\/fr\/plateforme-powerstudio-scada\/\"><span itemprop=\"name\">Plateforme PowerStudio SCADA<\/span><\/a><meta itemprop=\"position\" content=\"3\"><\/div><div itemprop=\"itemListElement\" itemscope itemtype=\"https:\/\/schema.org\/ListItem\"><span><i class=\"ico-guil-singl-right\"><\/i><\/span><span class=\"active_item_breadcrumb\" itemprop=\"name\">PowerStudio SCADA Universe<\/span><meta itemprop=\"position\" content=\"4\"><\/div><\/div>[\/vc_column_inner][\/vc_row_inner][vc_row_inner][vc_column_inner width=\u00a0\u00bb6\/12&Prime;][vc_column_text]<\/p>\n<h1>PowerStudio SCADA Universe: OPC-UA, SQL, API REST ou Cloud<\/h1>\n<p>[\/vc_column_text][\/vc_column_inner][vc_column_inner width=\u00a0\u00bb6\/12&Prime;][\/vc_column_inner][\/vc_row_inner][\/vc_column][\/vc_row][vc_row el_class=\u00a0\u00bbempresa-que-hacemos bloque page_empresa\u00a0\u00bb css=\u00a0\u00bb.vc_custom_1707812915922{padding-top: 6rem !important;padding-bottom: 6rem !important;}\u00a0\u00bb][vc_column][vc_row_inner css=\u00a0\u00bb.vc_custom_1707812971082{padding-bottom: 6rem !important;}\u00a0\u00bb][vc_column_inner width=\u00a0\u00bb3\/4&Prime;][vc_column_text el_class=\u00a0\u00bbanimacion_left\u00a0\u00bb]<\/p>\n<h6 class=\"wrap-title\">PowerStudio SCADA<\/h6>\n<h2><strong>L\u2019interop\u00e9rabilit\u00e9 industrielle dont votre SCADA a besoin<\/strong><\/h2>\n<p>Dans le monde de l\u2019<strong>automatisation industrielle<\/strong>, la communication entre diff\u00e9rents syst\u00e8mes est essentielle pour garantir l\u2019efficacit\u00e9 et les performances optimales des installations. <strong>PowerStudio<\/strong> propose des options de connectivit\u00e9 et des plateformes sur le Cloud, pour garantir l\u2019interop\u00e9rabilit\u00e9 entre les syst\u00e8mes de l\u2019environnement industriel. Ces options vous permettent d\u2019int\u00e9grer et de partager des donn\u00e9es de fa\u00e7on souple et s\u00fbre.\u00a0Connectez votre logiciel PowerStudio SCADA \u00e0 tout type outil d\u2019analyse et de gestion pour <span style=\"text-decoration: underline;\">tirer le meilleur parti vos donn\u00e9es<\/span>.[\/vc_column_text][\/vc_column_inner][vc_column_inner width=\u00a0\u00bb1\/4&Prime;][\/vc_column_inner][\/vc_row_inner][vc_separator css=\u00a0\u00bb.vc_custom_1707814019747{margin-bottom: 20px !important;}\u00a0\u00bb][vc_row_inner gap=\u00a0\u00bb10&Prime;][vc_column_inner width=\u00a0\u00bb1\/2&Prime;][vc_raw_html]JTNDaSUyMGNsYXNzJTNEJTIyaWNvLXNoYXJlJTIyJTIwc3R5bGUlM0QlMjJmb250LXNpemUlM0ExLjJyZW0lM0IlMjBtYXJnaW4tbGVmdCUzQS0wLjA1ZW0lM0IlMjBjb2xvciUzQSUyM0U0MDA0MCUzQiUyMiUzRSUzQyUyRmklM0UlMEElM0NoMyUyMGNsYXNzJTNEJTIyZm9udHNpemVfMV8ycmVtJTIyJTNFUGFydGFnZXolMjB2b3MlMjBkb25uJUMzJUE5ZXMlMjBwYXIlMjBPUEMlMjBVQSUyMGVuJTIwdGVtcHMlMjByJUMzJUE5ZWwlM0MlMkZoMyUzRSUwQSUzQ3AlMjBzdHlsZSUzRCUyMmZvbnQtd2VpZ2h0JTNBJTIwNDAwJTNCJTIyJTNFTGUlMjBwcm90b2NvbGUlMjBPUEMtVUElMjBlc3QlMjB1biUyMHN0YW5kYXJkJTIwbGFyZ2VtZW50JTIwdXRpbGlzJUMzJUE5JTIwZGFucyUyMGwlRTIlODAlOTlpbmR1c3RyaWUlMjBwb3VyJTIwbGElMjBjb21tdW5pY2F0aW9uJTIwZW50cmUlMjBzeXN0JUMzJUE4bWVzJTIwZCVFMiU4MCU5OWF1dG9tYXRpc2F0aW9uLiUwQVBvd2VyU3R1ZGlvJTIwU0NBREElMjBlc3QlMjBjb21wYXRpYmxlJTIwYXZlYyUyME9QQy1VQSUyMHBhciUyMGxlJTIwYmlhaXMlMjBkZSUyMGwlRTIlODAlOTlvdXRpbCUyME9QQy1VQSUyMFNlcnZlciUyQyUyMGlsJTIwcGV1dCUyMGRvbmMlMjBjb252ZXJ0aXIlMjB2b3RyZSUyMGxvZ2ljaWVsJTIwZW4lMjB1biUyMHNlcnZldXIlMjBPUEMtVUElMjBwb3VyJTIwdG91dGUlMjB2YXJpYWJsZSUyMG91JTIwZG9ubiVDMyVBOWUlMjBjYXB0dXIlQzMlQTllLiUzQyUyRnAlM0U=[\/vc_raw_html][vc_column_text css=\u00a0\u00bb.vc_custom_1709115949259{margin-top: 40px !important;}\u00a0\u00bb]<a class=\"boton_enlace\" href=\"https:\/\/circutor.com\/fr\/produits\/logiciels\/logiciel-sur-site\/product\/M91112.\/\" target=\"_blank\" rel=\"noopener\">Je souhaite obtenir plus d\u2019informations sur le module <strong>OPC UA<\/strong> <i class=\"ico-arrow-right\"><\/i><\/a>[\/vc_column_text][\/vc_column_inner][vc_column_inner width=\u00a0\u00bb1\/2&Prime;][vc_single_image image=\u00a0\u00bb47890&Prime; img_size=\u00a0\u00bbmedium\u00a0\u00bb alignment=\u00a0\u00bbcenter\u00a0\u00bb style=\u00a0\u00bbvc_box_rounded\u00a0\u00bb css=\u00a0\u00bb.vc_custom_1707900028415{margin-top: 20px !important;padding-top: 10px !important;padding-right: 10px !important;padding-bottom: 10px !important;padding-left: 10px !important;background-color: #f8f8f8 !important;border-radius: 4px !important;}\u00a0\u00bb][\/vc_column_inner][\/vc_row_inner][vc_separator css=\u00a0\u00bb.vc_custom_1707750737909{margin-top: 40px !important;margin-bottom: 20px !important;}\u00a0\u00bb][vc_row_inner gap=\u00a0\u00bb10&Prime; css=\u00a0\u00bb.vc_custom_1707738039369{margin-top: 20px !important;}\u00a0\u00bb][vc_column_inner width=\u00a0\u00bb1\/2&Prime;][vc_raw_html]JTNDaSUyMGNsYXNzJTNEJTIyaWNvLWRhdGFsb2dnZXIlMjIlMjBzdHlsZSUzRCUyMmZvbnQtc2l6ZSUzQTEuMnJlbSUzQiUyMG1hcmdpbi1sZWZ0JTNBLTAuMDVlbSUzQiUyMGNvbG9yJTNBJTIzRTQwMDQwJTNCJTIyJTNFJTNDJTJGaSUzRSUwQSUzQ2gzJTIwY2xhc3MlM0QlMjJmb250c2l6ZV8xXzJyZW0lMjIlM0VFbnZveWV6JTIwdm9zJTIwZW5yZWdpc3RyZW1lbnRzJTIwJUMzJUEwJTIwbiVFMiU4MCU5OWltcG9ydGUlMjBxdWVsbGUlMjBiYXNlJTIwZGUlMjBkb25uJUMzJUE5ZXMlMjBTUUwlM0MlMkZoMyUzRSUwQSUzQ3AlMjBzdHlsZSUzRCUyMmZvbnQtd2VpZ2h0JTNBJTIwNDAwJTNCJTIyJTNFJTNDc3Ryb25nJTNFUG93ZXJTdHVkaW8lMjBTQ0FEQSUzQyUyRnN0cm9uZyUzRSUyMHBlcm1ldCUyMGwlRTIlODAlOTlpbnQlQzMlQTlncmF0aW9uJTIwZGUlMjB0b3V0ZSUyMHZhcmlhYmxlJTIwZGFucyUyMHVuZSUyMGJhc2UlMjBkZSUyMGRvbm4lQzMlQTllcyUyMFNRTCUyQyUyMHVuZSUyMGZvbmN0aW9ubmFsaXQlQzMlQTklMjBpbmRpc3BlbnNhYmxlJTIwcG91ciUyMGNyJUMzJUE5ZXIlMjBkZXMlMjBjb3BpZXMlMjBkZSUyMHMlQzMlQTljdXJpdCVDMyVBOSUyMGV0JTIwb2J0ZW5pciUyMHVuJTIwYWNjJUMzJUE4cyUyMGZhY2lsZSUyMGF1eCUyMGluZm9ybWF0aW9ucyUyMHJlY3VlaWxsaWVzJTIwcGFyJTIwdm9zJTIwZGlzcG9zaXRpZnMuJTIwRW4lMjBvdXRyZSUyQyUyMGlsJTIwZmFjaWxpdGUlMjBsJUUyJTgwJTk5dXRpbGlzYXRpb24lMjBkJUUyJTgwJTk5dW4lMjBsYXJnZSUyMCVDMyVBOXZlbnRhaWwlMjBkJUUyJTgwJTk5b3V0aWxzJTIwZCVFMiU4MCU5OWFuYWx5c2UlMjBkZSUyMGRvbm4lQzMlQTllcyUyQyUyMGVuJTIwYW0lQzMlQTlsaW9yYW50JTIwbCVFMiU4MCU5OWVmZmljYWNpdCVDMyVBOSUyMG9wJUMzJUE5cmF0aW9ubmVsbGUlMjBkZSUyMHZvdHJlJTIwZW50cmVwcmlzZS4lM0MlMkZwJTNF[\/vc_raw_html][\/vc_column_inner][vc_column_inner width=\u00a0\u00bb1\/2&Prime;][vc_single_image image=\u00a0\u00bb47698&Prime; img_size=\u00a0\u00bbmedium\u00a0\u00bb alignment=\u00a0\u00bbcenter\u00a0\u00bb style=\u00a0\u00bbvc_box_rounded\u00a0\u00bb css=\u00a0\u00bb.vc_custom_1707751391417{margin-top: 20px !important;padding-top: 10px !important;padding-right: 10px !important;padding-bottom: 10px !important;padding-left: 10px !important;background-color: #f8f8f8 !important;border-radius: 4px !important;}\u00a0\u00bb][\/vc_column_inner][\/vc_row_inner][vc_separator css=\u00a0\u00bb.vc_custom_1707750737909{margin-top: 40px !important;margin-bottom: 20px !important;}\u00a0\u00bb][vc_row_inner gap=\u00a0\u00bb10&Prime; css=\u00a0\u00bb.vc_custom_1707738039369{margin-top: 20px !important;}\u00a0\u00bb][vc_column_inner width=\u00a0\u00bb1\/2&Prime;][vc_raw_html]JTNDaSUyMGNsYXNzJTNEJTIyaWNvLXJlcG9ydC1jaGVjayUyMiUyMHN0eWxlJTNEJTIyZm9udC1zaXplJTNBMS4ycmVtJTNCJTIwbWFyZ2luLWxlZnQlM0EtMC4wNWVtJTNCJTIwY29sb3IlM0ElMjNFNDAwNDAlM0IlMjIlM0UlM0MlMkZpJTNFJTBBJTNDaDMlMjBjbGFzcyUzRCUyMmZvbnRzaXplXzFfMnJlbSUyMiUzRUV4dHJhY3Rpb24lMjBkZSUyMGRvbm4lQzMlQTllcyUyMHZpYSUyMGwlMjdBUEklMjBSRVNUJTIwWE1MJTNDJTJGaDMlM0UlMEElM0NwJTIwc3R5bGUlM0QlMjJmb250LXdlaWdodCUzQSUyMDQwMCUzQiUyMiUzRUwlMjdBUEklMjBSRVNUJTIwZGUlMjBQb3dlclN0dWRpbyUyMFNDQURBJTIwcGVybWV0JTIwZCUyN2Vudm95ZXIlMjBkZXMlMjByZXF1JUMzJUFBdGVzJTIwWE1MJTIwYXUlMjBtb3RldXIlMjBkZSUyMGdlc3Rpb24lMjBldCUyMGRlJTIwc3RvY2thZ2UlMjBkZXMlMjBkb25uJUMzJUE5ZXMlMkMlMjBhcHBlbCVDMyVBOSUyMEVOR0lORS4lMjBMJTI3QVBJJTIwY29tcHJlbmQlMjBkZXMlMjBkZW1hbmRlcyUyMGRlJTIwdmFsZXVycyUyMGhpc3RvcmlxdWVzJTJDJTIwZGUlMjB2YWxldXJzJTIwaW5zdGFudGFuJUMzJUE5ZXMlMjBldCUyMGRlcyUyMGRlbWFuZGVzJTIwZCUyNyVDMyVBOWNyaXR1cmUlMjBwb3VyJTIwbGElMjBnZXN0aW9uJTIwJUMzJUEwJTIwZGlzdGFuY2UlMjBkZSUyMGwlMjdpbnN0YWxsYXRpb24uJTIwRW4lMjBvdXRyZSUyQyUyMGxlcyUyMHJlcXUlQzMlQUF0ZXMlMjBwZXJtZXR0ZW50JTIwZCUyN2Fqb3V0ZXIlMjBkZXMlMjBncm91cGVzJTIwZGUlMjB0ZW1wcyUyMCUyOGFnciVDMyVBOWdhdHMlMjBxdW90aWRpZW5zJTJDJTIwaGViZG9tYWRhaXJlcyUyMGV0JTIwbWVuc3VlbHMlMjklMkMlMjBhaW5zaSUyMHF1ZSUyMGRlcyUyMHJlcXUlQzMlQUF0ZXMlMjAlQzMlQTAlMjBwbHVzaWV1cnMlMjBkaXNwb3NpdGlmcyUyMGV0JTIwdmFyaWFibGVzJTIwc2ltdWx0YW4lQzMlQTltZW50LiUzQyUyRnAlM0U=[\/vc_raw_html][\/vc_column_inner][vc_column_inner width=\u00a0\u00bb1\/2&Prime;][vc_single_image image=\u00a0\u00bb47850&Prime; img_size=\u00a0\u00bbmedium\u00a0\u00bb alignment=\u00a0\u00bbcenter\u00a0\u00bb style=\u00a0\u00bbvc_box_rounded\u00a0\u00bb css=\u00a0\u00bb.vc_custom_1707831717168{margin-top: 20px !important;padding-top: 10px !important;padding-right: 10px !important;padding-bottom: 10px !important;padding-left: 10px !important;background-color: #f8f8f8 !important;border-radius: 4px !important;}\u00a0\u00bb][\/vc_column_inner][\/vc_row_inner][vc_separator css=\u00a0\u00bb.vc_custom_1707750737909{margin-top: 40px !important;margin-bottom: 20px !important;}\u00a0\u00bb][vc_row_inner gap=\u00a0\u00bb10&Prime; css=\u00a0\u00bb.vc_custom_1707738039369{margin-top: 20px !important;}\u00a0\u00bb][vc_column_inner width=\u00a0\u00bb1\/2&Prime;][vc_raw_html]JTNDaSUyMGNsYXNzJTNEJTIyaWNvLWNsb3VkLTElMjIlMjBzdHlsZSUzRCUyMmZvbnQtc2l6ZSUzQTEuMnJlbSUzQiUyMG1hcmdpbi1sZWZ0JTNBLTAuMDVlbSUzQiUyMGNvbG9yJTNBJTIzRTQwMDQwJTNCJTIyJTNFJTNDJTJGaSUzRSUwQSUzQ2gzJTIwY2xhc3MlM0QlMjJmb250c2l6ZV8xXzJyZW0lMjIlM0VFbnZveWV6JTIwdm9zJTIwZG9ubiVDMyVBOWVzJTIwYXV4JTIwcGxhdGVmb3JtZXMlMjBDbG91ZCUzQyUyRmgzJTNFJTBBJTNDcCUyMHN0eWxlJTNEJTIyZm9udC13ZWlnaHQlM0ElMjA0MDAlM0IlMjIlM0VQb3dlclN0dWRpbyUyMFNDQURBJTIwZGlzcG9zZSUyMGRlJTIwY29ubmVjdGV1cnMlMjB2ZXJzJTIwZGVzJTIwcGxhdGVmb3JtZXMlMjBDbG91ZCUyMHF1aSUyMHBlcm1ldHRlbnQlMjBkZSUyMGZhaXJlJTIwJUMzJUE5dm9sdWVyJTIwdm90cmUlMjBwcm9qZXQlMjBtdWx0aXBvaW50JTIwZXQlMjBkZSUyMHBhcnRhZ2VyJTIwZGVzJTIwZG9ubiVDMyVBOWVzJTIwZW50cmUlMjBkaWZmJUMzJUE5cmVudGVzJTIwaW5zdGFsbGF0aW9ucyUyMCVDMyVBMCUyMGRpc3RhbmNlJTJDJTIwYXNzdXJhbnQlMjBhaW5zaSUyMHVuZSUyMGFuYWx5c2UlMjBiZWF1Y291cCUyMHBsdXMlMjBkJUMzJUE5dGFpbGwlQzMlQTllLiUyMEF2ZWMlMjBsZSUyMG1vZHVsZSUyMFBTLURhdGFCb3glMkMlMjB2b3VzJTIwcG91dmV6JTIwY29ubmVjdGVyJTIwUG93ZXJTdHVkaW8lMjAlQzMlQTAlMjBsYSUyMHBsYXRlZm9ybWUlMjBjbG91ZCUyMERhdGFCb3glMjBhZmluJTIwZGUlMjB0JUMzJUE5bCVDMyVBOWNoYXJnZXIlMjBkZSUyMGZhJUMzJUE3b24lMjBwJUMzJUE5cmlvZGlxdWUlMjBsZXMlMjBkb25uJUMzJUE5ZXMlMjBwcm92ZW5hbnQlMjBkZSUyMGRpc3Bvc2l0aWZzJTIwb3UlMjBsZXMlMjB2YXJpYWJsZXMlMjBjYWxjdWwlQzMlQTllcyUyQyUyMGNlJTIwcXVpJTIwYW0lQzMlQTlsaW9yZSUyMGxldXIlMjBkaXNwb25pYmlsaXQlQzMlQTklMjBlbiUyMGxpZ25lJTIwZXQlMjBsZXVyJTIwYW5hbHlzZS4lM0MlMkZwJTNF[\/vc_raw_html][vc_column_text css=\u00a0\u00bb.vc_custom_1709116540569{margin-top: 40px !important;}\u00a0\u00bb]<a class=\"boton_enlace\" href=\"https:\/\/alfresco.circutor.com\/alfresco\/download\/attach\/workspace\/SpacesStore\/66ee6f76-32cf-4504-857d-29bf0938385a\/CT_DataBox_FR.pdf?guest=true\" target=\"_blank\" rel=\"noopener\">Je souhaite en savoir plus sur les <strong>solutions Cloud <\/strong> <i class=\"ico-arrow-right\"><\/i><\/a>[\/vc_column_text][\/vc_column_inner][vc_column_inner width=\u00a0\u00bb1\/2&Prime;][vc_single_image image=\u00a0\u00bb47707&Prime; img_size=\u00a0\u00bbmedium\u00a0\u00bb alignment=\u00a0\u00bbcenter\u00a0\u00bb style=\u00a0\u00bbvc_box_rounded\u00a0\u00bb css=\u00a0\u00bb.vc_custom_1707751375779{margin-top: 20px !important;padding-top: 10px !important;padding-right: 10px !important;padding-bottom: 10px !important;padding-left: 10px !important;background-color: #f8f8f8 !important;border-radius: 4px !important;}\u00a0\u00bb][\/vc_column_inner][\/vc_row_inner][\/vc_column][\/vc_row][vc_row full_width=\u00a0\u00bbstretch_row\u00a0\u00bb css=\u00a0\u00bb.vc_custom_1707813856176{padding-top: 6rem !important;padding-bottom: 6rem !important;background-image: url(https:\/\/circutor.com\/wp-content\/uploads\/2024\/02\/FO_woman_laptop.jpg?id=47760) !important;background-position: center !important;background-repeat: no-repeat !important;background-size: cover !important;}\u00a0\u00bb][vc_column][vc_column_text css=\u00a0\u00bb.vc_custom_1709116677528{padding-top: 1rem !important;padding-bottom: 1rem !important;background-color: #ffffff !important;border-radius: 30px !important;}\u00a0\u00bb]<\/p>\n<p style=\"text-align: center;\"><span class=\"fontsize_1_4rem\" style=\"line-height: 1.3em; color: #53565a;\">Connectez facilement votre application PowerStudio Scada avec notre <a class=\"boton_enlace\" style=\"fontsize: 1.4rem; color: #53565a;\" href=\"https:\/\/circutor.com\/fr\/produits\/logiciels\/logiciel-sur-site\/product\/W20300.\/\" target=\"_blank\" rel=\"noopener\"><strong>logiciel sur le Cloud Databox<\/strong> <i class=\"ico-arrow-right\"><\/i><\/a><\/span><\/p>\n<p>[\/vc_column_text][\/vc_column][\/vc_row][vc_row css=\u00a0\u00bb.vc_custom_1707745720443{padding-top: 6rem !important;padding-bottom: 6rem !important;}\u00a0\u00bb][vc_column width=\u00a0\u00bb1\/6&Prime;][\/vc_column][vc_column width=\u00a0\u00bb2\/3&Prime;][vc_column_text]<\/p>\n<h4 style=\"font-weight: 400;\"><strong>Vous avez besoin d\u2019aide ?<\/strong><\/h4>\n<p style=\"font-weight: 400;\">Contactez directement nos sp\u00e9cialistes, ils vous conseilleront sur vos projets et r\u00e9pondront aux questions que vous pourriez avoir au sujet de notre logiciel <strong>PowerStudio SCADA<\/strong>.<\/p>\n<p>[\/vc_column_text][vc_column_text]<script src=\"\/\/info.circutor.com\/js\/forms2\/js\/forms2.min.js\"><\/script><\/p>\n<form id=\"mktoForm_1539\"><\/form>\n<p><script>MktoForms2.loadForm(\"\/\/info.circutor.com\", \"940-CSD-667\", 1539);<\/script>[\/vc_column_text][\/vc_column][vc_column width=\u00a0\u00bb1\/6&Prime;][\/vc_column][\/vc_row]<\/p>\n","protected":false},"excerpt":{"rendered":"<p>[vc_row full_width=\u00a0\u00bbstretch_row\u00a0\u00bb el_class=\u00a0\u00bbbanner_pagina_texto\u00a0\u00bb css=\u00a0\u00bb.vc_custom_1707752243795{background-image: url(https:\/\/circutor.com\/wp-content\/uploads\/2024\/02\/FO_PS_Universe_header.jpg?id=47735) !important;background-position: center !important;background-repeat: no-repeat !important;background-size: cover !important;}\u00a0\u00bb][vc_column][vc_row_inner el_class=\u00a0\u00bbbreadcrumb\u00a0\u00bb][vc_column_inner][\/vc_column_inner][\/vc_row_inner][vc_row_inner][vc_column_inner width=\u00a0\u00bb6\/12&Prime;][vc_column_text] PowerStudio SCADA Universe: OPC-UA, SQL, API REST ou Cloud [\/vc_column_text][\/vc_column_inner][vc_column_inner width=\u00a0\u00bb6\/12&Prime;][\/vc_column_inner][\/vc_row_inner][\/vc_column][\/vc_row][vc_row el_class=\u00a0\u00bbempresa-que-hacemos bloque page_empresa\u00a0\u00bb css=\u00a0\u00bb.vc_custom_1707812915922{padding-top: 6rem !important;padding-bottom: 6rem !important;}\u00a0\u00bb][vc_column][vc_row_inner css=\u00a0\u00bb.vc_custom_1707812971082{padding-bottom: 6rem !important;}\u00a0\u00bb][vc_column_inner width=\u00a0\u00bb3\/4&Prime;][vc_column_text el_class=\u00a0\u00bbanimacion_left\u00a0\u00bb] PowerStudio SCADA L\u2019interop\u00e9rabilit\u00e9 industrielle dont votre SCADA a besoin Dans le monde de l\u2019automatisation industrielle, la communication [&hellip;]<\/p>\n","protected":false},"author":7,"featured_media":0,"parent":48275,"menu_order":0,"comment_status":"closed","ping_status":"closed","template":"","meta":[],"acf":[],"yoast_head":"<!-- This site is optimized with the Yoast SEO plugin v19.4 - https:\/\/yoast.com\/wordpress\/plugins\/seo\/ -->\n<title>PowerStudio SCADA Universe - CIRCUTOR<\/title>\n<meta name=\"robots\" content=\"index, follow, max-snippet:-1, max-image-preview:large, max-video-preview:-1\" \/>\n<link rel=\"canonical\" href=\"https:\/\/circutor.com\/fr\/plateforme-powerstudio-scada\/powerstudio-scada-universe\/\" \/>\n<meta property=\"og:locale\" content=\"fr_FR\" \/>\n<meta property=\"og:type\" content=\"article\" \/>\n<meta property=\"og:title\" content=\"PowerStudio SCADA Universe - CIRCUTOR\" \/>\n<meta property=\"og:description\" content=\"[vc_row full_width=\u00a0\u00bbstretch_row\u00a0\u00bb el_class=\u00a0\u00bbbanner_pagina_texto\u00a0\u00bb css=\u00a0\u00bb.vc_custom_1707752243795{background-image: url(https:\/\/circutor.com\/wp-content\/uploads\/2024\/02\/FO_PS_Universe_header.jpg?id=47735) !important;background-position: center !important;background-repeat: no-repeat !important;background-size: cover !important;}\u00a0\u00bb][vc_column][vc_row_inner el_class=\u00a0\u00bbbreadcrumb\u00a0\u00bb][vc_column_inner][\/vc_column_inner][\/vc_row_inner][vc_row_inner][vc_column_inner width=\u00a0\u00bb6\/12&Prime;][vc_column_text] PowerStudio SCADA Universe: OPC-UA, SQL, API REST ou Cloud [\/vc_column_text][\/vc_column_inner][vc_column_inner width=\u00a0\u00bb6\/12&Prime;][\/vc_column_inner][\/vc_row_inner][\/vc_column][\/vc_row][vc_row el_class=\u00a0\u00bbempresa-que-hacemos bloque page_empresa\u00a0\u00bb css=\u00a0\u00bb.vc_custom_1707812915922{padding-top: 6rem !important;padding-bottom: 6rem !important;}\u00a0\u00bb][vc_column][vc_row_inner css=\u00a0\u00bb.vc_custom_1707812971082{padding-bottom: 6rem !important;}\u00a0\u00bb][vc_column_inner width=\u00a0\u00bb3\/4&Prime;][vc_column_text el_class=\u00a0\u00bbanimacion_left\u00a0\u00bb] PowerStudio SCADA L\u2019interop\u00e9rabilit\u00e9 industrielle dont votre SCADA a besoin Dans le monde de l\u2019automatisation industrielle, la communication [&hellip;]\" \/>\n<meta property=\"og:url\" content=\"https:\/\/circutor.com\/fr\/plateforme-powerstudio-scada\/powerstudio-scada-universe\/\" \/>\n<meta property=\"og:site_name\" content=\"CIRCUTOR\" \/>\n<meta property=\"article:publisher\" content=\"https:\/\/www.facebook.com\/CIRCUTOR.ES\" \/>\n<meta property=\"article:modified_time\" content=\"2024-02-28T13:34:36+00:00\" \/>\n<meta property=\"og:image\" content=\"https:\/\/circutor.com\/wp-content\/uploads\/2022\/07\/Circutor_Logo_Color.png\" \/>\n\t<meta property=\"og:image:width\" content=\"1299\" \/>\n\t<meta property=\"og:image:height\" content=\"354\" \/>\n\t<meta property=\"og:image:type\" content=\"image\/png\" \/>\n<meta name=\"twitter:card\" content=\"summary_large_image\" \/>\n<meta name=\"twitter:site\" content=\"@circutor\" \/>\n<meta name=\"twitter:label1\" content=\"Dur\u00e9e de lecture estim\u00e9e\" \/>\n\t<meta name=\"twitter:data1\" content=\"6 minutes\" \/>\n<script type=\"application\/ld+json\" class=\"yoast-schema-graph\">{\"@context\":\"https:\/\/schema.org\",\"@graph\":[{\"@type\":\"Organization\",\"@id\":\"https:\/\/circutor.com\/#organization\",\"name\":\"Circutor\",\"url\":\"https:\/\/circutor.com\/\",\"sameAs\":[\"https:\/\/www.instagram.com\/circutor_es\",\"https:\/\/www.linkedin.com\/company\/circutor\",\"https:\/\/www.youtube.com\/user\/CIRCUTORoficial\",\"https:\/\/www.facebook.com\/CIRCUTOR.ES\",\"https:\/\/twitter.com\/circutor\"],\"logo\":{\"@type\":\"ImageObject\",\"inLanguage\":\"fr-FR\",\"@id\":\"https:\/\/circutor.com\/#\/schema\/logo\/image\/\",\"url\":\"https:\/\/circutor.com\/wp-content\/uploads\/2020\/09\/CIR_LOGO_RED.png\",\"contentUrl\":\"https:\/\/circutor.com\/wp-content\/uploads\/2020\/09\/CIR_LOGO_RED.png\",\"width\":512,\"height\":128,\"caption\":\"Circutor\"},\"image\":{\"@id\":\"https:\/\/circutor.com\/#\/schema\/logo\/image\/\"}},{\"@type\":\"WebSite\",\"@id\":\"https:\/\/circutor.com\/#website\",\"url\":\"https:\/\/circutor.com\/\",\"name\":\"CIRCUTOR\",\"description\":\"Soluciones para la eficiencia energ\u00e9tica el\u00e9ctrica\",\"publisher\":{\"@id\":\"https:\/\/circutor.com\/#organization\"},\"potentialAction\":[{\"@type\":\"SearchAction\",\"target\":{\"@type\":\"EntryPoint\",\"urlTemplate\":\"https:\/\/circutor.com\/?s={search_term_string}\"},\"query-input\":\"required name=search_term_string\"}],\"inLanguage\":\"fr-FR\"},{\"@type\":\"WebPage\",\"@id\":\"https:\/\/circutor.com\/fr\/plateforme-powerstudio-scada\/powerstudio-scada-universe\/\",\"url\":\"https:\/\/circutor.com\/fr\/plateforme-powerstudio-scada\/powerstudio-scada-universe\/\",\"name\":\"PowerStudio SCADA Universe - CIRCUTOR\",\"isPartOf\":{\"@id\":\"https:\/\/circutor.com\/#website\"},\"datePublished\":\"2024-02-28T10:38:42+00:00\",\"dateModified\":\"2024-02-28T13:34:36+00:00\",\"breadcrumb\":{\"@id\":\"https:\/\/circutor.com\/fr\/plateforme-powerstudio-scada\/powerstudio-scada-universe\/#breadcrumb\"},\"inLanguage\":\"fr-FR\",\"potentialAction\":[{\"@type\":\"ReadAction\",\"target\":[\"https:\/\/circutor.com\/fr\/plateforme-powerstudio-scada\/powerstudio-scada-universe\/\"]}]},{\"@type\":\"BreadcrumbList\",\"@id\":\"https:\/\/circutor.com\/fr\/plateforme-powerstudio-scada\/powerstudio-scada-universe\/#breadcrumb\",\"itemListElement\":[{\"@type\":\"ListItem\",\"position\":1,\"name\":\"Portada\",\"item\":\"https:\/\/circutor.com\/fr\/\"},{\"@type\":\"ListItem\",\"position\":2,\"name\":\"Plateforme PowerStudio SCADA\",\"item\":\"https:\/\/circutor.com\/fr\/plateforme-powerstudio-scada\/\"},{\"@type\":\"ListItem\",\"position\":3,\"name\":\"PowerStudio SCADA Universe\"}]}]}<\/script>\n<!-- \/ Yoast SEO plugin. -->","yoast_head_json":{"title":"PowerStudio SCADA Universe - CIRCUTOR","robots":{"index":"index","follow":"follow","max-snippet":"max-snippet:-1","max-image-preview":"max-image-preview:large","max-video-preview":"max-video-preview:-1"},"canonical":"https:\/\/circutor.com\/fr\/plateforme-powerstudio-scada\/powerstudio-scada-universe\/","og_locale":"fr_FR","og_type":"article","og_title":"PowerStudio SCADA Universe - CIRCUTOR","og_description":"[vc_row full_width=\u00a0\u00bbstretch_row\u00a0\u00bb el_class=\u00a0\u00bbbanner_pagina_texto\u00a0\u00bb css=\u00a0\u00bb.vc_custom_1707752243795{background-image: url(https:\/\/circutor.com\/wp-content\/uploads\/2024\/02\/FO_PS_Universe_header.jpg?id=47735) !important;background-position: center !important;background-repeat: no-repeat !important;background-size: cover !important;}\u00a0\u00bb][vc_column][vc_row_inner el_class=\u00a0\u00bbbreadcrumb\u00a0\u00bb][vc_column_inner][\/vc_column_inner][\/vc_row_inner][vc_row_inner][vc_column_inner width=\u00a0\u00bb6\/12&Prime;][vc_column_text] PowerStudio SCADA Universe: OPC-UA, SQL, API REST ou Cloud [\/vc_column_text][\/vc_column_inner][vc_column_inner width=\u00a0\u00bb6\/12&Prime;][\/vc_column_inner][\/vc_row_inner][\/vc_column][\/vc_row][vc_row el_class=\u00a0\u00bbempresa-que-hacemos bloque page_empresa\u00a0\u00bb css=\u00a0\u00bb.vc_custom_1707812915922{padding-top: 6rem !important;padding-bottom: 6rem !important;}\u00a0\u00bb][vc_column][vc_row_inner css=\u00a0\u00bb.vc_custom_1707812971082{padding-bottom: 6rem !important;}\u00a0\u00bb][vc_column_inner width=\u00a0\u00bb3\/4&Prime;][vc_column_text el_class=\u00a0\u00bbanimacion_left\u00a0\u00bb] PowerStudio SCADA L\u2019interop\u00e9rabilit\u00e9 industrielle dont votre SCADA a besoin Dans le monde de l\u2019automatisation industrielle, la communication [&hellip;]","og_url":"https:\/\/circutor.com\/fr\/plateforme-powerstudio-scada\/powerstudio-scada-universe\/","og_site_name":"CIRCUTOR","article_publisher":"https:\/\/www.facebook.com\/CIRCUTOR.ES","article_modified_time":"2024-02-28T13:34:36+00:00","og_image":[{"width":1299,"height":354,"url":"https:\/\/circutor.com\/wp-content\/uploads\/2022\/07\/Circutor_Logo_Color.png","type":"image\/png"}],"twitter_card":"summary_large_image","twitter_site":"@circutor","twitter_misc":{"Dur\u00e9e de lecture estim\u00e9e":"6 minutes"},"schema":{"@context":"https:\/\/schema.org","@graph":[{"@type":"Organization","@id":"https:\/\/circutor.com\/#organization","name":"Circutor","url":"https:\/\/circutor.com\/","sameAs":["https:\/\/www.instagram.com\/circutor_es","https:\/\/www.linkedin.com\/company\/circutor","https:\/\/www.youtube.com\/user\/CIRCUTORoficial","https:\/\/www.facebook.com\/CIRCUTOR.ES","https:\/\/twitter.com\/circutor"],"logo":{"@type":"ImageObject","inLanguage":"fr-FR","@id":"https:\/\/circutor.com\/#\/schema\/logo\/image\/","url":"https:\/\/circutor.com\/wp-content\/uploads\/2020\/09\/CIR_LOGO_RED.png","contentUrl":"https:\/\/circutor.com\/wp-content\/uploads\/2020\/09\/CIR_LOGO_RED.png","width":512,"height":128,"caption":"Circutor"},"image":{"@id":"https:\/\/circutor.com\/#\/schema\/logo\/image\/"}},{"@type":"WebSite","@id":"https:\/\/circutor.com\/#website","url":"https:\/\/circutor.com\/","name":"CIRCUTOR","description":"Soluciones para la eficiencia energ\u00e9tica el\u00e9ctrica","publisher":{"@id":"https:\/\/circutor.com\/#organization"},"potentialAction":[{"@type":"SearchAction","target":{"@type":"EntryPoint","urlTemplate":"https:\/\/circutor.com\/?s={search_term_string}"},"query-input":"required name=search_term_string"}],"inLanguage":"fr-FR"},{"@type":"WebPage","@id":"https:\/\/circutor.com\/fr\/plateforme-powerstudio-scada\/powerstudio-scada-universe\/","url":"https:\/\/circutor.com\/fr\/plateforme-powerstudio-scada\/powerstudio-scada-universe\/","name":"PowerStudio SCADA Universe - CIRCUTOR","isPartOf":{"@id":"https:\/\/circutor.com\/#website"},"datePublished":"2024-02-28T10:38:42+00:00","dateModified":"2024-02-28T13:34:36+00:00","breadcrumb":{"@id":"https:\/\/circutor.com\/fr\/plateforme-powerstudio-scada\/powerstudio-scada-universe\/#breadcrumb"},"inLanguage":"fr-FR","potentialAction":[{"@type":"ReadAction","target":["https:\/\/circutor.com\/fr\/plateforme-powerstudio-scada\/powerstudio-scada-universe\/"]}]},{"@type":"BreadcrumbList","@id":"https:\/\/circutor.com\/fr\/plateforme-powerstudio-scada\/powerstudio-scada-universe\/#breadcrumb","itemListElement":[{"@type":"ListItem","position":1,"name":"Portada","item":"https:\/\/circutor.com\/fr\/"},{"@type":"ListItem","position":2,"name":"Plateforme PowerStudio SCADA","item":"https:\/\/circutor.com\/fr\/plateforme-powerstudio-scada\/"},{"@type":"ListItem","position":3,"name":"PowerStudio SCADA Universe"}]}]}},"_links":{"self":[{"href":"https:\/\/circutor.com\/fr\/wp-json\/wp\/v2\/pages\/48273"}],"collection":[{"href":"https:\/\/circutor.com\/fr\/wp-json\/wp\/v2\/pages"}],"about":[{"href":"https:\/\/circutor.com\/fr\/wp-json\/wp\/v2\/types\/page"}],"author":[{"embeddable":true,"href":"https:\/\/circutor.com\/fr\/wp-json\/wp\/v2\/users\/7"}],"replies":[{"embeddable":true,"href":"https:\/\/circutor.com\/fr\/wp-json\/wp\/v2\/comments?post=48273"}],"version-history":[{"count":0,"href":"https:\/\/circutor.com\/fr\/wp-json\/wp\/v2\/pages\/48273\/revisions"}],"up":[{"embeddable":true,"href":"https:\/\/circutor.com\/fr\/wp-json\/wp\/v2\/pages\/48275"}],"wp:attachment":[{"href":"https:\/\/circutor.com\/fr\/wp-json\/wp\/v2\/media?parent=48273"}],"curies":[{"name":"wp","href":"https:\/\/api.w.org\/{rel}","templated":true}]}}