{"id":31918,"date":"2022-11-29T13:55:21","date_gmt":"2022-11-29T11:55:21","guid":{"rendered":"https:\/\/circutor.com\/?page_id=31918"},"modified":"2022-11-29T14:21:42","modified_gmt":"2022-11-29T12:21:42","slug":"mentions-legales","status":"publish","type":"page","link":"https:\/\/circutor.com\/fr\/mentions-legales\/","title":{"rendered":"Mentions l\u00e9gales"},"content":{"rendered":"<p>[vc_row][vc_column][vc_column_text]<\/p>\n<h3><strong>MENTIONS L\u00c9GALES<\/strong><\/h3>\n<p>&nbsp;<\/p>\n<h3><strong>\u00c0 propos de nous<\/strong><\/h3>\n<p>Vous acc\u00e9dez au site Web de <strong>CIRCUTOR, SAU (<\/strong>ci-dessous <strong>\u00ab\u2009CIRCUTOR\u2009\u00bb<\/strong>), disponible via le domaine web <a href=\"https:\/\/circutor.com\/\">https:\/\/circutor.com\/<\/a> (ci-apr\u00e8s le site Web). \u00a0<strong>CIRCUTOR<\/strong> est une soci\u00e9t\u00e9 commerciale de nationalit\u00e9 espagnole ayant son si\u00e8ge social situ\u00e9 Vial Sant Jordi, s\/n, Code postal\u00a008232 Viladecavalls (Barcelone) et inscrite au Registre du Commerce de Barcelone, Tome\u00a03814, livre\u00a03160, Folio\u00a039, Feuille\u00a040\u2009189, Inscription\u00a02\u00aa, dont le C.I.F. est A-08513178.<\/p>\n<h3><strong>Vous pouvez contacter CIRCUTOR par les voies suivantes\u00a0: <\/strong><\/h3>\n<ul>\n<li>Courrier \u00e9lectronique\u00a0: <a href=\"mailto:comunicacion@circutor.com\">comunicacion@circutor.com <\/a><\/li>\n<li>T\u00e9l\u00e9phone\u00a0: (+34) 93\u2009745 29 00<\/li>\n<\/ul>\n<h3>Utilisation du site Web<\/h3>\n<p>En acc\u00e9dant et utilisant le Portail, vous acqu\u00e9rez le statut \u00ab\u2009d\u2019<strong>utilisateur<\/strong>\u2009\u00bb, ce qui implique l\u2019acceptation totale de toutes les dispositions des pr\u00e9sentes mentions l\u00e9gales et des autres \u00ab\u2009textes l\u00e9gaux\u2009\u00bb y compris les pr\u00e9sentes Mentions l\u00e9gales, les <a href=\"https:\/\/circutor.com\/fr\/conditions-generales-de-vente\/\">Conditions g\u00e9n\u00e9rales de vente<\/a>, la <a href=\"https:\/\/circutor.com\/fr\/politique-de-confidentialite\/\">Politique de confidentialit\u00e9<\/a> et la <a href=\"https:\/\/circutor.com\/fr\/politique-de-cookies\/\">Politique concernant les cookies<\/a>).<\/p>\n<h3><strong>Achats et prix<\/strong><\/h3>\n<p>Pour obtenir des informations sur l\u2019achat des produits publi\u00e9s sur le site Web et conna\u00eetre les conditions et les co\u00fbts applicables, l\u2019utilisateur devra consulter les <a href=\"https:\/\/circutor.com\/fr\/conditions-generales-de-vente\/\">Conditions g\u00e9n\u00e9rales d\u2019achat<\/a>, ce qui ne l\u2019exempte pas de devoir contacter le <a href=\"https:\/\/circutor.com\/fr\/contact\/reseau-commercial\/\">r\u00e9seau commercial<\/a>, qui lui communiquera les \u00e9ventuelles conditions particuli\u00e8res pr\u00e9vues \u00e0 cet effet.<\/p>\n<h3>Confidentialit\u00e9<\/h3>\n<p>Nous informons les utilisateurs que toutes les donn\u00e9es fournies \u00e0 <strong>CIRCUTOR<\/strong> seront trait\u00e9es par <strong>CIRCUTOR<\/strong> en tant que responsable du traitement, dans le respect de la confidentialit\u00e9, de l\u2019int\u00e9grit\u00e9 et de la disponibilit\u00e9 des donn\u00e9es \u00e0 caract\u00e8re personnel, conform\u00e9ment \u00e0 la <a href=\"https:\/\/circutor.com\/fr\/politique-de-confidentialite\/\">Politique de confidentialit\u00e9<\/a>.<\/p>\n<h3>Cookies<\/h3>\n<p>L\u2019utilisation de cookies sur le portail sera r\u00e9glement\u00e9e dans la <a href=\"https:\/\/circutor.com\/fr\/politique-de-cookies\/\">Politique concernant les cookies<\/a>.<\/p>\n<h3>Propri\u00e9t\u00e9 industrielle et intellectuelle<\/h3>\n<p>Les droits de propri\u00e9t\u00e9 intellectuelle et industrielle incorpor\u00e9s sur le site Web, le design graphique et les codes informatiques, ainsi que les signes et marques distinctifs, le texte, les images, les vid\u00e9os (ci-apr\u00e8s le \u00ab\u2009contenu\u2009\u00bb) affich\u00e9s demeurent la propri\u00e9t\u00e9 de <strong>CIRCUTOR<\/strong> ou de ses donneurs de licence. L\u2019utilisateur aura acc\u00e8s aux services du site Web dans le respect de ces privil\u00e8ges et l\u2019utilisation des services ne lui donnera aucun droit sur le contenu du site Web.<\/p>\n<p>Toute utilisation du contenu que <strong>CIRCUTOR<\/strong> n\u2019a pas express\u00e9ment autoris\u00e9e, qu\u2019elle soit directe ou indirecte et \u00e0 des fins de profit ou non, y compris le t\u00e9l\u00e9chargement, le stockage, la transmission, la diffusion publique, la distribution, la reproduction ou la transformation, totale ou partielle, de ces contenus sont express\u00e9ment interdits ; <strong>CIRCUTOR<\/strong> pourra exercer toutes les actions judiciaires et extrajudiciaires qu\u2019elle juge pertinentes en cas de violation de ses droits.<\/p>\n<h3>Responsabilit\u00e9<\/h3>\n<p><strong>CIRCUTOR<\/strong> a tout mis en \u0153uvre pour que les informations du site Web soient pr\u00e9cises et \u00e0 jour. Cependant, <strong>CIRCUTOR<\/strong> ne garantit pas et n\u2019est pas responsable de l\u2019exactitude et de la mise \u00e0 jour du contenu du site Web. <strong>CIRCUTOR<\/strong> n\u2019assume aucune responsabilit\u00e9 en cas d\u2019erreur ou d\u2019omission dans le contenu du site Web et se r\u00e9serve le droit de modifier ces contenus \u00e0 tout moment et sans pr\u00e9avis.<\/p>\n<p>Aucun type de transaction commerciale n\u2019aura lieu sur le site Web et aucun de ses contenus ne pourra \u00eatre consid\u00e9r\u00e9 comme une offre contractuelle \u00e0 l\u2019utilisateur. Les relations commerciales entre <strong>CIRCUTOR<\/strong> et ses clients sont r\u00e9gies par les <a href=\"https:\/\/circutor.com\/fr\/conditions-generales-de-vente\/\">Conditions g\u00e9n\u00e9rales de vente<\/a> de <strong>CIRCUTOR<\/strong> et\/ou par d\u2019autres conditions g\u00e9n\u00e9rales ou des pactes sp\u00e9cifiques. Les contenus du site Web ne pr\u00e9valent pas sur les termes des relations commerciales entre CIRCUTOR et ses clients ni ne peuvent conditionner la politique commerciale que <strong>CIRCUTOR<\/strong> d\u00e9cide d\u2019adopter \u00e0 tout moment.<\/p>\n<p>Le site Web peut contenir des d\u00e9clarations de caract\u00e8re subjectif exprimant des avis de <strong>CIRCUTOR<\/strong> ou de tiers sur des \u00e9v\u00e9nements futurs et qui sont donc sujets \u00e0 incertitude. <strong>CIRCUTOR<\/strong> n\u2019assume aucune responsabilit\u00e9 concernant l\u2019influence que ces d\u00e9clarations pourraient exercer sur l\u2019utilisateur ni des cons\u00e9quences de ces d\u00e9clarations sur les actions ou omissions de l\u2019utilisateur.<\/p>\n<p><strong>CIRCUTOR<\/strong> n\u2019assume aucune responsabilit\u00e9 quant aux erreurs ou aux d\u00e9fauts de fonctionnement du site Web, qu\u2019ils soient intrins\u00e8ques ou dus aux caract\u00e9ristiques et aux contraintes de l\u2019internet. L\u2019utilisateur assume tout risque li\u00e9 \u00e0 l\u2019utilisation d\u2019internet, y compris la transmission \u00e9ventuelle de virus informatiques. <strong>CIRCUTOR<\/strong> ne garantit pas le fonctionnement continu des services du site Web et n\u2019est pas responsable des dommages et pr\u00e9judices pouvant r\u00e9sulter de l\u2019interruption des services. En particulier, <strong>CIRCUTOR<\/strong> ne sera pas tenu responsable en cas de circonstances de force majeure telles que les incendies, les gr\u00e8ves et les coupures de courant ou tout autre \u00e9v\u00e9nement impr\u00e9visible ou in\u00e9vitable.<\/p>\n<p>En tout \u00e9tat de cause, <strong>CIRCUTOR<\/strong> ne sera responsable que des dommages et pr\u00e9judices qui auraient \u00e9t\u00e9 pr\u00e9vus ou qui auraient pu \u00eatre pr\u00e9vus au moment de l\u2019utilisation du site Web par l\u2019utilisateur et qui r\u00e9sultent directement et n\u00e9cessairement de l\u2019infraction d\u2019une obligation contractuelle pour n\u00e9gligence grave.<\/p>\n<p>Le fait que le site Web d\u00e9crit ou pr\u00e9sente certains produits n\u2019implique pas l\u2019engagement de <strong>CIRCUTOR<\/strong> qu\u2019ils seront disponibles pour l\u2019utilisateur.<br \/>\nL\u2019exclusion de responsabilit\u00e9s et garanties d\u00e9crites dans ce paragraphe s\u2019applique \u00e0 <strong>CIRCUTOR<\/strong> et \u00e0 ses administrateurs, dirigeants, employ\u00e9s et repr\u00e9sentants.<\/p>\n<h3>Liens<\/h3>\n<p>Le site Web peut contenir des liens vers d\u2019autres sites internet permettant de compl\u00e9ter les services offerts \u00e0 l\u2019utilisateur. <strong>CIRCUTOR<\/strong> n\u2019est pas le titulaire de ces pages web, et ne sera donc pas tenue responsable de leurs contenus ni des dommages et pr\u00e9judices que l\u2019utilisation de ces pages pourrait causer \u00e0 l\u2019utilisateur.<\/p>\n<p>Si l\u2019utilisateur du site Web acc\u00e8de \u00e0 ces sites Web et aux services qu\u2019ils proposent, <strong>CIRCUTOR<\/strong> demeure ind\u00e9pendante de toute relation qui pourrait \u00eatre \u00e9tablie entre l\u2019utilisateur et les titulaires de ces sites internet ou tout tiers qui y est associ\u00e9.<\/p>\n<p>De m\u00eame, le titulaire d\u2019un site internet sur lequel il est envisag\u00e9 d\u2019ins\u00e9rer un lien vers le site Web devra obtenir, au pr\u00e9alable, une autorisation de <strong>CIRCUTOR<\/strong>.<\/p>\n<p><strong>CIRCUTOR<\/strong> ne sera pas responsable du contenu des pages Web qui ont cr\u00e9\u00e9 un lien vers le site Web et demeurera ind\u00e9pendante des relations qui pourraient \u00eatre \u00e9tablies entre les titulaires de ces pages et les utilisateurs du site Web.<\/p>\n<h3>Modifications<\/h3>\n<p><strong>CIRCUTOR<\/strong> se r\u00e9serve le droit de modifier ces mentions l\u00e9gales \u00e0 tout moment. Les modifications ou mises \u00e0 jour des mentions l\u00e9gales seront notifi\u00e9es explicitement \u00e0 l\u2019utilisateur par un message sur le site Web, accompagn\u00e9 de la version actualis\u00e9e de la Politique de confidentialit\u00e9.[\/vc_column_text][\/vc_column][\/vc_row]<\/p>\n","protected":false},"excerpt":{"rendered":"<p>[vc_row][vc_column][vc_column_text] MENTIONS L\u00c9GALES &nbsp; \u00c0 propos de nous Vous acc\u00e9dez au site Web de CIRCUTOR, SAU (ci-dessous \u00ab\u2009CIRCUTOR\u2009\u00bb), disponible via le domaine web https:\/\/circutor.com\/ (ci-apr\u00e8s le site Web). \u00a0CIRCUTOR est une soci\u00e9t\u00e9 commerciale de nationalit\u00e9 espagnole ayant son si\u00e8ge social situ\u00e9 Vial Sant Jordi, s\/n, Code postal\u00a008232 Viladecavalls (Barcelone) et inscrite au Registre du Commerce [&hellip;]<\/p>\n","protected":false},"author":7,"featured_media":0,"parent":0,"menu_order":0,"comment_status":"closed","ping_status":"closed","template":"","meta":[],"acf":[],"yoast_head":"<!-- This site is optimized with the Yoast SEO plugin v19.4 - https:\/\/yoast.com\/wordpress\/plugins\/seo\/ -->\n<title>Mentions l\u00e9gales - CIRCUTOR<\/title>\n<meta name=\"robots\" content=\"noindex, nofollow\" \/>\n<meta property=\"og:locale\" content=\"fr_FR\" \/>\n<meta property=\"og:type\" content=\"article\" \/>\n<meta property=\"og:title\" content=\"Mentions l\u00e9gales - CIRCUTOR\" \/>\n<meta property=\"og:description\" content=\"[vc_row][vc_column][vc_column_text] MENTIONS L\u00c9GALES &nbsp; \u00c0 propos de nous Vous acc\u00e9dez au site Web de CIRCUTOR, SAU (ci-dessous \u00ab\u2009CIRCUTOR\u2009\u00bb), disponible via le domaine web https:\/\/circutor.com\/ (ci-apr\u00e8s le site Web). \u00a0CIRCUTOR est une soci\u00e9t\u00e9 commerciale de nationalit\u00e9 espagnole ayant son si\u00e8ge social situ\u00e9 Vial Sant Jordi, s\/n, Code postal\u00a008232 Viladecavalls (Barcelone) et inscrite au Registre du Commerce [&hellip;]\" \/>\n<meta property=\"og:url\" content=\"https:\/\/circutor.com\/fr\/mentions-legales\/\" \/>\n<meta property=\"og:site_name\" content=\"CIRCUTOR\" \/>\n<meta property=\"article:publisher\" content=\"https:\/\/www.facebook.com\/CIRCUTOR.ES\" \/>\n<meta property=\"article:modified_time\" content=\"2022-11-29T12:21:42+00:00\" \/>\n<meta property=\"og:image\" content=\"https:\/\/circutor.com\/wp-content\/uploads\/2022\/07\/Circutor_Logo_Color.png\" \/>\n\t<meta property=\"og:image:width\" content=\"1299\" \/>\n\t<meta property=\"og:image:height\" content=\"354\" \/>\n\t<meta property=\"og:image:type\" content=\"image\/png\" \/>\n<meta name=\"twitter:card\" content=\"summary_large_image\" \/>\n<meta name=\"twitter:site\" content=\"@circutor\" \/>\n<meta name=\"twitter:label1\" content=\"Dur\u00e9e de lecture estim\u00e9e\" \/>\n\t<meta name=\"twitter:data1\" content=\"6 minutes\" \/>\n<script type=\"application\/ld+json\" class=\"yoast-schema-graph\">{\"@context\":\"https:\/\/schema.org\",\"@graph\":[{\"@type\":\"Organization\",\"@id\":\"https:\/\/circutor.com\/#organization\",\"name\":\"Circutor\",\"url\":\"https:\/\/circutor.com\/\",\"sameAs\":[\"https:\/\/www.instagram.com\/circutor_es\",\"https:\/\/www.linkedin.com\/company\/circutor\",\"https:\/\/www.youtube.com\/user\/CIRCUTORoficial\",\"https:\/\/www.facebook.com\/CIRCUTOR.ES\",\"https:\/\/twitter.com\/circutor\"],\"logo\":{\"@type\":\"ImageObject\",\"inLanguage\":\"fr-FR\",\"@id\":\"https:\/\/circutor.com\/#\/schema\/logo\/image\/\",\"url\":\"https:\/\/circutor.com\/wp-content\/uploads\/2020\/09\/CIR_LOGO_RED.png\",\"contentUrl\":\"https:\/\/circutor.com\/wp-content\/uploads\/2020\/09\/CIR_LOGO_RED.png\",\"width\":512,\"height\":128,\"caption\":\"Circutor\"},\"image\":{\"@id\":\"https:\/\/circutor.com\/#\/schema\/logo\/image\/\"}},{\"@type\":\"WebSite\",\"@id\":\"https:\/\/circutor.com\/#website\",\"url\":\"https:\/\/circutor.com\/\",\"name\":\"CIRCUTOR\",\"description\":\"Soluciones para la eficiencia energ\u00e9tica el\u00e9ctrica\",\"publisher\":{\"@id\":\"https:\/\/circutor.com\/#organization\"},\"potentialAction\":[{\"@type\":\"SearchAction\",\"target\":{\"@type\":\"EntryPoint\",\"urlTemplate\":\"https:\/\/circutor.com\/?s={search_term_string}\"},\"query-input\":\"required name=search_term_string\"}],\"inLanguage\":\"fr-FR\"},{\"@type\":\"WebPage\",\"@id\":\"https:\/\/circutor.com\/fr\/mentions-legales\/\",\"url\":\"https:\/\/circutor.com\/fr\/mentions-legales\/\",\"name\":\"Mentions l\u00e9gales - CIRCUTOR\",\"isPartOf\":{\"@id\":\"https:\/\/circutor.com\/#website\"},\"datePublished\":\"2022-11-29T11:55:21+00:00\",\"dateModified\":\"2022-11-29T12:21:42+00:00\",\"breadcrumb\":{\"@id\":\"https:\/\/circutor.com\/fr\/mentions-legales\/#breadcrumb\"},\"inLanguage\":\"fr-FR\",\"potentialAction\":[{\"@type\":\"ReadAction\",\"target\":[\"https:\/\/circutor.com\/fr\/mentions-legales\/\"]}]},{\"@type\":\"BreadcrumbList\",\"@id\":\"https:\/\/circutor.com\/fr\/mentions-legales\/#breadcrumb\",\"itemListElement\":[{\"@type\":\"ListItem\",\"position\":1,\"name\":\"Portada\",\"item\":\"https:\/\/circutor.com\/fr\/\"},{\"@type\":\"ListItem\",\"position\":2,\"name\":\"Mentions l\u00e9gales\"}]}]}<\/script>\n<!-- \/ Yoast SEO plugin. -->","yoast_head_json":{"title":"Mentions l\u00e9gales - CIRCUTOR","robots":{"index":"noindex","follow":"nofollow"},"og_locale":"fr_FR","og_type":"article","og_title":"Mentions l\u00e9gales - CIRCUTOR","og_description":"[vc_row][vc_column][vc_column_text] MENTIONS L\u00c9GALES &nbsp; \u00c0 propos de nous Vous acc\u00e9dez au site Web de CIRCUTOR, SAU (ci-dessous \u00ab\u2009CIRCUTOR\u2009\u00bb), disponible via le domaine web https:\/\/circutor.com\/ (ci-apr\u00e8s le site Web). \u00a0CIRCUTOR est une soci\u00e9t\u00e9 commerciale de nationalit\u00e9 espagnole ayant son si\u00e8ge social situ\u00e9 Vial Sant Jordi, s\/n, Code postal\u00a008232 Viladecavalls (Barcelone) et inscrite au Registre du Commerce [&hellip;]","og_url":"https:\/\/circutor.com\/fr\/mentions-legales\/","og_site_name":"CIRCUTOR","article_publisher":"https:\/\/www.facebook.com\/CIRCUTOR.ES","article_modified_time":"2022-11-29T12:21:42+00:00","og_image":[{"width":1299,"height":354,"url":"https:\/\/circutor.com\/wp-content\/uploads\/2022\/07\/Circutor_Logo_Color.png","type":"image\/png"}],"twitter_card":"summary_large_image","twitter_site":"@circutor","twitter_misc":{"Dur\u00e9e de lecture estim\u00e9e":"6 minutes"},"schema":{"@context":"https:\/\/schema.org","@graph":[{"@type":"Organization","@id":"https:\/\/circutor.com\/#organization","name":"Circutor","url":"https:\/\/circutor.com\/","sameAs":["https:\/\/www.instagram.com\/circutor_es","https:\/\/www.linkedin.com\/company\/circutor","https:\/\/www.youtube.com\/user\/CIRCUTORoficial","https:\/\/www.facebook.com\/CIRCUTOR.ES","https:\/\/twitter.com\/circutor"],"logo":{"@type":"ImageObject","inLanguage":"fr-FR","@id":"https:\/\/circutor.com\/#\/schema\/logo\/image\/","url":"https:\/\/circutor.com\/wp-content\/uploads\/2020\/09\/CIR_LOGO_RED.png","contentUrl":"https:\/\/circutor.com\/wp-content\/uploads\/2020\/09\/CIR_LOGO_RED.png","width":512,"height":128,"caption":"Circutor"},"image":{"@id":"https:\/\/circutor.com\/#\/schema\/logo\/image\/"}},{"@type":"WebSite","@id":"https:\/\/circutor.com\/#website","url":"https:\/\/circutor.com\/","name":"CIRCUTOR","description":"Soluciones para la eficiencia energ\u00e9tica el\u00e9ctrica","publisher":{"@id":"https:\/\/circutor.com\/#organization"},"potentialAction":[{"@type":"SearchAction","target":{"@type":"EntryPoint","urlTemplate":"https:\/\/circutor.com\/?s={search_term_string}"},"query-input":"required name=search_term_string"}],"inLanguage":"fr-FR"},{"@type":"WebPage","@id":"https:\/\/circutor.com\/fr\/mentions-legales\/","url":"https:\/\/circutor.com\/fr\/mentions-legales\/","name":"Mentions l\u00e9gales - CIRCUTOR","isPartOf":{"@id":"https:\/\/circutor.com\/#website"},"datePublished":"2022-11-29T11:55:21+00:00","dateModified":"2022-11-29T12:21:42+00:00","breadcrumb":{"@id":"https:\/\/circutor.com\/fr\/mentions-legales\/#breadcrumb"},"inLanguage":"fr-FR","potentialAction":[{"@type":"ReadAction","target":["https:\/\/circutor.com\/fr\/mentions-legales\/"]}]},{"@type":"BreadcrumbList","@id":"https:\/\/circutor.com\/fr\/mentions-legales\/#breadcrumb","itemListElement":[{"@type":"ListItem","position":1,"name":"Portada","item":"https:\/\/circutor.com\/fr\/"},{"@type":"ListItem","position":2,"name":"Mentions l\u00e9gales"}]}]}},"_links":{"self":[{"href":"https:\/\/circutor.com\/fr\/wp-json\/wp\/v2\/pages\/31918"}],"collection":[{"href":"https:\/\/circutor.com\/fr\/wp-json\/wp\/v2\/pages"}],"about":[{"href":"https:\/\/circutor.com\/fr\/wp-json\/wp\/v2\/types\/page"}],"author":[{"embeddable":true,"href":"https:\/\/circutor.com\/fr\/wp-json\/wp\/v2\/users\/7"}],"replies":[{"embeddable":true,"href":"https:\/\/circutor.com\/fr\/wp-json\/wp\/v2\/comments?post=31918"}],"version-history":[{"count":0,"href":"https:\/\/circutor.com\/fr\/wp-json\/wp\/v2\/pages\/31918\/revisions"}],"wp:attachment":[{"href":"https:\/\/circutor.com\/fr\/wp-json\/wp\/v2\/media?parent=31918"}],"curies":[{"name":"wp","href":"https:\/\/api.w.org\/{rel}","templated":true}]}}