{"id":29832,"date":"2022-09-28T11:44:51","date_gmt":"2022-09-28T09:44:51","guid":{"rendered":"https:\/\/circutor.com\/?page_id=29832"},"modified":"2022-09-28T11:46:24","modified_gmt":"2022-09-28T09:46:24","slug":"archivo-de-formaciones","status":"publish","type":"page","link":"https:\/\/circutor.com\/fr\/support\/formation\/formation-en-ligne-et-en-face-a-face\/archivo-de-formaciones\/","title":{"rendered":"Fichier de Formations"},"content":{"rendered":"<p>[vc_row full_width=\u00a0\u00bbstretch_row\u00a0\u00bb el_class=\u00a0\u00bbbanner_pagina_texto\u00a0\u00bb css=\u00a0\u00bb.vc_custom_1663055062217{background-image: url(https:\/\/circutor.com\/wp-content\/uploads\/2022\/09\/FSB_Formaciones-2.jpg?id=28668) !important;background-position: center !important;background-repeat: no-repeat !important;background-size: cover !important;}\u00a0\u00bb][vc_column css=\u00a0\u00bb.vc_custom_1605620904006{padding-top: 0px !important;}\u00a0\u00bb][vc_row_inner el_class=\u00a0\u00bbbreadcrumb\u00a0\u00bb][vc_column_inner]<div itemscope itemtype=\"https:\/\/schema.org\/BreadcrumbList\" id=\"breadcrumb\"><div itemprop=\"itemListElement\" itemscope itemtype=\"https:\/\/schema.org\/ListItem\"><a itemprop=\"item\" href=\"https:\/\/circutor.com\/fr\/\"><span itemprop=\"name\">Home<\/span><\/a><meta itemprop=\"position\" content=\"1\" \/><\/div><div itemprop=\"itemListElement\" itemscope itemtype=\"https:\/\/schema.org\/ListItem\"><span><i class=\"ico-guil-singl-right\"><\/i><\/span><a itemprop=\"item\" href=\"https:\/\/circutor.com\/fr\/support\/\"><span itemprop=\"name\">Support<\/span><\/a><meta itemprop=\"position\" content=\"3\"><\/div><div itemprop=\"itemListElement\" itemscope itemtype=\"https:\/\/schema.org\/ListItem\"><span><i class=\"ico-guil-singl-right\"><\/i><\/span><a itemprop=\"item\" href=\"https:\/\/circutor.com\/fr\/support\/formation\/\"><span itemprop=\"name\">Formation<\/span><\/a><meta itemprop=\"position\" content=\"4\"><\/div><div itemprop=\"itemListElement\" itemscope itemtype=\"https:\/\/schema.org\/ListItem\"><span><i class=\"ico-guil-singl-right\"><\/i><\/span><a itemprop=\"item\" href=\"https:\/\/circutor.com\/fr\/support\/formation\/formation-en-ligne-et-en-face-a-face\/\"><span itemprop=\"name\">Formation en ligne et en face \u00e0 face<\/span><\/a><meta itemprop=\"position\" content=\"5\"><\/div><div itemprop=\"itemListElement\" itemscope itemtype=\"https:\/\/schema.org\/ListItem\"><span><i class=\"ico-guil-singl-right\"><\/i><\/span><span class=\"active_item_breadcrumb\" itemprop=\"name\">Fichier de Formations<\/span><meta itemprop=\"position\" content=\"6\"><\/div><\/div>[\/vc_column_inner][\/vc_row_inner][vc_row_inner][vc_column_inner width=\u00a0\u00bb1\/2&Prime;][vc_column_text]<\/p>\n<h1>Fichier de Formations<\/h1>\n<p>Acc\u00e9dez aux derni\u00e8res vid\u00e9os d\u00e9j\u00e0 propos\u00e9es par les diff\u00e9rents Webinaires CIRCUTOR. Vous n&rsquo;avez pas pu assister \u00e0 un webinaire qui avait attir\u00e9 votre attention ? Souhaitez-vous revoir un Webinaire afin de r\u00e9viser son contenu ? Vous pouvez maintenant acc\u00e9der aux enregistrements des Webinaires chaque fois que vous en aurez besoin.[\/vc_column_text][\/vc_column_inner][vc_column_inner width=\u00a0\u00bb1\/2&Prime;][\/vc_column_inner][\/vc_row_inner][\/vc_column][\/vc_row][vc_row el_class=\u00a0\u00bbbloque\u00a0\u00bb][vc_column width=\u00a0\u00bb1\/6&Prime;][\/vc_column][vc_column width=\u00a0\u00bb2\/3&Prime;][vc_column_text el_class=\u00a0\u00bbanimacion_left\u00a0\u00bb]<\/p>\n<h6 class=\"wrap-title\">ENREGISTREMENT D&rsquo;ACC\u00c8S<\/h6>\n<p>[\/vc_column_text][vc_row_inner el_class=\u00a0\u00bbformulario_contacto_lab\u00a0\u00bb][vc_column_inner][vc_raw_html css=\u00a0\u00bb.vc_custom_1664358217228{margin-bottom: 25px !important;}\u00a0\u00bb]JTNDaDUlM0VSZW1wbGlzc2V6JTIwbGUlMjBmb3JtdWxhaXJlJTIwc3VpdmFudCUyMGV0JTIwdm91cyUyMHBvdXJyZXolMjBhY2MlQzMlQTlkZXIlMjBhdSUyMGNvbnRlbnUlMjBkZSUyMHRvdXMlMjBsZXMlMjBXZWJpbmFpcmVzJTIwQ0lSQ1VUT1IlMjByJUMzJUE5YWxpcyVDMyVBOXMlMjBqdXNxdSUyNyVDMyVBMCUyMHByJUMzJUE5c2VudCUzQSUzQyUyRmg1JTNFJTIw[\/vc_raw_html][vc_column_text]<script src=\"\/\/info.circutor.com\/js\/forms2\/js\/forms2.min.js\"><\/script><\/p>\n<form id=\"mktoForm_1218\"><\/form>\n<p><script>MktoForms2.loadForm(\"\/\/info.circutor.com\", \"940-CSD-667\", 1218);<\/script>[\/vc_column_text][\/vc_column_inner][\/vc_row_inner][\/vc_column][vc_column width=\u00a0\u00bb1\/6&Prime;][\/vc_column][\/vc_row][vc_row el_class=\u00a0\u00bbbloque bottom_cat_sector\u00a0\u00bb][vc_column][vc_column_text el_class=\u00a0\u00bbanimacion_left\u00a0\u00bb]<\/p>\n<h6 class=\"wrap-title\">ASSISTANCE<\/h6>\n<p>[\/vc_column_text][vc_raw_html el_class=\u00a0\u00bbasistencia_cat_sector\u00a0\u00bb]JTNDYSUyMGhyZWYlM0QlMjIlMkZmciUyRmNvbnRhY3QlMkYlMjIlM0UlMEElM0NkaXYlMjBjbGFzcyUzRCUyMml0ZW0lMjBnZW5lcmFsJTIwYW5pbWFjaW9uX2NhamElMjIlM0UlMEElM0NkaXYlMjBjbGFzcyUzRCUyMmltYWdlbi1ib3JkZSUyMiUzRSUwQSUzQ2ltZyUyMHNyYyUzRCUyMiUyRndwLWNvbnRlbnQlMkZ1cGxvYWRzJTJGMjAyMiUyRjA4JTJGRlNCX0FzaXN0ZW5jaWEuanBnJTIyJTNFJTBBJTNDJTJGZGl2JTNFJTBBJTNDZGl2JTIwY2xhc3MlM0QlMjJkZXRhaWxzJTIyJTNFJTBBJTNDcCUyMGNsYXNzJTNEJTIydGl0dWxvX3BhZ2UlMjIlM0UlM0NzdHJvbmclM0VDaGV6JTIwQ0lSQ1VUT1IlMkMlMjBub3VzJTIwc29tbWVzJTIwbCVDMyVBMCUyMHBvdXIlMjB2b3VzJTIwYWlkZXIuJTNDJTJGc3Ryb25nJTNFJTNDYnIlM0UlMEFTaSUyMHZvdXMlMjBhdmV6JTIwZGVzJTIwcXVlc3Rpb25zJTJDJTIwcGFybG9ucy1lbi4lM0MlMkZwJTNFJTBBJTNDcCUyMGNsYXNzJTNEJTIyZW5sYWNlJTIyJTNFUGFybGV6JTIwJUMzJUEwJTIwdW4lMjBzcCVDMyVBOWNpYWxpc3RlJTIwJTNDaSUyMGNsYXNzJTNEJTIyaWNvLWFycm93LXJpZ2h0JTIyJTNFJTNDJTJGaSUzRSUzQyUyRnAlM0UlMEElM0MlMkZkaXYlM0UlMEElMEElM0MlMkZkaXYlM0UlMEElM0MlMkZhJTNF[\/vc_raw_html][\/vc_column][\/vc_row]<\/p>\n","protected":false},"excerpt":{"rendered":"<p>[vc_row full_width=\u00a0\u00bbstretch_row\u00a0\u00bb el_class=\u00a0\u00bbbanner_pagina_texto\u00a0\u00bb css=\u00a0\u00bb.vc_custom_1663055062217{background-image: url(https:\/\/circutor.com\/wp-content\/uploads\/2022\/09\/FSB_Formaciones-2.jpg?id=28668) !important;background-position: center !important;background-repeat: no-repeat !important;background-size: cover !important;}\u00a0\u00bb][vc_column css=\u00a0\u00bb.vc_custom_1605620904006{padding-top: 0px !important;}\u00a0\u00bb][vc_row_inner el_class=\u00a0\u00bbbreadcrumb\u00a0\u00bb][vc_column_inner][\/vc_column_inner][\/vc_row_inner][vc_row_inner][vc_column_inner width=\u00a0\u00bb1\/2&Prime;][vc_column_text] Fichier de Formations Acc\u00e9dez aux derni\u00e8res vid\u00e9os d\u00e9j\u00e0 propos\u00e9es par les diff\u00e9rents Webinaires CIRCUTOR. Vous n&rsquo;avez pas pu assister \u00e0 un webinaire qui avait attir\u00e9 votre attention ? Souhaitez-vous revoir un Webinaire afin de r\u00e9viser son contenu ? [&hellip;]<\/p>\n","protected":false},"author":6,"featured_media":0,"parent":10074,"menu_order":0,"comment_status":"closed","ping_status":"closed","template":"","meta":[],"acf":[],"yoast_head":"<!-- This site is optimized with the Yoast SEO plugin v19.4 - https:\/\/yoast.com\/wordpress\/plugins\/seo\/ -->\n<title>Fichier de Formations - CIRCUTOR<\/title>\n<meta name=\"robots\" content=\"index, follow, max-snippet:-1, max-image-preview:large, max-video-preview:-1\" \/>\n<link rel=\"canonical\" href=\"https:\/\/circutor.com\/fr\/support\/formation\/formation-en-ligne-et-en-face-a-face\/archivo-de-formaciones\/\" \/>\n<meta property=\"og:locale\" content=\"fr_FR\" \/>\n<meta property=\"og:type\" content=\"article\" \/>\n<meta property=\"og:title\" content=\"Fichier de Formations - CIRCUTOR\" \/>\n<meta property=\"og:description\" content=\"[vc_row full_width=\u00a0\u00bbstretch_row\u00a0\u00bb el_class=\u00a0\u00bbbanner_pagina_texto\u00a0\u00bb css=\u00a0\u00bb.vc_custom_1663055062217{background-image: url(https:\/\/circutor.com\/wp-content\/uploads\/2022\/09\/FSB_Formaciones-2.jpg?id=28668) !important;background-position: center !important;background-repeat: no-repeat !important;background-size: cover !important;}\u00a0\u00bb][vc_column css=\u00a0\u00bb.vc_custom_1605620904006{padding-top: 0px !important;}\u00a0\u00bb][vc_row_inner el_class=\u00a0\u00bbbreadcrumb\u00a0\u00bb][vc_column_inner][\/vc_column_inner][\/vc_row_inner][vc_row_inner][vc_column_inner width=\u00a0\u00bb1\/2&Prime;][vc_column_text] Fichier de Formations Acc\u00e9dez aux derni\u00e8res vid\u00e9os d\u00e9j\u00e0 propos\u00e9es par les diff\u00e9rents Webinaires CIRCUTOR. Vous n&rsquo;avez pas pu assister \u00e0 un webinaire qui avait attir\u00e9 votre attention ? Souhaitez-vous revoir un Webinaire afin de r\u00e9viser son contenu ? [&hellip;]\" \/>\n<meta property=\"og:url\" content=\"https:\/\/circutor.com\/fr\/support\/formation\/formation-en-ligne-et-en-face-a-face\/archivo-de-formaciones\/\" \/>\n<meta property=\"og:site_name\" content=\"CIRCUTOR\" \/>\n<meta property=\"article:publisher\" content=\"https:\/\/www.facebook.com\/CIRCUTOR.ES\" \/>\n<meta property=\"article:modified_time\" content=\"2022-09-28T09:46:24+00:00\" \/>\n<meta property=\"og:image\" content=\"https:\/\/circutor.com\/wp-content\/uploads\/2022\/07\/Circutor_Logo_Color.png\" \/>\n\t<meta property=\"og:image:width\" content=\"1299\" \/>\n\t<meta property=\"og:image:height\" content=\"354\" \/>\n\t<meta property=\"og:image:type\" content=\"image\/png\" \/>\n<meta name=\"twitter:card\" content=\"summary_large_image\" \/>\n<meta name=\"twitter:site\" content=\"@circutor\" \/>\n<meta name=\"twitter:label1\" content=\"Dur\u00e9e de lecture estim\u00e9e\" \/>\n\t<meta name=\"twitter:data1\" content=\"2 minutes\" \/>\n<script type=\"application\/ld+json\" class=\"yoast-schema-graph\">{\"@context\":\"https:\/\/schema.org\",\"@graph\":[{\"@type\":\"Organization\",\"@id\":\"https:\/\/circutor.com\/#organization\",\"name\":\"Circutor\",\"url\":\"https:\/\/circutor.com\/\",\"sameAs\":[\"https:\/\/www.instagram.com\/circutor_es\",\"https:\/\/www.linkedin.com\/company\/circutor\",\"https:\/\/www.youtube.com\/user\/CIRCUTORoficial\",\"https:\/\/www.facebook.com\/CIRCUTOR.ES\",\"https:\/\/twitter.com\/circutor\"],\"logo\":{\"@type\":\"ImageObject\",\"inLanguage\":\"fr-FR\",\"@id\":\"https:\/\/circutor.com\/#\/schema\/logo\/image\/\",\"url\":\"https:\/\/circutor.com\/wp-content\/uploads\/2020\/09\/CIR_LOGO_RED.png\",\"contentUrl\":\"https:\/\/circutor.com\/wp-content\/uploads\/2020\/09\/CIR_LOGO_RED.png\",\"width\":512,\"height\":128,\"caption\":\"Circutor\"},\"image\":{\"@id\":\"https:\/\/circutor.com\/#\/schema\/logo\/image\/\"}},{\"@type\":\"WebSite\",\"@id\":\"https:\/\/circutor.com\/#website\",\"url\":\"https:\/\/circutor.com\/\",\"name\":\"CIRCUTOR\",\"description\":\"Soluciones para la eficiencia energ\u00e9tica el\u00e9ctrica\",\"publisher\":{\"@id\":\"https:\/\/circutor.com\/#organization\"},\"potentialAction\":[{\"@type\":\"SearchAction\",\"target\":{\"@type\":\"EntryPoint\",\"urlTemplate\":\"https:\/\/circutor.com\/?s={search_term_string}\"},\"query-input\":\"required name=search_term_string\"}],\"inLanguage\":\"fr-FR\"},{\"@type\":\"WebPage\",\"@id\":\"https:\/\/circutor.com\/fr\/support\/formation\/formation-en-ligne-et-en-face-a-face\/archivo-de-formaciones\/\",\"url\":\"https:\/\/circutor.com\/fr\/support\/formation\/formation-en-ligne-et-en-face-a-face\/archivo-de-formaciones\/\",\"name\":\"Fichier de Formations - CIRCUTOR\",\"isPartOf\":{\"@id\":\"https:\/\/circutor.com\/#website\"},\"datePublished\":\"2022-09-28T09:44:51+00:00\",\"dateModified\":\"2022-09-28T09:46:24+00:00\",\"breadcrumb\":{\"@id\":\"https:\/\/circutor.com\/fr\/support\/formation\/formation-en-ligne-et-en-face-a-face\/archivo-de-formaciones\/#breadcrumb\"},\"inLanguage\":\"fr-FR\",\"potentialAction\":[{\"@type\":\"ReadAction\",\"target\":[\"https:\/\/circutor.com\/fr\/support\/formation\/formation-en-ligne-et-en-face-a-face\/archivo-de-formaciones\/\"]}]},{\"@type\":\"BreadcrumbList\",\"@id\":\"https:\/\/circutor.com\/fr\/support\/formation\/formation-en-ligne-et-en-face-a-face\/archivo-de-formaciones\/#breadcrumb\",\"itemListElement\":[{\"@type\":\"ListItem\",\"position\":1,\"name\":\"Portada\",\"item\":\"https:\/\/circutor.com\/fr\/\"},{\"@type\":\"ListItem\",\"position\":2,\"name\":\"Support\",\"item\":\"https:\/\/circutor.com\/fr\/support\/\"},{\"@type\":\"ListItem\",\"position\":3,\"name\":\"Formation\",\"item\":\"https:\/\/circutor.com\/fr\/support\/formation\/\"},{\"@type\":\"ListItem\",\"position\":4,\"name\":\"Formation en ligne et en face \u00e0 face\",\"item\":\"https:\/\/circutor.com\/fr\/support\/formation\/formation-en-ligne-et-en-face-a-face\/\"},{\"@type\":\"ListItem\",\"position\":5,\"name\":\"Fichier de Formations\"}]}]}<\/script>\n<!-- \/ Yoast SEO plugin. -->","yoast_head_json":{"title":"Fichier de Formations - CIRCUTOR","robots":{"index":"index","follow":"follow","max-snippet":"max-snippet:-1","max-image-preview":"max-image-preview:large","max-video-preview":"max-video-preview:-1"},"canonical":"https:\/\/circutor.com\/fr\/support\/formation\/formation-en-ligne-et-en-face-a-face\/archivo-de-formaciones\/","og_locale":"fr_FR","og_type":"article","og_title":"Fichier de Formations - CIRCUTOR","og_description":"[vc_row full_width=\u00a0\u00bbstretch_row\u00a0\u00bb el_class=\u00a0\u00bbbanner_pagina_texto\u00a0\u00bb css=\u00a0\u00bb.vc_custom_1663055062217{background-image: url(https:\/\/circutor.com\/wp-content\/uploads\/2022\/09\/FSB_Formaciones-2.jpg?id=28668) !important;background-position: center !important;background-repeat: no-repeat !important;background-size: cover !important;}\u00a0\u00bb][vc_column css=\u00a0\u00bb.vc_custom_1605620904006{padding-top: 0px !important;}\u00a0\u00bb][vc_row_inner el_class=\u00a0\u00bbbreadcrumb\u00a0\u00bb][vc_column_inner][\/vc_column_inner][\/vc_row_inner][vc_row_inner][vc_column_inner width=\u00a0\u00bb1\/2&Prime;][vc_column_text] Fichier de Formations Acc\u00e9dez aux derni\u00e8res vid\u00e9os d\u00e9j\u00e0 propos\u00e9es par les diff\u00e9rents Webinaires CIRCUTOR. Vous n&rsquo;avez pas pu assister \u00e0 un webinaire qui avait attir\u00e9 votre attention ? Souhaitez-vous revoir un Webinaire afin de r\u00e9viser son contenu ? [&hellip;]","og_url":"https:\/\/circutor.com\/fr\/support\/formation\/formation-en-ligne-et-en-face-a-face\/archivo-de-formaciones\/","og_site_name":"CIRCUTOR","article_publisher":"https:\/\/www.facebook.com\/CIRCUTOR.ES","article_modified_time":"2022-09-28T09:46:24+00:00","og_image":[{"width":1299,"height":354,"url":"https:\/\/circutor.com\/wp-content\/uploads\/2022\/07\/Circutor_Logo_Color.png","type":"image\/png"}],"twitter_card":"summary_large_image","twitter_site":"@circutor","twitter_misc":{"Dur\u00e9e de lecture estim\u00e9e":"2 minutes"},"schema":{"@context":"https:\/\/schema.org","@graph":[{"@type":"Organization","@id":"https:\/\/circutor.com\/#organization","name":"Circutor","url":"https:\/\/circutor.com\/","sameAs":["https:\/\/www.instagram.com\/circutor_es","https:\/\/www.linkedin.com\/company\/circutor","https:\/\/www.youtube.com\/user\/CIRCUTORoficial","https:\/\/www.facebook.com\/CIRCUTOR.ES","https:\/\/twitter.com\/circutor"],"logo":{"@type":"ImageObject","inLanguage":"fr-FR","@id":"https:\/\/circutor.com\/#\/schema\/logo\/image\/","url":"https:\/\/circutor.com\/wp-content\/uploads\/2020\/09\/CIR_LOGO_RED.png","contentUrl":"https:\/\/circutor.com\/wp-content\/uploads\/2020\/09\/CIR_LOGO_RED.png","width":512,"height":128,"caption":"Circutor"},"image":{"@id":"https:\/\/circutor.com\/#\/schema\/logo\/image\/"}},{"@type":"WebSite","@id":"https:\/\/circutor.com\/#website","url":"https:\/\/circutor.com\/","name":"CIRCUTOR","description":"Soluciones para la eficiencia energ\u00e9tica el\u00e9ctrica","publisher":{"@id":"https:\/\/circutor.com\/#organization"},"potentialAction":[{"@type":"SearchAction","target":{"@type":"EntryPoint","urlTemplate":"https:\/\/circutor.com\/?s={search_term_string}"},"query-input":"required name=search_term_string"}],"inLanguage":"fr-FR"},{"@type":"WebPage","@id":"https:\/\/circutor.com\/fr\/support\/formation\/formation-en-ligne-et-en-face-a-face\/archivo-de-formaciones\/","url":"https:\/\/circutor.com\/fr\/support\/formation\/formation-en-ligne-et-en-face-a-face\/archivo-de-formaciones\/","name":"Fichier de Formations - CIRCUTOR","isPartOf":{"@id":"https:\/\/circutor.com\/#website"},"datePublished":"2022-09-28T09:44:51+00:00","dateModified":"2022-09-28T09:46:24+00:00","breadcrumb":{"@id":"https:\/\/circutor.com\/fr\/support\/formation\/formation-en-ligne-et-en-face-a-face\/archivo-de-formaciones\/#breadcrumb"},"inLanguage":"fr-FR","potentialAction":[{"@type":"ReadAction","target":["https:\/\/circutor.com\/fr\/support\/formation\/formation-en-ligne-et-en-face-a-face\/archivo-de-formaciones\/"]}]},{"@type":"BreadcrumbList","@id":"https:\/\/circutor.com\/fr\/support\/formation\/formation-en-ligne-et-en-face-a-face\/archivo-de-formaciones\/#breadcrumb","itemListElement":[{"@type":"ListItem","position":1,"name":"Portada","item":"https:\/\/circutor.com\/fr\/"},{"@type":"ListItem","position":2,"name":"Support","item":"https:\/\/circutor.com\/fr\/support\/"},{"@type":"ListItem","position":3,"name":"Formation","item":"https:\/\/circutor.com\/fr\/support\/formation\/"},{"@type":"ListItem","position":4,"name":"Formation en ligne et en face \u00e0 face","item":"https:\/\/circutor.com\/fr\/support\/formation\/formation-en-ligne-et-en-face-a-face\/"},{"@type":"ListItem","position":5,"name":"Fichier de Formations"}]}]}},"_links":{"self":[{"href":"https:\/\/circutor.com\/fr\/wp-json\/wp\/v2\/pages\/29832"}],"collection":[{"href":"https:\/\/circutor.com\/fr\/wp-json\/wp\/v2\/pages"}],"about":[{"href":"https:\/\/circutor.com\/fr\/wp-json\/wp\/v2\/types\/page"}],"author":[{"embeddable":true,"href":"https:\/\/circutor.com\/fr\/wp-json\/wp\/v2\/users\/6"}],"replies":[{"embeddable":true,"href":"https:\/\/circutor.com\/fr\/wp-json\/wp\/v2\/comments?post=29832"}],"version-history":[{"count":0,"href":"https:\/\/circutor.com\/fr\/wp-json\/wp\/v2\/pages\/29832\/revisions"}],"up":[{"embeddable":true,"href":"https:\/\/circutor.com\/fr\/wp-json\/wp\/v2\/pages\/10074"}],"wp:attachment":[{"href":"https:\/\/circutor.com\/fr\/wp-json\/wp\/v2\/media?parent=29832"}],"curies":[{"name":"wp","href":"https:\/\/api.w.org\/{rel}","templated":true}]}}