{"id":29616,"date":"2022-09-22T10:40:06","date_gmt":"2022-09-22T08:40:06","guid":{"rendered":"https:\/\/circutor.com\/?page_id=29616"},"modified":"2022-09-22T12:43:51","modified_gmt":"2022-09-22T10:43:51","slug":"merci-de-vous-inscrire-a-notre-newsletter","status":"publish","type":"page","link":"https:\/\/circutor.com\/fr\/merci-de-vous-inscrire-a-notre-newsletter\/","title":{"rendered":"Merci de vous inscrire \u00e0 notre newsletter"},"content":{"rendered":"<p>[vc_row][vc_column][vc_column_text]<\/p>\n<table style=\"border-collapse: collapse; width: 100%; height: 50px;\">\n<tbody>\n<tr style=\"height: 24px;\">\n<td style=\"width: 33.3333%; height: 24px;\"><\/td>\n<td style=\"width: 33.3333%; height: 24px;\"><\/td>\n<td style=\"width: 33.3333%; height: 24px;\"><\/td>\n<\/tr>\n<\/tbody>\n<\/table>\n<p>[\/vc_column_text][vc_column_text]<\/p>\n<h1>Merci de vous \u00eatre inscrit !<\/h1>\n<p>&nbsp;<\/p>\n<h2>Vous commencerez bient\u00f4t \u00e0 recevoir nos bulletins d&rsquo;information r\u00e9guliers.<\/h2>\n<p>[\/vc_column_text][vc_column_text]Nous vous remercions de l&rsquo;int\u00e9r\u00eat que vous portez \u00e0 nos produits et solutions. En attendant, nous vous invitons \u00e0 mieux nous conna\u00eetre.<br \/>\nDans les liens suivants, vous trouverez des informations sur nos produits, des articles techniques et des nouvelles sur le secteur, des vid\u00e9os de formation ou l&rsquo;acc\u00e8s \u00e0 des webinaires gratuits :[\/vc_column_text][\/vc_column][\/vc_row][vc_row][vc_column width=\u00a0\u00bb1\/2&Prime;][vc_raw_html]JTNDYSUyMGhyZWYlM0QlMjIlMkZmciUyRnByb2R1aXRzLWV0LXNvbHV0aW9ucy1jaXJjdXRvciUyRiUyMiUzRSUwQSUzQ2RpdiUyMGNsYXNzJTNEJTIyaXRlbSUyMGdlbmVyYWwlMjBhbmltYWNpb25fY2FqYSUyMiUzRSUwQSUwQSUzQ2RpdiUyMGNsYXNzJTNEJTIyZGV0YWlscyUyMiUzRSUwQSUzQ2JyJTNFJTBBJTNDaDQlMjBjbGFzcyUzRCUyMnRpdHVsb19wYWdlJTIwc21hbGwlMjIlM0VQcm9kdWl0cyUzQyUyRmg0JTNFJTBBJTNDcCUyMGNsYXNzJTNEJTIyZW5sYWNlJTIyJTNFTGFyZ2UlMjBnYW1tZSUyMGRlJTIwcHJvZHVpdHMlMjBldCUyMGRlJTIwc29sdXRpb25zJTIwQ2lyY3V0b3IlMjAlM0NpJTIwY2xhc3MlM0QlMjJpY28tYXJyb3ctcmlnaHQlMjIlM0UlM0MlMkZpJTNFJTNDJTJGcCUzRSUwQSUzQyUyRmRpdiUzRSUwQSUwQSUzQyUyRmRpdiUzRSUwQSUzQyUyRmElM0U=[\/vc_raw_html][\/vc_column][vc_column width=\u00a0\u00bb1\/2&Prime;][vc_raw_html]JTNDYSUyMGhyZWYlM0QlMjIlMkZmciUyRmVudHJlcHJpc2UlMkZjaXJjdXRvci1hY3R1YWxpdGUlMkYlMjIlM0UlMEElM0NkaXYlMjBjbGFzcyUzRCUyMml0ZW0lMjBnZW5lcmFsJTIwYW5pbWFjaW9uX2NhamElMjIlM0UlMEElMEElM0NkaXYlMjBjbGFzcyUzRCUyMmRldGFpbHMlMjIlM0UlMEElM0NiciUzRSUwQSUzQ2g0JTIwY2xhc3MlM0QlMjJ0aXR1bG9fcGFnZSUyMHNtYWxsJTIyJTNFTm91dmVsbGVzJTNDJTJGaDQlM0UlMEElM0NwJTIwY2xhc3MlM0QlMjJlbmxhY2UlMjIlM0VBY3R1YWxpdCVDMyVBOXMlMjBldCUyMGRlcm5pJUMzJUE4cmVzJTIwbm91dmVsbGVzJTIwZGUlMjBDaXJjdXRvciUyMGV0JTIwZHUlMjBzZWN0ZXVyJTIwZGUlMjBsJTI3JUMzJUE5bGVjdHJpY2l0JUMzJUE5JTIwJTNDaSUyMGNsYXNzJTNEJTIyaWNvLWFycm93LXJpZ2h0JTIyJTNFJTNDJTJGaSUzRSUzQyUyRnAlM0UlMEElM0MlMkZkaXYlM0UlMEElMEElM0MlMkZkaXYlM0UlMEElM0MlMkZhJTNF[\/vc_raw_html][\/vc_column][\/vc_row]<\/p>\n","protected":false},"excerpt":{"rendered":"<p>[vc_row][vc_column][vc_column_text] [\/vc_column_text][vc_column_text] Merci de vous \u00eatre inscrit ! &nbsp; Vous commencerez bient\u00f4t \u00e0 recevoir nos bulletins d&rsquo;information r\u00e9guliers. [\/vc_column_text][vc_column_text]Nous vous remercions de l&rsquo;int\u00e9r\u00eat que vous portez \u00e0 nos produits et solutions. En attendant, nous vous invitons \u00e0 mieux nous conna\u00eetre. Dans les liens suivants, vous trouverez des informations sur nos produits, des articles techniques et [&hellip;]<\/p>\n","protected":false},"author":7,"featured_media":0,"parent":0,"menu_order":0,"comment_status":"closed","ping_status":"closed","template":"","meta":[],"acf":[],"yoast_head":"<!-- This site is optimized with the Yoast SEO plugin v19.4 - https:\/\/yoast.com\/wordpress\/plugins\/seo\/ -->\n<title>Merci de vous inscrire \u00e0 notre newsletter - CIRCUTOR<\/title>\n<meta name=\"robots\" content=\"noindex, follow\" \/>\n<meta property=\"og:locale\" content=\"fr_FR\" \/>\n<meta property=\"og:type\" content=\"article\" \/>\n<meta property=\"og:title\" content=\"Merci de vous inscrire \u00e0 notre newsletter - CIRCUTOR\" \/>\n<meta property=\"og:description\" content=\"[vc_row][vc_column][vc_column_text] [\/vc_column_text][vc_column_text] Merci de vous \u00eatre inscrit ! &nbsp; Vous commencerez bient\u00f4t \u00e0 recevoir nos bulletins d&rsquo;information r\u00e9guliers. [\/vc_column_text][vc_column_text]Nous vous remercions de l&rsquo;int\u00e9r\u00eat que vous portez \u00e0 nos produits et solutions. En attendant, nous vous invitons \u00e0 mieux nous conna\u00eetre. Dans les liens suivants, vous trouverez des informations sur nos produits, des articles techniques et [&hellip;]\" \/>\n<meta property=\"og:url\" content=\"https:\/\/circutor.com\/fr\/merci-de-vous-inscrire-a-notre-newsletter\/\" \/>\n<meta property=\"og:site_name\" content=\"CIRCUTOR\" \/>\n<meta property=\"article:publisher\" content=\"https:\/\/www.facebook.com\/CIRCUTOR.ES\" \/>\n<meta property=\"article:modified_time\" content=\"2022-09-22T10:43:51+00:00\" \/>\n<meta property=\"og:image\" content=\"https:\/\/circutor.com\/wp-content\/uploads\/2022\/07\/Circutor_Logo_Color.png\" \/>\n\t<meta property=\"og:image:width\" content=\"1299\" \/>\n\t<meta property=\"og:image:height\" content=\"354\" \/>\n\t<meta property=\"og:image:type\" content=\"image\/png\" \/>\n<meta name=\"twitter:card\" content=\"summary_large_image\" \/>\n<meta name=\"twitter:site\" content=\"@circutor\" \/>\n<meta name=\"twitter:label1\" content=\"Dur\u00e9e de lecture estim\u00e9e\" \/>\n\t<meta name=\"twitter:data1\" content=\"1 minute\" \/>\n<script type=\"application\/ld+json\" class=\"yoast-schema-graph\">{\"@context\":\"https:\/\/schema.org\",\"@graph\":[{\"@type\":\"Organization\",\"@id\":\"https:\/\/circutor.com\/#organization\",\"name\":\"Circutor\",\"url\":\"https:\/\/circutor.com\/\",\"sameAs\":[\"https:\/\/www.instagram.com\/circutor_es\",\"https:\/\/www.linkedin.com\/company\/circutor\",\"https:\/\/www.youtube.com\/user\/CIRCUTORoficial\",\"https:\/\/www.facebook.com\/CIRCUTOR.ES\",\"https:\/\/twitter.com\/circutor\"],\"logo\":{\"@type\":\"ImageObject\",\"inLanguage\":\"fr-FR\",\"@id\":\"https:\/\/circutor.com\/#\/schema\/logo\/image\/\",\"url\":\"https:\/\/circutor.com\/wp-content\/uploads\/2020\/09\/CIR_LOGO_RED.png\",\"contentUrl\":\"https:\/\/circutor.com\/wp-content\/uploads\/2020\/09\/CIR_LOGO_RED.png\",\"width\":512,\"height\":128,\"caption\":\"Circutor\"},\"image\":{\"@id\":\"https:\/\/circutor.com\/#\/schema\/logo\/image\/\"}},{\"@type\":\"WebSite\",\"@id\":\"https:\/\/circutor.com\/#website\",\"url\":\"https:\/\/circutor.com\/\",\"name\":\"CIRCUTOR\",\"description\":\"Soluciones para la eficiencia energ\u00e9tica el\u00e9ctrica\",\"publisher\":{\"@id\":\"https:\/\/circutor.com\/#organization\"},\"potentialAction\":[{\"@type\":\"SearchAction\",\"target\":{\"@type\":\"EntryPoint\",\"urlTemplate\":\"https:\/\/circutor.com\/?s={search_term_string}\"},\"query-input\":\"required name=search_term_string\"}],\"inLanguage\":\"fr-FR\"},{\"@type\":\"WebPage\",\"@id\":\"https:\/\/circutor.com\/fr\/merci-de-vous-inscrire-a-notre-newsletter\/\",\"url\":\"https:\/\/circutor.com\/fr\/merci-de-vous-inscrire-a-notre-newsletter\/\",\"name\":\"Merci de vous inscrire \u00e0 notre newsletter - CIRCUTOR\",\"isPartOf\":{\"@id\":\"https:\/\/circutor.com\/#website\"},\"datePublished\":\"2022-09-22T08:40:06+00:00\",\"dateModified\":\"2022-09-22T10:43:51+00:00\",\"breadcrumb\":{\"@id\":\"https:\/\/circutor.com\/fr\/merci-de-vous-inscrire-a-notre-newsletter\/#breadcrumb\"},\"inLanguage\":\"fr-FR\",\"potentialAction\":[{\"@type\":\"ReadAction\",\"target\":[\"https:\/\/circutor.com\/fr\/merci-de-vous-inscrire-a-notre-newsletter\/\"]}]},{\"@type\":\"BreadcrumbList\",\"@id\":\"https:\/\/circutor.com\/fr\/merci-de-vous-inscrire-a-notre-newsletter\/#breadcrumb\",\"itemListElement\":[{\"@type\":\"ListItem\",\"position\":1,\"name\":\"Portada\",\"item\":\"https:\/\/circutor.com\/fr\/\"},{\"@type\":\"ListItem\",\"position\":2,\"name\":\"Merci de vous inscrire \u00e0 notre newsletter\"}]}]}<\/script>\n<!-- \/ Yoast SEO plugin. -->","yoast_head_json":{"title":"Merci de vous inscrire \u00e0 notre newsletter - CIRCUTOR","robots":{"index":"noindex","follow":"follow"},"og_locale":"fr_FR","og_type":"article","og_title":"Merci de vous inscrire \u00e0 notre newsletter - CIRCUTOR","og_description":"[vc_row][vc_column][vc_column_text] [\/vc_column_text][vc_column_text] Merci de vous \u00eatre inscrit ! &nbsp; Vous commencerez bient\u00f4t \u00e0 recevoir nos bulletins d&rsquo;information r\u00e9guliers. [\/vc_column_text][vc_column_text]Nous vous remercions de l&rsquo;int\u00e9r\u00eat que vous portez \u00e0 nos produits et solutions. En attendant, nous vous invitons \u00e0 mieux nous conna\u00eetre. Dans les liens suivants, vous trouverez des informations sur nos produits, des articles techniques et [&hellip;]","og_url":"https:\/\/circutor.com\/fr\/merci-de-vous-inscrire-a-notre-newsletter\/","og_site_name":"CIRCUTOR","article_publisher":"https:\/\/www.facebook.com\/CIRCUTOR.ES","article_modified_time":"2022-09-22T10:43:51+00:00","og_image":[{"width":1299,"height":354,"url":"https:\/\/circutor.com\/wp-content\/uploads\/2022\/07\/Circutor_Logo_Color.png","type":"image\/png"}],"twitter_card":"summary_large_image","twitter_site":"@circutor","twitter_misc":{"Dur\u00e9e de lecture estim\u00e9e":"1 minute"},"schema":{"@context":"https:\/\/schema.org","@graph":[{"@type":"Organization","@id":"https:\/\/circutor.com\/#organization","name":"Circutor","url":"https:\/\/circutor.com\/","sameAs":["https:\/\/www.instagram.com\/circutor_es","https:\/\/www.linkedin.com\/company\/circutor","https:\/\/www.youtube.com\/user\/CIRCUTORoficial","https:\/\/www.facebook.com\/CIRCUTOR.ES","https:\/\/twitter.com\/circutor"],"logo":{"@type":"ImageObject","inLanguage":"fr-FR","@id":"https:\/\/circutor.com\/#\/schema\/logo\/image\/","url":"https:\/\/circutor.com\/wp-content\/uploads\/2020\/09\/CIR_LOGO_RED.png","contentUrl":"https:\/\/circutor.com\/wp-content\/uploads\/2020\/09\/CIR_LOGO_RED.png","width":512,"height":128,"caption":"Circutor"},"image":{"@id":"https:\/\/circutor.com\/#\/schema\/logo\/image\/"}},{"@type":"WebSite","@id":"https:\/\/circutor.com\/#website","url":"https:\/\/circutor.com\/","name":"CIRCUTOR","description":"Soluciones para la eficiencia energ\u00e9tica el\u00e9ctrica","publisher":{"@id":"https:\/\/circutor.com\/#organization"},"potentialAction":[{"@type":"SearchAction","target":{"@type":"EntryPoint","urlTemplate":"https:\/\/circutor.com\/?s={search_term_string}"},"query-input":"required name=search_term_string"}],"inLanguage":"fr-FR"},{"@type":"WebPage","@id":"https:\/\/circutor.com\/fr\/merci-de-vous-inscrire-a-notre-newsletter\/","url":"https:\/\/circutor.com\/fr\/merci-de-vous-inscrire-a-notre-newsletter\/","name":"Merci de vous inscrire \u00e0 notre newsletter - CIRCUTOR","isPartOf":{"@id":"https:\/\/circutor.com\/#website"},"datePublished":"2022-09-22T08:40:06+00:00","dateModified":"2022-09-22T10:43:51+00:00","breadcrumb":{"@id":"https:\/\/circutor.com\/fr\/merci-de-vous-inscrire-a-notre-newsletter\/#breadcrumb"},"inLanguage":"fr-FR","potentialAction":[{"@type":"ReadAction","target":["https:\/\/circutor.com\/fr\/merci-de-vous-inscrire-a-notre-newsletter\/"]}]},{"@type":"BreadcrumbList","@id":"https:\/\/circutor.com\/fr\/merci-de-vous-inscrire-a-notre-newsletter\/#breadcrumb","itemListElement":[{"@type":"ListItem","position":1,"name":"Portada","item":"https:\/\/circutor.com\/fr\/"},{"@type":"ListItem","position":2,"name":"Merci de vous inscrire \u00e0 notre newsletter"}]}]}},"_links":{"self":[{"href":"https:\/\/circutor.com\/fr\/wp-json\/wp\/v2\/pages\/29616"}],"collection":[{"href":"https:\/\/circutor.com\/fr\/wp-json\/wp\/v2\/pages"}],"about":[{"href":"https:\/\/circutor.com\/fr\/wp-json\/wp\/v2\/types\/page"}],"author":[{"embeddable":true,"href":"https:\/\/circutor.com\/fr\/wp-json\/wp\/v2\/users\/7"}],"replies":[{"embeddable":true,"href":"https:\/\/circutor.com\/fr\/wp-json\/wp\/v2\/comments?post=29616"}],"version-history":[{"count":0,"href":"https:\/\/circutor.com\/fr\/wp-json\/wp\/v2\/pages\/29616\/revisions"}],"wp:attachment":[{"href":"https:\/\/circutor.com\/fr\/wp-json\/wp\/v2\/media?parent=29616"}],"curies":[{"name":"wp","href":"https:\/\/api.w.org\/{rel}","templated":true}]}}