{"id":16506,"date":"2022-04-01T11:13:44","date_gmt":"2022-04-01T11:13:44","guid":{"rendered":"https:\/\/circutor.com\/?page_id=16506"},"modified":"2022-10-10T11:02:47","modified_gmt":"2022-10-10T09:02:47","slug":"notebooks","status":"publish","type":"page","link":"https:\/\/circutor.com\/fr\/support\/formation\/notebooks\/","title":{"rendered":"Notebooks"},"content":{"rendered":"<p>[vc_row][vc_column]<div itemscope itemtype=\"https:\/\/schema.org\/BreadcrumbList\" id=\"breadcrumb\"><div itemprop=\"itemListElement\" itemscope itemtype=\"https:\/\/schema.org\/ListItem\"><a itemprop=\"item\" href=\"https:\/\/circutor.com\/fr\/\"><span itemprop=\"name\">Home<\/span><\/a><meta itemprop=\"position\" content=\"1\" \/><\/div><div itemprop=\"itemListElement\" itemscope itemtype=\"https:\/\/schema.org\/ListItem\"><span><i class=\"ico-guil-singl-right\"><\/i><\/span><a itemprop=\"item\" href=\"https:\/\/circutor.com\/fr\/support\/\"><span itemprop=\"name\">Support<\/span><\/a><meta itemprop=\"position\" content=\"3\"><\/div><div itemprop=\"itemListElement\" itemscope itemtype=\"https:\/\/schema.org\/ListItem\"><span><i class=\"ico-guil-singl-right\"><\/i><\/span><a itemprop=\"item\" href=\"https:\/\/circutor.com\/fr\/support\/formation\/\"><span itemprop=\"name\">Formation<\/span><\/a><meta itemprop=\"position\" content=\"4\"><\/div><div itemprop=\"itemListElement\" itemscope itemtype=\"https:\/\/schema.org\/ListItem\"><span><i class=\"ico-guil-singl-right\"><\/i><\/span><span class=\"active_item_breadcrumb\" itemprop=\"name\">Notebooks<\/span><meta itemprop=\"position\" content=\"5\"><\/div><\/div>[\/vc_column][\/vc_row][vc_row el_class=\u00a0\u00bbbanner_page_sin_foto banner_formacion\u00a0\u00bb][vc_column][vc_column_text]<\/p>\n<h1>Notebooks<\/h1>\n<p>[\/vc_column_text][vc_column_text]Ressources et concepts cl\u00e9s concernant notre secteur[\/vc_column_text][\/vc_column][\/vc_row][vc_row el_class=\u00a0\u00bblistado_notebooks\u00a0\u00bb][vc_column][vc_raw_html]JTNDYSUyMGhyZWYlM0QlMjIlMkZmciUyRnN1cHBvcnQlMkZmb3JtYXRpb24lMkZub3RlYm9va3MlMkZlZmZpY2FjaXRlLWVuZXJnZXRpcXVlLWVsZWN0cmlxdWUlMkYlMjIlM0UlMEElM0NkaXYlMjBjbGFzcyUzRCUyMml0ZW1fbGlzdGFfbm90ZWJvb2tzJTIwYW5pbWFjaW9uX2NhamElMjIlM0UlMEElMjAlMjAlMjAlM0NoNCUzRUVmZmljYWNpdCVDMyVBOSUyMCVDMyU4OW5lcmclQzMlQTl0aXF1ZSUyMCVDMyU4OWxlY3RyaXF1ZSUzQyUyRmg0JTNFJTBBJTIwJTIwJTIwJTNDcCUzRUxhJTIwZm9ydGUlMjBhdWdtZW50YXRpb24lMjBkZSUyMGxhJTIwZGVtYW5kZSUyMGQlMjclQzMlQTluZXJnaWUlMjBldCUyMGxlcyUyMHByJUMzJUE5dmlzaW9ucyUyMGV4aXN0YW50ZXMlMjAlQzMlQTAlMjBjb3VydCUyMHRlcm1lJTIwbW9udHJlbnQlMjBhdWpvdXJkJTI3aHVpJTIwdW4lMjBjZXJ0YWluJTIwbm9tYnJlJTIwZGUlMjBncmFuZHMlMjBwcm9ibCVDMyVBOG1lcyUyMCVDMyVBMCUyMGwlMjclQzMlQTljaGVsbGUlMjBtb25kaWFsZSUyMCUzQSUyMEluY2lkZW5jZSUyMGdyYXZlJTIwc3VyJTIwbCUyN2Vudmlyb25uZW1lbnQlMkMlMjByZW5jaCVDMyVBOXJpc3NlbWVudCUyMHByb2dyZXNzaWYuLi4lM0MlMkZwJTNFJTBBJTIwJTIwJTIwJTIwJTNDYSUyMGNsYXNzJTNEJTIyYm90b25fZW5sYWNlJTIyJTIwaHJlZiUzRCUyMiUyRnNvcG9ydGUlMkZmb3JtYWNpb24lMkZub3RlYm9va3MlMkZlZmljaWVuY2lhLWVuZXJnZXRpY2EtZWxlY3RyaWNhJTJGJTIyJTNFU2F2b2lyJTIwcGx1cyUyMCUzQ2klMjBjbGFzcyUzRCUyMmljby1hcnJvdy1yaWdodCUyMiUzRSUzQyUyRmklM0UlM0MlMkZhJTNFJTBBJTNDJTJGZGl2JTNFJTBBJTNDJTJGYSUzRQ==[\/vc_raw_html][\/vc_column][\/vc_row][vc_row el_class=\u00a0\u00bbbloque bottom_cat_sector\u00a0\u00bb][vc_column width=\u00a0\u00bb1\/2&Prime;][vc_column_text el_class=\u00a0\u00bbanimacion_left\u00a0\u00bb]<\/p>\n<h6 class=\"wrap-title\">NEWSLETTER<\/h6>\n<p>[\/vc_column_text][vc_row_inner el_class=\u00a0\u00bbnewsletter_cat_sector\u00a0\u00bb][vc_column_inner][vc_column_text el_class=\u00a0\u00bbtitulo\u00a0\u00bb]<strong>Restez inform\u00e9.<\/strong><br \/>\nAbonnez-vous \u00e0 notre Newsletter.[\/vc_column_text][vc_column_text el_class=\u00a0\u00bbsubtitulo\u00a0\u00bb]Je voudrais recevoir les actualit\u00e9s et informations commerciales de CIRCUTOR par courrier \u00e9lectronique.<br \/>\n<script src=\"\/\/info.circutor.es\/js\/forms2\/js\/forms2.min.js\"><\/script><\/p>\n<form id=\"mktoForm_1132\"><\/form>\n<p><script>MktoForms2.loadForm(\"\/\/info.circutor.es\", \"940-CSD-667\", 1132);<\/script>[\/vc_column_text][\/vc_column_inner][\/vc_row_inner][\/vc_column][vc_column width=\u00a0\u00bb1\/2&Prime;][vc_column_text el_class=\u00a0\u00bbanimacion_left\u00a0\u00bb]<\/p>\n<h6 class=\"wrap-title\">ASSISTANCE<\/h6>\n<p>[\/vc_column_text][vc_raw_html el_class=\u00a0\u00bbasistencia_cat_sector\u00a0\u00bb]JTNDYSUyMGhyZWYlM0QlMjIlMkZmciUyRmNvbnRhY3QlMkYlMjIlM0UlMEElM0NkaXYlMjBjbGFzcyUzRCUyMml0ZW0lMjBnZW5lcmFsJTIwYW5pbWFjaW9uX2NhamElMjIlM0UlMEElM0NkaXYlMjBjbGFzcyUzRCUyMmltYWdlbi1ib3JkZSUyMiUzRSUwQSUzQ2ltZyUyMHNyYyUzRCUyMiUyRndwLWNvbnRlbnQlMkZ1cGxvYWRzJTJGMjAyMiUyRjA4JTJGRlNCX0FzaXN0ZW5jaWEuanBnJTIyJTNFJTBBJTNDJTJGZGl2JTNFJTBBJTNDZGl2JTIwY2xhc3MlM0QlMjJkZXRhaWxzJTIyJTNFJTBBJTNDcCUyMGNsYXNzJTNEJTIydGl0dWxvX3BhZ2UlMjIlM0UlM0NzdHJvbmclM0VDaGV6JTIwQ0lSQ1VUT1IlMkMlMjBub3VzJTIwc29tbWVzJTIwbCVDMyVBMCUyMHBvdXIlMjB2b3VzJTIwYWlkZXIuJTNDJTJGc3Ryb25nJTNFJTNDYnIlM0UlMEFTaSUyMHZvdXMlMjBhdmV6JTIwZGVzJTIwcXVlc3Rpb25zJTJDJTIwcGFybG9ucy1lbi4lM0MlMkZwJTNFJTBBJTNDcCUyMGNsYXNzJTNEJTIyZW5sYWNlJTIyJTNFUGFybGV6JTIwJUMzJUEwJTIwdW4lMjBzcCVDMyVBOWNpYWxpc3RlJTIwJTNDaSUyMGNsYXNzJTNEJTIyaWNvLWFycm93LXJpZ2h0JTIyJTNFJTNDJTJGaSUzRSUzQyUyRnAlM0UlMEElM0MlMkZkaXYlM0UlMEElMEElM0MlMkZkaXYlM0UlMEElM0MlMkZhJTNF[\/vc_raw_html][\/vc_column][\/vc_row]<\/p>\n","protected":false},"excerpt":{"rendered":"<p>[vc_row][vc_column][\/vc_column][\/vc_row][vc_row el_class=\u00a0\u00bbbanner_page_sin_foto banner_formacion\u00a0\u00bb][vc_column][vc_column_text] Notebooks [\/vc_column_text][vc_column_text]Ressources et concepts cl\u00e9s concernant notre secteur[\/vc_column_text][\/vc_column][\/vc_row][vc_row el_class=\u00a0\u00bblistado_notebooks\u00a0\u00bb][vc_column][vc_raw_html]JTNDYSUyMGhyZWYlM0QlMjIlMkZmciUyRnN1cHBvcnQlMkZmb3JtYXRpb24lMkZub3RlYm9va3MlMkZlZmZpY2FjaXRlLWVuZXJnZXRpcXVlLWVsZWN0cmlxdWUlMkYlMjIlM0UlMEElM0NkaXYlMjBjbGFzcyUzRCUyMml0ZW1fbGlzdGFfbm90ZWJvb2tzJTIwYW5pbWFjaW9uX2NhamElMjIlM0UlMEElMjAlMjAlMjAlM0NoNCUzRUVmZmljYWNpdCVDMyVBOSUyMCVDMyU4OW5lcmclQzMlQTl0aXF1ZSUyMCVDMyU4OWxlY3RyaXF1ZSUzQyUyRmg0JTNFJTBBJTIwJTIwJTIwJTNDcCUzRUxhJTIwZm9ydGUlMjBhdWdtZW50YXRpb24lMjBkZSUyMGxhJTIwZGVtYW5kZSUyMGQlMjclQzMlQTluZXJnaWUlMjBldCUyMGxlcyUyMHByJUMzJUE5dmlzaW9ucyUyMGV4aXN0YW50ZXMlMjAlQzMlQTAlMjBjb3VydCUyMHRlcm1lJTIwbW9udHJlbnQlMjBhdWpvdXJkJTI3aHVpJTIwdW4lMjBjZXJ0YWluJTIwbm9tYnJlJTIwZGUlMjBncmFuZHMlMjBwcm9ibCVDMyVBOG1lcyUyMCVDMyVBMCUyMGwlMjclQzMlQTljaGVsbGUlMjBtb25kaWFsZSUyMCUzQSUyMEluY2lkZW5jZSUyMGdyYXZlJTIwc3VyJTIwbCUyN2Vudmlyb25uZW1lbnQlMkMlMjByZW5jaCVDMyVBOXJpc3NlbWVudCUyMHByb2dyZXNzaWYuLi4lM0MlMkZwJTNFJTBBJTIwJTIwJTIwJTIwJTNDYSUyMGNsYXNzJTNEJTIyYm90b25fZW5sYWNlJTIyJTIwaHJlZiUzRCUyMiUyRnNvcG9ydGUlMkZmb3JtYWNpb24lMkZub3RlYm9va3MlMkZlZmljaWVuY2lhLWVuZXJnZXRpY2EtZWxlY3RyaWNhJTJGJTIyJTNFU2F2b2lyJTIwcGx1cyUyMCUzQ2klMjBjbGFzcyUzRCUyMmljby1hcnJvdy1yaWdodCUyMiUzRSUzQyUyRmklM0UlM0MlMkZhJTNFJTBBJTNDJTJGZGl2JTNFJTBBJTNDJTJGYSUzRQ==[\/vc_raw_html][\/vc_column][\/vc_row][vc_row el_class=\u00a0\u00bbbloque bottom_cat_sector\u00a0\u00bb][vc_column width=\u00a0\u00bb1\/2&Prime;][vc_column_text el_class=\u00a0\u00bbanimacion_left\u00a0\u00bb] NEWSLETTER [\/vc_column_text][vc_row_inner el_class=\u00a0\u00bbnewsletter_cat_sector\u00a0\u00bb][vc_column_inner][vc_column_text el_class=\u00a0\u00bbtitulo\u00a0\u00bb]Restez inform\u00e9. Abonnez-vous \u00e0 notre Newsletter.[\/vc_column_text][vc_column_text el_class=\u00a0\u00bbsubtitulo\u00a0\u00bb]Je voudrais recevoir les actualit\u00e9s et informations commerciales de CIRCUTOR par courrier \u00e9lectronique. [\/vc_column_text][\/vc_column_inner][\/vc_row_inner][\/vc_column][vc_column width=\u00a0\u00bb1\/2&Prime;][vc_column_text el_class=\u00a0\u00bbanimacion_left\u00a0\u00bb] ASSISTANCE [\/vc_column_text][vc_raw_html el_class=\u00a0\u00bbasistencia_cat_sector\u00a0\u00bb]JTNDYSUyMGhyZWYlM0QlMjIlMkZmciUyRmNvbnRhY3QlMkYlMjIlM0UlMEElM0NkaXYlMjBjbGFzcyUzRCUyMml0ZW0lMjBnZW5lcmFsJTIwYW5pbWFjaW9uX2NhamElMjIlM0UlMEElM0NkaXYlMjBjbGFzcyUzRCUyMmltYWdlbi1ib3JkZSUyMiUzRSUwQSUzQ2ltZyUyMHNyYyUzRCUyMiUyRndwLWNvbnRlbnQlMkZ1cGxvYWRzJTJGMjAyMiUyRjA4JTJGRlNCX0FzaXN0ZW5jaWEuanBnJTIyJTNFJTBBJTNDJTJGZGl2JTNFJTBBJTNDZGl2JTIwY2xhc3MlM0QlMjJkZXRhaWxzJTIyJTNFJTBBJTNDcCUyMGNsYXNzJTNEJTIydGl0dWxvX3BhZ2UlMjIlM0UlM0NzdHJvbmclM0VDaGV6JTIwQ0lSQ1VUT1IlMkMlMjBub3VzJTIwc29tbWVzJTIwbCVDMyVBMCUyMHBvdXIlMjB2b3VzJTIwYWlkZXIuJTNDJTJGc3Ryb25nJTNFJTNDYnIlM0UlMEFTaSUyMHZvdXMlMjBhdmV6JTIwZGVzJTIwcXVlc3Rpb25zJTJDJTIwcGFybG9ucy1lbi4lM0MlMkZwJTNFJTBBJTNDcCUyMGNsYXNzJTNEJTIyZW5sYWNlJTIyJTNFUGFybGV6JTIwJUMzJUEwJTIwdW4lMjBzcCVDMyVBOWNpYWxpc3RlJTIwJTNDaSUyMGNsYXNzJTNEJTIyaWNvLWFycm93LXJpZ2h0JTIyJTNFJTNDJTJGaSUzRSUzQyUyRnAlM0UlMEElM0MlMkZkaXYlM0UlMEElMEElM0MlMkZkaXYlM0UlMEElM0MlMkZhJTNF[\/vc_raw_html][\/vc_column][\/vc_row]<\/p>\n","protected":false},"author":7,"featured_media":0,"parent":10059,"menu_order":0,"comment_status":"closed","ping_status":"closed","template":"","meta":[],"acf":[],"yoast_head":"<!-- This site is optimized with the Yoast SEO plugin v19.4 - https:\/\/yoast.com\/wordpress\/plugins\/seo\/ -->\n<title>Notebooks - CIRCUTOR<\/title>\n<meta name=\"description\" content=\"Aqu\u00ed puedes encontrar informaci\u00f3n t\u00e9cnica sobre temas del sector.\" \/>\n<meta name=\"robots\" content=\"index, follow, max-snippet:-1, max-image-preview:large, max-video-preview:-1\" \/>\n<link rel=\"canonical\" href=\"https:\/\/circutor.com\/fr\/support\/formation\/notebooks\/\" \/>\n<meta property=\"og:locale\" content=\"fr_FR\" \/>\n<meta property=\"og:type\" content=\"article\" \/>\n<meta property=\"og:title\" content=\"Notebooks - CIRCUTOR\" \/>\n<meta property=\"og:description\" content=\"Aqu\u00ed puedes encontrar informaci\u00f3n t\u00e9cnica sobre temas del sector.\" \/>\n<meta property=\"og:url\" content=\"https:\/\/circutor.com\/fr\/support\/formation\/notebooks\/\" \/>\n<meta property=\"og:site_name\" content=\"CIRCUTOR\" \/>\n<meta property=\"article:publisher\" content=\"https:\/\/www.facebook.com\/CIRCUTOR.ES\" \/>\n<meta property=\"article:modified_time\" content=\"2022-10-10T09:02:47+00:00\" \/>\n<meta property=\"og:image\" content=\"https:\/\/circutor.com\/wp-content\/uploads\/2022\/07\/Circutor_Logo_Color.png\" \/>\n\t<meta property=\"og:image:width\" content=\"1299\" \/>\n\t<meta property=\"og:image:height\" content=\"354\" \/>\n\t<meta property=\"og:image:type\" content=\"image\/png\" \/>\n<meta name=\"twitter:card\" content=\"summary_large_image\" \/>\n<meta name=\"twitter:site\" content=\"@circutor\" \/>\n<meta name=\"twitter:label1\" content=\"Dur\u00e9e de lecture estim\u00e9e\" \/>\n\t<meta name=\"twitter:data1\" content=\"1 minute\" \/>\n<script type=\"application\/ld+json\" class=\"yoast-schema-graph\">{\"@context\":\"https:\/\/schema.org\",\"@graph\":[{\"@type\":\"Organization\",\"@id\":\"https:\/\/circutor.com\/#organization\",\"name\":\"Circutor\",\"url\":\"https:\/\/circutor.com\/\",\"sameAs\":[\"https:\/\/www.instagram.com\/circutor_es\",\"https:\/\/www.linkedin.com\/company\/circutor\",\"https:\/\/www.youtube.com\/user\/CIRCUTORoficial\",\"https:\/\/www.facebook.com\/CIRCUTOR.ES\",\"https:\/\/twitter.com\/circutor\"],\"logo\":{\"@type\":\"ImageObject\",\"inLanguage\":\"fr-FR\",\"@id\":\"https:\/\/circutor.com\/#\/schema\/logo\/image\/\",\"url\":\"https:\/\/circutor.com\/wp-content\/uploads\/2020\/09\/CIR_LOGO_RED.png\",\"contentUrl\":\"https:\/\/circutor.com\/wp-content\/uploads\/2020\/09\/CIR_LOGO_RED.png\",\"width\":512,\"height\":128,\"caption\":\"Circutor\"},\"image\":{\"@id\":\"https:\/\/circutor.com\/#\/schema\/logo\/image\/\"}},{\"@type\":\"WebSite\",\"@id\":\"https:\/\/circutor.com\/#website\",\"url\":\"https:\/\/circutor.com\/\",\"name\":\"CIRCUTOR\",\"description\":\"Soluciones para la eficiencia energ\u00e9tica el\u00e9ctrica\",\"publisher\":{\"@id\":\"https:\/\/circutor.com\/#organization\"},\"potentialAction\":[{\"@type\":\"SearchAction\",\"target\":{\"@type\":\"EntryPoint\",\"urlTemplate\":\"https:\/\/circutor.com\/?s={search_term_string}\"},\"query-input\":\"required name=search_term_string\"}],\"inLanguage\":\"fr-FR\"},{\"@type\":\"WebPage\",\"@id\":\"https:\/\/circutor.com\/fr\/support\/formation\/notebooks\/\",\"url\":\"https:\/\/circutor.com\/fr\/support\/formation\/notebooks\/\",\"name\":\"Notebooks - CIRCUTOR\",\"isPartOf\":{\"@id\":\"https:\/\/circutor.com\/#website\"},\"datePublished\":\"2022-04-01T11:13:44+00:00\",\"dateModified\":\"2022-10-10T09:02:47+00:00\",\"description\":\"Aqu\u00ed puedes encontrar informaci\u00f3n t\u00e9cnica sobre temas del sector.\",\"breadcrumb\":{\"@id\":\"https:\/\/circutor.com\/fr\/support\/formation\/notebooks\/#breadcrumb\"},\"inLanguage\":\"fr-FR\",\"potentialAction\":[{\"@type\":\"ReadAction\",\"target\":[\"https:\/\/circutor.com\/fr\/support\/formation\/notebooks\/\"]}]},{\"@type\":\"BreadcrumbList\",\"@id\":\"https:\/\/circutor.com\/fr\/support\/formation\/notebooks\/#breadcrumb\",\"itemListElement\":[{\"@type\":\"ListItem\",\"position\":1,\"name\":\"Portada\",\"item\":\"https:\/\/circutor.com\/fr\/\"},{\"@type\":\"ListItem\",\"position\":2,\"name\":\"Support\",\"item\":\"https:\/\/circutor.com\/fr\/support\/\"},{\"@type\":\"ListItem\",\"position\":3,\"name\":\"Formation\",\"item\":\"https:\/\/circutor.com\/fr\/support\/formation\/\"},{\"@type\":\"ListItem\",\"position\":4,\"name\":\"Notebooks\"}]}]}<\/script>\n<!-- \/ Yoast SEO plugin. -->","yoast_head_json":{"title":"Notebooks - CIRCUTOR","description":"Aqu\u00ed puedes encontrar informaci\u00f3n t\u00e9cnica sobre temas del sector.","robots":{"index":"index","follow":"follow","max-snippet":"max-snippet:-1","max-image-preview":"max-image-preview:large","max-video-preview":"max-video-preview:-1"},"canonical":"https:\/\/circutor.com\/fr\/support\/formation\/notebooks\/","og_locale":"fr_FR","og_type":"article","og_title":"Notebooks - CIRCUTOR","og_description":"Aqu\u00ed puedes encontrar informaci\u00f3n t\u00e9cnica sobre temas del sector.","og_url":"https:\/\/circutor.com\/fr\/support\/formation\/notebooks\/","og_site_name":"CIRCUTOR","article_publisher":"https:\/\/www.facebook.com\/CIRCUTOR.ES","article_modified_time":"2022-10-10T09:02:47+00:00","og_image":[{"width":1299,"height":354,"url":"https:\/\/circutor.com\/wp-content\/uploads\/2022\/07\/Circutor_Logo_Color.png","type":"image\/png"}],"twitter_card":"summary_large_image","twitter_site":"@circutor","twitter_misc":{"Dur\u00e9e de lecture estim\u00e9e":"1 minute"},"schema":{"@context":"https:\/\/schema.org","@graph":[{"@type":"Organization","@id":"https:\/\/circutor.com\/#organization","name":"Circutor","url":"https:\/\/circutor.com\/","sameAs":["https:\/\/www.instagram.com\/circutor_es","https:\/\/www.linkedin.com\/company\/circutor","https:\/\/www.youtube.com\/user\/CIRCUTORoficial","https:\/\/www.facebook.com\/CIRCUTOR.ES","https:\/\/twitter.com\/circutor"],"logo":{"@type":"ImageObject","inLanguage":"fr-FR","@id":"https:\/\/circutor.com\/#\/schema\/logo\/image\/","url":"https:\/\/circutor.com\/wp-content\/uploads\/2020\/09\/CIR_LOGO_RED.png","contentUrl":"https:\/\/circutor.com\/wp-content\/uploads\/2020\/09\/CIR_LOGO_RED.png","width":512,"height":128,"caption":"Circutor"},"image":{"@id":"https:\/\/circutor.com\/#\/schema\/logo\/image\/"}},{"@type":"WebSite","@id":"https:\/\/circutor.com\/#website","url":"https:\/\/circutor.com\/","name":"CIRCUTOR","description":"Soluciones para la eficiencia energ\u00e9tica el\u00e9ctrica","publisher":{"@id":"https:\/\/circutor.com\/#organization"},"potentialAction":[{"@type":"SearchAction","target":{"@type":"EntryPoint","urlTemplate":"https:\/\/circutor.com\/?s={search_term_string}"},"query-input":"required name=search_term_string"}],"inLanguage":"fr-FR"},{"@type":"WebPage","@id":"https:\/\/circutor.com\/fr\/support\/formation\/notebooks\/","url":"https:\/\/circutor.com\/fr\/support\/formation\/notebooks\/","name":"Notebooks - CIRCUTOR","isPartOf":{"@id":"https:\/\/circutor.com\/#website"},"datePublished":"2022-04-01T11:13:44+00:00","dateModified":"2022-10-10T09:02:47+00:00","description":"Aqu\u00ed puedes encontrar informaci\u00f3n t\u00e9cnica sobre temas del sector.","breadcrumb":{"@id":"https:\/\/circutor.com\/fr\/support\/formation\/notebooks\/#breadcrumb"},"inLanguage":"fr-FR","potentialAction":[{"@type":"ReadAction","target":["https:\/\/circutor.com\/fr\/support\/formation\/notebooks\/"]}]},{"@type":"BreadcrumbList","@id":"https:\/\/circutor.com\/fr\/support\/formation\/notebooks\/#breadcrumb","itemListElement":[{"@type":"ListItem","position":1,"name":"Portada","item":"https:\/\/circutor.com\/fr\/"},{"@type":"ListItem","position":2,"name":"Support","item":"https:\/\/circutor.com\/fr\/support\/"},{"@type":"ListItem","position":3,"name":"Formation","item":"https:\/\/circutor.com\/fr\/support\/formation\/"},{"@type":"ListItem","position":4,"name":"Notebooks"}]}]}},"_links":{"self":[{"href":"https:\/\/circutor.com\/fr\/wp-json\/wp\/v2\/pages\/16506"}],"collection":[{"href":"https:\/\/circutor.com\/fr\/wp-json\/wp\/v2\/pages"}],"about":[{"href":"https:\/\/circutor.com\/fr\/wp-json\/wp\/v2\/types\/page"}],"author":[{"embeddable":true,"href":"https:\/\/circutor.com\/fr\/wp-json\/wp\/v2\/users\/7"}],"replies":[{"embeddable":true,"href":"https:\/\/circutor.com\/fr\/wp-json\/wp\/v2\/comments?post=16506"}],"version-history":[{"count":0,"href":"https:\/\/circutor.com\/fr\/wp-json\/wp\/v2\/pages\/16506\/revisions"}],"up":[{"embeddable":true,"href":"https:\/\/circutor.com\/fr\/wp-json\/wp\/v2\/pages\/10059"}],"wp:attachment":[{"href":"https:\/\/circutor.com\/fr\/wp-json\/wp\/v2\/media?parent=16506"}],"curies":[{"name":"wp","href":"https:\/\/api.w.org\/{rel}","templated":true}]}}