{"id":12759,"date":"2022-01-04T13:55:11","date_gmt":"2022-01-04T13:55:11","guid":{"rendered":"http:\/\/circutor-wp.atic.blue\/?page_id=12759"},"modified":"2022-06-22T10:24:49","modified_gmt":"2022-06-22T08:24:49","slug":"utilisation-des-reseaux-sociaux","status":"publish","type":"page","link":"https:\/\/circutor.com\/fr\/utilisation-des-reseaux-sociaux\/","title":{"rendered":"Utilisation des r\u00e9seaux sociaux"},"content":{"rendered":"<p>[vc_row][vc_column][vc_column_text]<\/p>\n<h3 class=\"title\">Utilisation des r\u00e9seaux sociaux<\/h3>\n<p>Tous les profils officiels de CIRCUTOR, SAU apparaissant sur les r\u00e9seaux sociaux informent les internautes de leurs conditions et modalit\u00e9s d&rsquo;utilisation. Ces conditions sont d\u00e9taill\u00e9es dans le document suivant :<\/p>\n<p>CIRCUTOR a cr\u00e9\u00e9 cette page dans les r\u00e9seaux sociaux pour vous \u00e9couter, vous informer et mieux vous faire conna\u00eetre notre entreprise. Son but principal est de promouvoir un dialogue transparent et constructif se fondant, en toute circonstance, sur le respect entre utilisateurs.<\/p>\n<p>Pour que ce canal soit utile \u00e0 tous, il vous est n\u00e9cessaire de respecter quelques r\u00e8gles \u00e9l\u00e9mentaires. Veuillez lire avec attention les r\u00e8gles d&rsquo;utilisation suivantes avant de commencer \u00e0 participer :<\/p>\n<ol>\n<li>N&rsquo;oubliez pas qu&rsquo;il s&rsquo;agit d&rsquo;un forum public. En ins\u00e9rant une donn\u00e9e, un commentaire ou une information dans cette page vous devez \u00eatre conscient que cette donn\u00e9e, ce commentaire ou cette information seront vus par tous les autres utilisateurs du r\u00e9seau et par CIRCUTOR ;<\/li>\n<li>Nous vous prions de vous exprimer \u00e0 la premi\u00e8re personne et de faire des commentaires d&rsquo;une certaine richesse en les accompagnant d&rsquo;informations et de points de vue contrast\u00e9s. N&rsquo;oubliez pas que vous \u00eates responsable de ce que vous avancez ainsi que des r\u00e9percussions que cela pourrait avoir sur votre image et votre r\u00e9putation. Si vous n&rsquo;\u00eates pas s\u00fbr de votre information, abstenez-vous de la communiquer ;<\/li>\n<li>Cet espace constitue un forum d&rsquo;\u00e9change d&rsquo;opinions et de d\u00e9bats constructifs, mais il n&rsquo;a pas \u00e9t\u00e9 con\u00e7u pour engendrer de la pol\u00e9mique ou porter atteinte \u00e0 autrui (utilisateur ou non) ou encore pour d\u00e9poser des plaintes ou des r\u00e9clamations, lesquelles doivent \u00eatre achemin\u00e9es \u00e0 travers d&rsquo;autres circuits sp\u00e9cifiques cr\u00e9\u00e9s \u00e0 ces fins par CIRCUTOR ;<\/li>\n<li>Traitez les autres utilisateurs avec respect ; utilisez un langage appropri\u00e9 et poli et agissez comme si vous \u00e9tiez en pr\u00e9sence de l&rsquo;autre personne ;<\/li>\n<li>Ne publiez pas de mat\u00e9riel publicitaire ; n&rsquo;utilisez pas non plus ce profil \u00e0 des fins lucratives ou commerciales, ou pour comparer ou \u00e9valuer des produits ou des services d&rsquo;autres entreprises. Ce forum ne sert pas non plus \u00e0 vous promouvoir ou \u00e0 chercher un emploi. CIRCUTOR dispose d&rsquo;un circuit sp\u00e9cifique \u00e0 cet \u00e9gard ;<\/li>\n<li>Votre contribution doit consister en des donn\u00e9es v\u00e9ridiques, concr\u00e8tes et en un argumentaire solide. Il est permis de faire des citations ou de reproduire de courts extraits d&rsquo;ouvrages, textes, livres de tierces personnes, pourvu que l&rsquo;on indique la source et le nom de l&rsquo;auteur de ceux-ci. Si votre contribution est le fruit de votre travail personnel (texte, photographie, graphiques, vid\u00e9os ou audios), nous vous informons que vous autorisez CIRCUTOR \u00e0 le reproduire sur tout moyen mat\u00e9riel ou virtuel sur lequel nous indiquerons votre nom en tant qu&rsquo;auteur ; ceci sans pr\u00e9judice du fait que d&rsquo;autres utilisateurs puissent \u00e9galement conserver ou reproduire votre travail ;<\/li>\n<li>Le symbole \u00ab C \u00bb, \u00ab CIRCUTOR \u00bb et \/ou tout autre logotype utilis\u00e9 par notre organisation dans ce profil sont des marques enregistr\u00e9es. Les contenus affich\u00e9s sur ce profil sont aussi la propri\u00e9t\u00e9 de CIRCUTOR, par cons\u00e9quent CIRCUTOR se r\u00e9serve tous les droits de la propri\u00e9t\u00e9 intellectuelle et industrielle associ\u00e9s \u00e0 ceux-ci. Vous devez vous engager \u00e0 les respecter et ne pas les utiliser sans en avoir re\u00e7u l&rsquo;autorisation par quelque moyen que ce soit ;<\/li>\n<li>Vous n&rsquo;\u00eates en droit de t\u00e9l\u00e9charger des contenus ou de copier ou imprimer une contribution qu&rsquo;\u00e0 des fins d&rsquo;utilisation personnelle et priv\u00e9e ;<\/li>\n<li>Nous vous informons que CIRCUTOR ne vous demandera jamais de fournir des informations personnelles \u00e0 travers ce profil dans le cadre du pr\u00e9sent r\u00e9seau social ;<\/li>\n<li>L&rsquo;information contenue dans ce profil ne doit pas \u00eatre consid\u00e9r\u00e9e comme une forme de conseil ou comme une recommandation d&rsquo;achat, de vente ou tout autre mode de n\u00e9gociation sur les produits ou les solutions de CIRCUTOR ;<\/li>\n<li>Nous devons veiller au bon usage de ce profil et, pour ce faire, en tant qu&rsquo;administrateur, CIRCUTOR se r\u00e9serve le droit d&rsquo;\u00e9liminer &#8211; sans accorder de droit de r\u00e9ponse &#8211; toute contribution :<\/li>\n<\/ol>\n<ul>\n<li style=\"list-style-type: none;\">\n<ul>\n<li>Consid\u00e9r\u00e9e ill\u00e9gale, grossi\u00e8re, mena\u00e7ante, injustifi\u00e9e, calomnieuse, inappropri\u00e9e, \u00e9thiquement ou socialement discriminatoire, professionnellement r\u00e9pr\u00e9hensible ou pouvant, d&rsquo;une fa\u00e7on ou d&rsquo;une autre, occasionner des dommages mat\u00e9riels ou moraux \u00e0 CIRCUTOR, \u00e0 ses employ\u00e9s, collaborateurs ou \u00e0 des tiers,<\/li>\n<li>Contenant des donn\u00e9es relatives \u00e0 des tiers sans en avoir re\u00e7u l&rsquo;autorisation,<\/li>\n<li>Contenant tout type de recommandation relative \u00e0 du mat\u00e9riel publicitaire ou de promotion, personnelle ou au profit de tiers, tant si ce sont des personnes physiques que morales,<\/li>\n<li>Redondante,<\/li>\n<li>Sans rapport avec les objectifs de la page.<\/li>\n<\/ul>\n<\/li>\n<\/ul>\n<p><strong>Responsabilit\u00e9 et garantie de CIRCUTOR<\/strong><\/p>\n<p>CIRCUTOR d\u00e9cline toute responsabilit\u00e9 quant aux opinions d\u00e9pos\u00e9es dans son profil et ne garantit pas la v\u00e9racit\u00e9, l&rsquo;exactitude ou la mise \u00e0 jour des informations qu&rsquo;il contient.<\/p>\n<p>En aucun cas, les administrateurs, employ\u00e9s et personnel autoris\u00e9 de CIRCUTOR ne sauront \u00eatre tenus pour responsables des dommages, pertes, r\u00e9clamations ou de tout frais, d\u00e9coulant ou non de l&rsquo;utilisation du pr\u00e9sent r\u00e9seau social, de l&rsquo;information acquise ou ayant acc\u00e9d\u00e9 audit r\u00e9seau, de virus informatiques, de d\u00e9faillances op\u00e9rationnelles ou d&rsquo;interruptions du service ou encore de transmission ou d\u00e9faillance de la ligne ; l&rsquo;utilisation de ce r\u00e9seau social, par connexion directe, par l&rsquo;interm\u00e9diaire d&rsquo;un lien ou par tout autre moyen constitue un avertissement \u00e0 tout utilisateur du fait que l&rsquo;une de ces \u00e9ventualit\u00e9s est susceptible de survenir.<\/p>\n<p>CIRCUTOR d\u00e9cline toute responsabilit\u00e9 quant aux sites web qui ne lui appartiennent pas et auxquels il est possible d&rsquo;acc\u00e9der par des liens (links) \u00e0 partir de son profit ou encore de tout contenu mis \u00e0 sa disposition par des tiers.<\/p>\n<p>CIRCUTOR se r\u00e9serve le droit de modifier, suspendre, annuler ou restreindre le contenu du pr\u00e9sent profil, les liens ou l&rsquo;information obtenue \u00e0 travers celui-ci, sans avertissement.<\/p>\n<p>Si vous avez des questions sur la navigation, le contenu et l&rsquo;acc\u00e8s, veuillez contacter l&rsquo;administrateur du profil.<\/p>\n<p>&nbsp;<\/p>\n<p><strong>CIRCUTOR, SAU<\/strong>[\/vc_column_text][\/vc_column][\/vc_row]<\/p>\n","protected":false},"excerpt":{"rendered":"<p>[vc_row][vc_column][vc_column_text] Utilisation des r\u00e9seaux sociaux Tous les profils officiels de CIRCUTOR, SAU apparaissant sur les r\u00e9seaux sociaux informent les internautes de leurs conditions et modalit\u00e9s d&rsquo;utilisation. Ces conditions sont d\u00e9taill\u00e9es dans le document suivant : CIRCUTOR a cr\u00e9\u00e9 cette page dans les r\u00e9seaux sociaux pour vous \u00e9couter, vous informer et mieux vous faire conna\u00eetre notre [&hellip;]<\/p>\n","protected":false},"author":7,"featured_media":0,"parent":0,"menu_order":0,"comment_status":"closed","ping_status":"closed","template":"","meta":[],"acf":[],"yoast_head":"<!-- This site is optimized with the Yoast SEO plugin v19.4 - https:\/\/yoast.com\/wordpress\/plugins\/seo\/ -->\n<title>Utilisation des r\u00e9seaux sociaux - CIRCUTOR<\/title>\n<meta name=\"description\" content=\"CIRCUTOR a cr\u00e9\u00e9 cette page dans les r\u00e9seaux sociaux pour vous \u00e9couter, vous informer et mieux vous faire conna\u00eetre notre entreprise. Son but principal est de promouvoir un dialogue transparent et constructif se fondant, en toute circonstance, sur le respect entre utilisateurs.\" \/>\n<meta name=\"robots\" content=\"index, follow, max-snippet:-1, max-image-preview:large, max-video-preview:-1\" \/>\n<link rel=\"canonical\" href=\"https:\/\/circutor.com\/fr\/utilisation-des-reseaux-sociaux\/\" \/>\n<meta property=\"og:locale\" content=\"fr_FR\" \/>\n<meta property=\"og:type\" content=\"article\" \/>\n<meta property=\"og:title\" content=\"Utilisation des r\u00e9seaux sociaux - CIRCUTOR\" \/>\n<meta property=\"og:description\" content=\"CIRCUTOR a cr\u00e9\u00e9 cette page dans les r\u00e9seaux sociaux pour vous \u00e9couter, vous informer et mieux vous faire conna\u00eetre notre entreprise. Son but principal est de promouvoir un dialogue transparent et constructif se fondant, en toute circonstance, sur le respect entre utilisateurs.\" \/>\n<meta property=\"og:url\" content=\"https:\/\/circutor.com\/fr\/utilisation-des-reseaux-sociaux\/\" \/>\n<meta property=\"og:site_name\" content=\"CIRCUTOR\" \/>\n<meta property=\"article:publisher\" content=\"https:\/\/www.facebook.com\/CIRCUTOR.ES\" \/>\n<meta property=\"article:modified_time\" content=\"2022-06-22T08:24:49+00:00\" \/>\n<meta property=\"og:image\" content=\"https:\/\/circutor.com\/wp-content\/uploads\/2022\/07\/Circutor_Logo_Color.png\" \/>\n\t<meta property=\"og:image:width\" content=\"1299\" \/>\n\t<meta property=\"og:image:height\" content=\"354\" \/>\n\t<meta property=\"og:image:type\" content=\"image\/png\" \/>\n<meta name=\"twitter:card\" content=\"summary_large_image\" \/>\n<meta name=\"twitter:site\" content=\"@circutor\" \/>\n<meta name=\"twitter:label1\" content=\"Dur\u00e9e de lecture estim\u00e9e\" \/>\n\t<meta name=\"twitter:data1\" content=\"5 minutes\" \/>\n<script type=\"application\/ld+json\" class=\"yoast-schema-graph\">{\"@context\":\"https:\/\/schema.org\",\"@graph\":[{\"@type\":\"Organization\",\"@id\":\"https:\/\/circutor.com\/#organization\",\"name\":\"Circutor\",\"url\":\"https:\/\/circutor.com\/\",\"sameAs\":[\"https:\/\/www.instagram.com\/circutor_es\",\"https:\/\/www.linkedin.com\/company\/circutor\",\"https:\/\/www.youtube.com\/user\/CIRCUTORoficial\",\"https:\/\/www.facebook.com\/CIRCUTOR.ES\",\"https:\/\/twitter.com\/circutor\"],\"logo\":{\"@type\":\"ImageObject\",\"inLanguage\":\"fr-FR\",\"@id\":\"https:\/\/circutor.com\/#\/schema\/logo\/image\/\",\"url\":\"https:\/\/circutor.com\/wp-content\/uploads\/2020\/09\/CIR_LOGO_RED.png\",\"contentUrl\":\"https:\/\/circutor.com\/wp-content\/uploads\/2020\/09\/CIR_LOGO_RED.png\",\"width\":512,\"height\":128,\"caption\":\"Circutor\"},\"image\":{\"@id\":\"https:\/\/circutor.com\/#\/schema\/logo\/image\/\"}},{\"@type\":\"WebSite\",\"@id\":\"https:\/\/circutor.com\/#website\",\"url\":\"https:\/\/circutor.com\/\",\"name\":\"CIRCUTOR\",\"description\":\"Soluciones para la eficiencia energ\u00e9tica el\u00e9ctrica\",\"publisher\":{\"@id\":\"https:\/\/circutor.com\/#organization\"},\"potentialAction\":[{\"@type\":\"SearchAction\",\"target\":{\"@type\":\"EntryPoint\",\"urlTemplate\":\"https:\/\/circutor.com\/?s={search_term_string}\"},\"query-input\":\"required name=search_term_string\"}],\"inLanguage\":\"fr-FR\"},{\"@type\":\"WebPage\",\"@id\":\"https:\/\/circutor.com\/fr\/utilisation-des-reseaux-sociaux\/\",\"url\":\"https:\/\/circutor.com\/fr\/utilisation-des-reseaux-sociaux\/\",\"name\":\"Utilisation des r\u00e9seaux sociaux - CIRCUTOR\",\"isPartOf\":{\"@id\":\"https:\/\/circutor.com\/#website\"},\"datePublished\":\"2022-01-04T13:55:11+00:00\",\"dateModified\":\"2022-06-22T08:24:49+00:00\",\"description\":\"CIRCUTOR a cr\u00e9\u00e9 cette page dans les r\u00e9seaux sociaux pour vous \u00e9couter, vous informer et mieux vous faire conna\u00eetre notre entreprise. Son but principal est de promouvoir un dialogue transparent et constructif se fondant, en toute circonstance, sur le respect entre utilisateurs.\",\"breadcrumb\":{\"@id\":\"https:\/\/circutor.com\/fr\/utilisation-des-reseaux-sociaux\/#breadcrumb\"},\"inLanguage\":\"fr-FR\",\"potentialAction\":[{\"@type\":\"ReadAction\",\"target\":[\"https:\/\/circutor.com\/fr\/utilisation-des-reseaux-sociaux\/\"]}]},{\"@type\":\"BreadcrumbList\",\"@id\":\"https:\/\/circutor.com\/fr\/utilisation-des-reseaux-sociaux\/#breadcrumb\",\"itemListElement\":[{\"@type\":\"ListItem\",\"position\":1,\"name\":\"Portada\",\"item\":\"https:\/\/circutor.com\/fr\/\"},{\"@type\":\"ListItem\",\"position\":2,\"name\":\"Utilisation des r\u00e9seaux sociaux\"}]}]}<\/script>\n<!-- \/ Yoast SEO plugin. -->","yoast_head_json":{"title":"Utilisation des r\u00e9seaux sociaux - CIRCUTOR","description":"CIRCUTOR a cr\u00e9\u00e9 cette page dans les r\u00e9seaux sociaux pour vous \u00e9couter, vous informer et mieux vous faire conna\u00eetre notre entreprise. Son but principal est de promouvoir un dialogue transparent et constructif se fondant, en toute circonstance, sur le respect entre utilisateurs.","robots":{"index":"index","follow":"follow","max-snippet":"max-snippet:-1","max-image-preview":"max-image-preview:large","max-video-preview":"max-video-preview:-1"},"canonical":"https:\/\/circutor.com\/fr\/utilisation-des-reseaux-sociaux\/","og_locale":"fr_FR","og_type":"article","og_title":"Utilisation des r\u00e9seaux sociaux - CIRCUTOR","og_description":"CIRCUTOR a cr\u00e9\u00e9 cette page dans les r\u00e9seaux sociaux pour vous \u00e9couter, vous informer et mieux vous faire conna\u00eetre notre entreprise. Son but principal est de promouvoir un dialogue transparent et constructif se fondant, en toute circonstance, sur le respect entre utilisateurs.","og_url":"https:\/\/circutor.com\/fr\/utilisation-des-reseaux-sociaux\/","og_site_name":"CIRCUTOR","article_publisher":"https:\/\/www.facebook.com\/CIRCUTOR.ES","article_modified_time":"2022-06-22T08:24:49+00:00","og_image":[{"width":1299,"height":354,"url":"https:\/\/circutor.com\/wp-content\/uploads\/2022\/07\/Circutor_Logo_Color.png","type":"image\/png"}],"twitter_card":"summary_large_image","twitter_site":"@circutor","twitter_misc":{"Dur\u00e9e de lecture estim\u00e9e":"5 minutes"},"schema":{"@context":"https:\/\/schema.org","@graph":[{"@type":"Organization","@id":"https:\/\/circutor.com\/#organization","name":"Circutor","url":"https:\/\/circutor.com\/","sameAs":["https:\/\/www.instagram.com\/circutor_es","https:\/\/www.linkedin.com\/company\/circutor","https:\/\/www.youtube.com\/user\/CIRCUTORoficial","https:\/\/www.facebook.com\/CIRCUTOR.ES","https:\/\/twitter.com\/circutor"],"logo":{"@type":"ImageObject","inLanguage":"fr-FR","@id":"https:\/\/circutor.com\/#\/schema\/logo\/image\/","url":"https:\/\/circutor.com\/wp-content\/uploads\/2020\/09\/CIR_LOGO_RED.png","contentUrl":"https:\/\/circutor.com\/wp-content\/uploads\/2020\/09\/CIR_LOGO_RED.png","width":512,"height":128,"caption":"Circutor"},"image":{"@id":"https:\/\/circutor.com\/#\/schema\/logo\/image\/"}},{"@type":"WebSite","@id":"https:\/\/circutor.com\/#website","url":"https:\/\/circutor.com\/","name":"CIRCUTOR","description":"Soluciones para la eficiencia energ\u00e9tica el\u00e9ctrica","publisher":{"@id":"https:\/\/circutor.com\/#organization"},"potentialAction":[{"@type":"SearchAction","target":{"@type":"EntryPoint","urlTemplate":"https:\/\/circutor.com\/?s={search_term_string}"},"query-input":"required name=search_term_string"}],"inLanguage":"fr-FR"},{"@type":"WebPage","@id":"https:\/\/circutor.com\/fr\/utilisation-des-reseaux-sociaux\/","url":"https:\/\/circutor.com\/fr\/utilisation-des-reseaux-sociaux\/","name":"Utilisation des r\u00e9seaux sociaux - CIRCUTOR","isPartOf":{"@id":"https:\/\/circutor.com\/#website"},"datePublished":"2022-01-04T13:55:11+00:00","dateModified":"2022-06-22T08:24:49+00:00","description":"CIRCUTOR a cr\u00e9\u00e9 cette page dans les r\u00e9seaux sociaux pour vous \u00e9couter, vous informer et mieux vous faire conna\u00eetre notre entreprise. Son but principal est de promouvoir un dialogue transparent et constructif se fondant, en toute circonstance, sur le respect entre utilisateurs.","breadcrumb":{"@id":"https:\/\/circutor.com\/fr\/utilisation-des-reseaux-sociaux\/#breadcrumb"},"inLanguage":"fr-FR","potentialAction":[{"@type":"ReadAction","target":["https:\/\/circutor.com\/fr\/utilisation-des-reseaux-sociaux\/"]}]},{"@type":"BreadcrumbList","@id":"https:\/\/circutor.com\/fr\/utilisation-des-reseaux-sociaux\/#breadcrumb","itemListElement":[{"@type":"ListItem","position":1,"name":"Portada","item":"https:\/\/circutor.com\/fr\/"},{"@type":"ListItem","position":2,"name":"Utilisation des r\u00e9seaux sociaux"}]}]}},"_links":{"self":[{"href":"https:\/\/circutor.com\/fr\/wp-json\/wp\/v2\/pages\/12759"}],"collection":[{"href":"https:\/\/circutor.com\/fr\/wp-json\/wp\/v2\/pages"}],"about":[{"href":"https:\/\/circutor.com\/fr\/wp-json\/wp\/v2\/types\/page"}],"author":[{"embeddable":true,"href":"https:\/\/circutor.com\/fr\/wp-json\/wp\/v2\/users\/7"}],"replies":[{"embeddable":true,"href":"https:\/\/circutor.com\/fr\/wp-json\/wp\/v2\/comments?post=12759"}],"version-history":[{"count":0,"href":"https:\/\/circutor.com\/fr\/wp-json\/wp\/v2\/pages\/12759\/revisions"}],"wp:attachment":[{"href":"https:\/\/circutor.com\/fr\/wp-json\/wp\/v2\/media?parent=12759"}],"curies":[{"name":"wp","href":"https:\/\/api.w.org\/{rel}","templated":true}]}}