{"id":12642,"date":"2021-12-22T07:56:54","date_gmt":"2021-12-22T07:56:54","guid":{"rendered":"http:\/\/circutor-wp.atic.blue\/?page_id=12642"},"modified":"2024-08-02T10:36:32","modified_gmt":"2024-08-02T08:36:32","slug":"footer","status":"publish","type":"page","link":"https:\/\/circutor.com\/fr\/footer\/","title":{"rendered":"Footer"},"content":{"rendered":"<p>[vc_row el_class=\u00a0\u00bbfooter_top\u00a0\u00bb][vc_column width=\u00a0\u00bb1\/4&Prime;][vc_column_text el_class=\u00a0\u00bbbloque_contacto\u00a0\u00bb]<\/p>\n<h6 class=\"wrap-title\">CONTACT<\/h6>\n<p>CIRCUTOR SGE sasu<br \/>\nParis (France)<br \/>\n2-4 Av de l\u2019Europe, Carr\u00e9 V\u00e9lizy<br \/>\n78140 V\u00e9lizy-Villacoublay<br \/>\n<a href=\"tel:0033139467773\">+33 (0)1 39 46 77 73<\/a><br \/>\n<a href=\"\/fr\/contact\/\">Contacter <i class=\"ico-arrow-right\"><\/i><\/a>[\/vc_column_text][vc_column_text el_class=\u00a0\u00bbbloque_contacto sat\u00a0\u00bb]<\/p>\n<h6 class=\"wrap-title\">SAT<\/h6>\n<p>Service Apr\u00e8s-vente et Assistance technique<br \/>\n<a href=\"tel:0034937452919\">+34 93 745 29 19<\/a><br \/>\n<a href=\"\/fr\/contact\/service-apres-vente-et-assistance-technique\/\">Envoyer la demande <i class=\"ico-arrow-right\"><\/i><\/a>[\/vc_column_text][\/vc_column][vc_column width=\u00a0\u00bb1\/4&Prime;][vc_column_text el_class=\u00a0\u00bbbloque_contacto\u00a0\u00bb]<\/p>\n<h6 class=\"wrap-title\">PLAN DU SITE<\/h6>\n<ul>\n<li><a href=\"\/fr\/secteurs\/\">Secteurs <i class=\"ico-guil-singl-right\"><\/i><\/a><\/li>\n<li><a href=\"\/fr\/produits\/\">Produits <i class=\"ico-guil-singl-right\"><\/i><\/a><\/li>\n<li><a href=\"\/fr\/soporte\/\">Soporte <i class=\"ico-guil-singl-right\"><\/i><\/a><\/li>\n<li><a href=\"\/fr\/entreprise\/\">Entreprise <i class=\"ico-guil-singl-right\"><\/i><\/a><\/li>\n<li><a href=\"\/fr\/contact\/\">Contact <i class=\"ico-guil-singl-right\"><\/i><\/a><\/li>\n<\/ul>\n<p>[\/vc_column_text][\/vc_column][vc_column width=\u00a0\u00bb1\/4&Prime;][vc_column_text el_class=\u00a0\u00bbbloque_contacto\u00a0\u00bb]<\/p>\n<h6 class=\"wrap-title\">PRODUITS<\/h6>\n<ul>\n<li><a href=\"\/fr\/produits\/mesure-et-controle\/\">Mesure et contr\u00f4le <i class=\"ico-guil-singl-right\"><\/i><\/a><\/li>\n<li><a href=\"\/fr\/produits\/metering\/\">Metering <i class=\"ico-guil-singl-right\"><\/i><\/a><\/li>\n<li><a href=\"\/fr\/produits\/protection-et-controle\/\">Protection et contr\u00f4le <i class=\"ico-guil-singl-right\"><\/i><\/a><\/li>\n<li><a href=\"\/fr\/produits\/compensation-d-energie-reactive-et-filtrage-d-harmoniques\/\">Compensation d&rsquo;\u00e9nergie r\u00e9active et filtrage d&rsquo;harmoniques <i class=\"ico-guil-singl-right\"><\/i><\/a><\/li>\n<li><a href=\"\/fr\/produits\/energies-renouvelables\/\">\u00c9nergies renouvelables <i class=\"ico-guil-singl-right\"><\/i><\/a><\/li>\n<li><a href=\"\/fr\/produits\/logiciels\/\">Logiciels <i class=\"ico-guil-singl-right\"><\/i><\/a><\/li>\n<li><a href=\"\/fr\/produits\/iot-industriel-et-automatisation\/\">IoT industriel et automatisation <i class=\"ico-guil-singl-right\"><\/i><\/a><\/li>\n<\/ul>\n<p>[\/vc_column_text][\/vc_column][vc_column width=\u00a0\u00bb1\/4&Prime;][vc_column_text el_class=\u00a0\u00bbbloque_contacto rrss\u00a0\u00bb]<\/p>\n<h6 class=\"wrap-title\">CONNECTER<\/h6>\n<p><a href=\"https:\/\/twitter.com\/circutor\" target=\"_blank\" rel=\"noopener\"><img src=\"\/wp-content\/uploads\/2024\/01\/Icons_RRSS_Web_X_Color-2.svg\" \/><\/a><a href=\"https:\/\/www.youtube.com\/channel\/UC1iE3jxLVav7bTXgMo0FR0A\" target=\"_blank\" rel=\"noopener\"><img src=\"\/wp-content\/uploads\/2020\/09\/Icons_RRSS_Web_YouTube_Color.svg\" \/><\/a>[\/vc_column_text][vc_column_text el_class=\u00a0\u00bbbloque_contacto\u00a0\u00bb]<\/p>\n<h6 class=\"wrap-title\">INFORMATION<\/h6>\n<ul>\n<li><a href=\"\/fr\/politique-de-confidentialite\/\">Politique de confidentialit\u00e9 <i class=\"ico-guil-singl-right\"><\/i><\/a><\/li>\n<li><a href=\"\/fr\/politique-de-cookies\/\">Politique de cookies <i class=\"ico-guil-singl-right\"><\/i><\/a><\/li>\n<li><a href=\"\/fr\/utilisation-des-reseaux-sociaux\/\">Utilisation des r\u00e9seaux sociaux <i class=\"ico-guil-singl-right\"><\/i><\/a><\/li>\n<li><a href=\"\/fr\/conditions-generales-de-vente\/\">Conditions g\u00e9n\u00e9rales de vente <i class=\"ico-guil-singl-right\"><\/i><\/a><\/li>\n<li><a href=\"\/fr\/mentions-legales\/\">Mentions l\u00e9gales <i class=\"ico-guil-singl-right\"><\/i><\/a><\/li>\n<li><a href=\"\/fr\/code-ethique\/\">Code \u00e9thique <i class=\"ico-guil-singl-right\"><\/i><\/a><\/li>\n<\/ul>\n<p>[\/vc_column_text][\/vc_column][\/vc_row][vc_row el_class=\u00a0\u00bbfooter_bottom\u00a0\u00bb][vc_column][vc_single_image image=\u00a0\u00bb106&Prime; img_size=\u00a0\u00bbfull\u00a0\u00bb alignment=\u00a0\u00bbcenter\u00a0\u00bb][vc_column_text]<\/p>\n<p style=\"text-align: center;\">\u00a9 2024 CIRCUTOR.COM | Tous les droits r\u00e9serv\u00e9s.<\/p>\n<p>[\/vc_column_text][\/vc_column][\/vc_row]<\/p>\n","protected":false},"excerpt":{"rendered":"<p>[vc_row el_class=\u00a0\u00bbfooter_top\u00a0\u00bb][vc_column width=\u00a0\u00bb1\/4&Prime;][vc_column_text el_class=\u00a0\u00bbbloque_contacto\u00a0\u00bb] CONTACT CIRCUTOR SGE sasu Paris (France) 2-4 Av de l\u2019Europe, Carr\u00e9 V\u00e9lizy 78140 V\u00e9lizy-Villacoublay +33 (0)1 39 46 77 73 Contacter [\/vc_column_text][vc_column_text el_class=\u00a0\u00bbbloque_contacto sat\u00a0\u00bb] SAT Service Apr\u00e8s-vente et Assistance technique +34 93 745 29 19 Envoyer la demande [\/vc_column_text][\/vc_column][vc_column width=\u00a0\u00bb1\/4&Prime;][vc_column_text el_class=\u00a0\u00bbbloque_contacto\u00a0\u00bb] PLAN DU SITE Secteurs Produits Soporte Entreprise Contact [\/vc_column_text][\/vc_column][vc_column width=\u00a0\u00bb1\/4&Prime;][vc_column_text [&hellip;]<\/p>\n","protected":false},"author":1,"featured_media":0,"parent":0,"menu_order":0,"comment_status":"closed","ping_status":"closed","template":"","meta":[],"acf":[],"yoast_head":"<!-- This site is optimized with the Yoast SEO plugin v19.4 - https:\/\/yoast.com\/wordpress\/plugins\/seo\/ -->\n<title>Footer - CIRCUTOR<\/title>\n<meta name=\"robots\" content=\"noindex, nofollow\" \/>\n<meta property=\"og:locale\" content=\"fr_FR\" \/>\n<meta property=\"og:type\" content=\"article\" \/>\n<meta property=\"og:title\" content=\"Footer - CIRCUTOR\" \/>\n<meta property=\"og:description\" content=\"[vc_row el_class=\u00a0\u00bbfooter_top\u00a0\u00bb][vc_column width=\u00a0\u00bb1\/4&Prime;][vc_column_text el_class=\u00a0\u00bbbloque_contacto\u00a0\u00bb] CONTACT CIRCUTOR SGE sasu Paris (France) 2-4 Av de l\u2019Europe, Carr\u00e9 V\u00e9lizy 78140 V\u00e9lizy-Villacoublay +33 (0)1 39 46 77 73 Contacter [\/vc_column_text][vc_column_text el_class=\u00a0\u00bbbloque_contacto sat\u00a0\u00bb] SAT Service Apr\u00e8s-vente et Assistance technique +34 93 745 29 19 Envoyer la demande [\/vc_column_text][\/vc_column][vc_column width=\u00a0\u00bb1\/4&Prime;][vc_column_text el_class=\u00a0\u00bbbloque_contacto\u00a0\u00bb] PLAN DU SITE Secteurs Produits Soporte Entreprise Contact [\/vc_column_text][\/vc_column][vc_column width=\u00a0\u00bb1\/4&Prime;][vc_column_text [&hellip;]\" \/>\n<meta property=\"og:url\" content=\"https:\/\/circutor.com\/fr\/footer\/\" \/>\n<meta property=\"og:site_name\" content=\"CIRCUTOR\" \/>\n<meta property=\"article:publisher\" content=\"https:\/\/www.facebook.com\/CIRCUTOR.ES\" \/>\n<meta property=\"article:modified_time\" content=\"2024-08-02T08:36:32+00:00\" \/>\n<meta property=\"og:image\" content=\"https:\/\/circutor.com\/wp-content\/uploads\/2022\/07\/Circutor_Logo_Color.png\" \/>\n\t<meta property=\"og:image:width\" content=\"1299\" \/>\n\t<meta property=\"og:image:height\" content=\"354\" \/>\n\t<meta property=\"og:image:type\" content=\"image\/png\" \/>\n<meta name=\"twitter:card\" content=\"summary_large_image\" \/>\n<meta name=\"twitter:site\" content=\"@circutor\" \/>\n<meta name=\"twitter:label1\" content=\"Dur\u00e9e de lecture estim\u00e9e\" \/>\n\t<meta name=\"twitter:data1\" content=\"1 minute\" \/>\n<script type=\"application\/ld+json\" class=\"yoast-schema-graph\">{\"@context\":\"https:\/\/schema.org\",\"@graph\":[{\"@type\":\"Organization\",\"@id\":\"https:\/\/circutor.com\/#organization\",\"name\":\"Circutor\",\"url\":\"https:\/\/circutor.com\/\",\"sameAs\":[\"https:\/\/www.instagram.com\/circutor_es\",\"https:\/\/www.linkedin.com\/company\/circutor\",\"https:\/\/www.youtube.com\/user\/CIRCUTORoficial\",\"https:\/\/www.facebook.com\/CIRCUTOR.ES\",\"https:\/\/twitter.com\/circutor\"],\"logo\":{\"@type\":\"ImageObject\",\"inLanguage\":\"fr-FR\",\"@id\":\"https:\/\/circutor.com\/#\/schema\/logo\/image\/\",\"url\":\"https:\/\/circutor.com\/wp-content\/uploads\/2020\/09\/CIR_LOGO_RED.png\",\"contentUrl\":\"https:\/\/circutor.com\/wp-content\/uploads\/2020\/09\/CIR_LOGO_RED.png\",\"width\":512,\"height\":128,\"caption\":\"Circutor\"},\"image\":{\"@id\":\"https:\/\/circutor.com\/#\/schema\/logo\/image\/\"}},{\"@type\":\"WebSite\",\"@id\":\"https:\/\/circutor.com\/#website\",\"url\":\"https:\/\/circutor.com\/\",\"name\":\"CIRCUTOR\",\"description\":\"Soluciones para la eficiencia energ\u00e9tica el\u00e9ctrica\",\"publisher\":{\"@id\":\"https:\/\/circutor.com\/#organization\"},\"potentialAction\":[{\"@type\":\"SearchAction\",\"target\":{\"@type\":\"EntryPoint\",\"urlTemplate\":\"https:\/\/circutor.com\/?s={search_term_string}\"},\"query-input\":\"required name=search_term_string\"}],\"inLanguage\":\"fr-FR\"},{\"@type\":\"WebPage\",\"@id\":\"https:\/\/circutor.com\/fr\/footer\/\",\"url\":\"https:\/\/circutor.com\/fr\/footer\/\",\"name\":\"Footer - CIRCUTOR\",\"isPartOf\":{\"@id\":\"https:\/\/circutor.com\/#website\"},\"datePublished\":\"2021-12-22T07:56:54+00:00\",\"dateModified\":\"2024-08-02T08:36:32+00:00\",\"breadcrumb\":{\"@id\":\"https:\/\/circutor.com\/fr\/footer\/#breadcrumb\"},\"inLanguage\":\"fr-FR\",\"potentialAction\":[{\"@type\":\"ReadAction\",\"target\":[\"https:\/\/circutor.com\/fr\/footer\/\"]}]},{\"@type\":\"BreadcrumbList\",\"@id\":\"https:\/\/circutor.com\/fr\/footer\/#breadcrumb\",\"itemListElement\":[{\"@type\":\"ListItem\",\"position\":1,\"name\":\"Portada\",\"item\":\"https:\/\/circutor.com\/fr\/\"},{\"@type\":\"ListItem\",\"position\":2,\"name\":\"Footer\"}]}]}<\/script>\n<!-- \/ Yoast SEO plugin. -->","yoast_head_json":{"title":"Footer - CIRCUTOR","robots":{"index":"noindex","follow":"nofollow"},"og_locale":"fr_FR","og_type":"article","og_title":"Footer - CIRCUTOR","og_description":"[vc_row el_class=\u00a0\u00bbfooter_top\u00a0\u00bb][vc_column width=\u00a0\u00bb1\/4&Prime;][vc_column_text el_class=\u00a0\u00bbbloque_contacto\u00a0\u00bb] CONTACT CIRCUTOR SGE sasu Paris (France) 2-4 Av de l\u2019Europe, Carr\u00e9 V\u00e9lizy 78140 V\u00e9lizy-Villacoublay +33 (0)1 39 46 77 73 Contacter [\/vc_column_text][vc_column_text el_class=\u00a0\u00bbbloque_contacto sat\u00a0\u00bb] SAT Service Apr\u00e8s-vente et Assistance technique +34 93 745 29 19 Envoyer la demande [\/vc_column_text][\/vc_column][vc_column width=\u00a0\u00bb1\/4&Prime;][vc_column_text el_class=\u00a0\u00bbbloque_contacto\u00a0\u00bb] PLAN DU SITE Secteurs Produits Soporte Entreprise Contact [\/vc_column_text][\/vc_column][vc_column width=\u00a0\u00bb1\/4&Prime;][vc_column_text [&hellip;]","og_url":"https:\/\/circutor.com\/fr\/footer\/","og_site_name":"CIRCUTOR","article_publisher":"https:\/\/www.facebook.com\/CIRCUTOR.ES","article_modified_time":"2024-08-02T08:36:32+00:00","og_image":[{"width":1299,"height":354,"url":"https:\/\/circutor.com\/wp-content\/uploads\/2022\/07\/Circutor_Logo_Color.png","type":"image\/png"}],"twitter_card":"summary_large_image","twitter_site":"@circutor","twitter_misc":{"Dur\u00e9e de lecture estim\u00e9e":"1 minute"},"schema":{"@context":"https:\/\/schema.org","@graph":[{"@type":"Organization","@id":"https:\/\/circutor.com\/#organization","name":"Circutor","url":"https:\/\/circutor.com\/","sameAs":["https:\/\/www.instagram.com\/circutor_es","https:\/\/www.linkedin.com\/company\/circutor","https:\/\/www.youtube.com\/user\/CIRCUTORoficial","https:\/\/www.facebook.com\/CIRCUTOR.ES","https:\/\/twitter.com\/circutor"],"logo":{"@type":"ImageObject","inLanguage":"fr-FR","@id":"https:\/\/circutor.com\/#\/schema\/logo\/image\/","url":"https:\/\/circutor.com\/wp-content\/uploads\/2020\/09\/CIR_LOGO_RED.png","contentUrl":"https:\/\/circutor.com\/wp-content\/uploads\/2020\/09\/CIR_LOGO_RED.png","width":512,"height":128,"caption":"Circutor"},"image":{"@id":"https:\/\/circutor.com\/#\/schema\/logo\/image\/"}},{"@type":"WebSite","@id":"https:\/\/circutor.com\/#website","url":"https:\/\/circutor.com\/","name":"CIRCUTOR","description":"Soluciones para la eficiencia energ\u00e9tica el\u00e9ctrica","publisher":{"@id":"https:\/\/circutor.com\/#organization"},"potentialAction":[{"@type":"SearchAction","target":{"@type":"EntryPoint","urlTemplate":"https:\/\/circutor.com\/?s={search_term_string}"},"query-input":"required name=search_term_string"}],"inLanguage":"fr-FR"},{"@type":"WebPage","@id":"https:\/\/circutor.com\/fr\/footer\/","url":"https:\/\/circutor.com\/fr\/footer\/","name":"Footer - CIRCUTOR","isPartOf":{"@id":"https:\/\/circutor.com\/#website"},"datePublished":"2021-12-22T07:56:54+00:00","dateModified":"2024-08-02T08:36:32+00:00","breadcrumb":{"@id":"https:\/\/circutor.com\/fr\/footer\/#breadcrumb"},"inLanguage":"fr-FR","potentialAction":[{"@type":"ReadAction","target":["https:\/\/circutor.com\/fr\/footer\/"]}]},{"@type":"BreadcrumbList","@id":"https:\/\/circutor.com\/fr\/footer\/#breadcrumb","itemListElement":[{"@type":"ListItem","position":1,"name":"Portada","item":"https:\/\/circutor.com\/fr\/"},{"@type":"ListItem","position":2,"name":"Footer"}]}]}},"_links":{"self":[{"href":"https:\/\/circutor.com\/fr\/wp-json\/wp\/v2\/pages\/12642"}],"collection":[{"href":"https:\/\/circutor.com\/fr\/wp-json\/wp\/v2\/pages"}],"about":[{"href":"https:\/\/circutor.com\/fr\/wp-json\/wp\/v2\/types\/page"}],"author":[{"embeddable":true,"href":"https:\/\/circutor.com\/fr\/wp-json\/wp\/v2\/users\/1"}],"replies":[{"embeddable":true,"href":"https:\/\/circutor.com\/fr\/wp-json\/wp\/v2\/comments?post=12642"}],"version-history":[{"count":6,"href":"https:\/\/circutor.com\/fr\/wp-json\/wp\/v2\/pages\/12642\/revisions"}],"predecessor-version":[{"id":51114,"href":"https:\/\/circutor.com\/fr\/wp-json\/wp\/v2\/pages\/12642\/revisions\/51114"}],"wp:attachment":[{"href":"https:\/\/circutor.com\/fr\/wp-json\/wp\/v2\/media?parent=12642"}],"curies":[{"name":"wp","href":"https:\/\/api.w.org\/{rel}","templated":true}]}}