{"id":11703,"date":"2021-10-29T10:02:18","date_gmt":"2021-10-29T10:02:18","guid":{"rendered":"http:\/\/circutor-wp.atic.blue\/secteurs\/"},"modified":"2024-01-30T14:59:50","modified_gmt":"2024-01-30T12:59:50","slug":"secteurs","status":"publish","type":"page","link":"https:\/\/circutor.com\/fr\/secteurs\/","title":{"rendered":"Secteurs"},"content":{"rendered":"<p>[vc_row full_width=\u00a0\u00bbstretch_row\u00a0\u00bb el_class=\u00a0\u00bbbanner_pagina_texto\u00a0\u00bb css=\u00a0\u00bb.vc_custom_1642679178904{background-image: url(https:\/\/circutor.com\/wp-content\/uploads\/2021\/01\/FSB_Barcelona-Nit.jpg?id=12424) !important;background-position: center !important;background-repeat: no-repeat !important;background-size: cover !important;}\u00a0\u00bb][vc_column css=\u00a0\u00bb.vc_custom_1605620904006{padding-top: 0px !important;}\u00a0\u00bb][vc_row_inner el_class=\u00a0\u00bbbreadcrumb\u00a0\u00bb][vc_column_inner]<div itemscope itemtype=\"https:\/\/schema.org\/BreadcrumbList\" id=\"breadcrumb\"><div itemprop=\"itemListElement\" itemscope itemtype=\"https:\/\/schema.org\/ListItem\"><a itemprop=\"item\" href=\"https:\/\/circutor.com\/fr\/\"><span itemprop=\"name\">Home<\/span><\/a><meta itemprop=\"position\" content=\"1\" \/><\/div><div itemprop=\"itemListElement\" itemscope itemtype=\"https:\/\/schema.org\/ListItem\"><span><i class=\"ico-guil-singl-right\"><\/i><\/span><span class=\"active_item_breadcrumb\" itemprop=\"name\">Secteurs<\/span><meta itemprop=\"position\" content=\"3\"><\/div><\/div>[\/vc_column_inner][\/vc_row_inner][vc_row_inner][vc_column_inner width=\u00a0\u00bb1\/2&Prime;][vc_column_text]<\/p>\n<h1>Am\u00e9liorer l&rsquo;efficacit\u00e9 \u00e9nerg\u00e9tique dans votre secteur<\/h1>\n<p>Solutions int\u00e9grales pour l&rsquo;efficacit\u00e9 \u00e9nerg\u00e9tique applicables \u00e0 un grand nombre de secteurs : production, industrie, secteur tertiaire et m\u00eame domestique. Nous sommes pr\u00e9sents du d\u00e9but \u00e0 la fin.[\/vc_column_text][\/vc_column_inner][vc_column_inner width=\u00a0\u00bb1\/2&Prime;][\/vc_column_inner][\/vc_row_inner][\/vc_column][\/vc_row][vc_row el_class=\u00a0\u00bbbloque empresa-pasando sectores_page mostrar_sectores_cpt\u00a0\u00bb][vc_column][vc_column_text el_class=\u00a0\u00bbanimacion_left\u00a0\u00bb]<\/p>\n<h6 class=\"wrap-title\">POUR CHACUN DES SECTEURS<\/h6>\n<p>[\/vc_column_text][vc_row_inner el_class=\"cultura_bottom\"][vc_column_inner width=\"1\/3\"]<a href=\"https:\/\/circutor.com\/fr\/secteurs\/industrie\/\"><div class=\"item general animacion_caja\"><div class=\"details\"><i class=\"ico-factory\"><\/i><h4 class=\"titulo_page small\">Industrie<\/h4><p class=\"enlace\">Nous pouvons vous aider \u00e0 am\u00e9liorer vos processus de production et vos indicateurs de performance, \u00e0 assurer la continuit\u00e9 de votre production et \u00e0 \u00e9conomiser sur votre facture \u00e9nerg\u00e9tique gr\u00e2ce \u00e0 des solutions efficaces et durables.  <i class=\"ico-arrow-right\"><\/i><\/p><\/div><\/div><\/a>[\/vc_column_inner][vc_column_inner width=\"1\/3\"]<a href=\"https:\/\/circutor.com\/fr\/secteurs\/tertiaire-batiments-et-infrastructures\/\"><div class=\"item general animacion_caja\"><div class=\"details\"><i class=\"ico-skyline\"><\/i><h4 class=\"titulo_page small\">Tertiaire, b\u00e2timents et infrastructures<\/h4><p class=\"enlace\">Nous disposons de solutions pour vous aider \u00e0 am\u00e9liorer la gestion et l'exploitation de votre installation ; r\u00e9duire vos consommations \u00e9nerg\u00e9tiques ; \u00e9conomiser sur vos factures ; tout en garantissant le confort de vos utilisateurs et clients.  <i class=\"ico-arrow-right\"><\/i><\/p><\/div><\/div><\/a>[\/vc_column_inner][vc_column_inner width=\"1\/3\"]<a href=\"https:\/\/circutor.com\/fr\/secteurs\/telecommunications-et-installations-critiques\/\"><div class=\"item general animacion_caja\"><div class=\"details\"><i class=\"ico-mobile-coms\"><\/i><h4 class=\"titulo_page small\">T\u00e9l\u00e9communications et installations critiques<\/h4><p class=\"enlace\">Nous savons qu'une coupure de service peut supposer pour vous une perte \u00e9conomique consid\u00e9rable. Nous voulons vous pr\u00e9senter nos solutions pour assurer la continuit\u00e9 du service et optimiser votre installation.  <i class=\"ico-arrow-right\"><\/i><\/p><\/div><\/div><\/a>[\/vc_column_inner][\/vc_row_inner][vc_row_inner el_class=\"cultura_bottom\"][vc_column_inner width=\"1\/3\"]<a href=\"https:\/\/circutor.com\/fr\/secteurs\/compagnies-d-electricite\/\"><div class=\"item general animacion_caja\"><div class=\"details\"><i class=\"ico-gridtower\"><\/i><h4 class=\"titulo_page small\">Compagnies d&rsquo;\u00e9lectricit\u00e9<\/h4><p class=\"enlace\">Nous vous accompagnons dans le processus de mise en place de vos syst\u00e8mes de gestion, de distribution et de facturation d'\u00e9nergie, en apportant des solutions avec des technologies de pointe et en offrant de nouvelles opportunit\u00e9s commerciales.  <i class=\"ico-arrow-right\"><\/i><\/p><\/div><\/div><\/a>[\/vc_column_inner][vc_column_inner width=\"1\/3\"]<a href=\"https:\/\/circutor.com\/fr\/secteurs\/autoconsommation-d-energie\/\"><div class=\"item general animacion_caja\"><div class=\"details\"><i class=\"ico-photovoltaic\"><\/i><h4 class=\"titulo_page small\">Autoconsommation d&rsquo;\u00e9nergie<\/h4><p class=\"enlace\">L'autoconsommation n'est plus une option mais une r\u00e9alit\u00e9 dans notre soci\u00e9t\u00e9. Nous voulons vous conseiller sur les diff\u00e9rentes solutions disponibles pour produire votre propre \u00e9nergie renouvelable et \u00e9conomiser sur la facture \u00e9lectrique. <i class=\"ico-arrow-right\"><\/i><\/p><\/div><\/div><\/a>[\/vc_column_inner][vc_column_inner width=\"1\/3\"]<a href=\"https:\/\/circutor.com\/fr\/secteurs\/solutions-pour-les-convertisseurs-de-frequence-et-les-inverseurs\/\"><div class=\"item general animacion_caja\"><div class=\"details\"><i class=\"ico-repeat\"><\/i><h4 class=\"titulo_page small\">Solutions pour les convertisseurs de fr\u00e9quence et les inverseurs<\/h4><p class=\"enlace\">Nous consacrons tous nos efforts \u00e0 travailler avec nos clients pour comprendre les besoins de chaque projet et produit et reposons sur notre \u00e9quipe d\u2019ing\u00e9nieurs pour sp\u00e9cifier, concevoir et produire des solutions sur mesure pour chaque type d\u2019installation. <i class=\"ico-arrow-right\"><\/i><\/p><\/div><\/div><\/a>[\/vc_column_inner][\/vc_row_inner][vc_row_inner el_class=\"cultura_bottom\"][vc_column_inner width=\"1\/3\"]<a href=\"https:\/\/circutor.com\/fr\/secteurs\/internet-of-things-iot\/\"><div class=\"item general animacion_caja\"><div class=\"details\"><i class=\"ico-star-coms\"><\/i><h4 class=\"titulo_page small\">Internet of Things (IoT)<\/h4><p class=\"enlace\">Nuestro conocimiento como fabricantes de dispositivos y comunicaciones industriales nos permite ofrecer soluciones dedicadas a datalogging, monitorizaci\u00f3n, control, captura de datos y an\u00e1lisis avanzado. <i class=\"ico-arrow-right\"><\/i><\/p><\/div><\/div><\/a>[\/vc_column_inner][\/vc_row_inner][\/vc_column][\/vc_row][vc_row disable_element=\u00a0\u00bbyes\u00a0\u00bb el_class=\u00a0\u00bbbloque empresa-como-lo-hacemos\u00a0\u00bb][vc_column][vc_column_text el_class=\u00a0\u00bbanimacion_left\u00a0\u00bb]<\/p>\n<h6 class=\"wrap-title\">CASOS DESTACADOS<\/h6>\n<p>[\/vc_column_text][vc_row_inner][vc_column_inner width=\"1\/3\" el_class=\"item_actualidad_noticias\"]<div class=\"item general ofuscar_link\" data-url=\"https:\/\/circutor.com\/fr\/secteurs\/internet-of-things-iot\/\"><div class=\"imagen\"><img src=\"\" style=\"height:213px;object-fit: cover;\"><\/div><div class=\"details\" style=\"min-height: unset\"><p class=\"categoria small\" style=\"\">Lancements<\/p><h5 class=\"titulo\" style=\"display:-webkit-box;-webkit-line-clamp:3;-webkit-box-orient: vertical;overflow: hidden;text-overflow: ellipsis;\"><\/h5><\/div><\/div>[\/vc_column_inner][\/vc_row_inner][\/vc_column][\/vc_row][vc_row el_class=\u00a0\u00bbbloque empresa-pasando\u00a0\u00bb][vc_column][vc_column_text el_class=\u00a0\u00bbanimacion_left\u00a0\u00bb]<\/p>\n<h6 class=\"wrap-title\">EN SAVOIR PLUS \u00c0 PROPOS DE NOUS<\/h6>\n<p>[\/vc_column_text][vc_row_inner el_class=\u00a0\u00bbcultura_bottom sectores_bottom\u00a0\u00bb][vc_column_inner width=\u00a0\u00bb1\/2&Prime;][vc_raw_html]JTNDYSUyMGhyZWYlM0QlMjIlMkZmciUyRnByb2R1aXRzLWV0LXNvbHV0aW9ucy1jaXJjdXRvciUyRiUyMiUzRSUwQSUzQ2RpdiUyMGNsYXNzJTNEJTIyaXRlbSUyMGdlbmVyYWwlMjBhbmltYWNpb25fY2FqYSUyMiUzRSUwQSUwQSUzQ2RpdiUyMGNsYXNzJTNEJTIyZGV0YWlscyUyMiUzRSUwQSUzQ2g0JTIwY2xhc3MlM0QlMjJ0aXR1bG9fcGFnZSUyMHNtYWxsJTIyJTNFUHJvZHVpdHMlM0MlMkZoNCUzRSUwQSUzQ3AlMjBjbGFzcyUzRCUyMmVubGFjZSUyMiUzRUNvbiVDMyVBN3VzJTIwcG91ciUyMGwlMjdlZmZpY2FjaXQlQzMlQTklMjAlM0NpJTIwY2xhc3MlM0QlMjJpY28tYXJyb3ctcmlnaHQlMjIlM0UlM0MlMkZpJTNFJTNDJTJGcCUzRSUwQSUzQyUyRmRpdiUzRSUwQSUwQSUzQyUyRmRpdiUzRSUwQSUzQyUyRmElM0U=[\/vc_raw_html][\/vc_column_inner][vc_column_inner width=\u00a0\u00bb1\/2&Prime;][\/vc_column_inner][\/vc_row_inner][\/vc_column][\/vc_row]<\/p>\n","protected":false},"excerpt":{"rendered":"<p>[vc_row full_width=\u00a0\u00bbstretch_row\u00a0\u00bb el_class=\u00a0\u00bbbanner_pagina_texto\u00a0\u00bb css=\u00a0\u00bb.vc_custom_1642679178904{background-image: url(https:\/\/circutor.com\/wp-content\/uploads\/2021\/01\/FSB_Barcelona-Nit.jpg?id=12424) !important;background-position: center !important;background-repeat: no-repeat !important;background-size: cover !important;}\u00a0\u00bb][vc_column css=\u00a0\u00bb.vc_custom_1605620904006{padding-top: 0px !important;}\u00a0\u00bb][vc_row_inner el_class=\u00a0\u00bbbreadcrumb\u00a0\u00bb][vc_column_inner][\/vc_column_inner][\/vc_row_inner][vc_row_inner][vc_column_inner width=\u00a0\u00bb1\/2&Prime;][vc_column_text] Am\u00e9liorer l&rsquo;efficacit\u00e9 \u00e9nerg\u00e9tique dans votre secteur Solutions int\u00e9grales pour l&rsquo;efficacit\u00e9 \u00e9nerg\u00e9tique applicables \u00e0 un grand nombre de secteurs : production, industrie, secteur tertiaire et m\u00eame domestique. Nous sommes pr\u00e9sents du d\u00e9but \u00e0 la fin.[\/vc_column_text][\/vc_column_inner][vc_column_inner width=\u00a0\u00bb1\/2&Prime;][\/vc_column_inner][\/vc_row_inner][\/vc_column][\/vc_row][vc_row el_class=\u00a0\u00bbbloque empresa-pasando sectores_page [&hellip;]<\/p>\n","protected":false},"author":1,"featured_media":0,"parent":0,"menu_order":0,"comment_status":"closed","ping_status":"closed","template":"","meta":[],"acf":[],"yoast_head":"<!-- This site is optimized with the Yoast SEO plugin v19.4 - https:\/\/yoast.com\/wordpress\/plugins\/seo\/ -->\n<title>Secteurs - CIRCUTOR<\/title>\n<meta name=\"description\" content=\"Soluciones integrales para la eficiencia energ\u00e9tica aplicables en un gran n\u00famero de sectores: generaci\u00f3n, industria, sector terciario e incluso dom\u00e8stico. Estamos presentes de principio a fin.\" \/>\n<meta name=\"robots\" content=\"index, follow, max-snippet:-1, max-image-preview:large, max-video-preview:-1\" \/>\n<link rel=\"canonical\" href=\"https:\/\/circutor.com\/fr\/secteurs\/\" \/>\n<meta property=\"og:locale\" content=\"fr_FR\" \/>\n<meta property=\"og:type\" content=\"article\" \/>\n<meta property=\"og:title\" content=\"Secteurs - CIRCUTOR\" \/>\n<meta property=\"og:description\" content=\"Soluciones integrales para la eficiencia energ\u00e9tica aplicables en un gran n\u00famero de sectores: generaci\u00f3n, industria, sector terciario e incluso dom\u00e8stico. Estamos presentes de principio a fin.\" \/>\n<meta property=\"og:url\" content=\"https:\/\/circutor.com\/fr\/secteurs\/\" \/>\n<meta property=\"og:site_name\" content=\"CIRCUTOR\" \/>\n<meta property=\"article:publisher\" content=\"https:\/\/www.facebook.com\/CIRCUTOR.ES\" \/>\n<meta property=\"article:modified_time\" content=\"2024-01-30T12:59:50+00:00\" \/>\n<meta property=\"og:image\" content=\"https:\/\/circutor.com\/wp-content\/uploads\/2022\/07\/Circutor_Logo_Color.png\" \/>\n\t<meta property=\"og:image:width\" content=\"1299\" \/>\n\t<meta property=\"og:image:height\" content=\"354\" \/>\n\t<meta property=\"og:image:type\" content=\"image\/png\" \/>\n<meta name=\"twitter:card\" content=\"summary_large_image\" \/>\n<meta name=\"twitter:site\" content=\"@circutor\" \/>\n<meta name=\"twitter:label1\" content=\"Dur\u00e9e de lecture estim\u00e9e\" \/>\n\t<meta name=\"twitter:data1\" content=\"1 minute\" \/>\n<script type=\"application\/ld+json\" class=\"yoast-schema-graph\">{\"@context\":\"https:\/\/schema.org\",\"@graph\":[{\"@type\":\"Organization\",\"@id\":\"https:\/\/circutor.com\/#organization\",\"name\":\"Circutor\",\"url\":\"https:\/\/circutor.com\/\",\"sameAs\":[\"https:\/\/www.instagram.com\/circutor_es\",\"https:\/\/www.linkedin.com\/company\/circutor\",\"https:\/\/www.youtube.com\/user\/CIRCUTORoficial\",\"https:\/\/www.facebook.com\/CIRCUTOR.ES\",\"https:\/\/twitter.com\/circutor\"],\"logo\":{\"@type\":\"ImageObject\",\"inLanguage\":\"fr-FR\",\"@id\":\"https:\/\/circutor.com\/#\/schema\/logo\/image\/\",\"url\":\"https:\/\/circutor.com\/wp-content\/uploads\/2020\/09\/CIR_LOGO_RED.png\",\"contentUrl\":\"https:\/\/circutor.com\/wp-content\/uploads\/2020\/09\/CIR_LOGO_RED.png\",\"width\":512,\"height\":128,\"caption\":\"Circutor\"},\"image\":{\"@id\":\"https:\/\/circutor.com\/#\/schema\/logo\/image\/\"}},{\"@type\":\"WebSite\",\"@id\":\"https:\/\/circutor.com\/#website\",\"url\":\"https:\/\/circutor.com\/\",\"name\":\"CIRCUTOR\",\"description\":\"Soluciones para la eficiencia energ\u00e9tica el\u00e9ctrica\",\"publisher\":{\"@id\":\"https:\/\/circutor.com\/#organization\"},\"potentialAction\":[{\"@type\":\"SearchAction\",\"target\":{\"@type\":\"EntryPoint\",\"urlTemplate\":\"https:\/\/circutor.com\/?s={search_term_string}\"},\"query-input\":\"required name=search_term_string\"}],\"inLanguage\":\"fr-FR\"},{\"@type\":\"WebPage\",\"@id\":\"https:\/\/circutor.com\/fr\/secteurs\/\",\"url\":\"https:\/\/circutor.com\/fr\/secteurs\/\",\"name\":\"Secteurs - CIRCUTOR\",\"isPartOf\":{\"@id\":\"https:\/\/circutor.com\/#website\"},\"datePublished\":\"2021-10-29T10:02:18+00:00\",\"dateModified\":\"2024-01-30T12:59:50+00:00\",\"description\":\"Soluciones integrales para la eficiencia energ\u00e9tica aplicables en un gran n\u00famero de sectores: generaci\u00f3n, industria, sector terciario e incluso dom\u00e8stico. Estamos presentes de principio a fin.\",\"breadcrumb\":{\"@id\":\"https:\/\/circutor.com\/fr\/secteurs\/#breadcrumb\"},\"inLanguage\":\"fr-FR\",\"potentialAction\":[{\"@type\":\"ReadAction\",\"target\":[\"https:\/\/circutor.com\/fr\/secteurs\/\"]}]},{\"@type\":\"BreadcrumbList\",\"@id\":\"https:\/\/circutor.com\/fr\/secteurs\/#breadcrumb\",\"itemListElement\":[{\"@type\":\"ListItem\",\"position\":1,\"name\":\"Portada\",\"item\":\"https:\/\/circutor.com\/fr\/\"},{\"@type\":\"ListItem\",\"position\":2,\"name\":\"Secteurs\"}]}]}<\/script>\n<!-- \/ Yoast SEO plugin. -->","yoast_head_json":{"title":"Secteurs - CIRCUTOR","description":"Soluciones integrales para la eficiencia energ\u00e9tica aplicables en un gran n\u00famero de sectores: generaci\u00f3n, industria, sector terciario e incluso dom\u00e8stico. Estamos presentes de principio a fin.","robots":{"index":"index","follow":"follow","max-snippet":"max-snippet:-1","max-image-preview":"max-image-preview:large","max-video-preview":"max-video-preview:-1"},"canonical":"https:\/\/circutor.com\/fr\/secteurs\/","og_locale":"fr_FR","og_type":"article","og_title":"Secteurs - CIRCUTOR","og_description":"Soluciones integrales para la eficiencia energ\u00e9tica aplicables en un gran n\u00famero de sectores: generaci\u00f3n, industria, sector terciario e incluso dom\u00e8stico. Estamos presentes de principio a fin.","og_url":"https:\/\/circutor.com\/fr\/secteurs\/","og_site_name":"CIRCUTOR","article_publisher":"https:\/\/www.facebook.com\/CIRCUTOR.ES","article_modified_time":"2024-01-30T12:59:50+00:00","og_image":[{"width":1299,"height":354,"url":"https:\/\/circutor.com\/wp-content\/uploads\/2022\/07\/Circutor_Logo_Color.png","type":"image\/png"}],"twitter_card":"summary_large_image","twitter_site":"@circutor","twitter_misc":{"Dur\u00e9e de lecture estim\u00e9e":"1 minute"},"schema":{"@context":"https:\/\/schema.org","@graph":[{"@type":"Organization","@id":"https:\/\/circutor.com\/#organization","name":"Circutor","url":"https:\/\/circutor.com\/","sameAs":["https:\/\/www.instagram.com\/circutor_es","https:\/\/www.linkedin.com\/company\/circutor","https:\/\/www.youtube.com\/user\/CIRCUTORoficial","https:\/\/www.facebook.com\/CIRCUTOR.ES","https:\/\/twitter.com\/circutor"],"logo":{"@type":"ImageObject","inLanguage":"fr-FR","@id":"https:\/\/circutor.com\/#\/schema\/logo\/image\/","url":"https:\/\/circutor.com\/wp-content\/uploads\/2020\/09\/CIR_LOGO_RED.png","contentUrl":"https:\/\/circutor.com\/wp-content\/uploads\/2020\/09\/CIR_LOGO_RED.png","width":512,"height":128,"caption":"Circutor"},"image":{"@id":"https:\/\/circutor.com\/#\/schema\/logo\/image\/"}},{"@type":"WebSite","@id":"https:\/\/circutor.com\/#website","url":"https:\/\/circutor.com\/","name":"CIRCUTOR","description":"Soluciones para la eficiencia energ\u00e9tica el\u00e9ctrica","publisher":{"@id":"https:\/\/circutor.com\/#organization"},"potentialAction":[{"@type":"SearchAction","target":{"@type":"EntryPoint","urlTemplate":"https:\/\/circutor.com\/?s={search_term_string}"},"query-input":"required name=search_term_string"}],"inLanguage":"fr-FR"},{"@type":"WebPage","@id":"https:\/\/circutor.com\/fr\/secteurs\/","url":"https:\/\/circutor.com\/fr\/secteurs\/","name":"Secteurs - CIRCUTOR","isPartOf":{"@id":"https:\/\/circutor.com\/#website"},"datePublished":"2021-10-29T10:02:18+00:00","dateModified":"2024-01-30T12:59:50+00:00","description":"Soluciones integrales para la eficiencia energ\u00e9tica aplicables en un gran n\u00famero de sectores: generaci\u00f3n, industria, sector terciario e incluso dom\u00e8stico. Estamos presentes de principio a fin.","breadcrumb":{"@id":"https:\/\/circutor.com\/fr\/secteurs\/#breadcrumb"},"inLanguage":"fr-FR","potentialAction":[{"@type":"ReadAction","target":["https:\/\/circutor.com\/fr\/secteurs\/"]}]},{"@type":"BreadcrumbList","@id":"https:\/\/circutor.com\/fr\/secteurs\/#breadcrumb","itemListElement":[{"@type":"ListItem","position":1,"name":"Portada","item":"https:\/\/circutor.com\/fr\/"},{"@type":"ListItem","position":2,"name":"Secteurs"}]}]}},"_links":{"self":[{"href":"https:\/\/circutor.com\/fr\/wp-json\/wp\/v2\/pages\/11703"}],"collection":[{"href":"https:\/\/circutor.com\/fr\/wp-json\/wp\/v2\/pages"}],"about":[{"href":"https:\/\/circutor.com\/fr\/wp-json\/wp\/v2\/types\/page"}],"author":[{"embeddable":true,"href":"https:\/\/circutor.com\/fr\/wp-json\/wp\/v2\/users\/1"}],"replies":[{"embeddable":true,"href":"https:\/\/circutor.com\/fr\/wp-json\/wp\/v2\/comments?post=11703"}],"version-history":[{"count":0,"href":"https:\/\/circutor.com\/fr\/wp-json\/wp\/v2\/pages\/11703\/revisions"}],"wp:attachment":[{"href":"https:\/\/circutor.com\/fr\/wp-json\/wp\/v2\/media?parent=11703"}],"curies":[{"name":"wp","href":"https:\/\/api.w.org\/{rel}","templated":true}]}}