{"id":10059,"date":"2021-08-16T12:15:44","date_gmt":"2021-08-16T12:15:44","guid":{"rendered":"http:\/\/circutor-wp.atic.blue\/?page_id=10059"},"modified":"2022-11-07T12:08:09","modified_gmt":"2022-11-07T10:08:09","slug":"formation","status":"publish","type":"page","link":"https:\/\/circutor.com\/fr\/support\/formation\/","title":{"rendered":"Formation"},"content":{"rendered":"<p>[vc_row full_width=\u00a0\u00bbstretch_row\u00a0\u00bb el_class=\u00a0\u00bbbanner_pagina_texto\u00a0\u00bb css=\u00a0\u00bb.vc_custom_1649257001361{background-image: url(https:\/\/circutor.com\/wp-content\/uploads\/2022\/04\/FC_Circutor_2203_1874-1.jpg?id=17710) !important;background-position: center !important;background-repeat: no-repeat !important;background-size: cover !important;}\u00a0\u00bb][vc_column css=\u00a0\u00bb.vc_custom_1605620904006{padding-top: 0px !important;}\u00a0\u00bb][vc_row_inner el_class=\u00a0\u00bbbreadcrumb\u00a0\u00bb][vc_column_inner]<div itemscope itemtype=\"https:\/\/schema.org\/BreadcrumbList\" id=\"breadcrumb\"><div itemprop=\"itemListElement\" itemscope itemtype=\"https:\/\/schema.org\/ListItem\"><a itemprop=\"item\" href=\"https:\/\/circutor.com\/fr\/\"><span itemprop=\"name\">Home<\/span><\/a><meta itemprop=\"position\" content=\"1\" \/><\/div><div itemprop=\"itemListElement\" itemscope itemtype=\"https:\/\/schema.org\/ListItem\"><span><i class=\"ico-guil-singl-right\"><\/i><\/span><a itemprop=\"item\" href=\"https:\/\/circutor.com\/fr\/support\/\"><span itemprop=\"name\">Support<\/span><\/a><meta itemprop=\"position\" content=\"3\"><\/div><div itemprop=\"itemListElement\" itemscope itemtype=\"https:\/\/schema.org\/ListItem\"><span><i class=\"ico-guil-singl-right\"><\/i><\/span><span class=\"active_item_breadcrumb\" itemprop=\"name\">Formation<\/span><meta itemprop=\"position\" content=\"4\"><\/div><\/div>[\/vc_column_inner][\/vc_row_inner][vc_row_inner][vc_column_inner width=\u00a0\u00bb1\/2&Prime;][vc_column_text]<\/p>\n<h1>Formation continue<\/h1>\n<p>Nous vivons une \u00e9poque o\u00f9 la technologie, l&rsquo;innovation et l&rsquo;information \u00e9voluent et circulent de plus en plus rapidement. Chez Circutor, nous faisons en sorte d&rsquo;offrir de constantes formations en ligne et des \u00e9v\u00e9nements ax\u00e9s sur la pr\u00e9paration des cr\u00e9ateurs du futur secteur \u00e9lectrique.[\/vc_column_text][\/vc_column_inner][vc_column_inner width=\u00a0\u00bb1\/2&Prime;][\/vc_column_inner][\/vc_row_inner][\/vc_column][\/vc_row][vc_row el_class=\u00a0\u00bbbloque formacion_home page_formacion\u00a0\u00bb][vc_column][vc_row_inner][vc_column_inner width=\u00a0\u00bb1\/2&Prime;][vc_column_text]<\/p>\n<h6 class=\"wrap-title\">FORMATION EN LIGNE ET EN FACE \u00c0 FACE<\/h6>\n<p>[\/vc_column_text][\/vc_column_inner][vc_column_inner width=\u00a0\u00bb1\/2&Prime;][vc_column_text el_class=\u00a0\u00bbenlace_page\u00a0\u00bb]<\/p>\n<h6 class=\"wrap-title\"><a href=\"\/en\/support\/training\/online-and-in-person-training\/\">Ver todos <i class=\"ico-arrow-right\"><\/i><\/a><\/h6>\n<p>[\/vc_column_text][\/vc_column_inner][\/vc_row_inner][\/vc_column][\/vc_row][vc_row el_class=\u00a0\u00bbrow_eventos_home row_formacion_home\u00a0\u00bb][vc_column]\n          <script>\n            jQuery(document).ready(function(){\n              jQuery(\".bloque.formacion_home\").remove();\n            });\n          <\/script>\n        [\/vc_column][\/vc_row][vc_row disable_element=\u00a0\u00bbyes\u00a0\u00bb el_class=\u00a0\u00bbrow_eventos_home row_formacion_home\u00a0\u00bb][vc_column width=\u00a0\u00bb1\/2&Prime;][vc_row_inner][vc_column_inner width=\u00a0\u00bb1\/2&Prime;][vc_raw_html el_class=\u00a0\u00bbitem_actualidad_noticias\u00a0\u00bb]JTNDYSUyMGhyZWYlM0QlMjIlMjMlMjIlM0UlMEElM0NkaXYlMjBjbGFzcyUzRCUyMml0ZW0lMjBnZW5lcmFsJTIyJTNFJTBBJTIwJTIwJTNDZGl2JTIwY2xhc3MlM0QlMjJpbWFnZW4lMjIlM0UlMEElMjAlMjAlMjAlMjAlMjAlM0NpbWclMjBzcmMlM0QlMjIlMkZ3cC1jb250ZW50JTJGdXBsb2FkcyUyRjIwMjAlMkYwOSUyRm5vdGljaWEyLmpwZyUyMiUzRSUwQSUyMCUyMCUzQyUyRmRpdiUzRSUwQSUyMCUyMCUzQ2RpdiUyMGNsYXNzJTNEJTIyZGV0YWlscyUyMiUzRSUwQSUyMCUyMCUyMCUyMCUzQ3AlMjBjbGFzcyUzRCUyMmZlY2hhJTIwc21hbGwlMjIlM0UxOCUyRjA3JTNDJTJGcCUzRSUwQSUyMCUyMCUyMCUyMCUzQ3AlMjBjbGFzcyUzRCUyMmhvcmElMjIlM0UxNyUzQTAwaCUyMCUyOFVUQyUyMCUyQjAxJTNBMDAlMjklM0MlMkZwJTNFJTBBJTIwJTIwJTIwJTIwJTNDaDUlMjBjbGFzcyUzRCUyMnRpdHVsbyUyMiUzRUhhY2VyJTIwY3JlY2VyJTIwdHUlMjBuZWdvY2lvJTIwYXByb3ZlY2hhbmRvJTIwbG9zJTIwNCUyMHJldG9zJTIwZGVsJTIwc2VjdG9yJTIwZWwlQzMlQTljdHJpY28lM0MlMkZoNSUzRSUwQSUyMCUyMCUyMCUyMCUzQ3AlMjBjbGFzcyUzRCUyMmNhdGVnb3JpYSUyMHNtYWxsJTIyJTNFT25saW5lJTNDJTJGcCUzRSUwQSUyMCUyMCUzQyUyRmRpdiUzRSUwQSUzQyUyRmRpdiUzRSUwQSUzQyUyRmElM0U=[\/vc_raw_html][\/vc_column_inner][vc_column_inner width=\u00a0\u00bb1\/2&Prime;][vc_raw_html el_class=\u00a0\u00bbitem_actualidad_noticias\u00a0\u00bb]JTNDYSUyMGhyZWYlM0QlMjIlMjMlMjIlM0UlMEElM0NkaXYlMjBjbGFzcyUzRCUyMml0ZW0lMjBnZW5lcmFsJTIyJTNFJTBBJTIwJTIwJTNDZGl2JTIwY2xhc3MlM0QlMjJpbWFnZW4lMjIlM0UlMEElMjAlMjAlMjAlMjAlMjAlM0NpbWclMjBzcmMlM0QlMjIlMkZ3cC1jb250ZW50JTJGdXBsb2FkcyUyRjIwMjAlMkYwOSUyRm5vdGljaWEyLmpwZyUyMiUzRSUyMCUwQSUyMCUyMCUzQyUyRmRpdiUzRSUwQSUyMCUyMCUzQ2RpdiUyMGNsYXNzJTNEJTIyZGV0YWlscyUyMiUzRSUwQSUyMCUyMCUyMCUyMCUzQ3AlMjBjbGFzcyUzRCUyMmZlY2hhJTIwc21hbGwlMjIlM0UxOCUyRjA3JTNDJTJGcCUzRSUwQSUyMCUyMCUyMCUyMCUzQ3AlMjBjbGFzcyUzRCUyMmhvcmElMjIlM0UxNyUzQTAwaCUyMCUyOFVUQyUyMCUyQjAxJTNBMDAlMjklM0MlMkZwJTNFJTBBJTIwJTIwJTIwJTIwJTNDaDUlMjBjbGFzcyUzRCUyMnRpdHVsbyUyMiUzRUhhY2VyJTIwY3JlY2VyJTIwdHUlMjBuZWdvY2lvJTIwYXByb3ZlY2hhbmRvJTIwbG9zJTIwNCUyMHJldG9zJTIwZGVsJTIwc2VjdG9yJTIwZWwlQzMlQTljdHJpY28lM0MlMkZoNSUzRSUwQSUyMCUyMCUyMCUyMCUzQ3AlMjBjbGFzcyUzRCUyMmNhdGVnb3JpYSUyMHNtYWxsJTIyJTNFT25saW5lJTNDJTJGcCUzRSUwQSUyMCUyMCUzQyUyRmRpdiUzRSUwQSUzQyUyRmRpdiUzRSUwQSUzQyUyRmElM0U=[\/vc_raw_html][\/vc_column_inner][\/vc_row_inner][\/vc_column][vc_column width=\u00a0\u00bb1\/2&Prime;][vc_row_inner el_class=\u00a0\u00bbitem_calendario\u00a0\u00bb][vc_column_inner el_class=\u00a0\u00bblista_calendar\u00a0\u00bb width=\u00a0\u00bb1\/3&Prime;][vc_raw_html]JTNDdWwlM0UlMEElM0NsaSUzRSUzQ3AlMjBjbGFzcyUzRCUyMnNtYWxsJTIyJTNFJTNDYSUyMGhyZWYlM0QlMjIlMjMlMjIlM0UlM0NzcGFuJTNFMTglMkYwNyUzQyUyRnNwYW4lM0VOdWV2YSUyMG5vcm1hdGl2YSUyMHNvYnJlJTIwZWwlMjBpbXB1ZXN0byUyMGRlbCUyMHNvbCUzQyUyRmElM0UlM0MlMkZwJTNFJTNDJTJGbGklM0UlMEElM0NsaSUzRSUzQ3AlMjBjbGFzcyUzRCUyMnNtYWxsJTIyJTNFJTNDYSUyMGhyZWYlM0QlMjIlMjMlMjIlM0UlM0NzcGFuJTNFMTglMkYwNyUzQyUyRnNwYW4lM0VOdWV2YSUyMG5vcm1hdGl2YSUyMHNvYnJlJTIwZWwlMjBpbXB1ZXN0byUyMGRlbCUyMHNvbCUzQyUyRmElM0UlM0MlMkZwJTNFJTNDJTJGbGklM0UlMEElM0NsaSUzRSUzQ3AlMjBjbGFzcyUzRCUyMnNtYWxsJTIyJTNFJTNDYSUyMGhyZWYlM0QlMjIlMjMlMjIlM0UlM0NzcGFuJTNFMTglMkYwNyUzQyUyRnNwYW4lM0VOdWV2YSUyMG5vcm1hdGl2YSUyMHNvYnJlJTIwZWwlMjBpbXB1ZXN0byUyMGRlbCUyMHNvbCUzQyUyRmElM0UlM0MlMkZwJTNFJTNDJTJGbGklM0UlMEElM0MlMkZ1bCUzRQ==[\/vc_raw_html][\/vc_column_inner][vc_column_inner el_class=\u00a0\u00bbcalendar\u00a0\u00bb width=\u00a0\u00bb2\/3&Prime;]<div id=\"datepicker\"><\/div>\n    <div id=\"popup_selected\">\n\n    <\/div>\n      <script>\n        jQuery(document).ready(function(){\n          var defaultDate = new Date();\n          var hoy = new Date(defaultDate.getFullYear(), + defaultDate.getMonth(), defaultDate.getDate());\n          let datesEvents = [];jQuery(\"#popup_selected\").hide();\n          jQuery.fn.datepicker.dates[\"es\"] = {\n      \t\t\t\t\tdays: [\"Dimanche\", \"Lundi\", \"Mardi\", \"Mercredi\", \"Jeudi\", \"Vendredi\", \"Samedi\"],\n      \t\t\t\t\tdaysShort: [\"Dim\", \"Lun\", \"Mar\", \"Mer\", \"Jeu\", \"Ven\", \"Sam\"],\n      \t\t\t\t\tdaysMin: [\"D\", \"L\", \"M\", \"M\", \"J\", \"V\", \"S\"],\n      \t\t\t\t\tmonths: [\"Janvier\", \"F\u00e9vrier \", \"Mars\", \"Avril\", \"Mai\", \"Juin\", \"Juillet\", \"Ao\u00fbt\", \"Septembre\", \"Octobre\", \"Novembre\", \"D\u00e9cembre\"],\n      \t\t\t\t\tmonthsShort: [\"Jan\", \"Fev\", \"Mar\", \"Avr\", \"Mai\", \"Jui\", \"Jui\", \"Ao\u00fb\", \"Sep\", \"Oct\", \"Nov\", \"Dec\"],\n      \t\t\t\t\tformat: \"dd\/mm\/yyyy\",\n      \t\t\t\t\tweekStart: 1 }\n          jQuery(\"#datepicker\").datepicker({\n            beforeShowDay: function(date) {\n              dateFormat = date.getFullYear() + \"-\" + date.getMonth() + \"-0\" + date.getDate();\n\n              dateFormat = date.getFullYear() + \"-\";\n              dateFormat += (date.getMonth()+1).toString().length == 1 ? \"0\"+(date.getMonth()+1)+\"-\" : (date.getMonth()+1)+\"-\";\n              dateFormat += date.getDate().toString().length == 1 ? \"0\"+date.getDate() : date.getDate();\n\n              for(var i = 0; i < datesEvents.length ; i++){\n                if (dateFormat == datesEvents[i]) {\n                  inRange = true;\n                  return {classes: \"active\", tooltip: datesEvents[i] };\n                }\n              }\n\n            },\n  \t\t\t\t  language: \"es\",\n  \t\t\t\t  todayHighlight: true,\n            icons: {\n              previous: \"fa fa-caret-left\",\n              next: \"ico-arrow-right\",\n            }\n  \t\t\t\t});\n\n\n\n          \/*jQuery(\"#datepicker\").datepicker(\"update\", hoy);*\/\n          jQuery(\"th.prev\").html(\"<i class=\\\"ico-arrow-left\\\"><\/i>\");\n          jQuery(\"th.next\").html(\"<i class=\\\"ico-arrow-right\\\"><\/i>\");\n        });\n\n        jQuery(document).on(\"changeDate\", \"#datepicker\", function(){\n          var fecha_seleccionada = jQuery(this).data().datepicker.getFormattedDate(\"yyyy-mm-dd\");\n          var fecha_seleccionada_object = \"\";\n          var hay_eventos = 0;\n\n          jQuery(\"#popup_selected\").hide();\n\n          jQuery(\"td.active.day\").each(function(){\n            var fecha_resaltada = jQuery(this).attr(\"title\");\n            if(fecha_resaltada == fecha_seleccionada){\n              fecha_seleccionada_object = jQuery(this);\n              hay_eventos = 1;\n            }\n          });\n\n          jQuery.ajax({\n           url: MyAjax.url,\n           type: \"post\",\n           dataType: \"json\",\n           data: {\n             action: \"carga_eventos_home_by_fecha\",\n             fecha_evento: fecha_seleccionada,\n             lang: \"fr\"\n           }\n          }).always(function(data){\n            if(hay_eventos){\n              jQuery(\"#popup_selected\").show().offset({ top: fecha_seleccionada_object.offset().top + 50, left: fecha_seleccionada_object.offset().left -85 }).html(data.responseText);\n            }\n          });\n\n        });\n      <\/script><script src=\"https:\/\/cdnjs.cloudflare.com\/ajax\/libs\/bootstrap-datepicker\/1.6.4\/js\/bootstrap-datepicker.min.js\"><\/script><script src=\"https:\/\/cdnjs.cloudflare.com\/ajax\/libs\/bootstrap-datepicker\/1.6.4\/locales\/bootstrap-datepicker.nl.min.js\"><\/script><link href=\"https:\/\/cdnjs.cloudflare.com\/ajax\/libs\/bootstrap-datepicker\/1.6.4\/css\/bootstrap-datepicker.standalone.min.css\" rel=\"stylesheet\"\/>[\/vc_column_inner][\/vc_row_inner][\/vc_column][\/vc_row][vc_row el_class=\u00a0\u00bbempresa-pasando mas_formacion\u00a0\u00bb][vc_column][vc_column_text el_class=\u00a0\u00bbanimacion_left\u00a0\u00bb]<\/p>\n<h6 class=\"wrap-title\">PLUS D&rsquo;INFORMATION<\/h6>\n<p>[\/vc_column_text][vc_row_inner el_class=\u00a0\u00bbcultura_bottom cultura_nosotros\u00a0\u00bb][vc_column_inner el_class=\u00a0\u00bbetica\u00a0\u00bb width=\u00a0\u00bb1\/3&Prime;][vc_raw_html]JTNDYSUyMGhyZWYlM0QlMjJodHRwcyUzQSUyRiUyRmNpcmN1dG9yLmNvbSUyRmZyJTJGc3VwcG9ydCUyRmZvcm1hdGlvbiUyRm5vdGVib29rcyUyRiUyMiUzRSUwQSUzQ2RpdiUyMGNsYXNzJTNEJTIyaXRlbSUyMGdlbmVyYWwlMjBhbmltYWNpb25fY2FqYSUyMiUzRSUwQSUwQSUzQ2RpdiUyMGNsYXNzJTNEJTIyZGV0YWlscyUyMiUzRSUwQSUzQ2klMjBzdHlsZSUzRCUyMmNvbG9yJTNBd2hpdGUlM0IlMjIlMjBjbGFzcyUzRCUyMmljby1wYXBlcmNsaXAlMjIlM0UlM0MlMkZpJTNFJTBBJTNDaDQlMjBjbGFzcyUzRCUyMnRpdHVsb19wYWdlJTIwc21hbGwlMjIlM0VOb3RlYm9va3MlM0MlMkZoNCUzRSUwQSUzQ3AlMjBjbGFzcyUzRCUyMmVubGFjZSUyMiUzRVJlc3NvdXJjZXMlMjBldCUyMGNvbmNlcHRzJTIwY2wlQzMlQTlzJTIwY29uY2VybmFudCUyMG5vdHJlJTIwc2VjdGV1ciUzQ2klMjBjbGFzcyUzRCUyMmljby1hcnJvdy1yaWdodCUyMiUzRSUzQyUyRmklM0UlM0MlMkZwJTNFJTBBJTNDJTJGZGl2JTNFJTBBJTBBJTNDJTJGZGl2JTNFJTBBJTNDJTJGYSUzRQ==[\/vc_raw_html][\/vc_column_inner][vc_column_inner width=\u00a0\u00bb1\/3&Prime;][vc_raw_html]JTNDYSUyMGhyZWYlM0QlMjIlMkZzb3BvcnRlJTJGZm9ybWFjaW9uJTJGZm9ybWFjaW9uLW9ubGluZS15LXByZXNlbmNpYWwlMkZhcmNoaXZvLWRlLWZvcm1hY2lvbmVzJTJGJTIyJTNFJTBBJTNDZGl2JTIwY2xhc3MlM0QlMjJpdGVtJTIwZ2VuZXJhbCUyMGFuaW1hY2lvbl9jYWphJTIyJTNFJTBBJTBBJTNDZGl2JTIwY2xhc3MlM0QlMjJkZXRhaWxzJTIyJTNFJTBBJTNDaSUyMGNsYXNzJTNEJTIyaWNvLXBsYXklMjIlM0UlM0MlMkZpJTNFJTBBJTNDaDQlMjBjbGFzcyUzRCUyMnRpdHVsb19wYWdlJTIwc21hbGwlMjIlM0VGaWNoaWVyJTIwZGUlMjBmb3JtYXRpb25zJTNDJTJGaDQlM0UlMEElM0NwJTIwY2xhc3MlM0QlMjJlbmxhY2UlMjIlM0VDb25zdWx0ZXolMjBxdWVscXVlcy11bnMlMjBkZXMlMjB3ZWJpbmFpcmVzJTIwZCVDMyVBOWolQzMlQTAlMjBjb21wbCVDMyVBOXQlQzMlQTlzJTIwJTNDaSUyMGNsYXNzJTNEJTIyaWNvLWFycm93LXJpZ2h0JTIyJTNFJTNDJTJGaSUzRSUzQyUyRnAlM0UlMEElM0MlMkZkaXYlM0UlMEElMEElM0MlMkZkaXYlM0UlMEElM0MlMkZhJTNF[\/vc_raw_html][\/vc_column_inner][vc_column_inner width=\u00a0\u00bb1\/3&Prime;][vc_raw_html]JTNDYSUyMGhyZWYlM0QlMjIlMkZmciUyRnN1cHBvcnQlMkZ0dXRvcmllbHMtdmlkZW8lMkYlMjIlM0UlMEElM0NkaXYlMjBjbGFzcyUzRCUyMml0ZW0lMjBnZW5lcmFsJTIwYW5pbWFjaW9uX2NhamElMjIlM0UlMEElMEElM0NkaXYlMjBjbGFzcyUzRCUyMmRldGFpbHMlMjIlM0UlMEElM0NpJTIwY2xhc3MlM0QlMjJpY28tcGxheSUyMiUzRSUzQyUyRmklM0UlMEElM0NoNCUyMGNsYXNzJTNEJTIydGl0dWxvX3BhZ2UlMjBzbWFsbCUyMiUzRVZpZCVDMyVBOW9zJTIwdHV0b3JpZWxsZXMlM0MlMkZoNCUzRSUwQSUzQ3AlMjBjbGFzcyUzRCUyMmVubGFjZSUyMiUzRUluc3RhbGxleiUyMCVDMyVBMCUyMGwlMjdhaWRlJTIwZGUlMjB2aWQlQzMlQTlvcyUyMHByYXRpcXVlcyUyMCUzQ2klMjBjbGFzcyUzRCUyMmljby1hcnJvdy1yaWdodCUyMiUzRSUzQyUyRmklM0UlM0MlMkZwJTNFJTBBJTNDJTJGZGl2JTNFJTBBJTBBJTNDJTJGZGl2JTNFJTBBJTNDJTJGYSUzRQ==[\/vc_raw_html][\/vc_column_inner][\/vc_row_inner][\/vc_column][\/vc_row][vc_row el_class=\u00a0\u00bbbottom_cat_sector\u00a0\u00bb][vc_column width=\u00a0\u00bb1\/2&Prime;][vc_column_text el_class=\u00a0\u00bbanimacion_left\u00a0\u00bb]<\/p>\n<h6 class=\"wrap-title\">NEWSLETTER<\/h6>\n<p>[\/vc_column_text][vc_row_inner el_class=\u00a0\u00bbnewsletter_cat_sector\u00a0\u00bb][vc_column_inner][vc_column_text el_class=\u00a0\u00bbtitulo\u00a0\u00bb]<strong>Restez inform\u00e9.<\/strong><br \/>\nAbonnez-vous \u00e0 notre Newsletter.[\/vc_column_text][vc_column_text el_class=\u00a0\u00bbsubtitulo\u00a0\u00bb]Je voudrais recevoir les actualit\u00e9s et informations commerciales de CIRCUTOR par courrier \u00e9lectronique.<\/p>\n<p><script src=\"\/\/info.circutor.com\/js\/forms2\/js\/forms2.min.js\"><\/script><\/p>\n<form id=\"mktoForm_1265\"><\/form>\n<p><script>MktoForms2.loadForm(\"\/\/info.circutor.com\", \"940-CSD-667\", 1265);<\/script>[\/vc_column_text][\/vc_column_inner][\/vc_row_inner][\/vc_column][vc_column width=\u00a0\u00bb1\/2&Prime;][vc_column_text el_class=\u00a0\u00bbanimacion_left\u00a0\u00bb]<\/p>\n<h6 class=\"wrap-title\">ASSISTANCE<\/h6>\n<p>[\/vc_column_text][vc_raw_html el_class=\u00a0\u00bbasistencia_cat_sector\u00a0\u00bb]JTNDYSUyMGhyZWYlM0QlMjIlMkZmciUyRmNvbnRhY3QlMkYlMjIlM0UlMEElM0NkaXYlMjBjbGFzcyUzRCUyMml0ZW0lMjBnZW5lcmFsJTIwYW5pbWFjaW9uX2NhamElMjIlM0UlMEElM0NkaXYlMjBjbGFzcyUzRCUyMmltYWdlbi1ib3JkZSUyMiUzRSUwQSUzQ2ltZyUyMHNyYyUzRCUyMiUyRndwLWNvbnRlbnQlMkZ1cGxvYWRzJTJGMjAyMiUyRjA4JTJGRlNCX0FzaXN0ZW5jaWEuanBnJTIyJTNFJTBBJTNDJTJGZGl2JTNFJTBBJTNDZGl2JTIwY2xhc3MlM0QlMjJkZXRhaWxzJTIyJTNFJTBBJTNDcCUyMGNsYXNzJTNEJTIydGl0dWxvX3BhZ2UlMjIlM0UlM0NzdHJvbmclM0VDaGV6JTIwQ0lSQ1VUT1IlMkMlMjBub3VzJTIwc29tbWVzJTIwbCVDMyVBMCUyMHBvdXIlMjB2b3VzJTIwYWlkZXIuJTNDJTJGc3Ryb25nJTNFJTNDYnIlM0UlMEFTaSUyMHZvdXMlMjBhdmV6JTIwZGVzJTIwcXVlc3Rpb25zJTJDJTIwcGFybG9ucy1lbi4lM0MlMkZwJTNFJTBBJTNDcCUyMGNsYXNzJTNEJTIyZW5sYWNlJTIyJTNFUGFybGV6JTIwJUMzJUEwJTIwdW4lMjBzcCVDMyVBOWNpYWxpc3RlJTIwJTNDaSUyMGNsYXNzJTNEJTIyaWNvLWFycm93LXJpZ2h0JTIyJTNFJTNDJTJGaSUzRSUzQyUyRnAlM0UlMEElM0MlMkZkaXYlM0UlMEElMEElM0MlMkZkaXYlM0UlMEElM0MlMkZhJTNF[\/vc_raw_html][\/vc_column][\/vc_row]<\/p>\n","protected":false},"excerpt":{"rendered":"<p>[vc_row full_width=\u00a0\u00bbstretch_row\u00a0\u00bb el_class=\u00a0\u00bbbanner_pagina_texto\u00a0\u00bb css=\u00a0\u00bb.vc_custom_1649257001361{background-image: url(https:\/\/circutor.com\/wp-content\/uploads\/2022\/04\/FC_Circutor_2203_1874-1.jpg?id=17710) !important;background-position: center !important;background-repeat: no-repeat !important;background-size: cover !important;}\u00a0\u00bb][vc_column css=\u00a0\u00bb.vc_custom_1605620904006{padding-top: 0px !important;}\u00a0\u00bb][vc_row_inner el_class=\u00a0\u00bbbreadcrumb\u00a0\u00bb][vc_column_inner][\/vc_column_inner][\/vc_row_inner][vc_row_inner][vc_column_inner width=\u00a0\u00bb1\/2&Prime;][vc_column_text] Formation continue Nous vivons une \u00e9poque o\u00f9 la technologie, l&rsquo;innovation et l&rsquo;information \u00e9voluent et circulent de plus en plus rapidement. Chez Circutor, nous faisons en sorte d&rsquo;offrir de constantes formations en ligne et des \u00e9v\u00e9nements ax\u00e9s sur la [&hellip;]<\/p>\n","protected":false},"author":1,"featured_media":0,"parent":10049,"menu_order":0,"comment_status":"closed","ping_status":"closed","template":"","meta":[],"acf":[],"yoast_head":"<!-- This site is optimized with the Yoast SEO plugin v19.4 - https:\/\/yoast.com\/wordpress\/plugins\/seo\/ -->\n<title>Formation - CIRCUTOR<\/title>\n<meta name=\"description\" content=\"Vivimos tiempos en que la tecnolog\u00eda, la innovaci\u00f3n y la informaci\u00f3n cambian y circulan cada vez con m\u00e1s agilidad. En Circutor nos adaptamos para ofrecer constantes formaciones online y eventos centrados en preparar a los creadores del sector el\u00e9ctrico del futuro.\" \/>\n<meta name=\"robots\" content=\"index, follow, max-snippet:-1, max-image-preview:large, max-video-preview:-1\" \/>\n<link rel=\"canonical\" href=\"https:\/\/circutor.com\/fr\/support\/formation\/\" \/>\n<meta property=\"og:locale\" content=\"fr_FR\" \/>\n<meta property=\"og:type\" content=\"article\" \/>\n<meta property=\"og:title\" content=\"Formation - CIRCUTOR\" \/>\n<meta property=\"og:description\" content=\"Vivimos tiempos en que la tecnolog\u00eda, la innovaci\u00f3n y la informaci\u00f3n cambian y circulan cada vez con m\u00e1s agilidad. En Circutor nos adaptamos para ofrecer constantes formaciones online y eventos centrados en preparar a los creadores del sector el\u00e9ctrico del futuro.\" \/>\n<meta property=\"og:url\" content=\"https:\/\/circutor.com\/fr\/support\/formation\/\" \/>\n<meta property=\"og:site_name\" content=\"CIRCUTOR\" \/>\n<meta property=\"article:publisher\" content=\"https:\/\/www.facebook.com\/CIRCUTOR.ES\" \/>\n<meta property=\"article:modified_time\" content=\"2022-11-07T10:08:09+00:00\" \/>\n<meta property=\"og:image\" content=\"https:\/\/circutor.com\/wp-content\/uploads\/2022\/07\/Circutor_Logo_Color.png\" \/>\n\t<meta property=\"og:image:width\" content=\"1299\" \/>\n\t<meta property=\"og:image:height\" content=\"354\" \/>\n\t<meta property=\"og:image:type\" content=\"image\/png\" \/>\n<meta name=\"twitter:card\" content=\"summary_large_image\" \/>\n<meta name=\"twitter:site\" content=\"@circutor\" \/>\n<meta name=\"twitter:label1\" content=\"Dur\u00e9e de lecture estim\u00e9e\" \/>\n\t<meta name=\"twitter:data1\" content=\"1 minute\" \/>\n<script type=\"application\/ld+json\" class=\"yoast-schema-graph\">{\"@context\":\"https:\/\/schema.org\",\"@graph\":[{\"@type\":\"Organization\",\"@id\":\"https:\/\/circutor.com\/#organization\",\"name\":\"Circutor\",\"url\":\"https:\/\/circutor.com\/\",\"sameAs\":[\"https:\/\/www.instagram.com\/circutor_es\",\"https:\/\/www.linkedin.com\/company\/circutor\",\"https:\/\/www.youtube.com\/user\/CIRCUTORoficial\",\"https:\/\/www.facebook.com\/CIRCUTOR.ES\",\"https:\/\/twitter.com\/circutor\"],\"logo\":{\"@type\":\"ImageObject\",\"inLanguage\":\"fr-FR\",\"@id\":\"https:\/\/circutor.com\/#\/schema\/logo\/image\/\",\"url\":\"https:\/\/circutor.com\/wp-content\/uploads\/2020\/09\/CIR_LOGO_RED.png\",\"contentUrl\":\"https:\/\/circutor.com\/wp-content\/uploads\/2020\/09\/CIR_LOGO_RED.png\",\"width\":512,\"height\":128,\"caption\":\"Circutor\"},\"image\":{\"@id\":\"https:\/\/circutor.com\/#\/schema\/logo\/image\/\"}},{\"@type\":\"WebSite\",\"@id\":\"https:\/\/circutor.com\/#website\",\"url\":\"https:\/\/circutor.com\/\",\"name\":\"CIRCUTOR\",\"description\":\"Soluciones para la eficiencia energ\u00e9tica el\u00e9ctrica\",\"publisher\":{\"@id\":\"https:\/\/circutor.com\/#organization\"},\"potentialAction\":[{\"@type\":\"SearchAction\",\"target\":{\"@type\":\"EntryPoint\",\"urlTemplate\":\"https:\/\/circutor.com\/?s={search_term_string}\"},\"query-input\":\"required name=search_term_string\"}],\"inLanguage\":\"fr-FR\"},{\"@type\":\"WebPage\",\"@id\":\"https:\/\/circutor.com\/fr\/support\/formation\/\",\"url\":\"https:\/\/circutor.com\/fr\/support\/formation\/\",\"name\":\"Formation - CIRCUTOR\",\"isPartOf\":{\"@id\":\"https:\/\/circutor.com\/#website\"},\"datePublished\":\"2021-08-16T12:15:44+00:00\",\"dateModified\":\"2022-11-07T10:08:09+00:00\",\"description\":\"Vivimos tiempos en que la tecnolog\u00eda, la innovaci\u00f3n y la informaci\u00f3n cambian y circulan cada vez con m\u00e1s agilidad. En Circutor nos adaptamos para ofrecer constantes formaciones online y eventos centrados en preparar a los creadores del sector el\u00e9ctrico del futuro.\",\"breadcrumb\":{\"@id\":\"https:\/\/circutor.com\/fr\/support\/formation\/#breadcrumb\"},\"inLanguage\":\"fr-FR\",\"potentialAction\":[{\"@type\":\"ReadAction\",\"target\":[\"https:\/\/circutor.com\/fr\/support\/formation\/\"]}]},{\"@type\":\"BreadcrumbList\",\"@id\":\"https:\/\/circutor.com\/fr\/support\/formation\/#breadcrumb\",\"itemListElement\":[{\"@type\":\"ListItem\",\"position\":1,\"name\":\"Portada\",\"item\":\"https:\/\/circutor.com\/fr\/\"},{\"@type\":\"ListItem\",\"position\":2,\"name\":\"Support\",\"item\":\"https:\/\/circutor.com\/fr\/support\/\"},{\"@type\":\"ListItem\",\"position\":3,\"name\":\"Formation\"}]}]}<\/script>\n<!-- \/ Yoast SEO plugin. -->","yoast_head_json":{"title":"Formation - CIRCUTOR","description":"Vivimos tiempos en que la tecnolog\u00eda, la innovaci\u00f3n y la informaci\u00f3n cambian y circulan cada vez con m\u00e1s agilidad. En Circutor nos adaptamos para ofrecer constantes formaciones online y eventos centrados en preparar a los creadores del sector el\u00e9ctrico del futuro.","robots":{"index":"index","follow":"follow","max-snippet":"max-snippet:-1","max-image-preview":"max-image-preview:large","max-video-preview":"max-video-preview:-1"},"canonical":"https:\/\/circutor.com\/fr\/support\/formation\/","og_locale":"fr_FR","og_type":"article","og_title":"Formation - CIRCUTOR","og_description":"Vivimos tiempos en que la tecnolog\u00eda, la innovaci\u00f3n y la informaci\u00f3n cambian y circulan cada vez con m\u00e1s agilidad. En Circutor nos adaptamos para ofrecer constantes formaciones online y eventos centrados en preparar a los creadores del sector el\u00e9ctrico del futuro.","og_url":"https:\/\/circutor.com\/fr\/support\/formation\/","og_site_name":"CIRCUTOR","article_publisher":"https:\/\/www.facebook.com\/CIRCUTOR.ES","article_modified_time":"2022-11-07T10:08:09+00:00","og_image":[{"width":1299,"height":354,"url":"https:\/\/circutor.com\/wp-content\/uploads\/2022\/07\/Circutor_Logo_Color.png","type":"image\/png"}],"twitter_card":"summary_large_image","twitter_site":"@circutor","twitter_misc":{"Dur\u00e9e de lecture estim\u00e9e":"1 minute"},"schema":{"@context":"https:\/\/schema.org","@graph":[{"@type":"Organization","@id":"https:\/\/circutor.com\/#organization","name":"Circutor","url":"https:\/\/circutor.com\/","sameAs":["https:\/\/www.instagram.com\/circutor_es","https:\/\/www.linkedin.com\/company\/circutor","https:\/\/www.youtube.com\/user\/CIRCUTORoficial","https:\/\/www.facebook.com\/CIRCUTOR.ES","https:\/\/twitter.com\/circutor"],"logo":{"@type":"ImageObject","inLanguage":"fr-FR","@id":"https:\/\/circutor.com\/#\/schema\/logo\/image\/","url":"https:\/\/circutor.com\/wp-content\/uploads\/2020\/09\/CIR_LOGO_RED.png","contentUrl":"https:\/\/circutor.com\/wp-content\/uploads\/2020\/09\/CIR_LOGO_RED.png","width":512,"height":128,"caption":"Circutor"},"image":{"@id":"https:\/\/circutor.com\/#\/schema\/logo\/image\/"}},{"@type":"WebSite","@id":"https:\/\/circutor.com\/#website","url":"https:\/\/circutor.com\/","name":"CIRCUTOR","description":"Soluciones para la eficiencia energ\u00e9tica el\u00e9ctrica","publisher":{"@id":"https:\/\/circutor.com\/#organization"},"potentialAction":[{"@type":"SearchAction","target":{"@type":"EntryPoint","urlTemplate":"https:\/\/circutor.com\/?s={search_term_string}"},"query-input":"required name=search_term_string"}],"inLanguage":"fr-FR"},{"@type":"WebPage","@id":"https:\/\/circutor.com\/fr\/support\/formation\/","url":"https:\/\/circutor.com\/fr\/support\/formation\/","name":"Formation - CIRCUTOR","isPartOf":{"@id":"https:\/\/circutor.com\/#website"},"datePublished":"2021-08-16T12:15:44+00:00","dateModified":"2022-11-07T10:08:09+00:00","description":"Vivimos tiempos en que la tecnolog\u00eda, la innovaci\u00f3n y la informaci\u00f3n cambian y circulan cada vez con m\u00e1s agilidad. En Circutor nos adaptamos para ofrecer constantes formaciones online y eventos centrados en preparar a los creadores del sector el\u00e9ctrico del futuro.","breadcrumb":{"@id":"https:\/\/circutor.com\/fr\/support\/formation\/#breadcrumb"},"inLanguage":"fr-FR","potentialAction":[{"@type":"ReadAction","target":["https:\/\/circutor.com\/fr\/support\/formation\/"]}]},{"@type":"BreadcrumbList","@id":"https:\/\/circutor.com\/fr\/support\/formation\/#breadcrumb","itemListElement":[{"@type":"ListItem","position":1,"name":"Portada","item":"https:\/\/circutor.com\/fr\/"},{"@type":"ListItem","position":2,"name":"Support","item":"https:\/\/circutor.com\/fr\/support\/"},{"@type":"ListItem","position":3,"name":"Formation"}]}]}},"_links":{"self":[{"href":"https:\/\/circutor.com\/fr\/wp-json\/wp\/v2\/pages\/10059"}],"collection":[{"href":"https:\/\/circutor.com\/fr\/wp-json\/wp\/v2\/pages"}],"about":[{"href":"https:\/\/circutor.com\/fr\/wp-json\/wp\/v2\/types\/page"}],"author":[{"embeddable":true,"href":"https:\/\/circutor.com\/fr\/wp-json\/wp\/v2\/users\/1"}],"replies":[{"embeddable":true,"href":"https:\/\/circutor.com\/fr\/wp-json\/wp\/v2\/comments?post=10059"}],"version-history":[{"count":0,"href":"https:\/\/circutor.com\/fr\/wp-json\/wp\/v2\/pages\/10059\/revisions"}],"up":[{"embeddable":true,"href":"https:\/\/circutor.com\/fr\/wp-json\/wp\/v2\/pages\/10049"}],"wp:attachment":[{"href":"https:\/\/circutor.com\/fr\/wp-json\/wp\/v2\/media?parent=10059"}],"curies":[{"name":"wp","href":"https:\/\/api.w.org\/{rel}","templated":true}]}}