{"id":10028,"date":"2021-08-12T11:26:38","date_gmt":"2021-08-12T11:26:38","guid":{"rendered":"http:\/\/circutor-wp.atic.blue\/?page_id=10028"},"modified":"2022-09-05T10:01:27","modified_gmt":"2022-09-05T08:01:27","slug":"produits-et-solutions-circutor","status":"publish","type":"page","link":"https:\/\/circutor.com\/fr\/produits-et-solutions-circutor\/","title":{"rendered":"Produits"},"content":{"rendered":"<p>[vc_row el_class=\u00a0\u00bbbreadcrumb\u00a0\u00bb][vc_column]<div itemscope itemtype=\"https:\/\/schema.org\/BreadcrumbList\" id=\"breadcrumb\"><div itemprop=\"itemListElement\" itemscope itemtype=\"https:\/\/schema.org\/ListItem\"><a itemprop=\"item\" href=\"https:\/\/circutor.com\/fr\/\"><span itemprop=\"name\">Home<\/span><\/a><meta itemprop=\"position\" content=\"1\" \/><\/div><div itemprop=\"itemListElement\" itemscope itemtype=\"https:\/\/schema.org\/ListItem\"><span><i class=\"ico-guil-singl-right\"><\/i><\/span><span class=\"active_item_breadcrumb\" itemprop=\"name\">Produits<\/span><meta itemprop=\"position\" content=\"3\"><\/div><\/div>[\/vc_column][\/vc_row][vc_row el_class=\u00a0\u00bbbloque productos_top\u00a0\u00bb][vc_column width=\u00a0\u00bb7\/12&Prime;][vc_column_text el_class=\u00a0\u00bbtitulo_principal_pagina_productos\u00a0\u00bb]<\/p>\n<h1>Large gamme de produits et de solutions compl\u00e8tes pour am\u00e9liorer l&rsquo;efficacit\u00e9 de l&rsquo;\u00e9nergie \u00e9lectrique.<\/h1>\n<p>[\/vc_column_text][vc_wp_search el_class=\u00a0\u00bbbuscador_productos\u00a0\u00bb][\/vc_column][vc_column width=\u00a0\u00bb5\/12&Prime;][\/vc_column][\/vc_row][vc_row el_class=\u00a0\u00bbbloque productos_listado\u00a0\u00bb][vc_column][vc_row_inner][vc_column_inner width=\"1\/3\"][vc_column_text el_class=\"item_listado_productos\"]\n        <h2><p class=\"large\"><a href=\"https:\/\/circutor.com\/fr\/produits\/mesure-et-controle\/\">Mesure et contr\u00f4le<\/a><\/p><\/h2>\n\n        <ul><h3><li><a href=\"https:\/\/circutor.com\/fr\/produits\/mesure-et-controle\/analyseurs-de-reseaux-fixes\/\">Analyseurs de r\u00e9seaux fixes<\/a> <i class=\"ico-guil-singl-right\"><\/i><\/li><\/h3><h3><li><a href=\"https:\/\/circutor.com\/fr\/produits\/mesure-et-controle\/transformateurs-de-courant-et-shunts\/\">Transformateurs de courant et shunts<\/a> <i class=\"ico-guil-singl-right\"><\/i><\/li><\/h3><h3><li><a href=\"https:\/\/circutor.com\/fr\/produits\/mesure-et-controle\/automatisation-et-controle\/\">Automatisation et contr\u00f4le<\/a> <i class=\"ico-guil-singl-right\"><\/i><\/li><\/h3><h3><li><a href=\"https:\/\/circutor.com\/fr\/produits\/mesure-et-controle\/analyseurs-de-reseaux-portables\/\">Analyseurs de r\u00e9seaux portables<\/a> <i class=\"ico-guil-singl-right\"><\/i><\/li><\/h3><h3><li><a href=\"https:\/\/circutor.com\/fr\/produits\/mesure-et-controle\/instrumentation-numerique-et-convertisseurs-de-mesure\/\">Instrumentation num\u00e9rique et convertisseurs de mesure<\/a> <i class=\"ico-guil-singl-right\"><\/i><\/li><\/h3><h3><li><a href=\"https:\/\/circutor.com\/fr\/produits\/mesure-et-controle\/instrumentation-analogique\/\">Instrumentation analogique<\/a> <i class=\"ico-guil-singl-right\"><\/i><\/li><\/h3><\/ul>\n        [\/vc_column_text][\/vc_column_inner][vc_column_inner width=\"1\/3\"][vc_column_text el_class=\"item_listado_productos\"]\n        <h2><p class=\"large\"><a href=\"https:\/\/circutor.com\/fr\/produits\/metering\/\">Metering<\/a><\/p><\/h2>\n\n        <ul><h3><li><a href=\"https:\/\/circutor.com\/fr\/produits\/metering\/compteur-d-energie-pour-facturation\/\">Compteur d\u2019\u00e9nergie pour facturation<\/a> <i class=\"ico-guil-singl-right\"><\/i><\/li><\/h3><h3><li><a href=\"https:\/\/circutor.com\/fr\/produits\/metering\/accessoires-pour-compteurs\/\">Accessoires pour compteurs<\/a> <i class=\"ico-guil-singl-right\"><\/i><\/li><\/h3><h3><li><a href=\"https:\/\/circutor.com\/fr\/produits\/metering\/compteurs-d-energie-electrique-pour-consommations-partielles\/\">Compteurs d'\u00e9nergie \u00e9lectrique pour consommations partielles<\/a> <i class=\"ico-guil-singl-right\"><\/i><\/li><\/h3><\/ul>\n        [\/vc_column_text][\/vc_column_inner][vc_column_inner width=\"1\/3\"][vc_column_text el_class=\"item_listado_productos\"]\n        <h2><p class=\"large\"><a href=\"https:\/\/circutor.com\/fr\/produits\/protection-et-controle\/\">Protection et contr\u00f4le<\/a><\/p><\/h2>\n\n        <ul><h3><li><a href=\"https:\/\/circutor.com\/fr\/produits\/protection-et-controle\/protection-differentielle\/\">Protection diff\u00e9rentielle<\/a> <i class=\"ico-guil-singl-right\"><\/i><\/li><\/h3><h3><li><a href=\"https:\/\/circutor.com\/fr\/produits\/protection-et-controle\/protection-differentielle-et-magnetothermique-avec-reconnexion\/\">Protection diff\u00e9rentielle et magn\u00e9tothermique avec reconnexion<\/a> <i class=\"ico-guil-singl-right\"><\/i><\/li><\/h3><h3><li><a href=\"https:\/\/circutor.com\/fr\/produits\/protection-et-controle\/protection-et-controle-pour-vehicule-electrique\/\">Protection et contr\u00f4le pour v\u00e9hicule \u00e9lectrique<\/a> <i class=\"ico-guil-singl-right\"><\/i><\/li><\/h3><h3><li><a href=\"https:\/\/circutor.com\/fr\/produits\/protection-et-controle\/relais-et-elements-de-controle\/\">Relais et \u00e9l\u00e9ments de contr\u00f4le<\/a> <i class=\"ico-guil-singl-right\"><\/i><\/li><\/h3><h3><li><a href=\"https:\/\/circutor.com\/fr\/produits\/protection-et-controle\/transformateurs-de-courant-de-protection\/\">Transformateurs de courant de protection<\/a> <i class=\"ico-guil-singl-right\"><\/i><\/li><\/h3><h3><li><a href=\"https:\/\/circutor.com\/fr\/produits\/protection-et-controle\/equipements-de-verification-de-ct\/\">\u00c9quipements de v\u00e9rification de CT<\/a> <i class=\"ico-guil-singl-right\"><\/i><\/li><\/h3><\/ul>\n        [\/vc_column_text][\/vc_column_inner][\/vc_row_inner][vc_row_inner][vc_column_inner width=\"1\/3\"][vc_column_text el_class=\"item_listado_productos\"]\n        <h2><p class=\"large\"><a href=\"https:\/\/circutor.com\/fr\/produits\/compensation-d-energie-reactive-et-filtrage-d-harmoniques\/\">Compensation d'\u00e9nergie r\u00e9active et filtrage d'harmoniques<\/a><\/p><\/h2>\n\n        <ul><h3><li><a href=\"https:\/\/circutor.com\/fr\/produits\/compensation-d-energie-reactive-et-filtrage-d-harmoniques\/regulateurs-d-energie-reactive\/\">R\u00e9gulateurs d\u2019\u00e9nergie r\u00e9active<\/a> <i class=\"ico-guil-singl-right\"><\/i><\/li><\/h3><h3><li><a href=\"https:\/\/circutor.com\/fr\/produits\/compensation-d-energie-reactive-et-filtrage-d-harmoniques\/condensateurs-et-reactances-bt\/\">Condensateurs et r\u00e9actances, BT<\/a> <i class=\"ico-guil-singl-right\"><\/i><\/li><\/h3><h3><li><a href=\"https:\/\/circutor.com\/fr\/produits\/compensation-d-energie-reactive-et-filtrage-d-harmoniques\/batteries-de-condensateurs-bt\/\">Batteries de condensateurs BT<\/a> <i class=\"ico-guil-singl-right\"><\/i><\/li><\/h3><h3><li><a href=\"https:\/\/circutor.com\/fr\/produits\/compensation-d-energie-reactive-et-filtrage-d-harmoniques\/generateur-statique-de-reactif\/\">G\u00e9n\u00e9rateur statique de r\u00e9actif<\/a> <i class=\"ico-guil-singl-right\"><\/i><\/li><\/h3><h3><li><a href=\"https:\/\/circutor.com\/fr\/produits\/compensation-d-energie-reactive-et-filtrage-d-harmoniques\/filtres-d-harmoniques\/\">Filtres d'harmoniques<\/a> <i class=\"ico-guil-singl-right\"><\/i><\/li><\/h3><h3><li><a href=\"https:\/\/circutor.com\/fr\/produits\/compensation-d-energie-reactive-et-filtrage-d-harmoniques\/condensateurs-et-accessoires-mt\/\">Condensateurs et accessoires MT<\/a> <i class=\"ico-guil-singl-right\"><\/i><\/li><\/h3><h3><li><a href=\"https:\/\/circutor.com\/fr\/produits\/compensation-d-energie-reactive-et-filtrage-d-harmoniques\/batteries-de-condensateurs-mt\/\">Batteries de condensateurs MT<\/a> <i class=\"ico-guil-singl-right\"><\/i><\/li><\/h3><\/ul>\n        [\/vc_column_text][\/vc_column_inner][vc_column_inner width=\"1\/3\"][vc_column_text el_class=\"item_listado_productos\"]\n        <h2><p class=\"large\"><a href=\"https:\/\/circutor.com\/fr\/produits\/energies-renouvelables\/\">\u00c9nergies renouvelables<\/a><\/p><\/h2>\n\n        <ul><h3><li><a href=\"https:\/\/circutor.com\/fr\/produits\/energies-renouvelables\/auvents-solaires\/\">Auvents solaires<\/a> <i class=\"ico-guil-singl-right\"><\/i><\/li><\/h3><h3><li><a href=\"https:\/\/circutor.com\/fr\/produits\/energies-renouvelables\/kits-autoconsommation-instantanee\/\">kits autoconsommation instantan\u00e9e<\/a> <i class=\"ico-guil-singl-right\"><\/i><\/li><\/h3><h3><li><a href=\"https:\/\/circutor.com\/fr\/produits\/energies-renouvelables\/surveillance-d-installations-photovoltaiques\/\">Surveillance d\u2019installations photovolta\u00efques<\/a> <i class=\"ico-guil-singl-right\"><\/i><\/li><\/h3><h3><li><a href=\"https:\/\/circutor.com\/fr\/produits\/energies-renouvelables\/structures-de-soutien\/\">Structures de soutien<\/a> <i class=\"ico-guil-singl-right\"><\/i><\/li><\/h3><h3><li><a href=\"https:\/\/circutor.com\/fr\/produits\/energies-renouvelables\/systemes-de-stockage-d-energie-par-batterie\/\">Syst\u00e8mes de stockage d'\u00e9nergie par batterie<\/a> <i class=\"ico-guil-singl-right\"><\/i><\/li><\/h3><h3><li><a href=\"https:\/\/circutor.com\/fr\/produits\/energies-renouvelables\/autres-divers\/\">Autres divers<\/a> <i class=\"ico-guil-singl-right\"><\/i><\/li><\/h3><\/ul>\n        [\/vc_column_text][\/vc_column_inner][vc_column_inner width=\"1\/3\"][vc_column_text el_class=\"item_listado_productos\"]\n        <h2><p class=\"large\"><a href=\"https:\/\/circutor.com\/fr\/produits\/logiciels\/\">Logiciels<\/a><\/p><\/h2>\n\n        <ul><h3><li><a href=\"https:\/\/circutor.com\/fr\/produits\/logiciels\/logiciel-en-nuage\/\">Logiciel en nuage<\/a> <i class=\"ico-guil-singl-right\"><\/i><\/li><\/h3><h3><li><a href=\"https:\/\/circutor.com\/fr\/produits\/logiciels\/logiciel-sur-site\/\">Logiciel sur site<\/a> <i class=\"ico-guil-singl-right\"><\/i><\/li><\/h3><\/ul>\n        [\/vc_column_text][\/vc_column_inner][\/vc_row_inner][vc_row_inner][vc_column_inner width=\"1\/3\"][vc_column_text el_class=\"item_listado_productos\"]\n        <h2><p class=\"large\"><a href=\"https:\/\/circutor.com\/fr\/produits\/iot-industriel-et-automatisation\/\">IoT industriel et automatisation<\/a><\/p><\/h2>\n\n        <ul><h3><li><a href=\"https:\/\/circutor.com\/fr\/produits\/iot-industriel-et-automatisation\/controleurs-esp32-edge\/\">Contr\u00f4leurs ESP32 Edge<\/a> <i class=\"ico-guil-singl-right\"><\/i><\/li><\/h3><h3><li><a href=\"https:\/\/circutor.com\/fr\/produits\/iot-industriel-et-automatisation\/controleurs-arm-edge\/\">Contr\u00f4leurs ARM Edge<\/a> <i class=\"ico-guil-singl-right\"><\/i><\/li><\/h3><h3><li><a href=\"https:\/\/circutor.com\/fr\/produits\/iot-industriel-et-automatisation\/enregistreur-de-donnees-ems-et-scada-integres\/\">Enregistreur de donn\u00e9es EMS et SCADA int\u00e9gr\u00e9s<\/a> <i class=\"ico-guil-singl-right\"><\/i><\/li><\/h3><h3><li><a href=\"https:\/\/circutor.com\/fr\/produits\/iot-industriel-et-automatisation\/convertisseurs-et-passerelles\/\">Convertisseurs et passerelles<\/a> <i class=\"ico-guil-singl-right\"><\/i><\/li><\/h3><h3><li><a href=\"https:\/\/circutor.com\/fr\/produits\/iot-industriel-et-automatisation\/centralisateurs-d-entree-et-de-sortie\/\">Centralisateurs d\u2019entr\u00e9e et de sortie<\/a> <i class=\"ico-guil-singl-right\"><\/i><\/li><\/h3><h3><li><a href=\"https:\/\/circutor.com\/fr\/produits\/iot-industriel-et-automatisation\/accessoires-et-antennes\/\">Accessoires et antennes<\/a> <i class=\"ico-guil-singl-right\"><\/i><\/li><\/h3><\/ul>\n        [\/vc_column_text][\/vc_column_inner][\/vc_row_inner][\/vc_column][\/vc_row][vc_row el_class=\u00a0\u00bbbloque accesos_home accesos_productos\u00a0\u00bb][vc_column][vc_row_inner][vc_column_inner el_class=\u00a0\u00bbitem_quick\u00a0\u00bb width=\u00a0\u00bb1\/3&Prime;][vc_column_text]<\/p>\n<h6 class=\"wrap-title\">PRODUITS EN VEDETTE<\/h6>\n<p>[\/vc_column_text]<div class=\"producto_destacado\"><a href=\"https:\/\/circutor.com\/fr\/produits\/logiciels\/logiciel-sur-site\/logiciel-de-gestion-energetique\/\"><div class=\"item general lanzamiento animacion_caja\"><div class=\"imagen imagen-borde\"><img src=\"https:\/\/d7rh5s3nxmpy4.cloudfront.net\/CMP911\/CT1458BI2290_W201_PowerStudio_Universe_THM.jpg\"><\/div><div class=\"details\"><p class=\"titulo\">Logiciel de gestion \u00e9nerg\u00e9tique<\/p><\/div><\/div><\/a><\/div>[\/vc_column_inner][vc_column_inner el_class=\u00a0\u00bbitem_accesos\u00a0\u00bb width=\u00a0\u00bb1\/3&Prime;][vc_column_text el_class=\u00a0\u00bbtem_accesos\u00a0\u00bb]<\/p>\n<h6 class=\"wrap-title\">PRODUITS LES PLUS VISIT\u00c9S<\/h6>\n<p>[\/vc_column_text][vc_raw_html]JTNDdWwlM0UlMEElMEElM0NsaSUzRSUzQ3AlMjBjbGFzcyUzRCUyMnNtYWxsJTIyJTNFJTNDYSUyMGhyZWYlM0QlMkZmciUyRnByb2R1aXRzJTJGbWVzdXJlLWV0LWNvbnRyb2xlJTJGYW5hbHlzZXVycy1kZS1yZXNlYXV4LWZpeGVzJTJGYW5hbHlzZXVyLWRlLXJlc2VhdXgtZml4ZXMlMkZwcm9kdWN0JTJGTTU2MDExLiUyRiUzRSUzQ3NwYW4lM0VDVk0tQjEwMC1JVEYtNDg1LUlDVDIlM0MlMkZzcGFuJTNFQW5hbHlzZXVyJTIwZGUlMjByJUMzJUE5c2VhdXglMjBwYW5uZWF1JTNDaSUyMGNsYXNzJTNEJTIyaWNvLWd1aWwtc2luZ2wtcmlnaHQlMjIlM0UlM0MlMkZpJTNFJTNDJTJGYSUzRSUzQyUyRnAlM0UlM0MlMkZsaSUzRSUwQSUwQSUzQ2xpJTNFJTNDcCUyMGNsYXNzJTNEJTIyc21hbGwlMjIlM0UlM0NhJTIwaHJlZiUzRCUyRmZyJTJGcHJvZHVpdHMlMkZwcm90ZWN0aW9uLWV0LWNvbnRyb2xlJTJGcHJvdGVjdGlvbi1kaWZmZXJlbnRpZWxsZSUyRnByb3RlY3Rpb24tZGlmZmVyZW50aWVsbGUtdHlwZS1iJTJGcHJvZHVjdCUyRlAxMTk2MS4lMkYlM0UlMEElM0NzcGFuJTNFUkdVLTEwMEIlM0MlMkZzcGFuJTNFUmVsYWlzJTIwZGUlMjBwcm90ZWN0aW9uJTIwZXQlMjBkZSUyMHN1cnZlaWxsYW5jZSVFMiU4MCVBNiUzQ2klMjBjbGFzcyUzRCUyMmljby1ndWlsLXNpbmdsLXJpZ2h0JTIyJTNFJTNDJTJGaSUzRSUzQyUyRmElM0UlM0MlMkZwJTNFJTNDJTJGbGklM0UlMEElMEElM0NsaSUzRSUzQ3AlMjBjbGFzcyUzRCUyMnNtYWxsJTIyJTNFJTNDYSUyMGhyZWYlM0QlMjIlMjMlMjIlMjAlM0UlM0NzcGFuJTNFVEM2JTIwMjAwJTJGNUElM0MlMkZzcGFuJTNFVHJhbnNmb3JtYWRvciUyMGRlJTIwY29ycmllbnRlJTIwZGUlMjBtZWRpZGElMjBlbiUyMGFsdGVyJUUyJTgwJUE2JTNDaSUyMGNsYXNzJTNEJTIyaWNvLWd1aWwtc2luZ2wtcmlnaHQlMjIlM0UlM0MlMkZpJTNFJTNDJTJGYSUzRSUzQyUyRnAlM0UlM0MlMkZsaSUzRSUwQSUwQSUzQyUyRnVsJTNF[\/vc_raw_html][\/vc_column_inner][vc_column_inner width=\u00a0\u00bb1\/3&Prime;][vc_column_text]<\/p>\n<h6 class=\"wrap-title\">NEWSLETTER<\/h6>\n<p>[\/vc_column_text][vc_column_text css=\u00a0\u00bb.vc_custom_1649255167643{background-color: #f3f4f5 !important;}\u00a0\u00bb]<script src=\"\/\/info.circutor.es\/js\/forms2\/js\/forms2.min.js\"><\/script><\/p>\n<form id=\"mktoForm_1132\"><\/form>\n<p><script>MktoForms2.loadForm(\"\/\/info.circutor.es\", \"940-CSD-667\", 1132);<\/script>[\/vc_column_text][\/vc_column_inner][\/vc_row_inner][\/vc_column][\/vc_row][vc_row el_class=\u00a0\u00bbbloque promo-productos\u00a0\u00bb][vc_column width=\u00a0\u00bb1\/3&Prime;][\/vc_column][vc_column width=\u00a0\u00bb2\/3&Prime; el_class=\u00a0\u00bbitem_promo\u00a0\u00bb][vc_single_image image=\u00a0\u00bb145&Prime; img_size=\u00a0\u00bbfull\u00a0\u00bb][vc_row_inner][vc_column_inner width=\u00a0\u00bb1\/2&Prime;][vc_column_text]<\/p>\n<h2>Logiciel de gestion \u00e9nerg\u00e9tique<\/h2>\n<p>[\/vc_column_text][\/vc_column_inner][vc_column_inner width=\u00a0\u00bb1\/2&Prime;][vc_single_image image=\u00a0\u00bb147&Prime; img_size=\u00a0\u00bbfull\u00a0\u00bb alignment=\u00a0\u00bbright\u00a0\u00bb][\/vc_column_inner][\/vc_row_inner][vc_column_text el_class=\u00a0\u00bbenlace_promo\u00a0\u00bb]<a class=\"boton_enlace\" href=\"\/fr\/produits\/mesure-et-controle\/logiciel-de-gestion\/serie\/powerstudio\/\">Contr\u00f4le de la consommation <i class=\"ico-arrow-right\"><\/i><\/a>[\/vc_column_text][\/vc_column][\/vc_row]<\/p>\n","protected":false},"excerpt":{"rendered":"<p>[vc_row el_class=\u00a0\u00bbbreadcrumb\u00a0\u00bb][vc_column][\/vc_column][\/vc_row][vc_row el_class=\u00a0\u00bbbloque productos_top\u00a0\u00bb][vc_column width=\u00a0\u00bb7\/12&Prime;][vc_column_text el_class=\u00a0\u00bbtitulo_principal_pagina_productos\u00a0\u00bb] Large gamme de produits et de solutions compl\u00e8tes pour am\u00e9liorer l&rsquo;efficacit\u00e9 de l&rsquo;\u00e9nergie \u00e9lectrique. [\/vc_column_text][vc_wp_search el_class=\u00a0\u00bbbuscador_productos\u00a0\u00bb][\/vc_column][vc_column width=\u00a0\u00bb5\/12&Prime;][\/vc_column][\/vc_row][vc_row el_class=\u00a0\u00bbbloque productos_listado\u00a0\u00bb][vc_column][\/vc_column][\/vc_row][vc_row el_class=\u00a0\u00bbbloque accesos_home accesos_productos\u00a0\u00bb][vc_column][vc_row_inner][vc_column_inner el_class=\u00a0\u00bbitem_quick\u00a0\u00bb width=\u00a0\u00bb1\/3&Prime;][vc_column_text] PRODUITS EN VEDETTE [\/vc_column_text][\/vc_column_inner][vc_column_inner el_class=\u00a0\u00bbitem_accesos\u00a0\u00bb width=\u00a0\u00bb1\/3&Prime;][vc_column_text el_class=\u00a0\u00bbtem_accesos\u00a0\u00bb] PRODUITS LES PLUS VISIT\u00c9S [\/vc_column_text][vc_raw_html]JTNDdWwlM0UlMEElMEElM0NsaSUzRSUzQ3AlMjBjbGFzcyUzRCUyMnNtYWxsJTIyJTNFJTNDYSUyMGhyZWYlM0QlMkZmciUyRnByb2R1aXRzJTJGbWVzdXJlLWV0LWNvbnRyb2xlJTJGYW5hbHlzZXVycy1kZS1yZXNlYXV4LWZpeGVzJTJGYW5hbHlzZXVyLWRlLXJlc2VhdXgtZml4ZXMlMkZwcm9kdWN0JTJGTTU2MDExLiUyRiUzRSUzQ3NwYW4lM0VDVk0tQjEwMC1JVEYtNDg1LUlDVDIlM0MlMkZzcGFuJTNFQW5hbHlzZXVyJTIwZGUlMjByJUMzJUE5c2VhdXglMjBwYW5uZWF1JTNDaSUyMGNsYXNzJTNEJTIyaWNvLWd1aWwtc2luZ2wtcmlnaHQlMjIlM0UlM0MlMkZpJTNFJTNDJTJGYSUzRSUzQyUyRnAlM0UlM0MlMkZsaSUzRSUwQSUwQSUzQ2xpJTNFJTNDcCUyMGNsYXNzJTNEJTIyc21hbGwlMjIlM0UlM0NhJTIwaHJlZiUzRCUyRmZyJTJGcHJvZHVpdHMlMkZwcm90ZWN0aW9uLWV0LWNvbnRyb2xlJTJGcHJvdGVjdGlvbi1kaWZmZXJlbnRpZWxsZSUyRnByb3RlY3Rpb24tZGlmZmVyZW50aWVsbGUtdHlwZS1iJTJGcHJvZHVjdCUyRlAxMTk2MS4lMkYlM0UlMEElM0NzcGFuJTNFUkdVLTEwMEIlM0MlMkZzcGFuJTNFUmVsYWlzJTIwZGUlMjBwcm90ZWN0aW9uJTIwZXQlMjBkZSUyMHN1cnZlaWxsYW5jZSVFMiU4MCVBNiUzQ2klMjBjbGFzcyUzRCUyMmljby1ndWlsLXNpbmdsLXJpZ2h0JTIyJTNFJTNDJTJGaSUzRSUzQyUyRmElM0UlM0MlMkZwJTNFJTNDJTJGbGklM0UlMEElMEElM0NsaSUzRSUzQ3AlMjBjbGFzcyUzRCUyMnNtYWxsJTIyJTNFJTNDYSUyMGhyZWYlM0QlMjIlMjMlMjIlMjAlM0UlM0NzcGFuJTNFVEM2JTIwMjAwJTJGNUElM0MlMkZzcGFuJTNFVHJhbnNmb3JtYWRvciUyMGRlJTIwY29ycmllbnRlJTIwZGUlMjBtZWRpZGElMjBlbiUyMGFsdGVyJUUyJTgwJUE2JTNDaSUyMGNsYXNzJTNEJTIyaWNvLWd1aWwtc2luZ2wtcmlnaHQlMjIlM0UlM0MlMkZpJTNFJTNDJTJGYSUzRSUzQyUyRnAlM0UlM0MlMkZsaSUzRSUwQSUwQSUzQyUyRnVsJTNF[\/vc_raw_html][\/vc_column_inner][vc_column_inner width=\u00a0\u00bb1\/3&Prime;][vc_column_text] NEWSLETTER [\/vc_column_text][vc_column_text css=\u00a0\u00bb.vc_custom_1649255167643{background-color: #f3f4f5 !important;}\u00a0\u00bb] [\/vc_column_text][\/vc_column_inner][\/vc_row_inner][\/vc_column][\/vc_row][vc_row el_class=\u00a0\u00bbbloque promo-productos\u00a0\u00bb][vc_column width=\u00a0\u00bb1\/3&Prime;][\/vc_column][vc_column width=\u00a0\u00bb2\/3&Prime; el_class=\u00a0\u00bbitem_promo\u00a0\u00bb][vc_single_image image=\u00a0\u00bb145&Prime; [&hellip;]<\/p>\n","protected":false},"author":1,"featured_media":0,"parent":0,"menu_order":0,"comment_status":"closed","ping_status":"closed","template":"","meta":[],"acf":[],"yoast_head":"<!-- This site is optimized with the Yoast SEO plugin v19.4 - https:\/\/yoast.com\/wordpress\/plugins\/seo\/ -->\n<title>Produits CIRCUTOR<\/title>\n<meta name=\"description\" content=\"Gamme Circutor de produits et de solutions pour am\u00e9liorer l&#039;efficacit\u00e9 \u00e9nerg\u00e9tique \u00e9lectrique\" \/>\n<meta name=\"robots\" content=\"index, follow, max-snippet:-1, max-image-preview:large, max-video-preview:-1\" \/>\n<link rel=\"canonical\" href=\"https:\/\/circutor.com\/fr\/produits-et-solutions-circutor\/\" \/>\n<meta property=\"og:locale\" content=\"fr_FR\" \/>\n<meta property=\"og:type\" content=\"article\" \/>\n<meta property=\"og:title\" content=\"Produits CIRCUTOR\" \/>\n<meta property=\"og:description\" content=\"Gamme Circutor de produits et de solutions pour am\u00e9liorer l&#039;efficacit\u00e9 \u00e9nerg\u00e9tique \u00e9lectrique\" \/>\n<meta property=\"og:url\" content=\"https:\/\/circutor.com\/fr\/produits-et-solutions-circutor\/\" \/>\n<meta property=\"og:site_name\" content=\"CIRCUTOR\" \/>\n<meta property=\"article:publisher\" content=\"https:\/\/www.facebook.com\/CIRCUTOR.ES\" \/>\n<meta property=\"article:modified_time\" content=\"2022-09-05T08:01:27+00:00\" \/>\n<meta property=\"og:image\" content=\"https:\/\/circutor.com\/wp-content\/uploads\/2022\/07\/Circutor_Logo_Color.png\" \/>\n\t<meta property=\"og:image:width\" content=\"1299\" \/>\n\t<meta property=\"og:image:height\" content=\"354\" \/>\n\t<meta property=\"og:image:type\" content=\"image\/png\" \/>\n<meta name=\"twitter:card\" content=\"summary_large_image\" \/>\n<meta name=\"twitter:site\" content=\"@circutor\" \/>\n<meta name=\"twitter:label1\" content=\"Dur\u00e9e de lecture estim\u00e9e\" \/>\n\t<meta name=\"twitter:data1\" content=\"1 minute\" \/>\n<script type=\"application\/ld+json\" class=\"yoast-schema-graph\">{\"@context\":\"https:\/\/schema.org\",\"@graph\":[{\"@type\":\"Organization\",\"@id\":\"https:\/\/circutor.com\/#organization\",\"name\":\"Circutor\",\"url\":\"https:\/\/circutor.com\/\",\"sameAs\":[\"https:\/\/www.instagram.com\/circutor_es\",\"https:\/\/www.linkedin.com\/company\/circutor\",\"https:\/\/www.youtube.com\/user\/CIRCUTORoficial\",\"https:\/\/www.facebook.com\/CIRCUTOR.ES\",\"https:\/\/twitter.com\/circutor\"],\"logo\":{\"@type\":\"ImageObject\",\"inLanguage\":\"fr-FR\",\"@id\":\"https:\/\/circutor.com\/#\/schema\/logo\/image\/\",\"url\":\"https:\/\/circutor.com\/wp-content\/uploads\/2020\/09\/CIR_LOGO_RED.png\",\"contentUrl\":\"https:\/\/circutor.com\/wp-content\/uploads\/2020\/09\/CIR_LOGO_RED.png\",\"width\":512,\"height\":128,\"caption\":\"Circutor\"},\"image\":{\"@id\":\"https:\/\/circutor.com\/#\/schema\/logo\/image\/\"}},{\"@type\":\"WebSite\",\"@id\":\"https:\/\/circutor.com\/#website\",\"url\":\"https:\/\/circutor.com\/\",\"name\":\"CIRCUTOR\",\"description\":\"Soluciones para la eficiencia energ\u00e9tica el\u00e9ctrica\",\"publisher\":{\"@id\":\"https:\/\/circutor.com\/#organization\"},\"potentialAction\":[{\"@type\":\"SearchAction\",\"target\":{\"@type\":\"EntryPoint\",\"urlTemplate\":\"https:\/\/circutor.com\/?s={search_term_string}\"},\"query-input\":\"required name=search_term_string\"}],\"inLanguage\":\"fr-FR\"},{\"@type\":\"WebPage\",\"@id\":\"https:\/\/circutor.com\/fr\/produits-et-solutions-circutor\/\",\"url\":\"https:\/\/circutor.com\/fr\/produits-et-solutions-circutor\/\",\"name\":\"Produits CIRCUTOR\",\"isPartOf\":{\"@id\":\"https:\/\/circutor.com\/#website\"},\"datePublished\":\"2021-08-12T11:26:38+00:00\",\"dateModified\":\"2022-09-05T08:01:27+00:00\",\"description\":\"Gamme Circutor de produits et de solutions pour am\u00e9liorer l'efficacit\u00e9 \u00e9nerg\u00e9tique \u00e9lectrique\",\"breadcrumb\":{\"@id\":\"https:\/\/circutor.com\/fr\/produits-et-solutions-circutor\/#breadcrumb\"},\"inLanguage\":\"fr-FR\",\"potentialAction\":[{\"@type\":\"ReadAction\",\"target\":[\"https:\/\/circutor.com\/fr\/produits-et-solutions-circutor\/\"]}]},{\"@type\":\"BreadcrumbList\",\"@id\":\"https:\/\/circutor.com\/fr\/produits-et-solutions-circutor\/#breadcrumb\",\"itemListElement\":[{\"@type\":\"ListItem\",\"position\":1,\"name\":\"Portada\",\"item\":\"https:\/\/circutor.com\/fr\/\"},{\"@type\":\"ListItem\",\"position\":2,\"name\":\"Produits\"}]}]}<\/script>\n<!-- \/ Yoast SEO plugin. -->","yoast_head_json":{"title":"Produits CIRCUTOR","description":"Gamme Circutor de produits et de solutions pour am\u00e9liorer l'efficacit\u00e9 \u00e9nerg\u00e9tique \u00e9lectrique","robots":{"index":"index","follow":"follow","max-snippet":"max-snippet:-1","max-image-preview":"max-image-preview:large","max-video-preview":"max-video-preview:-1"},"canonical":"https:\/\/circutor.com\/fr\/produits-et-solutions-circutor\/","og_locale":"fr_FR","og_type":"article","og_title":"Produits CIRCUTOR","og_description":"Gamme Circutor de produits et de solutions pour am\u00e9liorer l'efficacit\u00e9 \u00e9nerg\u00e9tique \u00e9lectrique","og_url":"https:\/\/circutor.com\/fr\/produits-et-solutions-circutor\/","og_site_name":"CIRCUTOR","article_publisher":"https:\/\/www.facebook.com\/CIRCUTOR.ES","article_modified_time":"2022-09-05T08:01:27+00:00","og_image":[{"width":1299,"height":354,"url":"https:\/\/circutor.com\/wp-content\/uploads\/2022\/07\/Circutor_Logo_Color.png","type":"image\/png"}],"twitter_card":"summary_large_image","twitter_site":"@circutor","twitter_misc":{"Dur\u00e9e de lecture estim\u00e9e":"1 minute"},"schema":{"@context":"https:\/\/schema.org","@graph":[{"@type":"Organization","@id":"https:\/\/circutor.com\/#organization","name":"Circutor","url":"https:\/\/circutor.com\/","sameAs":["https:\/\/www.instagram.com\/circutor_es","https:\/\/www.linkedin.com\/company\/circutor","https:\/\/www.youtube.com\/user\/CIRCUTORoficial","https:\/\/www.facebook.com\/CIRCUTOR.ES","https:\/\/twitter.com\/circutor"],"logo":{"@type":"ImageObject","inLanguage":"fr-FR","@id":"https:\/\/circutor.com\/#\/schema\/logo\/image\/","url":"https:\/\/circutor.com\/wp-content\/uploads\/2020\/09\/CIR_LOGO_RED.png","contentUrl":"https:\/\/circutor.com\/wp-content\/uploads\/2020\/09\/CIR_LOGO_RED.png","width":512,"height":128,"caption":"Circutor"},"image":{"@id":"https:\/\/circutor.com\/#\/schema\/logo\/image\/"}},{"@type":"WebSite","@id":"https:\/\/circutor.com\/#website","url":"https:\/\/circutor.com\/","name":"CIRCUTOR","description":"Soluciones para la eficiencia energ\u00e9tica el\u00e9ctrica","publisher":{"@id":"https:\/\/circutor.com\/#organization"},"potentialAction":[{"@type":"SearchAction","target":{"@type":"EntryPoint","urlTemplate":"https:\/\/circutor.com\/?s={search_term_string}"},"query-input":"required name=search_term_string"}],"inLanguage":"fr-FR"},{"@type":"WebPage","@id":"https:\/\/circutor.com\/fr\/produits-et-solutions-circutor\/","url":"https:\/\/circutor.com\/fr\/produits-et-solutions-circutor\/","name":"Produits CIRCUTOR","isPartOf":{"@id":"https:\/\/circutor.com\/#website"},"datePublished":"2021-08-12T11:26:38+00:00","dateModified":"2022-09-05T08:01:27+00:00","description":"Gamme Circutor de produits et de solutions pour am\u00e9liorer l'efficacit\u00e9 \u00e9nerg\u00e9tique \u00e9lectrique","breadcrumb":{"@id":"https:\/\/circutor.com\/fr\/produits-et-solutions-circutor\/#breadcrumb"},"inLanguage":"fr-FR","potentialAction":[{"@type":"ReadAction","target":["https:\/\/circutor.com\/fr\/produits-et-solutions-circutor\/"]}]},{"@type":"BreadcrumbList","@id":"https:\/\/circutor.com\/fr\/produits-et-solutions-circutor\/#breadcrumb","itemListElement":[{"@type":"ListItem","position":1,"name":"Portada","item":"https:\/\/circutor.com\/fr\/"},{"@type":"ListItem","position":2,"name":"Produits"}]}]}},"_links":{"self":[{"href":"https:\/\/circutor.com\/fr\/wp-json\/wp\/v2\/pages\/10028"}],"collection":[{"href":"https:\/\/circutor.com\/fr\/wp-json\/wp\/v2\/pages"}],"about":[{"href":"https:\/\/circutor.com\/fr\/wp-json\/wp\/v2\/types\/page"}],"author":[{"embeddable":true,"href":"https:\/\/circutor.com\/fr\/wp-json\/wp\/v2\/users\/1"}],"replies":[{"embeddable":true,"href":"https:\/\/circutor.com\/fr\/wp-json\/wp\/v2\/comments?post=10028"}],"version-history":[{"count":0,"href":"https:\/\/circutor.com\/fr\/wp-json\/wp\/v2\/pages\/10028\/revisions"}],"wp:attachment":[{"href":"https:\/\/circutor.com\/fr\/wp-json\/wp\/v2\/media?parent=10028"}],"curies":[{"name":"wp","href":"https:\/\/api.w.org\/{rel}","templated":true}]}}