{"id":16503,"date":"2022-04-01T11:11:58","date_gmt":"2022-04-01T11:11:58","guid":{"rendered":"https:\/\/circutor.com\/?page_id=16503"},"modified":"2022-10-10T10:05:54","modified_gmt":"2022-10-10T08:05:54","slug":"notebooks","status":"publish","type":"page","link":"https:\/\/circutor.com\/en\/support\/training\/notebooks\/","title":{"rendered":"Notebooks"},"content":{"rendered":"<p>[vc_row][vc_column]<div itemscope itemtype=\"https:\/\/schema.org\/BreadcrumbList\" id=\"breadcrumb\"><div itemprop=\"itemListElement\" itemscope itemtype=\"https:\/\/schema.org\/ListItem\"><a itemprop=\"item\" href=\"https:\/\/circutor.com\/en\/\"><span itemprop=\"name\">Home<\/span><\/a><meta itemprop=\"position\" content=\"1\" \/><\/div><div itemprop=\"itemListElement\" itemscope itemtype=\"https:\/\/schema.org\/ListItem\"><span><i class=\"ico-guil-singl-right\"><\/i><\/span><a itemprop=\"item\" href=\"https:\/\/circutor.com\/en\/support\/\"><span itemprop=\"name\">Support<\/span><\/a><meta itemprop=\"position\" content=\"3\"><\/div><div itemprop=\"itemListElement\" itemscope itemtype=\"https:\/\/schema.org\/ListItem\"><span><i class=\"ico-guil-singl-right\"><\/i><\/span><a itemprop=\"item\" href=\"https:\/\/circutor.com\/en\/support\/training\/\"><span itemprop=\"name\">Training<\/span><\/a><meta itemprop=\"position\" content=\"4\"><\/div><div itemprop=\"itemListElement\" itemscope itemtype=\"https:\/\/schema.org\/ListItem\"><span><i class=\"ico-guil-singl-right\"><\/i><\/span><span class=\"active_item_breadcrumb\" itemprop=\"name\">Notebooks<\/span><meta itemprop=\"position\" content=\"5\"><\/div><\/div>[\/vc_column][\/vc_row][vc_row el_class=&#8221;banner_page_sin_foto banner_formacion&#8221;][vc_column][vc_column_text]<\/p>\n<h1>Notebooks<\/h1>\n<p>[\/vc_column_text][vc_column_text]<\/p>\n<p class=\"large\">Here you can find technical information on issues in the sector.<\/p>\n<p>[\/vc_column_text][\/vc_column][\/vc_row][vc_row el_class=&#8221;listado_notebooks&#8221;][vc_column][vc_raw_html]JTNDYSUyMGhyZWYlM0QlMjIlMkZlbiUyRnN1cHBvcnQlMkZ0cmFpbmluZyUyRm5vdGVib29rcyUyRmVsZWN0cmljYWwtZW5lcmd5LWVmZmljaWVuY3klMkYlMjIlM0UlMEElM0NkaXYlMjBjbGFzcyUzRCUyMml0ZW1fbGlzdGFfbm90ZWJvb2tzJTIwYW5pbWFjaW9uX2NhamElMjIlM0UlMEElMjAlMjAlMjAlM0NoNCUzRUVsZWN0cmljYWwlMjBFbmVyZ3klMjBFZmZpY2llbmN5JTNDJTJGaDQlM0UlMEElMjAlMjAlMjAlM0NwJTNFQ3VycmVudGx5JTJDJTIwdGhlJTIwbGFyZ2UlMjBpbmNyZWFzZSUyMGluJTIwZW5lcmd5JTIwZGVtYW5kJTJDJTIwYXMlMjB3ZWxsJTIwYXMlMjBleGlzdGluZyUyMHNob3J0LXRlcm0lMjBmb3JlY2FzdHMlMkMlMjBwb2ludCUyMHRvJTIwYSUyMHNlcmllcyUyMG9mJTIwbWFqb3IlMjBwcm9ibGVtcyUyMG9uJTIwYSUyMGdsb2JhbCUyMHNjYWxlJTNBJTIwc2VyaW91cyUyMGVudmlyb25tZW50YWwlMjBpbXBhY3RzJTJDJTIwZ3JhZHVhbGx5JTIwcmlzaW5nJTIwY29zdHMlMkMlMjBldGMuJTNDJTJGcCUzRSUwQSUyMCUyMCUyMCUyMCUzQ2ElMjBjbGFzcyUzRCUyMmJvdG9uX2VubGFjZSUyMiUyMGhyZWYlM0QlMjIlMkZzb3BvcnRlJTJGZm9ybWFjaW9uJTJGbm90ZWJvb2tzJTJGZWZpY2llbmNpYS1lbmVyZ2V0aWNhLWVsZWN0cmljYSUyRiUyMiUzRUZpbmQlMjBvdXQlMjBtb3JlJTIwJTNDaSUyMGNsYXNzJTNEJTIyaWNvLWFycm93LXJpZ2h0JTIyJTNFJTNDJTJGaSUzRSUzQyUyRmElM0UlMEElM0MlMkZkaXYlM0UlMEElM0MlMkZhJTNF[\/vc_raw_html][vc_raw_html]JTNDYSUyMGhyZWYlM0QlMjIlMkZlbiUyRnN1cHBvcnQlMkZ0cmFpbmluZyUyRm5vdGVib29rcyUyRmVsZWN0cmljYWwtaGFybW9uaWNzJTJGJTIyJTNFJTBBJTNDZGl2JTIwY2xhc3MlM0QlMjJpdGVtX2xpc3RhX25vdGVib29rcyUyMGFuaW1hY2lvbl9jYWphJTIyJTNFJTBBJTIwJTIwJTIwJTNDaDQlM0VFbGVjdHJpYyUyMEhhcm1vbmljcyUzQyUyRmg0JTNFJTBBJTIwJTIwJTIwJTNDcCUzRU5vbi1saW5lYXIlMjBsb2FkcyUyMHN1Y2glMjBhcyUyMHJlY3RpZmllcnMlMkMlMjBpbnZlcnRlcnMlMkMlMjB2YXJpYWJsZS1zcGVlZCUyMGRyaXZlcyUyQyUyMG92ZW5zJTJDJTIwZXRjLiUyQyUyMGFic29yYiUyMG5vbi1zaW51c29pZGFsJTIwcGVyaW9kaWMlMjBjdXJyZW50cyUyMGZyb20lMjB0aGUlMjBncmlkLiUyMCUzQyUyRnAlM0UlMEElMjAlMjAlMjAlMjAlM0NhJTIwY2xhc3MlM0QlMjJib3Rvbl9lbmxhY2UlMjIlMjBocmVmJTNEJTIyJTJGc29wb3J0ZSUyRmZvcm1hY2lvbiUyRm5vdGVib29rcyUyRmFybW9uaWNvcy1lbGVjdHJpY29zJTJGJTIyJTNFRmluZCUyMG91dCUyMG1vcmUlMjAlM0NpJTIwY2xhc3MlM0QlMjJpY28tYXJyb3ctcmlnaHQlMjIlM0UlM0MlMkZpJTNFJTNDJTJGYSUzRSUwQSUzQyUyRmRpdiUzRSUwQSUzQyUyRmElM0U=[\/vc_raw_html][\/vc_column][\/vc_row][vc_row el_class=&#8221;bloque bottom_cat_sector&#8221;][vc_column width=&#8221;1\/2&#8243;][vc_column_text el_class=&#8221;animacion_left&#8221;]<\/p>\n<h6 class=\"wrap-title\">NEWSLETTER<\/h6>\n<p>[\/vc_column_text][vc_row_inner el_class=&#8221;newsletter_cat_sector&#8221;][vc_column_inner][vc_column_text el_class=&#8221;titulo&#8221;]<strong>Keep updated.<\/strong><br \/>\nSubscribe to our Newsletter.[\/vc_column_text][vc_column_text el_class=&#8221;subtitulo&#8221;]I want to receive news and commercial information from CIRCUTOR via email.<br \/>\n<script src=\"\/\/info.circutor.es\/js\/forms2\/js\/forms2.min.js\"><\/script><\/p>\n<form id=\"mktoForm_1132\"><\/form>\n<p><script>MktoForms2.loadForm(\"\/\/info.circutor.es\", \"940-CSD-667\", 1132);<\/script>[\/vc_column_text][\/vc_column_inner][\/vc_row_inner][\/vc_column][vc_column width=&#8221;1\/2&#8243;][vc_column_text el_class=&#8221;animacion_left&#8221;]<\/p>\n<h6 class=\"wrap-title\">ASSISTANCE<\/h6>\n<p>[\/vc_column_text][vc_raw_html el_class=&#8221;asistencia_cat_sector&#8221;]JTNDYSUyMGhyZWYlM0QlMjIlMkZlbiUyRmNvbnRhY3QlMkYlMjIlM0UlMEElM0NkaXYlMjBjbGFzcyUzRCUyMml0ZW0lMjBnZW5lcmFsJTIwYW5pbWFjaW9uX2NhamElMjIlM0UlMEElM0NkaXYlMjBjbGFzcyUzRCUyMmltYWdlbi1ib3JkZSUyMiUzRSUwQSUzQ2ltZyUyMHNyYyUzRCUyMiUyRndwLWNvbnRlbnQlMkZ1cGxvYWRzJTJGMjAyMiUyRjA4JTJGRlNCX0FzaXN0ZW5jaWEuanBnJTIyJTNFJTBBJTNDJTJGZGl2JTNFJTBBJTNDZGl2JTIwY2xhc3MlM0QlMjJkZXRhaWxzJTIyJTNFJTBBJTNDcCUyMGNsYXNzJTNEJTIydGl0dWxvX3BhZ2UlMjIlM0UlM0NzdHJvbmclM0VBdCUyMENJUkNVVE9SJTIwd2UlMjBhcmUlMjBoZXJlJTIwdG8lMjBoZWxwJTIweW91LiUzQyUyRnN0cm9uZyUzRSUzQ2JyJTNFJTBBSWYlMjB5b3UlMjBoYXZlJTIwYW55JTIwcXVlc3Rpb25zJTJDJTIwbGV0JTI3cyUyMHRhbGsuJTNDJTJGcCUzRSUwQSUzQ3AlMjBjbGFzcyUzRCUyMmVubGFjZSUyMiUzRVRhbGslMjB0byUyMGElMjBzcGVjaWFsaXN0JTIwJTNDaSUyMGNsYXNzJTNEJTIyaWNvLWFycm93LXJpZ2h0JTIyJTNFJTNDJTJGaSUzRSUzQyUyRnAlM0UlMEElM0MlMkZkaXYlM0UlMEElMEElM0MlMkZkaXYlM0UlMEElM0MlMkZhJTNFJTBB[\/vc_raw_html][\/vc_column][\/vc_row]<\/p>\n","protected":false},"excerpt":{"rendered":"<p>[vc_row][vc_column][\/vc_column][\/vc_row][vc_row el_class=&#8221;banner_page_sin_foto banner_formacion&#8221;][vc_column][vc_column_text] Notebooks [\/vc_column_text][vc_column_text] Here you can find technical information on issues in the sector. [\/vc_column_text][\/vc_column][\/vc_row][vc_row el_class=&#8221;listado_notebooks&#8221;][vc_column][vc_raw_html]JTNDYSUyMGhyZWYlM0QlMjIlMkZlbiUyRnN1cHBvcnQlMkZ0cmFpbmluZyUyRm5vdGVib29rcyUyRmVsZWN0cmljYWwtZW5lcmd5LWVmZmljaWVuY3klMkYlMjIlM0UlMEElM0NkaXYlMjBjbGFzcyUzRCUyMml0ZW1fbGlzdGFfbm90ZWJvb2tzJTIwYW5pbWFjaW9uX2NhamElMjIlM0UlMEElMjAlMjAlMjAlM0NoNCUzRUVsZWN0cmljYWwlMjBFbmVyZ3klMjBFZmZpY2llbmN5JTNDJTJGaDQlM0UlMEElMjAlMjAlMjAlM0NwJTNFQ3VycmVudGx5JTJDJTIwdGhlJTIwbGFyZ2UlMjBpbmNyZWFzZSUyMGluJTIwZW5lcmd5JTIwZGVtYW5kJTJDJTIwYXMlMjB3ZWxsJTIwYXMlMjBleGlzdGluZyUyMHNob3J0LXRlcm0lMjBmb3JlY2FzdHMlMkMlMjBwb2ludCUyMHRvJTIwYSUyMHNlcmllcyUyMG9mJTIwbWFqb3IlMjBwcm9ibGVtcyUyMG9uJTIwYSUyMGdsb2JhbCUyMHNjYWxlJTNBJTIwc2VyaW91cyUyMGVudmlyb25tZW50YWwlMjBpbXBhY3RzJTJDJTIwZ3JhZHVhbGx5JTIwcmlzaW5nJTIwY29zdHMlMkMlMjBldGMuJTNDJTJGcCUzRSUwQSUyMCUyMCUyMCUyMCUzQ2ElMjBjbGFzcyUzRCUyMmJvdG9uX2VubGFjZSUyMiUyMGhyZWYlM0QlMjIlMkZzb3BvcnRlJTJGZm9ybWFjaW9uJTJGbm90ZWJvb2tzJTJGZWZpY2llbmNpYS1lbmVyZ2V0aWNhLWVsZWN0cmljYSUyRiUyMiUzRUZpbmQlMjBvdXQlMjBtb3JlJTIwJTNDaSUyMGNsYXNzJTNEJTIyaWNvLWFycm93LXJpZ2h0JTIyJTNFJTNDJTJGaSUzRSUzQyUyRmElM0UlMEElM0MlMkZkaXYlM0UlMEElM0MlMkZhJTNF[\/vc_raw_html][vc_raw_html]JTNDYSUyMGhyZWYlM0QlMjIlMkZlbiUyRnN1cHBvcnQlMkZ0cmFpbmluZyUyRm5vdGVib29rcyUyRmVsZWN0cmljYWwtaGFybW9uaWNzJTJGJTIyJTNFJTBBJTNDZGl2JTIwY2xhc3MlM0QlMjJpdGVtX2xpc3RhX25vdGVib29rcyUyMGFuaW1hY2lvbl9jYWphJTIyJTNFJTBBJTIwJTIwJTIwJTNDaDQlM0VFbGVjdHJpYyUyMEhhcm1vbmljcyUzQyUyRmg0JTNFJTBBJTIwJTIwJTIwJTNDcCUzRU5vbi1saW5lYXIlMjBsb2FkcyUyMHN1Y2glMjBhcyUyMHJlY3RpZmllcnMlMkMlMjBpbnZlcnRlcnMlMkMlMjB2YXJpYWJsZS1zcGVlZCUyMGRyaXZlcyUyQyUyMG92ZW5zJTJDJTIwZXRjLiUyQyUyMGFic29yYiUyMG5vbi1zaW51c29pZGFsJTIwcGVyaW9kaWMlMjBjdXJyZW50cyUyMGZyb20lMjB0aGUlMjBncmlkLiUyMCUzQyUyRnAlM0UlMEElMjAlMjAlMjAlMjAlM0NhJTIwY2xhc3MlM0QlMjJib3Rvbl9lbmxhY2UlMjIlMjBocmVmJTNEJTIyJTJGc29wb3J0ZSUyRmZvcm1hY2lvbiUyRm5vdGVib29rcyUyRmFybW9uaWNvcy1lbGVjdHJpY29zJTJGJTIyJTNFRmluZCUyMG91dCUyMG1vcmUlMjAlM0NpJTIwY2xhc3MlM0QlMjJpY28tYXJyb3ctcmlnaHQlMjIlM0UlM0MlMkZpJTNFJTNDJTJGYSUzRSUwQSUzQyUyRmRpdiUzRSUwQSUzQyUyRmElM0U=[\/vc_raw_html][\/vc_column][\/vc_row][vc_row el_class=&#8221;bloque bottom_cat_sector&#8221;][vc_column width=&#8221;1\/2&#8243;][vc_column_text el_class=&#8221;animacion_left&#8221;] NEWSLETTER [\/vc_column_text][vc_row_inner el_class=&#8221;newsletter_cat_sector&#8221;][vc_column_inner][vc_column_text el_class=&#8221;titulo&#8221;]Keep updated. Subscribe to our Newsletter.[\/vc_column_text][vc_column_text el_class=&#8221;subtitulo&#8221;]I want to receive news and commercial information from CIRCUTOR via email. [\/vc_column_text][\/vc_column_inner][\/vc_row_inner][\/vc_column][vc_column width=&#8221;1\/2&#8243;][vc_column_text el_class=&#8221;animacion_left&#8221;] ASSISTANCE [\/vc_column_text][vc_raw_html el_class=&#8221;asistencia_cat_sector&#8221;]JTNDYSUyMGhyZWYlM0QlMjIlMkZlbiUyRmNvbnRhY3QlMkYlMjIlM0UlMEElM0NkaXYlMjBjbGFzcyUzRCUyMml0ZW0lMjBnZW5lcmFsJTIwYW5pbWFjaW9uX2NhamElMjIlM0UlMEElM0NkaXYlMjBjbGFzcyUzRCUyMmltYWdlbi1ib3JkZSUyMiUzRSUwQSUzQ2ltZyUyMHNyYyUzRCUyMiUyRndwLWNvbnRlbnQlMkZ1cGxvYWRzJTJGMjAyMiUyRjA4JTJGRlNCX0FzaXN0ZW5jaWEuanBnJTIyJTNFJTBBJTNDJTJGZGl2JTNFJTBBJTNDZGl2JTIwY2xhc3MlM0QlMjJkZXRhaWxzJTIyJTNFJTBBJTNDcCUyMGNsYXNzJTNEJTIydGl0dWxvX3BhZ2UlMjIlM0UlM0NzdHJvbmclM0VBdCUyMENJUkNVVE9SJTIwd2UlMjBhcmUlMjBoZXJlJTIwdG8lMjBoZWxwJTIweW91LiUzQyUyRnN0cm9uZyUzRSUzQ2JyJTNFJTBBSWYlMjB5b3UlMjBoYXZlJTIwYW55JTIwcXVlc3Rpb25zJTJDJTIwbGV0JTI3cyUyMHRhbGsuJTNDJTJGcCUzRSUwQSUzQ3AlMjBjbGFzcyUzRCUyMmVubGFjZSUyMiUzRVRhbGslMjB0byUyMGElMjBzcGVjaWFsaXN0JTIwJTNDaSUyMGNsYXNzJTNEJTIyaWNvLWFycm93LXJpZ2h0JTIyJTNFJTNDJTJGaSUzRSUzQyUyRnAlM0UlMEElM0MlMkZkaXYlM0UlMEElMEElM0MlMkZkaXYlM0UlMEElM0MlMkZhJTNFJTBB[\/vc_raw_html][\/vc_column][\/vc_row]<\/p>\n","protected":false},"author":7,"featured_media":0,"parent":10057,"menu_order":0,"comment_status":"closed","ping_status":"closed","template":"","meta":[],"acf":[],"yoast_head":"<!-- This site is optimized with the Yoast SEO plugin v19.4 - https:\/\/yoast.com\/wordpress\/plugins\/seo\/ -->\n<title>Notebooks - CIRCUTOR<\/title>\n<meta name=\"description\" content=\"Aqu\u00ed puedes encontrar informaci\u00f3n t\u00e9cnica sobre temas del sector.\" \/>\n<meta name=\"robots\" content=\"index, follow, max-snippet:-1, max-image-preview:large, max-video-preview:-1\" \/>\n<link rel=\"canonical\" href=\"https:\/\/circutor.com\/en\/support\/training\/notebooks\/\" \/>\n<meta property=\"og:locale\" content=\"en_GB\" \/>\n<meta property=\"og:type\" content=\"article\" \/>\n<meta property=\"og:title\" content=\"Notebooks - CIRCUTOR\" \/>\n<meta property=\"og:description\" content=\"Aqu\u00ed puedes encontrar informaci\u00f3n t\u00e9cnica sobre temas del sector.\" \/>\n<meta property=\"og:url\" content=\"https:\/\/circutor.com\/en\/support\/training\/notebooks\/\" \/>\n<meta property=\"og:site_name\" content=\"CIRCUTOR\" \/>\n<meta property=\"article:publisher\" content=\"https:\/\/www.facebook.com\/CIRCUTOR.ES\" \/>\n<meta property=\"article:modified_time\" content=\"2022-10-10T08:05:54+00:00\" \/>\n<meta property=\"og:image\" content=\"https:\/\/circutor.com\/wp-content\/uploads\/2022\/07\/Circutor_Logo_Color.png\" \/>\n\t<meta property=\"og:image:width\" content=\"1299\" \/>\n\t<meta property=\"og:image:height\" content=\"354\" \/>\n\t<meta property=\"og:image:type\" content=\"image\/png\" \/>\n<meta name=\"twitter:card\" content=\"summary_large_image\" \/>\n<meta name=\"twitter:site\" content=\"@circutor\" \/>\n<meta name=\"twitter:label1\" content=\"Estimated reading time\" \/>\n\t<meta name=\"twitter:data1\" content=\"1 minute\" \/>\n<script type=\"application\/ld+json\" class=\"yoast-schema-graph\">{\"@context\":\"https:\/\/schema.org\",\"@graph\":[{\"@type\":\"Organization\",\"@id\":\"https:\/\/circutor.com\/#organization\",\"name\":\"Circutor\",\"url\":\"https:\/\/circutor.com\/\",\"sameAs\":[\"https:\/\/www.instagram.com\/circutor_es\",\"https:\/\/www.linkedin.com\/company\/circutor\",\"https:\/\/www.youtube.com\/user\/CIRCUTORoficial\",\"https:\/\/www.facebook.com\/CIRCUTOR.ES\",\"https:\/\/twitter.com\/circutor\"],\"logo\":{\"@type\":\"ImageObject\",\"inLanguage\":\"en-GB\",\"@id\":\"https:\/\/circutor.com\/#\/schema\/logo\/image\/\",\"url\":\"https:\/\/circutor.com\/wp-content\/uploads\/2020\/09\/CIR_LOGO_RED.png\",\"contentUrl\":\"https:\/\/circutor.com\/wp-content\/uploads\/2020\/09\/CIR_LOGO_RED.png\",\"width\":512,\"height\":128,\"caption\":\"Circutor\"},\"image\":{\"@id\":\"https:\/\/circutor.com\/#\/schema\/logo\/image\/\"}},{\"@type\":\"WebSite\",\"@id\":\"https:\/\/circutor.com\/#website\",\"url\":\"https:\/\/circutor.com\/\",\"name\":\"CIRCUTOR\",\"description\":\"Soluciones para la eficiencia energ\u00e9tica el\u00e9ctrica\",\"publisher\":{\"@id\":\"https:\/\/circutor.com\/#organization\"},\"potentialAction\":[{\"@type\":\"SearchAction\",\"target\":{\"@type\":\"EntryPoint\",\"urlTemplate\":\"https:\/\/circutor.com\/?s={search_term_string}\"},\"query-input\":\"required name=search_term_string\"}],\"inLanguage\":\"en-GB\"},{\"@type\":\"WebPage\",\"@id\":\"https:\/\/circutor.com\/en\/support\/training\/notebooks\/\",\"url\":\"https:\/\/circutor.com\/en\/support\/training\/notebooks\/\",\"name\":\"Notebooks - CIRCUTOR\",\"isPartOf\":{\"@id\":\"https:\/\/circutor.com\/#website\"},\"datePublished\":\"2022-04-01T11:11:58+00:00\",\"dateModified\":\"2022-10-10T08:05:54+00:00\",\"description\":\"Aqu\u00ed puedes encontrar informaci\u00f3n t\u00e9cnica sobre temas del sector.\",\"breadcrumb\":{\"@id\":\"https:\/\/circutor.com\/en\/support\/training\/notebooks\/#breadcrumb\"},\"inLanguage\":\"en-GB\",\"potentialAction\":[{\"@type\":\"ReadAction\",\"target\":[\"https:\/\/circutor.com\/en\/support\/training\/notebooks\/\"]}]},{\"@type\":\"BreadcrumbList\",\"@id\":\"https:\/\/circutor.com\/en\/support\/training\/notebooks\/#breadcrumb\",\"itemListElement\":[{\"@type\":\"ListItem\",\"position\":1,\"name\":\"Portada\",\"item\":\"https:\/\/circutor.com\/en\/\"},{\"@type\":\"ListItem\",\"position\":2,\"name\":\"Support\",\"item\":\"https:\/\/circutor.com\/en\/support\/\"},{\"@type\":\"ListItem\",\"position\":3,\"name\":\"Training\",\"item\":\"https:\/\/circutor.com\/en\/support\/training\/\"},{\"@type\":\"ListItem\",\"position\":4,\"name\":\"Notebooks\"}]}]}<\/script>\n<!-- \/ Yoast SEO plugin. -->","yoast_head_json":{"title":"Notebooks - CIRCUTOR","description":"Aqu\u00ed puedes encontrar informaci\u00f3n t\u00e9cnica sobre temas del sector.","robots":{"index":"index","follow":"follow","max-snippet":"max-snippet:-1","max-image-preview":"max-image-preview:large","max-video-preview":"max-video-preview:-1"},"canonical":"https:\/\/circutor.com\/en\/support\/training\/notebooks\/","og_locale":"en_GB","og_type":"article","og_title":"Notebooks - CIRCUTOR","og_description":"Aqu\u00ed puedes encontrar informaci\u00f3n t\u00e9cnica sobre temas del sector.","og_url":"https:\/\/circutor.com\/en\/support\/training\/notebooks\/","og_site_name":"CIRCUTOR","article_publisher":"https:\/\/www.facebook.com\/CIRCUTOR.ES","article_modified_time":"2022-10-10T08:05:54+00:00","og_image":[{"width":1299,"height":354,"url":"https:\/\/circutor.com\/wp-content\/uploads\/2022\/07\/Circutor_Logo_Color.png","type":"image\/png"}],"twitter_card":"summary_large_image","twitter_site":"@circutor","twitter_misc":{"Estimated reading time":"1 minute"},"schema":{"@context":"https:\/\/schema.org","@graph":[{"@type":"Organization","@id":"https:\/\/circutor.com\/#organization","name":"Circutor","url":"https:\/\/circutor.com\/","sameAs":["https:\/\/www.instagram.com\/circutor_es","https:\/\/www.linkedin.com\/company\/circutor","https:\/\/www.youtube.com\/user\/CIRCUTORoficial","https:\/\/www.facebook.com\/CIRCUTOR.ES","https:\/\/twitter.com\/circutor"],"logo":{"@type":"ImageObject","inLanguage":"en-GB","@id":"https:\/\/circutor.com\/#\/schema\/logo\/image\/","url":"https:\/\/circutor.com\/wp-content\/uploads\/2020\/09\/CIR_LOGO_RED.png","contentUrl":"https:\/\/circutor.com\/wp-content\/uploads\/2020\/09\/CIR_LOGO_RED.png","width":512,"height":128,"caption":"Circutor"},"image":{"@id":"https:\/\/circutor.com\/#\/schema\/logo\/image\/"}},{"@type":"WebSite","@id":"https:\/\/circutor.com\/#website","url":"https:\/\/circutor.com\/","name":"CIRCUTOR","description":"Soluciones para la eficiencia energ\u00e9tica el\u00e9ctrica","publisher":{"@id":"https:\/\/circutor.com\/#organization"},"potentialAction":[{"@type":"SearchAction","target":{"@type":"EntryPoint","urlTemplate":"https:\/\/circutor.com\/?s={search_term_string}"},"query-input":"required name=search_term_string"}],"inLanguage":"en-GB"},{"@type":"WebPage","@id":"https:\/\/circutor.com\/en\/support\/training\/notebooks\/","url":"https:\/\/circutor.com\/en\/support\/training\/notebooks\/","name":"Notebooks - CIRCUTOR","isPartOf":{"@id":"https:\/\/circutor.com\/#website"},"datePublished":"2022-04-01T11:11:58+00:00","dateModified":"2022-10-10T08:05:54+00:00","description":"Aqu\u00ed puedes encontrar informaci\u00f3n t\u00e9cnica sobre temas del sector.","breadcrumb":{"@id":"https:\/\/circutor.com\/en\/support\/training\/notebooks\/#breadcrumb"},"inLanguage":"en-GB","potentialAction":[{"@type":"ReadAction","target":["https:\/\/circutor.com\/en\/support\/training\/notebooks\/"]}]},{"@type":"BreadcrumbList","@id":"https:\/\/circutor.com\/en\/support\/training\/notebooks\/#breadcrumb","itemListElement":[{"@type":"ListItem","position":1,"name":"Portada","item":"https:\/\/circutor.com\/en\/"},{"@type":"ListItem","position":2,"name":"Support","item":"https:\/\/circutor.com\/en\/support\/"},{"@type":"ListItem","position":3,"name":"Training","item":"https:\/\/circutor.com\/en\/support\/training\/"},{"@type":"ListItem","position":4,"name":"Notebooks"}]}]}},"_links":{"self":[{"href":"https:\/\/circutor.com\/en\/wp-json\/wp\/v2\/pages\/16503"}],"collection":[{"href":"https:\/\/circutor.com\/en\/wp-json\/wp\/v2\/pages"}],"about":[{"href":"https:\/\/circutor.com\/en\/wp-json\/wp\/v2\/types\/page"}],"author":[{"embeddable":true,"href":"https:\/\/circutor.com\/en\/wp-json\/wp\/v2\/users\/7"}],"replies":[{"embeddable":true,"href":"https:\/\/circutor.com\/en\/wp-json\/wp\/v2\/comments?post=16503"}],"version-history":[{"count":0,"href":"https:\/\/circutor.com\/en\/wp-json\/wp\/v2\/pages\/16503\/revisions"}],"up":[{"embeddable":true,"href":"https:\/\/circutor.com\/en\/wp-json\/wp\/v2\/pages\/10057"}],"wp:attachment":[{"href":"https:\/\/circutor.com\/en\/wp-json\/wp\/v2\/media?parent=16503"}],"curies":[{"name":"wp","href":"https:\/\/api.w.org\/{rel}","templated":true}]}}