{"id":61402,"date":"2026-03-27T12:39:41","date_gmt":"2026-03-27T10:39:41","guid":{"rendered":"https:\/\/circutor.com\/?page_id=61402"},"modified":"2026-03-27T12:40:10","modified_gmt":"2026-03-27T10:40:10","slug":"eu-data-act","status":"publish","type":"page","link":"https:\/\/circutor.com\/ca\/empresa\/compromis\/eu-data-act\/","title":{"rendered":"EU Data Act"},"content":{"rendered":"<p>[vc_row full_width=&#8221;stretch_row&#8221; content_placement=&#8221;top&#8221; css=&#8221;.vc_custom_1774447300617{background-image: url(https:\/\/circutor.com\/wp-content\/uploads\/2026\/03\/eu-data-act-2.jpg?id=61112) !important;background-position: center !important;background-repeat: no-repeat !important;background-size: cover !important;}&#8221; el_class=&#8221;banner_pagina_texto&#8221;][vc_column][vc_row_inner el_class=&#8221;breadcrumb&#8221;][vc_column_inner]<div itemscope itemtype=\"https:\/\/schema.org\/BreadcrumbList\" id=\"breadcrumb\"><div itemprop=\"itemListElement\" itemscope itemtype=\"https:\/\/schema.org\/ListItem\"><a itemprop=\"item\" href=\"https:\/\/circutor.com\/ca\/\"><span itemprop=\"name\">Home<\/span><\/a><meta itemprop=\"position\" content=\"1\" \/><\/div><div itemprop=\"itemListElement\" itemscope itemtype=\"https:\/\/schema.org\/ListItem\"><span><i class=\"ico-guil-singl-right\"><\/i><\/span><a itemprop=\"item\" href=\"https:\/\/circutor.com\/ca\/empresa\/\"><span itemprop=\"name\">Empresa<\/span><\/a><meta itemprop=\"position\" content=\"3\"><\/div><div itemprop=\"itemListElement\" itemscope itemtype=\"https:\/\/schema.org\/ListItem\"><span><i class=\"ico-guil-singl-right\"><\/i><\/span><a itemprop=\"item\" href=\"https:\/\/circutor.com\/ca\/empresa\/compromis\/\"><span itemprop=\"name\">Comprom\u00eds<\/span><\/a><meta itemprop=\"position\" content=\"4\"><\/div><div itemprop=\"itemListElement\" itemscope itemtype=\"https:\/\/schema.org\/ListItem\"><span><i class=\"ico-guil-singl-right\"><\/i><\/span><span class=\"active_item_breadcrumb\" itemprop=\"name\">EU Data Act<\/span><meta itemprop=\"position\" content=\"5\"><\/div><\/div>[\/vc_column_inner][\/vc_row_inner][vc_row_inner][vc_column_inner][vc_column_text]<\/p>\n<h1>EU Data Act<\/h1>\n<p>[\/vc_column_text][\/vc_column_inner][\/vc_row_inner][\/vc_column][\/vc_row][vc_row][vc_column width=&#8221;1\/6&#8243;][\/vc_column][vc_column width=&#8221;2\/3&#8243;][vc_column_text css=&#8221;.vc_custom_1774607975772{margin-top: 40px !important;margin-bottom: 6rem !important;}&#8221;]A CIRCUTOR, estem compromesos amb la transpar\u00e8ncia i l\u2019acc\u00e9s just a les dades generades pels nostres productes electr\u00f2nics connectats i els serveis relacionats. En compliment del Reglament (UE) 2023\/2854 (Data Act), posem a disposici\u00f3 dels nostres clients tota la informaci\u00f3 rellevant sobre les dades generades en l\u2019\u00fas dels productes i serveis.<\/p>\n<p>&nbsp;<\/p>\n<h3>Drets dels usuaris<\/h3>\n<p>Com a usuari dels nostres productes i serveis connectats, tens dret a:<\/p>\n<ul style=\"color: #e40040;\">\n<li><span style=\"color: #53565a;\">Rebre informaci\u00f3 clara i pr\u00e8via a la contractaci\u00f3 sobre quines dades es generen, com s\u2019hi accedeix i com es poden compartir.<br \/>\n<\/span><\/li>\n<li><span style=\"color: #53565a;\">Accedir a les dades generades per l\u2019\u00fas dels nostres productes i serveis (\u201cLes teves dades\u201d).<br \/>\n<\/span><\/li>\n<li><span style=\"color: #53565a;\">Rebre les teves dades en un format estructurat, d\u2019\u00fas com\u00fa i llegible per m\u00e0quina.<br \/>\n<\/span><\/li>\n<li><span style=\"color: #53565a;\">Autoritzar tercers a accedir a les teves dades o sol\u00b7licitar que les compartim amb un destinatari designat.<br \/>\n<\/span><\/li>\n<li><span style=\"color: #53565a;\">Sol\u00b7licitar l\u2019acc\u00e9s o la transfer\u00e8ncia de les teves dades sense restriccions injustificades ni condicions contractuals abusives.<br \/>\n<\/span><\/li>\n<\/ul>\n<p>&nbsp;<\/p>\n<h3>Les nostres obligacions en virtut de la Llei de dades<\/h3>\n<ul style=\"color: #e40040;\">\n<li><span style=\"color: #53565a;\">Posem a disposici\u00f3 dels usuaris informaci\u00f3 precontractual sobre tots els productes i serveis connectats subjectes al Data Act.<br \/>\n<\/span><\/li>\n<li><span style=\"color: #53565a;\">Garantim interf\u00edcies interoperables (API i funcions d\u2019exportaci\u00f3 de dades) per facilitar la portabilitat i l\u2019acc\u00e9s a les dades.<br \/>\n<\/span><\/li>\n<li><span style=\"color: #53565a;\">Apliquem mesures de seguretat i confidencialitat per protegir les teves dades i els nostres secrets comercials, sense limitar indegudament el dret d\u2019acc\u00e9s o transfer\u00e8ncia.<br \/>\n<\/span><\/li>\n<li><span style=\"color: #53565a;\">No utilitzem les teves dades per competir amb tu ni per obtenir avantatges injustos.<br \/>\n<\/span><\/li>\n<\/ul>\n<p>&nbsp;<\/p>\n<h3>Quines dades generen els nostres dispositius?<\/h3>\n<p>Els nostres productes electr\u00f2nics poden generar, entre d\u2019altres, els tipus de dades seg\u00fcents:<\/p>\n<ul style=\"color: #e40040;\">\n<li><span style=\"color: #53565a;\">Par\u00e0metres i valors de dispositius de mesurament i control<br \/>\n<\/span><\/li>\n<li><span style=\"color: #53565a;\">Par\u00e0metres el\u00e8ctrics (energia, pot\u00e8ncia, tensi\u00f3, corrent, corrent de fuita\u2026)<br \/>\n<\/span><\/li>\n<li><span style=\"color: #53565a;\">Temperatures<br \/>\n<\/span><\/li>\n<li><span style=\"color: #53565a;\">Estats<br \/>\n<\/span><\/li>\n<li><span style=\"color: #53565a;\">Esdeveniments de sistema<br \/>\n<\/span><\/li>\n<li><span style=\"color: #53565a;\">Esdeveniments el\u00e8ctrics o de qualitat de xarxa<br \/>\n<\/span><\/li>\n<li><span style=\"color: #53565a;\">Registres de funcionament de l\u2019equip<br \/>\n<\/span><\/li>\n<li><span style=\"color: #53565a;\">Temps de funcionament<br \/>\n<\/span><\/li>\n<\/ul>\n<p>La descripci\u00f3 detallada de les dades generades per cada producte est\u00e0 disponible al manual corresponent.<\/p>\n<p>&nbsp;<\/p>\n<h3>Quines dades generen les plataformes al n\u00favol?<\/h3>\n<p>Les nostres plataformes de gesti\u00f3 remota de dispositius, utilitzades per configurar, actualitzar i supervisar dispositius, poden generar o processar les dades seg\u00fcents:<\/p>\n<ul style=\"color: #e40040;\">\n<li><span style=\"color: #53565a;\">Par\u00e0metres i valors de dispositius de mesurament i control<br \/>\n<\/span><\/li>\n<li><span style=\"color: #53565a;\">Par\u00e0metres el\u00e8ctrics (energia, pot\u00e8ncia, tensi\u00f3, corrent\u2026)<br \/>\n<\/span><\/li>\n<li><span style=\"color: #53565a;\">Temperatures<br \/>\n<\/span><\/li>\n<li><span style=\"color: #53565a;\">Estats<br \/>\n<\/span><\/li>\n<li><span style=\"color: #53565a;\">Esdeveniments de sistema<br \/>\n<\/span><\/li>\n<li><span style=\"color: #53565a;\">Esdeveniments el\u00e8ctrics o qualitat de xarxa<br \/>\n<\/span><\/li>\n<\/ul>\n<p>Totes les dades generades pels dispositius telem\u00e0tics connectats es poden consultar a les plataformes corresponents.<\/p>\n<p>&nbsp;<\/p>\n<h3>Com sol\u00b7licitar l\u2019acc\u00e9s a les dades?<\/h3>\n<p>Pots sol\u00b7licitar l\u2019acc\u00e9s o la transfer\u00e8ncia de les teves dades per correu electr\u00f2nic:<\/p>\n<ul style=\"color: #e40040;\">\n<li><span style=\"color: #53565a;\"><strong>Correu electr\u00f2nic:<\/strong> <a style=\"color: #53565a; text-decoration: underline;\" href=\"mailto:data-act@circutor.com\">data-act@circutor.com<\/a><\/span><\/li>\n<li><span style=\"color: #53565a;\"><span style=\"color: #53565a;\"><strong>Inclou a la sol\u00b7licitud: <\/strong>nom i n\u00famero de s\u00e8rie del producte, prova de propietat o dret d\u2019\u00fas, tipus de dades requerides, per\u00edode sol\u00b7licitat, si es tracta d\u2019una sol\u00b7licitud puntual o peri\u00f2dica i si hi ha un acord de llic\u00e8ncia d\u2019\u00fas de dades.<\/span><\/span><\/li>\n<\/ul>\n<p>&nbsp;<\/p>\n<p><strong>Per a qualsevol consulta addicional sobre els teus drets o l\u2019acc\u00e9s a les dades, pots contactar amb nosaltres al mateix correu electr\u00f2nic indicat.<\/strong>[\/vc_column_text][\/vc_column][vc_column width=&#8221;1\/6&#8243;][\/vc_column][\/vc_row]<\/p>\n","protected":false},"excerpt":{"rendered":"<p>[vc_row full_width=&#8221;stretch_row&#8221; content_placement=&#8221;top&#8221; css=&#8221;.vc_custom_1774447300617{background-image: url(https:\/\/circutor.com\/wp-content\/uploads\/2026\/03\/eu-data-act-2.jpg?id=61112) !important;background-position: center !important;background-repeat: no-repeat !important;background-size: cover !important;}&#8221; el_class=&#8221;banner_pagina_texto&#8221;][vc_column][vc_row_inner el_class=&#8221;breadcrumb&#8221;][vc_column_inner][\/vc_column_inner][\/vc_row_inner][vc_row_inner][vc_column_inner][vc_column_text] EU Data Act [\/vc_column_text][\/vc_column_inner][\/vc_row_inner][\/vc_column][\/vc_row][vc_row][vc_column width=&#8221;1\/6&#8243;][\/vc_column][vc_column width=&#8221;2\/3&#8243;][vc_column_text css=&#8221;.vc_custom_1774607975772{margin-top: 40px !important;margin-bottom: 6rem !important;}&#8221;]A CIRCUTOR, estem compromesos amb la transpar\u00e8ncia i l\u2019acc\u00e9s just a les dades generades pels nostres productes electr\u00f2nics connectats i els serveis relacionats. En compliment del Reglament (UE) 2023\/2854 (Data Act), [&hellip;]<\/p>\n","protected":false},"author":7,"featured_media":0,"parent":27568,"menu_order":0,"comment_status":"closed","ping_status":"closed","template":"","meta":[],"acf":[],"yoast_head":"<!-- This site is optimized with the Yoast SEO plugin v19.4 - https:\/\/yoast.com\/wordpress\/plugins\/seo\/ -->\n<title>EU Data Act - CIRCUTOR<\/title>\n<meta name=\"robots\" content=\"index, follow, max-snippet:-1, max-image-preview:large, max-video-preview:-1\" \/>\n<link rel=\"canonical\" href=\"https:\/\/circutor.com\/ca\/empresa\/compromis\/eu-data-act\/\" \/>\n<meta property=\"og:locale\" content=\"ca_ES\" \/>\n<meta property=\"og:type\" content=\"article\" \/>\n<meta property=\"og:title\" content=\"EU Data Act - CIRCUTOR\" \/>\n<meta property=\"og:description\" content=\"[vc_row full_width=&#8221;stretch_row&#8221; content_placement=&#8221;top&#8221; css=&#8221;.vc_custom_1774447300617{background-image: url(https:\/\/circutor.com\/wp-content\/uploads\/2026\/03\/eu-data-act-2.jpg?id=61112) !important;background-position: center !important;background-repeat: no-repeat !important;background-size: cover !important;}&#8221; el_class=&#8221;banner_pagina_texto&#8221;][vc_column][vc_row_inner el_class=&#8221;breadcrumb&#8221;][vc_column_inner][\/vc_column_inner][\/vc_row_inner][vc_row_inner][vc_column_inner][vc_column_text] EU Data Act [\/vc_column_text][\/vc_column_inner][\/vc_row_inner][\/vc_column][\/vc_row][vc_row][vc_column width=&#8221;1\/6&#8243;][\/vc_column][vc_column width=&#8221;2\/3&#8243;][vc_column_text css=&#8221;.vc_custom_1774607975772{margin-top: 40px !important;margin-bottom: 6rem !important;}&#8221;]A CIRCUTOR, estem compromesos amb la transpar\u00e8ncia i l\u2019acc\u00e9s just a les dades generades pels nostres productes electr\u00f2nics connectats i els serveis relacionats. En compliment del Reglament (UE) 2023\/2854 (Data Act), [&hellip;]\" \/>\n<meta property=\"og:url\" content=\"https:\/\/circutor.com\/ca\/empresa\/compromis\/eu-data-act\/\" \/>\n<meta property=\"og:site_name\" content=\"CIRCUTOR\" \/>\n<meta property=\"article:publisher\" content=\"https:\/\/www.facebook.com\/CIRCUTOR.ES\" \/>\n<meta property=\"article:modified_time\" content=\"2026-03-27T10:40:10+00:00\" \/>\n<meta property=\"og:image\" content=\"https:\/\/circutor.com\/wp-content\/uploads\/2022\/07\/Circutor_Logo_Color.png\" \/>\n\t<meta property=\"og:image:width\" content=\"1299\" \/>\n\t<meta property=\"og:image:height\" content=\"354\" \/>\n\t<meta property=\"og:image:type\" content=\"image\/png\" \/>\n<meta name=\"twitter:card\" content=\"summary_large_image\" \/>\n<meta name=\"twitter:site\" content=\"@circutor\" \/>\n<meta name=\"twitter:label1\" content=\"Temps estimat de lectura\" \/>\n\t<meta name=\"twitter:data1\" content=\"3 minuts\" \/>\n<script type=\"application\/ld+json\" class=\"yoast-schema-graph\">{\"@context\":\"https:\/\/schema.org\",\"@graph\":[{\"@type\":\"Organization\",\"@id\":\"https:\/\/circutor.com\/#organization\",\"name\":\"Circutor\",\"url\":\"https:\/\/circutor.com\/\",\"sameAs\":[\"https:\/\/www.instagram.com\/circutor_es\",\"https:\/\/www.linkedin.com\/company\/circutor\",\"https:\/\/www.youtube.com\/user\/CIRCUTORoficial\",\"https:\/\/www.facebook.com\/CIRCUTOR.ES\",\"https:\/\/twitter.com\/circutor\"],\"logo\":{\"@type\":\"ImageObject\",\"inLanguage\":\"ca\",\"@id\":\"https:\/\/circutor.com\/#\/schema\/logo\/image\/\",\"url\":\"https:\/\/circutor.com\/wp-content\/uploads\/2020\/09\/CIR_LOGO_RED.png\",\"contentUrl\":\"https:\/\/circutor.com\/wp-content\/uploads\/2020\/09\/CIR_LOGO_RED.png\",\"width\":512,\"height\":128,\"caption\":\"Circutor\"},\"image\":{\"@id\":\"https:\/\/circutor.com\/#\/schema\/logo\/image\/\"}},{\"@type\":\"WebSite\",\"@id\":\"https:\/\/circutor.com\/#website\",\"url\":\"https:\/\/circutor.com\/\",\"name\":\"CIRCUTOR\",\"description\":\"Soluciones para la eficiencia energ\u00e9tica el\u00e9ctrica\",\"publisher\":{\"@id\":\"https:\/\/circutor.com\/#organization\"},\"potentialAction\":[{\"@type\":\"SearchAction\",\"target\":{\"@type\":\"EntryPoint\",\"urlTemplate\":\"https:\/\/circutor.com\/?s={search_term_string}\"},\"query-input\":\"required name=search_term_string\"}],\"inLanguage\":\"ca\"},{\"@type\":\"WebPage\",\"@id\":\"https:\/\/circutor.com\/ca\/empresa\/compromis\/eu-data-act\/\",\"url\":\"https:\/\/circutor.com\/ca\/empresa\/compromis\/eu-data-act\/\",\"name\":\"EU Data Act - CIRCUTOR\",\"isPartOf\":{\"@id\":\"https:\/\/circutor.com\/#website\"},\"datePublished\":\"2026-03-27T10:39:41+00:00\",\"dateModified\":\"2026-03-27T10:40:10+00:00\",\"breadcrumb\":{\"@id\":\"https:\/\/circutor.com\/ca\/empresa\/compromis\/eu-data-act\/#breadcrumb\"},\"inLanguage\":\"ca\",\"potentialAction\":[{\"@type\":\"ReadAction\",\"target\":[\"https:\/\/circutor.com\/ca\/empresa\/compromis\/eu-data-act\/\"]}]},{\"@type\":\"BreadcrumbList\",\"@id\":\"https:\/\/circutor.com\/ca\/empresa\/compromis\/eu-data-act\/#breadcrumb\",\"itemListElement\":[{\"@type\":\"ListItem\",\"position\":1,\"name\":\"Portada\",\"item\":\"https:\/\/circutor.com\/ca\/\"},{\"@type\":\"ListItem\",\"position\":2,\"name\":\"Empresa\",\"item\":\"https:\/\/circutor.com\/ca\/empresa\/\"},{\"@type\":\"ListItem\",\"position\":3,\"name\":\"Comprom\u00eds\",\"item\":\"https:\/\/circutor.com\/ca\/empresa\/compromis\/\"},{\"@type\":\"ListItem\",\"position\":4,\"name\":\"EU Data Act\"}]}]}<\/script>\n<!-- \/ Yoast SEO plugin. -->","yoast_head_json":{"title":"EU Data Act - CIRCUTOR","robots":{"index":"index","follow":"follow","max-snippet":"max-snippet:-1","max-image-preview":"max-image-preview:large","max-video-preview":"max-video-preview:-1"},"canonical":"https:\/\/circutor.com\/ca\/empresa\/compromis\/eu-data-act\/","og_locale":"ca_ES","og_type":"article","og_title":"EU Data Act - CIRCUTOR","og_description":"[vc_row full_width=&#8221;stretch_row&#8221; content_placement=&#8221;top&#8221; css=&#8221;.vc_custom_1774447300617{background-image: url(https:\/\/circutor.com\/wp-content\/uploads\/2026\/03\/eu-data-act-2.jpg?id=61112) !important;background-position: center !important;background-repeat: no-repeat !important;background-size: cover !important;}&#8221; el_class=&#8221;banner_pagina_texto&#8221;][vc_column][vc_row_inner el_class=&#8221;breadcrumb&#8221;][vc_column_inner][\/vc_column_inner][\/vc_row_inner][vc_row_inner][vc_column_inner][vc_column_text] EU Data Act [\/vc_column_text][\/vc_column_inner][\/vc_row_inner][\/vc_column][\/vc_row][vc_row][vc_column width=&#8221;1\/6&#8243;][\/vc_column][vc_column width=&#8221;2\/3&#8243;][vc_column_text css=&#8221;.vc_custom_1774607975772{margin-top: 40px !important;margin-bottom: 6rem !important;}&#8221;]A CIRCUTOR, estem compromesos amb la transpar\u00e8ncia i l\u2019acc\u00e9s just a les dades generades pels nostres productes electr\u00f2nics connectats i els serveis relacionats. En compliment del Reglament (UE) 2023\/2854 (Data Act), [&hellip;]","og_url":"https:\/\/circutor.com\/ca\/empresa\/compromis\/eu-data-act\/","og_site_name":"CIRCUTOR","article_publisher":"https:\/\/www.facebook.com\/CIRCUTOR.ES","article_modified_time":"2026-03-27T10:40:10+00:00","og_image":[{"width":1299,"height":354,"url":"https:\/\/circutor.com\/wp-content\/uploads\/2022\/07\/Circutor_Logo_Color.png","type":"image\/png"}],"twitter_card":"summary_large_image","twitter_site":"@circutor","twitter_misc":{"Temps estimat de lectura":"3 minuts"},"schema":{"@context":"https:\/\/schema.org","@graph":[{"@type":"Organization","@id":"https:\/\/circutor.com\/#organization","name":"Circutor","url":"https:\/\/circutor.com\/","sameAs":["https:\/\/www.instagram.com\/circutor_es","https:\/\/www.linkedin.com\/company\/circutor","https:\/\/www.youtube.com\/user\/CIRCUTORoficial","https:\/\/www.facebook.com\/CIRCUTOR.ES","https:\/\/twitter.com\/circutor"],"logo":{"@type":"ImageObject","inLanguage":"ca","@id":"https:\/\/circutor.com\/#\/schema\/logo\/image\/","url":"https:\/\/circutor.com\/wp-content\/uploads\/2020\/09\/CIR_LOGO_RED.png","contentUrl":"https:\/\/circutor.com\/wp-content\/uploads\/2020\/09\/CIR_LOGO_RED.png","width":512,"height":128,"caption":"Circutor"},"image":{"@id":"https:\/\/circutor.com\/#\/schema\/logo\/image\/"}},{"@type":"WebSite","@id":"https:\/\/circutor.com\/#website","url":"https:\/\/circutor.com\/","name":"CIRCUTOR","description":"Soluciones para la eficiencia energ\u00e9tica el\u00e9ctrica","publisher":{"@id":"https:\/\/circutor.com\/#organization"},"potentialAction":[{"@type":"SearchAction","target":{"@type":"EntryPoint","urlTemplate":"https:\/\/circutor.com\/?s={search_term_string}"},"query-input":"required name=search_term_string"}],"inLanguage":"ca"},{"@type":"WebPage","@id":"https:\/\/circutor.com\/ca\/empresa\/compromis\/eu-data-act\/","url":"https:\/\/circutor.com\/ca\/empresa\/compromis\/eu-data-act\/","name":"EU Data Act - CIRCUTOR","isPartOf":{"@id":"https:\/\/circutor.com\/#website"},"datePublished":"2026-03-27T10:39:41+00:00","dateModified":"2026-03-27T10:40:10+00:00","breadcrumb":{"@id":"https:\/\/circutor.com\/ca\/empresa\/compromis\/eu-data-act\/#breadcrumb"},"inLanguage":"ca","potentialAction":[{"@type":"ReadAction","target":["https:\/\/circutor.com\/ca\/empresa\/compromis\/eu-data-act\/"]}]},{"@type":"BreadcrumbList","@id":"https:\/\/circutor.com\/ca\/empresa\/compromis\/eu-data-act\/#breadcrumb","itemListElement":[{"@type":"ListItem","position":1,"name":"Portada","item":"https:\/\/circutor.com\/ca\/"},{"@type":"ListItem","position":2,"name":"Empresa","item":"https:\/\/circutor.com\/ca\/empresa\/"},{"@type":"ListItem","position":3,"name":"Comprom\u00eds","item":"https:\/\/circutor.com\/ca\/empresa\/compromis\/"},{"@type":"ListItem","position":4,"name":"EU Data Act"}]}]}},"_links":{"self":[{"href":"https:\/\/circutor.com\/ca\/wp-json\/wp\/v2\/pages\/61402"}],"collection":[{"href":"https:\/\/circutor.com\/ca\/wp-json\/wp\/v2\/pages"}],"about":[{"href":"https:\/\/circutor.com\/ca\/wp-json\/wp\/v2\/types\/page"}],"author":[{"embeddable":true,"href":"https:\/\/circutor.com\/ca\/wp-json\/wp\/v2\/users\/7"}],"replies":[{"embeddable":true,"href":"https:\/\/circutor.com\/ca\/wp-json\/wp\/v2\/comments?post=61402"}],"version-history":[{"count":2,"href":"https:\/\/circutor.com\/ca\/wp-json\/wp\/v2\/pages\/61402\/revisions"}],"predecessor-version":[{"id":61404,"href":"https:\/\/circutor.com\/ca\/wp-json\/wp\/v2\/pages\/61402\/revisions\/61404"}],"up":[{"embeddable":true,"href":"https:\/\/circutor.com\/ca\/wp-json\/wp\/v2\/pages\/27568"}],"wp:attachment":[{"href":"https:\/\/circutor.com\/ca\/wp-json\/wp\/v2\/media?parent=61402"}],"curies":[{"name":"wp","href":"https:\/\/api.w.org\/{rel}","templated":true}]}}