{"id":58915,"date":"2025-11-20T14:04:06","date_gmt":"2025-11-20T12:04:06","guid":{"rendered":"https:\/\/circutor.com\/?page_id=58915"},"modified":"2025-11-20T14:04:50","modified_gmt":"2025-11-20T12:04:50","slug":"powerstudio-scada-universe","status":"publish","type":"page","link":"https:\/\/circutor.com\/pl\/platforma-powerstudio-scada\/powerstudio-scada-universe\/","title":{"rendered":"PowerStudio SCADA Universe"},"content":{"rendered":"<p>[vc_row full_width=&#8221;stretch_row&#8221; el_class=&#8221;banner_pagina_texto&#8221; css=&#8221;.vc_custom_1707752243795{background-image: url(https:\/\/circutor.com\/wp-content\/uploads\/2024\/02\/FO_PS_Universe_header.jpg?id=47735) !important;background-position: center !important;background-repeat: no-repeat !important;background-size: cover !important;}&#8221;][vc_column][vc_row_inner el_class=&#8221;breadcrumb&#8221;][vc_column_inner]<div itemscope itemtype=\"https:\/\/schema.org\/BreadcrumbList\" id=\"breadcrumb\"><div itemprop=\"itemListElement\" itemscope itemtype=\"https:\/\/schema.org\/ListItem\"><a itemprop=\"item\" href=\"https:\/\/circutor.com\/ca\/\"><span itemprop=\"name\">Home<\/span><\/a><meta itemprop=\"position\" content=\"1\" \/><\/div><div itemprop=\"itemListElement\" itemscope itemtype=\"https:\/\/schema.org\/ListItem\"><span><i class=\"ico-guil-singl-right\"><\/i><\/span><a itemprop=\"item\" href=\"https:\/\/circutor.com\/pl\/platforma-powerstudio-scada\/\"><span itemprop=\"name\">Platforma PowerStudio SCADA<\/span><\/a><meta itemprop=\"position\" content=\"3\"><\/div><div itemprop=\"itemListElement\" itemscope itemtype=\"https:\/\/schema.org\/ListItem\"><span><i class=\"ico-guil-singl-right\"><\/i><\/span><span class=\"active_item_breadcrumb\" itemprop=\"name\">PowerStudio SCADA Universe<\/span><meta itemprop=\"position\" content=\"4\"><\/div><\/div>[\/vc_column_inner][\/vc_row_inner][vc_row_inner][vc_column_inner width=&#8221;6\/12&#8243;][vc_column_text]<\/p>\n<h1>PowerStudio SCADA Universe: OPC-UA, SQL, API REST lub Cloud<\/h1>\n<p>[\/vc_column_text][\/vc_column_inner][vc_column_inner width=&#8221;6\/12&#8243;][\/vc_column_inner][\/vc_row_inner][\/vc_column][\/vc_row][vc_row el_class=&#8221;empresa-que-hacemos bloque page_empresa&#8221; css=&#8221;.vc_custom_1707812915922{padding-top: 6rem !important;padding-bottom: 6rem !important;}&#8221;][vc_column][vc_row_inner css=&#8221;.vc_custom_1707812971082{padding-bottom: 6rem !important;}&#8221;][vc_column_inner width=&#8221;3\/4&#8243;][vc_column_text el_class=&#8221;animacion_left&#8221;]<\/p>\n<h6 class=\"wrap-title\">PowerStudio SCADA<\/h6>\n<h2><strong>Interoperacyjno\u015b\u0107 przemys\u0142owa, kt\u00f3rej potrzebuje tw\u00f3j SCADA<\/strong><\/h2>\n<p>W \u015bwiecie <strong>automatyki przemys\u0142owej<\/strong>, komunikacja mi\u0119dzy r\u00f3\u017cnymi systemami jest podstaw\u0105 optymalnej efektywno\u015bci i wydajno\u015bci instalacji. <strong>PowerStudio<\/strong> oferuje opcje \u0142\u0105czno\u015bci i platformy w chmurze, aby zagwarantowa\u0107 interoperacyjno\u015b\u0107 mi\u0119dzy systemami w \u015brodowisku przemys\u0142owym. Te opcje pozwalaj\u0105 na integracj\u0119 oraz sprawne i bezpieczne udost\u0119pnianie danych. Po\u0142\u0105cz software PowerStudio SCADA z dowolnym narz\u0119dziem analizy i zarz\u0105dzania, <span style=\"text-decoration: underline;\">aby uzyska\u0107 jak najwi\u0119cej po\u017cytku ze swoich danych.<\/span>[\/vc_column_text][\/vc_column_inner][vc_column_inner width=&#8221;1\/4&#8243;][\/vc_column_inner][\/vc_row_inner][vc_separator css=&#8221;.vc_custom_1707814019747{margin-bottom: 20px !important;}&#8221;][vc_row_inner gap=&#8221;10&#8243;][vc_column_inner width=&#8221;1\/2&#8243;][vc_raw_html]JTNDaSUyMGNsYXNzJTNEJTIyaWNvLXNoYXJlJTIyJTIwc3R5bGUlM0QlMjJmb250LXNpemUlM0ExLjJyZW0lM0IlMjBtYXJnaW4tbGVmdCUzQS0wLjA1ZW0lM0IlMjBjb2xvciUzQSUyM0U0MDA0MCUzQiUyMiUzRSUzQyUyRmklM0UlMEElM0NoMyUyMGNsYXNzJTNEJTIyZm9udHNpemVfMV8ycmVtJTIyJTNFVWRvc3QlQzQlOTlwbmlhaiUyMGRhbmUlMjB6YSUyMHBvbW9jJUM0JTg1JTIwT1BDLVVBJTIwdyUyMGN6YXNpZSUyMHJ6ZWN6eXdpc3R5bSUzQyUyRmgzJTNFJTBBJTNDcCUyMHN0eWxlJTNEJTIyZm9udC13ZWlnaHQlM0ElMjA0MDAlM0IlMjIlM0VQcm90b2slQzMlQjMlQzUlODIlMjBPUEMtVUElMjB0byUyMHN6ZXJva28lMjBzdG9zb3dhbnklMjBzdGFuZGFyZCUyMHRvJTIwa29tdW5pa2FjamklMjBtaSVDNCU5OWR6eSUyMHN5c3RlbWFtaSUyMGF1dG9tYXR5emFjamklMjB3JTIwcHJ6ZW15JUM1JTlCbGUuJTIwJTNDc3Ryb25nJTNFUG93ZXJTdHVkaW8lMjBTQ0FEQSUzQyUyRnN0cm9uZyUzRSUyMGplc3QlMjBrb21wYXR5YmlsbnklMjB6JTIwT1BDJTIwVUElMjB6YSUyMHBvbW9jJUM0JTg1JTIwbmFyeiVDNCU5OWR6aWElMjBPUEMlMjBVQSUyMFNlcnZlciUyQyUyMGt0JUMzJUIzcmUlMjB6YW1pZW5pYSUyMHR3JUMzJUIzaiUyMHNvZnR3YXJlJTIwdyUyMHNlcndlciUyME9QQyUyMFVBJTIwZGxhJTIwZG93b2xueWNoJTIwem1pZW5ueWNoJTIwbHViJTIwcG96eXNrYW55Y2glMjBkYW55Y2guJTNDJTJGcCUzRQ==[\/vc_raw_html][vc_column_text css=&#8221;.vc_custom_1763639450970{margin-top: 40px !important;}&#8221;]<a class=\"boton_enlace\" href=\"https:\/\/circutor.com\/en\/products\/software\/on-premise-software\/product\/M91112.\/\" target=\"_blank\" rel=\"noopener\">Chc\u0119 wiedzie\u0107 wi\u0119cej na temat <strong>modu\u0142u OPC UA<\/strong> <i class=\"ico-arrow-right\"><\/i><\/a>[\/vc_column_text][\/vc_column_inner][vc_column_inner width=&#8221;1\/2&#8243;][vc_single_image image=&#8221;47890&#8243; img_size=&#8221;medium&#8221; alignment=&#8221;center&#8221; style=&#8221;vc_box_rounded&#8221; css=&#8221;.vc_custom_1707900028415{margin-top: 20px !important;padding-top: 10px !important;padding-right: 10px !important;padding-bottom: 10px !important;padding-left: 10px !important;background-color: #f8f8f8 !important;border-radius: 4px !important;}&#8221;][\/vc_column_inner][\/vc_row_inner][vc_separator css=&#8221;.vc_custom_1707750737909{margin-top: 40px !important;margin-bottom: 20px !important;}&#8221;][vc_row_inner gap=&#8221;10&#8243; css=&#8221;.vc_custom_1707738039369{margin-top: 20px !important;}&#8221;][vc_column_inner width=&#8221;1\/2&#8243;][vc_raw_html]JTNDaSUyMGNsYXNzJTNEJTIyaWNvLWRhdGFsb2dnZXIlMjIlMjBzdHlsZSUzRCUyMmZvbnQtc2l6ZSUzQTEuMnJlbSUzQiUyMG1hcmdpbi1sZWZ0JTNBLTAuMDVlbSUzQiUyMGNvbG9yJTNBJTIzRTQwMDQwJTNCJTIyJTNFJTNDJTJGaSUzRSUwQSUzQ2gzJTIwY2xhc3MlM0QlMjJmb250c2l6ZV8xXzJyZW0lMjIlM0VXeXN5JUM1JTgyYWolMjBzd29qZSUyMHJlamVzdHJ5JTIwZG8lMjBkb3dvbG5laiUyMGJhenklMjBkYW55Y2glMjBTUUwlM0MlMkZoMyUzRSUwQSUzQ3AlMjBzdHlsZSUzRCUyMmZvbnQtd2VpZ2h0JTNBJTIwNDAwJTNCJTIyJTNFJTNDc3Ryb25nJTNFUG93ZXJTdHVkaW8lMjBTQ0FEQSUzQyUyRnN0cm9uZyUzRSUyMHBvendhbGElMjBuYSUyMGludGVncmFjaiVDNCU5OSUyMGRvd29sbmVqJTIwem1pZW5uZWolMjBkbyUyMGJhenklMjBkYW55Y2glMjBTUUwlMkMlMjBqZXN0JTIwdG8lMjBmdW5rY2phJTIwbmllemIlQzQlOTlkbmElMjBkbyUyMHR3b3J6ZW5pYSUyMGtvcGlpJTIwYmV6cGllY3plJUM1JTg0c3R3YSUyMGklMjBzcHJhd25lZ28lMjBkb3N0JUM0JTk5cHUlMjBkbyUyMGluZm9ybWFjamklMjB6ZWJyYW55Y2glMjBwcnpleiUyMHR3b2plJTIwdXJ6JUM0JTg1ZHplbmlhLiUyMFBvbmFkdG8lMkMlMjB1bW8lQzUlQkNsaXdpYSUyMHd5a29yenlzdHl3YW5pZSUyMHN6ZXJlZ3UlMjBuYXJ6JUM0JTk5ZHppJTIwZG8lMjBhbmFsaXp5JTIwZGFueWNoJTJDJTIwdWxlcHN6YWolQzQlODVjJTIwdHltJTIwc2FteW0lMjBvcGVyYWN5am4lQzQlODUlMjB3eWRham5vJUM1JTlCJUM0JTg3JTIwdHdvamVnbyUyMHByemVkc2klQzQlOTliaW9yc3R3YS4lMEElM0MlMkZwJTNF[\/vc_raw_html][\/vc_column_inner][vc_column_inner width=&#8221;1\/2&#8243;][vc_single_image image=&#8221;47698&#8243; img_size=&#8221;medium&#8221; alignment=&#8221;center&#8221; style=&#8221;vc_box_rounded&#8221; css=&#8221;.vc_custom_1707751391417{margin-top: 20px !important;padding-top: 10px !important;padding-right: 10px !important;padding-bottom: 10px !important;padding-left: 10px !important;background-color: #f8f8f8 !important;border-radius: 4px !important;}&#8221;][\/vc_column_inner][\/vc_row_inner][vc_separator css=&#8221;.vc_custom_1707750737909{margin-top: 40px !important;margin-bottom: 20px !important;}&#8221;][vc_row_inner gap=&#8221;10&#8243; css=&#8221;.vc_custom_1707738039369{margin-top: 20px !important;}&#8221;][vc_column_inner width=&#8221;1\/2&#8243;][vc_raw_html]JTNDaSUyMGNsYXNzJTNEJTIyaWNvLXJlcG9ydC1jaGVjayUyMiUyMHN0eWxlJTNEJTIyZm9udC1zaXplJTNBMS4ycmVtJTNCJTIwbWFyZ2luLWxlZnQlM0EtMC4wNWVtJTNCJTIwY29sb3IlM0ElMjNFNDAwNDAlM0IlMjIlM0UlM0MlMkZpJTNFJTBBJTNDaDMlMjBjbGFzcyUzRCUyMmZvbnRzaXplXzFfMnJlbSUyMiUzRVBvYmllcmFuaWUlMjBkYW55Y2glMjB6YSUyMHBvJUM1JTlCcmVkbmljdHdlbSUyMGludGVyZmVqc3UlMjBBUEklMjBSRVNUJTIwWE1MJTNDJTJGaDMlM0UlMEElM0NwJTIwc3R5bGUlM0QlMjJmb250LXdlaWdodCUzQSUyMDQwMCUzQiUyMiUzRUludGVyZmVqcyUyMEFQSSUyMFJFU1QlMjBzeXN0ZW11JTIwUG93ZXJTdHVkaW8lMjBTQ0FEQSUyMHVtbyVDNSVCQ2xpd2lhJTIwd3lzeSVDNSU4MmFuaWUlMjAlQzUlQkMlQzQlODVkYSVDNSU4NCUyMFhNTCUyMGRvJTIwc2lsbmlrYSUyMHphcnolQzQlODVkemFuaWElMjBkYW55bWklMjBpJTIwcHJ6ZWNob3d5d2FuaWElMjBkYW55Y2glMjBvJTIwbmF6d2llJTIwRU5HSU5FLiUyMEludGVyZmVqcyUyMEFQSSUyMG9iZWptdWplJTIwJUM1JUJDJUM0JTg1ZGFuaWElMjBkb3R5Y3olQzQlODVjZSUyMHdhcnRvJUM1JTlCY2klMjBoaXN0b3J5Y3pueWNoJTJDJTIwd2FydG8lQzUlOUJjaSUyMGNod2lsb3d5Y2glMjBvcmF6JTIwJUM1JUJDJUM0JTg1ZGFuaWElMjB6YXBpc3UlMjBkbyUyMHpkYWxuZWdvJTIwemFyeiVDNCU4NWR6YW5pYSUyMGluc3RhbGFjaiVDNCU4NS4lMjBQb25hZHRvJTIwJUM1JUJDJUM0JTg1ZGFuaWElMjB1bW8lQzUlQkNsaXdpYWolQzQlODUlMjBkb2Rhd2FuaWUlMjBncnVwJTIwY3phc293eWNoJTIwJTI4ZHppZW5uZSUyQyUyMHR5Z29kbmlvd2UlMjBpJTIwbWllc2klQzQlOTljem5lJTIwYWdyZWdhdHklMjklMkMlMjBhJTIwdGFrJUM1JUJDZSUyMHd5c3klQzUlODJhbmllJTIwJUM1JUJDJUM0JTg1ZGElQzUlODQlMjBkbyUyMHdpZWx1JTIwdXJ6JUM0JTg1ZHplJUM1JTg0JTIwaSUyMHptaWVubnljaCUyMGplZG5vY3plJUM1JTlCbmllLiUzQyUyRnAlM0U=[\/vc_raw_html][\/vc_column_inner][vc_column_inner width=&#8221;1\/2&#8243;][vc_single_image image=&#8221;47850&#8243; img_size=&#8221;medium&#8221; alignment=&#8221;center&#8221; style=&#8221;vc_box_rounded&#8221; css=&#8221;.vc_custom_1707831717168{margin-top: 20px !important;padding-top: 10px !important;padding-right: 10px !important;padding-bottom: 10px !important;padding-left: 10px !important;background-color: #f8f8f8 !important;border-radius: 4px !important;}&#8221;][\/vc_column_inner][\/vc_row_inner][vc_separator css=&#8221;.vc_custom_1707750737909{margin-top: 40px !important;margin-bottom: 20px !important;}&#8221;][vc_row_inner gap=&#8221;10&#8243; css=&#8221;.vc_custom_1707738039369{margin-top: 20px !important;}&#8221;][vc_column_inner width=&#8221;1\/2&#8243;][vc_raw_html]JTNDaSUyMGNsYXNzJTNEJTIyaWNvLWNsb3VkLTElMjIlMjBzdHlsZSUzRCUyMmZvbnQtc2l6ZSUzQTEuMnJlbSUzQiUyMG1hcmdpbi1sZWZ0JTNBLTAuMDVlbSUzQiUyMGNvbG9yJTNBJTIzRTQwMDQwJTNCJTIyJTNFJTNDJTJGaSUzRSUwQSUzQ2gzJTIwY2xhc3MlM0QlMjJmb250c2l6ZV8xXzJyZW0lMjIlM0VQcnplc3klQzUlODJhaiUyMGRhbmUlMjBkbyUyMHBsYXRmb3JteSUyMENsb3VkJTNDJTJGaDMlM0UlMEElM0NwJTIwc3R5bGUlM0QlMjJmb250LXdlaWdodCUzQSUyMDQwMCUzQiUyMiUzRVBvd2VyU3R1ZGlvJTIwU0NBREElMjBkeXNwb251amUlMjByJUMzJUIzd25pZSVDNSVCQyUyMHBvZCVDNSU4MiVDNCU4NWN6ZW5pYW1pJTIwZG8lMjBwbGF0Zm9ybSUyMENsb3VkJTJDJTIwa3QlQzMlQjNyZSUyMHBvendhbGFqJUM0JTg1JTIwc2thbG93YSVDNCU4NyUyMHR3b2plJTIwcHJvamVrdHklMjB3aWVsb3B1bmt0b3dlJTIwaSUyMHByemVrYXp5d2ElQzQlODclMjBkYW5lJTIwbWklQzQlOTlkenklMjByJUMzJUIzJUM1JUJDbnltaSUyMGluc3RhbGFjamFtaSUyMHclMjBzcG9zJUMzJUIzYiUyMHpkYWxueSUyQyUyMGNvJTIwemFwZXduaWElMjBvJTIwd2llbGUlMjBiYXJkemllaiUyMHN6Y3plZyVDMyVCMyVDNSU4Mm93JUM0JTg1JTIwYW5hbGl6JUM0JTk5LiUyMER6aSVDNCU5OWtpJTIwbW9kdSVDNSU4Mm93aSUyMFBTLURhdGFib3glMjBtbyVDNSVCQ2VzeiUyMHBvJUM1JTgyJUM0JTg1Y3p5JUM0JTg3JTIweiUyMHBsYXRmb3JtJUM0JTg1JTIwY2xvdWQlMjBEYXRhYm94JTJDJTIwYWJ5JTIwb2tyZXNvd28lMjBwcnplc3klQzUlODJhJUM0JTg3JTIwbmElMjBuaSVDNCU4NSUyMGRhbmUlMjBwb2Nob2R6JUM0JTg1Y2UlMjB6JTIwciVDMyVCMyVDNSVCQ255Y2glMjB1cnolQzQlODVkemUlQzUlODQlMjBpJTIwb2JsaWN6b25lJTIwem1pZW5uZSUyQyUyMGNvJTIwdSVDNSU4MmF0d2lhJTIwaWNoJTIwZG9zdCVDNCU5OXBubyVDNSU5QiVDNCU4NyUyMG9ubGluZSUyMG9yYXolMjBhbmFsaXolQzQlOTkuJTNDJTJGcCUzRQ==[\/vc_raw_html][vc_column_text css=&#8221;.vc_custom_1763639993803{margin-top: 40px !important;}&#8221;]<a class=\"boton_enlace\" href=\"https:\/\/alfresco.circutor.com\/alfresco\/download\/attach\/workspace\/SpacesStore\/d4f3af2c-08b7-4f0d-a00a-91ae68177e02\/CT_DataBox_EN.pdf?guest=true\" target=\"_blank\" rel=\"noopener\">Chc\u0119 wiedzie\u0107 wi\u0119cej na temat rozwi\u0105za\u0144 Cloud <i class=\"ico-arrow-right\"><\/i><\/a>[\/vc_column_text][\/vc_column_inner][vc_column_inner width=&#8221;1\/2&#8243;][vc_single_image image=&#8221;47707&#8243; img_size=&#8221;medium&#8221; alignment=&#8221;center&#8221; style=&#8221;vc_box_rounded&#8221; css=&#8221;.vc_custom_1707751375779{margin-top: 20px !important;padding-top: 10px !important;padding-right: 10px !important;padding-bottom: 10px !important;padding-left: 10px !important;background-color: #f8f8f8 !important;border-radius: 4px !important;}&#8221;][\/vc_column_inner][\/vc_row_inner][\/vc_column][\/vc_row][vc_row full_width=&#8221;stretch_row&#8221; css=&#8221;.vc_custom_1707813856176{padding-top: 6rem !important;padding-bottom: 6rem !important;background-image: url(https:\/\/circutor.com\/wp-content\/uploads\/2024\/02\/FO_woman_laptop.jpg?id=47760) !important;background-position: center !important;background-repeat: no-repeat !important;background-size: cover !important;}&#8221;][vc_column][vc_column_text css=&#8221;.vc_custom_1763640188014{padding-top: 1rem !important;padding-bottom: 1rem !important;background-color: #ffffff !important;border-radius: 30px !important;}&#8221;]<\/p>\n<p style=\"text-align: center;\"><span class=\"fontsize_1_4rem\" style=\"line-height: 1.3em; color: #53565a;\"><a class=\"boton_enlace\" style=\"fontsize: 1.4rem; color: #53565a;\" href=\"https:\/\/circutor.com\/pl\/produkty\/oprogramowanie\/oprogramowanie-on-premise\/product\/W20300.\/\" target=\"_blank\" rel=\"noopener\"><strong>\u0141atwo po\u0142\u0105cz swoj\u0105 aplikacj\u0119 PowerStudio Scada z naszeym oftware w chmurze Databox<\/strong> <i class=\"ico-arrow-right\"><\/i><\/a><\/span><\/p>\n<p>[\/vc_column_text][\/vc_column][\/vc_row][vc_row css=&#8221;.vc_custom_1707745720443{padding-top: 6rem !important;padding-bottom: 6rem !important;}&#8221;][vc_column width=&#8221;1\/6&#8243;][\/vc_column][vc_column width=&#8221;2\/3&#8243;][vc_column_text]<\/p>\n<h4 style=\"font-weight: 400;\"><strong>Potrzebujesz naszej pomocy?<\/strong><\/h4>\n<p style=\"font-weight: 400;\">Skontaktuj si\u0119 bezpo\u015brednio z naszymi specjalistami aby doradzili ci w kwestii twoich projekt\u00f3w i rozwiali wszelkie mo\u017cliwe w\u0105tpliwo\u015bci dotycz\u0105ce naszego software <strong>PowerStudio SCADA<\/strong>.<\/p>\n<p>[\/vc_column_text][vc_column_text]<script src=\"\/\/info.circutor.com\/js\/forms2\/js\/forms2.min.js\"><\/script><\/p>\n<form id=\"mktoForm_1539\"><\/form>\n<p><script>MktoForms2.loadForm(\"\/\/info.circutor.com\", \"940-CSD-667\", 1539);<\/script>[\/vc_column_text][\/vc_column][vc_column width=&#8221;1\/6&#8243;][\/vc_column][\/vc_row]<\/p>\n","protected":false},"excerpt":{"rendered":"<p>[vc_row full_width=&#8221;stretch_row&#8221; el_class=&#8221;banner_pagina_texto&#8221; css=&#8221;.vc_custom_1707752243795{background-image: url(https:\/\/circutor.com\/wp-content\/uploads\/2024\/02\/FO_PS_Universe_header.jpg?id=47735) !important;background-position: center !important;background-repeat: no-repeat !important;background-size: cover !important;}&#8221;][vc_column][vc_row_inner el_class=&#8221;breadcrumb&#8221;][vc_column_inner][\/vc_column_inner][\/vc_row_inner][vc_row_inner][vc_column_inner width=&#8221;6\/12&#8243;][vc_column_text] PowerStudio SCADA Universe: OPC-UA, SQL, API REST lub Cloud [\/vc_column_text][\/vc_column_inner][vc_column_inner width=&#8221;6\/12&#8243;][\/vc_column_inner][\/vc_row_inner][\/vc_column][\/vc_row][vc_row el_class=&#8221;empresa-que-hacemos bloque page_empresa&#8221; css=&#8221;.vc_custom_1707812915922{padding-top: 6rem !important;padding-bottom: 6rem !important;}&#8221;][vc_column][vc_row_inner css=&#8221;.vc_custom_1707812971082{padding-bottom: 6rem !important;}&#8221;][vc_column_inner width=&#8221;3\/4&#8243;][vc_column_text el_class=&#8221;animacion_left&#8221;] PowerStudio SCADA Interoperacyjno\u015b\u0107 przemys\u0142owa, kt\u00f3rej potrzebuje tw\u00f3j SCADA W \u015bwiecie automatyki przemys\u0142owej, komunikacja mi\u0119dzy r\u00f3\u017cnymi systemami jest [&hellip;]<\/p>\n","protected":false},"author":7,"featured_media":0,"parent":49560,"menu_order":0,"comment_status":"closed","ping_status":"closed","template":"","meta":[],"acf":[],"yoast_head":"<!-- This site is optimized with the Yoast SEO plugin v19.4 - https:\/\/yoast.com\/wordpress\/plugins\/seo\/ -->\n<title>PowerStudio SCADA Universe - CIRCUTOR<\/title>\n<meta name=\"description\" content=\"PowerStudio SCADA Universe\" \/>\n<meta name=\"robots\" content=\"index, follow, max-snippet:-1, max-image-preview:large, max-video-preview:-1\" \/>\n<link rel=\"canonical\" href=\"https:\/\/circutor.com\/pl\/platforma-powerstudio-scada\/powerstudio-scada-universe\/\" \/>\n<meta property=\"og:locale\" content=\"ca_ES\" \/>\n<meta property=\"og:type\" content=\"article\" \/>\n<meta property=\"og:title\" content=\"PowerStudio SCADA Universe - CIRCUTOR\" \/>\n<meta property=\"og:description\" content=\"PowerStudio SCADA Universe\" \/>\n<meta property=\"og:url\" content=\"https:\/\/circutor.com\/pl\/platforma-powerstudio-scada\/powerstudio-scada-universe\/\" \/>\n<meta property=\"og:site_name\" content=\"CIRCUTOR\" \/>\n<meta property=\"article:publisher\" content=\"https:\/\/www.facebook.com\/CIRCUTOR.ES\" \/>\n<meta property=\"article:modified_time\" content=\"2025-11-20T12:04:50+00:00\" \/>\n<meta property=\"og:image\" content=\"https:\/\/circutor.com\/wp-content\/uploads\/2022\/07\/Circutor_Logo_Color.png\" \/>\n\t<meta property=\"og:image:width\" content=\"1299\" \/>\n\t<meta property=\"og:image:height\" content=\"354\" \/>\n\t<meta property=\"og:image:type\" content=\"image\/png\" \/>\n<meta name=\"twitter:card\" content=\"summary_large_image\" \/>\n<meta name=\"twitter:site\" content=\"@circutor\" \/>\n<meta name=\"twitter:label1\" content=\"Temps estimat de lectura\" \/>\n\t<meta name=\"twitter:data1\" content=\"6 minuts\" \/>\n<script type=\"application\/ld+json\" class=\"yoast-schema-graph\">{\"@context\":\"https:\/\/schema.org\",\"@graph\":[{\"@type\":\"Organization\",\"@id\":\"https:\/\/circutor.com\/#organization\",\"name\":\"Circutor\",\"url\":\"https:\/\/circutor.com\/\",\"sameAs\":[\"https:\/\/www.instagram.com\/circutor_es\",\"https:\/\/www.linkedin.com\/company\/circutor\",\"https:\/\/www.youtube.com\/user\/CIRCUTORoficial\",\"https:\/\/www.facebook.com\/CIRCUTOR.ES\",\"https:\/\/twitter.com\/circutor\"],\"logo\":{\"@type\":\"ImageObject\",\"inLanguage\":\"ca\",\"@id\":\"https:\/\/circutor.com\/#\/schema\/logo\/image\/\",\"url\":\"https:\/\/circutor.com\/wp-content\/uploads\/2020\/09\/CIR_LOGO_RED.png\",\"contentUrl\":\"https:\/\/circutor.com\/wp-content\/uploads\/2020\/09\/CIR_LOGO_RED.png\",\"width\":512,\"height\":128,\"caption\":\"Circutor\"},\"image\":{\"@id\":\"https:\/\/circutor.com\/#\/schema\/logo\/image\/\"}},{\"@type\":\"WebSite\",\"@id\":\"https:\/\/circutor.com\/#website\",\"url\":\"https:\/\/circutor.com\/\",\"name\":\"CIRCUTOR\",\"description\":\"Soluciones para la eficiencia energ\u00e9tica el\u00e9ctrica\",\"publisher\":{\"@id\":\"https:\/\/circutor.com\/#organization\"},\"potentialAction\":[{\"@type\":\"SearchAction\",\"target\":{\"@type\":\"EntryPoint\",\"urlTemplate\":\"https:\/\/circutor.com\/?s={search_term_string}\"},\"query-input\":\"required name=search_term_string\"}],\"inLanguage\":\"ca\"},{\"@type\":\"WebPage\",\"@id\":\"https:\/\/circutor.com\/pl\/platforma-powerstudio-scada\/powerstudio-scada-universe\/\",\"url\":\"https:\/\/circutor.com\/pl\/platforma-powerstudio-scada\/powerstudio-scada-universe\/\",\"name\":\"PowerStudio SCADA Universe - CIRCUTOR\",\"isPartOf\":{\"@id\":\"https:\/\/circutor.com\/#website\"},\"datePublished\":\"2025-11-20T12:04:06+00:00\",\"dateModified\":\"2025-11-20T12:04:50+00:00\",\"description\":\"PowerStudio SCADA Universe\",\"breadcrumb\":{\"@id\":\"https:\/\/circutor.com\/pl\/platforma-powerstudio-scada\/powerstudio-scada-universe\/#breadcrumb\"},\"inLanguage\":\"ca\",\"potentialAction\":[{\"@type\":\"ReadAction\",\"target\":[\"https:\/\/circutor.com\/pl\/platforma-powerstudio-scada\/powerstudio-scada-universe\/\"]}]},{\"@type\":\"BreadcrumbList\",\"@id\":\"https:\/\/circutor.com\/pl\/platforma-powerstudio-scada\/powerstudio-scada-universe\/#breadcrumb\",\"itemListElement\":[{\"@type\":\"ListItem\",\"position\":1,\"name\":\"Portada\",\"item\":\"https:\/\/circutor.com\/ca\/\"},{\"@type\":\"ListItem\",\"position\":2,\"name\":\"Platforma PowerStudio SCADA\",\"item\":\"https:\/\/circutor.com\/pl\/platforma-powerstudio-scada\/\"},{\"@type\":\"ListItem\",\"position\":3,\"name\":\"PowerStudio SCADA Universe\"}]}]}<\/script>\n<!-- \/ Yoast SEO plugin. -->","yoast_head_json":{"title":"PowerStudio SCADA Universe - CIRCUTOR","description":"PowerStudio SCADA Universe","robots":{"index":"index","follow":"follow","max-snippet":"max-snippet:-1","max-image-preview":"max-image-preview:large","max-video-preview":"max-video-preview:-1"},"canonical":"https:\/\/circutor.com\/pl\/platforma-powerstudio-scada\/powerstudio-scada-universe\/","og_locale":"ca_ES","og_type":"article","og_title":"PowerStudio SCADA Universe - CIRCUTOR","og_description":"PowerStudio SCADA Universe","og_url":"https:\/\/circutor.com\/pl\/platforma-powerstudio-scada\/powerstudio-scada-universe\/","og_site_name":"CIRCUTOR","article_publisher":"https:\/\/www.facebook.com\/CIRCUTOR.ES","article_modified_time":"2025-11-20T12:04:50+00:00","og_image":[{"width":1299,"height":354,"url":"https:\/\/circutor.com\/wp-content\/uploads\/2022\/07\/Circutor_Logo_Color.png","type":"image\/png"}],"twitter_card":"summary_large_image","twitter_site":"@circutor","twitter_misc":{"Temps estimat de lectura":"6 minuts"},"schema":{"@context":"https:\/\/schema.org","@graph":[{"@type":"Organization","@id":"https:\/\/circutor.com\/#organization","name":"Circutor","url":"https:\/\/circutor.com\/","sameAs":["https:\/\/www.instagram.com\/circutor_es","https:\/\/www.linkedin.com\/company\/circutor","https:\/\/www.youtube.com\/user\/CIRCUTORoficial","https:\/\/www.facebook.com\/CIRCUTOR.ES","https:\/\/twitter.com\/circutor"],"logo":{"@type":"ImageObject","inLanguage":"ca","@id":"https:\/\/circutor.com\/#\/schema\/logo\/image\/","url":"https:\/\/circutor.com\/wp-content\/uploads\/2020\/09\/CIR_LOGO_RED.png","contentUrl":"https:\/\/circutor.com\/wp-content\/uploads\/2020\/09\/CIR_LOGO_RED.png","width":512,"height":128,"caption":"Circutor"},"image":{"@id":"https:\/\/circutor.com\/#\/schema\/logo\/image\/"}},{"@type":"WebSite","@id":"https:\/\/circutor.com\/#website","url":"https:\/\/circutor.com\/","name":"CIRCUTOR","description":"Soluciones para la eficiencia energ\u00e9tica el\u00e9ctrica","publisher":{"@id":"https:\/\/circutor.com\/#organization"},"potentialAction":[{"@type":"SearchAction","target":{"@type":"EntryPoint","urlTemplate":"https:\/\/circutor.com\/?s={search_term_string}"},"query-input":"required name=search_term_string"}],"inLanguage":"ca"},{"@type":"WebPage","@id":"https:\/\/circutor.com\/pl\/platforma-powerstudio-scada\/powerstudio-scada-universe\/","url":"https:\/\/circutor.com\/pl\/platforma-powerstudio-scada\/powerstudio-scada-universe\/","name":"PowerStudio SCADA Universe - CIRCUTOR","isPartOf":{"@id":"https:\/\/circutor.com\/#website"},"datePublished":"2025-11-20T12:04:06+00:00","dateModified":"2025-11-20T12:04:50+00:00","description":"PowerStudio SCADA Universe","breadcrumb":{"@id":"https:\/\/circutor.com\/pl\/platforma-powerstudio-scada\/powerstudio-scada-universe\/#breadcrumb"},"inLanguage":"ca","potentialAction":[{"@type":"ReadAction","target":["https:\/\/circutor.com\/pl\/platforma-powerstudio-scada\/powerstudio-scada-universe\/"]}]},{"@type":"BreadcrumbList","@id":"https:\/\/circutor.com\/pl\/platforma-powerstudio-scada\/powerstudio-scada-universe\/#breadcrumb","itemListElement":[{"@type":"ListItem","position":1,"name":"Portada","item":"https:\/\/circutor.com\/ca\/"},{"@type":"ListItem","position":2,"name":"Platforma PowerStudio SCADA","item":"https:\/\/circutor.com\/pl\/platforma-powerstudio-scada\/"},{"@type":"ListItem","position":3,"name":"PowerStudio SCADA Universe"}]}]}},"_links":{"self":[{"href":"https:\/\/circutor.com\/ca\/wp-json\/wp\/v2\/pages\/58915"}],"collection":[{"href":"https:\/\/circutor.com\/ca\/wp-json\/wp\/v2\/pages"}],"about":[{"href":"https:\/\/circutor.com\/ca\/wp-json\/wp\/v2\/types\/page"}],"author":[{"embeddable":true,"href":"https:\/\/circutor.com\/ca\/wp-json\/wp\/v2\/users\/7"}],"replies":[{"embeddable":true,"href":"https:\/\/circutor.com\/ca\/wp-json\/wp\/v2\/comments?post=58915"}],"version-history":[{"count":2,"href":"https:\/\/circutor.com\/ca\/wp-json\/wp\/v2\/pages\/58915\/revisions"}],"predecessor-version":[{"id":58917,"href":"https:\/\/circutor.com\/ca\/wp-json\/wp\/v2\/pages\/58915\/revisions\/58917"}],"up":[{"embeddable":true,"href":"https:\/\/circutor.com\/ca\/wp-json\/wp\/v2\/pages\/49560"}],"wp:attachment":[{"href":"https:\/\/circutor.com\/ca\/wp-json\/wp\/v2\/media?parent=58915"}],"curies":[{"name":"wp","href":"https:\/\/api.w.org\/{rel}","templated":true}]}}