{"id":53057,"date":"2024-11-28T11:58:10","date_gmt":"2024-11-28T09:58:10","guid":{"rendered":"https:\/\/circutor.com\/?page_id=53057"},"modified":"2024-11-28T12:01:24","modified_gmt":"2024-11-28T10:01:24","slug":"arxius-2d-i-3d-dels-nostres-productes","status":"publish","type":"page","link":"https:\/\/circutor.com\/ca\/arxius-2d-i-3d-dels-nostres-productes\/","title":{"rendered":"Arxius 2D i 3D dels nostres productes"},"content":{"rendered":"<p>[vc_row][vc_column][vc_column_text css=&#8221;.vc_custom_1732787594470{margin-top: 20px !important;}&#8221;]<\/p>\n<h2>Descarrega els arxius 2D i 3D dels nostres productes per facilitar-te el disseny dels teus quadres el\u00e8ctrics.<\/h2>\n<p>[\/vc_column_text][vc_row_inner gap=&#8221;10&#8243;][vc_column_inner width=&#8221;1\/2&#8243;][vc_column_text css=&#8221;.vc_custom_1732787630246{margin-top: 20px !important;margin-bottom: 20px !important;padding-top: 20px !important;padding-right: 20px !important;padding-bottom: 20px !important;padding-left: 20px !important;}&#8221;]<\/p>\n<h3>Optimitza el temps i millora la precisi\u00f3 dels teus projectes utilitzant els arxius de productes Circutor en els teus dissenys.<\/h3>\n<p>A Circutor, sabem com \u00e9s d\u2019important per a tu disposar de les eines adients per dissenyar els teus quadres el\u00e8ctrics de manera eficient i precisa. Per aquest motiu, t\u2019oferim la possibilitat de descarregar els arxius 2D i 3D de tots els nostres productes, per tal de facilitar la integraci\u00f3 de les nostres solucions en els teus projectes.[\/vc_column_text][vc_column_text css=&#8221;.vc_custom_1732787702935{margin-top: 20px !important;margin-bottom: 20px !important;padding-top: 20px !important;padding-right: 20px !important;padding-bottom: 20px !important;padding-left: 20px !important;}&#8221;]Els nostres productes inclouen equips per a:<\/p>\n<ul>\n<li><strong>Mesurament i an\u00e0lisi de variables el\u00e8ctriques<\/strong>, qualitat de consum i consums.<\/li>\n<li><strong>Transformadors de corrent<\/strong>: nucli obert, tancat i transformadors eficients.<\/li>\n<li><strong>Facturaci\u00f3 d\u2019energia<\/strong>: comptadors per a mesurament de companyia el\u00e8ctrica i solucions per al subcomptatge d\u2019energia amb certificaci\u00f3 MID per a facturaci\u00f3 energ\u00e8tica.<\/li>\n<li><strong>Protecci\u00f3 de persones i instal\u00b7lacions<\/strong> mitjan\u00e7ant protecci\u00f3 diferencial tipus A i B.<\/li>\n<li><strong>Protecci\u00f3 especialitzada per a quadres el\u00e8ctrics<\/strong> de rec\u00e0rrega de vehicles el\u00e8ctrics i enllumenat p\u00fablic.<\/li>\n<li><strong>Sistemes de protecci\u00f3<\/strong> amb reconnexi\u00f3 autom\u00e0tica o telecomandament remot.<\/li>\n<\/ul>\n<p>[\/vc_column_text][\/vc_column_inner][vc_column_inner width=&#8221;1\/2&#8243;][vc_column_text css=&#8221;.vc_custom_1732787850376{margin-top: 20px !important;margin-bottom: 20px !important;padding-top: 40px !important;padding-right: 40px !important;padding-bottom: 40px !important;padding-left: 40px !important;background-color: #f3f4f5 !important;}&#8221;]<strong>Descarrega ara els arxius 2D i 3D<\/strong><\/p>\n<p>Si us plau, emplena el formulari seg\u00fcent per accedir a la desc\u00e0rrega dels arxius:<\/p>\n<p><script src=\"\/\/info.circutor.com\/js\/forms2\/js\/forms2.min.js\"><\/script><\/p>\n<form id=\"mktoForm_1644\"><\/form>\n<p><script>MktoForms2.loadForm(\"\/\/info.circutor.com\", \"940-CSD-667\", 1644);<\/script>[\/vc_column_text][\/vc_column_inner][\/vc_row_inner][vc_column_text css=&#8221;.vc_custom_1732787803663{margin-top: 20px !important;margin-bottom: 20px !important;padding-top: 20px !important;padding-right: 20px !important;padding-bottom: 20px !important;padding-left: 20px !important;background-color: #ffeded !important;}&#8221;]<strong>Contacta amb nosaltres <\/strong>mitjan\u00e7ant el correu <a href=\"mailto:comunicacion@circutor.com\">comunicacion@circutor.com<\/a> si necessites algun arxiu que no estigui incl\u00f2s en la desc\u00e0rrega.[\/vc_column_text][\/vc_column][\/vc_row]<\/p>\n","protected":false},"excerpt":{"rendered":"<p>[vc_row][vc_column][vc_column_text css=&#8221;.vc_custom_1732787594470{margin-top: 20px !important;}&#8221;] Descarrega els arxius 2D i 3D dels nostres productes per facilitar-te el disseny dels teus quadres el\u00e8ctrics. [\/vc_column_text][vc_row_inner gap=&#8221;10&#8243;][vc_column_inner width=&#8221;1\/2&#8243;][vc_column_text css=&#8221;.vc_custom_1732787630246{margin-top: 20px !important;margin-bottom: 20px !important;padding-top: 20px !important;padding-right: 20px !important;padding-bottom: 20px !important;padding-left: 20px !important;}&#8221;] Optimitza el temps i millora la precisi\u00f3 dels teus projectes utilitzant els arxius de productes Circutor en els [&hellip;]<\/p>\n","protected":false},"author":7,"featured_media":0,"parent":0,"menu_order":0,"comment_status":"closed","ping_status":"closed","template":"","meta":[],"acf":[],"yoast_head":"<!-- This site is optimized with the Yoast SEO plugin v19.4 - https:\/\/yoast.com\/wordpress\/plugins\/seo\/ -->\n<title>Arxius 2D i 3D dels nostres productes - CIRCUTOR<\/title>\n<meta name=\"description\" content=\"Arxius 2D i 3D dels nostres productes\" \/>\n<meta name=\"robots\" content=\"index, follow, max-snippet:-1, max-image-preview:large, max-video-preview:-1\" \/>\n<link rel=\"canonical\" href=\"https:\/\/circutor.com\/ca\/arxius-2d-i-3d-dels-nostres-productes\/\" \/>\n<meta property=\"og:locale\" content=\"ca_ES\" \/>\n<meta property=\"og:type\" content=\"article\" \/>\n<meta property=\"og:title\" content=\"Arxius 2D i 3D dels nostres productes - CIRCUTOR\" \/>\n<meta property=\"og:description\" content=\"Arxius 2D i 3D dels nostres productes\" \/>\n<meta property=\"og:url\" content=\"https:\/\/circutor.com\/ca\/arxius-2d-i-3d-dels-nostres-productes\/\" \/>\n<meta property=\"og:site_name\" content=\"CIRCUTOR\" \/>\n<meta property=\"article:publisher\" content=\"https:\/\/www.facebook.com\/CIRCUTOR.ES\" \/>\n<meta property=\"article:modified_time\" content=\"2024-11-28T10:01:24+00:00\" \/>\n<meta property=\"og:image\" content=\"https:\/\/circutor.com\/wp-content\/uploads\/2022\/07\/Circutor_Logo_Color.png\" \/>\n\t<meta property=\"og:image:width\" content=\"1299\" \/>\n\t<meta property=\"og:image:height\" content=\"354\" \/>\n\t<meta property=\"og:image:type\" content=\"image\/png\" \/>\n<meta name=\"twitter:card\" content=\"summary_large_image\" \/>\n<meta name=\"twitter:site\" content=\"@circutor\" \/>\n<meta name=\"twitter:label1\" content=\"Temps estimat de lectura\" \/>\n\t<meta name=\"twitter:data1\" content=\"2 minuts\" \/>\n<script type=\"application\/ld+json\" class=\"yoast-schema-graph\">{\"@context\":\"https:\/\/schema.org\",\"@graph\":[{\"@type\":\"Organization\",\"@id\":\"https:\/\/circutor.com\/#organization\",\"name\":\"Circutor\",\"url\":\"https:\/\/circutor.com\/\",\"sameAs\":[\"https:\/\/www.instagram.com\/circutor_es\",\"https:\/\/www.linkedin.com\/company\/circutor\",\"https:\/\/www.youtube.com\/user\/CIRCUTORoficial\",\"https:\/\/www.facebook.com\/CIRCUTOR.ES\",\"https:\/\/twitter.com\/circutor\"],\"logo\":{\"@type\":\"ImageObject\",\"inLanguage\":\"ca\",\"@id\":\"https:\/\/circutor.com\/#\/schema\/logo\/image\/\",\"url\":\"https:\/\/circutor.com\/wp-content\/uploads\/2020\/09\/CIR_LOGO_RED.png\",\"contentUrl\":\"https:\/\/circutor.com\/wp-content\/uploads\/2020\/09\/CIR_LOGO_RED.png\",\"width\":512,\"height\":128,\"caption\":\"Circutor\"},\"image\":{\"@id\":\"https:\/\/circutor.com\/#\/schema\/logo\/image\/\"}},{\"@type\":\"WebSite\",\"@id\":\"https:\/\/circutor.com\/#website\",\"url\":\"https:\/\/circutor.com\/\",\"name\":\"CIRCUTOR\",\"description\":\"Soluciones para la eficiencia energ\u00e9tica el\u00e9ctrica\",\"publisher\":{\"@id\":\"https:\/\/circutor.com\/#organization\"},\"potentialAction\":[{\"@type\":\"SearchAction\",\"target\":{\"@type\":\"EntryPoint\",\"urlTemplate\":\"https:\/\/circutor.com\/?s={search_term_string}\"},\"query-input\":\"required name=search_term_string\"}],\"inLanguage\":\"ca\"},{\"@type\":\"WebPage\",\"@id\":\"https:\/\/circutor.com\/ca\/arxius-2d-i-3d-dels-nostres-productes\/\",\"url\":\"https:\/\/circutor.com\/ca\/arxius-2d-i-3d-dels-nostres-productes\/\",\"name\":\"Arxius 2D i 3D dels nostres productes - CIRCUTOR\",\"isPartOf\":{\"@id\":\"https:\/\/circutor.com\/#website\"},\"datePublished\":\"2024-11-28T09:58:10+00:00\",\"dateModified\":\"2024-11-28T10:01:24+00:00\",\"description\":\"Arxius 2D i 3D dels nostres productes\",\"breadcrumb\":{\"@id\":\"https:\/\/circutor.com\/ca\/arxius-2d-i-3d-dels-nostres-productes\/#breadcrumb\"},\"inLanguage\":\"ca\",\"potentialAction\":[{\"@type\":\"ReadAction\",\"target\":[\"https:\/\/circutor.com\/ca\/arxius-2d-i-3d-dels-nostres-productes\/\"]}]},{\"@type\":\"BreadcrumbList\",\"@id\":\"https:\/\/circutor.com\/ca\/arxius-2d-i-3d-dels-nostres-productes\/#breadcrumb\",\"itemListElement\":[{\"@type\":\"ListItem\",\"position\":1,\"name\":\"Portada\",\"item\":\"https:\/\/circutor.com\/ca\/\"},{\"@type\":\"ListItem\",\"position\":2,\"name\":\"Arxius 2D i 3D dels nostres productes\"}]}]}<\/script>\n<!-- \/ Yoast SEO plugin. -->","yoast_head_json":{"title":"Arxius 2D i 3D dels nostres productes - CIRCUTOR","description":"Arxius 2D i 3D dels nostres productes","robots":{"index":"index","follow":"follow","max-snippet":"max-snippet:-1","max-image-preview":"max-image-preview:large","max-video-preview":"max-video-preview:-1"},"canonical":"https:\/\/circutor.com\/ca\/arxius-2d-i-3d-dels-nostres-productes\/","og_locale":"ca_ES","og_type":"article","og_title":"Arxius 2D i 3D dels nostres productes - CIRCUTOR","og_description":"Arxius 2D i 3D dels nostres productes","og_url":"https:\/\/circutor.com\/ca\/arxius-2d-i-3d-dels-nostres-productes\/","og_site_name":"CIRCUTOR","article_publisher":"https:\/\/www.facebook.com\/CIRCUTOR.ES","article_modified_time":"2024-11-28T10:01:24+00:00","og_image":[{"width":1299,"height":354,"url":"https:\/\/circutor.com\/wp-content\/uploads\/2022\/07\/Circutor_Logo_Color.png","type":"image\/png"}],"twitter_card":"summary_large_image","twitter_site":"@circutor","twitter_misc":{"Temps estimat de lectura":"2 minuts"},"schema":{"@context":"https:\/\/schema.org","@graph":[{"@type":"Organization","@id":"https:\/\/circutor.com\/#organization","name":"Circutor","url":"https:\/\/circutor.com\/","sameAs":["https:\/\/www.instagram.com\/circutor_es","https:\/\/www.linkedin.com\/company\/circutor","https:\/\/www.youtube.com\/user\/CIRCUTORoficial","https:\/\/www.facebook.com\/CIRCUTOR.ES","https:\/\/twitter.com\/circutor"],"logo":{"@type":"ImageObject","inLanguage":"ca","@id":"https:\/\/circutor.com\/#\/schema\/logo\/image\/","url":"https:\/\/circutor.com\/wp-content\/uploads\/2020\/09\/CIR_LOGO_RED.png","contentUrl":"https:\/\/circutor.com\/wp-content\/uploads\/2020\/09\/CIR_LOGO_RED.png","width":512,"height":128,"caption":"Circutor"},"image":{"@id":"https:\/\/circutor.com\/#\/schema\/logo\/image\/"}},{"@type":"WebSite","@id":"https:\/\/circutor.com\/#website","url":"https:\/\/circutor.com\/","name":"CIRCUTOR","description":"Soluciones para la eficiencia energ\u00e9tica el\u00e9ctrica","publisher":{"@id":"https:\/\/circutor.com\/#organization"},"potentialAction":[{"@type":"SearchAction","target":{"@type":"EntryPoint","urlTemplate":"https:\/\/circutor.com\/?s={search_term_string}"},"query-input":"required name=search_term_string"}],"inLanguage":"ca"},{"@type":"WebPage","@id":"https:\/\/circutor.com\/ca\/arxius-2d-i-3d-dels-nostres-productes\/","url":"https:\/\/circutor.com\/ca\/arxius-2d-i-3d-dels-nostres-productes\/","name":"Arxius 2D i 3D dels nostres productes - CIRCUTOR","isPartOf":{"@id":"https:\/\/circutor.com\/#website"},"datePublished":"2024-11-28T09:58:10+00:00","dateModified":"2024-11-28T10:01:24+00:00","description":"Arxius 2D i 3D dels nostres productes","breadcrumb":{"@id":"https:\/\/circutor.com\/ca\/arxius-2d-i-3d-dels-nostres-productes\/#breadcrumb"},"inLanguage":"ca","potentialAction":[{"@type":"ReadAction","target":["https:\/\/circutor.com\/ca\/arxius-2d-i-3d-dels-nostres-productes\/"]}]},{"@type":"BreadcrumbList","@id":"https:\/\/circutor.com\/ca\/arxius-2d-i-3d-dels-nostres-productes\/#breadcrumb","itemListElement":[{"@type":"ListItem","position":1,"name":"Portada","item":"https:\/\/circutor.com\/ca\/"},{"@type":"ListItem","position":2,"name":"Arxius 2D i 3D dels nostres productes"}]}]}},"_links":{"self":[{"href":"https:\/\/circutor.com\/ca\/wp-json\/wp\/v2\/pages\/53057"}],"collection":[{"href":"https:\/\/circutor.com\/ca\/wp-json\/wp\/v2\/pages"}],"about":[{"href":"https:\/\/circutor.com\/ca\/wp-json\/wp\/v2\/types\/page"}],"author":[{"embeddable":true,"href":"https:\/\/circutor.com\/ca\/wp-json\/wp\/v2\/users\/7"}],"replies":[{"embeddable":true,"href":"https:\/\/circutor.com\/ca\/wp-json\/wp\/v2\/comments?post=53057"}],"version-history":[{"count":1,"href":"https:\/\/circutor.com\/ca\/wp-json\/wp\/v2\/pages\/53057\/revisions"}],"predecessor-version":[{"id":53058,"href":"https:\/\/circutor.com\/ca\/wp-json\/wp\/v2\/pages\/53057\/revisions\/53058"}],"wp:attachment":[{"href":"https:\/\/circutor.com\/ca\/wp-json\/wp\/v2\/media?parent=53057"}],"curies":[{"name":"wp","href":"https:\/\/api.w.org\/{rel}","templated":true}]}}