{"id":49546,"date":"2024-05-24T12:31:10","date_gmt":"2024-05-24T10:31:10","guid":{"rendered":"https:\/\/circutor.com\/?page_id=49546"},"modified":"2024-05-24T12:36:09","modified_gmt":"2024-05-24T10:36:09","slug":"powerstudio-scada-universe","status":"publish","type":"page","link":"https:\/\/circutor.com\/ca\/plataforma-powerstudio-scada\/powerstudio-scada-universe\/","title":{"rendered":"PowerStudio SCADA Universe"},"content":{"rendered":"<p>[vc_row full_width=&#8221;stretch_row&#8221; el_class=&#8221;banner_pagina_texto&#8221; css=&#8221;.vc_custom_1707752243795{background-image: url(https:\/\/circutor.com\/wp-content\/uploads\/2024\/02\/FO_PS_Universe_header.jpg?id=47735) !important;background-position: center !important;background-repeat: no-repeat !important;background-size: cover !important;}&#8221;][vc_column][vc_row_inner el_class=&#8221;breadcrumb&#8221;][vc_column_inner]<div itemscope itemtype=\"https:\/\/schema.org\/BreadcrumbList\" id=\"breadcrumb\"><div itemprop=\"itemListElement\" itemscope itemtype=\"https:\/\/schema.org\/ListItem\"><a itemprop=\"item\" href=\"https:\/\/circutor.com\/ca\/\"><span itemprop=\"name\">Home<\/span><\/a><meta itemprop=\"position\" content=\"1\" \/><\/div><div itemprop=\"itemListElement\" itemscope itemtype=\"https:\/\/schema.org\/ListItem\"><span><i class=\"ico-guil-singl-right\"><\/i><\/span><a itemprop=\"item\" href=\"https:\/\/circutor.com\/ca\/plataforma-powerstudio-scada\/\"><span itemprop=\"name\">Plataforma PowerStudio SCADA<\/span><\/a><meta itemprop=\"position\" content=\"3\"><\/div><div itemprop=\"itemListElement\" itemscope itemtype=\"https:\/\/schema.org\/ListItem\"><span><i class=\"ico-guil-singl-right\"><\/i><\/span><span class=\"active_item_breadcrumb\" itemprop=\"name\">PowerStudio SCADA Universe<\/span><meta itemprop=\"position\" content=\"4\"><\/div><\/div>[\/vc_column_inner][\/vc_row_inner][vc_row_inner][vc_column_inner width=&#8221;6\/12&#8243;][vc_column_text]<\/p>\n<h1>PowerStudio SCADA Universe: OPC-UA, SQL, API REST & Cloud<\/h1>\n<p>[\/vc_column_text][\/vc_column_inner][vc_column_inner width=&#8221;6\/12&#8243;][\/vc_column_inner][\/vc_row_inner][\/vc_column][\/vc_row][vc_row el_class=&#8221;empresa-que-hacemos bloque page_empresa&#8221; css=&#8221;.vc_custom_1707812915922{padding-top: 6rem !important;padding-bottom: 6rem !important;}&#8221;][vc_column][vc_row_inner css=&#8221;.vc_custom_1707812971082{padding-bottom: 6rem !important;}&#8221;][vc_column_inner width=&#8221;3\/4&#8243;][vc_column_text el_class=&#8221;animacion_left&#8221;]<\/p>\n<h6 class=\"wrap-title\">PowerStudio SCADA<\/h6>\n<h2><strong>La interoperabilitat industrial que el teu SCADA necessita<\/strong><\/h2>\n<p>En el m\u00f3n de l\u2019<a href=\"https:\/\/es.wikipedia.org\/wiki\/Automatizaci%C3%B3n_industrial\"><strong>automatitzaci\u00f3 industrial<\/strong><\/a>, la comunicaci\u00f3 entre diferents sistemes \u00e9s fonamental per garantir l\u2019efici\u00e8ncia i el rendiment \u00f2ptim de les instal\u00b7lacions.<br \/>\n<strong>PowerStudio<\/strong> ofereix opcions de connectivitat i plataformes al n\u00favol per garantir la interoperabilitat entre sistemes de l\u2019entorn industrial. Aquestes opcions permeten integrar i compartir dades de manera \u00e0gil i segura. Connecta el teu programari PowerStudio SCADA amb qualsevol eina d\u2019an\u00e0lisi i gesti\u00f3 per <span style=\"text-decoration: underline;\">treure-li el m\u00e0xim rendiment a les teves dades<\/span>.[\/vc_column_text][\/vc_column_inner][vc_column_inner width=&#8221;1\/4&#8243;][\/vc_column_inner][\/vc_row_inner][vc_separator css=&#8221;.vc_custom_1707814019747{margin-bottom: 20px !important;}&#8221;][vc_row_inner gap=&#8221;10&#8243;][vc_column_inner width=&#8221;1\/2&#8243;][vc_raw_html]JTNDaSUyMGNsYXNzJTNEJTIyaWNvLXNoYXJlJTIyJTIwc3R5bGUlM0QlMjJmb250LXNpemUlM0ExLjJyZW0lM0IlMjBtYXJnaW4tbGVmdCUzQS0wLjA1ZW0lM0IlMjBjb2xvciUzQSUyM0U0MDA0MCUzQiUyMiUzRSUzQyUyRmklM0UlMEElM0NoMyUyMGNsYXNzJTNEJTIyZm9udHNpemVfMV8ycmVtJTIyJTNFQ29tcGFydGVpeCUyMGxlcyUyMHRldmVzJTIwZGFkZXMlMjBtaXRqYW4lQzMlQTdhbnQlMjBPUEMtVUElMjBlbiUyMHRlbXBzJTIwcmVhbCUzQyUyRmgzJTNFJTBBJTNDcCUyMHN0eWxlJTNEJTIyZm9udC13ZWlnaHQlM0ElMjA0MDAlM0IlMjIlM0VFbCUyMHByb3RvY29sJTIwT1BDLVVBJTIwJUMzJUE5cyUyMHVuJTIwZXN0JUMzJUEwbmRhcmQlMjAlQzMlQTBtcGxpYW1lbnQlMjB1dGlsaXR6YXQlMjBwZXIlMjBhJTIwbGElMjBjb211bmljYWNpJUMzJUIzJTIwZW50cmUlMjBzaXN0ZW1lcyUyMGQlRTIlODAlOTlhdXRvbWF0aXR6YWNpJUMzJUIzJTIwZW4lMjBsYSUyMGluZCVDMyVCQXN0cmlhLiUyMCUzQ3N0cm9uZyUzRVBvd2VyU3R1ZGlvJTIwU0NBREElM0MlMkZzdHJvbmclM0UlMjAlQzMlQTlzJTIwY29tcGF0aWJsZSUyMGFtYiUyME9QQy1VQSUyMG1pdGphbiVDMyVBN2FudCUyMGwlRTIlODAlOTllaW5hJTIwT1BDLVVBJTIwU2VydmVyJTJDJTIwbGElMjBxdWFsJTIwY29zYSUyMGNvbnZlcnRlaXglMjBlbCUyMHRldSUyMHByb2dyYW1hcmklMjBlbiUyMHVuJTIwc2Vydmlkb3IlMjBPUEMtVUElMjBwZXIlMjBhJTIwcXVhbHNldm9sJTIwdmFyaWFibGUlMjBvJTIwZGFkYSUyMGNhcHR1cmFkYS4lM0MlMkZwJTNF[\/vc_raw_html][vc_column_text css=&#8221;.vc_custom_1716545978153{margin-top: 40px !important;}&#8221;]<a class=\"boton_enlace\" href=\"https:\/\/circutor.com\/ca\/productes\/programari\/programari-local\/programari-de-gestio-energetica\/product\/W20200.\/\" target=\"_blank\" rel=\"noopener\">Vull m\u00e9s informaci\u00f3 sobre el <strong>m\u00f2dul OPC UA<\/strong> <i class=\"ico-arrow-right\"><\/i><\/a>[\/vc_column_text][\/vc_column_inner][vc_column_inner width=&#8221;1\/2&#8243;][vc_single_image image=&#8221;47887&#8243; img_size=&#8221;medium&#8221; alignment=&#8221;center&#8221; style=&#8221;vc_box_rounded&#8221; css=&#8221;.vc_custom_1707834791898{margin-top: 20px !important;padding-top: 10px !important;padding-right: 10px !important;padding-bottom: 10px !important;padding-left: 10px !important;background-color: #f8f8f8 !important;border-radius: 4px !important;}&#8221;][\/vc_column_inner][\/vc_row_inner][vc_separator css=&#8221;.vc_custom_1707750737909{margin-top: 40px !important;margin-bottom: 20px !important;}&#8221;][vc_row_inner gap=&#8221;10&#8243; css=&#8221;.vc_custom_1707738039369{margin-top: 20px !important;}&#8221;][vc_column_inner width=&#8221;1\/2&#8243;][vc_raw_html]JTNDaSUyMGNsYXNzJTNEJTIyaWNvLWRhdGFsb2dnZXIlMjIlMjBzdHlsZSUzRCUyMmZvbnQtc2l6ZSUzQTEuMnJlbSUzQiUyMG1hcmdpbi1sZWZ0JTNBLTAuMDVlbSUzQiUyMGNvbG9yJTNBJTIzRTQwMDQwJTNCJTIyJTNFJTNDJTJGaSUzRSUwQSUzQ2gzJTIwY2xhc3MlM0QlMjJmb250c2l6ZV8xXzJyZW0lMjIlM0VFbnZpYSUyMGVscyUyMHRldXMlMjByZWdpc3RyZXMlMjBhJTIwcXVhbHNldm9sJTIwYmFzZSUyMGRlJTIwZGFkZXMlMjBTUUwlM0MlMkZoMyUzRSUwQSUzQ3AlMjBzdHlsZSUzRCUyMmZvbnQtd2VpZ2h0JTNBJTIwNDAwJTNCJTIyJTNFJTNDc3Ryb25nJTNFUG93ZXJTdHVkaW8lMjBTQ0FEQSUzQyUyRnN0cm9uZyUzRSUyMHBlcm1ldCUyMGludGVncmFyJTIwcXVhbHNldm9sJTIwdmFyaWFibGUlMjBlbiUyMHVuYSUyMGJhc2UlMjBkZSUyMGRhZGVzJTIwU1FMJTJDJTIwdW5hJTIwZnVuY2lvbmFsaXRhdCUyMGltcHJlc2NpbmRpYmxlJTIwcGVyJTIwZ2VuZXJhciUyMGMlQzMlQjJwaWVzJTIwZGUlMjBzZWd1cmV0YXQlMjBpJTIwdW4lMjBhY2MlQzMlQTlzJTIwJUMzJUEwZ2lsJTIwYSUyMGxhJTIwaW5mb3JtYWNpJUMzJUIzJTIwcmVjb3BpbGFkYSUyMHBlbHMlMjB0ZXVzJTIwZGlzcG9zaXRpdXMuJTIwQSUyMG0lQzMlQTlzJTJDJTIwZmFjaWxpdGElMjBsYSUyMHV0aWxpdHphY2klQzMlQjMlMjBkJUUyJTgwJTk5dW5hJTIwJUMzJUEwbXBsaWElMjB2YXJpZXRhdCUyMGQlRTIlODAlOTllaW5lcyUyMGQlRTIlODAlOTlhbiVDMyVBMGxpc2klMjBkZSUyMGRhZGVzJTJDJTIwbGElMjBxdWFsJTIwY29zYSUyMG1pbGxvcmElMjBsJUUyJTgwJTk5ZWZpY2klQzMlQThuY2lhJTIwb3BlcmF0aXZhJTIwZGUlMjBsYSUyMHRldmElMjBlbXByZXNhLiUzQyUyRnAlM0U=[\/vc_raw_html][\/vc_column_inner][vc_column_inner width=&#8221;1\/2&#8243;][vc_single_image image=&#8221;47698&#8243; img_size=&#8221;medium&#8221; alignment=&#8221;center&#8221; style=&#8221;vc_box_rounded&#8221; css=&#8221;.vc_custom_1707751391417{margin-top: 20px !important;padding-top: 10px !important;padding-right: 10px !important;padding-bottom: 10px !important;padding-left: 10px !important;background-color: #f8f8f8 !important;border-radius: 4px !important;}&#8221;][\/vc_column_inner][\/vc_row_inner][vc_separator css=&#8221;.vc_custom_1707750737909{margin-top: 40px !important;margin-bottom: 20px !important;}&#8221;][vc_row_inner gap=&#8221;10&#8243; css=&#8221;.vc_custom_1707738039369{margin-top: 20px !important;}&#8221;][vc_column_inner width=&#8221;1\/2&#8243;][vc_raw_html]JTNDaSUyMGNsYXNzJTNEJTIyaWNvLXJlcG9ydC1jaGVjayUyMiUyMHN0eWxlJTNEJTIyZm9udC1zaXplJTNBMS4ycmVtJTNCJTIwbWFyZ2luLWxlZnQlM0EtMC4wNWVtJTNCJTIwY29sb3IlM0ElMjNFNDAwNDAlM0IlMjIlM0UlM0MlMkZpJTNFJTBBJTNDaDMlMjBjbGFzcyUzRCUyMmZvbnRzaXplXzFfMnJlbSUyMiUzRUV4dHJldSUyMGxlcyUyMGRhZGVzJTIwbWl0amFuJUMzJUE3YW50JTIwbCUyN0FQSSUyMFJFU1QlMjBYTUwlM0MlMkZoMyUzRSUwQSUzQ3AlMjBzdHlsZSUzRCUyMmZvbnQtd2VpZ2h0JTNBJTIwNDAwJTNCJTIyJTNFTCUyN0FQSSUyMFJFU1QlMjBkZSUyMFBvd2VyU3R1ZGlvJTIwU0NBREElMjBwZXJtZXQlMjByZWFsaXR6YXIlMjBwZXRpY2lvbnMlMjBYTUwlMjBhbCUyMG1vdG9yJTIwZGUlMjBnZXN0aSVDMyVCMyUyMGklMjBlbW1hZ2F0emVtYW1lbnQlMjBkZSUyMGRhZGVzJTJDJTIwYW5vbWVuYXQlMjBFTkdJTkUuJTIwTCUyN0FQSSUyMGluY2xvdSUyMHBldGljaW9ucyUyMHBlciUyMGElMjB2YWxvcnMlMjBoaXN0JUMzJUIycmljcyUyQyUyMHZhbG9ycyUyMGluc3RhbnRhbmlzJTIwaSUyMHBldGljaW9ucyUyMGQlMjdlc2NyaXB0dXJhJTIwcGVyJTIwYSUyMGxhJTIwdGVsZWdlc3RpJUMzJUIzJTIwZGUlMjBsYSUyMGluc3RhbCVDMiVCN2xhY2klQzMlQjMuJTIwQSUyMG0lQzMlQTlzJTJDJTIwbGVzJTIwcGV0aWNpb25zJTIwcGVybWV0ZW4lMjBhZmVnaXIlMjBhZ3J1cGFjaW9ucyUyMHRlbXBvcmFsZXMlMjAlMjhhZ3JlZ2F0cyUyMGRpYXJpcyUyQyUyMHNldG1hbmFscyUyMGklMjBtZW5zdWFscyUyOSUyQyUyMGFpeCVDMyVBRCUyMGNvbSUyMHBldGljaW9ucyUyMGElMjBtJUMzJUJBbHRpcGxlcyUyMGRpc3Bvc2l0aXVzJTIwaSUyMHZhcmlhYmxlcyUyMGRlJTIwZm9ybWElMjBzaW11bHQlQzMlQTBuaWEuJTNDJTJGcCUzRQ==[\/vc_raw_html][\/vc_column_inner][vc_column_inner width=&#8221;1\/2&#8243;][vc_single_image image=&#8221;47847&#8243; img_size=&#8221;medium&#8221; alignment=&#8221;center&#8221; style=&#8221;vc_box_rounded&#8221; css=&#8221;.vc_custom_1707831075657{margin-top: 20px !important;padding-top: 10px !important;padding-right: 10px !important;padding-bottom: 10px !important;padding-left: 10px !important;background-color: #f8f8f8 !important;border-radius: 4px !important;}&#8221;][\/vc_column_inner][\/vc_row_inner][vc_separator css=&#8221;.vc_custom_1707750737909{margin-top: 40px !important;margin-bottom: 20px !important;}&#8221;][vc_row_inner gap=&#8221;10&#8243; css=&#8221;.vc_custom_1707738039369{margin-top: 20px !important;}&#8221;][vc_column_inner width=&#8221;1\/2&#8243;][vc_raw_html]JTNDaSUyMGNsYXNzJTNEJTIyaWNvLWNsb3VkLTElMjIlMjBzdHlsZSUzRCUyMmZvbnQtc2l6ZSUzQTEuMnJlbSUzQiUyMG1hcmdpbi1sZWZ0JTNBLTAuMDVlbSUzQiUyMGNvbG9yJTNBJTIzRTQwMDQwJTNCJTIyJTNFJTNDJTJGaSUzRSUwQSUzQ2gzJTIwY2xhc3MlM0QlMjJmb250c2l6ZV8xXzJyZW0lMjIlM0VFbnZpYSUyMGxlcyUyMHRldmVzJTIwZGFkZXMlMjBhJTIwcGxhdGFmb3JtZXMlMjBDbG91ZCUzQyUyRmgzJTNFJTBBJTNDcCUyMHN0eWxlJTNEJTIyZm9udC13ZWlnaHQlM0ElMjA0MDAlM0IlMjIlM0VQb3dlclN0dWRpbyUyMFNDQURBJTIwZGlzcG9zYSUyMGRlJTIwY29ubmVjdG9ycyUyMGElMjBwbGF0YWZvcm1lcyUyMGFsJTIwbiVDMyVCQXZvbCUyMHF1ZSUyMHBlcm1ldGVuJTIwZXNjYWxhciUyMGVsJTIwdGV1JTIwcHJvamVjdGUlMjBtdWx0aXB1bnQlMjBpJTIwY29tcGFydGlyJTIwZGFkZXMlMjBlbnRyZSUyMGRpZmVyZW50cyUyMGluc3RhbCVDMiVCN2xhY2lvbnMlMjBkZSUyMG1hbmVyYSUyMHJlbW90YSUyQyUyMGxhJTIwcXVhbCUyMGNvc2ElMjBhc3NlZ3VyYSUyMHVuYSUyMGFuJUMzJUEwbGlzaSUyMG1vbHQlMjBtJUMzJUE5cyUyMGRldGFsbGFkYS4lMjBBbWIlMjBlbCUyMG0lQzMlQjJkdWwlMjBQUy1EYXRhYm94JTIwcG90cyUyMGNvbm5lY3RhciUyMFBvd2VyU3R1ZGlvJTIwaSUyMGxhJTIwcGxhdGFmb3JtYSUyMGFsJTIwbiVDMyVCQXZvbCUyMERhdGFib3glMjBwZXIlMjBjYXJyZWdhciUyMGRlJTIwbWFuZXJhJTIwcGVyaSVDMyVCMmRpY2ElMjBkYWRlcyUyMHByb2NlZGVudHMlMjBkZSUyMGRpc3Bvc2l0aXVzJTIwbyUyMHZhcmlhYmxlcyUyMGNhbGN1bGFkZXMlMkMlMjBsYSUyMHF1YWwlMjBjb3NhJTIwbWlsbG9yYSUyMGxhJTIwZGlzcG9uaWJpbGl0YXQlMjBlbiUyMGwlQzMlQURuaWElMjBpJTIwbGElMjBzZXZhJTIwYW4lQzMlQTBsaXNpLiUzQyUyRnAlM0U=[\/vc_raw_html][vc_column_text css=&#8221;.vc_custom_1716546529605{margin-top: 40px !important;}&#8221;]<a class=\"boton_enlace\" href=\"https:\/\/alfresco.circutor.com\/alfresco\/download\/attach\/workspace\/SpacesStore\/15f2e4a5-65e4-47e9-93f3-c49a56385024\/CT_DataBox_ES.pdf?guest=true\" target=\"_blank\" rel=\"noopener\">Vull m\u00e9s informaci\u00f3 sobre <strong>solucions Cloud<\/strong> <i class=\"ico-arrow-right\"><\/i><\/a>[\/vc_column_text][\/vc_column_inner][vc_column_inner width=&#8221;1\/2&#8243;][vc_single_image image=&#8221;47707&#8243; img_size=&#8221;medium&#8221; alignment=&#8221;center&#8221; style=&#8221;vc_box_rounded&#8221; css=&#8221;.vc_custom_1707751375779{margin-top: 20px !important;padding-top: 10px !important;padding-right: 10px !important;padding-bottom: 10px !important;padding-left: 10px !important;background-color: #f8f8f8 !important;border-radius: 4px !important;}&#8221;][\/vc_column_inner][\/vc_row_inner][\/vc_column][\/vc_row][vc_row full_width=&#8221;stretch_row&#8221; css=&#8221;.vc_custom_1707813856176{padding-top: 6rem !important;padding-bottom: 6rem !important;background-image: url(https:\/\/circutor.com\/wp-content\/uploads\/2024\/02\/FO_woman_laptop.jpg?id=47760) !important;background-position: center !important;background-repeat: no-repeat !important;background-size: cover !important;}&#8221;][vc_column][vc_column_text css=&#8221;.vc_custom_1716546619495{padding-top: 1rem !important;padding-bottom: 1rem !important;background-color: #ffffff !important;border-radius: 30px !important;}&#8221;]<\/p>\n<p style=\"text-align: center;\"><span class=\"fontsize_1_4rem\" style=\"line-height: 1.3em; color: #53565a;\">Connecta f\u00e0cilment la teva aplicaci\u00f3 Powerstudio Scada amb el nostre <a class=\"boton_enlace\" style=\"fontsize: 1.4rem; color: #53565a;\" href=\"https:\/\/circutor.com\/ca\/productes\/programari\/programari-local\/product\/W20300.\/\" target=\"_blank\" rel=\"noopener\"><strong>programari en el n\u00favol Databox<\/strong> <i class=\"ico-arrow-right\"><\/i><\/a><\/span><\/p>\n<p>[\/vc_column_text][\/vc_column][\/vc_row][vc_row css=&#8221;.vc_custom_1707745720443{padding-top: 6rem !important;padding-bottom: 6rem !important;}&#8221;][vc_column width=&#8221;1\/6&#8243;][\/vc_column][vc_column width=&#8221;2\/3&#8243;][vc_column_text]<\/p>\n<h4 style=\"font-weight: 400;\"><strong>Necessites la nostra ajuda?<\/strong><\/h4>\n<p style=\"font-weight: 400;\">Contacta directament amb els nostres especialistes perqu\u00e8 t\u2019assessorin en els teus projectes i aclareixin qualsevol dubte que puguis tenir sobre el nostre programari <strong>PowerStudio SCADA<\/strong>.<\/p>\n<p>[\/vc_column_text][vc_column_text]<script src=\"\/\/info.circutor.com\/js\/forms2\/js\/forms2.min.js\"><\/script><\/p>\n<form id=\"mktoForm_1538\"><\/form>\n<p><script>MktoForms2.loadForm(\"\/\/info.circutor.com\", \"940-CSD-667\", 1538);<\/script>[\/vc_column_text][\/vc_column][vc_column width=&#8221;1\/6&#8243;][\/vc_column][\/vc_row]<\/p>\n","protected":false},"excerpt":{"rendered":"<p>[vc_row full_width=&#8221;stretch_row&#8221; el_class=&#8221;banner_pagina_texto&#8221; css=&#8221;.vc_custom_1707752243795{background-image: url(https:\/\/circutor.com\/wp-content\/uploads\/2024\/02\/FO_PS_Universe_header.jpg?id=47735) !important;background-position: center !important;background-repeat: no-repeat !important;background-size: cover !important;}&#8221;][vc_column][vc_row_inner el_class=&#8221;breadcrumb&#8221;][vc_column_inner][\/vc_column_inner][\/vc_row_inner][vc_row_inner][vc_column_inner width=&#8221;6\/12&#8243;][vc_column_text] PowerStudio SCADA Universe: OPC-UA, SQL, API REST &#038; Cloud [\/vc_column_text][\/vc_column_inner][vc_column_inner width=&#8221;6\/12&#8243;][\/vc_column_inner][\/vc_row_inner][\/vc_column][\/vc_row][vc_row el_class=&#8221;empresa-que-hacemos bloque page_empresa&#8221; css=&#8221;.vc_custom_1707812915922{padding-top: 6rem !important;padding-bottom: 6rem !important;}&#8221;][vc_column][vc_row_inner css=&#8221;.vc_custom_1707812971082{padding-bottom: 6rem !important;}&#8221;][vc_column_inner width=&#8221;3\/4&#8243;][vc_column_text el_class=&#8221;animacion_left&#8221;] PowerStudio SCADA La interoperabilitat industrial que el teu SCADA necessita En el m\u00f3n de l\u2019automatitzaci\u00f3 industrial, la [&hellip;]<\/p>\n","protected":false},"author":7,"featured_media":0,"parent":47617,"menu_order":0,"comment_status":"closed","ping_status":"closed","template":"","meta":[],"acf":[],"yoast_head":"<!-- This site is optimized with the Yoast SEO plugin v19.4 - https:\/\/yoast.com\/wordpress\/plugins\/seo\/ -->\n<title>PowerStudio SCADA Universe - CIRCUTOR<\/title>\n<meta name=\"robots\" content=\"index, follow, max-snippet:-1, max-image-preview:large, max-video-preview:-1\" \/>\n<link rel=\"canonical\" href=\"https:\/\/circutor.com\/ca\/plataforma-powerstudio-scada\/powerstudio-scada-universe\/\" \/>\n<meta property=\"og:locale\" content=\"ca_ES\" \/>\n<meta property=\"og:type\" content=\"article\" \/>\n<meta property=\"og:title\" content=\"PowerStudio SCADA Universe - CIRCUTOR\" \/>\n<meta property=\"og:description\" content=\"[vc_row full_width=&#8221;stretch_row&#8221; el_class=&#8221;banner_pagina_texto&#8221; css=&#8221;.vc_custom_1707752243795{background-image: url(https:\/\/circutor.com\/wp-content\/uploads\/2024\/02\/FO_PS_Universe_header.jpg?id=47735) !important;background-position: center !important;background-repeat: no-repeat !important;background-size: cover !important;}&#8221;][vc_column][vc_row_inner el_class=&#8221;breadcrumb&#8221;][vc_column_inner][\/vc_column_inner][\/vc_row_inner][vc_row_inner][vc_column_inner width=&#8221;6\/12&#8243;][vc_column_text] PowerStudio SCADA Universe: OPC-UA, SQL, API REST &amp; Cloud [\/vc_column_text][\/vc_column_inner][vc_column_inner width=&#8221;6\/12&#8243;][\/vc_column_inner][\/vc_row_inner][\/vc_column][\/vc_row][vc_row el_class=&#8221;empresa-que-hacemos bloque page_empresa&#8221; css=&#8221;.vc_custom_1707812915922{padding-top: 6rem !important;padding-bottom: 6rem !important;}&#8221;][vc_column][vc_row_inner css=&#8221;.vc_custom_1707812971082{padding-bottom: 6rem !important;}&#8221;][vc_column_inner width=&#8221;3\/4&#8243;][vc_column_text el_class=&#8221;animacion_left&#8221;] PowerStudio SCADA La interoperabilitat industrial que el teu SCADA necessita En el m\u00f3n de l\u2019automatitzaci\u00f3 industrial, la [&hellip;]\" \/>\n<meta property=\"og:url\" content=\"https:\/\/circutor.com\/ca\/plataforma-powerstudio-scada\/powerstudio-scada-universe\/\" \/>\n<meta property=\"og:site_name\" content=\"CIRCUTOR\" \/>\n<meta property=\"article:publisher\" content=\"https:\/\/www.facebook.com\/CIRCUTOR.ES\" \/>\n<meta property=\"article:modified_time\" content=\"2024-05-24T10:36:09+00:00\" \/>\n<meta property=\"og:image\" content=\"https:\/\/circutor.com\/wp-content\/uploads\/2022\/07\/Circutor_Logo_Color.png\" \/>\n\t<meta property=\"og:image:width\" content=\"1299\" \/>\n\t<meta property=\"og:image:height\" content=\"354\" \/>\n\t<meta property=\"og:image:type\" content=\"image\/png\" \/>\n<meta name=\"twitter:card\" content=\"summary_large_image\" \/>\n<meta name=\"twitter:site\" content=\"@circutor\" \/>\n<meta name=\"twitter:label1\" content=\"Temps estimat de lectura\" \/>\n\t<meta name=\"twitter:data1\" content=\"5 minuts\" \/>\n<script type=\"application\/ld+json\" class=\"yoast-schema-graph\">{\"@context\":\"https:\/\/schema.org\",\"@graph\":[{\"@type\":\"Organization\",\"@id\":\"https:\/\/circutor.com\/#organization\",\"name\":\"Circutor\",\"url\":\"https:\/\/circutor.com\/\",\"sameAs\":[\"https:\/\/www.instagram.com\/circutor_es\",\"https:\/\/www.linkedin.com\/company\/circutor\",\"https:\/\/www.youtube.com\/user\/CIRCUTORoficial\",\"https:\/\/www.facebook.com\/CIRCUTOR.ES\",\"https:\/\/twitter.com\/circutor\"],\"logo\":{\"@type\":\"ImageObject\",\"inLanguage\":\"ca\",\"@id\":\"https:\/\/circutor.com\/#\/schema\/logo\/image\/\",\"url\":\"https:\/\/circutor.com\/wp-content\/uploads\/2020\/09\/CIR_LOGO_RED.png\",\"contentUrl\":\"https:\/\/circutor.com\/wp-content\/uploads\/2020\/09\/CIR_LOGO_RED.png\",\"width\":512,\"height\":128,\"caption\":\"Circutor\"},\"image\":{\"@id\":\"https:\/\/circutor.com\/#\/schema\/logo\/image\/\"}},{\"@type\":\"WebSite\",\"@id\":\"https:\/\/circutor.com\/#website\",\"url\":\"https:\/\/circutor.com\/\",\"name\":\"CIRCUTOR\",\"description\":\"Soluciones para la eficiencia energ\u00e9tica el\u00e9ctrica\",\"publisher\":{\"@id\":\"https:\/\/circutor.com\/#organization\"},\"potentialAction\":[{\"@type\":\"SearchAction\",\"target\":{\"@type\":\"EntryPoint\",\"urlTemplate\":\"https:\/\/circutor.com\/?s={search_term_string}\"},\"query-input\":\"required name=search_term_string\"}],\"inLanguage\":\"ca\"},{\"@type\":\"WebPage\",\"@id\":\"https:\/\/circutor.com\/ca\/plataforma-powerstudio-scada\/powerstudio-scada-universe\/\",\"url\":\"https:\/\/circutor.com\/ca\/plataforma-powerstudio-scada\/powerstudio-scada-universe\/\",\"name\":\"PowerStudio SCADA Universe - CIRCUTOR\",\"isPartOf\":{\"@id\":\"https:\/\/circutor.com\/#website\"},\"datePublished\":\"2024-05-24T10:31:10+00:00\",\"dateModified\":\"2024-05-24T10:36:09+00:00\",\"breadcrumb\":{\"@id\":\"https:\/\/circutor.com\/ca\/plataforma-powerstudio-scada\/powerstudio-scada-universe\/#breadcrumb\"},\"inLanguage\":\"ca\",\"potentialAction\":[{\"@type\":\"ReadAction\",\"target\":[\"https:\/\/circutor.com\/ca\/plataforma-powerstudio-scada\/powerstudio-scada-universe\/\"]}]},{\"@type\":\"BreadcrumbList\",\"@id\":\"https:\/\/circutor.com\/ca\/plataforma-powerstudio-scada\/powerstudio-scada-universe\/#breadcrumb\",\"itemListElement\":[{\"@type\":\"ListItem\",\"position\":1,\"name\":\"Portada\",\"item\":\"https:\/\/circutor.com\/ca\/\"},{\"@type\":\"ListItem\",\"position\":2,\"name\":\"Plataforma PowerStudio SCADA\",\"item\":\"https:\/\/circutor.com\/ca\/plataforma-powerstudio-scada\/\"},{\"@type\":\"ListItem\",\"position\":3,\"name\":\"PowerStudio SCADA Universe\"}]}]}<\/script>\n<!-- \/ Yoast SEO plugin. -->","yoast_head_json":{"title":"PowerStudio SCADA Universe - CIRCUTOR","robots":{"index":"index","follow":"follow","max-snippet":"max-snippet:-1","max-image-preview":"max-image-preview:large","max-video-preview":"max-video-preview:-1"},"canonical":"https:\/\/circutor.com\/ca\/plataforma-powerstudio-scada\/powerstudio-scada-universe\/","og_locale":"ca_ES","og_type":"article","og_title":"PowerStudio SCADA Universe - CIRCUTOR","og_description":"[vc_row full_width=&#8221;stretch_row&#8221; el_class=&#8221;banner_pagina_texto&#8221; css=&#8221;.vc_custom_1707752243795{background-image: url(https:\/\/circutor.com\/wp-content\/uploads\/2024\/02\/FO_PS_Universe_header.jpg?id=47735) !important;background-position: center !important;background-repeat: no-repeat !important;background-size: cover !important;}&#8221;][vc_column][vc_row_inner el_class=&#8221;breadcrumb&#8221;][vc_column_inner][\/vc_column_inner][\/vc_row_inner][vc_row_inner][vc_column_inner width=&#8221;6\/12&#8243;][vc_column_text] PowerStudio SCADA Universe: OPC-UA, SQL, API REST & Cloud [\/vc_column_text][\/vc_column_inner][vc_column_inner width=&#8221;6\/12&#8243;][\/vc_column_inner][\/vc_row_inner][\/vc_column][\/vc_row][vc_row el_class=&#8221;empresa-que-hacemos bloque page_empresa&#8221; css=&#8221;.vc_custom_1707812915922{padding-top: 6rem !important;padding-bottom: 6rem !important;}&#8221;][vc_column][vc_row_inner css=&#8221;.vc_custom_1707812971082{padding-bottom: 6rem !important;}&#8221;][vc_column_inner width=&#8221;3\/4&#8243;][vc_column_text el_class=&#8221;animacion_left&#8221;] PowerStudio SCADA La interoperabilitat industrial que el teu SCADA necessita En el m\u00f3n de l\u2019automatitzaci\u00f3 industrial, la [&hellip;]","og_url":"https:\/\/circutor.com\/ca\/plataforma-powerstudio-scada\/powerstudio-scada-universe\/","og_site_name":"CIRCUTOR","article_publisher":"https:\/\/www.facebook.com\/CIRCUTOR.ES","article_modified_time":"2024-05-24T10:36:09+00:00","og_image":[{"width":1299,"height":354,"url":"https:\/\/circutor.com\/wp-content\/uploads\/2022\/07\/Circutor_Logo_Color.png","type":"image\/png"}],"twitter_card":"summary_large_image","twitter_site":"@circutor","twitter_misc":{"Temps estimat de lectura":"5 minuts"},"schema":{"@context":"https:\/\/schema.org","@graph":[{"@type":"Organization","@id":"https:\/\/circutor.com\/#organization","name":"Circutor","url":"https:\/\/circutor.com\/","sameAs":["https:\/\/www.instagram.com\/circutor_es","https:\/\/www.linkedin.com\/company\/circutor","https:\/\/www.youtube.com\/user\/CIRCUTORoficial","https:\/\/www.facebook.com\/CIRCUTOR.ES","https:\/\/twitter.com\/circutor"],"logo":{"@type":"ImageObject","inLanguage":"ca","@id":"https:\/\/circutor.com\/#\/schema\/logo\/image\/","url":"https:\/\/circutor.com\/wp-content\/uploads\/2020\/09\/CIR_LOGO_RED.png","contentUrl":"https:\/\/circutor.com\/wp-content\/uploads\/2020\/09\/CIR_LOGO_RED.png","width":512,"height":128,"caption":"Circutor"},"image":{"@id":"https:\/\/circutor.com\/#\/schema\/logo\/image\/"}},{"@type":"WebSite","@id":"https:\/\/circutor.com\/#website","url":"https:\/\/circutor.com\/","name":"CIRCUTOR","description":"Soluciones para la eficiencia energ\u00e9tica el\u00e9ctrica","publisher":{"@id":"https:\/\/circutor.com\/#organization"},"potentialAction":[{"@type":"SearchAction","target":{"@type":"EntryPoint","urlTemplate":"https:\/\/circutor.com\/?s={search_term_string}"},"query-input":"required name=search_term_string"}],"inLanguage":"ca"},{"@type":"WebPage","@id":"https:\/\/circutor.com\/ca\/plataforma-powerstudio-scada\/powerstudio-scada-universe\/","url":"https:\/\/circutor.com\/ca\/plataforma-powerstudio-scada\/powerstudio-scada-universe\/","name":"PowerStudio SCADA Universe - CIRCUTOR","isPartOf":{"@id":"https:\/\/circutor.com\/#website"},"datePublished":"2024-05-24T10:31:10+00:00","dateModified":"2024-05-24T10:36:09+00:00","breadcrumb":{"@id":"https:\/\/circutor.com\/ca\/plataforma-powerstudio-scada\/powerstudio-scada-universe\/#breadcrumb"},"inLanguage":"ca","potentialAction":[{"@type":"ReadAction","target":["https:\/\/circutor.com\/ca\/plataforma-powerstudio-scada\/powerstudio-scada-universe\/"]}]},{"@type":"BreadcrumbList","@id":"https:\/\/circutor.com\/ca\/plataforma-powerstudio-scada\/powerstudio-scada-universe\/#breadcrumb","itemListElement":[{"@type":"ListItem","position":1,"name":"Portada","item":"https:\/\/circutor.com\/ca\/"},{"@type":"ListItem","position":2,"name":"Plataforma PowerStudio SCADA","item":"https:\/\/circutor.com\/ca\/plataforma-powerstudio-scada\/"},{"@type":"ListItem","position":3,"name":"PowerStudio SCADA Universe"}]}]}},"_links":{"self":[{"href":"https:\/\/circutor.com\/ca\/wp-json\/wp\/v2\/pages\/49546"}],"collection":[{"href":"https:\/\/circutor.com\/ca\/wp-json\/wp\/v2\/pages"}],"about":[{"href":"https:\/\/circutor.com\/ca\/wp-json\/wp\/v2\/types\/page"}],"author":[{"embeddable":true,"href":"https:\/\/circutor.com\/ca\/wp-json\/wp\/v2\/users\/7"}],"replies":[{"embeddable":true,"href":"https:\/\/circutor.com\/ca\/wp-json\/wp\/v2\/comments?post=49546"}],"version-history":[{"count":0,"href":"https:\/\/circutor.com\/ca\/wp-json\/wp\/v2\/pages\/49546\/revisions"}],"up":[{"embeddable":true,"href":"https:\/\/circutor.com\/ca\/wp-json\/wp\/v2\/pages\/47617"}],"wp:attachment":[{"href":"https:\/\/circutor.com\/ca\/wp-json\/wp\/v2\/media?parent=49546"}],"curies":[{"name":"wp","href":"https:\/\/api.w.org\/{rel}","templated":true}]}}