{"id":40194,"date":"2023-07-28T12:24:44","date_gmt":"2023-07-28T10:24:44","guid":{"rendered":"https:\/\/circutor.com\/?page_id=40194"},"modified":"2023-07-28T12:24:44","modified_gmt":"2023-07-28T10:24:44","slug":"zasady-korzystania-z-sieci-spolecznosciowych","status":"publish","type":"page","link":"https:\/\/circutor.com\/pl\/zasady-korzystania-z-sieci-spolecznosciowych\/","title":{"rendered":"Zasady korzystania z sieci spo\u0142eczno\u015bciowych"},"content":{"rendered":"<p>[vc_row][vc_column][vc_column_text]<\/p>\n<h3>Zasady korzystania z sieci spo\u0142eczno\u015bciowych<\/h3>\n<p>Wszystkie oficjalne profile firmy CIRCUTOR, SAU w sieciach spo\u0142eczno\u015bciowych informuj\u0105 u\u017cytkownika o warunkach i zasadach korzystania z nich. Wspomniane warunki zosta\u0142y okre\u015blone w poni\u017cszym dokumencie:<\/p>\n<p>Firma CIRCUTOR stworzy\u0142a t\u0119 stron\u0119 w sieciach spo\u0142eczno\u015bciowych, aby pozna\u0107 Twoj\u0105 opini\u0119, przekazywa\u0107 Ci informacje oraz aby\u015b m\u00f3g\u0142 lepiej pozna\u0107 nasz\u0105 firm\u0119. Jej g\u0142\u00f3wnym celem jest rozwijanie transparentnego i konstruktywnego dialogu pod warunkiem wzajemnego okazywania sobie szacunku przez wszystkich u\u017cytkownik\u00f3w.<\/p>\n<p>Aby ten kana\u0142 komunikacji s\u0142u\u017cy\u0142 wszystkim z korzy\u015bci\u0105, nale\u017cy przestrzega\u0107 kilku podstawowych zasad. Zanim zaczniesz czynnie uczestniczy\u0107 w sieci spo\u0142eczno\u015bciowej, powiniene\u015b uwa\u017cnie przeczyta\u0107 poni\u017csze zasady korzystania z niej:<\/p>\n<ol>\n<li>Pami\u0119taj, \u017ce jest to forum publiczne. Zamieszczaj\u0105c jakiekolwiek dane, komentarz lub informacje, musisz pami\u0119ta\u0107, \u017ce podane elementy mog\u0105 by\u0107 widziane przez pozosta\u0142ych u\u017cytkownik\u00f3w tej sieci spo\u0142eczno\u015bciowej i przez firm\u0119 CIRCUTOR.<\/li>\n<li>Prosimy, aby\u015b zwraca\u0142 si\u0119 w pierwszej osobie i aby\u015b stara\u0142 si\u0119 swoimi komentarzami wnosi\u0107 dodatkow\u0105 warto\u015b\u0107, udost\u0119pniaj\u0105c informacje i przedstawiaj\u0105c r\u00f3\u017cne punkty widzenia. Pami\u0119taj, \u017ce ponosisz odpowiedzialno\u015b\u0107 za sw\u00f3j komentarz i za ewentualne konsekwencje dla Twojego wizerunku i Twojej reputacji. Je\u015bli masz w\u0105tpliwo\u015bci, nie zamieszczaj komentarza.<\/li>\n<li>Ta przestrze\u0144 stanowi forum wymiany opinii oraz konstruktywnej debaty, lecz nie jest to odpowiednie miejsce do prowadzenia polemiki, dyskredytowania innych u\u017cytkownik\u00f3w lub os\u00f3b trzecich ani do sk\u0142adania skarg i reklamacji, kt\u00f3re powinny by\u0107 kierowane innymi specjalnymi kana\u0142ami, udost\u0119pnionymi w tym celu przez firm\u0119 CIRCUTOR.<\/li>\n<li>Traktuj z szacunkiem innych u\u017cytkownik\u00f3w; u\u017cywaj odpowiedniego i grzecznego j\u0119zyka oraz post\u0119puj tak, jakby\u015b znajdowa\u0142 si\u0119 w obecno\u015bci innej osoby.<\/li>\n<li>Nie publikuj materia\u0142\u00f3w reklamowych ani nie wykorzystuj tego profilu w celu osi\u0105gni\u0119cia zysku lub prowadzenia dzia\u0142alno\u015bci handlowej, nie por\u00f3wnuj ani nie oceniaj produkt\u00f3w lub us\u0142ug innych firm. Nie jest to r\u00f3wnie\u017c miejsce s\u0142u\u017c\u0105ce do osobistej reklamy lub do poszukiwania pracy; CIRCUTOR posiada specjalny kana\u0142, przeznaczony do tego celu.<\/li>\n<li>Tw\u00f3j komentarz powinien zawiera\u0107 rzeczywiste, konkretne dane i sp\u00f3jn\u0105 argumentacj\u0119. Dopuszcza si\u0119 cytowanie lub reprodukcj\u0119 ma\u0142ych fragment\u00f3w tekst\u00f3w, ksi\u0105\u017cek lub og\u00f3lnie &#8211; dzie\u0142 os\u00f3b trzecich pod warunkiem, \u017ce zostanie wskazane \u017ar\u00f3d\u0142o i nazwisko autora. Je\u015bli Tw\u00f3j komentarz zawiera Twoje w\u0142asne materia\u0142y (tekst, fotografie, rysunki, materia\u0142y wideo i materia\u0142y d\u017awi\u0119kowe), informujemy, \u017ce tym samym udzielasz firmie CIRCUTOR zezwolenia na odtwarzanie ich w dowolnym medium fizycznym lub wirtualnym, gdzie podamy Twoje nazwisko jako autora, przy czym ma to miejsce bez uszczerbku dla prawa innych u\u017cytkownik\u00f3w sieci do zapisywania lub odtwarzania tych materia\u0142\u00f3w.<\/li>\n<li>Symbol &#8220;C&#8221;, &#8220;CIRCUTOR&#8221; i\/lub wszelkie inne logo, kt\u00f3rych u\u017cywamy na tym profilu, s\u0105 zastrze\u017conymi markami. W\u0142asno\u015bci\u0105 firmy s\u0105 r\u00f3wnie\u017c wszelkie tre\u015bci opublikowane przez CIRCUTORA na tym profilu i dlatego CIRCUTOR zastrzega sobie wszelkie zwi\u0105zane z nimi prawa w\u0142asno\u015bci intelektualnej i przemys\u0142owej. Powiniene\u015b zobowi\u0105za\u0107 si\u0119 do ich przestrzegania i niewykorzystywania bez odpowiedniego zezwolenia, bez wzgl\u0119du na wykorzystywane medium.<\/li>\n<li>Pobieranie tre\u015bci, kopiowanie lub drukowanie jakichkolwiek komentarzy jest mo\u017cliwe wy\u0142\u0105cznie do osobistego, prywatnego u\u017cytku.<\/li>\n<li>Informujemy, \u017ce z tego profilu w tej sieci spo\u0142eczno\u015bciowej, firma CIRCUTOR nigdy nie skieruje do Ciebie w spos\u00f3b publiczny pro\u015bby o Twoje dane osobiste.<\/li>\n<li>Informacje zawarte na tym profilu nie powinny by\u0107 uwa\u017cane za informacje o charakterze doradczym, rekomendacje kupna, sprzeda\u017cy ani te\u017c wszelkich innych operacji handlowych w odniesieniu do produkt\u00f3w lub rozwi\u0105za\u0144 firmy CIRCUTOR.<\/li>\n<li>Naszym obowi\u0105zkiem jest dbanie o odpowiedni spos\u00f3b korzystania z tego profilu i dlatego firma CIRCUTOR, jako administrator, zastrzega sobie prawo do usuwania, bez prawa do repliki, wszelkich komentarzy, kt\u00f3re:\n<ul>\n<li>B\u0119dzie uwa\u017ca\u0142a za bezprawne, obra\u017aliwe, maj\u0105ce charakter gro\u017aby, bezpodstawne, maj\u0105ce charakter kalumnii, niestosowne, dyskryminuj\u0105ce pod wzgl\u0119dem etycznym lub spo\u0142ecznym, lub naganne pod wzgl\u0119dem zawodowym, lub kt\u00f3re, w pewnej formie, mog\u0105 narazi\u0107 na szkody materialne i moralne firm\u0119 CIRCUTOR, jej pracownik\u00f3w, wsp\u00f3\u0142pracownik\u00f3w lub osoby trzecie.<\/li>\n<li>B\u0119d\u0105 zawiera\u0142y dane os\u00f3b trzecich bez ich zezwolenia.<\/li>\n<li>B\u0119d\u0105 zawiera\u0142y jakiegokolwiek rodzaju rekomendacje dotycz\u0105ce materia\u0142u reklamowego lub propagandowego, osobistego lub na rzecz os\u00f3b trzecich, zar\u00f3wno os\u00f3b fizycznych jak i prawnych.<\/li>\n<li>B\u0119d\u0105 redundantne.<\/li>\n<li>Nie b\u0119d\u0105 zgodne z profilem strony.<\/li>\n<\/ul>\n<\/li>\n<\/ol>\n<p><strong>Odpowiedzialno\u015b\u0107 i gwarancja firmy CIRCUTOR<\/strong><\/p>\n<p>CIRCUTOR nie ponosi odpowiedzialno\u015bci za opinie zamieszczane na tym profilu i nie gwarantuje w \u017caden spos\u00f3b ich prawdziwo\u015bci, dok\u0142adno\u015bci lub aktualno\u015bci informacji podanych na profilu.<\/p>\n<p>W \u017cadnym przypadku, firma CIRCUTOR, jej administratorzy, pracownicy i upowa\u017cniony personel nie ponosz\u0105 odpowiedzialno\u015bci za jakiekolwiek szkody, straty, reklamacje lub koszty jakiegokolwiek typu, zar\u00f3wno wynikaj\u0105ce jak i niewynikaj\u0105ce z korzystania z tej sieci spo\u0142eczno\u015bciowej; z informacji, kt\u00f3re pozyskano lub do kt\u00f3rych uzyskano dost\u0119p poprzez lub w oparciu o t\u0119 sie\u0107 spo\u0142eczno\u015bciow\u0105; z pojawienia si\u0119 wirus\u00f3w informatycznych, usterek operacyjnych lub przerw w dzia\u0142aniu lub transmisji, lub usterki na linii; korzystanie z tej sieci spo\u0142eczno\u015bciowej, zar\u00f3wno za pomoc\u0105 bezpo\u015bredniego po\u0142\u0105czenia jak i poprzez odno\u015bnik lub w inny spos\u00f3b, stanowi ostrze\u017cenie dla ka\u017cdego u\u017cytkownika, \u017ce te zdarzenia mog\u0105 wyst\u0105pi\u0107.<\/p>\n<p>CIRCUTOR nie ponosi odpowiedzialno\u015bci za strony internetowe, kt\u00f3re nie nale\u017c\u0105 do firmy i do kt\u00f3rych mo\u017cna uzyska\u0107 dost\u0119p za pomoc\u0105 odno\u015bnik\u00f3w (&#8220;links&#8221;) z tego profilu lub za jakiekolwiek tre\u015bci udost\u0119pnione przez osoby trzecie.<\/p>\n<p>CIRCUTOR zastrzega sobie prawo do modyfikowania, zawieszania, usuwania lub ograniczania tre\u015bci tego profilu, odno\u015bnik\u00f3w lub informacji uzyskiwanych za pomoc\u0105 tej sieci, bez konieczno\u015bci wcze\u015bniejszego powiadamiania.<\/p>\n<p>W przypadku w\u0105tpliwo\u015bci zwi\u0105zanych z nawigacj\u0105, tre\u015bci\u0105 i dost\u0119pem, prosimy o kontakt z administratorem profilu.<\/p>\n<p><strong>CIRCUTOR, SAU<\/strong>[\/vc_column_text][\/vc_column][\/vc_row]<\/p>\n","protected":false},"excerpt":{"rendered":"<p>[vc_row][vc_column][vc_column_text] Zasady korzystania z sieci spo\u0142eczno\u015bciowych Wszystkie oficjalne profile firmy CIRCUTOR, SAU w sieciach spo\u0142eczno\u015bciowych informuj\u0105 u\u017cytkownika o warunkach i zasadach korzystania z nich. Wspomniane warunki zosta\u0142y okre\u015blone w poni\u017cszym dokumencie: Firma CIRCUTOR stworzy\u0142a t\u0119 stron\u0119 w sieciach spo\u0142eczno\u015bciowych, aby pozna\u0107 Twoj\u0105 opini\u0119, przekazywa\u0107 Ci informacje oraz aby\u015b m\u00f3g\u0142 lepiej pozna\u0107 nasz\u0105 firm\u0119. Jej g\u0142\u00f3wnym [&hellip;]<\/p>\n","protected":false},"author":7,"featured_media":0,"parent":0,"menu_order":0,"comment_status":"closed","ping_status":"closed","template":"","meta":[],"acf":[],"yoast_head":"<!-- This site is optimized with the Yoast SEO plugin v19.4 - https:\/\/yoast.com\/wordpress\/plugins\/seo\/ -->\n<title>Zasady korzystania z sieci spo\u0142eczno\u015bciowych - CIRCUTOR<\/title>\n<meta name=\"robots\" content=\"index, follow, max-snippet:-1, max-image-preview:large, max-video-preview:-1\" \/>\n<link rel=\"canonical\" href=\"https:\/\/circutor.com\/pl\/zasady-korzystania-z-sieci-spolecznosciowych\/\" \/>\n<meta property=\"og:locale\" content=\"ca_ES\" \/>\n<meta property=\"og:type\" content=\"article\" \/>\n<meta property=\"og:title\" content=\"Zasady korzystania z sieci spo\u0142eczno\u015bciowych - CIRCUTOR\" \/>\n<meta property=\"og:description\" content=\"[vc_row][vc_column][vc_column_text] Zasady korzystania z sieci spo\u0142eczno\u015bciowych Wszystkie oficjalne profile firmy CIRCUTOR, SAU w sieciach spo\u0142eczno\u015bciowych informuj\u0105 u\u017cytkownika o warunkach i zasadach korzystania z nich. Wspomniane warunki zosta\u0142y okre\u015blone w poni\u017cszym dokumencie: Firma CIRCUTOR stworzy\u0142a t\u0119 stron\u0119 w sieciach spo\u0142eczno\u015bciowych, aby pozna\u0107 Twoj\u0105 opini\u0119, przekazywa\u0107 Ci informacje oraz aby\u015b m\u00f3g\u0142 lepiej pozna\u0107 nasz\u0105 firm\u0119. Jej g\u0142\u00f3wnym [&hellip;]\" \/>\n<meta property=\"og:url\" content=\"https:\/\/circutor.com\/pl\/zasady-korzystania-z-sieci-spolecznosciowych\/\" \/>\n<meta property=\"og:site_name\" content=\"CIRCUTOR\" \/>\n<meta property=\"article:publisher\" content=\"https:\/\/www.facebook.com\/CIRCUTOR.ES\" \/>\n<meta property=\"og:image\" content=\"https:\/\/circutor.com\/wp-content\/uploads\/2022\/07\/Circutor_Logo_Color.png\" \/>\n\t<meta property=\"og:image:width\" content=\"1299\" \/>\n\t<meta property=\"og:image:height\" content=\"354\" \/>\n\t<meta property=\"og:image:type\" content=\"image\/png\" \/>\n<meta name=\"twitter:card\" content=\"summary_large_image\" \/>\n<meta name=\"twitter:site\" content=\"@circutor\" \/>\n<meta name=\"twitter:label1\" content=\"Temps estimat de lectura\" \/>\n\t<meta name=\"twitter:data1\" content=\"5 minuts\" \/>\n<script type=\"application\/ld+json\" class=\"yoast-schema-graph\">{\"@context\":\"https:\/\/schema.org\",\"@graph\":[{\"@type\":\"Organization\",\"@id\":\"https:\/\/circutor.com\/#organization\",\"name\":\"Circutor\",\"url\":\"https:\/\/circutor.com\/\",\"sameAs\":[\"https:\/\/www.instagram.com\/circutor_es\",\"https:\/\/www.linkedin.com\/company\/circutor\",\"https:\/\/www.youtube.com\/user\/CIRCUTORoficial\",\"https:\/\/www.facebook.com\/CIRCUTOR.ES\",\"https:\/\/twitter.com\/circutor\"],\"logo\":{\"@type\":\"ImageObject\",\"inLanguage\":\"ca\",\"@id\":\"https:\/\/circutor.com\/#\/schema\/logo\/image\/\",\"url\":\"https:\/\/circutor.com\/wp-content\/uploads\/2020\/09\/CIR_LOGO_RED.png\",\"contentUrl\":\"https:\/\/circutor.com\/wp-content\/uploads\/2020\/09\/CIR_LOGO_RED.png\",\"width\":512,\"height\":128,\"caption\":\"Circutor\"},\"image\":{\"@id\":\"https:\/\/circutor.com\/#\/schema\/logo\/image\/\"}},{\"@type\":\"WebSite\",\"@id\":\"https:\/\/circutor.com\/#website\",\"url\":\"https:\/\/circutor.com\/\",\"name\":\"CIRCUTOR\",\"description\":\"Soluciones para la eficiencia energ\u00e9tica el\u00e9ctrica\",\"publisher\":{\"@id\":\"https:\/\/circutor.com\/#organization\"},\"potentialAction\":[{\"@type\":\"SearchAction\",\"target\":{\"@type\":\"EntryPoint\",\"urlTemplate\":\"https:\/\/circutor.com\/?s={search_term_string}\"},\"query-input\":\"required name=search_term_string\"}],\"inLanguage\":\"ca\"},{\"@type\":\"WebPage\",\"@id\":\"https:\/\/circutor.com\/pl\/zasady-korzystania-z-sieci-spolecznosciowych\/\",\"url\":\"https:\/\/circutor.com\/pl\/zasady-korzystania-z-sieci-spolecznosciowych\/\",\"name\":\"Zasady korzystania z sieci spo\u0142eczno\u015bciowych - CIRCUTOR\",\"isPartOf\":{\"@id\":\"https:\/\/circutor.com\/#website\"},\"datePublished\":\"2023-07-28T10:24:44+00:00\",\"dateModified\":\"2023-07-28T10:24:44+00:00\",\"breadcrumb\":{\"@id\":\"https:\/\/circutor.com\/pl\/zasady-korzystania-z-sieci-spolecznosciowych\/#breadcrumb\"},\"inLanguage\":\"ca\",\"potentialAction\":[{\"@type\":\"ReadAction\",\"target\":[\"https:\/\/circutor.com\/pl\/zasady-korzystania-z-sieci-spolecznosciowych\/\"]}]},{\"@type\":\"BreadcrumbList\",\"@id\":\"https:\/\/circutor.com\/pl\/zasady-korzystania-z-sieci-spolecznosciowych\/#breadcrumb\",\"itemListElement\":[{\"@type\":\"ListItem\",\"position\":1,\"name\":\"Portada\",\"item\":\"https:\/\/circutor.com\/ca\/\"},{\"@type\":\"ListItem\",\"position\":2,\"name\":\"Zasady korzystania z sieci spo\u0142eczno\u015bciowych\"}]}]}<\/script>\n<!-- \/ Yoast SEO plugin. -->","yoast_head_json":{"title":"Zasady korzystania z sieci spo\u0142eczno\u015bciowych - CIRCUTOR","robots":{"index":"index","follow":"follow","max-snippet":"max-snippet:-1","max-image-preview":"max-image-preview:large","max-video-preview":"max-video-preview:-1"},"canonical":"https:\/\/circutor.com\/pl\/zasady-korzystania-z-sieci-spolecznosciowych\/","og_locale":"ca_ES","og_type":"article","og_title":"Zasady korzystania z sieci spo\u0142eczno\u015bciowych - CIRCUTOR","og_description":"[vc_row][vc_column][vc_column_text] Zasady korzystania z sieci spo\u0142eczno\u015bciowych Wszystkie oficjalne profile firmy CIRCUTOR, SAU w sieciach spo\u0142eczno\u015bciowych informuj\u0105 u\u017cytkownika o warunkach i zasadach korzystania z nich. Wspomniane warunki zosta\u0142y okre\u015blone w poni\u017cszym dokumencie: Firma CIRCUTOR stworzy\u0142a t\u0119 stron\u0119 w sieciach spo\u0142eczno\u015bciowych, aby pozna\u0107 Twoj\u0105 opini\u0119, przekazywa\u0107 Ci informacje oraz aby\u015b m\u00f3g\u0142 lepiej pozna\u0107 nasz\u0105 firm\u0119. Jej g\u0142\u00f3wnym [&hellip;]","og_url":"https:\/\/circutor.com\/pl\/zasady-korzystania-z-sieci-spolecznosciowych\/","og_site_name":"CIRCUTOR","article_publisher":"https:\/\/www.facebook.com\/CIRCUTOR.ES","og_image":[{"width":1299,"height":354,"url":"https:\/\/circutor.com\/wp-content\/uploads\/2022\/07\/Circutor_Logo_Color.png","type":"image\/png"}],"twitter_card":"summary_large_image","twitter_site":"@circutor","twitter_misc":{"Temps estimat de lectura":"5 minuts"},"schema":{"@context":"https:\/\/schema.org","@graph":[{"@type":"Organization","@id":"https:\/\/circutor.com\/#organization","name":"Circutor","url":"https:\/\/circutor.com\/","sameAs":["https:\/\/www.instagram.com\/circutor_es","https:\/\/www.linkedin.com\/company\/circutor","https:\/\/www.youtube.com\/user\/CIRCUTORoficial","https:\/\/www.facebook.com\/CIRCUTOR.ES","https:\/\/twitter.com\/circutor"],"logo":{"@type":"ImageObject","inLanguage":"ca","@id":"https:\/\/circutor.com\/#\/schema\/logo\/image\/","url":"https:\/\/circutor.com\/wp-content\/uploads\/2020\/09\/CIR_LOGO_RED.png","contentUrl":"https:\/\/circutor.com\/wp-content\/uploads\/2020\/09\/CIR_LOGO_RED.png","width":512,"height":128,"caption":"Circutor"},"image":{"@id":"https:\/\/circutor.com\/#\/schema\/logo\/image\/"}},{"@type":"WebSite","@id":"https:\/\/circutor.com\/#website","url":"https:\/\/circutor.com\/","name":"CIRCUTOR","description":"Soluciones para la eficiencia energ\u00e9tica el\u00e9ctrica","publisher":{"@id":"https:\/\/circutor.com\/#organization"},"potentialAction":[{"@type":"SearchAction","target":{"@type":"EntryPoint","urlTemplate":"https:\/\/circutor.com\/?s={search_term_string}"},"query-input":"required name=search_term_string"}],"inLanguage":"ca"},{"@type":"WebPage","@id":"https:\/\/circutor.com\/pl\/zasady-korzystania-z-sieci-spolecznosciowych\/","url":"https:\/\/circutor.com\/pl\/zasady-korzystania-z-sieci-spolecznosciowych\/","name":"Zasady korzystania z sieci spo\u0142eczno\u015bciowych - CIRCUTOR","isPartOf":{"@id":"https:\/\/circutor.com\/#website"},"datePublished":"2023-07-28T10:24:44+00:00","dateModified":"2023-07-28T10:24:44+00:00","breadcrumb":{"@id":"https:\/\/circutor.com\/pl\/zasady-korzystania-z-sieci-spolecznosciowych\/#breadcrumb"},"inLanguage":"ca","potentialAction":[{"@type":"ReadAction","target":["https:\/\/circutor.com\/pl\/zasady-korzystania-z-sieci-spolecznosciowych\/"]}]},{"@type":"BreadcrumbList","@id":"https:\/\/circutor.com\/pl\/zasady-korzystania-z-sieci-spolecznosciowych\/#breadcrumb","itemListElement":[{"@type":"ListItem","position":1,"name":"Portada","item":"https:\/\/circutor.com\/ca\/"},{"@type":"ListItem","position":2,"name":"Zasady korzystania z sieci spo\u0142eczno\u015bciowych"}]}]}},"_links":{"self":[{"href":"https:\/\/circutor.com\/ca\/wp-json\/wp\/v2\/pages\/40194"}],"collection":[{"href":"https:\/\/circutor.com\/ca\/wp-json\/wp\/v2\/pages"}],"about":[{"href":"https:\/\/circutor.com\/ca\/wp-json\/wp\/v2\/types\/page"}],"author":[{"embeddable":true,"href":"https:\/\/circutor.com\/ca\/wp-json\/wp\/v2\/users\/7"}],"replies":[{"embeddable":true,"href":"https:\/\/circutor.com\/ca\/wp-json\/wp\/v2\/comments?post=40194"}],"version-history":[{"count":0,"href":"https:\/\/circutor.com\/ca\/wp-json\/wp\/v2\/pages\/40194\/revisions"}],"wp:attachment":[{"href":"https:\/\/circutor.com\/ca\/wp-json\/wp\/v2\/media?parent=40194"}],"curies":[{"name":"wp","href":"https:\/\/api.w.org\/{rel}","templated":true}]}}