{"id":32873,"date":"2023-01-31T11:15:42","date_gmt":"2023-01-31T09:15:42","guid":{"rendered":"https:\/\/circutor.com\/?page_id=32873"},"modified":"2023-06-28T13:46:49","modified_gmt":"2023-06-28T11:46:49","slug":"electrochallenge","status":"publish","type":"page","link":"https:\/\/circutor.com\/ca\/electrochallenge\/","title":{"rendered":"Circutor Electro Challenge"},"content":{"rendered":"<p>[vc_row full_width=&#8221;stretch_row&#8221; el_class=&#8221;banner_pagina_texto&#8221; css=&#8221;.vc_custom_1673351602228{background-image: url(https:\/\/circutor.com\/wp-content\/uploads\/2022\/07\/FO_ElectroChallenge_Back.jpg?id=27154) !important;background-position: center !important;background-repeat: no-repeat !important;background-size: cover !important;}&#8221; el_id=&#8221;pagina_circutor_electrochallenge&#8221;][vc_column css=&#8221;.vc_custom_1605620904006{padding-top: 0px !important;}&#8221;][vc_row_inner el_class=&#8221;breadcrumb&#8221;][vc_column_inner]<div itemscope itemtype=\"https:\/\/schema.org\/BreadcrumbList\" id=\"breadcrumb\"><div itemprop=\"itemListElement\" itemscope itemtype=\"https:\/\/schema.org\/ListItem\"><a itemprop=\"item\" href=\"https:\/\/circutor.com\/ca\/\"><span itemprop=\"name\">Home<\/span><\/a><meta itemprop=\"position\" content=\"1\" \/><\/div><div itemprop=\"itemListElement\" itemscope itemtype=\"https:\/\/schema.org\/ListItem\"><span><i class=\"ico-guil-singl-right\"><\/i><\/span><span class=\"active_item_breadcrumb\" itemprop=\"name\">Circutor Electro Challenge<\/span><meta itemprop=\"position\" content=\"3\"><\/div><\/div>[\/vc_column_inner][\/vc_row_inner][vc_row_inner][vc_column_inner width=&#8221;1\/2&#8243;][vc_column_text]<\/p>\n<h1>ElectroChallenge<\/h1>\n<p>Qu\u00e8 \u00e9s Circutor Electro Challenge?<br \/>\nCircutor Electro Challenge \u00e9s un concepte \u2013 campanya que engloba diferents activitats relacionades amb la difusi\u00f3 del vehicle el\u00e8ctric al llarg de tot l&#8217;any.[\/vc_column_text][\/vc_column_inner][vc_column_inner width=&#8221;1\/2&#8243;][\/vc_column_inner][\/vc_row_inner][\/vc_column][\/vc_row][vc_row css=&#8221;.vc_custom_1661854661028{padding-top: 120px !important;padding-bottom: 120px !important;}&#8221;][vc_column][vc_row_inner][vc_column_inner width=&#8221;1\/2&#8243;][vc_column_text]<\/p>\n<h3>En qu\u00e8 consisteix Circutor Electro Challenge?<\/h3>\n<p><strong>Es tracta d\u00b4un concepte, un segell d\u00b4identitat<\/strong>, que es converteix en campanya de divulgaci\u00f3, formaci\u00f3 o en escuderia de competici\u00f3 en funci\u00f3 del marc de l\u00b4activitat concreta en qu\u00e8 es desenvolupa, sempre amb l\u00b4objectiu de <strong>promocionar el vehicle el\u00e8ctric, l\u00b4electromobilitat i l&#8217;efici\u00e8ncia energ\u00e8tica<\/strong> destacant l&#8217;efici\u00e8ncia com a valor de principal de la transformaci\u00f3.<\/p>\n<p>Sota la marca <strong>Circutor Electro Challenge<\/strong> s&#8217;engloben tot un seguit d&#8217;<strong>activitats<\/strong> planificades que s&#8217;aniran desenvolupant progressivament.<\/p>\n<p>A Circutor fa gaireb\u00e9 50 anys que innovam en efici\u00e8ncia energ\u00e8tica i, des de fa m\u00e9s d&#8217;una d\u00e8cada, aquesta missi\u00f3 abasta tamb\u00e9 la mobilitat el\u00e8ctrica, dissenyant i subministrant al mercat, solucions de rec\u00e0rrega per a vehicle el\u00e8ctric, una contribuci\u00f3 m\u00e9s a la transici\u00f3 energ\u00e8tica ia la construcci\u00f3 un futur sostenible. <strong>The Future is Efficiency<\/strong>[\/vc_column_text][\/vc_column_inner][vc_column_inner width=&#8221;1\/6&#8243;][\/vc_column_inner][vc_column_inner width=&#8221;1\/3&#8243;][vc_raw_html el_id=&#8221;TimelineElectrochallenge&#8221;]JTNDYSUyMGNsYXNzJTNEJTIydHdpdHRlci10aW1lbGluZSUyMiUyMGRhdGEtaGVpZ2h0JTNEJTIyNDAwJTIyJTIwaHJlZiUzRCUyMmh0dHBzJTNBJTJGJTJGdHdpdHRlci5jb20lMkZjaXJjdXRvciUyMiUzRVR3ZWV0cyUyMGRlJTIwQ2lyY3V0b3IlM0MlMkZhJTNFJTIwJTNDc2NyaXB0JTIwYXN5bmMlMjBzcmMlM0QlMjJodHRwcyUzQSUyRiUyRnBsYXRmb3JtLnR3aXR0ZXIuY29tJTJGd2lkZ2V0cy5qcyUyMiUyMGNoYXJzZXQlM0QlMjJ1dGYtOCUyMiUzRSUzQyUyRnNjcmlwdCUzRSUyMA==[\/vc_raw_html][\/vc_column_inner][\/vc_row_inner][vc_row_inner css=&#8221;.vc_custom_1662102955185{margin-top: 120px !important;margin-bottom: 40px !important;}&#8221;][vc_column_inner width=&#8221;1\/6&#8243;][\/vc_column_inner][vc_column_inner width=&#8221;2\/3&#8243;][vc_column_text]<\/p>\n<h6 class=\"wrap-title\" style=\"text-align: center;\">#CircutorElectroChallenge<\/h6>\n<h2 style=\"text-align: center;\"><strong>Benvinguts al desafiament<\/strong><\/h2>\n<p>[\/vc_column_text][\/vc_column_inner][vc_column_inner width=&#8221;1\/6&#8243;][\/vc_column_inner][\/vc_row_inner][vc_row_inner][vc_column_inner width=&#8221;1\/12&#8243;][\/vc_column_inner][vc_column_inner width=&#8221;10\/12&#8243;]\n\t\t\t<!-- START VD CircutorElectroChallenge ES REVOLUTION SLIDER 6.7.14 --><p class=\"rs-p-wp-fix\"><\/p>\n\t\t\t<rs-module-wrap id=\"rev_slider_15_1_wrapper\" data-source=\"gallery\" style=\"visibility:hidden;background:transparent;padding:0;margin:0px auto;margin-top:0;margin-bottom:0;\">\n\t\t\t\t<rs-module id=\"rev_slider_15_1\" style=\"\" data-version=\"6.7.14\">\n\t\t\t\t\t<rs-slides style=\"overflow: hidden; position: absolute;\">\n\t\t\t\t\t\t<rs-slide style=\"position: absolute;\" data-key=\"rs-25\" data-title=\"Slide\" data-anim=\"ms:1000;r:0;\" data-in=\"o:0;\" data-out=\"a:false;\">\n\t\t\t\t\t\t\t<img src=\"\/\/circutor.com\/wp-content\/plugins\/revslider\/sr6\/assets\/assets\/dummy.png\" alt=\"Slide\" title=\"manifiesto\" width=\"1630\" height=\"915\" class=\"rev-slidebg tp-rs-img rs-lazyload\" data-lazyload=\"\/\/circutor.com\/wp-content\/plugins\/revslider\/sr6\/assets\/assets\/transparent.png\" data-no-retina>\n<!--\n\t\t\t\t\t\t\t--><rs-layer\n\t\t\t\t\t\t\t\tid=\"slider-15-slide-25-layer-0\" \n\t\t\t\t\t\t\t\tclass=\"rs-fsv rs-layer-video intrinsic-ignore\"\n\t\t\t\t\t\t\t\tdata-type=\"video\"\n\t\t\t\t\t\t\t\tdata-rsp_ch=\"on\"\n\t\t\t\t\t\t\t\tdata-xy=\"x:0;y:0;\"\n\t\t\t\t\t\t\t\tdata-text=\"w:normal;\"\n\t\t\t\t\t\t\t\tdata-dim=\"w:100%;h:100%;\"\n\t\t\t\t\t\t\t\tdata-video=\"twa:false;ap:no1sttime;vd:100;fc:true;l:false;ptimer:false;nse:f;vc:t;\"\n\t\t\t\t\t\t\t\tdata-poster=\"\/\/circutor.com\/wp-content\/uploads\/2022\/09\/Thumbnail_VD_Trailer_Electrochallenge.jpg\"\n\t\t\t\t\t\t\t\tdata-ytid=\"N3GFCLCBHTg\"\n\t\t\t\t\t\t\t\tdata-vatr=\"version=3&enablejsapi=1&html5=1&hd=1&wmode=opaque&showinfo=0&rel=0&origin=https:\/\/circutor.com;\"\n\t\t\t\t\t\t\t\tdata-frame_1=\"sp:1000;\"\n\t\t\t\t\t\t\t\tdata-frame_999=\"o:0;st:w;sR:8000;\"\n\t\t\t\t\t\t\t\tstyle=\"z-index:5;\"\n\t\t\t\t\t\t\t>\n\t\t\t\t\t\t\t<\/rs-layer><!--\n-->\t\t\t\t\t<\/rs-slide>\n\t\t\t\t\t<\/rs-slides>\n\t\t\t\t<\/rs-module>\n\t\t\t\t<script>\n\t\t\t\t\tsetREVStartSize({c: 'rev_slider_15_1',rl:[1240,1024,778,480],el:[720],gw:[1280],gh:[720],type:'standard',justify:'',layout:'fullwidth',mh:\"0\"});if (window.RS_MODULES!==undefined && window.RS_MODULES.modules!==undefined && window.RS_MODULES.modules[\"revslider151\"]!==undefined) {window.RS_MODULES.modules[\"revslider151\"].once = false;window.revapi15 = undefined;if (window.RS_MODULES.checkMinimal!==undefined) window.RS_MODULES.checkMinimal()}\n\t\t\t\t<\/script>\n\t\t\t\t<script src=\"https:\/\/www.youtube.com\/iframe_api\"><\/script>\n\t\t\t<\/rs-module-wrap>\n\t\t\t<!-- END REVOLUTION SLIDER -->\n[\/vc_column_inner][vc_column_inner width=&#8221;1\/12&#8243;][\/vc_column_inner][\/vc_row_inner][vc_row_inner][vc_column_inner width=&#8221;1\/12&#8243;][\/vc_column_inner][vc_column_inner width=&#8221;10\/12&#8243;][vc_column_text]<a href=\"https:\/\/www.youtube.com\/watch?v=N3GFCLCBHTg\">Veure el tr\u00e1iler de Circutor Electro Challenge<\/a>[\/vc_column_text][\/vc_column_inner][vc_column_inner width=&#8221;1\/12&#8243;][\/vc_column_inner][vc_column_inner][\/vc_column_inner][\/vc_row_inner][\/vc_column][\/vc_row][vc_row el_id=&#8221;competicion&#8221;][vc_column][vc_raw_html el_class=&#8221;menu_ancla_cultura&#8221;]JTNDdWwlM0UlMEElM0NsaSUzRSUzQ2ElMjBocmVmJTNEJTIyJTIzY29tcGV0aWNpb24lMjIlM0VDb21wZXRpY2lvbnMlM0MlMkZhJTNFJTNDJTJGbGklM0UlMEElM0NsaSUzRSUzQ2ElMjBocmVmJTNEJTIyJTIzcmV0b3MlMjIlM0VSZXB0ZXMlM0MlMkZhJTNFJTNDJTJGbGklM0UlMEElM0NsaSUzRSUzQ2ElMjBocmVmJTNEJTIyJTIzZm9ybWFjaW9uJTIyJTNFRm9ybWFjaSVDMyVCMyUzQyUyRmElM0UlM0MlMkZsaSUzRSUwQSUzQ2xpJTNFJTNDYSUyMGhyZWYlM0QlMjIlMjNldmVudG9zJTIyJTNFRXNkZXZlbmltZW50cyUzQyUyRmElM0UlM0MlMkZsaSUzRSUwQSUzQyUyRnVsJTNF[\/vc_raw_html]<div id=\"bloque_dos\" data-vc-full-width=\"true\" data-vc-full-width-init=\"false\" data-vc-stretch-content=\"true\" class=\"vc_row wpb_row vc_row-fluid light_mode custom_css_69d7eb27265b5 bloque_subsector fondo_gris_oscuro custom_css_69d7eb27265b5 vc_row-has-fill vc_row-no-padding vc_row-o-equal-height vc_row-flex\"><div class=\"bloque_texto wpb_column vc_column_container vc_col-sm-6\"><div class=\"vc_column-inner\"><div class=\"wpb_wrapper\"><div class=\"vc_row wpb_row vc_inner vc_row-fluid\"><div class=\"wpb_column vc_column_container vc_col-sm-10\"><div class=\"vc_column-inner\"><div class=\"wpb_wrapper\"><h6 class=\"wrap-title\">COMPETICIONS<\/h6><h2>Competicions Eco-Rallyes & EcoGP<\/h2><p>Circutor Electro Challenge participa als Eco-Rallyes d'energies alternatives, aix\u00ed com a les carreres de resist\u00e8ncia EcoGP. Una escuderia de competici\u00f3 especialitzada en Vehicles El\u00e8ctrics i en la seva conducci\u00f3 eficient.<\/p><div class=\"boton_flecha\"><a class=\"boton_enlace tag_to_blog_new_func\" data-term=\"competicions\" href=\"https:\/\/circutor.com\/electrochallenge\/actualidad-electrochallenge\/\">Descobreix les competicions en les quals participem <i class=\"ico-arrow-right\"><\/i><\/a><\/div><\/div><\/div><\/div><div class=\"wpb_column vc_column_container vc_col-sm-2\"><div class=\"vc_column-inner\"><div class=\"wpb_wrapper\"><\/div><\/div><\/div><\/div><\/div><\/div><\/div><div class=\"bloque_imagen wpb_column vc_column_container vc_col-sm-6 vc_col-has-fill\"><div class=\"vc_column-inner bloque2_img_no_reflejado258\"><div class=\"wpb_wrapper\"><\/div><\/div><\/div><\/div><div class=\"vc_row-full-width vc_clearfix\"><\/div><style type=\"text\/css\" data-type=\"vc_shortcodes-custom-css\">.custom_css_69d7eb27265b5{background-color: #20262c !important;}.bloque2_img_no_reflejado258{background-image: url(https:\/\/circutor.com\/wp-content\/uploads\/2022\/08\/2022_ECORally-Mallorca_01.jpg) !important;background-position: center !important;background-repeat: no-repeat !important;background-size: cover !important;}<\/style>[\/vc_column][\/vc_row][vc_row el_id=&#8221;retos&#8221;][vc_column]<div id=\"bloque_dos_reflejo\" data-vc-full-width=\"true\" data-vc-full-width-init=\"false\" data-vc-stretch-content=\"true\" class=\"vc_row wpb_row vc_row-fluid custom_css_69d7eb2727dcb bloque_subsector fondo_gris_claro custom_css_69d7eb2727dcb vc_row-has-fill vc_row-no-padding vc_row-o-equal-height vc_row-flex\"><div class=\"bloque_imagen wpb_column vc_column_container vc_col-sm-6 vc_col-has-fill\"><div class=\"vc_column-inner bloque2_img_reflejado188\"><div class=\"wpb_wrapper\"><\/div><\/div><\/div><div class=\"bloque_texto wpb_column vc_column_container vc_col-sm-6\"><div class=\"vc_column-inner\"><div class=\"wpb_wrapper\"><div class=\"vc_row wpb_row vc_inner vc_row-fluid\"><div class=\"wpb_column vc_column_container vc_col-sm-2\"><div class=\"vc_column-inner\"><div class=\"wpb_wrapper\"><\/div><\/div><\/div><div class=\"wpb_column vc_column_container vc_col-sm-10\"><div class=\"vc_column-inner\"><div class=\"wpb_wrapper\"><h6 class=\"wrap-title\">REPTES<\/h6><h2>Reptes d'autonomia i cicle WLTP<\/h2><p>Demostraci\u00f3 de les prestacions, capacitat de bateria i cicles WLTP dels Vehicles El\u00e8ctrics a trav\u00e9s de la realitzaci\u00f3 de reptes d'autonomia, en qu\u00e8 posem a prova els models m\u00e9s populars del mercat nacional i internacional, aplicant les nostres capacitats de conducci\u00f3 eficient.<\/p><div class=\"boton_flecha\"><a class=\"boton_enlace tag_to_blog_new_func\" data-term=\"reptes\" href=\"https:\/\/circutor.com\/electrochallenge\/actualidad-electrochallenge\/\">Troba el teu model ideal <i class=\"ico-arrow-right\"><\/i><\/a><\/div><\/div><\/div><\/div><\/div><\/div><\/div><\/div><\/div><div class=\"vc_row-full-width vc_clearfix\"><\/div><style type=\"text\/css\" data-type=\"vc_shortcodes-custom-css\">.custom_css_69d7eb2727dcb{background-color: #f2f3f4 !important;}.bloque2_img_reflejado188{background-image: url(https:\/\/circutor.com\/wp-content\/uploads\/2022\/07\/FO_Mustang_Match_e.jpg) !important;background-position: center !important;background-repeat: no-repeat !important;background-size: cover !important;}<\/style>[\/vc_column][\/vc_row][vc_row el_id=&#8221;formacion&#8221;][vc_column]<div id=\"bloque_dos\" data-vc-full-width=\"true\" data-vc-full-width-init=\"false\" data-vc-stretch-content=\"true\" class=\"vc_row wpb_row vc_row-fluid light_mode custom_css_69d7eb2728abd bloque_subsector fondo_gris_oscuro custom_css_69d7eb2728abd vc_row-has-fill vc_row-no-padding vc_row-o-equal-height vc_row-flex\"><div class=\"bloque_texto wpb_column vc_column_container vc_col-sm-6\"><div class=\"vc_column-inner\"><div class=\"wpb_wrapper\"><div class=\"vc_row wpb_row vc_inner vc_row-fluid\"><div class=\"wpb_column vc_column_container vc_col-sm-10\"><div class=\"vc_column-inner\"><div class=\"wpb_wrapper\"><h6 class=\"wrap-title\">FORMACI\u00d3<\/h6><h2>Formaci\u00f3 y curiositats de l'electromobilitat<\/h2><p>Divulgaci\u00f3 de conceptes sobre Vehicle El\u00e8ctric, rec\u00e0rrega i autonomia, electromobilitat, mitjan\u00e7ant una s\u00e8rie de v\u00eddeos realitzats juntament amb especialistes del sector. L'objectiu d'aquests v\u00eddeos \u00e9s transmetre i resoldre les q\u00fcestions m\u00e9s habituals al m\u00f3n de la mobilitat el\u00e8ctrica.<\/p><div class=\"boton_flecha\"><a class=\"boton_enlace tag_to_blog_new_func\" data-term=\"formaci\u00d3\" href=\"https:\/\/circutor.com\/electrochallenge\/actualidad-electrochallenge\/\">Apr\u00e8n m\u00e9s sobre el m\u00f3n de l'electromobilitat <i class=\"ico-arrow-right\"><\/i><\/a><\/div><\/div><\/div><\/div><div class=\"wpb_column vc_column_container vc_col-sm-2\"><div class=\"vc_column-inner\"><div class=\"wpb_wrapper\"><\/div><\/div><\/div><\/div><\/div><\/div><\/div><div class=\"bloque_imagen wpb_column vc_column_container vc_col-sm-6 vc_col-has-fill\"><div class=\"vc_column-inner bloque2_img_no_reflejado166\"><div class=\"wpb_wrapper\"><\/div><\/div><\/div><\/div><div class=\"vc_row-full-width vc_clearfix\"><\/div><style type=\"text\/css\" data-type=\"vc_shortcodes-custom-css\">.custom_css_69d7eb2728abd{background-color: #20262c !important;}.bloque2_img_no_reflejado166{background-image: url(https:\/\/circutor.com\/wp-content\/uploads\/2022\/07\/FO_formacion_RVE.jpg) !important;background-position: center !important;background-repeat: no-repeat !important;background-size: cover !important;}<\/style>[\/vc_column][\/vc_row][vc_row el_id=&#8221;eventos&#8221;][vc_column]<div id=\"bloque_dos_reflejo\" data-vc-full-width=\"true\" data-vc-full-width-init=\"false\" data-vc-stretch-content=\"true\" class=\"vc_row wpb_row vc_row-fluid custom_css_69d7eb27297e5 bloque_subsector fondo_gris_claro custom_css_69d7eb27297e5 vc_row-has-fill vc_row-no-padding vc_row-o-equal-height vc_row-flex\"><div class=\"bloque_imagen wpb_column vc_column_container vc_col-sm-6 vc_col-has-fill\"><div class=\"vc_column-inner bloque2_img_reflejado719\"><div class=\"wpb_wrapper\"><\/div><\/div><\/div><div class=\"bloque_texto wpb_column vc_column_container vc_col-sm-6\"><div class=\"vc_column-inner\"><div class=\"wpb_wrapper\"><div class=\"vc_row wpb_row vc_inner vc_row-fluid\"><div class=\"wpb_column vc_column_container vc_col-sm-2\"><div class=\"vc_column-inner\"><div class=\"wpb_wrapper\"><\/div><\/div><\/div><div class=\"wpb_column vc_column_container vc_col-sm-10\"><div class=\"vc_column-inner\"><div class=\"wpb_wrapper\"><h6 class=\"wrap-title\">ESDEVENIMENTS<\/h6><h2>Esdeveniments d'electromobilitat<\/h2><p>La socialitzaci\u00f3 del vehicle el\u00e8ctric mitjan\u00e7ant l'organitzaci\u00f3 de trobades i activitats que permetin apropar l'electromobilitat i els seus valors al major nombre de persones possible.<\/p><div class=\"boton_flecha\"><a class=\"boton_enlace tag_to_blog_new_func\" data-term=\"esdeveniments\" href=\"https:\/\/circutor.com\/electrochallenge\/actualidad-electrochallenge\/\">Sorpren-te amb les nostres activitats <i class=\"ico-arrow-right\"><\/i><\/a><\/div><\/div><\/div><\/div><\/div><\/div><\/div><\/div><\/div><div class=\"vc_row-full-width vc_clearfix\"><\/div><style type=\"text\/css\" data-type=\"vc_shortcodes-custom-css\">.custom_css_69d7eb27297e5{background-color: #f2f3f4 !important;}.bloque2_img_reflejado719{background-image: url(https:\/\/circutor.com\/wp-content\/uploads\/2022\/07\/eventos_rve.jpg) !important;background-position: center !important;background-repeat: no-repeat !important;background-size: cover !important;}<\/style>[\/vc_column][\/vc_row][vc_row el_class=&#8221;bloque accesos_home&#8221;][vc_column width=&#8221;1\/2&#8243;][vc_column_text]<\/p>\n<h6 class=\"wrap-title\">NEWSLETTER<\/h6>\n<p>[\/vc_column_text][vc_row_inner el_class=&#8221;newsletter_cat_sector&#8221;][vc_column_inner][vc_column_text el_class=&#8221;titulo&#8221;]<strong>Manteniu-vos al dia<\/strong><br \/>\nSubscriviu-vos a la nostra Newsletter.[\/vc_column_text][vc_column_text el_class=&#8221;subtitulo&#8221;]Vull rebre not\u00edcies i informaci\u00f3 comercial de CIRCUTOR a trav\u00e9s de correu electr\u00f2nic.[\/vc_column_text][vc_column_text el_class=&#8221;subtitulo&#8221;]<script src=\"\/\/info.circutor.com\/js\/forms2\/js\/forms2.min.js\"><\/script><\/p>\n<form id=\"mktoForm_1530\"><\/form>\n<p><script>MktoForms2.loadForm(\"\/\/info.circutor.com\", \"940-CSD-667\", 1530);<\/script>[\/vc_column_text][\/vc_column_inner][\/vc_row_inner][\/vc_column][vc_column width=&#8221;1\/2&#8243;][\/vc_column][\/vc_row]<\/p>\n","protected":false},"excerpt":{"rendered":"HomeCircutor Electro Challenge ElectroChallenge Qu\u00e8 \u00e9s Circutor Electro Challenge? Circutor Electro Challenge \u00e9s un concepte \u2013 campanya que engloba diferents activitats relacionades amb la difusi\u00f3 del vehicle el\u00e8ctric al llarg de tot l'any. En qu\u00e8 consisteix Circutor Electro Challenge? Es tracta d\u00b4un concepte, un segell d\u00b4identitat, que es converteix en campanya de divulgaci\u00f3, formaci\u00f3 o [...]","protected":false},"author":3,"featured_media":0,"parent":0,"menu_order":0,"comment_status":"closed","ping_status":"closed","template":"","meta":[],"acf":[],"yoast_head":"<!-- This site is optimized with the Yoast SEO plugin v19.4 - https:\/\/yoast.com\/wordpress\/plugins\/seo\/ -->\n<title>Circutor Electro Challenge - CIRCUTOR<\/title>\n<meta name=\"description\" content=\"Circutor Electro Challenge\" \/>\n<meta name=\"robots\" content=\"index, follow, max-snippet:-1, max-image-preview:large, max-video-preview:-1\" \/>\n<link rel=\"canonical\" href=\"https:\/\/circutor.com\/ca\/electrochallenge\/\" \/>\n<meta property=\"og:locale\" content=\"ca_ES\" \/>\n<meta property=\"og:type\" content=\"article\" \/>\n<meta property=\"og:title\" content=\"Circutor Electro Challenge - CIRCUTOR\" \/>\n<meta property=\"og:description\" content=\"Circutor Electro Challenge\" \/>\n<meta property=\"og:url\" content=\"https:\/\/circutor.com\/ca\/electrochallenge\/\" \/>\n<meta property=\"og:site_name\" content=\"CIRCUTOR\" \/>\n<meta property=\"article:publisher\" content=\"https:\/\/www.facebook.com\/CIRCUTOR.ES\" \/>\n<meta property=\"article:modified_time\" content=\"2023-06-28T11:46:49+00:00\" \/>\n<meta property=\"og:image\" content=\"https:\/\/circutor.com\/wp-content\/uploads\/2022\/07\/Circutor_Logo_Color.png\" \/>\n\t<meta property=\"og:image:width\" content=\"1299\" \/>\n\t<meta property=\"og:image:height\" content=\"354\" \/>\n\t<meta property=\"og:image:type\" content=\"image\/png\" \/>\n<meta name=\"twitter:card\" content=\"summary_large_image\" \/>\n<meta name=\"twitter:site\" content=\"@circutor\" \/>\n<meta name=\"twitter:label1\" content=\"Temps estimat de lectura\" \/>\n\t<meta name=\"twitter:data1\" content=\"5 minuts\" \/>\n<script type=\"application\/ld+json\" class=\"yoast-schema-graph\">{\"@context\":\"https:\/\/schema.org\",\"@graph\":[{\"@type\":\"Organization\",\"@id\":\"https:\/\/circutor.com\/#organization\",\"name\":\"Circutor\",\"url\":\"https:\/\/circutor.com\/\",\"sameAs\":[\"https:\/\/www.instagram.com\/circutor_es\",\"https:\/\/www.linkedin.com\/company\/circutor\",\"https:\/\/www.youtube.com\/user\/CIRCUTORoficial\",\"https:\/\/www.facebook.com\/CIRCUTOR.ES\",\"https:\/\/twitter.com\/circutor\"],\"logo\":{\"@type\":\"ImageObject\",\"inLanguage\":\"ca\",\"@id\":\"https:\/\/circutor.com\/#\/schema\/logo\/image\/\",\"url\":\"https:\/\/circutor.com\/wp-content\/uploads\/2020\/09\/CIR_LOGO_RED.png\",\"contentUrl\":\"https:\/\/circutor.com\/wp-content\/uploads\/2020\/09\/CIR_LOGO_RED.png\",\"width\":512,\"height\":128,\"caption\":\"Circutor\"},\"image\":{\"@id\":\"https:\/\/circutor.com\/#\/schema\/logo\/image\/\"}},{\"@type\":\"WebSite\",\"@id\":\"https:\/\/circutor.com\/#website\",\"url\":\"https:\/\/circutor.com\/\",\"name\":\"CIRCUTOR\",\"description\":\"Soluciones para la eficiencia energ\u00e9tica el\u00e9ctrica\",\"publisher\":{\"@id\":\"https:\/\/circutor.com\/#organization\"},\"potentialAction\":[{\"@type\":\"SearchAction\",\"target\":{\"@type\":\"EntryPoint\",\"urlTemplate\":\"https:\/\/circutor.com\/?s={search_term_string}\"},\"query-input\":\"required name=search_term_string\"}],\"inLanguage\":\"ca\"},{\"@type\":\"WebPage\",\"@id\":\"https:\/\/circutor.com\/ca\/electrochallenge\/\",\"url\":\"https:\/\/circutor.com\/ca\/electrochallenge\/\",\"name\":\"Circutor Electro Challenge - CIRCUTOR\",\"isPartOf\":{\"@id\":\"https:\/\/circutor.com\/#website\"},\"datePublished\":\"2023-01-31T09:15:42+00:00\",\"dateModified\":\"2023-06-28T11:46:49+00:00\",\"description\":\"Circutor Electro Challenge\",\"breadcrumb\":{\"@id\":\"https:\/\/circutor.com\/ca\/electrochallenge\/#breadcrumb\"},\"inLanguage\":\"ca\",\"potentialAction\":[{\"@type\":\"ReadAction\",\"target\":[\"https:\/\/circutor.com\/ca\/electrochallenge\/\"]}]},{\"@type\":\"BreadcrumbList\",\"@id\":\"https:\/\/circutor.com\/ca\/electrochallenge\/#breadcrumb\",\"itemListElement\":[{\"@type\":\"ListItem\",\"position\":1,\"name\":\"Portada\",\"item\":\"https:\/\/circutor.com\/ca\/\"},{\"@type\":\"ListItem\",\"position\":2,\"name\":\"Circutor Electro Challenge\"}]}]}<\/script>\n<!-- \/ Yoast SEO plugin. -->","yoast_head_json":{"title":"Circutor Electro Challenge - CIRCUTOR","description":"Circutor Electro Challenge","robots":{"index":"index","follow":"follow","max-snippet":"max-snippet:-1","max-image-preview":"max-image-preview:large","max-video-preview":"max-video-preview:-1"},"canonical":"https:\/\/circutor.com\/ca\/electrochallenge\/","og_locale":"ca_ES","og_type":"article","og_title":"Circutor Electro Challenge - CIRCUTOR","og_description":"Circutor Electro Challenge","og_url":"https:\/\/circutor.com\/ca\/electrochallenge\/","og_site_name":"CIRCUTOR","article_publisher":"https:\/\/www.facebook.com\/CIRCUTOR.ES","article_modified_time":"2023-06-28T11:46:49+00:00","og_image":[{"width":1299,"height":354,"url":"https:\/\/circutor.com\/wp-content\/uploads\/2022\/07\/Circutor_Logo_Color.png","type":"image\/png"}],"twitter_card":"summary_large_image","twitter_site":"@circutor","twitter_misc":{"Temps estimat de lectura":"5 minuts"},"schema":{"@context":"https:\/\/schema.org","@graph":[{"@type":"Organization","@id":"https:\/\/circutor.com\/#organization","name":"Circutor","url":"https:\/\/circutor.com\/","sameAs":["https:\/\/www.instagram.com\/circutor_es","https:\/\/www.linkedin.com\/company\/circutor","https:\/\/www.youtube.com\/user\/CIRCUTORoficial","https:\/\/www.facebook.com\/CIRCUTOR.ES","https:\/\/twitter.com\/circutor"],"logo":{"@type":"ImageObject","inLanguage":"ca","@id":"https:\/\/circutor.com\/#\/schema\/logo\/image\/","url":"https:\/\/circutor.com\/wp-content\/uploads\/2020\/09\/CIR_LOGO_RED.png","contentUrl":"https:\/\/circutor.com\/wp-content\/uploads\/2020\/09\/CIR_LOGO_RED.png","width":512,"height":128,"caption":"Circutor"},"image":{"@id":"https:\/\/circutor.com\/#\/schema\/logo\/image\/"}},{"@type":"WebSite","@id":"https:\/\/circutor.com\/#website","url":"https:\/\/circutor.com\/","name":"CIRCUTOR","description":"Soluciones para la eficiencia energ\u00e9tica el\u00e9ctrica","publisher":{"@id":"https:\/\/circutor.com\/#organization"},"potentialAction":[{"@type":"SearchAction","target":{"@type":"EntryPoint","urlTemplate":"https:\/\/circutor.com\/?s={search_term_string}"},"query-input":"required name=search_term_string"}],"inLanguage":"ca"},{"@type":"WebPage","@id":"https:\/\/circutor.com\/ca\/electrochallenge\/","url":"https:\/\/circutor.com\/ca\/electrochallenge\/","name":"Circutor Electro Challenge - CIRCUTOR","isPartOf":{"@id":"https:\/\/circutor.com\/#website"},"datePublished":"2023-01-31T09:15:42+00:00","dateModified":"2023-06-28T11:46:49+00:00","description":"Circutor Electro Challenge","breadcrumb":{"@id":"https:\/\/circutor.com\/ca\/electrochallenge\/#breadcrumb"},"inLanguage":"ca","potentialAction":[{"@type":"ReadAction","target":["https:\/\/circutor.com\/ca\/electrochallenge\/"]}]},{"@type":"BreadcrumbList","@id":"https:\/\/circutor.com\/ca\/electrochallenge\/#breadcrumb","itemListElement":[{"@type":"ListItem","position":1,"name":"Portada","item":"https:\/\/circutor.com\/ca\/"},{"@type":"ListItem","position":2,"name":"Circutor Electro Challenge"}]}]}},"_links":{"self":[{"href":"https:\/\/circutor.com\/ca\/wp-json\/wp\/v2\/pages\/32873"}],"collection":[{"href":"https:\/\/circutor.com\/ca\/wp-json\/wp\/v2\/pages"}],"about":[{"href":"https:\/\/circutor.com\/ca\/wp-json\/wp\/v2\/types\/page"}],"author":[{"embeddable":true,"href":"https:\/\/circutor.com\/ca\/wp-json\/wp\/v2\/users\/3"}],"replies":[{"embeddable":true,"href":"https:\/\/circutor.com\/ca\/wp-json\/wp\/v2\/comments?post=32873"}],"version-history":[{"count":0,"href":"https:\/\/circutor.com\/ca\/wp-json\/wp\/v2\/pages\/32873\/revisions"}],"wp:attachment":[{"href":"https:\/\/circutor.com\/ca\/wp-json\/wp\/v2\/media?parent=32873"}],"curies":[{"name":"wp","href":"https:\/\/api.w.org\/{rel}","templated":true}]}}