{"id":32601,"date":"2023-01-13T13:53:02","date_gmt":"2023-01-13T11:53:02","guid":{"rendered":"https:\/\/circutor.com\/?page_id=32601"},"modified":"2024-08-02T11:24:37","modified_gmt":"2024-08-02T09:24:37","slug":"footer","status":"publish","type":"page","link":"https:\/\/circutor.com\/ca\/footer\/","title":{"rendered":"Footer"},"content":{"rendered":"<p>[vc_row el_class=&#8221;footer_top&#8221;][vc_column width=&#8221;1\/4&#8243;][vc_column_text el_class=&#8221;bloque_contacto&#8221;]<\/p>\n<h6 class=\"wrap-title\">CONTACTE<\/h6>\n<p>Vial Sant Jordi s\/n &#8211; 08232<br \/>\nViladecavalls, Barcelona (Espanya)<br \/>\n<a href=\"tel:0034937452900\">+34 93 745 29 00<\/a><br \/>\n<a href=\"\/ca\/contacte\/\">Contactar <i class=\"ico-arrow-right\"><\/i><\/a>[\/vc_column_text][vc_column_text el_class=&#8221;bloque_contacto sat&#8221;]<\/p>\n<h6 class=\"wrap-title\">SAT<\/h6>\n<p>Servei d&#8217;Assist\u00e8ncia T\u00e8cnica<br \/>\n<a href=\"tel:0034937452919\">+34 93 745 29 19<\/a><br \/>\n<a href=\"\/ca\/contacte\/postvenda-i-assistencia-tecnica\/\">Enviar consulta <i class=\"ico-arrow-right\"><\/i><\/a>[\/vc_column_text][\/vc_column][vc_column width=&#8221;1\/4&#8243;][vc_column_text el_class=&#8221;bloque_contacto&#8221;]<\/p>\n<h6 class=\"wrap-title\">EXPERTS EN<\/h6>\n<ul>\n<li><a href=\"\/ca\/suport\/formacio\/notebooks\/eficiencia-energetica-electrica\/\">Efici\u00e8ncia energ\u00e8tica el\u00e8ctrica<i class=\"ico-guil-singl-right\"><\/i><\/a><\/li>\n<li><a href=\"\/ca\/suport\/formacio\/notebooks\/vehicle-electric\/\">Mobilitat el\u00e8ctrica<i class=\"ico-guil-singl-right\"><\/i><\/a><\/li>\n<li><a href=\"\/ca\/suport\/formacio\/notebooks\/energia-reactiva\/\">Compensaci\u00f3 energia reactiva<i class=\"ico-guil-singl-right\"><\/i><\/a><\/li>\n<li><a href=\"\/ca\/articles\/harmonics-electrics-definicio-problematica-solucions\/\">Filtratge d&#8217;harm\u00f2nics<i class=\"ico-guil-singl-right\"><\/i><\/a><\/li>\n<li><a href=\"\/ca\/sectors\/terciari-edificis-i-infraestructures\/continuitat-de-servei\/\">Protecci\u00f3 el\u00e8ctrica<i class=\"ico-guil-singl-right\"><\/i><\/a><\/li>\n<li><a href=\"\/ca\/sectors\/industria\/analisi-dinstal\u00b7lacions-electriques\/\">Mesura d&#8217;energia<i class=\"ico-guil-singl-right\"><\/i><\/a><\/li>\n<li><a href=\"\/ca\/sectors\/autoconsum-denergia\/\">Autoconsum<i class=\"ico-guil-singl-right\"><\/i><\/a><\/li>\n<li><a href=\"\/ca\/suport\/formacio\/notebooks\/eficiencia-energetica-electrica\/\">Auditoria energ\u00e8tica<i class=\"ico-guil-singl-right\"><\/i><\/a><\/li>\n<\/ul>\n<p>[\/vc_column_text][\/vc_column][vc_column width=&#8221;1\/4&#8243;][vc_column_text el_class=&#8221;bloque_contacto&#8221;]<\/p>\n<h6 class=\"wrap-title\">PRODUCTES<\/h6>\n<ul>\n<li><a href=\"\/ca\/productes\/mesurament-i-control\/\">Mesurament i control <i class=\"ico-guil-singl-right\"><\/i><\/a><\/li>\n<li><a href=\"\/ca\/productes\/metering\/\">Metering <i class=\"ico-guil-singl-right\"><\/i><\/a><\/li>\n<li><a href=\"\/ca\/productes\/proteccio-i-control\/\">Protecci\u00f3 i control <i class=\"ico-guil-singl-right\"><\/i><\/a><\/li>\n<li><a href=\"\/ca\/productes\/compensacio-d-energia-reactiva-i-filtratge-d-harmonics\/\">Reactiva i filtratge<i class=\"ico-guil-singl-right\"><\/i><\/a><\/li>\n<li><a href=\"\/ca\/productes\/recarrega-intel-ligent-per-a-vehicles-electrics\/\">Mobilitat el\u00e8ctrica <i class=\"ico-guil-singl-right\"><\/i><\/a><\/li>\n<li><a href=\"\/ca\/productes\/energies-renovables\/\">Energies renovables <i class=\"ico-guil-singl-right\"><\/i><\/a><\/li>\n<li><a href=\"\/ca\/productes\/programari\/\">Programari <i class=\"ico-guil-singl-right\"><\/i><\/a><\/li>\n<li><a href=\"\/ca\/productes\/iot-industrial-i-automatitzacio\/\">IoT Industrial i Automatitzaci\u00f3 <i class=\"ico-guil-singl-right\"><\/i><\/a><\/li>\n<\/ul>\n<p>[\/vc_column_text][\/vc_column][vc_column width=&#8221;1\/4&#8243;][vc_column_text el_class=&#8221;bloque_contacto rrss&#8221;]<\/p>\n<h6 class=\"wrap-title\">CONNECTAR<\/h6>\n<p><a href=\"https:\/\/www.facebook.com\/CIRCUTOR.ES\" target=\"_blank\" rel=\"noopener\"><img src=\"\/wp-content\/uploads\/2020\/09\/Icons_RRSS_Web_Facebook_Color.svg\" \/><\/a><a href=\"https:\/\/www.linkedin.com\/company\/circutor\" target=\"_blank\" rel=\"noopener\"><img src=\"\/wp-content\/uploads\/2020\/09\/Icons_RRSS_Web_LinkedIn_Color.svg\" \/><\/a><a href=\"https:\/\/twitter.com\/circutor\" target=\"_blank\" rel=\"noopener\"><img src=\"\/wp-content\/uploads\/2024\/01\/Icons_RRSS_Web_X_Color-2.svg\" \/><\/a><a href=\"https:\/\/www.youtube.com\/channel\/UCvPq1rHYKgmQ1WrqM6bcZfA\" target=\"_blank\" rel=\"noopener\"><img src=\"\/wp-content\/uploads\/2020\/09\/Icons_RRSS_Web_YouTube_Color.svg\" \/><\/a><a href=\"https:\/\/www.instagram.com\/circutor_es\/\" target=\"_blank\" rel=\"noopener\"><img class=\"\" src=\"\/wp-content\/uploads\/2024\/01\/Icons_RRSS_Web_instagram_Color.svg\" \/><\/a>[\/vc_column_text][vc_column_text el_class=&#8221;bloque_contacto&#8221;]<\/p>\n<h6 class=\"wrap-title\">INFORMACI\u00d3<\/h6>\n<ul>\n<li><a href=\"\/ca\/politica-de-privacitat\/\">Pol\u00edtica de privacitat<i class=\"ico-guil-singl-right\"><\/i><\/a><\/li>\n<li><a href=\"\/ca\/politica-de-galetes\/\">Pol\u00edtica de galetes<i class=\"ico-guil-singl-right\"><\/i><\/a><\/li>\n<li><a href=\"\/ca\/us-de-xarxes-socials\/\">\u00das de xarxes socials <i class=\"ico-guil-singl-right\"><\/i><\/a><\/li>\n<li><a href=\"\/ca\/condicions-generals-de-venda\/\">Condicions generals de venda <i class=\"ico-guil-singl-right\"><\/i><\/a><\/li>\n<li><a href=\"\/ca\/avis-legal\/\">Av\u00eds legal <i class=\"ico-guil-singl-right\"><\/i><\/a><\/li>\n<li><a href=\"\/ca\/codi-etic\/\">Codi \u00e8tic <i class=\"ico-guil-singl-right\"><\/i><\/a><\/li>\n<\/ul>\n<p>[\/vc_column_text][\/vc_column][\/vc_row][vc_row el_class=&#8221;footer_bottom&#8221;][vc_column][vc_single_image image=&#8221;106&#8243; img_size=&#8221;full&#8221; alignment=&#8221;center&#8221;][vc_column_text]<\/p>\n<p style=\"text-align: center;\">\u00a9 2024 CIRCUTOR.COM | Tots els drets reservats<\/p>\n<p>[\/vc_column_text][\/vc_column][\/vc_row]<\/p>\n","protected":false},"excerpt":{"rendered":"<p>[vc_row el_class=&#8221;footer_top&#8221;][vc_column width=&#8221;1\/4&#8243;][vc_column_text el_class=&#8221;bloque_contacto&#8221;] CONTACTE Vial Sant Jordi s\/n &#8211; 08232 Viladecavalls, Barcelona (Espanya) +34 93 745 29 00 Contactar [\/vc_column_text][vc_column_text el_class=&#8221;bloque_contacto sat&#8221;] SAT Servei d&#8217;Assist\u00e8ncia T\u00e8cnica +34 93 745 29 19 Enviar consulta [\/vc_column_text][\/vc_column][vc_column width=&#8221;1\/4&#8243;][vc_column_text el_class=&#8221;bloque_contacto&#8221;] EXPERTS EN Efici\u00e8ncia energ\u00e8tica el\u00e8ctrica Mobilitat el\u00e8ctrica Compensaci\u00f3 energia reactiva Filtratge d&#8217;harm\u00f2nics Protecci\u00f3 el\u00e8ctrica Mesura d&#8217;energia Autoconsum Auditoria [&hellip;]<\/p>\n","protected":false},"author":7,"featured_media":0,"parent":0,"menu_order":0,"comment_status":"closed","ping_status":"closed","template":"","meta":[],"acf":[],"yoast_head":"<!-- This site is optimized with the Yoast SEO plugin v19.4 - https:\/\/yoast.com\/wordpress\/plugins\/seo\/ -->\n<title>Footer - CIRCUTOR<\/title>\n<meta name=\"robots\" content=\"noindex, nofollow\" \/>\n<meta property=\"og:locale\" content=\"ca_ES\" \/>\n<meta property=\"og:type\" content=\"article\" \/>\n<meta property=\"og:title\" content=\"Footer - CIRCUTOR\" \/>\n<meta property=\"og:description\" content=\"[vc_row el_class=&#8221;footer_top&#8221;][vc_column width=&#8221;1\/4&#8243;][vc_column_text el_class=&#8221;bloque_contacto&#8221;] CONTACTE Vial Sant Jordi s\/n &#8211; 08232 Viladecavalls, Barcelona (Espanya) +34 93 745 29 00 Contactar [\/vc_column_text][vc_column_text el_class=&#8221;bloque_contacto sat&#8221;] SAT Servei d&#8217;Assist\u00e8ncia T\u00e8cnica +34 93 745 29 19 Enviar consulta [\/vc_column_text][\/vc_column][vc_column width=&#8221;1\/4&#8243;][vc_column_text el_class=&#8221;bloque_contacto&#8221;] EXPERTS EN Efici\u00e8ncia energ\u00e8tica el\u00e8ctrica Mobilitat el\u00e8ctrica Compensaci\u00f3 energia reactiva Filtratge d&#8217;harm\u00f2nics Protecci\u00f3 el\u00e8ctrica Mesura d&#8217;energia Autoconsum Auditoria [&hellip;]\" \/>\n<meta property=\"og:url\" content=\"https:\/\/circutor.com\/ca\/footer\/\" \/>\n<meta property=\"og:site_name\" content=\"CIRCUTOR\" \/>\n<meta property=\"article:publisher\" content=\"https:\/\/www.facebook.com\/CIRCUTOR.ES\" \/>\n<meta property=\"article:modified_time\" content=\"2024-08-02T09:24:37+00:00\" \/>\n<meta property=\"og:image\" content=\"https:\/\/circutor.com\/wp-content\/uploads\/2022\/07\/Circutor_Logo_Color.png\" \/>\n\t<meta property=\"og:image:width\" content=\"1299\" \/>\n\t<meta property=\"og:image:height\" content=\"354\" \/>\n\t<meta property=\"og:image:type\" content=\"image\/png\" \/>\n<meta name=\"twitter:card\" content=\"summary_large_image\" \/>\n<meta name=\"twitter:site\" content=\"@circutor\" \/>\n<meta name=\"twitter:label1\" content=\"Temps estimat de lectura\" \/>\n\t<meta name=\"twitter:data1\" content=\"1 minut\" \/>\n<script type=\"application\/ld+json\" class=\"yoast-schema-graph\">{\"@context\":\"https:\/\/schema.org\",\"@graph\":[{\"@type\":\"Organization\",\"@id\":\"https:\/\/circutor.com\/#organization\",\"name\":\"Circutor\",\"url\":\"https:\/\/circutor.com\/\",\"sameAs\":[\"https:\/\/www.instagram.com\/circutor_es\",\"https:\/\/www.linkedin.com\/company\/circutor\",\"https:\/\/www.youtube.com\/user\/CIRCUTORoficial\",\"https:\/\/www.facebook.com\/CIRCUTOR.ES\",\"https:\/\/twitter.com\/circutor\"],\"logo\":{\"@type\":\"ImageObject\",\"inLanguage\":\"ca\",\"@id\":\"https:\/\/circutor.com\/#\/schema\/logo\/image\/\",\"url\":\"https:\/\/circutor.com\/wp-content\/uploads\/2020\/09\/CIR_LOGO_RED.png\",\"contentUrl\":\"https:\/\/circutor.com\/wp-content\/uploads\/2020\/09\/CIR_LOGO_RED.png\",\"width\":512,\"height\":128,\"caption\":\"Circutor\"},\"image\":{\"@id\":\"https:\/\/circutor.com\/#\/schema\/logo\/image\/\"}},{\"@type\":\"WebSite\",\"@id\":\"https:\/\/circutor.com\/#website\",\"url\":\"https:\/\/circutor.com\/\",\"name\":\"CIRCUTOR\",\"description\":\"Soluciones para la eficiencia energ\u00e9tica el\u00e9ctrica\",\"publisher\":{\"@id\":\"https:\/\/circutor.com\/#organization\"},\"potentialAction\":[{\"@type\":\"SearchAction\",\"target\":{\"@type\":\"EntryPoint\",\"urlTemplate\":\"https:\/\/circutor.com\/?s={search_term_string}\"},\"query-input\":\"required name=search_term_string\"}],\"inLanguage\":\"ca\"},{\"@type\":\"WebPage\",\"@id\":\"https:\/\/circutor.com\/ca\/footer\/\",\"url\":\"https:\/\/circutor.com\/ca\/footer\/\",\"name\":\"Footer - CIRCUTOR\",\"isPartOf\":{\"@id\":\"https:\/\/circutor.com\/#website\"},\"datePublished\":\"2023-01-13T11:53:02+00:00\",\"dateModified\":\"2024-08-02T09:24:37+00:00\",\"breadcrumb\":{\"@id\":\"https:\/\/circutor.com\/ca\/footer\/#breadcrumb\"},\"inLanguage\":\"ca\",\"potentialAction\":[{\"@type\":\"ReadAction\",\"target\":[\"https:\/\/circutor.com\/ca\/footer\/\"]}]},{\"@type\":\"BreadcrumbList\",\"@id\":\"https:\/\/circutor.com\/ca\/footer\/#breadcrumb\",\"itemListElement\":[{\"@type\":\"ListItem\",\"position\":1,\"name\":\"Portada\",\"item\":\"https:\/\/circutor.com\/ca\/\"},{\"@type\":\"ListItem\",\"position\":2,\"name\":\"Footer\"}]}]}<\/script>\n<!-- \/ Yoast SEO plugin. -->","yoast_head_json":{"title":"Footer - CIRCUTOR","robots":{"index":"noindex","follow":"nofollow"},"og_locale":"ca_ES","og_type":"article","og_title":"Footer - CIRCUTOR","og_description":"[vc_row el_class=&#8221;footer_top&#8221;][vc_column width=&#8221;1\/4&#8243;][vc_column_text el_class=&#8221;bloque_contacto&#8221;] CONTACTE Vial Sant Jordi s\/n &#8211; 08232 Viladecavalls, Barcelona (Espanya) +34 93 745 29 00 Contactar [\/vc_column_text][vc_column_text el_class=&#8221;bloque_contacto sat&#8221;] SAT Servei d&#8217;Assist\u00e8ncia T\u00e8cnica +34 93 745 29 19 Enviar consulta [\/vc_column_text][\/vc_column][vc_column width=&#8221;1\/4&#8243;][vc_column_text el_class=&#8221;bloque_contacto&#8221;] EXPERTS EN Efici\u00e8ncia energ\u00e8tica el\u00e8ctrica Mobilitat el\u00e8ctrica Compensaci\u00f3 energia reactiva Filtratge d&#8217;harm\u00f2nics Protecci\u00f3 el\u00e8ctrica Mesura d&#8217;energia Autoconsum Auditoria [&hellip;]","og_url":"https:\/\/circutor.com\/ca\/footer\/","og_site_name":"CIRCUTOR","article_publisher":"https:\/\/www.facebook.com\/CIRCUTOR.ES","article_modified_time":"2024-08-02T09:24:37+00:00","og_image":[{"width":1299,"height":354,"url":"https:\/\/circutor.com\/wp-content\/uploads\/2022\/07\/Circutor_Logo_Color.png","type":"image\/png"}],"twitter_card":"summary_large_image","twitter_site":"@circutor","twitter_misc":{"Temps estimat de lectura":"1 minut"},"schema":{"@context":"https:\/\/schema.org","@graph":[{"@type":"Organization","@id":"https:\/\/circutor.com\/#organization","name":"Circutor","url":"https:\/\/circutor.com\/","sameAs":["https:\/\/www.instagram.com\/circutor_es","https:\/\/www.linkedin.com\/company\/circutor","https:\/\/www.youtube.com\/user\/CIRCUTORoficial","https:\/\/www.facebook.com\/CIRCUTOR.ES","https:\/\/twitter.com\/circutor"],"logo":{"@type":"ImageObject","inLanguage":"ca","@id":"https:\/\/circutor.com\/#\/schema\/logo\/image\/","url":"https:\/\/circutor.com\/wp-content\/uploads\/2020\/09\/CIR_LOGO_RED.png","contentUrl":"https:\/\/circutor.com\/wp-content\/uploads\/2020\/09\/CIR_LOGO_RED.png","width":512,"height":128,"caption":"Circutor"},"image":{"@id":"https:\/\/circutor.com\/#\/schema\/logo\/image\/"}},{"@type":"WebSite","@id":"https:\/\/circutor.com\/#website","url":"https:\/\/circutor.com\/","name":"CIRCUTOR","description":"Soluciones para la eficiencia energ\u00e9tica el\u00e9ctrica","publisher":{"@id":"https:\/\/circutor.com\/#organization"},"potentialAction":[{"@type":"SearchAction","target":{"@type":"EntryPoint","urlTemplate":"https:\/\/circutor.com\/?s={search_term_string}"},"query-input":"required name=search_term_string"}],"inLanguage":"ca"},{"@type":"WebPage","@id":"https:\/\/circutor.com\/ca\/footer\/","url":"https:\/\/circutor.com\/ca\/footer\/","name":"Footer - CIRCUTOR","isPartOf":{"@id":"https:\/\/circutor.com\/#website"},"datePublished":"2023-01-13T11:53:02+00:00","dateModified":"2024-08-02T09:24:37+00:00","breadcrumb":{"@id":"https:\/\/circutor.com\/ca\/footer\/#breadcrumb"},"inLanguage":"ca","potentialAction":[{"@type":"ReadAction","target":["https:\/\/circutor.com\/ca\/footer\/"]}]},{"@type":"BreadcrumbList","@id":"https:\/\/circutor.com\/ca\/footer\/#breadcrumb","itemListElement":[{"@type":"ListItem","position":1,"name":"Portada","item":"https:\/\/circutor.com\/ca\/"},{"@type":"ListItem","position":2,"name":"Footer"}]}]}},"_links":{"self":[{"href":"https:\/\/circutor.com\/ca\/wp-json\/wp\/v2\/pages\/32601"}],"collection":[{"href":"https:\/\/circutor.com\/ca\/wp-json\/wp\/v2\/pages"}],"about":[{"href":"https:\/\/circutor.com\/ca\/wp-json\/wp\/v2\/types\/page"}],"author":[{"embeddable":true,"href":"https:\/\/circutor.com\/ca\/wp-json\/wp\/v2\/users\/7"}],"replies":[{"embeddable":true,"href":"https:\/\/circutor.com\/ca\/wp-json\/wp\/v2\/comments?post=32601"}],"version-history":[{"count":2,"href":"https:\/\/circutor.com\/ca\/wp-json\/wp\/v2\/pages\/32601\/revisions"}],"predecessor-version":[{"id":51127,"href":"https:\/\/circutor.com\/ca\/wp-json\/wp\/v2\/pages\/32601\/revisions\/51127"}],"wp:attachment":[{"href":"https:\/\/circutor.com\/ca\/wp-json\/wp\/v2\/media?parent=32601"}],"curies":[{"name":"wp","href":"https:\/\/api.w.org\/{rel}","templated":true}]}}