{"id":31997,"date":"2022-12-02T13:33:48","date_gmt":"2022-12-02T11:33:48","guid":{"rendered":"https:\/\/circutor.com\/?page_id=31997"},"modified":"2022-12-09T14:29:16","modified_gmt":"2022-12-09T12:29:16","slug":"nota-prawna","status":"publish","type":"page","link":"https:\/\/circutor.com\/pl\/nota-prawna\/","title":{"rendered":"Nota prawna"},"content":{"rendered":"<p>[vc_row][vc_column][vc_column_text]<\/p>\n<h3>NOTA PRAWNA<\/h3>\n<p>&nbsp;<\/p>\n<h3>O nas<\/h3>\n<p>Odwiedzaj\u0105 pa\u0144stwo serwis nale\u017c\u0105cy do <strong>CIRCUTOR, SAU<\/strong> (dalej \u201e<strong>CIRCUTOR<\/strong>\u201ddost\u0119pny na domenie internetowej <a href=\"https:\/\/circutor.com\/\">https:\/\/circutor.com\/<\/a> (dalej \u201e<strong>Serwis<\/strong>&#8220;). <strong>CIRCUTOR<\/strong> to hiszpa\u0144ska sp\u00f3\u0142ka handlowa z siedzib\u0105 sp\u00f3\u0142ki pod adresem Vial Sant Jordi, s\/n, kod pocztowy 08232 Viladecavalls (Barcelona), wpisana do Rejestru Sp\u00f3\u0142ek w Barcelonie, tom 3814, ksi\u0119ga 3160, karta 39, strona 40.189, wpis 2., z numerem C.I.F. A-08513178.<\/p>\n<h3>Mo\u017cna skontaktowa\u0107 si\u0119 z CIRCUTOR przez:<\/h3>\n<ul>\n<li>E-mail: <a href=\"mailto:comunicacion@circutor.com\">comunicacion@circutor.com<\/a><\/li>\n<li>Telefon: +34 93 745 29 00<\/li>\n<\/ul>\n<h3>Korzystanie ze serwisu internetowego<\/h3>\n<p>Odwiedzaj\u0105c i korzystaj\u0105c z portalu, zyskuje si\u0119 automatycznie status \u201eU\u017cytkownika\u201d co oznacza pe\u0142n\u0105 akceptacj\u0119 wszystkich postanowie\u0144 niniejszej Noty Prawnej i reszty \u201eTekst\u00f3w prawnych\u201d w tym niniejszej Noty Prawnej, <a href=\"https:\/\/circutor.com\/pl\/ogolnych-warunkow-sprzedazy\/\">Og\u00f3lnych warunk\u00f3w sprzeda\u017cy<\/a>, <a href=\"https:\/\/circutor.com\/pl\/polityki-prywatnosci\/\">Polityki prywatno\u015bci<\/a> i <a href=\"https:\/\/circutor.com\/pl\/polityki-cookies\/\">Pol\u00edtyki cookies<\/a>).<\/p>\n<h3>Zakupy i ceny<\/h3>\n<p>W celu uzyskania informacji na temat zakupu produkt\u00f3w udost\u0119pnionych w Serwisie, jak r\u00f3wnie\u017c sprawdzenia warunk\u00f3w i koszt\u00f3w z tym zwi\u0105zanych, U\u017cytkownik powinien sprawdzi\u0107 <a href=\"https:\/\/circutor.com\/condiciones-generales-de-venta\/\">Og\u00f3lne warunki zakupu<\/a> nie pomijaj\u0105c konieczno\u015bci\u00a0 skontaktowania si\u0119 z <a href=\"https:\/\/circutor.com\/pl\/skontaktuj-sie\/siec-sprzedazy\/\">sieci\u0105 handlow\u0105<\/a> z kt\u00f3r\u0105 powinno si\u0119 sprawdzi\u0107 ewentualne warunki specjalne ustalone dla konkretnych przypadk\u00f3w.<\/p>\n<h3>Prywatno\u015b\u0107<\/h3>\n<p>Informuje si\u0119 U\u017cytkownik\u00f3w, \u017ce wszystkie dane przekazane firmie <strong>CIRCUTOR<\/strong> b\u0119d\u0105 przetwarzane przez <strong>CIRCUTOR<\/strong> jako administratora danych, z zachowaniem poufno\u015bci, integralno\u015bci i dost\u0119pno\u015bci danych osobowych zgodnie z <a href=\"https:\/\/circutor.com\/pl\/polityki-prywatnosci\/\">Polityk\u0105 Prywatno\u015bci<\/a>.<\/p>\n<h3>Pliki cookies<\/h3>\n<p>Korzystanie z plik\u00f3w cookies na Portalu uregulowane jest za pomoc\u0105 <a href=\"https:\/\/circutor.com\/pl\/polityki-cookies\/\">Polityki Cookies<\/a>.<\/p>\n<h3>W\u0142asno\u015b\u0107 przemys\u0142owa i intelektualna<\/h3>\n<p>Prawa w\u0142asno\u015bci intelektualnej i przemys\u0142owej do zawarto\u015bci Serwisu, projektu graficznego, kod\u00f3w informatycznych, jak r\u00f3wnie\u017c znak\u00f3w i szczeg\u00f3lnych wzor\u00f3w, tekstu, obraz\u00f3w, film\u00f3w (dalej \u201eTre\u015bci\u201d) nale\u017c\u0105 do <strong>CIRCUTOR <\/strong>lub jej licencjodawc\u00f3w. U\u017cytkownik b\u0119dzie korzysta\u0142 z us\u0142ug w Serwisie z poszanowaniem powy\u017cszych praw, a z tytu\u0142u korzystania z tych us\u0142ug nie przys\u0142uguj\u0105 mu \u017cadne prawa do Tre\u015bci Witryny.<\/p>\n<p>Ka\u017cde wykorzystanie Tre\u015bci, bez wyra\u017anej autoryzacji ze strony Circutor, bezpo\u015brednie lub po\u015brednie, w celu osi\u0105gni\u0119cia zysku lub nie, w tym pobranie, przechowywanie, przekazywanie, rozpowszechnianie, dystrybucja, powielanie lub transformacja, ca\u0142kowita lub cz\u0119\u015bciowa powy\u017cszych tre\u015bci jest \u015bci\u015ble zabroniona, i <strong>CIRCUTOR <\/strong>mo\u017ce podj\u0105\u0107 kroki prawne, s\u0105dowe i pozas\u0105dowe, kt\u00f3re uzna za stosowne wobec jakiegokolwiek naruszenia swoich praw.<\/p>\n<h3>Odpowiedzialno\u015b\u0107<\/h3>\n<p><strong>CIRCUTOR<\/strong> dok\u0142ada wszelkich stara\u0144 aby informacje zawarte w Serwisie by\u0142y dok\u0142adne i zaktualizowane. Niemniej\u00a0 <strong>CIRCUTOR<\/strong> nie gwarantuje ani nie ponosi odpowiedzialno\u015bci za dok\u0142adno\u015b\u0107 i aktualno\u015b\u0107 tre\u015bci w Serwisie. <strong>CIRCUTOR<\/strong> nie ponosi odpowiedzialno\u015bci za \u017caden b\u0142\u0105d, ani pomini\u0119cie w tre\u015bciach Serwisu i zastrzega sobie prawo do zmiany tre\u015bci w dowolnym momencie i bez wcze\u015bniejszego powiadomienia.<\/p>\n<p>W Serwisie nie mo\u017cna dokona\u0107 \u017cadnych transakcji handlowych i \u017cadne z tre\u015bci nie mog\u0105 zosta\u0107 uznane za wi\u0105\u017c\u0105c\u0105 ofert\u0119 dla u\u017cytkownika. Stosunki handlowe pomi\u0119dzy <strong>CIRCUTOR<\/strong> i jej klientami s\u0105 regulowane przez <a href=\"https:\/\/circutor.com\/condiciones-generales-de-venta\/\">Og\u00f3lne warunki sprzeda\u017cy<\/a> <strong>CIRCUTOR<\/strong> oraz inne regulaminy oraz poszczeg\u00f3lne umowy. Tre\u015bci w Serwisie nie maj\u0105 warto\u015bci nadrz\u0119dnej nad regulaminem stosunk\u00f3w handlowych pomi\u0119dzy <strong>CIRCUTOR<\/strong> i jej klientami i nie wp\u0142ywaj\u0105 na polityk\u0119 handlow\u0105, kt\u00f3r\u0105 <strong>CIRCUTOR<\/strong> obiera w ka\u017cdym momencie.<\/p>\n<p>Serwis mo\u017ce zawiera\u0107 stwierdzenia o charakterze subiektywnym, kt\u00f3re wyra\u017caj\u0105 opinie <strong>CIRCUTOR<\/strong> lub os\u00f3b trzecich dotycz\u0105ce przysz\u0142ych wydarze\u0144, przez co naznaczone s\u0105 niepewno\u015bci\u0105. <strong>CIRCUTOR<\/strong> nie odpowiada za wp\u0142yw, kt\u00f3ry mog\u0105 mie\u0107 takie stwierdzenia na u\u017cytkownika, ani za ich konsekwencje w zwi\u0105zku z dzia\u0142aniami i zaniechaniami u\u017cytkownika,<\/p>\n<p><strong>CIRCUTOR<\/strong> nie odpowiada za b\u0142\u0119dy ani awarie dzia\u0142ania Serwisu, zale\u017cne lub wynikaj\u0105ce ze specyfikacji i ogranicze\u0144 Internetu. U\u017cytkownik przyjmuje na siebie ryzyko wynikaj\u0105ce z korzystania z Internetu, w tym mo\u017cliwo\u015b\u0107 pobrania wirusa komputerowego. <strong>CIRCUTOR<\/strong> nie gwarantuje nieprzerwanego dzia\u0142ania Serwisu i nie ponosi odpowiedzialno\u015bci za szkody i straty, kt\u00f3re mog\u0105 powsta\u0107 w wyniku przerwy w us\u0142ugach. W szczeg\u00f3lno\u015bci <strong>CIRCUTOR<\/strong> nie ponosi odpowiedzialno\u015bci w sytuacjach si\u0142y wy\u017cszej, takich jak po\u017cary, strajki, przerwy w zasilaniu elektrycznym lub jakiekolwiek inne nieprzewidziane lub nieuniknione zdarzenia.<\/p>\n<p>W ka\u017cdym przypadku <strong>CIRCUTOR<\/strong> odpowiada tylko za szkody i straty, przewidywane lub daj\u0105ce si\u0119 przewidzie\u0107 w momencie korzystania z Serwisu przez u\u017cytkownika, i kt\u00f3re by\u0142yby bezpo\u015bredni\u0105 i niezb\u0119dn\u0105 konsekwencj\u0105 naruszenia poprzez powa\u017cne zaniedbanie istotnych zobowi\u0105za\u0144 umownych.<\/p>\n<p>Fakt, \u017ce Serwis opisuje lub przedstawia okre\u015blone produkty nie oznacza zobowi\u0105zania ze strony <strong>CIRCUTOR<\/strong>, \u017ce te produkty b\u0119d\u0105 dost\u0119pne dla u\u017cytkownika.<\/p>\n<p>Wy\u0142\u0105czenie odpowiedzialno\u015bci i opisanych gwarancji w tym rozdziale dotyczy zar\u00f3wno <strong>CIRCUTOR<\/strong> jak i jej cz\u0142onk\u00f3w zarz\u0105du, kierownik\u00f3w, pracownik\u00f3w i pe\u0142nomocnik\u00f3w.<\/p>\n<h3>Linki<\/h3>\n<p>Serwis mo\u017ce zawiera\u0107 odniesienia do innych stron internetowych w celu uzupe\u0142nienia us\u0142ug oferowanych u\u017cytkownikowi. <strong>CIRCUTOR<\/strong> nie jest w\u0142a\u015bcicielem tych stron internetowych, nie odpowiada wi\u0119c za tre\u015bci ani za szkody i straty powsta\u0142e w wyniku korzystania z nich przez u\u017cytkownika.<\/p>\n<p>Je\u015bli u\u017cytkownik Serwisu odwiedza powy\u017csze strony internetowe i korzysta z us\u0142ug, kt\u00f3re oferuj\u0105, <strong>CIRCUTOR<\/strong> pozostanie poza wszelkimi stosunkami, kt\u00f3re mog\u0142yby zosta\u0107 nawi\u0105zane mi\u0119dzy u\u017cytkownikiem a w\u0142a\u015bcicielami tych stron internetowych lub mi\u0119dzy jakimikolwiek osobami trzecimi z nimi zwi\u0105zanymi.<\/p>\n<p>Natomiast, w\u0142a\u015bciciel strony internetowej, na kt\u00f3rej chcia\u0142by umie\u015bci\u0107 link do Serwisu, musi z wyprzedzeniem, uzyska\u0107 pozwolenie ze strony <strong>CIRCUTOR<\/strong>.<\/p>\n<p><strong>CIRCUTOR<\/strong> nie odpowiada za tre\u015bci tych stron internetowych, na kt\u00f3rych zamieszczone s\u0105 linki do Serwisu i pozostanie poza wszelkimi stosunkami, kt\u00f3re mog\u0142yby zosta\u0107 nawi\u0105zane mi\u0119dzy w\u0142a\u015bcicielami tych stron a u\u017cytkownikami Serwisu.<\/p>\n<h3>Zmiany<\/h3>\n<p><strong>CIRCUTOR<\/strong> zastrzega sobie prawo do zmiany niniejszej Noty Prawnej w dowolnym momencie. O zmianach lub aktualizacjach Noty prawnej U\u017cytkownicy zostan\u0105 wyra\u017anie poinformowani poprzez og\u0142oszenie zamieszczone w Serwisie razem ze zaktualizowan\u0105 wersj\u0105 Polityki Prywatno\u015bci.[\/vc_column_text][\/vc_column][\/vc_row]<\/p>\n","protected":false},"excerpt":{"rendered":"<p>[vc_row][vc_column][vc_column_text] NOTA PRAWNA &nbsp; O nas Odwiedzaj\u0105 pa\u0144stwo serwis nale\u017c\u0105cy do CIRCUTOR, SAU (dalej \u201eCIRCUTOR\u201ddost\u0119pny na domenie internetowej https:\/\/circutor.com\/ (dalej \u201eSerwis&#8220;). CIRCUTOR to hiszpa\u0144ska sp\u00f3\u0142ka handlowa z siedzib\u0105 sp\u00f3\u0142ki pod adresem Vial Sant Jordi, s\/n, kod pocztowy 08232 Viladecavalls (Barcelona), wpisana do Rejestru Sp\u00f3\u0142ek w Barcelonie, tom 3814, ksi\u0119ga 3160, karta 39, strona 40.189, wpis [&hellip;]<\/p>\n","protected":false},"author":7,"featured_media":0,"parent":0,"menu_order":0,"comment_status":"closed","ping_status":"closed","template":"","meta":[],"acf":[],"yoast_head":"<!-- This site is optimized with the Yoast SEO plugin v19.4 - https:\/\/yoast.com\/wordpress\/plugins\/seo\/ -->\n<title>Nota prawna - CIRCUTOR<\/title>\n<meta name=\"robots\" content=\"noindex, nofollow\" \/>\n<meta property=\"og:locale\" content=\"ca_ES\" \/>\n<meta property=\"og:type\" content=\"article\" \/>\n<meta property=\"og:title\" content=\"Nota prawna - CIRCUTOR\" \/>\n<meta property=\"og:description\" content=\"[vc_row][vc_column][vc_column_text] NOTA PRAWNA &nbsp; O nas Odwiedzaj\u0105 pa\u0144stwo serwis nale\u017c\u0105cy do CIRCUTOR, SAU (dalej \u201eCIRCUTOR\u201ddost\u0119pny na domenie internetowej https:\/\/circutor.com\/ (dalej \u201eSerwis&#8220;). CIRCUTOR to hiszpa\u0144ska sp\u00f3\u0142ka handlowa z siedzib\u0105 sp\u00f3\u0142ki pod adresem Vial Sant Jordi, s\/n, kod pocztowy 08232 Viladecavalls (Barcelona), wpisana do Rejestru Sp\u00f3\u0142ek w Barcelonie, tom 3814, ksi\u0119ga 3160, karta 39, strona 40.189, wpis [&hellip;]\" \/>\n<meta property=\"og:url\" content=\"https:\/\/circutor.com\/pl\/nota-prawna\/\" \/>\n<meta property=\"og:site_name\" content=\"CIRCUTOR\" \/>\n<meta property=\"article:publisher\" content=\"https:\/\/www.facebook.com\/CIRCUTOR.ES\" \/>\n<meta property=\"article:modified_time\" content=\"2022-12-09T12:29:16+00:00\" \/>\n<meta property=\"og:image\" content=\"https:\/\/circutor.com\/wp-content\/uploads\/2022\/07\/Circutor_Logo_Color.png\" \/>\n\t<meta property=\"og:image:width\" content=\"1299\" \/>\n\t<meta property=\"og:image:height\" content=\"354\" \/>\n\t<meta property=\"og:image:type\" content=\"image\/png\" \/>\n<meta name=\"twitter:card\" content=\"summary_large_image\" \/>\n<meta name=\"twitter:site\" content=\"@circutor\" \/>\n<meta name=\"twitter:label1\" content=\"Temps estimat de lectura\" \/>\n\t<meta name=\"twitter:data1\" content=\"5 minuts\" \/>\n<script type=\"application\/ld+json\" class=\"yoast-schema-graph\">{\"@context\":\"https:\/\/schema.org\",\"@graph\":[{\"@type\":\"Organization\",\"@id\":\"https:\/\/circutor.com\/#organization\",\"name\":\"Circutor\",\"url\":\"https:\/\/circutor.com\/\",\"sameAs\":[\"https:\/\/www.instagram.com\/circutor_es\",\"https:\/\/www.linkedin.com\/company\/circutor\",\"https:\/\/www.youtube.com\/user\/CIRCUTORoficial\",\"https:\/\/www.facebook.com\/CIRCUTOR.ES\",\"https:\/\/twitter.com\/circutor\"],\"logo\":{\"@type\":\"ImageObject\",\"inLanguage\":\"ca\",\"@id\":\"https:\/\/circutor.com\/#\/schema\/logo\/image\/\",\"url\":\"https:\/\/circutor.com\/wp-content\/uploads\/2020\/09\/CIR_LOGO_RED.png\",\"contentUrl\":\"https:\/\/circutor.com\/wp-content\/uploads\/2020\/09\/CIR_LOGO_RED.png\",\"width\":512,\"height\":128,\"caption\":\"Circutor\"},\"image\":{\"@id\":\"https:\/\/circutor.com\/#\/schema\/logo\/image\/\"}},{\"@type\":\"WebSite\",\"@id\":\"https:\/\/circutor.com\/#website\",\"url\":\"https:\/\/circutor.com\/\",\"name\":\"CIRCUTOR\",\"description\":\"Soluciones para la eficiencia energ\u00e9tica el\u00e9ctrica\",\"publisher\":{\"@id\":\"https:\/\/circutor.com\/#organization\"},\"potentialAction\":[{\"@type\":\"SearchAction\",\"target\":{\"@type\":\"EntryPoint\",\"urlTemplate\":\"https:\/\/circutor.com\/?s={search_term_string}\"},\"query-input\":\"required name=search_term_string\"}],\"inLanguage\":\"ca\"},{\"@type\":\"WebPage\",\"@id\":\"https:\/\/circutor.com\/pl\/nota-prawna\/\",\"url\":\"https:\/\/circutor.com\/pl\/nota-prawna\/\",\"name\":\"Nota prawna - CIRCUTOR\",\"isPartOf\":{\"@id\":\"https:\/\/circutor.com\/#website\"},\"datePublished\":\"2022-12-02T11:33:48+00:00\",\"dateModified\":\"2022-12-09T12:29:16+00:00\",\"breadcrumb\":{\"@id\":\"https:\/\/circutor.com\/pl\/nota-prawna\/#breadcrumb\"},\"inLanguage\":\"ca\",\"potentialAction\":[{\"@type\":\"ReadAction\",\"target\":[\"https:\/\/circutor.com\/pl\/nota-prawna\/\"]}]},{\"@type\":\"BreadcrumbList\",\"@id\":\"https:\/\/circutor.com\/pl\/nota-prawna\/#breadcrumb\",\"itemListElement\":[{\"@type\":\"ListItem\",\"position\":1,\"name\":\"Portada\",\"item\":\"https:\/\/circutor.com\/ca\/\"},{\"@type\":\"ListItem\",\"position\":2,\"name\":\"Nota prawna\"}]}]}<\/script>\n<!-- \/ Yoast SEO plugin. -->","yoast_head_json":{"title":"Nota prawna - CIRCUTOR","robots":{"index":"noindex","follow":"nofollow"},"og_locale":"ca_ES","og_type":"article","og_title":"Nota prawna - CIRCUTOR","og_description":"[vc_row][vc_column][vc_column_text] NOTA PRAWNA &nbsp; O nas Odwiedzaj\u0105 pa\u0144stwo serwis nale\u017c\u0105cy do CIRCUTOR, SAU (dalej \u201eCIRCUTOR\u201ddost\u0119pny na domenie internetowej https:\/\/circutor.com\/ (dalej \u201eSerwis&#8220;). CIRCUTOR to hiszpa\u0144ska sp\u00f3\u0142ka handlowa z siedzib\u0105 sp\u00f3\u0142ki pod adresem Vial Sant Jordi, s\/n, kod pocztowy 08232 Viladecavalls (Barcelona), wpisana do Rejestru Sp\u00f3\u0142ek w Barcelonie, tom 3814, ksi\u0119ga 3160, karta 39, strona 40.189, wpis [&hellip;]","og_url":"https:\/\/circutor.com\/pl\/nota-prawna\/","og_site_name":"CIRCUTOR","article_publisher":"https:\/\/www.facebook.com\/CIRCUTOR.ES","article_modified_time":"2022-12-09T12:29:16+00:00","og_image":[{"width":1299,"height":354,"url":"https:\/\/circutor.com\/wp-content\/uploads\/2022\/07\/Circutor_Logo_Color.png","type":"image\/png"}],"twitter_card":"summary_large_image","twitter_site":"@circutor","twitter_misc":{"Temps estimat de lectura":"5 minuts"},"schema":{"@context":"https:\/\/schema.org","@graph":[{"@type":"Organization","@id":"https:\/\/circutor.com\/#organization","name":"Circutor","url":"https:\/\/circutor.com\/","sameAs":["https:\/\/www.instagram.com\/circutor_es","https:\/\/www.linkedin.com\/company\/circutor","https:\/\/www.youtube.com\/user\/CIRCUTORoficial","https:\/\/www.facebook.com\/CIRCUTOR.ES","https:\/\/twitter.com\/circutor"],"logo":{"@type":"ImageObject","inLanguage":"ca","@id":"https:\/\/circutor.com\/#\/schema\/logo\/image\/","url":"https:\/\/circutor.com\/wp-content\/uploads\/2020\/09\/CIR_LOGO_RED.png","contentUrl":"https:\/\/circutor.com\/wp-content\/uploads\/2020\/09\/CIR_LOGO_RED.png","width":512,"height":128,"caption":"Circutor"},"image":{"@id":"https:\/\/circutor.com\/#\/schema\/logo\/image\/"}},{"@type":"WebSite","@id":"https:\/\/circutor.com\/#website","url":"https:\/\/circutor.com\/","name":"CIRCUTOR","description":"Soluciones para la eficiencia energ\u00e9tica el\u00e9ctrica","publisher":{"@id":"https:\/\/circutor.com\/#organization"},"potentialAction":[{"@type":"SearchAction","target":{"@type":"EntryPoint","urlTemplate":"https:\/\/circutor.com\/?s={search_term_string}"},"query-input":"required name=search_term_string"}],"inLanguage":"ca"},{"@type":"WebPage","@id":"https:\/\/circutor.com\/pl\/nota-prawna\/","url":"https:\/\/circutor.com\/pl\/nota-prawna\/","name":"Nota prawna - CIRCUTOR","isPartOf":{"@id":"https:\/\/circutor.com\/#website"},"datePublished":"2022-12-02T11:33:48+00:00","dateModified":"2022-12-09T12:29:16+00:00","breadcrumb":{"@id":"https:\/\/circutor.com\/pl\/nota-prawna\/#breadcrumb"},"inLanguage":"ca","potentialAction":[{"@type":"ReadAction","target":["https:\/\/circutor.com\/pl\/nota-prawna\/"]}]},{"@type":"BreadcrumbList","@id":"https:\/\/circutor.com\/pl\/nota-prawna\/#breadcrumb","itemListElement":[{"@type":"ListItem","position":1,"name":"Portada","item":"https:\/\/circutor.com\/ca\/"},{"@type":"ListItem","position":2,"name":"Nota prawna"}]}]}},"_links":{"self":[{"href":"https:\/\/circutor.com\/ca\/wp-json\/wp\/v2\/pages\/31997"}],"collection":[{"href":"https:\/\/circutor.com\/ca\/wp-json\/wp\/v2\/pages"}],"about":[{"href":"https:\/\/circutor.com\/ca\/wp-json\/wp\/v2\/types\/page"}],"author":[{"embeddable":true,"href":"https:\/\/circutor.com\/ca\/wp-json\/wp\/v2\/users\/7"}],"replies":[{"embeddable":true,"href":"https:\/\/circutor.com\/ca\/wp-json\/wp\/v2\/comments?post=31997"}],"version-history":[{"count":0,"href":"https:\/\/circutor.com\/ca\/wp-json\/wp\/v2\/pages\/31997\/revisions"}],"wp:attachment":[{"href":"https:\/\/circutor.com\/ca\/wp-json\/wp\/v2\/media?parent=31997"}],"curies":[{"name":"wp","href":"https:\/\/api.w.org\/{rel}","templated":true}]}}