{"id":31985,"date":"2022-12-01T13:39:22","date_gmt":"2022-12-01T11:39:22","guid":{"rendered":"https:\/\/circutor.com\/?page_id=31985"},"modified":"2022-12-01T14:51:03","modified_gmt":"2022-12-01T12:51:03","slug":"avis-legal","status":"publish","type":"page","link":"https:\/\/circutor.com\/ca\/avis-legal\/","title":{"rendered":"Av\u00eds legal"},"content":{"rendered":"<p>[vc_row][vc_column][vc_column_text]<\/p>\n<h3><strong>AV\u00cdS LEGAL<\/strong><\/h3>\n<p>&nbsp;<\/p>\n<h3>Qui som<\/h3>\n<p>Esteu accedint al lloc web de <strong>CIRCUTOR, SAU <\/strong>(d\u2019ara endavant,<strong> \u201cCIRCUTOR\u201d<\/strong>), disponible a trav\u00e9s del domini web <a href=\"https:\/\/circutor.com\/\">https:\/\/circutor.com\/ca<\/a> (d\u2019ara endavant, <strong>\u201cel lloc web\u201d<\/strong>). <strong>CIRCUTOR<\/strong> \u00e9s una societat comercial de nacionalitat espanyola amb domicili social al Vial de Sant Jordi, s\/n, 08232 Viladecavalls (Barcelona) i est\u00e0 inscrita en el Registre Mercantil de Barcelona, tom 3814, llibre 3160, foli 39, full 40.189, inscripci\u00f3 2a, amb CIF A-08513178.<\/p>\n<h3>Podeu posar-vos en contacte amb CIRCUTOR a:<\/h3>\n<ul>\n<li>Correu electr\u00f2nic: <a href=\"mailto:comunicacion@circutor.com\">comunicacion@circutor.com<\/a><\/li>\n<li>Tel\u00e8fon: +34 93 745 29 00<\/li>\n<\/ul>\n<h3>\u00das del lloc web<\/h3>\n<p>En accedir i utilitzar el portal s\u2019adquireix la condici\u00f3 d\u2019<strong>\u201cusuari\u201d<\/strong>, la qual cosa implica la plena acceptaci\u00f3 de totes les disposicions del present av\u00eds legal i de la resta dels textos legals, incloent-hi el present av\u00eds legal, les <a href=\"https:\/\/circutor.com\/ca\/condicions-generals-de-venda\/\">Condicions generals de venda<\/a>, la <a href=\"https:\/\/circutor.com\/ca\/politica-de-privacitat\/\">Pol\u00edtica de Privacitat<\/a>\u00a0y la <a href=\"https:\/\/circutor.com\/ca\/politica-de-galetes\/\">Pol\u00edtica de galetes<\/a>).<\/p>\n<h3>Compres i preus<\/h3>\n<p>Per a informaci\u00f3 sobre la compra dels productes publicats a trav\u00e9s del lloc web, aix\u00ed com la consulta de les condicions i costos aplicables, l\u2019usuari ha de consultar les <a href=\"https:\/\/circutor.com\/ca\/condicions-generals-de-venda\/\">condicions generals de compra<\/a>, sense defecte de la necessitat de contactar amb la <a href=\"https:\/\/circutor.com\/ca\/contacte\/xarxa-comercial\/\">xarxa comercial<\/a>, a partir de la qual pot accedir a les eventuals condicions particulars que s\u2019estipulin a aquest efecte.<\/p>\n<h3>Privadesa<\/h3>\n<p>S\u2019informa els usuaris que totes les dades subministrades a <strong>CIRCUTOR<\/strong> s\u00f3n tractades per <strong>CIRCUTOR<\/strong> com a responsable de tractament, i que respecta la confidencialitat, la integritat i la disponibilitat de les dades personals, d\u2019acord amb la <a href=\"https:\/\/circutor.com\/ca\/politica-de-privacitat\/\">Pol\u00edtica de Privacitat<\/a>.<\/p>\n<h3><strong>Galetes<\/strong><\/h3>\n<p>L\u2019\u00fas de galetes al portal es regula en la <a href=\"https:\/\/circutor.com\/ca\/politica-de-galetes\/\">pol\u00edtica de galetes<\/a>.<\/p>\n<h3>Propietat industrial i intel\u00b7lectual<\/h3>\n<p>Els drets de propietat intel\u00b7lectual i industrial incorporats en el lloc web, el disseny gr\u00e0fic i els codis inform\u00e0tics, aix\u00ed com els signes i marques distintius, el text, les imatges i els v\u00eddeos (d\u2019ara endavant, el \u201ccontingut\u201d) mostrats s\u00f3n propietat de <strong>CIRCUTOR <\/strong>o dels seus llicenciants. L\u2019usuari ha d\u2019utilitzar els serveis del lloc web respectant aquestes titularitats i la utilitzaci\u00f3 dels serveis no li atorga cap dret en relaci\u00f3 amb el contingut del lloc web.<\/p>\n<p>Qualsevol \u00fas del contingut que<strong> CIRCUTOR <\/strong>no hagi autoritzat expressament, sigui directament o indirectament, amb \u00e0nim de lucre o no, incloent-hi la desc\u00e0rrega, l\u2019emmagatzematge, la transmissi\u00f3, la divulgaci\u00f3 p\u00fablica, la distribuci\u00f3, la reproducci\u00f3 o la transformaci\u00f3, total o parcial, d\u2019aquests continguts, est\u00e0 expressament prohibida, de manera que <strong>CIRCUTOR <\/strong>pot exercir totes les accions judicials i extrajudicials que consideri pertinents davant de qualsevol incompliment dels seus drets.<\/p>\n<h3><strong>Responsabilitat<\/strong><\/h3>\n<p><strong>CIRCUTOR<\/strong> ha posat tot el seu esfor\u00e7 perqu\u00e8 la informaci\u00f3 del lloc web sigui precisa i estigui actualitzada. Tot i aix\u00f2, <strong>CIRCUTOR<\/strong> no garanteix ni es fa responsable de l\u2019exactitud i actualitzaci\u00f3 dels continguts del lloc web. <strong>CIRCUTOR<\/strong> no es responsabilitza de cap error o omissi\u00f3 en els continguts del lloc web i es reserva el dret de modificar aquests continguts en qualsevol moment i sense previ av\u00eds.<\/p>\n<p>Al lloc web no s\u2019hi realitza cap mena de transacci\u00f3 comercial, i cap dels seus continguts t\u00e9 la consideraci\u00f3 d\u2019oferta contractual a l\u2019usuari. Les relacions comercials entre <strong>CIRCUTOR<\/strong> i els seus clients es regeixen per les <a href=\"https:\/\/circutor.com\/ca\/condicions-generals-de-venda\/\">condicions generals de venda<\/a> de<strong> CIRCUTOR<\/strong> i\/o per altres condicions generals o pactes espec\u00edfics. Els continguts del lloc web no prevalen sobre els termes de les relacions comercials entre <strong>CIRCUTOR<\/strong> i els seus clients ni poden condicionar la pol\u00edtica comercial que <strong>CIRCUTOR<\/strong> decideixi adoptar en cada moment.<\/p>\n<p>El lloc web pot contenir declaracions de car\u00e0cter subjectiu que expressin opinions de <strong>CIRCUTOR<\/strong> o de tercers respecte a esdeveniments futurs i que estan subjectes, per tant, a incertesa. <strong>CIRCUTOR<\/strong> no es fa responsable de la influ\u00e8ncia que puguin exercir aquestes declaracions en l\u2019usuari ni de les seves conseq\u00fc\u00e8ncies en les accions o omissions de l\u2019usuari.<\/p>\n<p><strong>CIRCUTOR<\/strong> no es fa responsable dels errors o fallades en el funcionament del lloc web, siguin intr\u00ednsecs o deguts a les caracter\u00edstiques i limitacions d\u2019Internet. L\u2019usuari assumeix qualsevol risc derivat de la utilitzaci\u00f3 d\u2019Internet, incloent-hi la possible transmissi\u00f3 de virus inform\u00e0tics. <strong>CIRCUTOR<\/strong> no garanteix el funcionament ininterromput dels serveis del lloc web i no \u00e9s responsable dels danys i perjudicis que es puguin derivar de la interrupci\u00f3 dels serveis. En particular, <strong>CIRCUTOR<\/strong> no \u00e9s responsable en circumst\u00e0ncies de for\u00e7a major com ara incendis, vagues i talls en el subministrament el\u00e8ctric o qualsevol altre succ\u00e9s imprevisible o inevitable.<\/p>\n<p>En tot cas, <strong>CIRCUTOR<\/strong> nom\u00e9s \u00e9s responsable dels danys i perjudicis que s\u2019hagin previst o que s\u2019hagin pogut preveure en el moment de la utilitzaci\u00f3 del lloc web per l\u2019usuari, i que siguin conseq\u00fc\u00e8ncia directa i necess\u00e0ria de la infracci\u00f3 per neglig\u00e8ncia greu d\u2019obligacions contractuals substancials.<\/p>\n<p>El fet que el lloc web descrigui o presenti determinats productes no implica un comprom\u00eds de <strong>CIRCUTOR<\/strong> que aquests productes estiguin disponibles per a l\u2019usuari. L\u2019exclusi\u00f3 de responsabilitats i garanties descrites en aquest apartat s\u2019aplicar\u00e0 tant a <strong>CIRCUTOR<\/strong> com als seus administradors, directius, empleats i representants.<\/p>\n<p>L&#8217;exclusi\u00f3 de responsabilitats i garanties descrites en aquest apartat s&#8217;aplicar\u00e0 tant a <strong>CIRCUTOR<\/strong> com als seus administradors, directius, empleats i representants.<\/p>\n<h3>Enlla\u00e7<\/h3>\n<p>El lloc web pot contenir enlla\u00e7os a altres llocs web amb la finalitat de complementar els serveis oferts a l\u2019usuari. <strong>CIRCUTOR<\/strong> no \u00e9s la titular d\u2019aquests llocs web, de manera que no es responsabilitza dels seus continguts ni dels danys i perjudicis que el seu \u00fas pugui ocasionar a l\u2019usuari.<\/p>\n<p>Si l\u2019usuari del lloc web de <strong>CIRCUTOR<\/strong> accedeix a altres llocs web i als serveis que ofereixen, <strong>CIRCUTOR<\/strong> romandr\u00e0 aliena a qualsevol mena de relaci\u00f3 que es pugui establir entre l\u2019usuari i els titulars dels llocs web o qualsevol tercer relacionat amb aquests llocs web.<\/p>\n<p>Aix\u00ed mateix, el titular d\u2019un altre lloc web en el qual es pretengui inserir un enlla\u00e7 al lloc web de <strong>CIRCUTOR<\/strong> ha d\u2019obtenir, amb car\u00e0cter previ, una autoritzaci\u00f3 de <strong>CIRCUTOR<\/strong>.<\/p>\n<p><strong>CIRCUTOR<\/strong> no \u00e9s responsable dels continguts d\u2019aquells llocs web en qu\u00e8 hi hagi un enlla\u00e7 al lloc web de <strong>CIRCUTOR<\/strong> i roman aliena a les relacions que es puguin establir entre els titulars d\u2019altres llocs web i els usuaris del lloc web de <strong>CIRCUTOR<\/strong>.<\/p>\n<h3><strong>Modificacions<\/strong><\/h3>\n<p><strong>CIRCUTOR<\/strong> es reserva el dret de modificar aquest av\u00eds legal en qualsevol moment. Els canvis o actualitzacions de l\u2019av\u00eds legal han de ser notificats de forma expl\u00edcita a l\u2019usuari a trav\u00e9s d\u2019un av\u00eds en el lloc web, juntament amb la versi\u00f3 actualitzada de la pol\u00edtica de privadesa.[\/vc_column_text][\/vc_column][\/vc_row]<\/p>\n","protected":false},"excerpt":{"rendered":"<p>[vc_row][vc_column][vc_column_text] AV\u00cdS LEGAL &nbsp; Qui som Esteu accedint al lloc web de CIRCUTOR, SAU (d\u2019ara endavant, \u201cCIRCUTOR\u201d), disponible a trav\u00e9s del domini web https:\/\/circutor.com\/ca (d\u2019ara endavant, \u201cel lloc web\u201d). CIRCUTOR \u00e9s una societat comercial de nacionalitat espanyola amb domicili social al Vial de Sant Jordi, s\/n, 08232 Viladecavalls (Barcelona) i est\u00e0 inscrita en el Registre [&hellip;]<\/p>\n","protected":false},"author":7,"featured_media":0,"parent":0,"menu_order":0,"comment_status":"closed","ping_status":"closed","template":"","meta":[],"acf":[],"yoast_head":"<!-- This site is optimized with the Yoast SEO plugin v19.4 - https:\/\/yoast.com\/wordpress\/plugins\/seo\/ -->\n<title>Av\u00eds legal - CIRCUTOR<\/title>\n<meta name=\"robots\" content=\"noindex, nofollow\" \/>\n<meta property=\"og:locale\" content=\"ca_ES\" \/>\n<meta property=\"og:type\" content=\"article\" \/>\n<meta property=\"og:title\" content=\"Av\u00eds legal - CIRCUTOR\" \/>\n<meta property=\"og:description\" content=\"[vc_row][vc_column][vc_column_text] AV\u00cdS LEGAL &nbsp; Qui som Esteu accedint al lloc web de CIRCUTOR, SAU (d\u2019ara endavant, \u201cCIRCUTOR\u201d), disponible a trav\u00e9s del domini web https:\/\/circutor.com\/ca (d\u2019ara endavant, \u201cel lloc web\u201d). CIRCUTOR \u00e9s una societat comercial de nacionalitat espanyola amb domicili social al Vial de Sant Jordi, s\/n, 08232 Viladecavalls (Barcelona) i est\u00e0 inscrita en el Registre [&hellip;]\" \/>\n<meta property=\"og:url\" content=\"https:\/\/circutor.com\/ca\/avis-legal\/\" \/>\n<meta property=\"og:site_name\" content=\"CIRCUTOR\" \/>\n<meta property=\"article:publisher\" content=\"https:\/\/www.facebook.com\/CIRCUTOR.ES\" \/>\n<meta property=\"article:modified_time\" content=\"2022-12-01T12:51:03+00:00\" \/>\n<meta property=\"og:image\" content=\"https:\/\/circutor.com\/wp-content\/uploads\/2022\/07\/Circutor_Logo_Color.png\" \/>\n\t<meta property=\"og:image:width\" content=\"1299\" \/>\n\t<meta property=\"og:image:height\" content=\"354\" \/>\n\t<meta property=\"og:image:type\" content=\"image\/png\" \/>\n<meta name=\"twitter:card\" content=\"summary_large_image\" \/>\n<meta name=\"twitter:site\" content=\"@circutor\" \/>\n<meta name=\"twitter:label1\" content=\"Temps estimat de lectura\" \/>\n\t<meta name=\"twitter:data1\" content=\"6 minuts\" \/>\n<script type=\"application\/ld+json\" class=\"yoast-schema-graph\">{\"@context\":\"https:\/\/schema.org\",\"@graph\":[{\"@type\":\"Organization\",\"@id\":\"https:\/\/circutor.com\/#organization\",\"name\":\"Circutor\",\"url\":\"https:\/\/circutor.com\/\",\"sameAs\":[\"https:\/\/www.instagram.com\/circutor_es\",\"https:\/\/www.linkedin.com\/company\/circutor\",\"https:\/\/www.youtube.com\/user\/CIRCUTORoficial\",\"https:\/\/www.facebook.com\/CIRCUTOR.ES\",\"https:\/\/twitter.com\/circutor\"],\"logo\":{\"@type\":\"ImageObject\",\"inLanguage\":\"ca\",\"@id\":\"https:\/\/circutor.com\/#\/schema\/logo\/image\/\",\"url\":\"https:\/\/circutor.com\/wp-content\/uploads\/2020\/09\/CIR_LOGO_RED.png\",\"contentUrl\":\"https:\/\/circutor.com\/wp-content\/uploads\/2020\/09\/CIR_LOGO_RED.png\",\"width\":512,\"height\":128,\"caption\":\"Circutor\"},\"image\":{\"@id\":\"https:\/\/circutor.com\/#\/schema\/logo\/image\/\"}},{\"@type\":\"WebSite\",\"@id\":\"https:\/\/circutor.com\/#website\",\"url\":\"https:\/\/circutor.com\/\",\"name\":\"CIRCUTOR\",\"description\":\"Soluciones para la eficiencia energ\u00e9tica el\u00e9ctrica\",\"publisher\":{\"@id\":\"https:\/\/circutor.com\/#organization\"},\"potentialAction\":[{\"@type\":\"SearchAction\",\"target\":{\"@type\":\"EntryPoint\",\"urlTemplate\":\"https:\/\/circutor.com\/?s={search_term_string}\"},\"query-input\":\"required name=search_term_string\"}],\"inLanguage\":\"ca\"},{\"@type\":\"WebPage\",\"@id\":\"https:\/\/circutor.com\/ca\/avis-legal\/\",\"url\":\"https:\/\/circutor.com\/ca\/avis-legal\/\",\"name\":\"Av\u00eds legal - CIRCUTOR\",\"isPartOf\":{\"@id\":\"https:\/\/circutor.com\/#website\"},\"datePublished\":\"2022-12-01T11:39:22+00:00\",\"dateModified\":\"2022-12-01T12:51:03+00:00\",\"breadcrumb\":{\"@id\":\"https:\/\/circutor.com\/ca\/avis-legal\/#breadcrumb\"},\"inLanguage\":\"ca\",\"potentialAction\":[{\"@type\":\"ReadAction\",\"target\":[\"https:\/\/circutor.com\/ca\/avis-legal\/\"]}]},{\"@type\":\"BreadcrumbList\",\"@id\":\"https:\/\/circutor.com\/ca\/avis-legal\/#breadcrumb\",\"itemListElement\":[{\"@type\":\"ListItem\",\"position\":1,\"name\":\"Portada\",\"item\":\"https:\/\/circutor.com\/ca\/\"},{\"@type\":\"ListItem\",\"position\":2,\"name\":\"Av\u00eds legal\"}]}]}<\/script>\n<!-- \/ Yoast SEO plugin. -->","yoast_head_json":{"title":"Av\u00eds legal - CIRCUTOR","robots":{"index":"noindex","follow":"nofollow"},"og_locale":"ca_ES","og_type":"article","og_title":"Av\u00eds legal - CIRCUTOR","og_description":"[vc_row][vc_column][vc_column_text] AV\u00cdS LEGAL &nbsp; Qui som Esteu accedint al lloc web de CIRCUTOR, SAU (d\u2019ara endavant, \u201cCIRCUTOR\u201d), disponible a trav\u00e9s del domini web https:\/\/circutor.com\/ca (d\u2019ara endavant, \u201cel lloc web\u201d). CIRCUTOR \u00e9s una societat comercial de nacionalitat espanyola amb domicili social al Vial de Sant Jordi, s\/n, 08232 Viladecavalls (Barcelona) i est\u00e0 inscrita en el Registre [&hellip;]","og_url":"https:\/\/circutor.com\/ca\/avis-legal\/","og_site_name":"CIRCUTOR","article_publisher":"https:\/\/www.facebook.com\/CIRCUTOR.ES","article_modified_time":"2022-12-01T12:51:03+00:00","og_image":[{"width":1299,"height":354,"url":"https:\/\/circutor.com\/wp-content\/uploads\/2022\/07\/Circutor_Logo_Color.png","type":"image\/png"}],"twitter_card":"summary_large_image","twitter_site":"@circutor","twitter_misc":{"Temps estimat de lectura":"6 minuts"},"schema":{"@context":"https:\/\/schema.org","@graph":[{"@type":"Organization","@id":"https:\/\/circutor.com\/#organization","name":"Circutor","url":"https:\/\/circutor.com\/","sameAs":["https:\/\/www.instagram.com\/circutor_es","https:\/\/www.linkedin.com\/company\/circutor","https:\/\/www.youtube.com\/user\/CIRCUTORoficial","https:\/\/www.facebook.com\/CIRCUTOR.ES","https:\/\/twitter.com\/circutor"],"logo":{"@type":"ImageObject","inLanguage":"ca","@id":"https:\/\/circutor.com\/#\/schema\/logo\/image\/","url":"https:\/\/circutor.com\/wp-content\/uploads\/2020\/09\/CIR_LOGO_RED.png","contentUrl":"https:\/\/circutor.com\/wp-content\/uploads\/2020\/09\/CIR_LOGO_RED.png","width":512,"height":128,"caption":"Circutor"},"image":{"@id":"https:\/\/circutor.com\/#\/schema\/logo\/image\/"}},{"@type":"WebSite","@id":"https:\/\/circutor.com\/#website","url":"https:\/\/circutor.com\/","name":"CIRCUTOR","description":"Soluciones para la eficiencia energ\u00e9tica el\u00e9ctrica","publisher":{"@id":"https:\/\/circutor.com\/#organization"},"potentialAction":[{"@type":"SearchAction","target":{"@type":"EntryPoint","urlTemplate":"https:\/\/circutor.com\/?s={search_term_string}"},"query-input":"required name=search_term_string"}],"inLanguage":"ca"},{"@type":"WebPage","@id":"https:\/\/circutor.com\/ca\/avis-legal\/","url":"https:\/\/circutor.com\/ca\/avis-legal\/","name":"Av\u00eds legal - CIRCUTOR","isPartOf":{"@id":"https:\/\/circutor.com\/#website"},"datePublished":"2022-12-01T11:39:22+00:00","dateModified":"2022-12-01T12:51:03+00:00","breadcrumb":{"@id":"https:\/\/circutor.com\/ca\/avis-legal\/#breadcrumb"},"inLanguage":"ca","potentialAction":[{"@type":"ReadAction","target":["https:\/\/circutor.com\/ca\/avis-legal\/"]}]},{"@type":"BreadcrumbList","@id":"https:\/\/circutor.com\/ca\/avis-legal\/#breadcrumb","itemListElement":[{"@type":"ListItem","position":1,"name":"Portada","item":"https:\/\/circutor.com\/ca\/"},{"@type":"ListItem","position":2,"name":"Av\u00eds legal"}]}]}},"_links":{"self":[{"href":"https:\/\/circutor.com\/ca\/wp-json\/wp\/v2\/pages\/31985"}],"collection":[{"href":"https:\/\/circutor.com\/ca\/wp-json\/wp\/v2\/pages"}],"about":[{"href":"https:\/\/circutor.com\/ca\/wp-json\/wp\/v2\/types\/page"}],"author":[{"embeddable":true,"href":"https:\/\/circutor.com\/ca\/wp-json\/wp\/v2\/users\/7"}],"replies":[{"embeddable":true,"href":"https:\/\/circutor.com\/ca\/wp-json\/wp\/v2\/comments?post=31985"}],"version-history":[{"count":0,"href":"https:\/\/circutor.com\/ca\/wp-json\/wp\/v2\/pages\/31985\/revisions"}],"wp:attachment":[{"href":"https:\/\/circutor.com\/ca\/wp-json\/wp\/v2\/media?parent=31985"}],"curies":[{"name":"wp","href":"https:\/\/api.w.org\/{rel}","templated":true}]}}