{"id":2869,"date":"2021-04-26T15:56:25","date_gmt":"2021-04-26T15:56:25","guid":{"rendered":"http:\/\/circutor-wp.atic.blue\/unternehmen\/"},"modified":"2024-11-14T15:49:31","modified_gmt":"2024-11-14T13:49:31","slug":"unternehmen","status":"publish","type":"page","link":"https:\/\/circutor.com\/de\/unternehmen\/","title":{"rendered":"Unternehmen"},"content":{"rendered":"<p>[vc_row full_width=&#8221;stretch_row&#8221; el_class=&#8221;banner_pagina_texto&#8221; css=&#8221;.vc_custom_1611906619578{background-image: url(https:\/\/circutor.com\/wp-content\/uploads\/2021\/01\/anders-jilden-250-unsplash.jpg?id=1107) !important;background-position: center !important;background-repeat: no-repeat !important;background-size: cover !important;}&#8221;][vc_column css=&#8221;.vc_custom_1605620904006{padding-top: 0px !important;}&#8221;][vc_row_inner el_class=&#8221;breadcrumb&#8221;][vc_column_inner]<div itemscope itemtype=\"https:\/\/schema.org\/BreadcrumbList\" id=\"breadcrumb\"><div itemprop=\"itemListElement\" itemscope itemtype=\"https:\/\/schema.org\/ListItem\"><a itemprop=\"item\" href=\"https:\/\/circutor.com\/ca\/\"><span itemprop=\"name\">Home<\/span><\/a><meta itemprop=\"position\" content=\"1\" \/><\/div><div itemprop=\"itemListElement\" itemscope itemtype=\"https:\/\/schema.org\/ListItem\"><span><i class=\"ico-guil-singl-right\"><\/i><\/span><span class=\"active_item_breadcrumb\" itemprop=\"name\">Unternehmen<\/span><meta itemprop=\"position\" content=\"3\"><\/div><\/div>[\/vc_column_inner][\/vc_row_inner][vc_row_inner][vc_column_inner width=&#8221;5\/12&#8243;][vc_column_text]<\/p>\n<h1>Eficiencia, nuestro estilo de vida<\/h1>\n<p>En CIRCUTOR desarrollamos soluciones integrales para la eficiencia energ\u00e9tica aplicables en un gran n\u00famero de sectores: generaci\u00f3n, industria, sector terciario e incluso dom\u00e9stico.\u00a0Estamos presentes de principio a fin.[\/vc_column_text][\/vc_column_inner][vc_column_inner width=&#8221;7\/12&#8243;][\/vc_column_inner][\/vc_row_inner][\/vc_column][\/vc_row][vc_row el_class=&#8221;empresa-que-hacemos bloque page_empresa&#8221;][vc_column width=&#8221;10\/12&#8243;][vc_column_text el_class=&#8221;animacion_left&#8221;]<\/p>\n<h6 class=\"wrap-title\">QU\u00c9 HACEMOS<\/h6>\n<h2>Desarrollo de la tecnolog\u00eda para ofrecer productos i soluciones integrales al mundo de la eficiencia energ\u00e9tica el\u00e9ctrica.<\/h2>\n<p><a class=\"boton_enlace\" href=\"https:\/\/circutor.com\/de\/produkte\/\">Explora nuestros productos <i class=\"ico-arrow-right\"><\/i><\/a>[\/vc_column_text][\/vc_column][vc_column width=&#8221;2\/12&#8243;][\/vc_column][\/vc_row][vc_row el_class=&#8221;bloque empresa-como-lo-hacemos&#8221;][vc_column][vc_column_text el_class=&#8221;animacion_left&#8221;]<\/p>\n<h6 class=\"wrap-title\">C\u00d3MO LO HACEMOS<\/h6>\n<p>[\/vc_column_text][vc_row_inner][vc_column_inner width=&#8221;1\/3&#8243;][vc_raw_html]JTNDYSUyMGhyZWYlM0QlMjIlMkZlbXByZXNhJTJGY3VsdHVyYS15LXZhbG9yZXMlMkYlMjIlM0UlMEElM0NkaXYlMjBjbGFzcyUzRCUyMml0ZW0lMjBnZW5lcmFsJTIwYW5pbWFjaW9uX2NhamElMjIlM0UlMEElMEElM0NkaXYlMjBjbGFzcyUzRCUyMmltYWdlbi1ib3JkZSUyMiUzRSUwQSUzQ2ltZyUyMHNyYyUzRCUyMiUyRndwLWNvbnRlbnQlMkZ1cGxvYWRzJTJGMjAyMCUyRjExJTJGY3VsdHVyYV92YWxvcmVzLmpwZyUyMiUzRSUwQSUzQyUyRmRpdiUzRSUwQSUwQSUzQ2RpdiUyMGNsYXNzJTNEJTIyZGV0YWlscyUyMiUzRSUwQSUzQ2gzJTIwY2xhc3MlM0QlMjJ0aXR1bG9fcGFnZSUyMHNtYWxsJTIyJTNFQ3VsdHVyYSUyMHklMjBWYWxvcmVzJTNDJTJGaDMlM0UlMEElM0NwJTIwY2xhc3MlM0QlMjJlbmxhY2UlMjIlM0VEZXNjdWJyZSUyMGRlJTIwcXUlQzMlQTklMjBmb3JtYSUyMGVudGVuZGVtb3MlMjBudWVzdHJvJTIwbXVuZG8lMjAlM0NpJTIwY2xhc3MlM0QlMjJpY28tYXJyb3ctcmlnaHQlMjIlM0UlM0MlMkZpJTNFJTNDJTJGcCUzRSUwQSUzQyUyRmRpdiUzRSUwQSUwQSUzQyUyRmRpdiUzRSUwQSUzQyUyRmElM0U=[\/vc_raw_html][\/vc_column_inner][vc_column_inner width=&#8221;1\/3&#8243;][vc_raw_html]JTNDYSUyMGhyZWYlM0QlMjIlMkZlbXByZXNhJTJGbWFyY2EtY2lyY3V0b3IlMkYlMjIlM0UlMEElM0NkaXYlMjBjbGFzcyUzRCUyMml0ZW0lMjBnZW5lcmFsJTIwYW5pbWFjaW9uX2NhamElMjIlM0UlMEElMEElM0NkaXYlMjBjbGFzcyUzRCUyMmltYWdlbi1ib3JkZSUyMiUzRSUwQSUzQ2ltZyUyMHNyYyUzRCUyMiUyRndwLWNvbnRlbnQlMkZ1cGxvYWRzJTJGMjAyMCUyRjExJTJGbWFyY2FfY2lyY3V0b3IuanBnJTIyJTNFJTBBJTNDJTJGZGl2JTNFJTBBJTBBJTNDZGl2JTIwY2xhc3MlM0QlMjJkZXRhaWxzJTIyJTNFJTBBJTNDaDMlMjBjbGFzcyUzRCUyMnRpdHVsb19wYWdlJTIwc21hbGwlMjIlM0VNYXJjYSUyMENJUkNVVE9SJTNDJTJGaDMlM0UlMEElM0NwJTIwY2xhc3MlM0QlMjJlbmxhY2UlMjIlM0VUZSUyMG1vc3RyYW1vcyUyMHBvcnF1JUMzJUE5JTIwbnVlc3RyYSUyMG1hcmNhJTIwZXMlMjByZWNvbm9jaWRhJTIwZW4lMjBlbCUyMG1lcmNhZG8lMjAlM0NpJTIwY2xhc3MlM0QlMjJpY28tYXJyb3ctcmlnaHQlMjIlM0UlM0MlMkZpJTNFJTNDJTJGcCUzRSUwQSUzQyUyRmRpdiUzRSUwQSUwQSUzQyUyRmRpdiUzRSUwQSUzQyUyRmElM0U=[\/vc_raw_html][\/vc_column_inner][vc_column_inner width=&#8221;1\/3&#8243;][vc_raw_html]JTNDYSUyMGhyZWYlM0QlMjIlMkZlbXByZXNhJTJGaW5ub3ZhY2lvbiUyRiUyMiUzRSUwQSUzQ2RpdiUyMGNsYXNzJTNEJTIyaXRlbSUyMGdlbmVyYWwlMjBhbmltYWNpb25fY2FqYSUyMiUzRSUwQSUwQSUzQ2RpdiUyMGNsYXNzJTNEJTIyaW1hZ2VuLWJvcmRlJTIyJTNFJTBBJTNDaW1nJTIwc3JjJTNEJTIyJTJGd3AtY29udGVudCUyRnVwbG9hZHMlMkYyMDIwJTJGMTElMkZpbm5vdmFjaW9uLmpwZyUyMiUzRSUwQSUzQyUyRmRpdiUzRSUwQSUwQSUzQ2RpdiUyMGNsYXNzJTNEJTIyZGV0YWlscyUyMiUzRSUwQSUzQ2gzJTIwY2xhc3MlM0QlMjJ0aXR1bG9fcGFnZSUyMHNtYWxsJTIyJTNFSW5ub3ZhY2klQzMlQjNuJTNDJTJGaDMlM0UlMEElM0NwJTIwY2xhc3MlM0QlMjJlbmxhY2UlMjIlM0VQcm95ZWN0b3MlMjB5JTIwbm90aWNpYXMlMjAlM0NpJTIwY2xhc3MlM0QlMjJpY28tYXJyb3ctcmlnaHQlMjIlM0UlM0MlMkZpJTNFJTNDJTJGcCUzRSUwQSUzQyUyRmRpdiUzRSUwQSUwQSUzQyUyRmRpdiUzRSUwQSUzQyUyRmElM0U=[\/vc_raw_html][\/vc_column_inner][\/vc_row_inner][\/vc_column][\/vc_row][vc_row el_class=&#8221;empresa-como-lo-hacemos-bottom&#8221;][vc_column width=&#8221;2\/3&#8243;][vc_raw_html el_class=&#8221;hacemos_equipo&#8221;]JTNDYSUyMGhyZWYlM0QlMjIlMkZlbXByZXNhJTJGZW1wbGVvJTJGJTIyJTNFJTBBJTNDZGl2JTIwY2xhc3MlM0QlMjJpdGVtJTIwZGVzdGFjYWRhJTIwYW5pbWFjaW9uX2NhamElMjIlMjBzdHlsZSUzRCUyMmJhY2tncm91bmQtaW1hZ2UlM0ElMjBsaW5lYXItZ3JhZGllbnQlMjh0byUyMHJpZ2h0JTJDJTIwcmdiJTI4MzIlMkMlMjAzOCUyQyUyMDQ0JTJDJTIwLjg1JTI5JTJDJTIwcmdiJTI4MzIlMkMlMjAzOCUyQyUyMDQ0JTJDJTIwMCUyOSUyOSUyQyUwQSUwOXVybCUyOCUyNyUyRndwLWNvbnRlbnQlMkZ1cGxvYWRzJTJGMjAyMCUyRjExJTJGZXF1aXBvLmpwZyUyNyUyOSUzQiUyMGJhY2tncm91bmQtcmVwZWF0JTNBbm8tcmVwZWF0JTNCJTIwYmFja2dyb3VuZC1zaXplJTNBY292ZXIlM0IlMjIlM0UlMEElM0NwJTIwY2xhc3MlM0QlMjJ0aXR1bG8lMjIlM0UlQzMlOUFuZXRlJTIwYSUyMG51ZXN0cm8lMjBlcXVpcG8lM0MlMkZwJTNFJTBBJTNDcCUyMGNsYXNzJTNEJTIyZW5sYWNlJTIyJTNFRm9ybWElMjBwYXJ0ZSUyMGRlbCUyMGZ1dHVybyUyMGRlJTIwbGElMjBlZmljaWVuY2lhJTIwZW5lcmclQzMlQTl0aWNhJTIwJTNDaSUyMGNsYXNzJTNEJTIyaWNvLWFycm93LXJpZ2h0JTIyJTNFJTNDJTJGaSUzRSUzQyUyRnAlM0UlMEElM0MlMkZkaXYlM0UlMEElM0MlMkZhJTNFJTBB[\/vc_raw_html][\/vc_column][vc_column width=&#8221;1\/3&#8243;][vc_row_inner][vc_column_inner][vc_raw_html]JTNDYSUyMGhyZWYlM0QlMjIlMkZlbXByZXNhJTJGY29tcHJvbWlzbyUyRiUyMiUzRSUwQSUwQSUzQ2RpdiUyMGNsYXNzJTNEJTIyYW5pbWFjaW9uX2NhamElMjBpdGVtX2NvbXByb21pc28lMjIlM0UlMEElM0NpJTIwY2xhc3MlM0QlMjJpY28tZ2xvYmUtbWVyaWRpYW5zJTIyJTNFJTNDJTJGaSUzRSUwQSUzQ3AlMjBjbGFzcyUzRCUyMnRpdHVsbyUyMiUzRURlY2xhcmFjaSVDMyVCM24lMjBkZSUyMENvbXByb21pc29zJTIweSUyMCVDMyU4OXRpY2ElMjBFbXByZXNhcmlhbCUzQyUyRnAlM0UlMEElM0MlMkZkaXYlM0UlMEElMEElM0MlMkZhJTNF[\/vc_raw_html][\/vc_column_inner][\/vc_row_inner][vc_row_inner][vc_column_inner el_class=&#8221;redes_sociales&#8221;][vc_raw_html]JTNDZGl2JTIwY2xhc3MlM0QlMjJpdGVtX2NvbmVjdGElMjIlM0UlMEElMEElM0NwJTIwY2xhc3MlM0QlMjJ0aXR1bG8lMjIlM0VDb25lY3RhJTIwY29uJTIwbm9zb3Ryb3MlM0MlMkZwJTNFJTBBJTNDcCUzRSUwQSUzQ2ElMjBocmVmJTNEJTIyaHR0cHMlM0ElMkYlMkZ3d3cuZmFjZWJvb2suY29tJTJGQ0lSQ1VUT1IuRVMlMjIlMjB0YXJnZXQlM0QlMjJfYmxhbmslMjIlM0UlM0NpbWclMjBzcmMlM0QlMjIlMkZ3cC1jb250ZW50JTJGdXBsb2FkcyUyRjIwMjAlMkYwOSUyRkljb25zX1JSU1NfV2ViX0ZhY2Vib29rX0NvbG9yLnN2ZyUyMiUzRSUzQyUyRmElM0UlMEElM0NhJTIwaHJlZiUzRCUyMmh0dHBzJTNBJTJGJTJGd3d3LmxpbmtlZGluLmNvbSUyRmNvbXBhbnklMkZjaXJjdXRvciUyMiUyMHRhcmdldCUzRCUyMl9ibGFuayUyMiUzRSUzQ2ltZyUyMHNyYyUzRCUyMiUyRndwLWNvbnRlbnQlMkZ1cGxvYWRzJTJGMjAyMCUyRjA5JTJGSWNvbnNfUlJTU19XZWJfTGlua2VkSW5fQ29sb3Iuc3ZnJTIyJTNFJTNDJTJGYSUzRSUwQSUzQ2ElMjBocmVmJTNEJTIyaHR0cHMlM0ElMkYlMkZ0d2l0dGVyLmNvbSUyRmNpcmN1dG9yJTIyJTIwdGFyZ2V0JTNEJTIyX2JsYW5rJTIyJTNFJTNDaW1nJTIwc3JjJTNEJTIyJTJGd3AtY29udGVudCUyRnVwbG9hZHMlMkYyMDI0JTJGMDElMkZJY29uc19SUlNTX1dlYl9YX0NvbG9yLTIuc3ZnJTIyJTNFJTNDJTJGYSUzRSUwQSUzQ2ElMjBocmVmJTNEJTIyaHR0cHMlM0ElMkYlMkZ3d3cueW91dHViZS5jb20lMkZjaGFubmVsJTJGVUN2UHExckhZS2dtUTFXcnFNNmJjWmZBJTIyJTIwdGFyZ2V0JTNEJTIyX2JsYW5rJTIyJTNFJTNDaW1nJTIwc3JjJTNEJTIyJTJGd3AtY29udGVudCUyRnVwbG9hZHMlMkYyMDIwJTJGMDklMkZJY29uc19SUlNTX1dlYl9Zb3VUdWJlX0NvbG9yLnN2ZyUyMiUzRSUzQyUyRmElM0UlMEElM0MlMkZwJTNFJTBBJTBBJTNDJTJGZGl2JTNF[\/vc_raw_html][\/vc_column_inner][\/vc_row_inner][\/vc_column][\/vc_row][vc_row full_width=&#8221;stretch_row&#8221; css=&#8221;.vc_custom_1615879299866{background-color: #f3f4f5 !important;}&#8221; el_class=&#8221;destacado_sede_empresa&#8221;][vc_column width=&#8221;1\/3&#8243;][vc_column_text]<\/p>\n<h6 class=\"wrap-title\">SEDE CENTRAL<\/h6>\n<p>[\/vc_column_text][vc_raw_html el_class=&#8221;logo&#8221;]JTNDaSUyMGNsYXNzJTNEJTIyaWNvLWNpcmN1dG9yJTIyJTNFJTNDJTJGaSUzRQ==[\/vc_raw_html][vc_column_text el_id=&#8221;info_contacto&#8221; el_class=&#8221;info_contacto&#8221;]Vial Sant Jordi s\/n<br \/>\n08232 Viladecavalls<br \/>\n(Barcelona) Spain[\/vc_column_text][vc_raw_html el_class=&#8221;iconos_contacto&#8221;]JTNDcCUzRSUzQ2klMjBjbGFzcyUzRCUyMmljby10ZWxlcGhvbmUlMjIlM0UlM0MlMkZpJTNFJTIwJTI4JTJCMzQlMjklMjA5MzclMjA0NTIlMjA5MDAlMjAlM0MlMkZwJTNFJTBBJTNDcCUzRSUzQ2klMjBjbGFzcyUzRCUyMmljby1wcmludGVyJTIyJTNFJTNDJTJGaSUzRSUyMCUyOCUyQjM0JTI5JTIwOTM3JTIwNDUyJTIwOTE0JTIwJTNDJTJGcCUzRSUwQSUzQ3AlM0UlM0NpJTIwY2xhc3MlM0QlMjJpY28tZW52ZWxvcGUlMjIlM0UlM0MlMkZpJTNFJTIwY2VudHJhbCU0MGNpcmN1dG9yLmNvbSUyMCUzQyUyRnAlM0U=[\/vc_raw_html][vc_gmaps link=&#8221;#E-8_JTNDaWZyYW1lJTIwc3JjJTNEJTIyaHR0cHMlM0ElMkYlMkZ3d3cuZ29vZ2xlLmNvbSUyRm1hcHMlMkZlbWJlZCUzRnBiJTNEJTIxMW0xOCUyMTFtMTIlMjExbTMlMjExZDI5ODUuMzgwNjg4MjgwNDM3NCUyMTJkMS45NTkwNDUwMTU3MzA3Mzg2JTIxM2Q0MS41NjEwMDQ3OTMxNzYzMyUyMTJtMyUyMTFmMCUyMTJmMCUyMTNmMCUyMTNtMiUyMTFpMTAyNCUyMTJpNzY4JTIxNGYxMy4xJTIxM20zJTIxMW0yJTIxMXMweDEyYTQ4ZDFhNTZhZmUwZjUlMjUzQTB4Y2FjN2Y4MGI3YjA2ODM3OCUyMTJzQ2lyY3V0b3IlMjE1ZTAlMjEzbTIlMjExc2VzJTIxMnNlcyUyMTR2MTYxNTg3OTAxNjYzOCUyMTVtMiUyMTFzZXMlMjEyc2VzJTIyJTIwd2lkdGglM0QlMjIyNDAlMjIlMjBoZWlnaHQlM0QlMjIxMzUlMjIlMjBzdHlsZSUzRCUyMmJvcmRlciUzQTAlM0IlMjIlMjBhbGxvd2Z1bGxzY3JlZW4lM0QlMjIlMjIlMjBsb2FkaW5nJTNEJTIybGF6eSUyMiUzRSUzQyUyRmlmcmFtZSUzRQ==&#8221; el_class=&#8221;mapa&#8221;][\/vc_column][vc_column width=&#8221;2\/3&#8243;][vc_single_image image=&#8221;1117&#8243; img_size=&#8221;full&#8221;][\/vc_column][\/vc_row][vc_row el_class=&#8221;bloque empresa-pasando empresa_abajo&#8221;][vc_column][vc_column_text el_class=&#8221;animacion_left&#8221;]<\/p>\n<h6 class=\"wrap-title\">QU\u00c9 EST\u00c1 PASANDO<\/h6>\n<p>[\/vc_column_text][vc_row_inner][vc_column_inner width=&#8221;1\/3&#8243;][vc_raw_html]JTNDYSUyMGhyZWYlM0QlMjIlMkZlbXByZXNhJTJGYWN0dWFsaWRhZCUyRiUyMiUzRSUwQSUzQ2RpdiUyMGNsYXNzJTNEJTIyaXRlbSUyMGdlbmVyYWwlMjBhbmltYWNpb25fY2FqYSUyMiUzRSUwQSUwQSUzQ2RpdiUyMGNsYXNzJTNEJTIyZGV0YWlscyUyMiUzRSUwQSUzQ2klMjBjbGFzcyUzRCUyMmljby1uZXdzcGFwZXIlMjIlM0UlM0MlMkZpJTNFJTBBJTNDaDMlMjBjbGFzcyUzRCUyMnRpdHVsb19wYWdlJTIwc21hbGwlMjIlM0VOb3RpY2lhcyUzQyUyRmgzJTNFJTBBJTNDcCUyMGNsYXNzJTNEJTIyZW5sYWNlJTIyJTNFQWN0dWFsaWRhZCUyMGRlbCUyMHNlY3RvciUyMCUzQ2klMjBjbGFzcyUzRCUyMmljby1hcnJvdy1yaWdodCUyMiUzRSUzQyUyRmklM0UlM0MlMkZwJTNFJTBBJTNDJTJGZGl2JTNFJTBBJTBBJTNDJTJGZGl2JTNFJTBBJTNDJTJGYSUzRQ==[\/vc_raw_html][\/vc_column_inner][vc_column_inner width=&#8221;1\/3&#8243;][vc_raw_html]JTNDYSUyMGhyZWYlM0QlMjIlMjMlMjIlM0UlMEElM0NkaXYlMjBjbGFzcyUzRCUyMml0ZW0lMjBnZW5lcmFsJTIwYW5pbWFjaW9uX2NhamElMjIlM0UlMEElMEElM0NkaXYlMjBjbGFzcyUzRCUyMmRldGFpbHMlMjIlM0UlMEElM0NpJTIwY2xhc3MlM0QlMjJpY28tYWZ0ZXItc2FsZXMlMjIlM0UlM0MlMkZpJTNFJTBBJTNDaDMlMjBjbGFzcyUzRCUyMnRpdHVsb19wYWdlJTIwc21hbGwlMjIlM0VMYW56YW1pZW50b3MlM0MlMkZoMyUzRSUwQSUzQ3AlMjBjbGFzcyUzRCUyMmVubGFjZSUyMiUzRU51ZXN0cmFzJTIwJUMzJUJBbHRpbWFzJTIwY3JlYWNpb25lcyUyMCUzQ2klMjBjbGFzcyUzRCUyMmljby1hcnJvdy1yaWdodCUyMiUzRSUzQyUyRmklM0UlM0MlMkZwJTNFJTBBJTNDJTJGZGl2JTNFJTBBJTBBJTNDJTJGZGl2JTNFJTBBJTNDJTJGYSUzRQ==[\/vc_raw_html][\/vc_column_inner][vc_column_inner width=&#8221;1\/3&#8243;][vc_raw_html]JTNDYSUyMGhyZWYlM0QlMjIlMjMlMjIlM0UlMEElM0NkaXYlMjBjbGFzcyUzRCUyMml0ZW0lMjBnZW5lcmFsJTIwYW5pbWFjaW9uX2NhamElMjIlM0UlMEElMEElM0NkaXYlMjBjbGFzcyUzRCUyMmRldGFpbHMlMjIlM0UlMEElM0NpJTIwY2xhc3MlM0QlMjJpY28tY2FsZW5kYXIlMjIlMjBzdHlsZSUzRCUyMmNvbG9yJTNBJTIzMDBiMzg4JTNCJTIyJTNFJTNDJTJGaSUzRSUwQSUzQ2gzJTIwY2xhc3MlM0QlMjJ0aXR1bG9fcGFnZSUyMHNtYWxsJTIyJTNFRXZlbnRvcyUzQyUyRmgzJTNFJTBBJTNDcCUyMGNsYXNzJTNEJTIyZW5sYWNlJTIyJTNFRm9ybWElMjBwYXJ0ZSUyMGRlJTIwbG9zJTIwcHIlQzMlQjN4aW1vcyUyMCUzQ2klMjBjbGFzcyUzRCUyMmljby1hcnJvdy1yaWdodCUyMiUyMHN0eWxlJTNEJTIyY29sb3IlM0ElMjMwMGIzODglM0IlMjIlM0UlM0MlMkZpJTNFJTNDJTJGcCUzRSUwQSUzQyUyRmRpdiUzRSUwQSUwQSUzQyUyRmRpdiUzRSUwQSUzQyUyRmElM0U=[\/vc_raw_html][\/vc_column_inner][\/vc_row_inner][\/vc_column][\/vc_row]<\/p>\n","protected":false},"excerpt":{"rendered":"<p>[vc_row full_width=&#8221;stretch_row&#8221; el_class=&#8221;banner_pagina_texto&#8221; css=&#8221;.vc_custom_1611906619578{background-image: url(https:\/\/circutor.com\/wp-content\/uploads\/2021\/01\/anders-jilden-250-unsplash.jpg?id=1107) !important;background-position: center !important;background-repeat: no-repeat !important;background-size: cover !important;}&#8221;][vc_column css=&#8221;.vc_custom_1605620904006{padding-top: 0px !important;}&#8221;][vc_row_inner el_class=&#8221;breadcrumb&#8221;][vc_column_inner][\/vc_column_inner][\/vc_row_inner][vc_row_inner][vc_column_inner width=&#8221;5\/12&#8243;][vc_column_text] Eficiencia, nuestro estilo de vida En CIRCUTOR desarrollamos soluciones integrales para la eficiencia energ\u00e9tica aplicables en un gran n\u00famero de sectores: generaci\u00f3n, industria, sector terciario e incluso dom\u00e9stico.\u00a0Estamos presentes de principio a fin.[\/vc_column_text][\/vc_column_inner][vc_column_inner width=&#8221;7\/12&#8243;][\/vc_column_inner][\/vc_row_inner][\/vc_column][\/vc_row][vc_row el_class=&#8221;empresa-que-hacemos bloque page_empresa&#8221;][vc_column width=&#8221;10\/12&#8243;][vc_column_text [&hellip;]<\/p>\n","protected":false},"author":1,"featured_media":0,"parent":0,"menu_order":0,"comment_status":"closed","ping_status":"closed","template":"","meta":[],"acf":[],"yoast_head":"<!-- This site is optimized with the Yoast SEO plugin v19.4 - https:\/\/yoast.com\/wordpress\/plugins\/seo\/ -->\n<title>Unternehmen - CIRCUTOR<\/title>\n<meta name=\"description\" content=\"En CIRCUTOR desarrollamos soluciones integrales para la eficiencia energ\u00e9tica aplicables en un gran n\u00famero de sectores: generaci\u00f3n, industria, sector terciario e incluso dom\u00e9stico. Estamos presentes de principio a fin.\" \/>\n<meta name=\"robots\" content=\"index, follow, max-snippet:-1, max-image-preview:large, max-video-preview:-1\" \/>\n<link rel=\"canonical\" href=\"https:\/\/circutor.com\/de\/unternehmen\/\" \/>\n<meta property=\"og:locale\" content=\"ca_ES\" \/>\n<meta property=\"og:type\" content=\"article\" \/>\n<meta property=\"og:title\" content=\"Unternehmen - CIRCUTOR\" \/>\n<meta property=\"og:description\" content=\"En CIRCUTOR desarrollamos soluciones integrales para la eficiencia energ\u00e9tica aplicables en un gran n\u00famero de sectores: generaci\u00f3n, industria, sector terciario e incluso dom\u00e9stico. Estamos presentes de principio a fin.\" \/>\n<meta property=\"og:url\" content=\"https:\/\/circutor.com\/de\/unternehmen\/\" \/>\n<meta property=\"og:site_name\" content=\"CIRCUTOR\" \/>\n<meta property=\"article:publisher\" content=\"https:\/\/www.facebook.com\/CIRCUTOR.ES\" \/>\n<meta property=\"article:modified_time\" content=\"2024-11-14T13:49:31+00:00\" \/>\n<meta property=\"og:image\" content=\"https:\/\/circutor.com\/wp-content\/uploads\/2022\/07\/Circutor_Logo_Color.png\" \/>\n\t<meta property=\"og:image:width\" content=\"1299\" \/>\n\t<meta property=\"og:image:height\" content=\"354\" \/>\n\t<meta property=\"og:image:type\" content=\"image\/png\" \/>\n<meta name=\"twitter:card\" content=\"summary_large_image\" \/>\n<meta name=\"twitter:site\" content=\"@circutor\" \/>\n<meta name=\"twitter:label1\" content=\"Temps estimat de lectura\" \/>\n\t<meta name=\"twitter:data1\" content=\"5 minuts\" \/>\n<script type=\"application\/ld+json\" class=\"yoast-schema-graph\">{\"@context\":\"https:\/\/schema.org\",\"@graph\":[{\"@type\":\"Organization\",\"@id\":\"https:\/\/circutor.com\/#organization\",\"name\":\"Circutor\",\"url\":\"https:\/\/circutor.com\/\",\"sameAs\":[\"https:\/\/www.instagram.com\/circutor_es\",\"https:\/\/www.linkedin.com\/company\/circutor\",\"https:\/\/www.youtube.com\/user\/CIRCUTORoficial\",\"https:\/\/www.facebook.com\/CIRCUTOR.ES\",\"https:\/\/twitter.com\/circutor\"],\"logo\":{\"@type\":\"ImageObject\",\"inLanguage\":\"ca\",\"@id\":\"https:\/\/circutor.com\/#\/schema\/logo\/image\/\",\"url\":\"https:\/\/circutor.com\/wp-content\/uploads\/2020\/09\/CIR_LOGO_RED.png\",\"contentUrl\":\"https:\/\/circutor.com\/wp-content\/uploads\/2020\/09\/CIR_LOGO_RED.png\",\"width\":512,\"height\":128,\"caption\":\"Circutor\"},\"image\":{\"@id\":\"https:\/\/circutor.com\/#\/schema\/logo\/image\/\"}},{\"@type\":\"WebSite\",\"@id\":\"https:\/\/circutor.com\/#website\",\"url\":\"https:\/\/circutor.com\/\",\"name\":\"CIRCUTOR\",\"description\":\"Soluciones para la eficiencia energ\u00e9tica el\u00e9ctrica\",\"publisher\":{\"@id\":\"https:\/\/circutor.com\/#organization\"},\"potentialAction\":[{\"@type\":\"SearchAction\",\"target\":{\"@type\":\"EntryPoint\",\"urlTemplate\":\"https:\/\/circutor.com\/?s={search_term_string}\"},\"query-input\":\"required name=search_term_string\"}],\"inLanguage\":\"ca\"},{\"@type\":\"WebPage\",\"@id\":\"https:\/\/circutor.com\/de\/unternehmen\/\",\"url\":\"https:\/\/circutor.com\/de\/unternehmen\/\",\"name\":\"Unternehmen - CIRCUTOR\",\"isPartOf\":{\"@id\":\"https:\/\/circutor.com\/#website\"},\"datePublished\":\"2021-04-26T15:56:25+00:00\",\"dateModified\":\"2024-11-14T13:49:31+00:00\",\"description\":\"En CIRCUTOR desarrollamos soluciones integrales para la eficiencia energ\u00e9tica aplicables en un gran n\u00famero de sectores: generaci\u00f3n, industria, sector terciario e incluso dom\u00e9stico. Estamos presentes de principio a fin.\",\"breadcrumb\":{\"@id\":\"https:\/\/circutor.com\/de\/unternehmen\/#breadcrumb\"},\"inLanguage\":\"ca\",\"potentialAction\":[{\"@type\":\"ReadAction\",\"target\":[\"https:\/\/circutor.com\/de\/unternehmen\/\"]}]},{\"@type\":\"BreadcrumbList\",\"@id\":\"https:\/\/circutor.com\/de\/unternehmen\/#breadcrumb\",\"itemListElement\":[{\"@type\":\"ListItem\",\"position\":1,\"name\":\"Portada\",\"item\":\"https:\/\/circutor.com\/ca\/\"},{\"@type\":\"ListItem\",\"position\":2,\"name\":\"Unternehmen\"}]}]}<\/script>\n<!-- \/ Yoast SEO plugin. -->","yoast_head_json":{"title":"Unternehmen - CIRCUTOR","description":"En CIRCUTOR desarrollamos soluciones integrales para la eficiencia energ\u00e9tica aplicables en un gran n\u00famero de sectores: generaci\u00f3n, industria, sector terciario e incluso dom\u00e9stico. Estamos presentes de principio a fin.","robots":{"index":"index","follow":"follow","max-snippet":"max-snippet:-1","max-image-preview":"max-image-preview:large","max-video-preview":"max-video-preview:-1"},"canonical":"https:\/\/circutor.com\/de\/unternehmen\/","og_locale":"ca_ES","og_type":"article","og_title":"Unternehmen - CIRCUTOR","og_description":"En CIRCUTOR desarrollamos soluciones integrales para la eficiencia energ\u00e9tica aplicables en un gran n\u00famero de sectores: generaci\u00f3n, industria, sector terciario e incluso dom\u00e9stico. Estamos presentes de principio a fin.","og_url":"https:\/\/circutor.com\/de\/unternehmen\/","og_site_name":"CIRCUTOR","article_publisher":"https:\/\/www.facebook.com\/CIRCUTOR.ES","article_modified_time":"2024-11-14T13:49:31+00:00","og_image":[{"width":1299,"height":354,"url":"https:\/\/circutor.com\/wp-content\/uploads\/2022\/07\/Circutor_Logo_Color.png","type":"image\/png"}],"twitter_card":"summary_large_image","twitter_site":"@circutor","twitter_misc":{"Temps estimat de lectura":"5 minuts"},"schema":{"@context":"https:\/\/schema.org","@graph":[{"@type":"Organization","@id":"https:\/\/circutor.com\/#organization","name":"Circutor","url":"https:\/\/circutor.com\/","sameAs":["https:\/\/www.instagram.com\/circutor_es","https:\/\/www.linkedin.com\/company\/circutor","https:\/\/www.youtube.com\/user\/CIRCUTORoficial","https:\/\/www.facebook.com\/CIRCUTOR.ES","https:\/\/twitter.com\/circutor"],"logo":{"@type":"ImageObject","inLanguage":"ca","@id":"https:\/\/circutor.com\/#\/schema\/logo\/image\/","url":"https:\/\/circutor.com\/wp-content\/uploads\/2020\/09\/CIR_LOGO_RED.png","contentUrl":"https:\/\/circutor.com\/wp-content\/uploads\/2020\/09\/CIR_LOGO_RED.png","width":512,"height":128,"caption":"Circutor"},"image":{"@id":"https:\/\/circutor.com\/#\/schema\/logo\/image\/"}},{"@type":"WebSite","@id":"https:\/\/circutor.com\/#website","url":"https:\/\/circutor.com\/","name":"CIRCUTOR","description":"Soluciones para la eficiencia energ\u00e9tica el\u00e9ctrica","publisher":{"@id":"https:\/\/circutor.com\/#organization"},"potentialAction":[{"@type":"SearchAction","target":{"@type":"EntryPoint","urlTemplate":"https:\/\/circutor.com\/?s={search_term_string}"},"query-input":"required name=search_term_string"}],"inLanguage":"ca"},{"@type":"WebPage","@id":"https:\/\/circutor.com\/de\/unternehmen\/","url":"https:\/\/circutor.com\/de\/unternehmen\/","name":"Unternehmen - CIRCUTOR","isPartOf":{"@id":"https:\/\/circutor.com\/#website"},"datePublished":"2021-04-26T15:56:25+00:00","dateModified":"2024-11-14T13:49:31+00:00","description":"En CIRCUTOR desarrollamos soluciones integrales para la eficiencia energ\u00e9tica aplicables en un gran n\u00famero de sectores: generaci\u00f3n, industria, sector terciario e incluso dom\u00e9stico. Estamos presentes de principio a fin.","breadcrumb":{"@id":"https:\/\/circutor.com\/de\/unternehmen\/#breadcrumb"},"inLanguage":"ca","potentialAction":[{"@type":"ReadAction","target":["https:\/\/circutor.com\/de\/unternehmen\/"]}]},{"@type":"BreadcrumbList","@id":"https:\/\/circutor.com\/de\/unternehmen\/#breadcrumb","itemListElement":[{"@type":"ListItem","position":1,"name":"Portada","item":"https:\/\/circutor.com\/ca\/"},{"@type":"ListItem","position":2,"name":"Unternehmen"}]}]}},"_links":{"self":[{"href":"https:\/\/circutor.com\/ca\/wp-json\/wp\/v2\/pages\/2869"}],"collection":[{"href":"https:\/\/circutor.com\/ca\/wp-json\/wp\/v2\/pages"}],"about":[{"href":"https:\/\/circutor.com\/ca\/wp-json\/wp\/v2\/types\/page"}],"author":[{"embeddable":true,"href":"https:\/\/circutor.com\/ca\/wp-json\/wp\/v2\/users\/1"}],"replies":[{"embeddable":true,"href":"https:\/\/circutor.com\/ca\/wp-json\/wp\/v2\/comments?post=2869"}],"version-history":[{"count":1,"href":"https:\/\/circutor.com\/ca\/wp-json\/wp\/v2\/pages\/2869\/revisions"}],"predecessor-version":[{"id":52625,"href":"https:\/\/circutor.com\/ca\/wp-json\/wp\/v2\/pages\/2869\/revisions\/52625"}],"wp:attachment":[{"href":"https:\/\/circutor.com\/ca\/wp-json\/wp\/v2\/media?parent=2869"}],"curies":[{"name":"wp","href":"https:\/\/api.w.org\/{rel}","templated":true}]}}