{"id":27667,"date":"2022-12-23T12:19:03","date_gmt":"2022-12-23T10:19:03","guid":{"rendered":"https:\/\/circutor.com\/?page_id=27667"},"modified":"2022-12-23T12:19:50","modified_gmt":"2022-12-23T10:19:50","slug":"us-de-xarxes-socials","status":"publish","type":"page","link":"https:\/\/circutor.com\/ca\/us-de-xarxes-socials\/","title":{"rendered":"\u00das de xarxes socials"},"content":{"rendered":"<p>[vc_row][vc_column][vc_column_text]<\/p>\n<h3>\u00das de xarxes socials<\/h3>\n<p>Tots els perfils oficials de CIRCUTOR, SA en xarxes socials informen l&#8217;usuari sobre els seus termes i condicions d&#8217;\u00fas. Aquests termes es concreten en el document seg\u00fcent:<\/p>\n<p>CIRCUTOR ha creat aquesta p\u00e0gina en xarxes socials per escoltar-vos, informar-vos i perqu\u00e8 conegueu millor la nostra entitat. El seu objectiu principal \u00e9s fomentar el di\u00e0leg transparent i constructiu, sempre des del respecte entre tots els usuaris.<\/p>\n<p>Perqu\u00e8 aquest canal sigui \u00fatil per a tothom, cal respectar unes regles b\u00e0siques. Heu de llegir amb atenci\u00f3 les normes d&#8217;\u00fas seg\u00fcents abans de comen\u00e7ar a participar:<\/p>\n<ol>\n<li>Recordeu que aquest \u00e9s un f\u00f2rum p\u00fablic. Pel fet d&#8217;agregar qualsevol dada, comentari o informaci\u00f3, assumiu que la resta d\u2019usuaris d\u2019aquesta xarxa social i CIRCUTOR el poden veure.<\/li>\n<li>Us demanem que parleu en primera persona i que intenteu aportar valor en els vostres comentaris, a m\u00e9s de facilitar informacions i perspectives contrastades. Recordeu que sou responsable de les vostres aportacions i de les conseq\u00fc\u00e8ncies eventuals en la vostra imatge i reputaci\u00f3. Si teniu dubtes, millor que no feu una contribuci\u00f3.<\/li>\n<li>Aquest espai constitueix un f\u00f2rum d&#8217;intercanvi d&#8217;opinions o per al debat constructiu, per\u00f2 no \u00e9s l&#8217;\u00e0mbit apropiat per crear pol\u00e8mica, desqualificar altres usuaris o tercers, ni per presentar queixes i reclamacions que s&#8217;han de canalitzar a trav\u00e9s de les vies espec\u00edfiques que CIRCUTOR t\u00e9 establertes per a aquesta finalitat.<\/li>\n<li>Tracteu amb respecte els altres usuaris; feu servir un llenguatge apropiat i correcte, i actueu com si estigu\u00e9ssiu en pres\u00e8ncia de l&#8217;altra persona.<\/li>\n<li>No publiqueu material publicitari ni feu \u00fas d&#8217;aquest perfil per a lucrar-vos o fer negoci, ni compareu o valoreu productes o serveis d&#8217;altres empreses. Tampoc \u00e9s aquest el f\u00f2rum per promocionar-vos o buscar feina; CIRCUTOR disposa d&#8217;una via especifica per a aquesta finalitat.<\/li>\n<li>La vostra contribuci\u00f3 ha de presentar dades reals, concrets i argumentaci\u00f3 consistent. Es permeten cites o la reproducci\u00f3 de petits fragments de textos, llibres o obres en general de tercers, sempre que s&#8217;indiqui la font i el nom de l&#8217;autor. Si feu una contribuci\u00f3 pr\u00f2pia (text, fotografies, gr\u00e0fics, v\u00eddeos o \u00e0udios), us informem que atorgueu a CIRCUTOR autoritzaci\u00f3 per reproduir-la en qualsevol mitj\u00e0 f\u00edsic o virtual, on indicarem el vostre nom com a autor, tot aix\u00f2 sense perjudici que altres usuaris tamb\u00e9 els puguin desar o reproduir.<\/li>\n<li>El s\u00edmbol de la \u00abC\u00bb, \u00abCIRCUTOR\u00bb i\/o qualsevol altre logotip que utilitzem en aquest perfil s\u00f3n marques registrades. Tamb\u00e9 s\u00f3n titularitat de l&#8217;empresa els continguts penjats per CIRCUTOR en aquest perfil i, per tant, CIRCUTOR es reserva tots els drets de propietat intel\u00b7lectual i industrial associats a aquests continguts. Us heu de comprometre a respectar-los i a no utilitzar-los sense l\u2019autoritzaci\u00f3 adient, qualsevol que sigui el mitj\u00e0.<\/li>\n<li>Nom\u00e9s heu de descarregar els continguts, copiar o imprimir qualsevol contribuci\u00f3, per al vostre \u00fas personal i privat.<\/li>\n<li>Us informem que, des d&#8217;aquest perfil en aquesta xarxa social, CIRCUTOR no us sol\u00b7licitar\u00e0 mai de manera p\u00fablica les vostres dades personals.<\/li>\n<li>La informaci\u00f3 que cont\u00e9 aquest perfil no s&#8217;ha de considerar com a assessorament, recomanaci\u00f3 de compra, venda o qualsevol altre tipus de negociaci\u00f3 sobre els productes o les solucions de CIRCUTOR.<\/li>\n<li>Hem de preservar el bon \u00fas d&#8217;aquest perfil i, per aix\u00f2, CIRCUTOR, com a administrador, es reserva el dret d\u2019eliminar, sense dret de r\u00e8plica, qualsevol aportaci\u00f3 que:<\/li>\n<\/ol>\n<ul>\n<li style=\"list-style-type: none;\">\n<ul>\n<li>Consideri il\u00b7legal, irrespectuosa, amena\u00e7ant, infundada, calumniosa, inadequada, \u00e8tica o socialment discriminat\u00f2ria, o laboralment reprotxable o que, d&#8217;alguna manera, pugui ocasionar danys i perjudicis materials o morals a CIRCUTOR, els seus empleats, col\u00b7laboradors o tercers.<\/li>\n<li>Incorpori dades de tercers sense la seva autoritzaci\u00f3.<\/li>\n<li>Contingui qualsevol tipus de recomanaci\u00f3 relativa a material publicitari o de propaganda, personal o en benefici de tercers, ja siguin persones f\u00edsiques o jur\u00eddiques.<\/li>\n<li>Sigui redundant.<\/li>\n<li>No estigui relacionada amb la finalitat de la p\u00e0gina.<\/li>\n<\/ul>\n<\/li>\n<\/ul>\n<p><strong>Responsabilitat i garantia de CIRCUTOR<\/strong><\/p>\n<p>CIRCUTOR no es fa responsable de les opinions abocades en aquest perfil i no assumeix cap garantia sobre la veracitat, l\u2019exactitud o l\u2019actualitzaci\u00f3 de les informacions contingudes.<\/p>\n<p>En cap cas, CIRCUTOR, els seus administradors, empleats i personal autoritzat no poden ser responsables de qualsevol tipus de perjudici, p\u00e8rdues, reclamacions o despeses de cap tipus, tant si procedeixen com si no de l&#8217;\u00fas d&#8217;aquesta xarxa social, de la informaci\u00f3 adquirida o accedida per o mitjan\u00e7ant aquesta xarxa, de virus inform\u00e0tics, de falls operatius o d&#8217;interrupcions en el servei o transmissi\u00f3, o falls en la l\u00ednia; l&#8217;\u00fas d&#8217;aquesta xarxa social, tant per connexi\u00f3 directa com per vincle o un altre mitj\u00e0, constitueix un av\u00eds a qualsevol usuari que aquestes possibilitats poden oc\u00f3rrer.<\/p>\n<p>CIRCUTOR no es fa responsable dels llocs web no propis als quals es pot accedir mitjan\u00e7ant vincles (enlla\u00e7os) des d&#8217;aquest perfil o de qualsevol contingut posat a la seva disposici\u00f3 per tercers.<\/p>\n<p>CIRCUTOR es reserva el dret de modificar, suspendre, cancel\u00b7lar o restringir el contingut d&#8217;aquest perfil, els vincles o la informaci\u00f3 obtinguda a trav\u00e9s del perfil, sense necessitat d\u2019av\u00eds previ.<\/p>\n<p>En el cas que us sorgeixin dubtes relacionades amb navegaci\u00f3, contingut i acc\u00e9s, si us plau, contacteu amb l&#8217;administrador del perfil.<\/p>\n<p>&nbsp;<\/p>\n<p><strong>CIRCUTOR, SAU<\/strong>[\/vc_column_text][\/vc_column][\/vc_row]<\/p>\n","protected":false},"excerpt":{"rendered":"<p>[vc_row][vc_column][vc_column_text] \u00das de xarxes socials Tots els perfils oficials de CIRCUTOR, SA en xarxes socials informen l&#8217;usuari sobre els seus termes i condicions d&#8217;\u00fas. Aquests termes es concreten en el document seg\u00fcent: CIRCUTOR ha creat aquesta p\u00e0gina en xarxes socials per escoltar-vos, informar-vos i perqu\u00e8 conegueu millor la nostra entitat. El seu objectiu principal \u00e9s [&hellip;]<\/p>\n","protected":false},"author":3,"featured_media":0,"parent":0,"menu_order":0,"comment_status":"closed","ping_status":"closed","template":"","meta":[],"acf":[],"yoast_head":"<!-- This site is optimized with the Yoast SEO plugin v19.4 - https:\/\/yoast.com\/wordpress\/plugins\/seo\/ -->\n<title>\u00das de xarxes socials - CIRCUTOR<\/title>\n<meta name=\"robots\" content=\"index, follow, max-snippet:-1, max-image-preview:large, max-video-preview:-1\" \/>\n<link rel=\"canonical\" href=\"https:\/\/circutor.com\/ca\/us-de-xarxes-socials\/\" \/>\n<meta property=\"og:locale\" content=\"ca_ES\" \/>\n<meta property=\"og:type\" content=\"article\" \/>\n<meta property=\"og:title\" content=\"\u00das de xarxes socials - CIRCUTOR\" \/>\n<meta property=\"og:description\" content=\"[vc_row][vc_column][vc_column_text] \u00das de xarxes socials Tots els perfils oficials de CIRCUTOR, SA en xarxes socials informen l&#8217;usuari sobre els seus termes i condicions d&#8217;\u00fas. Aquests termes es concreten en el document seg\u00fcent: CIRCUTOR ha creat aquesta p\u00e0gina en xarxes socials per escoltar-vos, informar-vos i perqu\u00e8 conegueu millor la nostra entitat. El seu objectiu principal \u00e9s [&hellip;]\" \/>\n<meta property=\"og:url\" content=\"https:\/\/circutor.com\/ca\/us-de-xarxes-socials\/\" \/>\n<meta property=\"og:site_name\" content=\"CIRCUTOR\" \/>\n<meta property=\"article:publisher\" content=\"https:\/\/www.facebook.com\/CIRCUTOR.ES\" \/>\n<meta property=\"article:modified_time\" content=\"2022-12-23T10:19:50+00:00\" \/>\n<meta property=\"og:image\" content=\"https:\/\/circutor.com\/wp-content\/uploads\/2022\/07\/Circutor_Logo_Color.png\" \/>\n\t<meta property=\"og:image:width\" content=\"1299\" \/>\n\t<meta property=\"og:image:height\" content=\"354\" \/>\n\t<meta property=\"og:image:type\" content=\"image\/png\" \/>\n<meta name=\"twitter:card\" content=\"summary_large_image\" \/>\n<meta name=\"twitter:site\" content=\"@circutor\" \/>\n<meta name=\"twitter:label1\" content=\"Temps estimat de lectura\" \/>\n\t<meta name=\"twitter:data1\" content=\"4 minuts\" \/>\n<script type=\"application\/ld+json\" class=\"yoast-schema-graph\">{\"@context\":\"https:\/\/schema.org\",\"@graph\":[{\"@type\":\"Organization\",\"@id\":\"https:\/\/circutor.com\/#organization\",\"name\":\"Circutor\",\"url\":\"https:\/\/circutor.com\/\",\"sameAs\":[\"https:\/\/www.instagram.com\/circutor_es\",\"https:\/\/www.linkedin.com\/company\/circutor\",\"https:\/\/www.youtube.com\/user\/CIRCUTORoficial\",\"https:\/\/www.facebook.com\/CIRCUTOR.ES\",\"https:\/\/twitter.com\/circutor\"],\"logo\":{\"@type\":\"ImageObject\",\"inLanguage\":\"ca\",\"@id\":\"https:\/\/circutor.com\/#\/schema\/logo\/image\/\",\"url\":\"https:\/\/circutor.com\/wp-content\/uploads\/2020\/09\/CIR_LOGO_RED.png\",\"contentUrl\":\"https:\/\/circutor.com\/wp-content\/uploads\/2020\/09\/CIR_LOGO_RED.png\",\"width\":512,\"height\":128,\"caption\":\"Circutor\"},\"image\":{\"@id\":\"https:\/\/circutor.com\/#\/schema\/logo\/image\/\"}},{\"@type\":\"WebSite\",\"@id\":\"https:\/\/circutor.com\/#website\",\"url\":\"https:\/\/circutor.com\/\",\"name\":\"CIRCUTOR\",\"description\":\"Soluciones para la eficiencia energ\u00e9tica el\u00e9ctrica\",\"publisher\":{\"@id\":\"https:\/\/circutor.com\/#organization\"},\"potentialAction\":[{\"@type\":\"SearchAction\",\"target\":{\"@type\":\"EntryPoint\",\"urlTemplate\":\"https:\/\/circutor.com\/?s={search_term_string}\"},\"query-input\":\"required name=search_term_string\"}],\"inLanguage\":\"ca\"},{\"@type\":\"WebPage\",\"@id\":\"https:\/\/circutor.com\/ca\/us-de-xarxes-socials\/\",\"url\":\"https:\/\/circutor.com\/ca\/us-de-xarxes-socials\/\",\"name\":\"\u00das de xarxes socials - CIRCUTOR\",\"isPartOf\":{\"@id\":\"https:\/\/circutor.com\/#website\"},\"datePublished\":\"2022-12-23T10:19:03+00:00\",\"dateModified\":\"2022-12-23T10:19:50+00:00\",\"breadcrumb\":{\"@id\":\"https:\/\/circutor.com\/ca\/us-de-xarxes-socials\/#breadcrumb\"},\"inLanguage\":\"ca\",\"potentialAction\":[{\"@type\":\"ReadAction\",\"target\":[\"https:\/\/circutor.com\/ca\/us-de-xarxes-socials\/\"]}]},{\"@type\":\"BreadcrumbList\",\"@id\":\"https:\/\/circutor.com\/ca\/us-de-xarxes-socials\/#breadcrumb\",\"itemListElement\":[{\"@type\":\"ListItem\",\"position\":1,\"name\":\"Portada\",\"item\":\"https:\/\/circutor.com\/ca\/\"},{\"@type\":\"ListItem\",\"position\":2,\"name\":\"\u00das de xarxes socials\"}]}]}<\/script>\n<!-- \/ Yoast SEO plugin. -->","yoast_head_json":{"title":"\u00das de xarxes socials - CIRCUTOR","robots":{"index":"index","follow":"follow","max-snippet":"max-snippet:-1","max-image-preview":"max-image-preview:large","max-video-preview":"max-video-preview:-1"},"canonical":"https:\/\/circutor.com\/ca\/us-de-xarxes-socials\/","og_locale":"ca_ES","og_type":"article","og_title":"\u00das de xarxes socials - CIRCUTOR","og_description":"[vc_row][vc_column][vc_column_text] \u00das de xarxes socials Tots els perfils oficials de CIRCUTOR, SA en xarxes socials informen l&#8217;usuari sobre els seus termes i condicions d&#8217;\u00fas. Aquests termes es concreten en el document seg\u00fcent: CIRCUTOR ha creat aquesta p\u00e0gina en xarxes socials per escoltar-vos, informar-vos i perqu\u00e8 conegueu millor la nostra entitat. El seu objectiu principal \u00e9s [&hellip;]","og_url":"https:\/\/circutor.com\/ca\/us-de-xarxes-socials\/","og_site_name":"CIRCUTOR","article_publisher":"https:\/\/www.facebook.com\/CIRCUTOR.ES","article_modified_time":"2022-12-23T10:19:50+00:00","og_image":[{"width":1299,"height":354,"url":"https:\/\/circutor.com\/wp-content\/uploads\/2022\/07\/Circutor_Logo_Color.png","type":"image\/png"}],"twitter_card":"summary_large_image","twitter_site":"@circutor","twitter_misc":{"Temps estimat de lectura":"4 minuts"},"schema":{"@context":"https:\/\/schema.org","@graph":[{"@type":"Organization","@id":"https:\/\/circutor.com\/#organization","name":"Circutor","url":"https:\/\/circutor.com\/","sameAs":["https:\/\/www.instagram.com\/circutor_es","https:\/\/www.linkedin.com\/company\/circutor","https:\/\/www.youtube.com\/user\/CIRCUTORoficial","https:\/\/www.facebook.com\/CIRCUTOR.ES","https:\/\/twitter.com\/circutor"],"logo":{"@type":"ImageObject","inLanguage":"ca","@id":"https:\/\/circutor.com\/#\/schema\/logo\/image\/","url":"https:\/\/circutor.com\/wp-content\/uploads\/2020\/09\/CIR_LOGO_RED.png","contentUrl":"https:\/\/circutor.com\/wp-content\/uploads\/2020\/09\/CIR_LOGO_RED.png","width":512,"height":128,"caption":"Circutor"},"image":{"@id":"https:\/\/circutor.com\/#\/schema\/logo\/image\/"}},{"@type":"WebSite","@id":"https:\/\/circutor.com\/#website","url":"https:\/\/circutor.com\/","name":"CIRCUTOR","description":"Soluciones para la eficiencia energ\u00e9tica el\u00e9ctrica","publisher":{"@id":"https:\/\/circutor.com\/#organization"},"potentialAction":[{"@type":"SearchAction","target":{"@type":"EntryPoint","urlTemplate":"https:\/\/circutor.com\/?s={search_term_string}"},"query-input":"required name=search_term_string"}],"inLanguage":"ca"},{"@type":"WebPage","@id":"https:\/\/circutor.com\/ca\/us-de-xarxes-socials\/","url":"https:\/\/circutor.com\/ca\/us-de-xarxes-socials\/","name":"\u00das de xarxes socials - CIRCUTOR","isPartOf":{"@id":"https:\/\/circutor.com\/#website"},"datePublished":"2022-12-23T10:19:03+00:00","dateModified":"2022-12-23T10:19:50+00:00","breadcrumb":{"@id":"https:\/\/circutor.com\/ca\/us-de-xarxes-socials\/#breadcrumb"},"inLanguage":"ca","potentialAction":[{"@type":"ReadAction","target":["https:\/\/circutor.com\/ca\/us-de-xarxes-socials\/"]}]},{"@type":"BreadcrumbList","@id":"https:\/\/circutor.com\/ca\/us-de-xarxes-socials\/#breadcrumb","itemListElement":[{"@type":"ListItem","position":1,"name":"Portada","item":"https:\/\/circutor.com\/ca\/"},{"@type":"ListItem","position":2,"name":"\u00das de xarxes socials"}]}]}},"_links":{"self":[{"href":"https:\/\/circutor.com\/ca\/wp-json\/wp\/v2\/pages\/27667"}],"collection":[{"href":"https:\/\/circutor.com\/ca\/wp-json\/wp\/v2\/pages"}],"about":[{"href":"https:\/\/circutor.com\/ca\/wp-json\/wp\/v2\/types\/page"}],"author":[{"embeddable":true,"href":"https:\/\/circutor.com\/ca\/wp-json\/wp\/v2\/users\/3"}],"replies":[{"embeddable":true,"href":"https:\/\/circutor.com\/ca\/wp-json\/wp\/v2\/comments?post=27667"}],"version-history":[{"count":0,"href":"https:\/\/circutor.com\/ca\/wp-json\/wp\/v2\/pages\/27667\/revisions"}],"wp:attachment":[{"href":"https:\/\/circutor.com\/ca\/wp-json\/wp\/v2\/media?parent=27667"}],"curies":[{"name":"wp","href":"https:\/\/api.w.org\/{rel}","templated":true}]}}