{"id":27640,"date":"2023-04-14T11:48:30","date_gmt":"2023-04-14T09:48:30","guid":{"rendered":"https:\/\/circutor.com\/?page_id=27640"},"modified":"2023-04-14T11:48:30","modified_gmt":"2023-04-14T09:48:30","slug":"innovacio","status":"publish","type":"page","link":"https:\/\/circutor.com\/ca\/empresa\/innovacio\/","title":{"rendered":"Innovaci\u00f3"},"content":{"rendered":"<p>[vc_row full_width=&#8221;stretch_row&#8221; el_class=&#8221;banner_pagina_texto&#8221; css=&#8221;.vc_custom_1649229176586{background-image: url(https:\/\/circutor.com\/wp-content\/uploads\/2022\/04\/FC_Circutor_2203_1582-1.jpg?id=17504) !important;background-position: center !important;background-repeat: no-repeat !important;background-size: cover !important;}&#8221;][vc_column css=&#8221;.vc_custom_1605620904006{padding-top: 0px !important;}&#8221;][vc_row_inner el_class=&#8221;breadcrumb&#8221;][vc_column_inner]<div itemscope itemtype=\"https:\/\/schema.org\/BreadcrumbList\" id=\"breadcrumb\"><div itemprop=\"itemListElement\" itemscope itemtype=\"https:\/\/schema.org\/ListItem\"><a itemprop=\"item\" href=\"https:\/\/circutor.com\/ca\/\"><span itemprop=\"name\">Home<\/span><\/a><meta itemprop=\"position\" content=\"1\" \/><\/div><div itemprop=\"itemListElement\" itemscope itemtype=\"https:\/\/schema.org\/ListItem\"><span><i class=\"ico-guil-singl-right\"><\/i><\/span><a itemprop=\"item\" href=\"https:\/\/circutor.com\/ca\/empresa\/\"><span itemprop=\"name\">Empresa<\/span><\/a><meta itemprop=\"position\" content=\"3\"><\/div><div itemprop=\"itemListElement\" itemscope itemtype=\"https:\/\/schema.org\/ListItem\"><span><i class=\"ico-guil-singl-right\"><\/i><\/span><span class=\"active_item_breadcrumb\" itemprop=\"name\">Innovaci\u00f3<\/span><meta itemprop=\"position\" content=\"4\"><\/div><\/div>[\/vc_column_inner][\/vc_row_inner][vc_row_inner][vc_column_inner width=&#8221;5\/12&#8243;][vc_column_text]<\/p>\n<h1>Innovaci\u00f3<\/h1>\n<p>A CIRCUTOR invertim els nostres recursos per anar un pas per davant i seguir innovant. Aix\u00ed donem forma als productes que dem\u00e0 seran solucions per a la vostra ind\u00fastria, oficina o casa.<br \/>\n[\/vc_column_text][\/vc_column_inner][vc_column_inner width=&#8221;7\/12&#8243;][\/vc_column_inner][\/vc_row_inner][\/vc_column][\/vc_row][vc_row el_id=&#8221;historia&#8221; el_class=&#8221;tangible_innovacion bloque&#8221;][vc_column width=&#8221;1\/2&#8243;][vc_images_carousel images=&#8221;17539,17518,17553,17483&#8243; img_size=&#8221;450&#215;300&#8243; onclick=&#8221;link_no&#8221; autoplay=&#8221;yes&#8221; hide_pagination_control=&#8221;yes&#8221; hide_prev_next_buttons=&#8221;yes&#8221; wrap=&#8221;yes&#8221;][\/vc_column][vc_column width=&#8221;1\/2&#8243;][vc_column_text el_class=&#8221;animacion_left&#8221;]<\/p>\n<h6 class=\"wrap-title\">TANGIBLE<\/h6>\n<h2>Recerca orientada a les necessitats del sector<\/h2>\n<p>Confiem en la innovaci\u00f3 que aporta solucions reals a necessitats actuals. Per aquest motiu, en el nostre proc\u00e9s habitual de recerca sempre est\u00e0 present la col\u00b7laboraci\u00f3. Escoltar per compartir punts de vista forma part essencial del nostre proc\u00e9s de creaci\u00f3 i del nostre dia a dia. [\/vc_column_text][\/vc_column][\/vc_row][vc_row disable_element=&#8221;yes&#8221;][vc_column][vc_column_text el_class=&#8221;animacion_left&#8221;]<\/p>\n<h6 class=\"wrap-title\">PROJECTES DE RECERCA<\/h6>\n<p>[\/vc_column_text][vc_row_inner][vc_column_inner width=\"1\/3\" el_class=\"item_actualidad_noticias\"]<div class=\"item general ofuscar_link\" data-url=\"https:\/\/circutor.com\/ca\/empresa\/innovacio\/\"><div class=\"imagen\"><img src=\"\" style=\"height:213px;object-fit: cover;\"><\/div><div class=\"details\" style=\"min-height: unset\"><p class=\"categoria small\" style=\"\">Llan\u00e7aments<\/p><h5 class=\"titulo\" style=\"display:-webkit-box;-webkit-line-clamp:3;-webkit-box-orient: vertical;overflow: hidden;text-overflow: ellipsis;\"><\/h5><\/div><\/div>[\/vc_column_inner][\/vc_row_inner][\/vc_column][\/vc_row][vc_row el_class=&#8221;bloque_cinco_innovacion bloque&#8221;][vc_column]<div id=\"bloque_dos\" data-vc-full-width=\"true\" data-vc-full-width-init=\"false\" data-vc-stretch-content=\"true\" class=\"vc_row wpb_row vc_row-fluid light_mode custom_css_69e4d6c874800 bloque_subsector fondo_gris_oscuro custom_css_69e4d6c874800 vc_row-has-fill vc_row-no-padding vc_row-o-equal-height vc_row-flex\"><div class=\"bloque_texto wpb_column vc_column_container vc_col-sm-6\"><div class=\"vc_column-inner\"><div class=\"wpb_wrapper\"><div class=\"vc_row wpb_row vc_inner vc_row-fluid\"><div class=\"wpb_column vc_column_container vc_col-sm-10\"><div class=\"vc_column-inner\"><div class=\"wpb_wrapper\"><h6 class=\"wrap-title\">+100 INGENIEROS<\/h6><h2>Gran equipo multidisciplinar dedicado en exclusiva a innovaci\u00f3n<\/h2><p>En nuestro gran equipo, somos m\u00e1s de 100 personas encargadas de dar forma a los productos que ma\u00f1ana ser\u00e1n soluciones para tu instalaci\u00f3n. En nuestro empe\u00f1o por crear soluciones \u00fatiles, la agilidad y sobretodo la calidad son nuestra prioridad, las cuales alcanzamos gracias a la diversidad e implicaci\u00f3n de nuestro equipo humano.<\/p><div class=\"boton_flecha\"><a class=\"boton_enlace tag_to_blog_new_func\" data-term=\"+100 ingenieros\" href=\"\"> <i class=\"ico-arrow-right\"><\/i><\/a><\/div><\/div><\/div><\/div><div class=\"wpb_column vc_column_container vc_col-sm-2\"><div class=\"vc_column-inner\"><div class=\"wpb_wrapper\"><\/div><\/div><\/div><\/div><\/div><\/div><\/div><div class=\"bloque_imagen wpb_column vc_column_container vc_col-sm-6 vc_col-has-fill\"><div class=\"vc_column-inner bloque2_img_no_reflejado34\"><div class=\"wpb_wrapper\"><\/div><\/div><\/div><\/div><div class=\"vc_row-full-width vc_clearfix\"><\/div><style type=\"text\/css\" data-type=\"vc_shortcodes-custom-css\">.custom_css_69e4d6c874800{background-color: #20262c !important;}.bloque2_img_no_reflejado34{background-image: url(https:\/\/circutor.com\/wp-content\/uploads\/2022\/04\/FC_Circutor_2203_1530-1.jpg) !important;background-position: center !important;background-repeat: no-repeat !important;background-size: cover !important;}<\/style>[\/vc_column][\/vc_row][vc_row el_id=&#8221;manifiesto&#8221; el_class=&#8221;bloque cultura_manifiesto futuro_innovacion&#8221;][vc_column][vc_row_inner][vc_column_inner][vc_column_text el_class=&#8221;animacion_left&#8221;]<\/p>\n<h6 class=\"wrap-title\">FUTUR<\/h6>\n<h2>Implicats en opcions de futur<\/h2>\n<p>Estem compromesos amb el futur del nostre sector i el de tots. Per aquest motiu, pensant tamb\u00e9 a llarg termini, ens impliquem en noves opcions com ara les energies renovables, la mobilitat el\u00e8ctrica o els sistemes de gesti\u00f3 de l&#8217;energia, per donar suport al desenvolupament de la nostra societat i el d&#8217;un sector energ\u00e8tic cada dia m\u00e9s eficient.[\/vc_column_text][\/vc_column_inner][\/vc_row_inner][vc_row_inner css=&#8221;.vc_custom_1605703498564{margin-top: 35px !important;}&#8221;][vc_column_inner][vc_images_carousel images=&#8221;15444,15473,7744&#8243; img_size=&#8221;large&#8221; onclick=&#8221;link_no&#8221; autoplay=&#8221;yes&#8221; hide_pagination_control=&#8221;yes&#8221; hide_prev_next_buttons=&#8221;yes&#8221; wrap=&#8221;yes&#8221; css_animation=&#8221;fadeIn&#8221;][\/vc_column_inner][\/vc_row_inner][\/vc_column][\/vc_row][vc_row][vc_column]<div id=\"bloque_cuatro\" data-vc-full-width=\"true\" data-vc-full-width-init=\"false\" class=\"vc_row wpb_row vc_row-fluid bloque_subsector fondo_gris_claro bloque4_subsector_color vc_row-has-fill\"><div class=\"wpb_column vc_column_container vc_col-sm-12\"><div class=\"vc_column-inner\"><div class=\"wpb_wrapper\"><div class=\"vc_row wpb_row vc_inner vc_row-fluid\"><div class=\"wpb_column vc_column_container vc_col-sm-3\"><div class=\"vc_column-inner\"><div class=\"wpb_wrapper\">\n\t<div  class=\"wpb_single_image wpb_content_element vc_align_left\">\n\t\t\n\t\t<figure class=\"wpb_wrapper vc_figure\">\n\t\t\t<div class=\"vc_single_image-wrapper   vc_box_border_grey\"><img width=\"600\" height=\"600\" src=\"https:\/\/circutor.com\/wp-content\/uploads\/2022\/04\/EQ_Reinversion_Innovacion.png\" class=\"vc_single_image-img attachment-full\" alt=\"\" loading=\"lazy\" title=\"EQ_Reinversion_Innovacion\" srcset=\"https:\/\/circutor.com\/wp-content\/uploads\/2022\/04\/EQ_Reinversion_Innovacion.png 600w, https:\/\/circutor.com\/wp-content\/uploads\/2022\/04\/EQ_Reinversion_Innovacion-300x300.png 300w, https:\/\/circutor.com\/wp-content\/uploads\/2022\/04\/EQ_Reinversion_Innovacion-150x150.png 150w, https:\/\/circutor.com\/wp-content\/uploads\/2022\/04\/EQ_Reinversion_Innovacion-192x192.png 192w\" sizes=\"(max-width: 600px) 100vw, 600px\" \/><\/div>\n\t\t<\/figure>\n\t<\/div>\n<\/div><\/div><\/div><div class=\"wpb_column vc_column_container vc_col-sm-1\"><div class=\"vc_column-inner\"><div class=\"wpb_wrapper\"><\/div><\/div><\/div><div class=\"wpb_column vc_column_container vc_col-sm-8\"><div class=\"vc_column-inner\"><div class=\"wpb_wrapper\">\n\t<div class=\"wpb_text_column wpb_content_element \" >\n\t\t<div class=\"wpb_wrapper\">\n\t\t\t<h6 class=\"wrap-title\">GESTI\u00d3N CIRCULAR<\/h6>\n<h2>Reinversi\u00f3n de beneficios<\/h2>\n<p>Creemos y estamos comprometidos con nuestro proyecto. Por esto damos prioridad a la continua reinversi\u00f3n en tecnolog\u00eda, innovaci\u00f3n y en nuestro equipo humano. Esta filosof\u00eda, basada en el rigor por la innovaci\u00f3n, nos ha llevado a descubrir incontables nuevas soluciones, algunas de ellas pioneras en el mercado.<\/p>\n\n\t\t<\/div>\n\t<\/div>\n<\/div><\/div><\/div><\/div><\/div><\/div><\/div><\/div><div class=\"vc_row-full-width vc_clearfix\"><\/div><style type=\"text\/css\" data-type=\"vc_shortcodes-custom-css\">.bloque4_subsector_color{background-color: #f3f4f5 !important;}<\/style>[\/vc_column][\/vc_row][vc_row el_class=&#8221;bloque empresa-pasando&#8221;][vc_column][vc_column_text el_class=&#8221;animacion_left&#8221;]<\/p>\n<h6 class=\"wrap-title\">M\u00c9S SOBRE NOSALTRES<\/h6>\n<p>[\/vc_column_text][vc_row_inner el_class=&#8221;cultura_bottom cultura_nosotros&#8221;][vc_column_inner width=&#8221;1\/3&#8243;][vc_raw_html]JTNDYSUyMGhyZWYlM0QlMjIlMkZjYSUyRmVtcHJlc2ElMkZjdWx0dXJhLWktdmFsb3JzJTJGJTIyJTNFJTBBJTNDZGl2JTIwY2xhc3MlM0QlMjJpdGVtJTIwZ2VuZXJhbCUyMGFuaW1hY2lvbl9jYWphJTIyJTNFJTBBJTBBJTNDZGl2JTIwY2xhc3MlM0QlMjJkZXRhaWxzJTIyJTNFJTBBJTNDaSUyMGNsYXNzJTNEJTIyaWNvLXZhbHVlcyUyMiUzRSUzQyUyRmklM0UlMEElM0NoNCUyMGNsYXNzJTNEJTIydGl0dWxvX3BhZ2UlMjBzbWFsbCUyMiUzRUN1bHR1cmElMjBpJTIwdmFsb3JzJTNDJTJGaDQlM0UlMEElM0NwJTIwY2xhc3MlM0QlMjJlbmxhY2UlMjIlM0VSYW9ucyUyMHBlciUyMGNvbXByYXIlMjBsZXMlMjBub3N0cmVzJTIwc29sdWNpb25zJTIwJTNDaSUyMGNsYXNzJTNEJTIyaWNvLWFycm93LXJpZ2h0JTIyJTNFJTNDJTJGaSUzRSUzQyUyRnAlM0UlMEElM0MlMkZkaXYlM0UlMEElMEElM0MlMkZkaXYlM0UlMEElM0MlMkZhJTNF[\/vc_raw_html][\/vc_column_inner][vc_column_inner width=&#8221;1\/3&#8243;][vc_raw_html]JTNDYSUyMGhyZWYlM0QlMjIlMkZjYSUyRmVtcHJlc2ElMkZtYXJjYS1jaXJjdXRvciUyRiUyMiUzRSUwQSUzQ2RpdiUyMGNsYXNzJTNEJTIyaXRlbSUyMGdlbmVyYWwlMjBhbmltYWNpb25fY2FqYSUyMiUzRSUwQSUwQSUzQ2RpdiUyMGNsYXNzJTNEJTIyZGV0YWlscyUyMiUzRSUwQSUzQ2klMjBzdHlsZSUzRCUyMmNvbG9yJTNBJTIwJTIzZTQwMDQwJTNCJTIyJTIwY2xhc3MlM0QlMjJpY28tY2lyY3V0b3ItdHJhZm8lMjIlM0UlM0MlMkZpJTNFJTBBJTNDaDQlMjBjbGFzcyUzRCUyMnRpdHVsb19wYWdlJTIwc21hbGwlMjIlM0VNYXJjYSUyMENJUkNVVE9SJTNDJTJGaDQlM0UlMEElM0NwJTIwY2xhc3MlM0QlMjJlbmxhY2UlMjIlM0VSYW9ucyUyMHBlciUyMGNvbXByYXIlMjBsZXMlMjBub3N0cmVzJTIwc29sdWNpb25zJTIwJTNDaSUyMGNsYXNzJTNEJTIyaWNvLWFycm93LXJpZ2h0JTIyJTNFJTNDJTJGaSUzRSUzQyUyRnAlM0UlMEElM0MlMkZkaXYlM0UlMEElMEElM0MlMkZkaXYlM0UlMEElM0MlMkZhJTNF[\/vc_raw_html][\/vc_column_inner][vc_column_inner el_class=&#8221;etica&#8221; width=&#8221;1\/3&#8243;][vc_raw_html]JTNDYSUyMGhyZWYlM0QlMjIlMkZjYSUyRmVtcHJlc2ElMkZjb21wcm9taXMlMkYlMjIlM0UlMEElM0NkaXYlMjBjbGFzcyUzRCUyMml0ZW0lMjBnZW5lcmFsJTIwYW5pbWFjaW9uX2NhamElMjIlM0UlMEElMEElM0NkaXYlMjBjbGFzcyUzRCUyMmRldGFpbHMlMjIlM0UlMEElM0NpJTIwY2xhc3MlM0QlMjJpY28tZ2xvYmUtbWVyaWRpYW5zJTIyJTIwc3R5bGUlM0QlMjJjb2xvciUzQXdoaXRlJTIyJTNFJTNDJTJGaSUzRSUwQSUzQ3AlMjBjbGFzcyUzRCUyMnRpdHVsb19wYWdlJTIwc21hbGwlMjIlM0VEZWNsYXJhY2klQzMlQjMlMjBkZSUyMGNvbXByb21pc29zJTIwaSUyMCVDMyVBOHRpY2ElMjBlbXByZXNhcmlhbCUzQyUyRnAlM0UlMEElM0MlMkZkaXYlM0UlMEElMEElM0MlMkZkaXYlM0UlMEElM0MlMkZhJTNF[\/vc_raw_html][\/vc_column_inner][\/vc_row_inner][\/vc_column][\/vc_row]<\/p>\n","protected":false},"excerpt":{"rendered":"HomeEmpresaInnovaci\u00f3 Innovaci\u00f3 A CIRCUTOR invertim els nostres recursos per anar un pas per davant i seguir innovant. Aix\u00ed donem forma als productes que dem\u00e0 seran solucions per a la vostra ind\u00fastria, oficina o casa. TANGIBLE Recerca orientada a les necessitats del sector Confiem en la innovaci\u00f3 que aporta solucions reals a necessitats actuals. Per aquest [...]","protected":false},"author":3,"featured_media":0,"parent":26997,"menu_order":0,"comment_status":"closed","ping_status":"closed","template":"","meta":[],"acf":[],"yoast_head":"<!-- This site is optimized with the Yoast SEO plugin v19.4 - https:\/\/yoast.com\/wordpress\/plugins\/seo\/ -->\n<title>Innovaci\u00f3 - CIRCUTOR<\/title>\n<meta name=\"robots\" content=\"index, follow, max-snippet:-1, max-image-preview:large, max-video-preview:-1\" \/>\n<link rel=\"canonical\" href=\"https:\/\/circutor.com\/ca\/empresa\/innovacio\/\" \/>\n<meta property=\"og:locale\" content=\"ca_ES\" \/>\n<meta property=\"og:type\" content=\"article\" \/>\n<meta property=\"og:title\" content=\"Innovaci\u00f3 - CIRCUTOR\" \/>\n<meta property=\"og:url\" content=\"https:\/\/circutor.com\/ca\/empresa\/innovacio\/\" \/>\n<meta property=\"og:site_name\" content=\"CIRCUTOR\" \/>\n<meta property=\"article:publisher\" content=\"https:\/\/www.facebook.com\/CIRCUTOR.ES\" \/>\n<meta property=\"og:image\" content=\"https:\/\/circutor.com\/wp-content\/uploads\/2022\/07\/Circutor_Logo_Color.png\" \/>\n\t<meta property=\"og:image:width\" content=\"1299\" \/>\n\t<meta property=\"og:image:height\" content=\"354\" \/>\n\t<meta property=\"og:image:type\" content=\"image\/png\" \/>\n<meta name=\"twitter:card\" content=\"summary_large_image\" \/>\n<meta name=\"twitter:site\" content=\"@circutor\" \/>\n<meta name=\"twitter:label1\" content=\"Temps estimat de lectura\" \/>\n\t<meta name=\"twitter:data1\" content=\"2 minuts\" \/>\n<script type=\"application\/ld+json\" class=\"yoast-schema-graph\">{\"@context\":\"https:\/\/schema.org\",\"@graph\":[{\"@type\":\"Organization\",\"@id\":\"https:\/\/circutor.com\/#organization\",\"name\":\"Circutor\",\"url\":\"https:\/\/circutor.com\/\",\"sameAs\":[\"https:\/\/www.instagram.com\/circutor_es\",\"https:\/\/www.linkedin.com\/company\/circutor\",\"https:\/\/www.youtube.com\/user\/CIRCUTORoficial\",\"https:\/\/www.facebook.com\/CIRCUTOR.ES\",\"https:\/\/twitter.com\/circutor\"],\"logo\":{\"@type\":\"ImageObject\",\"inLanguage\":\"ca\",\"@id\":\"https:\/\/circutor.com\/#\/schema\/logo\/image\/\",\"url\":\"https:\/\/circutor.com\/wp-content\/uploads\/2020\/09\/CIR_LOGO_RED.png\",\"contentUrl\":\"https:\/\/circutor.com\/wp-content\/uploads\/2020\/09\/CIR_LOGO_RED.png\",\"width\":512,\"height\":128,\"caption\":\"Circutor\"},\"image\":{\"@id\":\"https:\/\/circutor.com\/#\/schema\/logo\/image\/\"}},{\"@type\":\"WebSite\",\"@id\":\"https:\/\/circutor.com\/#website\",\"url\":\"https:\/\/circutor.com\/\",\"name\":\"CIRCUTOR\",\"description\":\"Soluciones para la eficiencia energ\u00e9tica el\u00e9ctrica\",\"publisher\":{\"@id\":\"https:\/\/circutor.com\/#organization\"},\"potentialAction\":[{\"@type\":\"SearchAction\",\"target\":{\"@type\":\"EntryPoint\",\"urlTemplate\":\"https:\/\/circutor.com\/?s={search_term_string}\"},\"query-input\":\"required name=search_term_string\"}],\"inLanguage\":\"ca\"},{\"@type\":\"WebPage\",\"@id\":\"https:\/\/circutor.com\/ca\/empresa\/innovacio\/\",\"url\":\"https:\/\/circutor.com\/ca\/empresa\/innovacio\/\",\"name\":\"Innovaci\u00f3 - CIRCUTOR\",\"isPartOf\":{\"@id\":\"https:\/\/circutor.com\/#website\"},\"datePublished\":\"2023-04-14T09:48:30+00:00\",\"dateModified\":\"2023-04-14T09:48:30+00:00\",\"breadcrumb\":{\"@id\":\"https:\/\/circutor.com\/ca\/empresa\/innovacio\/#breadcrumb\"},\"inLanguage\":\"ca\",\"potentialAction\":[{\"@type\":\"ReadAction\",\"target\":[\"https:\/\/circutor.com\/ca\/empresa\/innovacio\/\"]}]},{\"@type\":\"BreadcrumbList\",\"@id\":\"https:\/\/circutor.com\/ca\/empresa\/innovacio\/#breadcrumb\",\"itemListElement\":[{\"@type\":\"ListItem\",\"position\":1,\"name\":\"Portada\",\"item\":\"https:\/\/circutor.com\/ca\/\"},{\"@type\":\"ListItem\",\"position\":2,\"name\":\"Empresa\",\"item\":\"https:\/\/circutor.com\/ca\/empresa\/\"},{\"@type\":\"ListItem\",\"position\":3,\"name\":\"Innovaci\u00f3\"}]}]}<\/script>\n<!-- \/ Yoast SEO plugin. -->","yoast_head_json":{"title":"Innovaci\u00f3 - CIRCUTOR","robots":{"index":"index","follow":"follow","max-snippet":"max-snippet:-1","max-image-preview":"max-image-preview:large","max-video-preview":"max-video-preview:-1"},"canonical":"https:\/\/circutor.com\/ca\/empresa\/innovacio\/","og_locale":"ca_ES","og_type":"article","og_title":"Innovaci\u00f3 - CIRCUTOR","og_url":"https:\/\/circutor.com\/ca\/empresa\/innovacio\/","og_site_name":"CIRCUTOR","article_publisher":"https:\/\/www.facebook.com\/CIRCUTOR.ES","og_image":[{"width":1299,"height":354,"url":"https:\/\/circutor.com\/wp-content\/uploads\/2022\/07\/Circutor_Logo_Color.png","type":"image\/png"}],"twitter_card":"summary_large_image","twitter_site":"@circutor","twitter_misc":{"Temps estimat de lectura":"2 minuts"},"schema":{"@context":"https:\/\/schema.org","@graph":[{"@type":"Organization","@id":"https:\/\/circutor.com\/#organization","name":"Circutor","url":"https:\/\/circutor.com\/","sameAs":["https:\/\/www.instagram.com\/circutor_es","https:\/\/www.linkedin.com\/company\/circutor","https:\/\/www.youtube.com\/user\/CIRCUTORoficial","https:\/\/www.facebook.com\/CIRCUTOR.ES","https:\/\/twitter.com\/circutor"],"logo":{"@type":"ImageObject","inLanguage":"ca","@id":"https:\/\/circutor.com\/#\/schema\/logo\/image\/","url":"https:\/\/circutor.com\/wp-content\/uploads\/2020\/09\/CIR_LOGO_RED.png","contentUrl":"https:\/\/circutor.com\/wp-content\/uploads\/2020\/09\/CIR_LOGO_RED.png","width":512,"height":128,"caption":"Circutor"},"image":{"@id":"https:\/\/circutor.com\/#\/schema\/logo\/image\/"}},{"@type":"WebSite","@id":"https:\/\/circutor.com\/#website","url":"https:\/\/circutor.com\/","name":"CIRCUTOR","description":"Soluciones para la eficiencia energ\u00e9tica el\u00e9ctrica","publisher":{"@id":"https:\/\/circutor.com\/#organization"},"potentialAction":[{"@type":"SearchAction","target":{"@type":"EntryPoint","urlTemplate":"https:\/\/circutor.com\/?s={search_term_string}"},"query-input":"required name=search_term_string"}],"inLanguage":"ca"},{"@type":"WebPage","@id":"https:\/\/circutor.com\/ca\/empresa\/innovacio\/","url":"https:\/\/circutor.com\/ca\/empresa\/innovacio\/","name":"Innovaci\u00f3 - CIRCUTOR","isPartOf":{"@id":"https:\/\/circutor.com\/#website"},"datePublished":"2023-04-14T09:48:30+00:00","dateModified":"2023-04-14T09:48:30+00:00","breadcrumb":{"@id":"https:\/\/circutor.com\/ca\/empresa\/innovacio\/#breadcrumb"},"inLanguage":"ca","potentialAction":[{"@type":"ReadAction","target":["https:\/\/circutor.com\/ca\/empresa\/innovacio\/"]}]},{"@type":"BreadcrumbList","@id":"https:\/\/circutor.com\/ca\/empresa\/innovacio\/#breadcrumb","itemListElement":[{"@type":"ListItem","position":1,"name":"Portada","item":"https:\/\/circutor.com\/ca\/"},{"@type":"ListItem","position":2,"name":"Empresa","item":"https:\/\/circutor.com\/ca\/empresa\/"},{"@type":"ListItem","position":3,"name":"Innovaci\u00f3"}]}]}},"_links":{"self":[{"href":"https:\/\/circutor.com\/ca\/wp-json\/wp\/v2\/pages\/27640"}],"collection":[{"href":"https:\/\/circutor.com\/ca\/wp-json\/wp\/v2\/pages"}],"about":[{"href":"https:\/\/circutor.com\/ca\/wp-json\/wp\/v2\/types\/page"}],"author":[{"embeddable":true,"href":"https:\/\/circutor.com\/ca\/wp-json\/wp\/v2\/users\/3"}],"replies":[{"embeddable":true,"href":"https:\/\/circutor.com\/ca\/wp-json\/wp\/v2\/comments?post=27640"}],"version-history":[{"count":0,"href":"https:\/\/circutor.com\/ca\/wp-json\/wp\/v2\/pages\/27640\/revisions"}],"up":[{"embeddable":true,"href":"https:\/\/circutor.com\/ca\/wp-json\/wp\/v2\/pages\/26997"}],"wp:attachment":[{"href":"https:\/\/circutor.com\/ca\/wp-json\/wp\/v2\/media?parent=27640"}],"curies":[{"name":"wp","href":"https:\/\/api.w.org\/{rel}","templated":true}]}}