{"id":26997,"date":"2023-04-14T11:48:28","date_gmt":"2023-04-14T09:48:28","guid":{"rendered":"https:\/\/circutor.com\/?page_id=26997"},"modified":"2024-11-14T15:48:26","modified_gmt":"2024-11-14T13:48:26","slug":"empresa","status":"publish","type":"page","link":"https:\/\/circutor.com\/ca\/empresa\/","title":{"rendered":"Empresa"},"content":{"rendered":"<p>[vc_row full_width=&#8221;stretch_row&#8221; el_class=&#8221;banner_pagina_texto&#8221; css=&#8221;.vc_custom_1649154052545{background-image: url(https:\/\/circutor.com\/wp-content\/uploads\/2022\/04\/FC_Circutor_2203_2150-1.jpg?id=17875) !important;background-position: center !important;background-repeat: no-repeat !important;background-size: cover !important;}&#8221;][vc_column css=&#8221;.vc_custom_1605620904006{padding-top: 0px !important;}&#8221;][vc_row_inner el_class=&#8221;breadcrumb&#8221;][vc_column_inner]<div itemscope itemtype=\"https:\/\/schema.org\/BreadcrumbList\" id=\"breadcrumb\"><div itemprop=\"itemListElement\" itemscope itemtype=\"https:\/\/schema.org\/ListItem\"><a itemprop=\"item\" href=\"https:\/\/circutor.com\/ca\/\"><span itemprop=\"name\">Home<\/span><\/a><meta itemprop=\"position\" content=\"1\" \/><\/div><div itemprop=\"itemListElement\" itemscope itemtype=\"https:\/\/schema.org\/ListItem\"><span><i class=\"ico-guil-singl-right\"><\/i><\/span><span class=\"active_item_breadcrumb\" itemprop=\"name\">Empresa<\/span><meta itemprop=\"position\" content=\"3\"><\/div><\/div>[\/vc_column_inner][\/vc_row_inner][vc_row_inner][vc_column_inner width=&#8221;5\/12&#8243;][vc_column_text]<\/p>\n<h1>Efici\u00e8ncia, el nostre estil de vida<\/h1>\n<p>A CIRCUTOR desenvolupem solucions integrals per a l&#8217;efici\u00e8ncia energ\u00e8tica aplicables a un gran nombre de sectors: generaci\u00f3, ind\u00fastria, sector terciari i fins i tot dom\u00e8stic. Estem presents de principi a fi.[\/vc_column_text][\/vc_column_inner][vc_column_inner width=&#8221;7\/12&#8243;][\/vc_column_inner][\/vc_row_inner][\/vc_column][\/vc_row][vc_row el_class=&#8221;empresa-que-hacemos bloque page_empresa&#8221;][vc_column width=&#8221;10\/12&#8243;][vc_column_text el_class=&#8221;animacion_left&#8221;]<\/p>\n<h6 class=\"wrap-title\">QU\u00c8 FEM<\/h6>\n<h2>Desenvolupament de la tecnologia per oferir productes i solucions integrals al m\u00f3n de l&#8217;efici\u00e8ncia energ\u00e8tica el\u00e8ctrica.<\/h2>\n<p><a class=\"boton_enlace\" href=\"\/productos\">Exploreu els nostres productes <i class=\"ico-arrow-right\"><\/i><\/a>[\/vc_column_text][\/vc_column][vc_column width=&#8221;2\/12&#8243;][\/vc_column][\/vc_row][vc_row el_class=&#8221;bloque empresa-como-lo-hacemos&#8221;][vc_column][vc_column_text el_class=&#8221;animacion_left&#8221;]<\/p>\n<h6 class=\"wrap-title\">COM HO FEM<\/h6>\n<p>[\/vc_column_text][vc_row_inner][vc_column_inner width=&#8221;1\/3&#8243;][vc_raw_html]JTNDYSUyMGhyZWYlM0QlMjIlMkZjYSUyRmVtcHJlc2ElMkZjdWx0dXJhLWktdmFsb3JzJTJGJTIyJTNFJTBBJTNDZGl2JTIwY2xhc3MlM0QlMjJpdGVtJTIwZ2VuZXJhbCUyMGFuaW1hY2lvbl9jYWphJTIyJTNFJTBBJTBBJTNDZGl2JTIwY2xhc3MlM0QlMjJpbWFnZW4tYm9yZGUlMjIlM0UlMEElM0NpbWclMjBzcmMlM0QlMjIlMkZ3cC1jb250ZW50JTJGdXBsb2FkcyUyRjIwMjIlMkYwNCUyRkZDX0NpcmN1dG9yXzIyMDNfMTcyMC0xLmpwZyUyMiUzRSUwQSUzQyUyRmRpdiUzRSUwQSUwQSUzQ2RpdiUyMGNsYXNzJTNEJTIyZGV0YWlscyUyMiUzRSUwQSUzQ2gzJTIwY2xhc3MlM0QlMjJ0aXR1bG9fcGFnZSUyMHNtYWxsJTIyJTNFQ3VsdHVyYSUyMGklMjB2YWxvcnMlM0MlMkZoMyUzRSUwQSUzQ3AlMjBjbGFzcyUzRCUyMmVubGFjZSUyMiUzRURlc2NvYnJpdSUyMGRlJTIwcXVpbmElMjBtYW5lcmElMjBlbnRlbmVtJTIwZWwlMjBub3N0cmUlMjBtJUMzJUIzbiUyMCUzQ2klMjBjbGFzcyUzRCUyMmljby1hcnJvdy1yaWdodCUyMiUzRSUzQyUyRmklM0UlM0MlMkZwJTNFJTBBJTNDJTJGZGl2JTNFJTBBJTBBJTNDJTJGZGl2JTNFJTBBJTNDJTJGYSUzRQ==[\/vc_raw_html][\/vc_column_inner][vc_column_inner width=&#8221;1\/3&#8243;][vc_raw_html]JTNDYSUyMGhyZWYlM0QlMjIlMkZjYSUyRmVtcHJlc2ElMkZtYXJjYS1jaXJjdXRvciUyRiUyMiUzRSUwQSUzQ2RpdiUyMGNsYXNzJTNEJTIyaXRlbSUyMGdlbmVyYWwlMjBhbmltYWNpb25fY2FqYSUyMiUzRSUwQSUwQSUzQ2RpdiUyMGNsYXNzJTNEJTIyaW1hZ2VuLWJvcmRlJTIyJTNFJTBBJTNDaW1nJTIwc3JjJTNEJTIyJTJGd3AtY29udGVudCUyRnVwbG9hZHMlMkYyMDIyJTJGMDQlMkZGQ19DaXJjdXRvcl8yMjAzXzEzNjItMS5qcGclMjIlM0UlMEElM0MlMkZkaXYlM0UlMEElMEElM0NkaXYlMjBjbGFzcyUzRCUyMmRldGFpbHMlMjIlM0UlMEElM0NoMyUyMGNsYXNzJTNEJTIydGl0dWxvX3BhZ2UlMjBzbWFsbCUyMiUzRU1hcmNhJTIwQ0lSQ1VUT1IlM0MlMkZoMyUzRSUwQSUzQ3AlMjBjbGFzcyUzRCUyMmVubGFjZSUyMiUzRVVzJTIwbW9zdHJlbSUyMHBlcnF1JUMzJUE4JTIwbGElMjBub3N0cmElMjBtYXJjYSUyMCVDMyVBOXMlMjByZWNvbmVndWRhJTIwZW4lMjBlbCUyMG1lcmNhdCUyMCUzQ2klMjBjbGFzcyUzRCUyMmljby1hcnJvdy1yaWdodCUyMiUzRSUzQyUyRmklM0UlM0MlMkZwJTNFJTBBJTNDJTJGZGl2JTNFJTBBJTBBJTNDJTJGZGl2JTNFJTBBJTNDJTJGYSUzRQ==[\/vc_raw_html][\/vc_column_inner][vc_column_inner width=&#8221;1\/3&#8243;][vc_raw_html]JTNDYSUyMGhyZWYlM0QlMjIlMkZjYSUyRmVtcHJlc2ElMkZpbm5vdmFjaW8lMkYlMjIlM0UlMEElM0NkaXYlMjBjbGFzcyUzRCUyMml0ZW0lMjBnZW5lcmFsJTIwYW5pbWFjaW9uX2NhamElMjIlM0UlMEElMEElM0NkaXYlMjBjbGFzcyUzRCUyMmltYWdlbi1ib3JkZSUyMiUzRSUwQSUzQ2ltZyUyMHNyYyUzRCUyMiUyRndwLWNvbnRlbnQlMkZ1cGxvYWRzJTJGMjAyMiUyRjA0JTJGRkNfQ2lyY3V0b3JfMjIwM18xNTgxLTEuanBnJTIyJTNFJTBBJTNDJTJGZGl2JTNFJTBBJTBBJTNDZGl2JTIwY2xhc3MlM0QlMjJkZXRhaWxzJTIyJTNFJTBBJTNDaDMlMjBjbGFzcyUzRCUyMnRpdHVsb19wYWdlJTIwc21hbGwlMjIlM0VJbm5vdmFjaSVDMyVCMyUzQyUyRmgzJTNFJTBBJTNDcCUyMGNsYXNzJTNEJTIyZW5sYWNlJTIyJTNFUHJvamVjdGVzJTIwaSUyMG5vdCVDMyVBRGNpZXMlMjAlM0NpJTIwY2xhc3MlM0QlMjJpY28tYXJyb3ctcmlnaHQlMjIlM0UlM0MlMkZpJTNFJTNDJTJGcCUzRSUwQSUzQyUyRmRpdiUzRSUwQSUwQSUzQyUyRmRpdiUzRSUwQSUzQyUyRmElM0U=[\/vc_raw_html][\/vc_column_inner][\/vc_row_inner][\/vc_column][\/vc_row][vc_row el_class=&#8221;empresa-como-lo-hacemos-bottom&#8221;][vc_column width=&#8221;2\/3&#8243;][vc_raw_html el_class=&#8221;hacemos_equipo&#8221;]JTNDYSUyMGhyZWYlM0QlMjIlMkZjYSUyRmVtcHJlc2ElMkZmZWluYSUyRiUyMiUzRSUwQSUzQ2RpdiUyMGNsYXNzJTNEJTIyaXRlbSUyMGRlc3RhY2FkYSUyMGFuaW1hY2lvbl9jYWphJTIyJTIwc3R5bGUlM0QlMjJiYWNrZ3JvdW5kLWltYWdlJTNBJTIwbGluZWFyLWdyYWRpZW50JTI4dG8lMjByaWdodCUyQyUyMHJnYiUyODMyJTJDJTIwMzglMkMlMjA0NCUyQyUyMDAuODUlMjklMkMlMjByZ2IlMjgzMiUyQyUyMDM4JTJDJTIwNDQlMkMlMjAwJTI5JTIwNjYlMjUlMjAxMDAlMjUlMjklMkMlMjB1cmwlMjglMjclMkZ3cC1jb250ZW50JTJGdXBsb2FkcyUyRjIwMjIlMkYwNCUyRkZDX0NpcmN1dG9yXzIyMDNfMTg0OS0xLWUxNjQ5MTUxMzQ3NjUzLmpwZyUyNyUyOSUzQiUyMGJhY2tncm91bmQtcmVwZWF0JTNBbm8tcmVwZWF0JTNCJTIwYmFja2dyb3VuZC1zaXplJTNBY292ZXIlM0IlMjIlM0UlMEElM0NwJTIwY2xhc3MlM0QlMjJ0aXR1bG8lMjIlM0VVbml1LXZvcyUyMGFsJTIwbm9zdHJlJTIwZXF1aXAlM0MlMkZwJTNFJTBBJTNDcCUyMGNsYXNzJTNEJTIyZW5sYWNlJTIyJTNFRm9ybWV1JTIwcGFydCUyMGRlbCUyMGZ1dHVyJTIwJTNDYnIlM0VkZSUyMGwlMjdlZmljaSVDMyVBOG5jaWElMjBlbmVyZyVDMyVBOHRpY2ElMjAlM0NpJTIwY2xhc3MlM0QlMjJpY28tYXJyb3ctcmlnaHQlMjIlM0UlM0MlMkZpJTNFJTNDJTJGcCUzRSUwQSUzQyUyRmRpdiUzRSUwQSUzQyUyRmElM0UlMEElMEE=[\/vc_raw_html][\/vc_column][vc_column width=&#8221;1\/3&#8243;][vc_row_inner][vc_column_inner][vc_raw_html]JTNDYSUyMGhyZWYlM0QlMjIlMkZjYSUyRmVtcHJlc2ElMkZjb21wcm9taXMlMkYlMjIlM0UlMEElMEElM0NkaXYlMjBjbGFzcyUzRCUyMmFuaW1hY2lvbl9jYWphJTIwaXRlbV9jb21wcm9taXNvJTIyJTNFJTBBJTNDaSUyMGNsYXNzJTNEJTIyaWNvLWdsb2JlLW1lcmlkaWFucyUyMiUzRSUzQyUyRmklM0UlMEElM0NwJTIwY2xhc3MlM0QlMjJ0aXR1bG8lMjIlM0VEZWNsYXJhY2klQzMlQjMlMjBkZSUyMGNvbXByb21pc29zJTIwaSUyMCVDMyVBOHRpY2ElMjBlbXByZXNhcmlhbCUzQyUyRnAlM0UlMEElM0MlMkZkaXYlM0UlMEElMEElM0MlMkZhJTNF[\/vc_raw_html][\/vc_column_inner][\/vc_row_inner][vc_row_inner][vc_column_inner el_class=&#8221;redes_sociales&#8221;][vc_raw_html]JTNDZGl2JTIwY2xhc3MlM0QlMjJpdGVtX2NvbmVjdGElMjIlM0UlMEElMEElM0NwJTIwY2xhc3MlM0QlMjJ0aXR1bG8lMjIlM0VDb25uZWN0ZXUlMjBhbWIlMjBub3NhbHRyZXMlM0MlMkZwJTNFJTBBJTNDcCUzRSUwQSUzQ2ElMjBocmVmJTNEJTIyaHR0cHMlM0ElMkYlMkZ3d3cuZmFjZWJvb2suY29tJTJGQ0lSQ1VUT1IuRVMlMjIlMjB0YXJnZXQlM0QlMjJfYmxhbmslMjIlM0UlM0NpbWclMjBzcmMlM0QlMjIlMkZ3cC1jb250ZW50JTJGdXBsb2FkcyUyRjIwMjAlMkYwOSUyRkljb25zX1JSU1NfV2ViX0ZhY2Vib29rX0NvbG9yLnN2ZyUyMiUzRSUzQyUyRmElM0UlMEElM0NhJTIwaHJlZiUzRCUyMmh0dHBzJTNBJTJGJTJGd3d3LmxpbmtlZGluLmNvbSUyRmNvbXBhbnklMkZjaXJjdXRvciUyMiUyMHRhcmdldCUzRCUyMl9ibGFuayUyMiUzRSUzQ2ltZyUyMHNyYyUzRCUyMiUyRndwLWNvbnRlbnQlMkZ1cGxvYWRzJTJGMjAyMCUyRjA5JTJGSWNvbnNfUlJTU19XZWJfTGlua2VkSW5fQ29sb3Iuc3ZnJTIyJTNFJTNDJTJGYSUzRSUwQSUzQ2ElMjBocmVmJTNEJTIyaHR0cHMlM0ElMkYlMkZ0d2l0dGVyLmNvbSUyRmNpcmN1dG9yJTIyJTIwdGFyZ2V0JTNEJTIyX2JsYW5rJTIyJTNFJTNDaW1nJTIwc3JjJTNEJTIyJTJGd3AtY29udGVudCUyRnVwbG9hZHMlMkYyMDI0JTJGMDElMkZJY29uc19SUlNTX1dlYl9YX0NvbG9yLTIuc3ZnJTIyJTNFJTNDJTJGYSUzRSUwQSUzQ2ElMjBocmVmJTNEJTIyaHR0cHMlM0ElMkYlMkZ3d3cueW91dHViZS5jb20lMkZjaGFubmVsJTJGVUN2UHExckhZS2dtUTFXcnFNNmJjWmZBJTIyJTIwdGFyZ2V0JTNEJTIyX2JsYW5rJTIyJTNFJTNDaW1nJTIwc3JjJTNEJTIyJTJGd3AtY29udGVudCUyRnVwbG9hZHMlMkYyMDIwJTJGMDklMkZJY29uc19SUlNTX1dlYl9Zb3VUdWJlX0NvbG9yLnN2ZyUyMiUzRSUzQyUyRmElM0UlMEElM0MlMkZwJTNFJTBBJTBBJTNDJTJGZGl2JTNF[\/vc_raw_html][\/vc_column_inner][\/vc_row_inner][\/vc_column][\/vc_row][vc_row full_width=&#8221;stretch_row&#8221; css=&#8221;.vc_custom_1615879299866{background-color: #f3f4f5 !important;}&#8221; el_class=&#8221;destacado_sede_empresa&#8221;][vc_column width=&#8221;1\/3&#8243;][vc_column_text]<\/p>\n<h6 class=\"wrap-title\">SEU CENTRAL<\/h6>\n<p>[\/vc_column_text][vc_raw_html el_class=&#8221;logo&#8221;]JTNDaSUyMGNsYXNzJTNEJTIyaWNvLWNpcmN1dG9yJTIyJTNFJTNDJTJGaSUzRQ==[\/vc_raw_html][vc_column_text el_id=&#8221;info_contacto&#8221; el_class=&#8221;info_contacto&#8221;]Vial Sant Jordi s \/ n<br \/>\n08232 Viladecavalls<br \/>\n(Barcelona) Espanya[\/vc_column_text][vc_raw_html el_class=&#8221;iconos_contacto&#8221;]JTNDcCUzRSUzQ2klMjBjbGFzcyUzRCUyMmljby10ZWxlcGhvbmUlMjIlM0UlM0MlMkZpJTNFJTIwJTI4JTJCMzQlMjklMjA5MzclMjA0NTIlMjA5MDAlMjAlM0MlMkZwJTNFJTBBJTNDcCUzRSUzQ2klMjBjbGFzcyUzRCUyMmljby1wcmludGVyJTIyJTNFJTNDJTJGaSUzRSUyMCUyOCUyQjM0JTI5JTIwOTM3JTIwNDUyJTIwOTE0JTIwJTNDJTJGcCUzRSUwQSUzQ3AlM0UlM0NpJTIwY2xhc3MlM0QlMjJpY28tZW52ZWxvcGUlMjIlM0UlM0MlMkZpJTNFJTIwY2VudHJhbCU0MGNpcmN1dG9yLmNvbSUyMCUzQyUyRnAlM0U=[\/vc_raw_html][vc_gmaps link=&#8221;#E-8_JTNDaWZyYW1lJTIwc3JjJTNEJTIyaHR0cHMlM0ElMkYlMkZ3d3cuZ29vZ2xlLmNvbSUyRm1hcHMlMkZlbWJlZCUzRnBiJTNEJTIxMW0xOCUyMTFtMTIlMjExbTMlMjExZDI5ODUuMzgwNjg4MjgwNDM3NCUyMTJkMS45NTkwNDUwMTU3MzA3Mzg2JTIxM2Q0MS41NjEwMDQ3OTMxNzYzMyUyMTJtMyUyMTFmMCUyMTJmMCUyMTNmMCUyMTNtMiUyMTFpMTAyNCUyMTJpNzY4JTIxNGYxMy4xJTIxM20zJTIxMW0yJTIxMXMweDEyYTQ4ZDFhNTZhZmUwZjUlMjUzQTB4Y2FjN2Y4MGI3YjA2ODM3OCUyMTJzQ2lyY3V0b3IlMjE1ZTAlMjEzbTIlMjExc2VzJTIxMnNlcyUyMTR2MTYxNTg3OTAxNjYzOCUyMTVtMiUyMTFzZXMlMjEyc2VzJTIyJTIwd2lkdGglM0QlMjIyNDAlMjIlMjBoZWlnaHQlM0QlMjIxMzUlMjIlMjBzdHlsZSUzRCUyMmJvcmRlciUzQTAlM0IlMjIlMjBhbGxvd2Z1bGxzY3JlZW4lM0QlMjIlMjIlMjBsb2FkaW5nJTNEJTIybGF6eSUyMiUzRSUzQyUyRmlmcmFtZSUzRQ==&#8221; el_class=&#8221;mapa&#8221;][\/vc_column][vc_column width=&#8221;2\/3&#8243;][vc_single_image image=&#8221;15625&#8243; img_size=&#8221;full&#8221;][\/vc_column][\/vc_row][vc_row el_class=&#8221;bloque empresa-pasando empresa_abajo&#8221;][vc_column][vc_column_text el_class=&#8221;animacion_left&#8221;]<\/p>\n<h6 class=\"wrap-title\">QU\u00c8 EST\u00c0 PASSANT<\/h6>\n<p>[\/vc_column_text][vc_row_inner][vc_column_inner width=&#8221;1\/3&#8243;][vc_raw_html]JTNDYSUyMGhyZWYlM0QlMjIlMkZjYSUyRmVtcHJlc2ElMkZhY3R1YWxpdGF0JTJGJTIyJTNFJTBBJTNDZGl2JTIwY2xhc3MlM0QlMjJpdGVtJTIwZ2VuZXJhbCUyMGFuaW1hY2lvbl9jYWphJTIyJTNFJTBBJTBBJTNDZGl2JTIwY2xhc3MlM0QlMjJkZXRhaWxzJTIyJTNFJTBBJTNDaSUyMGNsYXNzJTNEJTIyaWNvLW5ld3NwYXBlciUyMiUzRSUzQyUyRmklM0UlMEElM0NoMyUyMGNsYXNzJTNEJTIydGl0dWxvX3BhZ2UlMjBzbWFsbCUyMiUzRU5vdCVDMyVBRGNpZXMlM0MlMkZoMyUzRSUwQSUzQ3AlMjBjbGFzcyUzRCUyMmVubGFjZSUyMiUzRUFjdHVhbGl0YXQlMjBkZWwlMjBzZWN0b3IlMjAlM0NpJTIwY2xhc3MlM0QlMjJpY28tYXJyb3ctcmlnaHQlMjIlM0UlM0MlMkZpJTNFJTNDJTJGcCUzRSUwQSUzQyUyRmRpdiUzRSUwQSUwQSUzQyUyRmRpdiUzRSUwQSUzQyUyRmElM0U=[\/vc_raw_html][\/vc_column_inner][vc_column_inner width=&#8221;1\/3&#8243;][vc_raw_html]JTNDYSUyMGhyZWYlM0QlMjIlMkZjYSUyRmVtcHJlc2ElMkZhY3R1YWxpdGF0JTJGJTIyJTNFJTBBJTNDZGl2JTIwY2xhc3MlM0QlMjJpdGVtJTIwZ2VuZXJhbCUyMGFuaW1hY2lvbl9jYWphJTIyJTNFJTBBJTBBJTNDZGl2JTIwY2xhc3MlM0QlMjJkZXRhaWxzJTIyJTNFJTBBJTNDaSUyMGNsYXNzJTNEJTIyaWNvLWFmdGVyLXNhbGVzJTIyJTNFJTNDJTJGaSUzRSUwQSUzQ2gzJTIwY2xhc3MlM0QlMjJ0aXR1bG9fcGFnZSUyMHNtYWxsJTIyJTNFTm92ZXRhdHMlM0MlMkZoMyUzRSUwQSUzQ3AlMjBjbGFzcyUzRCUyMmVubGFjZSUyMiUzRUVscyUyMG5vc3RyZXMlMjBkYXJyZXJzJTIwbGxhbiVDMyVBN2FtZW50cyUyMCUzQ2klMjBjbGFzcyUzRCUyMmljby1hcnJvdy1yaWdodCUyMiUzRSUzQyUyRmklM0UlM0MlMkZwJTNFJTBBJTNDJTJGZGl2JTNFJTBBJTBBJTNDJTJGZGl2JTNFJTBBJTNDJTJGYSUzRQ==[\/vc_raw_html][\/vc_column_inner][vc_column_inner width=&#8221;1\/3&#8243;][vc_raw_html]JTNDYSUyMGhyZWYlM0QlMjIlMkZjYSUyRnN1cG9ydCUyRmZvcm1hY2lvJTJGJTIyJTNFJTBBJTNDZGl2JTIwY2xhc3MlM0QlMjJpdGVtJTIwZ2VuZXJhbCUyMGFuaW1hY2lvbl9jYWphJTIyJTNFJTBBJTBBJTNDZGl2JTIwY2xhc3MlM0QlMjJkZXRhaWxzJTIyJTNFJTBBJTNDaSUyMGNsYXNzJTNEJTIyaWNvLWdyYWR1YXRpb24tY2FwJTIyJTNFJTNDJTJGaSUzRSUwQSUzQ2gzJTIwY2xhc3MlM0QlMjJ0aXR1bG9fcGFnZSUyMHNtYWxsJTIyJTNFRm9ybWFjaSVDMyVCMyUzQyUyRmgzJTNFJTBBJTNDcCUyMGNsYXNzJTNEJTIyZW5sYWNlJTIyJTNFRm9ybWV1JTIwcGFydCUyMGRlbHMlMjBwcm9wZXJzJTIwJTNDaSUyMGNsYXNzJTNEJTIyaWNvLWFycm93LXJpZ2h0JTIyJTNFJTNDJTJGaSUzRSUzQyUyRnAlM0UlMEElM0MlMkZkaXYlM0UlMEElMEElM0MlMkZkaXYlM0UlMEElM0MlMkZhJTNF[\/vc_raw_html][\/vc_column_inner][\/vc_row_inner][\/vc_column][\/vc_row]<\/p>\n","protected":false},"excerpt":{"rendered":"<p>[vc_row full_width=&#8221;stretch_row&#8221; el_class=&#8221;banner_pagina_texto&#8221; css=&#8221;.vc_custom_1649154052545{background-image: url(https:\/\/circutor.com\/wp-content\/uploads\/2022\/04\/FC_Circutor_2203_2150-1.jpg?id=17875) !important;background-position: center !important;background-repeat: no-repeat !important;background-size: cover !important;}&#8221;][vc_column css=&#8221;.vc_custom_1605620904006{padding-top: 0px !important;}&#8221;][vc_row_inner el_class=&#8221;breadcrumb&#8221;][vc_column_inner][\/vc_column_inner][\/vc_row_inner][vc_row_inner][vc_column_inner width=&#8221;5\/12&#8243;][vc_column_text] Efici\u00e8ncia, el nostre estil de vida A CIRCUTOR desenvolupem solucions integrals per a l&#8217;efici\u00e8ncia energ\u00e8tica aplicables a un gran nombre de sectors: generaci\u00f3, ind\u00fastria, sector terciari i fins i tot dom\u00e8stic. Estem presents de principi a fi.[\/vc_column_text][\/vc_column_inner][vc_column_inner width=&#8221;7\/12&#8243;][\/vc_column_inner][\/vc_row_inner][\/vc_column][\/vc_row][vc_row [&hellip;]<\/p>\n","protected":false},"author":3,"featured_media":0,"parent":0,"menu_order":0,"comment_status":"closed","ping_status":"closed","template":"","meta":[],"acf":[],"yoast_head":"<!-- This site is optimized with the Yoast SEO plugin v19.4 - https:\/\/yoast.com\/wordpress\/plugins\/seo\/ -->\n<title>Empresa - CIRCUTOR<\/title>\n<meta name=\"robots\" content=\"index, follow, max-snippet:-1, max-image-preview:large, max-video-preview:-1\" \/>\n<link rel=\"canonical\" href=\"https:\/\/circutor.com\/ca\/empresa\/\" \/>\n<meta property=\"og:locale\" content=\"ca_ES\" \/>\n<meta property=\"og:type\" content=\"article\" \/>\n<meta property=\"og:title\" content=\"Empresa - CIRCUTOR\" \/>\n<meta property=\"og:description\" content=\"[vc_row full_width=&#8221;stretch_row&#8221; el_class=&#8221;banner_pagina_texto&#8221; css=&#8221;.vc_custom_1649154052545{background-image: url(https:\/\/circutor.com\/wp-content\/uploads\/2022\/04\/FC_Circutor_2203_2150-1.jpg?id=17875) !important;background-position: center !important;background-repeat: no-repeat !important;background-size: cover !important;}&#8221;][vc_column css=&#8221;.vc_custom_1605620904006{padding-top: 0px !important;}&#8221;][vc_row_inner el_class=&#8221;breadcrumb&#8221;][vc_column_inner][\/vc_column_inner][\/vc_row_inner][vc_row_inner][vc_column_inner width=&#8221;5\/12&#8243;][vc_column_text] Efici\u00e8ncia, el nostre estil de vida A CIRCUTOR desenvolupem solucions integrals per a l&#8217;efici\u00e8ncia energ\u00e8tica aplicables a un gran nombre de sectors: generaci\u00f3, ind\u00fastria, sector terciari i fins i tot dom\u00e8stic. Estem presents de principi a fi.[\/vc_column_text][\/vc_column_inner][vc_column_inner width=&#8221;7\/12&#8243;][\/vc_column_inner][\/vc_row_inner][\/vc_column][\/vc_row][vc_row [&hellip;]\" \/>\n<meta property=\"og:url\" content=\"https:\/\/circutor.com\/ca\/empresa\/\" \/>\n<meta property=\"og:site_name\" content=\"CIRCUTOR\" \/>\n<meta property=\"article:publisher\" content=\"https:\/\/www.facebook.com\/CIRCUTOR.ES\" \/>\n<meta property=\"article:modified_time\" content=\"2024-11-14T13:48:26+00:00\" \/>\n<meta property=\"og:image\" content=\"https:\/\/circutor.com\/wp-content\/uploads\/2022\/07\/Circutor_Logo_Color.png\" \/>\n\t<meta property=\"og:image:width\" content=\"1299\" \/>\n\t<meta property=\"og:image:height\" content=\"354\" \/>\n\t<meta property=\"og:image:type\" content=\"image\/png\" \/>\n<meta name=\"twitter:card\" content=\"summary_large_image\" \/>\n<meta name=\"twitter:site\" content=\"@circutor\" \/>\n<meta name=\"twitter:label1\" content=\"Temps estimat de lectura\" \/>\n\t<meta name=\"twitter:data1\" content=\"1 minut\" \/>\n<script type=\"application\/ld+json\" class=\"yoast-schema-graph\">{\"@context\":\"https:\/\/schema.org\",\"@graph\":[{\"@type\":\"Organization\",\"@id\":\"https:\/\/circutor.com\/#organization\",\"name\":\"Circutor\",\"url\":\"https:\/\/circutor.com\/\",\"sameAs\":[\"https:\/\/www.instagram.com\/circutor_es\",\"https:\/\/www.linkedin.com\/company\/circutor\",\"https:\/\/www.youtube.com\/user\/CIRCUTORoficial\",\"https:\/\/www.facebook.com\/CIRCUTOR.ES\",\"https:\/\/twitter.com\/circutor\"],\"logo\":{\"@type\":\"ImageObject\",\"inLanguage\":\"ca\",\"@id\":\"https:\/\/circutor.com\/#\/schema\/logo\/image\/\",\"url\":\"https:\/\/circutor.com\/wp-content\/uploads\/2020\/09\/CIR_LOGO_RED.png\",\"contentUrl\":\"https:\/\/circutor.com\/wp-content\/uploads\/2020\/09\/CIR_LOGO_RED.png\",\"width\":512,\"height\":128,\"caption\":\"Circutor\"},\"image\":{\"@id\":\"https:\/\/circutor.com\/#\/schema\/logo\/image\/\"}},{\"@type\":\"WebSite\",\"@id\":\"https:\/\/circutor.com\/#website\",\"url\":\"https:\/\/circutor.com\/\",\"name\":\"CIRCUTOR\",\"description\":\"Soluciones para la eficiencia energ\u00e9tica el\u00e9ctrica\",\"publisher\":{\"@id\":\"https:\/\/circutor.com\/#organization\"},\"potentialAction\":[{\"@type\":\"SearchAction\",\"target\":{\"@type\":\"EntryPoint\",\"urlTemplate\":\"https:\/\/circutor.com\/?s={search_term_string}\"},\"query-input\":\"required name=search_term_string\"}],\"inLanguage\":\"ca\"},{\"@type\":\"WebPage\",\"@id\":\"https:\/\/circutor.com\/ca\/empresa\/\",\"url\":\"https:\/\/circutor.com\/ca\/empresa\/\",\"name\":\"Empresa - CIRCUTOR\",\"isPartOf\":{\"@id\":\"https:\/\/circutor.com\/#website\"},\"datePublished\":\"2023-04-14T09:48:28+00:00\",\"dateModified\":\"2024-11-14T13:48:26+00:00\",\"breadcrumb\":{\"@id\":\"https:\/\/circutor.com\/ca\/empresa\/#breadcrumb\"},\"inLanguage\":\"ca\",\"potentialAction\":[{\"@type\":\"ReadAction\",\"target\":[\"https:\/\/circutor.com\/ca\/empresa\/\"]}]},{\"@type\":\"BreadcrumbList\",\"@id\":\"https:\/\/circutor.com\/ca\/empresa\/#breadcrumb\",\"itemListElement\":[{\"@type\":\"ListItem\",\"position\":1,\"name\":\"Portada\",\"item\":\"https:\/\/circutor.com\/ca\/\"},{\"@type\":\"ListItem\",\"position\":2,\"name\":\"Empresa\"}]}]}<\/script>\n<!-- \/ Yoast SEO plugin. -->","yoast_head_json":{"title":"Empresa - CIRCUTOR","robots":{"index":"index","follow":"follow","max-snippet":"max-snippet:-1","max-image-preview":"max-image-preview:large","max-video-preview":"max-video-preview:-1"},"canonical":"https:\/\/circutor.com\/ca\/empresa\/","og_locale":"ca_ES","og_type":"article","og_title":"Empresa - CIRCUTOR","og_description":"[vc_row full_width=&#8221;stretch_row&#8221; el_class=&#8221;banner_pagina_texto&#8221; css=&#8221;.vc_custom_1649154052545{background-image: url(https:\/\/circutor.com\/wp-content\/uploads\/2022\/04\/FC_Circutor_2203_2150-1.jpg?id=17875) !important;background-position: center !important;background-repeat: no-repeat !important;background-size: cover !important;}&#8221;][vc_column css=&#8221;.vc_custom_1605620904006{padding-top: 0px !important;}&#8221;][vc_row_inner el_class=&#8221;breadcrumb&#8221;][vc_column_inner][\/vc_column_inner][\/vc_row_inner][vc_row_inner][vc_column_inner width=&#8221;5\/12&#8243;][vc_column_text] Efici\u00e8ncia, el nostre estil de vida A CIRCUTOR desenvolupem solucions integrals per a l&#8217;efici\u00e8ncia energ\u00e8tica aplicables a un gran nombre de sectors: generaci\u00f3, ind\u00fastria, sector terciari i fins i tot dom\u00e8stic. Estem presents de principi a fi.[\/vc_column_text][\/vc_column_inner][vc_column_inner width=&#8221;7\/12&#8243;][\/vc_column_inner][\/vc_row_inner][\/vc_column][\/vc_row][vc_row [&hellip;]","og_url":"https:\/\/circutor.com\/ca\/empresa\/","og_site_name":"CIRCUTOR","article_publisher":"https:\/\/www.facebook.com\/CIRCUTOR.ES","article_modified_time":"2024-11-14T13:48:26+00:00","og_image":[{"width":1299,"height":354,"url":"https:\/\/circutor.com\/wp-content\/uploads\/2022\/07\/Circutor_Logo_Color.png","type":"image\/png"}],"twitter_card":"summary_large_image","twitter_site":"@circutor","twitter_misc":{"Temps estimat de lectura":"1 minut"},"schema":{"@context":"https:\/\/schema.org","@graph":[{"@type":"Organization","@id":"https:\/\/circutor.com\/#organization","name":"Circutor","url":"https:\/\/circutor.com\/","sameAs":["https:\/\/www.instagram.com\/circutor_es","https:\/\/www.linkedin.com\/company\/circutor","https:\/\/www.youtube.com\/user\/CIRCUTORoficial","https:\/\/www.facebook.com\/CIRCUTOR.ES","https:\/\/twitter.com\/circutor"],"logo":{"@type":"ImageObject","inLanguage":"ca","@id":"https:\/\/circutor.com\/#\/schema\/logo\/image\/","url":"https:\/\/circutor.com\/wp-content\/uploads\/2020\/09\/CIR_LOGO_RED.png","contentUrl":"https:\/\/circutor.com\/wp-content\/uploads\/2020\/09\/CIR_LOGO_RED.png","width":512,"height":128,"caption":"Circutor"},"image":{"@id":"https:\/\/circutor.com\/#\/schema\/logo\/image\/"}},{"@type":"WebSite","@id":"https:\/\/circutor.com\/#website","url":"https:\/\/circutor.com\/","name":"CIRCUTOR","description":"Soluciones para la eficiencia energ\u00e9tica el\u00e9ctrica","publisher":{"@id":"https:\/\/circutor.com\/#organization"},"potentialAction":[{"@type":"SearchAction","target":{"@type":"EntryPoint","urlTemplate":"https:\/\/circutor.com\/?s={search_term_string}"},"query-input":"required name=search_term_string"}],"inLanguage":"ca"},{"@type":"WebPage","@id":"https:\/\/circutor.com\/ca\/empresa\/","url":"https:\/\/circutor.com\/ca\/empresa\/","name":"Empresa - CIRCUTOR","isPartOf":{"@id":"https:\/\/circutor.com\/#website"},"datePublished":"2023-04-14T09:48:28+00:00","dateModified":"2024-11-14T13:48:26+00:00","breadcrumb":{"@id":"https:\/\/circutor.com\/ca\/empresa\/#breadcrumb"},"inLanguage":"ca","potentialAction":[{"@type":"ReadAction","target":["https:\/\/circutor.com\/ca\/empresa\/"]}]},{"@type":"BreadcrumbList","@id":"https:\/\/circutor.com\/ca\/empresa\/#breadcrumb","itemListElement":[{"@type":"ListItem","position":1,"name":"Portada","item":"https:\/\/circutor.com\/ca\/"},{"@type":"ListItem","position":2,"name":"Empresa"}]}]}},"_links":{"self":[{"href":"https:\/\/circutor.com\/ca\/wp-json\/wp\/v2\/pages\/26997"}],"collection":[{"href":"https:\/\/circutor.com\/ca\/wp-json\/wp\/v2\/pages"}],"about":[{"href":"https:\/\/circutor.com\/ca\/wp-json\/wp\/v2\/types\/page"}],"author":[{"embeddable":true,"href":"https:\/\/circutor.com\/ca\/wp-json\/wp\/v2\/users\/3"}],"replies":[{"embeddable":true,"href":"https:\/\/circutor.com\/ca\/wp-json\/wp\/v2\/comments?post=26997"}],"version-history":[{"count":1,"href":"https:\/\/circutor.com\/ca\/wp-json\/wp\/v2\/pages\/26997\/revisions"}],"predecessor-version":[{"id":52623,"href":"https:\/\/circutor.com\/ca\/wp-json\/wp\/v2\/pages\/26997\/revisions\/52623"}],"wp:attachment":[{"href":"https:\/\/circutor.com\/ca\/wp-json\/wp\/v2\/media?parent=26997"}],"curies":[{"name":"wp","href":"https:\/\/api.w.org\/{rel}","templated":true}]}}